{"id":7755,"date":"2025-08-22T02:17:56","date_gmt":"2025-08-22T02:17:56","guid":{"rendered":"https:\/\/okseamless.com\/?post_type=product&#038;p=7755"},"modified":"2025-08-22T02:17:57","modified_gmt":"2025-08-22T02:17:57","slug":"bralettes-for-women-padded-sports-bras-for-women","status":"publish","type":"product","link":"https:\/\/okseamless.com\/pt\/produto\/bralettes-for-women-padded-sports-bras-for-women\/","title":{"rendered":"Bralettes para mulheres acolchoados, suti\u00e3s de desporto para mulheres"},"content":{"rendered":"","protected":false},"excerpt":{"rendered":"<p>Modelo n.\u00ba:AM037<\/p>\n<p><strong><b>Carater\u00edstica<\/b><\/strong><\/p>\n<ul>\n<li>Anti-bacteriano, respir\u00e1vel, amigo do ambiente<\/li>\n<li>G\u00e9nero:Mulher<\/li>\n<li>Servi\u00e7o:Servi\u00e7o ODM OEM<\/li>\n<li>Log\u00f3tipo:Impress\u00e3o de log\u00f3tipo personalizado<\/li>\n<li>Cor:Cor personalizada<\/li>\n<li>Tamanho:Tamanho personalizado<\/li>\n<li>Amostra:Fornecer amostra<\/li>\n<\/ul>\n<p><strong><b>Material:<\/b><\/strong>Nylon \/ Spandex<\/p>","protected":false},"featured_media":7758,"template":"","meta":[],"product_brand":[],"product_cat":[35],"product_tag":[],"class_list":{"0":"post-7755","1":"product","2":"type-product","3":"status-publish","4":"has-post-thumbnail","6":"product_cat-womens-tops","8":"first","9":"instock","10":"shipping-taxable","11":"product-type-simple"},"yoast_head":"<!-- This site is optimized with the Yoast SEO plugin v27.4 - https:\/\/yoast.com\/product\/yoast-seo-wordpress\/ -->\n<title>Bralettes for Women Padded, Sports Bras for Women - Custom Seamless Shapewear and Yoga Wear Manufacturer in China<\/title>\n<meta name=\"robots\" content=\"index, follow, max-snippet:-1, max-image-preview:large, max-video-preview:-1\" \/>\n<link rel=\"canonical\" href=\"https:\/\/okseamless.com\/pt\/produto\/bralettes-for-women-padded-sports-bras-for-women\/\" \/>\n<meta property=\"og:locale\" content=\"pt_PT\" \/>\n<meta property=\"og:type\" content=\"article\" \/>\n<meta property=\"og:title\" content=\"Bralettes for Women Padded, Sports Bras for Women - Custom Seamless Shapewear and Yoga Wear Manufacturer in China\" \/>\n<meta property=\"og:description\" content=\"Model No:AM037  Feature   Anti-Bacterial, Breathable, Eco-Friendly  Gender:Women  Service:ODM OEM Service  Logo:Customized Logo Printing  Color:Customized Color  Size:Custom Size  Sample:Provide Sample  Material:Nylon\u00a0\/ Spandex\" \/>\n<meta property=\"og:url\" content=\"https:\/\/okseamless.com\/pt\/produto\/bralettes-for-women-padded-sports-bras-for-women\/\" \/>\n<meta property=\"og:site_name\" content=\"Custom Seamless Shapewear and Yoga Wear Manufacturer in China\" \/>\n<meta property=\"article:publisher\" content=\"https:\/\/www.facebook.com\/share\/1TH24JnBgY\/?mibextid=wwXIfr\" \/>\n<meta property=\"article:modified_time\" content=\"2025-08-22T02:17:57+00:00\" \/>\n<meta property=\"og:image\" content=\"https:\/\/okseamless.com\/wp-content\/uploads\/2025\/08\/61wpl99XJ9L.jpg\" \/>\n\t<meta property=\"og:image:width\" content=\"1267\" \/>\n\t<meta property=\"og:image:height\" content=\"1267\" \/>\n\t<meta property=\"og:image:type\" content=\"image\/jpeg\" \/>\n<meta name=\"twitter:card\" content=\"summary_large_image\" \/>\n<meta name=\"twitter:label1\" content=\"Tempo estimado de leitura\" \/>\n\t<meta name=\"twitter:data1\" content=\"1 minuto\" \/>\n<script type=\"application\/ld+json\" class=\"yoast-schema-graph\">{\"@context\":\"https:\\\/\\\/schema.org\",\"@graph\":[{\"@type\":\"WebPage\",\"@id\":\"https:\\\/\\\/okseamless.com\\\/product\\\/bralettes-for-women-padded-sports-bras-for-women\\\/\",\"url\":\"https:\\\/\\\/okseamless.com\\\/product\\\/bralettes-for-women-padded-sports-bras-for-women\\\/\",\"name\":\"Bralettes for Women Padded, Sports Bras for Women - Custom Seamless Shapewear and Yoga Wear Manufacturer in China\",\"isPartOf\":{\"@id\":\"https:\\\/\\\/www.okseamless.com\\\/pt\\\/#website\"},\"primaryImageOfPage\":{\"@id\":\"https:\\\/\\\/okseamless.com\\\/product\\\/bralettes-for-women-padded-sports-bras-for-women\\\/#primaryimage\"},\"image\":{\"@id\":\"https:\\\/\\\/okseamless.com\\\/product\\\/bralettes-for-women-padded-sports-bras-for-women\\\/#primaryimage\"},\"thumbnailUrl\":\"https:\\\/\\\/okseamless.com\\\/wp-content\\\/uploads\\\/2025\\\/08\\\/61wpl99XJ9L.jpg\",\"datePublished\":\"2025-08-22T02:17:56+00:00\",\"dateModified\":\"2025-08-22T02:17:57+00:00\",\"breadcrumb\":{\"@id\":\"https:\\\/\\\/okseamless.com\\\/product\\\/bralettes-for-women-padded-sports-bras-for-women\\\/#breadcrumb\"},\"inLanguage\":\"pt-PT\",\"potentialAction\":[{\"@type\":\"ReadAction\",\"target\":[\"https:\\\/\\\/okseamless.com\\\/product\\\/bralettes-for-women-padded-sports-bras-for-women\\\/\"]}]},{\"@type\":\"ImageObject\",\"inLanguage\":\"pt-PT\",\"@id\":\"https:\\\/\\\/okseamless.com\\\/product\\\/bralettes-for-women-padded-sports-bras-for-women\\\/#primaryimage\",\"url\":\"https:\\\/\\\/okseamless.com\\\/wp-content\\\/uploads\\\/2025\\\/08\\\/61wpl99XJ9L.jpg\",\"contentUrl\":\"https:\\\/\\\/okseamless.com\\\/wp-content\\\/uploads\\\/2025\\\/08\\\/61wpl99XJ9L.jpg\",\"width\":1267,\"height\":1267},{\"@type\":\"BreadcrumbList\",\"@id\":\"https:\\\/\\\/okseamless.com\\\/product\\\/bralettes-for-women-padded-sports-bras-for-women\\\/#breadcrumb\",\"itemListElement\":[{\"@type\":\"ListItem\",\"position\":1,\"name\":\"\u9996\u9875\",\"item\":\"https:\\\/\\\/okseamless.com\\\/\"},{\"@type\":\"ListItem\",\"position\":2,\"name\":\"Produtos\",\"item\":\"https:\\\/\\\/www.okseamless.com\\\/pt\\\/shop\\\/\"},{\"@type\":\"ListItem\",\"position\":3,\"name\":\"Bralettes for Women Padded, Sports Bras for Women\"}]},{\"@type\":\"WebSite\",\"@id\":\"https:\\\/\\\/www.okseamless.com\\\/pt\\\/#website\",\"url\":\"https:\\\/\\\/www.okseamless.com\\\/pt\\\/\",\"name\":\"Custom Seamless Shapewear and Yoga Wear Manufacturer in China\",\"description\":\"\",\"publisher\":{\"@id\":\"https:\\\/\\\/www.okseamless.com\\\/pt\\\/#organization\"},\"potentialAction\":[{\"@type\":\"SearchAction\",\"target\":{\"@type\":\"EntryPoint\",\"urlTemplate\":\"https:\\\/\\\/www.okseamless.com\\\/pt\\\/?s={search_term_string}\"},\"query-input\":{\"@type\":\"PropertyValueSpecification\",\"valueRequired\":true,\"valueName\":\"search_term_string\"}}],\"inLanguage\":\"pt-PT\"},{\"@type\":\"Organization\",\"@id\":\"https:\\\/\\\/www.okseamless.com\\\/pt\\\/#organization\",\"name\":\"Custom Seamless Shapewear and Yoga Wear Manufacturer in China\",\"url\":\"https:\\\/\\\/www.okseamless.com\\\/pt\\\/\",\"logo\":{\"@type\":\"ImageObject\",\"inLanguage\":\"pt-PT\",\"@id\":\"https:\\\/\\\/www.okseamless.com\\\/pt\\\/#\\\/schema\\\/logo\\\/image\\\/\",\"url\":\"https:\\\/\\\/okseamless.com\\\/wp-content\\\/uploads\\\/2025\\\/03\\\/LOGO.png\",\"contentUrl\":\"https:\\\/\\\/okseamless.com\\\/wp-content\\\/uploads\\\/2025\\\/03\\\/LOGO.png\",\"width\":685,\"height\":218,\"caption\":\"Custom Seamless Shapewear and Yoga Wear Manufacturer in China\"},\"image\":{\"@id\":\"https:\\\/\\\/www.okseamless.com\\\/pt\\\/#\\\/schema\\\/logo\\\/image\\\/\"},\"sameAs\":[\"https:\\\/\\\/www.facebook.com\\\/share\\\/1TH24JnBgY\\\/?mibextid=wwXIfr\"]}]}<\/script>\n<!-- \/ Yoast SEO plugin. -->","yoast_head_json":{"title":"Bralettes for Women Padded, Sports Bras for Women - Custom Seamless Shapewear and Yoga Wear Manufacturer in China","robots":{"index":"index","follow":"follow","max-snippet":"max-snippet:-1","max-image-preview":"max-image-preview:large","max-video-preview":"max-video-preview:-1"},"canonical":"https:\/\/okseamless.com\/pt\/produto\/bralettes-for-women-padded-sports-bras-for-women\/","og_locale":"pt_PT","og_type":"article","og_title":"Bralettes for Women Padded, Sports Bras for Women - Custom Seamless Shapewear and Yoga Wear Manufacturer in China","og_description":"Model No:AM037  Feature   Anti-Bacterial, Breathable, Eco-Friendly  Gender:Women  Service:ODM OEM Service  Logo:Customized Logo Printing  Color:Customized Color  Size:Custom Size  Sample:Provide Sample  Material:Nylon\u00a0\/ Spandex","og_url":"https:\/\/okseamless.com\/pt\/produto\/bralettes-for-women-padded-sports-bras-for-women\/","og_site_name":"Custom Seamless Shapewear and Yoga Wear Manufacturer in China","article_publisher":"https:\/\/www.facebook.com\/share\/1TH24JnBgY\/?mibextid=wwXIfr","article_modified_time":"2025-08-22T02:17:57+00:00","og_image":[{"width":1267,"height":1267,"url":"https:\/\/okseamless.com\/wp-content\/uploads\/2025\/08\/61wpl99XJ9L.jpg","type":"image\/jpeg"}],"twitter_card":"summary_large_image","twitter_misc":{"Tempo estimado de leitura":"1 minuto"},"schema":{"@context":"https:\/\/schema.org","@graph":[{"@type":"WebPage","@id":"https:\/\/okseamless.com\/product\/bralettes-for-women-padded-sports-bras-for-women\/","url":"https:\/\/okseamless.com\/product\/bralettes-for-women-padded-sports-bras-for-women\/","name":"Bralettes for Women Padded, Sports Bras for Women - Custom Seamless Shapewear and Yoga Wear Manufacturer in China","isPartOf":{"@id":"https:\/\/www.okseamless.com\/pt\/#website"},"primaryImageOfPage":{"@id":"https:\/\/okseamless.com\/product\/bralettes-for-women-padded-sports-bras-for-women\/#primaryimage"},"image":{"@id":"https:\/\/okseamless.com\/product\/bralettes-for-women-padded-sports-bras-for-women\/#primaryimage"},"thumbnailUrl":"https:\/\/okseamless.com\/wp-content\/uploads\/2025\/08\/61wpl99XJ9L.jpg","datePublished":"2025-08-22T02:17:56+00:00","dateModified":"2025-08-22T02:17:57+00:00","breadcrumb":{"@id":"https:\/\/okseamless.com\/product\/bralettes-for-women-padded-sports-bras-for-women\/#breadcrumb"},"inLanguage":"pt-PT","potentialAction":[{"@type":"ReadAction","target":["https:\/\/okseamless.com\/product\/bralettes-for-women-padded-sports-bras-for-women\/"]}]},{"@type":"ImageObject","inLanguage":"pt-PT","@id":"https:\/\/okseamless.com\/product\/bralettes-for-women-padded-sports-bras-for-women\/#primaryimage","url":"https:\/\/okseamless.com\/wp-content\/uploads\/2025\/08\/61wpl99XJ9L.jpg","contentUrl":"https:\/\/okseamless.com\/wp-content\/uploads\/2025\/08\/61wpl99XJ9L.jpg","width":1267,"height":1267},{"@type":"BreadcrumbList","@id":"https:\/\/okseamless.com\/product\/bralettes-for-women-padded-sports-bras-for-women\/#breadcrumb","itemListElement":[{"@type":"ListItem","position":1,"name":"\u9996\u9875","item":"https:\/\/okseamless.com\/"},{"@type":"ListItem","position":2,"name":"Produtos","item":"https:\/\/www.okseamless.com\/pt\/shop\/"},{"@type":"ListItem","position":3,"name":"Bralettes for Women Padded, Sports Bras for Women"}]},{"@type":"WebSite","@id":"https:\/\/www.okseamless.com\/pt\/#website","url":"https:\/\/www.okseamless.com\/pt\/","name":"Custom Seamless Shapewear and Yoga Wear Manufacturer in China","description":"","publisher":{"@id":"https:\/\/www.okseamless.com\/pt\/#organization"},"potentialAction":[{"@type":"SearchAction","target":{"@type":"EntryPoint","urlTemplate":"https:\/\/www.okseamless.com\/pt\/?s={search_term_string}"},"query-input":{"@type":"PropertyValueSpecification","valueRequired":true,"valueName":"search_term_string"}}],"inLanguage":"pt-PT"},{"@type":"Organization","@id":"https:\/\/www.okseamless.com\/pt\/#organization","name":"Custom Seamless Shapewear and Yoga Wear Manufacturer in China","url":"https:\/\/www.okseamless.com\/pt\/","logo":{"@type":"ImageObject","inLanguage":"pt-PT","@id":"https:\/\/www.okseamless.com\/pt\/#\/schema\/logo\/image\/","url":"https:\/\/okseamless.com\/wp-content\/uploads\/2025\/03\/LOGO.png","contentUrl":"https:\/\/okseamless.com\/wp-content\/uploads\/2025\/03\/LOGO.png","width":685,"height":218,"caption":"Custom Seamless Shapewear and Yoga Wear Manufacturer in China"},"image":{"@id":"https:\/\/www.okseamless.com\/pt\/#\/schema\/logo\/image\/"},"sameAs":["https:\/\/www.facebook.com\/share\/1TH24JnBgY\/?mibextid=wwXIfr"]}]}},"_links":{"self":[{"href":"https:\/\/okseamless.com\/pt\/wp-json\/wp\/v2\/product\/7755","targetHints":{"allow":["GET"]}}],"collection":[{"href":"https:\/\/okseamless.com\/pt\/wp-json\/wp\/v2\/product"}],"about":[{"href":"https:\/\/okseamless.com\/pt\/wp-json\/wp\/v2\/types\/product"}],"wp:featuredmedia":[{"embeddable":true,"href":"https:\/\/okseamless.com\/pt\/wp-json\/wp\/v2\/media\/7758"}],"wp:attachment":[{"href":"https:\/\/okseamless.com\/pt\/wp-json\/wp\/v2\/media?parent=7755"}],"wp:term":[{"taxonomy":"product_brand","embeddable":true,"href":"https:\/\/okseamless.com\/pt\/wp-json\/wp\/v2\/product_brand?post=7755"},{"taxonomy":"product_cat","embeddable":true,"href":"https:\/\/okseamless.com\/pt\/wp-json\/wp\/v2\/product_cat?post=7755"},{"taxonomy":"product_tag","embeddable":true,"href":"https:\/\/okseamless.com\/pt\/wp-json\/wp\/v2\/product_tag?post=7755"}],"curies":[{"name":"wp","href":"https:\/\/api.w.org\/{rel}","templated":true}]}}