{"id":6926,"date":"2025-05-04T07:07:20","date_gmt":"2025-05-04T07:07:20","guid":{"rendered":"https:\/\/okseamless.com\/?post_type=product&#038;p=6926"},"modified":"2025-05-04T07:07:20","modified_gmt":"2025-05-04T07:07:20","slug":"maternity-womens-stretch-full-length-leggings-maternity-yoga-pants-over-the-belly-pregnancy-tights-workout-leggings","status":"publish","type":"product","link":"https:\/\/okseamless.com\/pt\/produto\/maternity-womens-stretch-full-length-leggings-maternity-yoga-pants-over-the-belly-pregnancy-tights-workout-leggings\/","title":{"rendered":"Leggings de maternidade para mulheres Cal\u00e7as de ioga de maternidade Cal\u00e7as de ioga sobre a barriga Cal\u00e7as justas de gravidez para treino"},"content":{"rendered":"","protected":false},"excerpt":{"rendered":"<p>Model No:MM007<\/p>\n<p><strong><b>Carater\u00edstica<\/b><\/strong><\/p>\n<ul>\n<li>Respir\u00e1vel, amigo do ambiente<\/li>\n<li>M\u00e9todo de tecelagem: malha<\/li>\n<li>Servi\u00e7o:Servi\u00e7o ODM OEM<\/li>\n<li>Log\u00f3tipo:Impress\u00e3o de log\u00f3tipo personalizado<\/li>\n<li>Cor:Cor personalizada<\/li>\n<li>Tamanho:Tamanho personalizado<\/li>\n<li>Amostra:Fornecer amostra<\/li>\n<\/ul>\n<p><strong><b>Material:<\/b><\/strong>Elastano \/ Nylon<\/p>","protected":false},"featured_media":6928,"template":"","meta":[],"product_brand":[],"product_cat":[55],"product_tag":[],"class_list":{"0":"post-6926","1":"product","2":"type-product","3":"status-publish","4":"has-post-thumbnail","6":"product_cat-maternity-clothes","8":"first","9":"instock","10":"shipping-taxable","11":"product-type-simple"},"yoast_head":"<!-- This site is optimized with the Yoast SEO plugin v27.4 - https:\/\/yoast.com\/product\/yoast-seo-wordpress\/ -->\n<title>Maternity Women&#039;s Stretch Full Length Leggings Maternity Yoga Pants Over The Belly Pregnancy Tights Workout Leggings - Custom Seamless Shapewear and Yoga Wear Manufacturer in China<\/title>\n<meta name=\"robots\" content=\"index, follow, max-snippet:-1, max-image-preview:large, max-video-preview:-1\" \/>\n<link rel=\"canonical\" href=\"https:\/\/okseamless.com\/pt\/produto\/maternity-womens-stretch-full-length-leggings-maternity-yoga-pants-over-the-belly-pregnancy-tights-workout-leggings\/\" \/>\n<meta property=\"og:locale\" content=\"pt_PT\" \/>\n<meta property=\"og:type\" content=\"article\" \/>\n<meta property=\"og:title\" content=\"Maternity Women&#039;s Stretch Full Length Leggings Maternity Yoga Pants Over The Belly Pregnancy Tights Workout Leggings - Custom Seamless Shapewear and Yoga Wear Manufacturer in China\" \/>\n<meta property=\"og:description\" content=\"Model No:MM007  Feature   Breathable, Eco-Friendly  Weaving method:knitted  Service:ODM OEM Service  Logo:Customized Logo Printing  Color:Customized Color  Size:Custom Size  Sample:Provide Sample  Material:Spandex \/ Nylon\" \/>\n<meta property=\"og:url\" content=\"https:\/\/okseamless.com\/pt\/produto\/maternity-womens-stretch-full-length-leggings-maternity-yoga-pants-over-the-belly-pregnancy-tights-workout-leggings\/\" \/>\n<meta property=\"og:site_name\" content=\"Custom Seamless Shapewear and Yoga Wear Manufacturer in China\" \/>\n<meta property=\"article:publisher\" content=\"https:\/\/www.facebook.com\/share\/1TH24JnBgY\/?mibextid=wwXIfr\" \/>\n<meta property=\"og:image\" content=\"https:\/\/okseamless.com\/wp-content\/uploads\/2025\/05\/5173FOEjWML._AC_SX569_.jpg\" \/>\n\t<meta property=\"og:image:width\" content=\"930\" \/>\n\t<meta property=\"og:image:height\" content=\"930\" \/>\n\t<meta property=\"og:image:type\" content=\"image\/jpeg\" \/>\n<meta name=\"twitter:card\" content=\"summary_large_image\" \/>\n<meta name=\"twitter:label1\" content=\"Tempo estimado de leitura\" \/>\n\t<meta name=\"twitter:data1\" content=\"1 minuto\" \/>\n<script type=\"application\/ld+json\" class=\"yoast-schema-graph\">{\"@context\":\"https:\\\/\\\/schema.org\",\"@graph\":[{\"@type\":\"WebPage\",\"@id\":\"https:\\\/\\\/okseamless.com\\\/product\\\/maternity-womens-stretch-full-length-leggings-maternity-yoga-pants-over-the-belly-pregnancy-tights-workout-leggings\\\/\",\"url\":\"https:\\\/\\\/okseamless.com\\\/product\\\/maternity-womens-stretch-full-length-leggings-maternity-yoga-pants-over-the-belly-pregnancy-tights-workout-leggings\\\/\",\"name\":\"Maternity Women's Stretch Full Length Leggings Maternity Yoga Pants Over The Belly Pregnancy Tights Workout Leggings - Custom Seamless Shapewear and Yoga Wear Manufacturer in China\",\"isPartOf\":{\"@id\":\"https:\\\/\\\/www.okseamless.com\\\/pt\\\/#website\"},\"primaryImageOfPage\":{\"@id\":\"https:\\\/\\\/okseamless.com\\\/product\\\/maternity-womens-stretch-full-length-leggings-maternity-yoga-pants-over-the-belly-pregnancy-tights-workout-leggings\\\/#primaryimage\"},\"image\":{\"@id\":\"https:\\\/\\\/okseamless.com\\\/product\\\/maternity-womens-stretch-full-length-leggings-maternity-yoga-pants-over-the-belly-pregnancy-tights-workout-leggings\\\/#primaryimage\"},\"thumbnailUrl\":\"https:\\\/\\\/okseamless.com\\\/wp-content\\\/uploads\\\/2025\\\/05\\\/5173FOEjWML._AC_SX569_.jpg\",\"datePublished\":\"2025-05-04T07:07:20+00:00\",\"breadcrumb\":{\"@id\":\"https:\\\/\\\/okseamless.com\\\/product\\\/maternity-womens-stretch-full-length-leggings-maternity-yoga-pants-over-the-belly-pregnancy-tights-workout-leggings\\\/#breadcrumb\"},\"inLanguage\":\"pt-PT\",\"potentialAction\":[{\"@type\":\"ReadAction\",\"target\":[\"https:\\\/\\\/okseamless.com\\\/product\\\/maternity-womens-stretch-full-length-leggings-maternity-yoga-pants-over-the-belly-pregnancy-tights-workout-leggings\\\/\"]}]},{\"@type\":\"ImageObject\",\"inLanguage\":\"pt-PT\",\"@id\":\"https:\\\/\\\/okseamless.com\\\/product\\\/maternity-womens-stretch-full-length-leggings-maternity-yoga-pants-over-the-belly-pregnancy-tights-workout-leggings\\\/#primaryimage\",\"url\":\"https:\\\/\\\/okseamless.com\\\/wp-content\\\/uploads\\\/2025\\\/05\\\/5173FOEjWML._AC_SX569_.jpg\",\"contentUrl\":\"https:\\\/\\\/okseamless.com\\\/wp-content\\\/uploads\\\/2025\\\/05\\\/5173FOEjWML._AC_SX569_.jpg\",\"width\":930,\"height\":930},{\"@type\":\"BreadcrumbList\",\"@id\":\"https:\\\/\\\/okseamless.com\\\/product\\\/maternity-womens-stretch-full-length-leggings-maternity-yoga-pants-over-the-belly-pregnancy-tights-workout-leggings\\\/#breadcrumb\",\"itemListElement\":[{\"@type\":\"ListItem\",\"position\":1,\"name\":\"\u9996\u9875\",\"item\":\"https:\\\/\\\/okseamless.com\\\/\"},{\"@type\":\"ListItem\",\"position\":2,\"name\":\"Produtos\",\"item\":\"https:\\\/\\\/www.okseamless.com\\\/pt\\\/shop\\\/\"},{\"@type\":\"ListItem\",\"position\":3,\"name\":\"Maternity Women&#8217;s Stretch Full Length Leggings Maternity Yoga Pants Over The Belly Pregnancy Tights Workout Leggings\"}]},{\"@type\":\"WebSite\",\"@id\":\"https:\\\/\\\/www.okseamless.com\\\/pt\\\/#website\",\"url\":\"https:\\\/\\\/www.okseamless.com\\\/pt\\\/\",\"name\":\"Custom Seamless Shapewear and Yoga Wear Manufacturer in China\",\"description\":\"\",\"publisher\":{\"@id\":\"https:\\\/\\\/www.okseamless.com\\\/pt\\\/#organization\"},\"potentialAction\":[{\"@type\":\"SearchAction\",\"target\":{\"@type\":\"EntryPoint\",\"urlTemplate\":\"https:\\\/\\\/www.okseamless.com\\\/pt\\\/?s={search_term_string}\"},\"query-input\":{\"@type\":\"PropertyValueSpecification\",\"valueRequired\":true,\"valueName\":\"search_term_string\"}}],\"inLanguage\":\"pt-PT\"},{\"@type\":\"Organization\",\"@id\":\"https:\\\/\\\/www.okseamless.com\\\/pt\\\/#organization\",\"name\":\"Custom Seamless Shapewear and Yoga Wear Manufacturer in China\",\"url\":\"https:\\\/\\\/www.okseamless.com\\\/pt\\\/\",\"logo\":{\"@type\":\"ImageObject\",\"inLanguage\":\"pt-PT\",\"@id\":\"https:\\\/\\\/www.okseamless.com\\\/pt\\\/#\\\/schema\\\/logo\\\/image\\\/\",\"url\":\"https:\\\/\\\/okseamless.com\\\/wp-content\\\/uploads\\\/2025\\\/03\\\/LOGO.png\",\"contentUrl\":\"https:\\\/\\\/okseamless.com\\\/wp-content\\\/uploads\\\/2025\\\/03\\\/LOGO.png\",\"width\":685,\"height\":218,\"caption\":\"Custom Seamless Shapewear and Yoga Wear Manufacturer in China\"},\"image\":{\"@id\":\"https:\\\/\\\/www.okseamless.com\\\/pt\\\/#\\\/schema\\\/logo\\\/image\\\/\"},\"sameAs\":[\"https:\\\/\\\/www.facebook.com\\\/share\\\/1TH24JnBgY\\\/?mibextid=wwXIfr\"]}]}<\/script>\n<!-- \/ Yoast SEO plugin. -->","yoast_head_json":{"title":"Maternity Women's Stretch Full Length Leggings Maternity Yoga Pants Over The Belly Pregnancy Tights Workout Leggings - Custom Seamless Shapewear and Yoga Wear Manufacturer in China","robots":{"index":"index","follow":"follow","max-snippet":"max-snippet:-1","max-image-preview":"max-image-preview:large","max-video-preview":"max-video-preview:-1"},"canonical":"https:\/\/okseamless.com\/pt\/produto\/maternity-womens-stretch-full-length-leggings-maternity-yoga-pants-over-the-belly-pregnancy-tights-workout-leggings\/","og_locale":"pt_PT","og_type":"article","og_title":"Maternity Women's Stretch Full Length Leggings Maternity Yoga Pants Over The Belly Pregnancy Tights Workout Leggings - Custom Seamless Shapewear and Yoga Wear Manufacturer in China","og_description":"Model No:MM007  Feature   Breathable, Eco-Friendly  Weaving method:knitted  Service:ODM OEM Service  Logo:Customized Logo Printing  Color:Customized Color  Size:Custom Size  Sample:Provide Sample  Material:Spandex \/ Nylon","og_url":"https:\/\/okseamless.com\/pt\/produto\/maternity-womens-stretch-full-length-leggings-maternity-yoga-pants-over-the-belly-pregnancy-tights-workout-leggings\/","og_site_name":"Custom Seamless Shapewear and Yoga Wear Manufacturer in China","article_publisher":"https:\/\/www.facebook.com\/share\/1TH24JnBgY\/?mibextid=wwXIfr","og_image":[{"width":930,"height":930,"url":"https:\/\/okseamless.com\/wp-content\/uploads\/2025\/05\/5173FOEjWML._AC_SX569_.jpg","type":"image\/jpeg"}],"twitter_card":"summary_large_image","twitter_misc":{"Tempo estimado de leitura":"1 minuto"},"schema":{"@context":"https:\/\/schema.org","@graph":[{"@type":"WebPage","@id":"https:\/\/okseamless.com\/product\/maternity-womens-stretch-full-length-leggings-maternity-yoga-pants-over-the-belly-pregnancy-tights-workout-leggings\/","url":"https:\/\/okseamless.com\/product\/maternity-womens-stretch-full-length-leggings-maternity-yoga-pants-over-the-belly-pregnancy-tights-workout-leggings\/","name":"Maternity Women's Stretch Full Length Leggings Maternity Yoga Pants Over The Belly Pregnancy Tights Workout Leggings - Custom Seamless Shapewear and Yoga Wear Manufacturer in China","isPartOf":{"@id":"https:\/\/www.okseamless.com\/pt\/#website"},"primaryImageOfPage":{"@id":"https:\/\/okseamless.com\/product\/maternity-womens-stretch-full-length-leggings-maternity-yoga-pants-over-the-belly-pregnancy-tights-workout-leggings\/#primaryimage"},"image":{"@id":"https:\/\/okseamless.com\/product\/maternity-womens-stretch-full-length-leggings-maternity-yoga-pants-over-the-belly-pregnancy-tights-workout-leggings\/#primaryimage"},"thumbnailUrl":"https:\/\/okseamless.com\/wp-content\/uploads\/2025\/05\/5173FOEjWML._AC_SX569_.jpg","datePublished":"2025-05-04T07:07:20+00:00","breadcrumb":{"@id":"https:\/\/okseamless.com\/product\/maternity-womens-stretch-full-length-leggings-maternity-yoga-pants-over-the-belly-pregnancy-tights-workout-leggings\/#breadcrumb"},"inLanguage":"pt-PT","potentialAction":[{"@type":"ReadAction","target":["https:\/\/okseamless.com\/product\/maternity-womens-stretch-full-length-leggings-maternity-yoga-pants-over-the-belly-pregnancy-tights-workout-leggings\/"]}]},{"@type":"ImageObject","inLanguage":"pt-PT","@id":"https:\/\/okseamless.com\/product\/maternity-womens-stretch-full-length-leggings-maternity-yoga-pants-over-the-belly-pregnancy-tights-workout-leggings\/#primaryimage","url":"https:\/\/okseamless.com\/wp-content\/uploads\/2025\/05\/5173FOEjWML._AC_SX569_.jpg","contentUrl":"https:\/\/okseamless.com\/wp-content\/uploads\/2025\/05\/5173FOEjWML._AC_SX569_.jpg","width":930,"height":930},{"@type":"BreadcrumbList","@id":"https:\/\/okseamless.com\/product\/maternity-womens-stretch-full-length-leggings-maternity-yoga-pants-over-the-belly-pregnancy-tights-workout-leggings\/#breadcrumb","itemListElement":[{"@type":"ListItem","position":1,"name":"\u9996\u9875","item":"https:\/\/okseamless.com\/"},{"@type":"ListItem","position":2,"name":"Produtos","item":"https:\/\/www.okseamless.com\/pt\/shop\/"},{"@type":"ListItem","position":3,"name":"Maternity Women&#8217;s Stretch Full Length Leggings Maternity Yoga Pants Over The Belly Pregnancy Tights Workout Leggings"}]},{"@type":"WebSite","@id":"https:\/\/www.okseamless.com\/pt\/#website","url":"https:\/\/www.okseamless.com\/pt\/","name":"Custom Seamless Shapewear and Yoga Wear Manufacturer in China","description":"","publisher":{"@id":"https:\/\/www.okseamless.com\/pt\/#organization"},"potentialAction":[{"@type":"SearchAction","target":{"@type":"EntryPoint","urlTemplate":"https:\/\/www.okseamless.com\/pt\/?s={search_term_string}"},"query-input":{"@type":"PropertyValueSpecification","valueRequired":true,"valueName":"search_term_string"}}],"inLanguage":"pt-PT"},{"@type":"Organization","@id":"https:\/\/www.okseamless.com\/pt\/#organization","name":"Custom Seamless Shapewear and Yoga Wear Manufacturer in China","url":"https:\/\/www.okseamless.com\/pt\/","logo":{"@type":"ImageObject","inLanguage":"pt-PT","@id":"https:\/\/www.okseamless.com\/pt\/#\/schema\/logo\/image\/","url":"https:\/\/okseamless.com\/wp-content\/uploads\/2025\/03\/LOGO.png","contentUrl":"https:\/\/okseamless.com\/wp-content\/uploads\/2025\/03\/LOGO.png","width":685,"height":218,"caption":"Custom Seamless Shapewear and Yoga Wear Manufacturer in China"},"image":{"@id":"https:\/\/www.okseamless.com\/pt\/#\/schema\/logo\/image\/"},"sameAs":["https:\/\/www.facebook.com\/share\/1TH24JnBgY\/?mibextid=wwXIfr"]}]}},"_links":{"self":[{"href":"https:\/\/okseamless.com\/pt\/wp-json\/wp\/v2\/product\/6926","targetHints":{"allow":["GET"]}}],"collection":[{"href":"https:\/\/okseamless.com\/pt\/wp-json\/wp\/v2\/product"}],"about":[{"href":"https:\/\/okseamless.com\/pt\/wp-json\/wp\/v2\/types\/product"}],"wp:featuredmedia":[{"embeddable":true,"href":"https:\/\/okseamless.com\/pt\/wp-json\/wp\/v2\/media\/6928"}],"wp:attachment":[{"href":"https:\/\/okseamless.com\/pt\/wp-json\/wp\/v2\/media?parent=6926"}],"wp:term":[{"taxonomy":"product_brand","embeddable":true,"href":"https:\/\/okseamless.com\/pt\/wp-json\/wp\/v2\/product_brand?post=6926"},{"taxonomy":"product_cat","embeddable":true,"href":"https:\/\/okseamless.com\/pt\/wp-json\/wp\/v2\/product_cat?post=6926"},{"taxonomy":"product_tag","embeddable":true,"href":"https:\/\/okseamless.com\/pt\/wp-json\/wp\/v2\/product_tag?post=6926"}],"curies":[{"name":"wp","href":"https:\/\/api.w.org\/{rel}","templated":true}]}}