{"id":3573,"date":"2025-04-16T05:06:24","date_gmt":"2025-04-16T05:06:24","guid":{"rendered":"https:\/\/okseamless.com\/?post_type=product&#038;p=3573"},"modified":"2025-04-16T05:06:24","modified_gmt":"2025-04-16T05:06:24","slug":"comfortable-and-breathable-yoga-pants-women-sport-clothing-yoga-suit-wear-workout-sets-for-women-activewear-women-sets-two-piece","status":"publish","type":"product","link":"https:\/\/okseamless.com\/pt\/produto\/comfortable-and-breathable-yoga-pants-women-sport-clothing-yoga-suit-wear-workout-sets-for-women-activewear-women-sets-two-piece\/","title":{"rendered":"Cal\u00e7as de ioga confort\u00e1veis e respir\u00e1veis Roupa de desporto para mulheres Fato de ioga Conjuntos de treino para mulheres Roupa ativa para mulheres Conjuntos de duas pe\u00e7as"},"content":{"rendered":"","protected":false},"excerpt":{"rendered":"<p>Modelo N.\u00ba: YK106<\/p>\n<p><strong><b>Carater\u00edstica<\/b><\/strong><\/p>\n<ul>\n<li>Respir\u00e1vel, amigo do ambiente, revers\u00edvel, tamanho grande, secagem r\u00e1pida, corta-vento, antibacteriano, imperme\u00e1vel, anti-UV, anti-est\u00e1tico, leve<\/li>\n<li>Cor\uff1aCores personalizadas<\/li>\n<li>Tipo de roupa desportiva\uff1a Leggings para ioga<\/li>\n<li>Utiliza\u00e7\u00e3o\uff1aYoga Gin\u00e1sio\uff0cCorrida\uff0cDesporto<\/li>\n<\/ul>\n<p><strong><b>Material:<\/b><\/strong>Nylon<\/p>","protected":false},"featured_media":3579,"template":"","meta":[],"product_brand":[],"product_cat":[54],"product_tag":[],"class_list":{"0":"post-3573","1":"product","2":"type-product","3":"status-publish","4":"has-post-thumbnail","6":"product_cat-womens-yoga-set","8":"first","9":"instock","10":"shipping-taxable","11":"product-type-simple"},"yoast_head":"<!-- This site is optimized with the Yoast SEO plugin v27.4 - https:\/\/yoast.com\/product\/yoast-seo-wordpress\/ -->\n<title>Comfortable and Breathable Yoga Pants Women Sport Clothing Yoga Suit Wear Workout Sets for Women Activewear Women Sets Two Piece - Custom Seamless Shapewear and Yoga Wear Manufacturer in China<\/title>\n<meta name=\"robots\" content=\"index, follow, max-snippet:-1, max-image-preview:large, max-video-preview:-1\" \/>\n<link rel=\"canonical\" href=\"https:\/\/www.okseamless.com\/ru\/product\/comfortable-and-breathable-yoga-pants-women-sport-clothing-yoga-suit-wear-workout-sets-for-women-activewear-women-sets-two-piece\/\" \/>\n<meta property=\"og:locale\" content=\"pt_PT\" \/>\n<meta property=\"og:type\" content=\"article\" \/>\n<meta property=\"og:title\" content=\"Comfortable and Breathable Yoga Pants Women Sport Clothing Yoga Suit Wear Workout Sets for Women Activewear Women Sets Two Piece - Custom Seamless Shapewear and Yoga Wear Manufacturer in China\" \/>\n<meta property=\"og:description\" content=\"Model NO: YK106  Feature   Breathable, Eco-Friendly, Reversible, Plus Size, Quick Dry, Windproof, Anti-Bacterial, Waterproof, Anti-UV, Anti-static, lightweight  Color\uff1aCustomized Colors  Sportswear Type\uff1aYoga Leggings  Usage\uff1aYoga Gym\uff0cRunning\uff0cSport  Material:Nylon\" \/>\n<meta property=\"og:url\" content=\"https:\/\/www.okseamless.com\/ru\/product\/comfortable-and-breathable-yoga-pants-women-sport-clothing-yoga-suit-wear-workout-sets-for-women-activewear-women-sets-two-piece\/\" \/>\n<meta property=\"og:site_name\" content=\"Custom Seamless Shapewear and Yoga Wear Manufacturer in China\" \/>\n<meta property=\"article:publisher\" content=\"https:\/\/www.facebook.com\/share\/1TH24JnBgY\/?mibextid=wwXIfr\" \/>\n<meta property=\"og:image\" content=\"https:\/\/www.okseamless.com\/wp-content\/uploads\/2025\/04\/20235288842_1824471394.jpg\" \/>\n\t<meta property=\"og:image:width\" content=\"1200\" \/>\n\t<meta property=\"og:image:height\" content=\"1200\" \/>\n\t<meta property=\"og:image:type\" content=\"image\/jpeg\" \/>\n<meta name=\"twitter:card\" content=\"summary_large_image\" \/>\n<meta name=\"twitter:label1\" content=\"Tempo estimado de leitura\" \/>\n\t<meta name=\"twitter:data1\" content=\"1 minuto\" \/>\n<script type=\"application\/ld+json\" class=\"yoast-schema-graph\">{\"@context\":\"https:\\\/\\\/schema.org\",\"@graph\":[{\"@type\":\"WebPage\",\"@id\":\"https:\\\/\\\/www.okseamless.com\\\/ru\\\/product\\\/comfortable-and-breathable-yoga-pants-women-sport-clothing-yoga-suit-wear-workout-sets-for-women-activewear-women-sets-two-piece\\\/\",\"url\":\"https:\\\/\\\/www.okseamless.com\\\/ru\\\/product\\\/comfortable-and-breathable-yoga-pants-women-sport-clothing-yoga-suit-wear-workout-sets-for-women-activewear-women-sets-two-piece\\\/\",\"name\":\"Comfortable and Breathable Yoga Pants Women Sport Clothing Yoga Suit Wear Workout Sets for Women Activewear Women Sets Two Piece - Custom Seamless Shapewear and Yoga Wear Manufacturer in China\",\"isPartOf\":{\"@id\":\"https:\\\/\\\/www.okseamless.com\\\/pt\\\/#website\"},\"primaryImageOfPage\":{\"@id\":\"https:\\\/\\\/www.okseamless.com\\\/ru\\\/product\\\/comfortable-and-breathable-yoga-pants-women-sport-clothing-yoga-suit-wear-workout-sets-for-women-activewear-women-sets-two-piece\\\/#primaryimage\"},\"image\":{\"@id\":\"https:\\\/\\\/www.okseamless.com\\\/ru\\\/product\\\/comfortable-and-breathable-yoga-pants-women-sport-clothing-yoga-suit-wear-workout-sets-for-women-activewear-women-sets-two-piece\\\/#primaryimage\"},\"thumbnailUrl\":\"https:\\\/\\\/okseamless.com\\\/wp-content\\\/uploads\\\/2025\\\/04\\\/20235288842_1824471394.jpg\",\"datePublished\":\"2025-04-16T05:06:24+00:00\",\"breadcrumb\":{\"@id\":\"https:\\\/\\\/www.okseamless.com\\\/ru\\\/product\\\/comfortable-and-breathable-yoga-pants-women-sport-clothing-yoga-suit-wear-workout-sets-for-women-activewear-women-sets-two-piece\\\/#breadcrumb\"},\"inLanguage\":\"pt-PT\",\"potentialAction\":[{\"@type\":\"ReadAction\",\"target\":[\"https:\\\/\\\/www.okseamless.com\\\/ru\\\/product\\\/comfortable-and-breathable-yoga-pants-women-sport-clothing-yoga-suit-wear-workout-sets-for-women-activewear-women-sets-two-piece\\\/\"]}]},{\"@type\":\"ImageObject\",\"inLanguage\":\"pt-PT\",\"@id\":\"https:\\\/\\\/www.okseamless.com\\\/ru\\\/product\\\/comfortable-and-breathable-yoga-pants-women-sport-clothing-yoga-suit-wear-workout-sets-for-women-activewear-women-sets-two-piece\\\/#primaryimage\",\"url\":\"https:\\\/\\\/okseamless.com\\\/wp-content\\\/uploads\\\/2025\\\/04\\\/20235288842_1824471394.jpg\",\"contentUrl\":\"https:\\\/\\\/okseamless.com\\\/wp-content\\\/uploads\\\/2025\\\/04\\\/20235288842_1824471394.jpg\",\"width\":1200,\"height\":1200},{\"@type\":\"BreadcrumbList\",\"@id\":\"https:\\\/\\\/www.okseamless.com\\\/ru\\\/product\\\/comfortable-and-breathable-yoga-pants-women-sport-clothing-yoga-suit-wear-workout-sets-for-women-activewear-women-sets-two-piece\\\/#breadcrumb\",\"itemListElement\":[{\"@type\":\"ListItem\",\"position\":1,\"name\":\"\u9996\u9875\",\"item\":\"https:\\\/\\\/okseamless.com\\\/\"},{\"@type\":\"ListItem\",\"position\":2,\"name\":\"Produtos\",\"item\":\"https:\\\/\\\/www.okseamless.com\\\/pt\\\/shop\\\/\"},{\"@type\":\"ListItem\",\"position\":3,\"name\":\"Comfortable and Breathable Yoga Pants Women Sport Clothing Yoga Suit Wear Workout Sets for Women Activewear Women Sets Two Piece\"}]},{\"@type\":\"WebSite\",\"@id\":\"https:\\\/\\\/www.okseamless.com\\\/pt\\\/#website\",\"url\":\"https:\\\/\\\/www.okseamless.com\\\/pt\\\/\",\"name\":\"Custom Seamless Shapewear and Yoga Wear Manufacturer in China\",\"description\":\"\",\"publisher\":{\"@id\":\"https:\\\/\\\/www.okseamless.com\\\/pt\\\/#organization\"},\"potentialAction\":[{\"@type\":\"SearchAction\",\"target\":{\"@type\":\"EntryPoint\",\"urlTemplate\":\"https:\\\/\\\/www.okseamless.com\\\/pt\\\/?s={search_term_string}\"},\"query-input\":{\"@type\":\"PropertyValueSpecification\",\"valueRequired\":true,\"valueName\":\"search_term_string\"}}],\"inLanguage\":\"pt-PT\"},{\"@type\":\"Organization\",\"@id\":\"https:\\\/\\\/www.okseamless.com\\\/pt\\\/#organization\",\"name\":\"Custom Seamless Shapewear and Yoga Wear Manufacturer in China\",\"url\":\"https:\\\/\\\/www.okseamless.com\\\/pt\\\/\",\"logo\":{\"@type\":\"ImageObject\",\"inLanguage\":\"pt-PT\",\"@id\":\"https:\\\/\\\/www.okseamless.com\\\/pt\\\/#\\\/schema\\\/logo\\\/image\\\/\",\"url\":\"https:\\\/\\\/okseamless.com\\\/wp-content\\\/uploads\\\/2025\\\/03\\\/LOGO.png\",\"contentUrl\":\"https:\\\/\\\/okseamless.com\\\/wp-content\\\/uploads\\\/2025\\\/03\\\/LOGO.png\",\"width\":685,\"height\":218,\"caption\":\"Custom Seamless Shapewear and Yoga Wear Manufacturer in China\"},\"image\":{\"@id\":\"https:\\\/\\\/www.okseamless.com\\\/pt\\\/#\\\/schema\\\/logo\\\/image\\\/\"},\"sameAs\":[\"https:\\\/\\\/www.facebook.com\\\/share\\\/1TH24JnBgY\\\/?mibextid=wwXIfr\"]}]}<\/script>\n<!-- \/ Yoast SEO plugin. -->","yoast_head_json":{"title":"Comfortable and Breathable Yoga Pants Women Sport Clothing Yoga Suit Wear Workout Sets for Women Activewear Women Sets Two Piece - Custom Seamless Shapewear and Yoga Wear Manufacturer in China","robots":{"index":"index","follow":"follow","max-snippet":"max-snippet:-1","max-image-preview":"max-image-preview:large","max-video-preview":"max-video-preview:-1"},"canonical":"https:\/\/www.okseamless.com\/ru\/product\/comfortable-and-breathable-yoga-pants-women-sport-clothing-yoga-suit-wear-workout-sets-for-women-activewear-women-sets-two-piece\/","og_locale":"pt_PT","og_type":"article","og_title":"Comfortable and Breathable Yoga Pants Women Sport Clothing Yoga Suit Wear Workout Sets for Women Activewear Women Sets Two Piece - Custom Seamless Shapewear and Yoga Wear Manufacturer in China","og_description":"Model NO: YK106  Feature   Breathable, Eco-Friendly, Reversible, Plus Size, Quick Dry, Windproof, Anti-Bacterial, Waterproof, Anti-UV, Anti-static, lightweight  Color\uff1aCustomized Colors  Sportswear Type\uff1aYoga Leggings  Usage\uff1aYoga Gym\uff0cRunning\uff0cSport  Material:Nylon","og_url":"https:\/\/www.okseamless.com\/ru\/product\/comfortable-and-breathable-yoga-pants-women-sport-clothing-yoga-suit-wear-workout-sets-for-women-activewear-women-sets-two-piece\/","og_site_name":"Custom Seamless Shapewear and Yoga Wear Manufacturer in China","article_publisher":"https:\/\/www.facebook.com\/share\/1TH24JnBgY\/?mibextid=wwXIfr","og_image":[{"width":1200,"height":1200,"url":"https:\/\/www.okseamless.com\/wp-content\/uploads\/2025\/04\/20235288842_1824471394.jpg","type":"image\/jpeg"}],"twitter_card":"summary_large_image","twitter_misc":{"Tempo estimado de leitura":"1 minuto"},"schema":{"@context":"https:\/\/schema.org","@graph":[{"@type":"WebPage","@id":"https:\/\/www.okseamless.com\/ru\/product\/comfortable-and-breathable-yoga-pants-women-sport-clothing-yoga-suit-wear-workout-sets-for-women-activewear-women-sets-two-piece\/","url":"https:\/\/www.okseamless.com\/ru\/product\/comfortable-and-breathable-yoga-pants-women-sport-clothing-yoga-suit-wear-workout-sets-for-women-activewear-women-sets-two-piece\/","name":"Comfortable and Breathable Yoga Pants Women Sport Clothing Yoga Suit Wear Workout Sets for Women Activewear Women Sets Two Piece - Custom Seamless Shapewear and Yoga Wear Manufacturer in China","isPartOf":{"@id":"https:\/\/www.okseamless.com\/pt\/#website"},"primaryImageOfPage":{"@id":"https:\/\/www.okseamless.com\/ru\/product\/comfortable-and-breathable-yoga-pants-women-sport-clothing-yoga-suit-wear-workout-sets-for-women-activewear-women-sets-two-piece\/#primaryimage"},"image":{"@id":"https:\/\/www.okseamless.com\/ru\/product\/comfortable-and-breathable-yoga-pants-women-sport-clothing-yoga-suit-wear-workout-sets-for-women-activewear-women-sets-two-piece\/#primaryimage"},"thumbnailUrl":"https:\/\/okseamless.com\/wp-content\/uploads\/2025\/04\/20235288842_1824471394.jpg","datePublished":"2025-04-16T05:06:24+00:00","breadcrumb":{"@id":"https:\/\/www.okseamless.com\/ru\/product\/comfortable-and-breathable-yoga-pants-women-sport-clothing-yoga-suit-wear-workout-sets-for-women-activewear-women-sets-two-piece\/#breadcrumb"},"inLanguage":"pt-PT","potentialAction":[{"@type":"ReadAction","target":["https:\/\/www.okseamless.com\/ru\/product\/comfortable-and-breathable-yoga-pants-women-sport-clothing-yoga-suit-wear-workout-sets-for-women-activewear-women-sets-two-piece\/"]}]},{"@type":"ImageObject","inLanguage":"pt-PT","@id":"https:\/\/www.okseamless.com\/ru\/product\/comfortable-and-breathable-yoga-pants-women-sport-clothing-yoga-suit-wear-workout-sets-for-women-activewear-women-sets-two-piece\/#primaryimage","url":"https:\/\/okseamless.com\/wp-content\/uploads\/2025\/04\/20235288842_1824471394.jpg","contentUrl":"https:\/\/okseamless.com\/wp-content\/uploads\/2025\/04\/20235288842_1824471394.jpg","width":1200,"height":1200},{"@type":"BreadcrumbList","@id":"https:\/\/www.okseamless.com\/ru\/product\/comfortable-and-breathable-yoga-pants-women-sport-clothing-yoga-suit-wear-workout-sets-for-women-activewear-women-sets-two-piece\/#breadcrumb","itemListElement":[{"@type":"ListItem","position":1,"name":"\u9996\u9875","item":"https:\/\/okseamless.com\/"},{"@type":"ListItem","position":2,"name":"Produtos","item":"https:\/\/www.okseamless.com\/pt\/shop\/"},{"@type":"ListItem","position":3,"name":"Comfortable and Breathable Yoga Pants Women Sport Clothing Yoga Suit Wear Workout Sets for Women Activewear Women Sets Two Piece"}]},{"@type":"WebSite","@id":"https:\/\/www.okseamless.com\/pt\/#website","url":"https:\/\/www.okseamless.com\/pt\/","name":"Custom Seamless Shapewear and Yoga Wear Manufacturer in China","description":"","publisher":{"@id":"https:\/\/www.okseamless.com\/pt\/#organization"},"potentialAction":[{"@type":"SearchAction","target":{"@type":"EntryPoint","urlTemplate":"https:\/\/www.okseamless.com\/pt\/?s={search_term_string}"},"query-input":{"@type":"PropertyValueSpecification","valueRequired":true,"valueName":"search_term_string"}}],"inLanguage":"pt-PT"},{"@type":"Organization","@id":"https:\/\/www.okseamless.com\/pt\/#organization","name":"Custom Seamless Shapewear and Yoga Wear Manufacturer in China","url":"https:\/\/www.okseamless.com\/pt\/","logo":{"@type":"ImageObject","inLanguage":"pt-PT","@id":"https:\/\/www.okseamless.com\/pt\/#\/schema\/logo\/image\/","url":"https:\/\/okseamless.com\/wp-content\/uploads\/2025\/03\/LOGO.png","contentUrl":"https:\/\/okseamless.com\/wp-content\/uploads\/2025\/03\/LOGO.png","width":685,"height":218,"caption":"Custom Seamless Shapewear and Yoga Wear Manufacturer in China"},"image":{"@id":"https:\/\/www.okseamless.com\/pt\/#\/schema\/logo\/image\/"},"sameAs":["https:\/\/www.facebook.com\/share\/1TH24JnBgY\/?mibextid=wwXIfr"]}]}},"_links":{"self":[{"href":"https:\/\/okseamless.com\/pt\/wp-json\/wp\/v2\/product\/3573","targetHints":{"allow":["GET"]}}],"collection":[{"href":"https:\/\/okseamless.com\/pt\/wp-json\/wp\/v2\/product"}],"about":[{"href":"https:\/\/okseamless.com\/pt\/wp-json\/wp\/v2\/types\/product"}],"wp:featuredmedia":[{"embeddable":true,"href":"https:\/\/okseamless.com\/pt\/wp-json\/wp\/v2\/media\/3579"}],"wp:attachment":[{"href":"https:\/\/okseamless.com\/pt\/wp-json\/wp\/v2\/media?parent=3573"}],"wp:term":[{"taxonomy":"product_brand","embeddable":true,"href":"https:\/\/okseamless.com\/pt\/wp-json\/wp\/v2\/product_brand?post=3573"},{"taxonomy":"product_cat","embeddable":true,"href":"https:\/\/okseamless.com\/pt\/wp-json\/wp\/v2\/product_cat?post=3573"},{"taxonomy":"product_tag","embeddable":true,"href":"https:\/\/okseamless.com\/pt\/wp-json\/wp\/v2\/product_tag?post=3573"}],"curies":[{"name":"wp","href":"https:\/\/api.w.org\/{rel}","templated":true}]}}