{"id":3484,"date":"2025-04-15T07:07:12","date_gmt":"2025-04-15T07:07:12","guid":{"rendered":"https:\/\/okseamless.com\/?post_type=product&#038;p=3484"},"modified":"2025-04-15T07:07:12","modified_gmt":"2025-04-15T07:07:12","slug":"womens-high-waist-peach-butt-tight-yoga-shorts-new-seamless-knitted-sports-running-fitness-pants-elastic-waist-closure-spandex","status":"publish","type":"product","link":"https:\/\/okseamless.com\/pt\/produto\/womens-high-waist-peach-butt-tight-yoga-shorts-new-seamless-knitted-sports-running-fitness-pants-elastic-waist-closure-spandex\/","title":{"rendered":"Cal\u00e7\u00f5es de ioga de cintura alta de p\u00eassego para mulher Cal\u00e7\u00f5es de ioga de cintura alta de p\u00eassego novos Cal\u00e7as de desporto de corrida de fitness de malha sem costuras Cal\u00e7as de el\u00e1stico para fechar a cintura Spandex"},"content":{"rendered":"","protected":false},"excerpt":{"rendered":"<p>Model NO: YK104<\/p>\n<p><strong><b>Carater\u00edsticas<\/b><\/strong><\/p>\n<ul>\n<li>seamless, Durable, Scrunch Butt, Sweat-Wicking, Four-Way Stretch,<\/li>\n<li>Style:Shorts<\/li>\n<li>Comprimento:Cal\u00e7\u00f5es<\/li>\n<li>Tipo de cintura:Alta<\/li>\n<li>Tipo de padr\u00e3o:S\u00f3lido<\/li>\n<li>T\u00e9cnicas:Corte automatizado<\/li>\n<li>Tipo de fecho:Cintura el\u00e1stica<\/li>\n<\/ul>\n<p><strong><b>Material:<\/b><\/strong>Elastano \/ Nylon<\/p>","protected":false},"featured_media":3489,"template":"","meta":[],"product_brand":[],"product_cat":[39],"product_tag":[],"class_list":{"0":"post-3484","1":"product","2":"type-product","3":"status-publish","4":"has-post-thumbnail","6":"product_cat-womens-active-bottoms","8":"first","9":"instock","10":"shipping-taxable","11":"product-type-simple"},"yoast_head":"<!-- This site is optimized with the Yoast SEO plugin v27.4 - https:\/\/yoast.com\/product\/yoast-seo-wordpress\/ -->\n<title>Women&#039;s High Waist Peach Butt Tight Yoga Shorts New Seamless Knitted Sports Running Fitness Pants Elastic Waist Closure Spandex - Custom Seamless Shapewear and Yoga Wear Manufacturer in China<\/title>\n<meta name=\"robots\" content=\"index, follow, max-snippet:-1, max-image-preview:large, max-video-preview:-1\" \/>\n<link rel=\"canonical\" href=\"https:\/\/www.okseamless.com\/ru\/product\/womens-high-waist-peach-butt-tight-yoga-shorts-new-seamless-knitted-sports-running-fitness-pants-elastic-waist-closure-spandex\/\" \/>\n<meta property=\"og:locale\" content=\"pt_PT\" \/>\n<meta property=\"og:type\" content=\"article\" \/>\n<meta property=\"og:title\" content=\"Women&#039;s High Waist Peach Butt Tight Yoga Shorts New Seamless Knitted Sports Running Fitness Pants Elastic Waist Closure Spandex - Custom Seamless Shapewear and Yoga Wear Manufacturer in China\" \/>\n<meta property=\"og:description\" content=\"Model NO: YK104  Features   seamless, Durable, Scrunch Butt, Sweat-Wicking, Four-Way Stretch,  Style:Shorts  Length:Shorts  Waist Type:High  Pattern Type:Solid  Technics:Automated cutting  Closure Type:Elastic Waist  Material:Spandex \/ Nylon\" \/>\n<meta property=\"og:url\" content=\"https:\/\/www.okseamless.com\/ru\/product\/womens-high-waist-peach-butt-tight-yoga-shorts-new-seamless-knitted-sports-running-fitness-pants-elastic-waist-closure-spandex\/\" \/>\n<meta property=\"og:site_name\" content=\"Custom Seamless Shapewear and Yoga Wear Manufacturer in China\" \/>\n<meta property=\"article:publisher\" content=\"https:\/\/www.facebook.com\/share\/1TH24JnBgY\/?mibextid=wwXIfr\" \/>\n<meta property=\"og:image\" content=\"https:\/\/www.okseamless.com\/wp-content\/uploads\/2025\/04\/O1CN017YyreL1I2TVEOePhD_2206387370835-0-cib.jpg\" \/>\n\t<meta property=\"og:image:width\" content=\"1500\" \/>\n\t<meta property=\"og:image:height\" content=\"1500\" \/>\n\t<meta property=\"og:image:type\" content=\"image\/jpeg\" \/>\n<meta name=\"twitter:card\" content=\"summary_large_image\" \/>\n<meta name=\"twitter:label1\" content=\"Tempo estimado de leitura\" \/>\n\t<meta name=\"twitter:data1\" content=\"1 minuto\" \/>\n<script type=\"application\/ld+json\" class=\"yoast-schema-graph\">{\"@context\":\"https:\\\/\\\/schema.org\",\"@graph\":[{\"@type\":\"WebPage\",\"@id\":\"https:\\\/\\\/www.okseamless.com\\\/ru\\\/product\\\/womens-high-waist-peach-butt-tight-yoga-shorts-new-seamless-knitted-sports-running-fitness-pants-elastic-waist-closure-spandex\\\/\",\"url\":\"https:\\\/\\\/www.okseamless.com\\\/ru\\\/product\\\/womens-high-waist-peach-butt-tight-yoga-shorts-new-seamless-knitted-sports-running-fitness-pants-elastic-waist-closure-spandex\\\/\",\"name\":\"Women's High Waist Peach Butt Tight Yoga Shorts New Seamless Knitted Sports Running Fitness Pants Elastic Waist Closure Spandex - Custom Seamless Shapewear and Yoga Wear Manufacturer in China\",\"isPartOf\":{\"@id\":\"https:\\\/\\\/www.okseamless.com\\\/pt\\\/#website\"},\"primaryImageOfPage\":{\"@id\":\"https:\\\/\\\/www.okseamless.com\\\/ru\\\/product\\\/womens-high-waist-peach-butt-tight-yoga-shorts-new-seamless-knitted-sports-running-fitness-pants-elastic-waist-closure-spandex\\\/#primaryimage\"},\"image\":{\"@id\":\"https:\\\/\\\/www.okseamless.com\\\/ru\\\/product\\\/womens-high-waist-peach-butt-tight-yoga-shorts-new-seamless-knitted-sports-running-fitness-pants-elastic-waist-closure-spandex\\\/#primaryimage\"},\"thumbnailUrl\":\"https:\\\/\\\/okseamless.com\\\/wp-content\\\/uploads\\\/2025\\\/04\\\/O1CN017YyreL1I2TVEOePhD_2206387370835-0-cib.jpg\",\"datePublished\":\"2025-04-15T07:07:12+00:00\",\"breadcrumb\":{\"@id\":\"https:\\\/\\\/www.okseamless.com\\\/ru\\\/product\\\/womens-high-waist-peach-butt-tight-yoga-shorts-new-seamless-knitted-sports-running-fitness-pants-elastic-waist-closure-spandex\\\/#breadcrumb\"},\"inLanguage\":\"pt-PT\",\"potentialAction\":[{\"@type\":\"ReadAction\",\"target\":[\"https:\\\/\\\/www.okseamless.com\\\/ru\\\/product\\\/womens-high-waist-peach-butt-tight-yoga-shorts-new-seamless-knitted-sports-running-fitness-pants-elastic-waist-closure-spandex\\\/\"]}]},{\"@type\":\"ImageObject\",\"inLanguage\":\"pt-PT\",\"@id\":\"https:\\\/\\\/www.okseamless.com\\\/ru\\\/product\\\/womens-high-waist-peach-butt-tight-yoga-shorts-new-seamless-knitted-sports-running-fitness-pants-elastic-waist-closure-spandex\\\/#primaryimage\",\"url\":\"https:\\\/\\\/okseamless.com\\\/wp-content\\\/uploads\\\/2025\\\/04\\\/O1CN017YyreL1I2TVEOePhD_2206387370835-0-cib.jpg\",\"contentUrl\":\"https:\\\/\\\/okseamless.com\\\/wp-content\\\/uploads\\\/2025\\\/04\\\/O1CN017YyreL1I2TVEOePhD_2206387370835-0-cib.jpg\",\"width\":1500,\"height\":1500},{\"@type\":\"BreadcrumbList\",\"@id\":\"https:\\\/\\\/www.okseamless.com\\\/ru\\\/product\\\/womens-high-waist-peach-butt-tight-yoga-shorts-new-seamless-knitted-sports-running-fitness-pants-elastic-waist-closure-spandex\\\/#breadcrumb\",\"itemListElement\":[{\"@type\":\"ListItem\",\"position\":1,\"name\":\"\u9996\u9875\",\"item\":\"https:\\\/\\\/okseamless.com\\\/\"},{\"@type\":\"ListItem\",\"position\":2,\"name\":\"Produtos\",\"item\":\"https:\\\/\\\/www.okseamless.com\\\/pt\\\/shop\\\/\"},{\"@type\":\"ListItem\",\"position\":3,\"name\":\"Women&#8217;s High Waist Peach Butt Tight Yoga Shorts New Seamless Knitted Sports Running Fitness Pants Elastic Waist Closure Spandex\"}]},{\"@type\":\"WebSite\",\"@id\":\"https:\\\/\\\/www.okseamless.com\\\/pt\\\/#website\",\"url\":\"https:\\\/\\\/www.okseamless.com\\\/pt\\\/\",\"name\":\"Custom Seamless Shapewear and Yoga Wear Manufacturer in China\",\"description\":\"\",\"publisher\":{\"@id\":\"https:\\\/\\\/www.okseamless.com\\\/pt\\\/#organization\"},\"potentialAction\":[{\"@type\":\"SearchAction\",\"target\":{\"@type\":\"EntryPoint\",\"urlTemplate\":\"https:\\\/\\\/www.okseamless.com\\\/pt\\\/?s={search_term_string}\"},\"query-input\":{\"@type\":\"PropertyValueSpecification\",\"valueRequired\":true,\"valueName\":\"search_term_string\"}}],\"inLanguage\":\"pt-PT\"},{\"@type\":\"Organization\",\"@id\":\"https:\\\/\\\/www.okseamless.com\\\/pt\\\/#organization\",\"name\":\"Custom Seamless Shapewear and Yoga Wear Manufacturer in China\",\"url\":\"https:\\\/\\\/www.okseamless.com\\\/pt\\\/\",\"logo\":{\"@type\":\"ImageObject\",\"inLanguage\":\"pt-PT\",\"@id\":\"https:\\\/\\\/www.okseamless.com\\\/pt\\\/#\\\/schema\\\/logo\\\/image\\\/\",\"url\":\"https:\\\/\\\/okseamless.com\\\/wp-content\\\/uploads\\\/2025\\\/03\\\/LOGO.png\",\"contentUrl\":\"https:\\\/\\\/okseamless.com\\\/wp-content\\\/uploads\\\/2025\\\/03\\\/LOGO.png\",\"width\":685,\"height\":218,\"caption\":\"Custom Seamless Shapewear and Yoga Wear Manufacturer in China\"},\"image\":{\"@id\":\"https:\\\/\\\/www.okseamless.com\\\/pt\\\/#\\\/schema\\\/logo\\\/image\\\/\"},\"sameAs\":[\"https:\\\/\\\/www.facebook.com\\\/share\\\/1TH24JnBgY\\\/?mibextid=wwXIfr\"]}]}<\/script>\n<!-- \/ Yoast SEO plugin. -->","yoast_head_json":{"title":"Women's High Waist Peach Butt Tight Yoga Shorts New Seamless Knitted Sports Running Fitness Pants Elastic Waist Closure Spandex - Custom Seamless Shapewear and Yoga Wear Manufacturer in China","robots":{"index":"index","follow":"follow","max-snippet":"max-snippet:-1","max-image-preview":"max-image-preview:large","max-video-preview":"max-video-preview:-1"},"canonical":"https:\/\/www.okseamless.com\/ru\/product\/womens-high-waist-peach-butt-tight-yoga-shorts-new-seamless-knitted-sports-running-fitness-pants-elastic-waist-closure-spandex\/","og_locale":"pt_PT","og_type":"article","og_title":"Women's High Waist Peach Butt Tight Yoga Shorts New Seamless Knitted Sports Running Fitness Pants Elastic Waist Closure Spandex - Custom Seamless Shapewear and Yoga Wear Manufacturer in China","og_description":"Model NO: YK104  Features   seamless, Durable, Scrunch Butt, Sweat-Wicking, Four-Way Stretch,  Style:Shorts  Length:Shorts  Waist Type:High  Pattern Type:Solid  Technics:Automated cutting  Closure Type:Elastic Waist  Material:Spandex \/ Nylon","og_url":"https:\/\/www.okseamless.com\/ru\/product\/womens-high-waist-peach-butt-tight-yoga-shorts-new-seamless-knitted-sports-running-fitness-pants-elastic-waist-closure-spandex\/","og_site_name":"Custom Seamless Shapewear and Yoga Wear Manufacturer in China","article_publisher":"https:\/\/www.facebook.com\/share\/1TH24JnBgY\/?mibextid=wwXIfr","og_image":[{"width":1500,"height":1500,"url":"https:\/\/www.okseamless.com\/wp-content\/uploads\/2025\/04\/O1CN017YyreL1I2TVEOePhD_2206387370835-0-cib.jpg","type":"image\/jpeg"}],"twitter_card":"summary_large_image","twitter_misc":{"Tempo estimado de leitura":"1 minuto"},"schema":{"@context":"https:\/\/schema.org","@graph":[{"@type":"WebPage","@id":"https:\/\/www.okseamless.com\/ru\/product\/womens-high-waist-peach-butt-tight-yoga-shorts-new-seamless-knitted-sports-running-fitness-pants-elastic-waist-closure-spandex\/","url":"https:\/\/www.okseamless.com\/ru\/product\/womens-high-waist-peach-butt-tight-yoga-shorts-new-seamless-knitted-sports-running-fitness-pants-elastic-waist-closure-spandex\/","name":"Women's High Waist Peach Butt Tight Yoga Shorts New Seamless Knitted Sports Running Fitness Pants Elastic Waist Closure Spandex - Custom Seamless Shapewear and Yoga Wear Manufacturer in China","isPartOf":{"@id":"https:\/\/www.okseamless.com\/pt\/#website"},"primaryImageOfPage":{"@id":"https:\/\/www.okseamless.com\/ru\/product\/womens-high-waist-peach-butt-tight-yoga-shorts-new-seamless-knitted-sports-running-fitness-pants-elastic-waist-closure-spandex\/#primaryimage"},"image":{"@id":"https:\/\/www.okseamless.com\/ru\/product\/womens-high-waist-peach-butt-tight-yoga-shorts-new-seamless-knitted-sports-running-fitness-pants-elastic-waist-closure-spandex\/#primaryimage"},"thumbnailUrl":"https:\/\/okseamless.com\/wp-content\/uploads\/2025\/04\/O1CN017YyreL1I2TVEOePhD_2206387370835-0-cib.jpg","datePublished":"2025-04-15T07:07:12+00:00","breadcrumb":{"@id":"https:\/\/www.okseamless.com\/ru\/product\/womens-high-waist-peach-butt-tight-yoga-shorts-new-seamless-knitted-sports-running-fitness-pants-elastic-waist-closure-spandex\/#breadcrumb"},"inLanguage":"pt-PT","potentialAction":[{"@type":"ReadAction","target":["https:\/\/www.okseamless.com\/ru\/product\/womens-high-waist-peach-butt-tight-yoga-shorts-new-seamless-knitted-sports-running-fitness-pants-elastic-waist-closure-spandex\/"]}]},{"@type":"ImageObject","inLanguage":"pt-PT","@id":"https:\/\/www.okseamless.com\/ru\/product\/womens-high-waist-peach-butt-tight-yoga-shorts-new-seamless-knitted-sports-running-fitness-pants-elastic-waist-closure-spandex\/#primaryimage","url":"https:\/\/okseamless.com\/wp-content\/uploads\/2025\/04\/O1CN017YyreL1I2TVEOePhD_2206387370835-0-cib.jpg","contentUrl":"https:\/\/okseamless.com\/wp-content\/uploads\/2025\/04\/O1CN017YyreL1I2TVEOePhD_2206387370835-0-cib.jpg","width":1500,"height":1500},{"@type":"BreadcrumbList","@id":"https:\/\/www.okseamless.com\/ru\/product\/womens-high-waist-peach-butt-tight-yoga-shorts-new-seamless-knitted-sports-running-fitness-pants-elastic-waist-closure-spandex\/#breadcrumb","itemListElement":[{"@type":"ListItem","position":1,"name":"\u9996\u9875","item":"https:\/\/okseamless.com\/"},{"@type":"ListItem","position":2,"name":"Produtos","item":"https:\/\/www.okseamless.com\/pt\/shop\/"},{"@type":"ListItem","position":3,"name":"Women&#8217;s High Waist Peach Butt Tight Yoga Shorts New Seamless Knitted Sports Running Fitness Pants Elastic Waist Closure Spandex"}]},{"@type":"WebSite","@id":"https:\/\/www.okseamless.com\/pt\/#website","url":"https:\/\/www.okseamless.com\/pt\/","name":"Custom Seamless Shapewear and Yoga Wear Manufacturer in China","description":"","publisher":{"@id":"https:\/\/www.okseamless.com\/pt\/#organization"},"potentialAction":[{"@type":"SearchAction","target":{"@type":"EntryPoint","urlTemplate":"https:\/\/www.okseamless.com\/pt\/?s={search_term_string}"},"query-input":{"@type":"PropertyValueSpecification","valueRequired":true,"valueName":"search_term_string"}}],"inLanguage":"pt-PT"},{"@type":"Organization","@id":"https:\/\/www.okseamless.com\/pt\/#organization","name":"Custom Seamless Shapewear and Yoga Wear Manufacturer in China","url":"https:\/\/www.okseamless.com\/pt\/","logo":{"@type":"ImageObject","inLanguage":"pt-PT","@id":"https:\/\/www.okseamless.com\/pt\/#\/schema\/logo\/image\/","url":"https:\/\/okseamless.com\/wp-content\/uploads\/2025\/03\/LOGO.png","contentUrl":"https:\/\/okseamless.com\/wp-content\/uploads\/2025\/03\/LOGO.png","width":685,"height":218,"caption":"Custom Seamless Shapewear and Yoga Wear Manufacturer in China"},"image":{"@id":"https:\/\/www.okseamless.com\/pt\/#\/schema\/logo\/image\/"},"sameAs":["https:\/\/www.facebook.com\/share\/1TH24JnBgY\/?mibextid=wwXIfr"]}]}},"_links":{"self":[{"href":"https:\/\/okseamless.com\/pt\/wp-json\/wp\/v2\/product\/3484","targetHints":{"allow":["GET"]}}],"collection":[{"href":"https:\/\/okseamless.com\/pt\/wp-json\/wp\/v2\/product"}],"about":[{"href":"https:\/\/okseamless.com\/pt\/wp-json\/wp\/v2\/types\/product"}],"wp:featuredmedia":[{"embeddable":true,"href":"https:\/\/okseamless.com\/pt\/wp-json\/wp\/v2\/media\/3489"}],"wp:attachment":[{"href":"https:\/\/okseamless.com\/pt\/wp-json\/wp\/v2\/media?parent=3484"}],"wp:term":[{"taxonomy":"product_brand","embeddable":true,"href":"https:\/\/okseamless.com\/pt\/wp-json\/wp\/v2\/product_brand?post=3484"},{"taxonomy":"product_cat","embeddable":true,"href":"https:\/\/okseamless.com\/pt\/wp-json\/wp\/v2\/product_cat?post=3484"},{"taxonomy":"product_tag","embeddable":true,"href":"https:\/\/okseamless.com\/pt\/wp-json\/wp\/v2\/product_tag?post=3484"}],"curies":[{"name":"wp","href":"https:\/\/api.w.org\/{rel}","templated":true}]}}