{"id":2902,"date":"2025-04-12T03:04:28","date_gmt":"2025-04-12T03:04:28","guid":{"rendered":"https:\/\/okseamless.com\/?post_type=product&#038;p=2902"},"modified":"2025-04-12T03:04:28","modified_gmt":"2025-04-12T03:04:28","slug":"seamless-thong-tummy-control-panties","status":"publish","type":"product","link":"https:\/\/okseamless.com\/pt\/produto\/seamless-thong-tummy-control-panties\/","title":{"rendered":"Seamless Thong Tummy Control Panties"},"content":{"rendered":"","protected":false},"excerpt":{"rendered":"<p>Model No:JS073<\/p>\n<p>Quer sentir-se apoiada e refor\u00e7ada em segundos? Esta \u00e9, sem d\u00favida, a melhor roupa interior modeladora para a barriga e a cintura que alguma vez ter\u00e1. O design sem costuras garante que n\u00e3o s\u00f3 fica melhor com a roupa, como tamb\u00e9m se sente melhor por baixo. A tanga modeladora Everyday Shaping Thong proporciona a modela\u00e7\u00e3o suficiente para a manter confiante e sob controlo durante todo o dia.<\/p>\n<p><strong>Carater\u00edsticas<\/strong><\/p>\n<ul>\n<li>Com controlo direcionado da barriga, apresenta um tecido macio e el\u00e1stico para um bonito aspeto de lingerie.<\/li>\n<li>Os tecidos de grande elasticidade s\u00e3o \u00f3ptimos para cobrir a gordura sem serem desconfort\u00e1veis.<\/li>\n<li>Roupa interior sem costuras O estilo tanga combina com a quantidade certa de modela\u00e7\u00e3o.<\/li>\n<li>Dois ossos de a\u00e7o de cada lado da cintura impedem o enrolamento.<\/li>\n<li>Seamless shapewear is suitable for daily life, dating, party, shopping, and office, and stomach shapewear makes your body look more sexy and beautiful, and you will become more confident.<\/li>\n<\/ul>\n<p><strong>Detalhes do tecido<\/strong><strong>\u00a0: <\/strong>83% Nylon 17% Spandex<\/p>","protected":false},"featured_media":2916,"template":"","meta":[],"product_brand":[],"product_cat":[36],"product_tag":[],"class_list":{"0":"post-2902","1":"product","2":"type-product","3":"status-publish","4":"has-post-thumbnail","6":"product_cat-womens-bottoms","8":"first","9":"instock","10":"shipping-taxable","11":"product-type-simple"},"yoast_head":"<!-- This site is optimized with the Yoast SEO plugin v27.4 - https:\/\/yoast.com\/product\/yoast-seo-wordpress\/ -->\n<title>Seamless Thong Tummy Control Panties - Custom Seamless Shapewear and Yoga Wear Manufacturer in China<\/title>\n<meta name=\"robots\" content=\"index, follow, max-snippet:-1, max-image-preview:large, max-video-preview:-1\" \/>\n<link rel=\"canonical\" href=\"https:\/\/okseamless.com\/pt\/produto\/seamless-thong-tummy-control-panties\/\" \/>\n<meta property=\"og:locale\" content=\"pt_PT\" \/>\n<meta property=\"og:type\" content=\"article\" \/>\n<meta property=\"og:title\" content=\"Seamless Thong Tummy Control Panties - Custom Seamless Shapewear and Yoga Wear Manufacturer in China\" \/>\n<meta property=\"og:description\" content=\"Model No:JS073  Wanna feel supported &amp; enhanced in seconds? This is ultimately the best shaping underwear for tummy and waist you\u2019ll ever own. Seamless design ensures you not only look your best in clothing but feel your best underneath.\u00a0Everyday Shaping Thong provide just enough shaping to keep you confident and in control all day.  Features   With targeted tummy control features soft, stretch fabric for a pretty lingerie look.  The great-stretch fabrics are great for covering fat without being uncomfortable.  Seamless Underwear Thong styling combines with just the right amount of shaping.  Two steel bones on each side of the waist prevent curling.  Seamless shapewear is suitable for daily life, dating, party, shopping, and office, and stomach shapewear makes your body look more sexy and beautiful, and you will become more confident.  Fabric Details\u00a0: 83% Nylon\u00a017%\u00a0Spandex\" \/>\n<meta property=\"og:url\" content=\"https:\/\/okseamless.com\/pt\/produto\/seamless-thong-tummy-control-panties\/\" \/>\n<meta property=\"og:site_name\" content=\"Custom Seamless Shapewear and Yoga Wear Manufacturer in China\" \/>\n<meta property=\"article:publisher\" content=\"https:\/\/www.facebook.com\/share\/1TH24JnBgY\/?mibextid=wwXIfr\" \/>\n<meta property=\"og:image\" content=\"https:\/\/okseamless.com\/wp-content\/uploads\/2025\/04\/DM_20250408165112_002.jpg\" \/>\n\t<meta property=\"og:image:width\" content=\"1600\" \/>\n\t<meta property=\"og:image:height\" content=\"1600\" \/>\n\t<meta property=\"og:image:type\" content=\"image\/jpeg\" \/>\n<meta name=\"twitter:card\" content=\"summary_large_image\" \/>\n<meta name=\"twitter:label1\" content=\"Tempo estimado de leitura\" \/>\n\t<meta name=\"twitter:data1\" content=\"1 minuto\" \/>\n<script type=\"application\/ld+json\" class=\"yoast-schema-graph\">{\"@context\":\"https:\\\/\\\/schema.org\",\"@graph\":[{\"@type\":\"WebPage\",\"@id\":\"https:\\\/\\\/okseamless.com\\\/product\\\/seamless-thong-tummy-control-panties\\\/\",\"url\":\"https:\\\/\\\/okseamless.com\\\/product\\\/seamless-thong-tummy-control-panties\\\/\",\"name\":\"Seamless Thong Tummy Control Panties - Custom Seamless Shapewear and Yoga Wear Manufacturer in China\",\"isPartOf\":{\"@id\":\"https:\\\/\\\/www.okseamless.com\\\/pt\\\/#website\"},\"primaryImageOfPage\":{\"@id\":\"https:\\\/\\\/okseamless.com\\\/product\\\/seamless-thong-tummy-control-panties\\\/#primaryimage\"},\"image\":{\"@id\":\"https:\\\/\\\/okseamless.com\\\/product\\\/seamless-thong-tummy-control-panties\\\/#primaryimage\"},\"thumbnailUrl\":\"https:\\\/\\\/okseamless.com\\\/wp-content\\\/uploads\\\/2025\\\/04\\\/DM_20250408165112_002.jpg\",\"datePublished\":\"2025-04-12T03:04:28+00:00\",\"breadcrumb\":{\"@id\":\"https:\\\/\\\/okseamless.com\\\/product\\\/seamless-thong-tummy-control-panties\\\/#breadcrumb\"},\"inLanguage\":\"pt-PT\",\"potentialAction\":[{\"@type\":\"ReadAction\",\"target\":[\"https:\\\/\\\/okseamless.com\\\/product\\\/seamless-thong-tummy-control-panties\\\/\"]}]},{\"@type\":\"ImageObject\",\"inLanguage\":\"pt-PT\",\"@id\":\"https:\\\/\\\/okseamless.com\\\/product\\\/seamless-thong-tummy-control-panties\\\/#primaryimage\",\"url\":\"https:\\\/\\\/okseamless.com\\\/wp-content\\\/uploads\\\/2025\\\/04\\\/DM_20250408165112_002.jpg\",\"contentUrl\":\"https:\\\/\\\/okseamless.com\\\/wp-content\\\/uploads\\\/2025\\\/04\\\/DM_20250408165112_002.jpg\",\"width\":1600,\"height\":1600},{\"@type\":\"BreadcrumbList\",\"@id\":\"https:\\\/\\\/okseamless.com\\\/product\\\/seamless-thong-tummy-control-panties\\\/#breadcrumb\",\"itemListElement\":[{\"@type\":\"ListItem\",\"position\":1,\"name\":\"\u9996\u9875\",\"item\":\"https:\\\/\\\/okseamless.com\\\/\"},{\"@type\":\"ListItem\",\"position\":2,\"name\":\"Produtos\",\"item\":\"https:\\\/\\\/www.okseamless.com\\\/pt\\\/shop\\\/\"},{\"@type\":\"ListItem\",\"position\":3,\"name\":\"Seamless Thong Tummy Control Panties\"}]},{\"@type\":\"WebSite\",\"@id\":\"https:\\\/\\\/www.okseamless.com\\\/pt\\\/#website\",\"url\":\"https:\\\/\\\/www.okseamless.com\\\/pt\\\/\",\"name\":\"Custom Seamless Shapewear and Yoga Wear Manufacturer in China\",\"description\":\"\",\"publisher\":{\"@id\":\"https:\\\/\\\/www.okseamless.com\\\/pt\\\/#organization\"},\"potentialAction\":[{\"@type\":\"SearchAction\",\"target\":{\"@type\":\"EntryPoint\",\"urlTemplate\":\"https:\\\/\\\/www.okseamless.com\\\/pt\\\/?s={search_term_string}\"},\"query-input\":{\"@type\":\"PropertyValueSpecification\",\"valueRequired\":true,\"valueName\":\"search_term_string\"}}],\"inLanguage\":\"pt-PT\"},{\"@type\":\"Organization\",\"@id\":\"https:\\\/\\\/www.okseamless.com\\\/pt\\\/#organization\",\"name\":\"Custom Seamless Shapewear and Yoga Wear Manufacturer in China\",\"url\":\"https:\\\/\\\/www.okseamless.com\\\/pt\\\/\",\"logo\":{\"@type\":\"ImageObject\",\"inLanguage\":\"pt-PT\",\"@id\":\"https:\\\/\\\/www.okseamless.com\\\/pt\\\/#\\\/schema\\\/logo\\\/image\\\/\",\"url\":\"https:\\\/\\\/okseamless.com\\\/wp-content\\\/uploads\\\/2025\\\/03\\\/LOGO.png\",\"contentUrl\":\"https:\\\/\\\/okseamless.com\\\/wp-content\\\/uploads\\\/2025\\\/03\\\/LOGO.png\",\"width\":685,\"height\":218,\"caption\":\"Custom Seamless Shapewear and Yoga Wear Manufacturer in China\"},\"image\":{\"@id\":\"https:\\\/\\\/www.okseamless.com\\\/pt\\\/#\\\/schema\\\/logo\\\/image\\\/\"},\"sameAs\":[\"https:\\\/\\\/www.facebook.com\\\/share\\\/1TH24JnBgY\\\/?mibextid=wwXIfr\"]}]}<\/script>\n<!-- \/ Yoast SEO plugin. -->","yoast_head_json":{"title":"Seamless Thong Tummy Control Panties - Custom Seamless Shapewear and Yoga Wear Manufacturer in China","robots":{"index":"index","follow":"follow","max-snippet":"max-snippet:-1","max-image-preview":"max-image-preview:large","max-video-preview":"max-video-preview:-1"},"canonical":"https:\/\/okseamless.com\/pt\/produto\/seamless-thong-tummy-control-panties\/","og_locale":"pt_PT","og_type":"article","og_title":"Seamless Thong Tummy Control Panties - Custom Seamless Shapewear and Yoga Wear Manufacturer in China","og_description":"Model No:JS073  Wanna feel supported &amp; enhanced in seconds? This is ultimately the best shaping underwear for tummy and waist you\u2019ll ever own. Seamless design ensures you not only look your best in clothing but feel your best underneath.\u00a0Everyday Shaping Thong provide just enough shaping to keep you confident and in control all day.  Features   With targeted tummy control features soft, stretch fabric for a pretty lingerie look.  The great-stretch fabrics are great for covering fat without being uncomfortable.  Seamless Underwear Thong styling combines with just the right amount of shaping.  Two steel bones on each side of the waist prevent curling.  Seamless shapewear is suitable for daily life, dating, party, shopping, and office, and stomach shapewear makes your body look more sexy and beautiful, and you will become more confident.  Fabric Details\u00a0: 83% Nylon\u00a017%\u00a0Spandex","og_url":"https:\/\/okseamless.com\/pt\/produto\/seamless-thong-tummy-control-panties\/","og_site_name":"Custom Seamless Shapewear and Yoga Wear Manufacturer in China","article_publisher":"https:\/\/www.facebook.com\/share\/1TH24JnBgY\/?mibextid=wwXIfr","og_image":[{"width":1600,"height":1600,"url":"https:\/\/okseamless.com\/wp-content\/uploads\/2025\/04\/DM_20250408165112_002.jpg","type":"image\/jpeg"}],"twitter_card":"summary_large_image","twitter_misc":{"Tempo estimado de leitura":"1 minuto"},"schema":{"@context":"https:\/\/schema.org","@graph":[{"@type":"WebPage","@id":"https:\/\/okseamless.com\/product\/seamless-thong-tummy-control-panties\/","url":"https:\/\/okseamless.com\/product\/seamless-thong-tummy-control-panties\/","name":"Seamless Thong Tummy Control Panties - Custom Seamless Shapewear and Yoga Wear Manufacturer in China","isPartOf":{"@id":"https:\/\/www.okseamless.com\/pt\/#website"},"primaryImageOfPage":{"@id":"https:\/\/okseamless.com\/product\/seamless-thong-tummy-control-panties\/#primaryimage"},"image":{"@id":"https:\/\/okseamless.com\/product\/seamless-thong-tummy-control-panties\/#primaryimage"},"thumbnailUrl":"https:\/\/okseamless.com\/wp-content\/uploads\/2025\/04\/DM_20250408165112_002.jpg","datePublished":"2025-04-12T03:04:28+00:00","breadcrumb":{"@id":"https:\/\/okseamless.com\/product\/seamless-thong-tummy-control-panties\/#breadcrumb"},"inLanguage":"pt-PT","potentialAction":[{"@type":"ReadAction","target":["https:\/\/okseamless.com\/product\/seamless-thong-tummy-control-panties\/"]}]},{"@type":"ImageObject","inLanguage":"pt-PT","@id":"https:\/\/okseamless.com\/product\/seamless-thong-tummy-control-panties\/#primaryimage","url":"https:\/\/okseamless.com\/wp-content\/uploads\/2025\/04\/DM_20250408165112_002.jpg","contentUrl":"https:\/\/okseamless.com\/wp-content\/uploads\/2025\/04\/DM_20250408165112_002.jpg","width":1600,"height":1600},{"@type":"BreadcrumbList","@id":"https:\/\/okseamless.com\/product\/seamless-thong-tummy-control-panties\/#breadcrumb","itemListElement":[{"@type":"ListItem","position":1,"name":"\u9996\u9875","item":"https:\/\/okseamless.com\/"},{"@type":"ListItem","position":2,"name":"Produtos","item":"https:\/\/www.okseamless.com\/pt\/shop\/"},{"@type":"ListItem","position":3,"name":"Seamless Thong Tummy Control Panties"}]},{"@type":"WebSite","@id":"https:\/\/www.okseamless.com\/pt\/#website","url":"https:\/\/www.okseamless.com\/pt\/","name":"Custom Seamless Shapewear and Yoga Wear Manufacturer in China","description":"","publisher":{"@id":"https:\/\/www.okseamless.com\/pt\/#organization"},"potentialAction":[{"@type":"SearchAction","target":{"@type":"EntryPoint","urlTemplate":"https:\/\/www.okseamless.com\/pt\/?s={search_term_string}"},"query-input":{"@type":"PropertyValueSpecification","valueRequired":true,"valueName":"search_term_string"}}],"inLanguage":"pt-PT"},{"@type":"Organization","@id":"https:\/\/www.okseamless.com\/pt\/#organization","name":"Custom Seamless Shapewear and Yoga Wear Manufacturer in China","url":"https:\/\/www.okseamless.com\/pt\/","logo":{"@type":"ImageObject","inLanguage":"pt-PT","@id":"https:\/\/www.okseamless.com\/pt\/#\/schema\/logo\/image\/","url":"https:\/\/okseamless.com\/wp-content\/uploads\/2025\/03\/LOGO.png","contentUrl":"https:\/\/okseamless.com\/wp-content\/uploads\/2025\/03\/LOGO.png","width":685,"height":218,"caption":"Custom Seamless Shapewear and Yoga Wear Manufacturer in China"},"image":{"@id":"https:\/\/www.okseamless.com\/pt\/#\/schema\/logo\/image\/"},"sameAs":["https:\/\/www.facebook.com\/share\/1TH24JnBgY\/?mibextid=wwXIfr"]}]}},"_links":{"self":[{"href":"https:\/\/okseamless.com\/pt\/wp-json\/wp\/v2\/product\/2902","targetHints":{"allow":["GET"]}}],"collection":[{"href":"https:\/\/okseamless.com\/pt\/wp-json\/wp\/v2\/product"}],"about":[{"href":"https:\/\/okseamless.com\/pt\/wp-json\/wp\/v2\/types\/product"}],"wp:featuredmedia":[{"embeddable":true,"href":"https:\/\/okseamless.com\/pt\/wp-json\/wp\/v2\/media\/2916"}],"wp:attachment":[{"href":"https:\/\/okseamless.com\/pt\/wp-json\/wp\/v2\/media?parent=2902"}],"wp:term":[{"taxonomy":"product_brand","embeddable":true,"href":"https:\/\/okseamless.com\/pt\/wp-json\/wp\/v2\/product_brand?post=2902"},{"taxonomy":"product_cat","embeddable":true,"href":"https:\/\/okseamless.com\/pt\/wp-json\/wp\/v2\/product_cat?post=2902"},{"taxonomy":"product_tag","embeddable":true,"href":"https:\/\/okseamless.com\/pt\/wp-json\/wp\/v2\/product_tag?post=2902"}],"curies":[{"name":"wp","href":"https:\/\/api.w.org\/{rel}","templated":true}]}}