{"id":2749,"date":"2025-04-12T01:25:09","date_gmt":"2025-04-12T01:25:09","guid":{"rendered":"https:\/\/okseamless.com\/?post_type=product&#038;p=2749"},"modified":"2025-04-18T08:02:02","modified_gmt":"2025-04-18T08:02:02","slug":"full-body-seamless-shapewear-bodysuit","status":"publish","type":"product","link":"https:\/\/okseamless.com\/pt\/produto\/full-body-seamless-shapewear-bodysuit\/","title":{"rendered":"Body de corpo inteiro sem costuras"},"content":{"rendered":"","protected":false},"excerpt":{"rendered":"<p>Model NO: JS050<\/p>\n<p><strong><b>Descri\u00e7\u00e3o<\/b><\/strong><\/p>\n<p>Descubra a derradeira transforma\u00e7\u00e3o do seu corpo com o nosso body modelador tudo-em-um. Concebido com um comprimento lisonjeiro a meio da coxa, faz maravilhas na sua figura, apertando o seu n\u00facleo, levantando e moldando as n\u00e1degas e o peito e alisando a parte superior das coxas. A constru\u00e7\u00e3o suave e sem costuras garante um ajuste confort\u00e1vel e melhora a forma natural do seu corpo.<\/p>\n<p><strong><b>Carater\u00edsticas<\/b><\/strong><strong><b>:<\/b><\/strong><\/p>\n<ul>\n<li>Featured better extensibility and elasticity than regular spandex, stretched easily. Fabric wicks away moisture to keep you cool and dry.<\/li>\n<li>360\u00b0 seamless well-made, reduce seam and skin contact for a more comfortable fit.<\/li>\n<li>Moderate compression smooths your flabby fat and belly bulges, shrinks your waistline and supports your back, butt lifter, and pushes your breast up.<\/li>\n<li>Designed with no compression bra and flexible cups can accommodate most bust sizes.<\/li>\n<\/ul>\n<p><strong><b>Detalhes do tecido<\/b><\/strong><\/p>\n<p>78% Polyester\u00a0 +22% Spandex<\/p>","protected":false},"featured_media":2753,"template":"","meta":[],"product_brand":[],"product_cat":[37],"product_tag":[],"class_list":{"0":"post-2749","1":"product","2":"type-product","3":"status-publish","4":"has-post-thumbnail","6":"product_cat-womens-bodysuits","8":"first","9":"instock","10":"shipping-taxable","11":"product-type-simple"},"yoast_head":"<!-- This site is optimized with the Yoast SEO plugin v27.4 - https:\/\/yoast.com\/product\/yoast-seo-wordpress\/ -->\n<title>Full Body Seamless Shapewear Bodysuit - Custom Seamless Shapewear and Yoga Wear Manufacturer in China<\/title>\n<meta name=\"robots\" content=\"index, follow, max-snippet:-1, max-image-preview:large, max-video-preview:-1\" \/>\n<link rel=\"canonical\" href=\"https:\/\/www.okseamless.com\/en_gb\/product\/full-body-seamless-shapewear-bodysuit\/\" \/>\n<meta property=\"og:locale\" content=\"pt_PT\" \/>\n<meta property=\"og:type\" content=\"article\" \/>\n<meta property=\"og:title\" content=\"Full Body Seamless Shapewear Bodysuit - Custom Seamless Shapewear and Yoga Wear Manufacturer in China\" \/>\n<meta property=\"og:description\" content=\"Model NO: JS050  Description  Discover the ultimate body transformation with our all-in-one shapewear bodysuit. Designed with a flattering mid-thigh length, it works wonders on your figure by cinching your core, lifting and shaping your buttocks and chest, and smoothing your upper thighs. The whisper-soft and seamless construction ensures a comfortable fit and enhances your body&#039;s natural shape.  Features:   Featured better extensibility and elasticity than regular spandex, stretched easily. Fabric wicks away moisture to keep you cool and dry.  360\u00b0 seamless well-made, reduce seam and skin contact for a more comfortable fit.  Moderate compression smooths your flabby fat and belly bulges, shrinks your waistline and supports your back, butt lifter, and pushes your breast up.  Designed with no compression bra and flexible cups can accommodate most bust sizes.  Fabric Details  78% Polyester\u00a0 +22% Spandex\" \/>\n<meta property=\"og:url\" content=\"https:\/\/www.okseamless.com\/en_gb\/product\/full-body-seamless-shapewear-bodysuit\/\" \/>\n<meta property=\"og:site_name\" content=\"Custom Seamless Shapewear and Yoga Wear Manufacturer in China\" \/>\n<meta property=\"article:publisher\" content=\"https:\/\/www.facebook.com\/share\/1TH24JnBgY\/?mibextid=wwXIfr\" \/>\n<meta property=\"article:modified_time\" content=\"2025-04-18T08:02:02+00:00\" \/>\n<meta property=\"og:image\" content=\"https:\/\/www.okseamless.com\/wp-content\/uploads\/2025\/04\/DM_20250408122827_002.jpg\" \/>\n\t<meta property=\"og:image:width\" content=\"1600\" \/>\n\t<meta property=\"og:image:height\" content=\"1600\" \/>\n\t<meta property=\"og:image:type\" content=\"image\/jpeg\" \/>\n<meta name=\"twitter:card\" content=\"summary_large_image\" \/>\n<meta name=\"twitter:label1\" content=\"Tempo estimado de leitura\" \/>\n\t<meta name=\"twitter:data1\" content=\"1 minuto\" \/>\n<script type=\"application\/ld+json\" class=\"yoast-schema-graph\">{\"@context\":\"https:\\\/\\\/schema.org\",\"@graph\":[{\"@type\":\"WebPage\",\"@id\":\"https:\\\/\\\/www.okseamless.com\\\/en_gb\\\/product\\\/full-body-seamless-shapewear-bodysuit\\\/\",\"url\":\"https:\\\/\\\/www.okseamless.com\\\/en_gb\\\/product\\\/full-body-seamless-shapewear-bodysuit\\\/\",\"name\":\"Full Body Seamless Shapewear Bodysuit - Custom Seamless Shapewear and Yoga Wear Manufacturer in China\",\"isPartOf\":{\"@id\":\"https:\\\/\\\/www.okseamless.com\\\/pt\\\/#website\"},\"primaryImageOfPage\":{\"@id\":\"https:\\\/\\\/www.okseamless.com\\\/en_gb\\\/product\\\/full-body-seamless-shapewear-bodysuit\\\/#primaryimage\"},\"image\":{\"@id\":\"https:\\\/\\\/www.okseamless.com\\\/en_gb\\\/product\\\/full-body-seamless-shapewear-bodysuit\\\/#primaryimage\"},\"thumbnailUrl\":\"https:\\\/\\\/okseamless.com\\\/wp-content\\\/uploads\\\/2025\\\/04\\\/DM_20250408122827_002.jpg\",\"datePublished\":\"2025-04-12T01:25:09+00:00\",\"dateModified\":\"2025-04-18T08:02:02+00:00\",\"breadcrumb\":{\"@id\":\"https:\\\/\\\/www.okseamless.com\\\/en_gb\\\/product\\\/full-body-seamless-shapewear-bodysuit\\\/#breadcrumb\"},\"inLanguage\":\"pt-PT\",\"potentialAction\":[{\"@type\":\"ReadAction\",\"target\":[\"https:\\\/\\\/www.okseamless.com\\\/en_gb\\\/product\\\/full-body-seamless-shapewear-bodysuit\\\/\"]}]},{\"@type\":\"ImageObject\",\"inLanguage\":\"pt-PT\",\"@id\":\"https:\\\/\\\/www.okseamless.com\\\/en_gb\\\/product\\\/full-body-seamless-shapewear-bodysuit\\\/#primaryimage\",\"url\":\"https:\\\/\\\/okseamless.com\\\/wp-content\\\/uploads\\\/2025\\\/04\\\/DM_20250408122827_002.jpg\",\"contentUrl\":\"https:\\\/\\\/okseamless.com\\\/wp-content\\\/uploads\\\/2025\\\/04\\\/DM_20250408122827_002.jpg\",\"width\":1600,\"height\":1600},{\"@type\":\"BreadcrumbList\",\"@id\":\"https:\\\/\\\/www.okseamless.com\\\/en_gb\\\/product\\\/full-body-seamless-shapewear-bodysuit\\\/#breadcrumb\",\"itemListElement\":[{\"@type\":\"ListItem\",\"position\":1,\"name\":\"\u9996\u9875\",\"item\":\"https:\\\/\\\/okseamless.com\\\/\"},{\"@type\":\"ListItem\",\"position\":2,\"name\":\"Produtos\",\"item\":\"https:\\\/\\\/www.okseamless.com\\\/pt\\\/shop\\\/\"},{\"@type\":\"ListItem\",\"position\":3,\"name\":\"Full Body Seamless Shapewear Bodysuit\"}]},{\"@type\":\"WebSite\",\"@id\":\"https:\\\/\\\/www.okseamless.com\\\/pt\\\/#website\",\"url\":\"https:\\\/\\\/www.okseamless.com\\\/pt\\\/\",\"name\":\"Custom Seamless Shapewear and Yoga Wear Manufacturer in China\",\"description\":\"\",\"publisher\":{\"@id\":\"https:\\\/\\\/www.okseamless.com\\\/pt\\\/#organization\"},\"potentialAction\":[{\"@type\":\"SearchAction\",\"target\":{\"@type\":\"EntryPoint\",\"urlTemplate\":\"https:\\\/\\\/www.okseamless.com\\\/pt\\\/?s={search_term_string}\"},\"query-input\":{\"@type\":\"PropertyValueSpecification\",\"valueRequired\":true,\"valueName\":\"search_term_string\"}}],\"inLanguage\":\"pt-PT\"},{\"@type\":\"Organization\",\"@id\":\"https:\\\/\\\/www.okseamless.com\\\/pt\\\/#organization\",\"name\":\"Custom Seamless Shapewear and Yoga Wear Manufacturer in China\",\"url\":\"https:\\\/\\\/www.okseamless.com\\\/pt\\\/\",\"logo\":{\"@type\":\"ImageObject\",\"inLanguage\":\"pt-PT\",\"@id\":\"https:\\\/\\\/www.okseamless.com\\\/pt\\\/#\\\/schema\\\/logo\\\/image\\\/\",\"url\":\"https:\\\/\\\/okseamless.com\\\/wp-content\\\/uploads\\\/2025\\\/03\\\/LOGO.png\",\"contentUrl\":\"https:\\\/\\\/okseamless.com\\\/wp-content\\\/uploads\\\/2025\\\/03\\\/LOGO.png\",\"width\":685,\"height\":218,\"caption\":\"Custom Seamless Shapewear and Yoga Wear Manufacturer in China\"},\"image\":{\"@id\":\"https:\\\/\\\/www.okseamless.com\\\/pt\\\/#\\\/schema\\\/logo\\\/image\\\/\"},\"sameAs\":[\"https:\\\/\\\/www.facebook.com\\\/share\\\/1TH24JnBgY\\\/?mibextid=wwXIfr\"]}]}<\/script>\n<!-- \/ Yoast SEO plugin. -->","yoast_head_json":{"title":"Full Body Seamless Shapewear Bodysuit - Custom Seamless Shapewear and Yoga Wear Manufacturer in China","robots":{"index":"index","follow":"follow","max-snippet":"max-snippet:-1","max-image-preview":"max-image-preview:large","max-video-preview":"max-video-preview:-1"},"canonical":"https:\/\/www.okseamless.com\/en_gb\/product\/full-body-seamless-shapewear-bodysuit\/","og_locale":"pt_PT","og_type":"article","og_title":"Full Body Seamless Shapewear Bodysuit - Custom Seamless Shapewear and Yoga Wear Manufacturer in China","og_description":"Model NO: JS050  Description  Discover the ultimate body transformation with our all-in-one shapewear bodysuit. Designed with a flattering mid-thigh length, it works wonders on your figure by cinching your core, lifting and shaping your buttocks and chest, and smoothing your upper thighs. The whisper-soft and seamless construction ensures a comfortable fit and enhances your body's natural shape.  Features:   Featured better extensibility and elasticity than regular spandex, stretched easily. Fabric wicks away moisture to keep you cool and dry.  360\u00b0 seamless well-made, reduce seam and skin contact for a more comfortable fit.  Moderate compression smooths your flabby fat and belly bulges, shrinks your waistline and supports your back, butt lifter, and pushes your breast up.  Designed with no compression bra and flexible cups can accommodate most bust sizes.  Fabric Details  78% Polyester\u00a0 +22% Spandex","og_url":"https:\/\/www.okseamless.com\/en_gb\/product\/full-body-seamless-shapewear-bodysuit\/","og_site_name":"Custom Seamless Shapewear and Yoga Wear Manufacturer in China","article_publisher":"https:\/\/www.facebook.com\/share\/1TH24JnBgY\/?mibextid=wwXIfr","article_modified_time":"2025-04-18T08:02:02+00:00","og_image":[{"width":1600,"height":1600,"url":"https:\/\/www.okseamless.com\/wp-content\/uploads\/2025\/04\/DM_20250408122827_002.jpg","type":"image\/jpeg"}],"twitter_card":"summary_large_image","twitter_misc":{"Tempo estimado de leitura":"1 minuto"},"schema":{"@context":"https:\/\/schema.org","@graph":[{"@type":"WebPage","@id":"https:\/\/www.okseamless.com\/en_gb\/product\/full-body-seamless-shapewear-bodysuit\/","url":"https:\/\/www.okseamless.com\/en_gb\/product\/full-body-seamless-shapewear-bodysuit\/","name":"Full Body Seamless Shapewear Bodysuit - Custom Seamless Shapewear and Yoga Wear Manufacturer in China","isPartOf":{"@id":"https:\/\/www.okseamless.com\/pt\/#website"},"primaryImageOfPage":{"@id":"https:\/\/www.okseamless.com\/en_gb\/product\/full-body-seamless-shapewear-bodysuit\/#primaryimage"},"image":{"@id":"https:\/\/www.okseamless.com\/en_gb\/product\/full-body-seamless-shapewear-bodysuit\/#primaryimage"},"thumbnailUrl":"https:\/\/okseamless.com\/wp-content\/uploads\/2025\/04\/DM_20250408122827_002.jpg","datePublished":"2025-04-12T01:25:09+00:00","dateModified":"2025-04-18T08:02:02+00:00","breadcrumb":{"@id":"https:\/\/www.okseamless.com\/en_gb\/product\/full-body-seamless-shapewear-bodysuit\/#breadcrumb"},"inLanguage":"pt-PT","potentialAction":[{"@type":"ReadAction","target":["https:\/\/www.okseamless.com\/en_gb\/product\/full-body-seamless-shapewear-bodysuit\/"]}]},{"@type":"ImageObject","inLanguage":"pt-PT","@id":"https:\/\/www.okseamless.com\/en_gb\/product\/full-body-seamless-shapewear-bodysuit\/#primaryimage","url":"https:\/\/okseamless.com\/wp-content\/uploads\/2025\/04\/DM_20250408122827_002.jpg","contentUrl":"https:\/\/okseamless.com\/wp-content\/uploads\/2025\/04\/DM_20250408122827_002.jpg","width":1600,"height":1600},{"@type":"BreadcrumbList","@id":"https:\/\/www.okseamless.com\/en_gb\/product\/full-body-seamless-shapewear-bodysuit\/#breadcrumb","itemListElement":[{"@type":"ListItem","position":1,"name":"\u9996\u9875","item":"https:\/\/okseamless.com\/"},{"@type":"ListItem","position":2,"name":"Produtos","item":"https:\/\/www.okseamless.com\/pt\/shop\/"},{"@type":"ListItem","position":3,"name":"Full Body Seamless Shapewear Bodysuit"}]},{"@type":"WebSite","@id":"https:\/\/www.okseamless.com\/pt\/#website","url":"https:\/\/www.okseamless.com\/pt\/","name":"Custom Seamless Shapewear and Yoga Wear Manufacturer in China","description":"","publisher":{"@id":"https:\/\/www.okseamless.com\/pt\/#organization"},"potentialAction":[{"@type":"SearchAction","target":{"@type":"EntryPoint","urlTemplate":"https:\/\/www.okseamless.com\/pt\/?s={search_term_string}"},"query-input":{"@type":"PropertyValueSpecification","valueRequired":true,"valueName":"search_term_string"}}],"inLanguage":"pt-PT"},{"@type":"Organization","@id":"https:\/\/www.okseamless.com\/pt\/#organization","name":"Custom Seamless Shapewear and Yoga Wear Manufacturer in China","url":"https:\/\/www.okseamless.com\/pt\/","logo":{"@type":"ImageObject","inLanguage":"pt-PT","@id":"https:\/\/www.okseamless.com\/pt\/#\/schema\/logo\/image\/","url":"https:\/\/okseamless.com\/wp-content\/uploads\/2025\/03\/LOGO.png","contentUrl":"https:\/\/okseamless.com\/wp-content\/uploads\/2025\/03\/LOGO.png","width":685,"height":218,"caption":"Custom Seamless Shapewear and Yoga Wear Manufacturer in China"},"image":{"@id":"https:\/\/www.okseamless.com\/pt\/#\/schema\/logo\/image\/"},"sameAs":["https:\/\/www.facebook.com\/share\/1TH24JnBgY\/?mibextid=wwXIfr"]}]}},"_links":{"self":[{"href":"https:\/\/okseamless.com\/pt\/wp-json\/wp\/v2\/product\/2749","targetHints":{"allow":["GET"]}}],"collection":[{"href":"https:\/\/okseamless.com\/pt\/wp-json\/wp\/v2\/product"}],"about":[{"href":"https:\/\/okseamless.com\/pt\/wp-json\/wp\/v2\/types\/product"}],"wp:featuredmedia":[{"embeddable":true,"href":"https:\/\/okseamless.com\/pt\/wp-json\/wp\/v2\/media\/2753"}],"wp:attachment":[{"href":"https:\/\/okseamless.com\/pt\/wp-json\/wp\/v2\/media?parent=2749"}],"wp:term":[{"taxonomy":"product_brand","embeddable":true,"href":"https:\/\/okseamless.com\/pt\/wp-json\/wp\/v2\/product_brand?post=2749"},{"taxonomy":"product_cat","embeddable":true,"href":"https:\/\/okseamless.com\/pt\/wp-json\/wp\/v2\/product_cat?post=2749"},{"taxonomy":"product_tag","embeddable":true,"href":"https:\/\/okseamless.com\/pt\/wp-json\/wp\/v2\/product_tag?post=2749"}],"curies":[{"name":"wp","href":"https:\/\/api.w.org\/{rel}","templated":true}]}}