{"id":2483,"date":"2025-04-11T02:13:08","date_gmt":"2025-04-11T02:13:08","guid":{"rendered":"https:\/\/okseamless.com\/?post_type=product&#038;p=2483"},"modified":"2025-04-11T02:13:10","modified_gmt":"2025-04-11T02:13:10","slug":"elastic-anti-chafing-shorts","status":"publish","type":"product","link":"https:\/\/okseamless.com\/pt\/produto\/elastic-anti-chafing-shorts\/","title":{"rendered":"Cal\u00e7\u00f5es el\u00e1sticos anti-gripagem"},"content":{"rendered":"","protected":false},"excerpt":{"rendered":"<p>Model NO:JS019<\/p>\n<p><strong><b>Descri\u00e7\u00e3o<\/b><\/strong><\/p>\n<p>Est\u00e1 \u00e0 procura de uma transforma\u00e7\u00e3o total? Est\u00e1 no s\u00edtio certo. Este modelador escultural \u00e9 leve e poderoso. Estes cal\u00e7\u00f5es de cintura subida sem costuras s\u00e3o leves e esticam a figura para um emagrecimento respir\u00e1vel e confort\u00e1vel que mant\u00e9m o seu corpo com um aspeto suave e curvil\u00edneo em todos os seus \"fits\".<\/p>\n<p><strong><b>Carater\u00edsticas<\/b><\/strong><strong><b>:<\/b><\/strong><\/p>\n<ul>\n<li>Estes cal\u00e7\u00f5es de cintura alta para controlo da barriga para mulher ir\u00e3o modelar a sua cintura imediatamente. Concebidos para proporcionar uma compress\u00e3o firme mas confort\u00e1vel, ajudam a suavizar quaisquer protuber\u00e2ncias e a criar uma silhueta mais aerodin\u00e2mica.<\/li>\n<li>Esta cueca de cintura subida, a meio da coxa, com modelador de corpo, para mulher, emagrece as coxas. O tecido de compress\u00e3o modela e alisa suavemente as coxas, criando um efeito adelga\u00e7ante e minimizando o aparecimento de celulite.<\/li>\n<li>Mant\u00e9m a pele seca e evita a fric\u00e7\u00e3o entre as coxas, reduzindo a probabilidade de assaduras e irrita\u00e7\u00f5es.<\/li>\n<li>O design sem costuras ajuda a evitar quaisquer linhas vis\u00edveis, assegurando um aspeto discreto sob a roupa.<\/li>\n<li>The best shapewear for weddings, parties, work, reunions, ceremonies, meetings, and any time you want to look your best. Gives you more self-confidence, makes you more beautiful and personality.<\/li>\n<\/ul>\n<p><strong><b>Detalhes do tecido<\/b><\/strong><\/p>\n<p>90% Nylon<\/p>\n<p>10% Spandex<\/p>","protected":false},"featured_media":2491,"template":"","meta":[],"product_brand":[],"product_cat":[36],"product_tag":[],"class_list":{"0":"post-2483","1":"product","2":"type-product","3":"status-publish","4":"has-post-thumbnail","6":"product_cat-womens-bottoms","8":"first","9":"instock","10":"shipping-taxable","11":"product-type-simple"},"yoast_head":"<!-- This site is optimized with the Yoast SEO plugin v27.4 - https:\/\/yoast.com\/product\/yoast-seo-wordpress\/ -->\n<title>Elastic Anti-Chafing Shorts - Custom Seamless Shapewear and Yoga Wear Manufacturer in China<\/title>\n<meta name=\"robots\" content=\"index, follow, max-snippet:-1, max-image-preview:large, max-video-preview:-1\" \/>\n<link rel=\"canonical\" href=\"https:\/\/www.okseamless.com\/product\/elastic-anti-chafing-shorts\/\" \/>\n<meta property=\"og:locale\" content=\"pt_PT\" \/>\n<meta property=\"og:type\" content=\"article\" \/>\n<meta property=\"og:title\" content=\"Elastic Anti-Chafing Shorts - Custom Seamless Shapewear and Yoga Wear Manufacturer in China\" \/>\n<meta property=\"og:description\" content=\"Model NO:JS019  Description  Looking for a total transformation? You\u2019re in the right place. This sculpting shaper is lightweight and powerful. This Seamless High Waisted Shorts in lightweight, figure-sculpting stretch for breathable and comfortable slimming that keeps your body looking smooth and curvy in all your &quot;fits&quot;.  Features:   This high waist shapewear shorts for women&#039;s tummy control will Shape your Waist Immediately. Designed to provide a firm but comfortable compression, helping to smooth out any bumps or bulges and create a more streamlined silhouette.  This high-waist panty mid-thigh body shaper bodysuit shapewear for women will slim your thigh. The compression fabric gently shapes and smoothes the thighs, creating a slimming effect and minimizing the appearance of cellulite.  Keep your skin dry and prevents friction between the thighs, reducing the likelihood of chafing and irritation.  The seamless design helps to prevent any visible lines, ensuring a discreet look under clothing.  The best shapewear for weddings, parties, work, reunions, ceremonies, meetings, and any time you want to look your best. Gives you more self-confidence, makes you more beautiful and personality.  Fabric Details  90% Nylon  10% Spandex\" \/>\n<meta property=\"og:url\" content=\"https:\/\/www.okseamless.com\/product\/elastic-anti-chafing-shorts\/\" \/>\n<meta property=\"og:site_name\" content=\"Custom Seamless Shapewear and Yoga Wear Manufacturer in China\" \/>\n<meta property=\"article:publisher\" content=\"https:\/\/www.facebook.com\/share\/1TH24JnBgY\/?mibextid=wwXIfr\" \/>\n<meta property=\"article:modified_time\" content=\"2025-04-11T02:13:10+00:00\" \/>\n<meta property=\"og:image\" content=\"https:\/\/www.okseamless.com\/wp-content\/uploads\/2025\/04\/DM_20250408182923_002.jpg\" \/>\n\t<meta property=\"og:image:width\" content=\"1600\" \/>\n\t<meta property=\"og:image:height\" content=\"1600\" \/>\n\t<meta property=\"og:image:type\" content=\"image\/jpeg\" \/>\n<meta name=\"twitter:card\" content=\"summary_large_image\" \/>\n<meta name=\"twitter:label1\" content=\"Tempo estimado de leitura\" \/>\n\t<meta name=\"twitter:data1\" content=\"1 minuto\" \/>\n<script type=\"application\/ld+json\" class=\"yoast-schema-graph\">{\"@context\":\"https:\\\/\\\/schema.org\",\"@graph\":[{\"@type\":\"WebPage\",\"@id\":\"https:\\\/\\\/www.okseamless.com\\\/product\\\/elastic-anti-chafing-shorts\\\/\",\"url\":\"https:\\\/\\\/www.okseamless.com\\\/product\\\/elastic-anti-chafing-shorts\\\/\",\"name\":\"Elastic Anti-Chafing Shorts - Custom Seamless Shapewear and Yoga Wear Manufacturer in China\",\"isPartOf\":{\"@id\":\"https:\\\/\\\/www.okseamless.com\\\/pt\\\/#website\"},\"primaryImageOfPage\":{\"@id\":\"https:\\\/\\\/www.okseamless.com\\\/product\\\/elastic-anti-chafing-shorts\\\/#primaryimage\"},\"image\":{\"@id\":\"https:\\\/\\\/www.okseamless.com\\\/product\\\/elastic-anti-chafing-shorts\\\/#primaryimage\"},\"thumbnailUrl\":\"https:\\\/\\\/okseamless.com\\\/wp-content\\\/uploads\\\/2025\\\/04\\\/DM_20250408182923_002.jpg\",\"datePublished\":\"2025-04-11T02:13:08+00:00\",\"dateModified\":\"2025-04-11T02:13:10+00:00\",\"breadcrumb\":{\"@id\":\"https:\\\/\\\/www.okseamless.com\\\/product\\\/elastic-anti-chafing-shorts\\\/#breadcrumb\"},\"inLanguage\":\"pt-PT\",\"potentialAction\":[{\"@type\":\"ReadAction\",\"target\":[\"https:\\\/\\\/www.okseamless.com\\\/product\\\/elastic-anti-chafing-shorts\\\/\"]}]},{\"@type\":\"ImageObject\",\"inLanguage\":\"pt-PT\",\"@id\":\"https:\\\/\\\/www.okseamless.com\\\/product\\\/elastic-anti-chafing-shorts\\\/#primaryimage\",\"url\":\"https:\\\/\\\/okseamless.com\\\/wp-content\\\/uploads\\\/2025\\\/04\\\/DM_20250408182923_002.jpg\",\"contentUrl\":\"https:\\\/\\\/okseamless.com\\\/wp-content\\\/uploads\\\/2025\\\/04\\\/DM_20250408182923_002.jpg\",\"width\":1600,\"height\":1600},{\"@type\":\"BreadcrumbList\",\"@id\":\"https:\\\/\\\/www.okseamless.com\\\/product\\\/elastic-anti-chafing-shorts\\\/#breadcrumb\",\"itemListElement\":[{\"@type\":\"ListItem\",\"position\":1,\"name\":\"\u9996\u9875\",\"item\":\"https:\\\/\\\/okseamless.com\\\/\"},{\"@type\":\"ListItem\",\"position\":2,\"name\":\"Produtos\",\"item\":\"https:\\\/\\\/www.okseamless.com\\\/pt\\\/shop\\\/\"},{\"@type\":\"ListItem\",\"position\":3,\"name\":\"Elastic Anti-Chafing Shorts\"}]},{\"@type\":\"WebSite\",\"@id\":\"https:\\\/\\\/www.okseamless.com\\\/pt\\\/#website\",\"url\":\"https:\\\/\\\/www.okseamless.com\\\/pt\\\/\",\"name\":\"Custom Seamless Shapewear and Yoga Wear Manufacturer in China\",\"description\":\"\",\"publisher\":{\"@id\":\"https:\\\/\\\/www.okseamless.com\\\/pt\\\/#organization\"},\"potentialAction\":[{\"@type\":\"SearchAction\",\"target\":{\"@type\":\"EntryPoint\",\"urlTemplate\":\"https:\\\/\\\/www.okseamless.com\\\/pt\\\/?s={search_term_string}\"},\"query-input\":{\"@type\":\"PropertyValueSpecification\",\"valueRequired\":true,\"valueName\":\"search_term_string\"}}],\"inLanguage\":\"pt-PT\"},{\"@type\":\"Organization\",\"@id\":\"https:\\\/\\\/www.okseamless.com\\\/pt\\\/#organization\",\"name\":\"Custom Seamless Shapewear and Yoga Wear Manufacturer in China\",\"url\":\"https:\\\/\\\/www.okseamless.com\\\/pt\\\/\",\"logo\":{\"@type\":\"ImageObject\",\"inLanguage\":\"pt-PT\",\"@id\":\"https:\\\/\\\/www.okseamless.com\\\/pt\\\/#\\\/schema\\\/logo\\\/image\\\/\",\"url\":\"https:\\\/\\\/okseamless.com\\\/wp-content\\\/uploads\\\/2025\\\/03\\\/LOGO.png\",\"contentUrl\":\"https:\\\/\\\/okseamless.com\\\/wp-content\\\/uploads\\\/2025\\\/03\\\/LOGO.png\",\"width\":685,\"height\":218,\"caption\":\"Custom Seamless Shapewear and Yoga Wear Manufacturer in China\"},\"image\":{\"@id\":\"https:\\\/\\\/www.okseamless.com\\\/pt\\\/#\\\/schema\\\/logo\\\/image\\\/\"},\"sameAs\":[\"https:\\\/\\\/www.facebook.com\\\/share\\\/1TH24JnBgY\\\/?mibextid=wwXIfr\"]}]}<\/script>\n<!-- \/ Yoast SEO plugin. -->","yoast_head_json":{"title":"Elastic Anti-Chafing Shorts - Custom Seamless Shapewear and Yoga Wear Manufacturer in China","robots":{"index":"index","follow":"follow","max-snippet":"max-snippet:-1","max-image-preview":"max-image-preview:large","max-video-preview":"max-video-preview:-1"},"canonical":"https:\/\/www.okseamless.com\/product\/elastic-anti-chafing-shorts\/","og_locale":"pt_PT","og_type":"article","og_title":"Elastic Anti-Chafing Shorts - Custom Seamless Shapewear and Yoga Wear Manufacturer in China","og_description":"Model NO:JS019  Description  Looking for a total transformation? You\u2019re in the right place. This sculpting shaper is lightweight and powerful. This Seamless High Waisted Shorts in lightweight, figure-sculpting stretch for breathable and comfortable slimming that keeps your body looking smooth and curvy in all your \"fits\".  Features:   This high waist shapewear shorts for women's tummy control will Shape your Waist Immediately. Designed to provide a firm but comfortable compression, helping to smooth out any bumps or bulges and create a more streamlined silhouette.  This high-waist panty mid-thigh body shaper bodysuit shapewear for women will slim your thigh. The compression fabric gently shapes and smoothes the thighs, creating a slimming effect and minimizing the appearance of cellulite.  Keep your skin dry and prevents friction between the thighs, reducing the likelihood of chafing and irritation.  The seamless design helps to prevent any visible lines, ensuring a discreet look under clothing.  The best shapewear for weddings, parties, work, reunions, ceremonies, meetings, and any time you want to look your best. Gives you more self-confidence, makes you more beautiful and personality.  Fabric Details  90% Nylon  10% Spandex","og_url":"https:\/\/www.okseamless.com\/product\/elastic-anti-chafing-shorts\/","og_site_name":"Custom Seamless Shapewear and Yoga Wear Manufacturer in China","article_publisher":"https:\/\/www.facebook.com\/share\/1TH24JnBgY\/?mibextid=wwXIfr","article_modified_time":"2025-04-11T02:13:10+00:00","og_image":[{"width":1600,"height":1600,"url":"https:\/\/www.okseamless.com\/wp-content\/uploads\/2025\/04\/DM_20250408182923_002.jpg","type":"image\/jpeg"}],"twitter_card":"summary_large_image","twitter_misc":{"Tempo estimado de leitura":"1 minuto"},"schema":{"@context":"https:\/\/schema.org","@graph":[{"@type":"WebPage","@id":"https:\/\/www.okseamless.com\/product\/elastic-anti-chafing-shorts\/","url":"https:\/\/www.okseamless.com\/product\/elastic-anti-chafing-shorts\/","name":"Elastic Anti-Chafing Shorts - Custom Seamless Shapewear and Yoga Wear Manufacturer in China","isPartOf":{"@id":"https:\/\/www.okseamless.com\/pt\/#website"},"primaryImageOfPage":{"@id":"https:\/\/www.okseamless.com\/product\/elastic-anti-chafing-shorts\/#primaryimage"},"image":{"@id":"https:\/\/www.okseamless.com\/product\/elastic-anti-chafing-shorts\/#primaryimage"},"thumbnailUrl":"https:\/\/okseamless.com\/wp-content\/uploads\/2025\/04\/DM_20250408182923_002.jpg","datePublished":"2025-04-11T02:13:08+00:00","dateModified":"2025-04-11T02:13:10+00:00","breadcrumb":{"@id":"https:\/\/www.okseamless.com\/product\/elastic-anti-chafing-shorts\/#breadcrumb"},"inLanguage":"pt-PT","potentialAction":[{"@type":"ReadAction","target":["https:\/\/www.okseamless.com\/product\/elastic-anti-chafing-shorts\/"]}]},{"@type":"ImageObject","inLanguage":"pt-PT","@id":"https:\/\/www.okseamless.com\/product\/elastic-anti-chafing-shorts\/#primaryimage","url":"https:\/\/okseamless.com\/wp-content\/uploads\/2025\/04\/DM_20250408182923_002.jpg","contentUrl":"https:\/\/okseamless.com\/wp-content\/uploads\/2025\/04\/DM_20250408182923_002.jpg","width":1600,"height":1600},{"@type":"BreadcrumbList","@id":"https:\/\/www.okseamless.com\/product\/elastic-anti-chafing-shorts\/#breadcrumb","itemListElement":[{"@type":"ListItem","position":1,"name":"\u9996\u9875","item":"https:\/\/okseamless.com\/"},{"@type":"ListItem","position":2,"name":"Produtos","item":"https:\/\/www.okseamless.com\/pt\/shop\/"},{"@type":"ListItem","position":3,"name":"Elastic Anti-Chafing Shorts"}]},{"@type":"WebSite","@id":"https:\/\/www.okseamless.com\/pt\/#website","url":"https:\/\/www.okseamless.com\/pt\/","name":"Custom Seamless Shapewear and Yoga Wear Manufacturer in China","description":"","publisher":{"@id":"https:\/\/www.okseamless.com\/pt\/#organization"},"potentialAction":[{"@type":"SearchAction","target":{"@type":"EntryPoint","urlTemplate":"https:\/\/www.okseamless.com\/pt\/?s={search_term_string}"},"query-input":{"@type":"PropertyValueSpecification","valueRequired":true,"valueName":"search_term_string"}}],"inLanguage":"pt-PT"},{"@type":"Organization","@id":"https:\/\/www.okseamless.com\/pt\/#organization","name":"Custom Seamless Shapewear and Yoga Wear Manufacturer in China","url":"https:\/\/www.okseamless.com\/pt\/","logo":{"@type":"ImageObject","inLanguage":"pt-PT","@id":"https:\/\/www.okseamless.com\/pt\/#\/schema\/logo\/image\/","url":"https:\/\/okseamless.com\/wp-content\/uploads\/2025\/03\/LOGO.png","contentUrl":"https:\/\/okseamless.com\/wp-content\/uploads\/2025\/03\/LOGO.png","width":685,"height":218,"caption":"Custom Seamless Shapewear and Yoga Wear Manufacturer in China"},"image":{"@id":"https:\/\/www.okseamless.com\/pt\/#\/schema\/logo\/image\/"},"sameAs":["https:\/\/www.facebook.com\/share\/1TH24JnBgY\/?mibextid=wwXIfr"]}]}},"_links":{"self":[{"href":"https:\/\/okseamless.com\/pt\/wp-json\/wp\/v2\/product\/2483","targetHints":{"allow":["GET"]}}],"collection":[{"href":"https:\/\/okseamless.com\/pt\/wp-json\/wp\/v2\/product"}],"about":[{"href":"https:\/\/okseamless.com\/pt\/wp-json\/wp\/v2\/types\/product"}],"wp:featuredmedia":[{"embeddable":true,"href":"https:\/\/okseamless.com\/pt\/wp-json\/wp\/v2\/media\/2491"}],"wp:attachment":[{"href":"https:\/\/okseamless.com\/pt\/wp-json\/wp\/v2\/media?parent=2483"}],"wp:term":[{"taxonomy":"product_brand","embeddable":true,"href":"https:\/\/okseamless.com\/pt\/wp-json\/wp\/v2\/product_brand?post=2483"},{"taxonomy":"product_cat","embeddable":true,"href":"https:\/\/okseamless.com\/pt\/wp-json\/wp\/v2\/product_cat?post=2483"},{"taxonomy":"product_tag","embeddable":true,"href":"https:\/\/okseamless.com\/pt\/wp-json\/wp\/v2\/product_tag?post=2483"}],"curies":[{"name":"wp","href":"https:\/\/api.w.org\/{rel}","templated":true}]}}