{"id":2473,"date":"2025-04-11T02:06:27","date_gmt":"2025-04-11T02:06:27","guid":{"rendered":"https:\/\/okseamless.com\/?post_type=product&#038;p=2473"},"modified":"2025-04-11T02:06:27","modified_gmt":"2025-04-11T02:06:27","slug":"elastic-anti-chafing-lace-shorts","status":"publish","type":"product","link":"https:\/\/okseamless.com\/pt\/produto\/elastic-anti-chafing-lace-shorts\/","title":{"rendered":"Cal\u00e7\u00f5es de renda el\u00e1stica anti-escaras"},"content":{"rendered":"","protected":false},"excerpt":{"rendered":"<p>Modelo NO:JS018<\/p>\n<p><strong><b>Descri\u00e7\u00e3o<\/b><\/strong><\/p>\n<p>Quer sentir-se e estar no seu melhor em segundos? Cal\u00e7\u00f5es Elastic Anti Chafing Lace concebidos para proporcionar conforto e prote\u00e7\u00e3o contra as irrita\u00e7\u00f5es. S\u00e3o feitos de uma mistura de materiais respir\u00e1veis e el\u00e1sticos que se ajustam confortavelmente ao corpo. Est\u00e3o dispon\u00edveis em v\u00e1rios tamanhos e cores para se adaptarem \u00e0s prefer\u00eancias individuais. Proporcionam uma solu\u00e7\u00e3o pr\u00e1tica para as mulheres que procuram manter-se confort\u00e1veis e confiantes ao longo do dia.<\/p>\n<p><strong><b>Carater\u00edsticas<\/b><\/strong><strong><b>:<\/b><\/strong><\/p>\n<ul>\n<li>Esta cuequinha de cintura m\u00e9dia a alta ajuda a alisar a barriga, a manter o est\u00f4mago dentro com um ligeiro controlo, a dar-lhe uma forma corporal suave e ajustada e a torn\u00e1-la mais sexy e atraente.<\/li>\n<li>Com uma cintura larga e um design de bainha larga, estes cal\u00e7\u00f5es modeladores para mulher ficar\u00e3o sempre no s\u00edtio certo, sem escorregar, enrolar ou apertar.<\/li>\n<li>Uma vez que o tecido \u00e9 sedoso e el\u00e1stico, estes cal\u00e7\u00f5es de controlo da barriga n\u00e3o s\u00e3o apenas uma roupa interior de controlo para mulher, mas tamb\u00e9m podem ser utilizados como cal\u00e7\u00f5es para vestir ou para dormir. Pode vesti-los com uma saia, um vestido ou umas cal\u00e7as, e tamb\u00e9m pode us\u00e1-los em casa.<\/li>\n<li>Leve, respir\u00e1vel e de secagem r\u00e1pida.<\/li>\n<li>Para um aspeto mais esculpido, consulte sempre a nossa tabela de tamanhos para obter o melhor ajuste, desde tamanhos pequenos a tamanhos grandes.<\/li>\n<\/ul>\n<p><strong><b>Material<\/b><\/strong><\/p>\n<p>Corpo\uff1a86%Nylon e 14% Spandex<\/p>\n<p>Renda\uff1a90%Nylon e 10% Spandex<\/p>","protected":false},"featured_media":2475,"template":"","meta":[],"product_brand":[],"product_cat":[36],"product_tag":[],"class_list":{"0":"post-2473","1":"product","2":"type-product","3":"status-publish","4":"has-post-thumbnail","6":"product_cat-womens-bottoms","8":"first","9":"instock","10":"shipping-taxable","11":"product-type-simple"},"yoast_head":"<!-- This site is optimized with the Yoast SEO plugin v27.4 - https:\/\/yoast.com\/product\/yoast-seo-wordpress\/ -->\n<title>Elastic Anti Chafing Lace Shorts - Custom Seamless Shapewear and Yoga Wear Manufacturer in China<\/title>\n<meta name=\"robots\" content=\"index, follow, max-snippet:-1, max-image-preview:large, max-video-preview:-1\" \/>\n<link rel=\"canonical\" href=\"https:\/\/www.okseamless.com\/product\/elastic-anti-chafing-lace-shorts\/\" \/>\n<meta property=\"og:locale\" content=\"pt_PT\" \/>\n<meta property=\"og:type\" content=\"article\" \/>\n<meta property=\"og:title\" content=\"Elastic Anti Chafing Lace Shorts - Custom Seamless Shapewear and Yoga Wear Manufacturer in China\" \/>\n<meta property=\"og:description\" content=\"Model NO:JS018  Description  Want to feel &amp; look your best in seconds? Elastic Anti Chafing Lace Shorts designed to provide comfort and protection against chafing. They are made from a blend of breathable and stretchable materials that fit snugly against the body. Available in various sizes and colors to suit individual preferences. They provide a practical solution for women looking to stay comfortable and confident throughout the day.  Features:   This mid to high-waist-shaping panties boyshorts helps to flatten your tummy, hold your stomach in with light control, give you a smooth and fitted body shape, and make you look sexier and eye-catching.  With a wide waistband and wide hem design, this shaping shorts for women will always stay in the right place, with no slip and slide, rolling up, or pinching.  Since the fabric is silky and stretchy, this tummy control shorts is not only a control top underwear for women, you can also use it as slip shorts for dress, or sleep shorts. You can dress it with a skirt, dress or pants, you could also wear them around your house.  Lightweight, breathable, and quick drying.  For a more sculpted look, always refer to our size chart for the best fit from small to plus-size shapewear.  Material  Body\uff1a86%Nylon and 14% Spandex  Lace\uff1a90%Nylon and 10% Spandex\" \/>\n<meta property=\"og:url\" content=\"https:\/\/www.okseamless.com\/product\/elastic-anti-chafing-lace-shorts\/\" \/>\n<meta property=\"og:site_name\" content=\"Custom Seamless Shapewear and Yoga Wear Manufacturer in China\" \/>\n<meta property=\"article:publisher\" content=\"https:\/\/www.facebook.com\/share\/1TH24JnBgY\/?mibextid=wwXIfr\" \/>\n<meta property=\"og:image\" content=\"https:\/\/www.okseamless.com\/wp-content\/uploads\/2025\/04\/DM_20250408170551_002.jpg\" \/>\n\t<meta property=\"og:image:width\" content=\"1600\" \/>\n\t<meta property=\"og:image:height\" content=\"1600\" \/>\n\t<meta property=\"og:image:type\" content=\"image\/jpeg\" \/>\n<meta name=\"twitter:card\" content=\"summary_large_image\" \/>\n<meta name=\"twitter:label1\" content=\"Tempo estimado de leitura\" \/>\n\t<meta name=\"twitter:data1\" content=\"1 minuto\" \/>\n<script type=\"application\/ld+json\" class=\"yoast-schema-graph\">{\"@context\":\"https:\\\/\\\/schema.org\",\"@graph\":[{\"@type\":\"WebPage\",\"@id\":\"https:\\\/\\\/www.okseamless.com\\\/product\\\/elastic-anti-chafing-lace-shorts\\\/\",\"url\":\"https:\\\/\\\/www.okseamless.com\\\/product\\\/elastic-anti-chafing-lace-shorts\\\/\",\"name\":\"Elastic Anti Chafing Lace Shorts - Custom Seamless Shapewear and Yoga Wear Manufacturer in China\",\"isPartOf\":{\"@id\":\"https:\\\/\\\/www.okseamless.com\\\/pt\\\/#website\"},\"primaryImageOfPage\":{\"@id\":\"https:\\\/\\\/www.okseamless.com\\\/product\\\/elastic-anti-chafing-lace-shorts\\\/#primaryimage\"},\"image\":{\"@id\":\"https:\\\/\\\/www.okseamless.com\\\/product\\\/elastic-anti-chafing-lace-shorts\\\/#primaryimage\"},\"thumbnailUrl\":\"https:\\\/\\\/okseamless.com\\\/wp-content\\\/uploads\\\/2025\\\/04\\\/DM_20250408170551_002.jpg\",\"datePublished\":\"2025-04-11T02:06:27+00:00\",\"breadcrumb\":{\"@id\":\"https:\\\/\\\/www.okseamless.com\\\/product\\\/elastic-anti-chafing-lace-shorts\\\/#breadcrumb\"},\"inLanguage\":\"pt-PT\",\"potentialAction\":[{\"@type\":\"ReadAction\",\"target\":[\"https:\\\/\\\/www.okseamless.com\\\/product\\\/elastic-anti-chafing-lace-shorts\\\/\"]}]},{\"@type\":\"ImageObject\",\"inLanguage\":\"pt-PT\",\"@id\":\"https:\\\/\\\/www.okseamless.com\\\/product\\\/elastic-anti-chafing-lace-shorts\\\/#primaryimage\",\"url\":\"https:\\\/\\\/okseamless.com\\\/wp-content\\\/uploads\\\/2025\\\/04\\\/DM_20250408170551_002.jpg\",\"contentUrl\":\"https:\\\/\\\/okseamless.com\\\/wp-content\\\/uploads\\\/2025\\\/04\\\/DM_20250408170551_002.jpg\",\"width\":1600,\"height\":1600},{\"@type\":\"BreadcrumbList\",\"@id\":\"https:\\\/\\\/www.okseamless.com\\\/product\\\/elastic-anti-chafing-lace-shorts\\\/#breadcrumb\",\"itemListElement\":[{\"@type\":\"ListItem\",\"position\":1,\"name\":\"\u9996\u9875\",\"item\":\"https:\\\/\\\/okseamless.com\\\/\"},{\"@type\":\"ListItem\",\"position\":2,\"name\":\"Produtos\",\"item\":\"https:\\\/\\\/www.okseamless.com\\\/pt\\\/shop\\\/\"},{\"@type\":\"ListItem\",\"position\":3,\"name\":\"Elastic Anti Chafing Lace Shorts\"}]},{\"@type\":\"WebSite\",\"@id\":\"https:\\\/\\\/www.okseamless.com\\\/pt\\\/#website\",\"url\":\"https:\\\/\\\/www.okseamless.com\\\/pt\\\/\",\"name\":\"Custom Seamless Shapewear and Yoga Wear Manufacturer in China\",\"description\":\"\",\"publisher\":{\"@id\":\"https:\\\/\\\/www.okseamless.com\\\/pt\\\/#organization\"},\"potentialAction\":[{\"@type\":\"SearchAction\",\"target\":{\"@type\":\"EntryPoint\",\"urlTemplate\":\"https:\\\/\\\/www.okseamless.com\\\/pt\\\/?s={search_term_string}\"},\"query-input\":{\"@type\":\"PropertyValueSpecification\",\"valueRequired\":true,\"valueName\":\"search_term_string\"}}],\"inLanguage\":\"pt-PT\"},{\"@type\":\"Organization\",\"@id\":\"https:\\\/\\\/www.okseamless.com\\\/pt\\\/#organization\",\"name\":\"Custom Seamless Shapewear and Yoga Wear Manufacturer in China\",\"url\":\"https:\\\/\\\/www.okseamless.com\\\/pt\\\/\",\"logo\":{\"@type\":\"ImageObject\",\"inLanguage\":\"pt-PT\",\"@id\":\"https:\\\/\\\/www.okseamless.com\\\/pt\\\/#\\\/schema\\\/logo\\\/image\\\/\",\"url\":\"https:\\\/\\\/okseamless.com\\\/wp-content\\\/uploads\\\/2025\\\/03\\\/LOGO.png\",\"contentUrl\":\"https:\\\/\\\/okseamless.com\\\/wp-content\\\/uploads\\\/2025\\\/03\\\/LOGO.png\",\"width\":685,\"height\":218,\"caption\":\"Custom Seamless Shapewear and Yoga Wear Manufacturer in China\"},\"image\":{\"@id\":\"https:\\\/\\\/www.okseamless.com\\\/pt\\\/#\\\/schema\\\/logo\\\/image\\\/\"},\"sameAs\":[\"https:\\\/\\\/www.facebook.com\\\/share\\\/1TH24JnBgY\\\/?mibextid=wwXIfr\"]}]}<\/script>\n<!-- \/ Yoast SEO plugin. -->","yoast_head_json":{"title":"Elastic Anti Chafing Lace Shorts - Custom Seamless Shapewear and Yoga Wear Manufacturer in China","robots":{"index":"index","follow":"follow","max-snippet":"max-snippet:-1","max-image-preview":"max-image-preview:large","max-video-preview":"max-video-preview:-1"},"canonical":"https:\/\/www.okseamless.com\/product\/elastic-anti-chafing-lace-shorts\/","og_locale":"pt_PT","og_type":"article","og_title":"Elastic Anti Chafing Lace Shorts - Custom Seamless Shapewear and Yoga Wear Manufacturer in China","og_description":"Model NO:JS018  Description  Want to feel &amp; look your best in seconds? Elastic Anti Chafing Lace Shorts designed to provide comfort and protection against chafing. They are made from a blend of breathable and stretchable materials that fit snugly against the body. Available in various sizes and colors to suit individual preferences. They provide a practical solution for women looking to stay comfortable and confident throughout the day.  Features:   This mid to high-waist-shaping panties boyshorts helps to flatten your tummy, hold your stomach in with light control, give you a smooth and fitted body shape, and make you look sexier and eye-catching.  With a wide waistband and wide hem design, this shaping shorts for women will always stay in the right place, with no slip and slide, rolling up, or pinching.  Since the fabric is silky and stretchy, this tummy control shorts is not only a control top underwear for women, you can also use it as slip shorts for dress, or sleep shorts. You can dress it with a skirt, dress or pants, you could also wear them around your house.  Lightweight, breathable, and quick drying.  For a more sculpted look, always refer to our size chart for the best fit from small to plus-size shapewear.  Material  Body\uff1a86%Nylon and 14% Spandex  Lace\uff1a90%Nylon and 10% Spandex","og_url":"https:\/\/www.okseamless.com\/product\/elastic-anti-chafing-lace-shorts\/","og_site_name":"Custom Seamless Shapewear and Yoga Wear Manufacturer in China","article_publisher":"https:\/\/www.facebook.com\/share\/1TH24JnBgY\/?mibextid=wwXIfr","og_image":[{"width":1600,"height":1600,"url":"https:\/\/www.okseamless.com\/wp-content\/uploads\/2025\/04\/DM_20250408170551_002.jpg","type":"image\/jpeg"}],"twitter_card":"summary_large_image","twitter_misc":{"Tempo estimado de leitura":"1 minuto"},"schema":{"@context":"https:\/\/schema.org","@graph":[{"@type":"WebPage","@id":"https:\/\/www.okseamless.com\/product\/elastic-anti-chafing-lace-shorts\/","url":"https:\/\/www.okseamless.com\/product\/elastic-anti-chafing-lace-shorts\/","name":"Elastic Anti Chafing Lace Shorts - Custom Seamless Shapewear and Yoga Wear Manufacturer in China","isPartOf":{"@id":"https:\/\/www.okseamless.com\/pt\/#website"},"primaryImageOfPage":{"@id":"https:\/\/www.okseamless.com\/product\/elastic-anti-chafing-lace-shorts\/#primaryimage"},"image":{"@id":"https:\/\/www.okseamless.com\/product\/elastic-anti-chafing-lace-shorts\/#primaryimage"},"thumbnailUrl":"https:\/\/okseamless.com\/wp-content\/uploads\/2025\/04\/DM_20250408170551_002.jpg","datePublished":"2025-04-11T02:06:27+00:00","breadcrumb":{"@id":"https:\/\/www.okseamless.com\/product\/elastic-anti-chafing-lace-shorts\/#breadcrumb"},"inLanguage":"pt-PT","potentialAction":[{"@type":"ReadAction","target":["https:\/\/www.okseamless.com\/product\/elastic-anti-chafing-lace-shorts\/"]}]},{"@type":"ImageObject","inLanguage":"pt-PT","@id":"https:\/\/www.okseamless.com\/product\/elastic-anti-chafing-lace-shorts\/#primaryimage","url":"https:\/\/okseamless.com\/wp-content\/uploads\/2025\/04\/DM_20250408170551_002.jpg","contentUrl":"https:\/\/okseamless.com\/wp-content\/uploads\/2025\/04\/DM_20250408170551_002.jpg","width":1600,"height":1600},{"@type":"BreadcrumbList","@id":"https:\/\/www.okseamless.com\/product\/elastic-anti-chafing-lace-shorts\/#breadcrumb","itemListElement":[{"@type":"ListItem","position":1,"name":"\u9996\u9875","item":"https:\/\/okseamless.com\/"},{"@type":"ListItem","position":2,"name":"Produtos","item":"https:\/\/www.okseamless.com\/pt\/shop\/"},{"@type":"ListItem","position":3,"name":"Elastic Anti Chafing Lace Shorts"}]},{"@type":"WebSite","@id":"https:\/\/www.okseamless.com\/pt\/#website","url":"https:\/\/www.okseamless.com\/pt\/","name":"Custom Seamless Shapewear and Yoga Wear Manufacturer in China","description":"","publisher":{"@id":"https:\/\/www.okseamless.com\/pt\/#organization"},"potentialAction":[{"@type":"SearchAction","target":{"@type":"EntryPoint","urlTemplate":"https:\/\/www.okseamless.com\/pt\/?s={search_term_string}"},"query-input":{"@type":"PropertyValueSpecification","valueRequired":true,"valueName":"search_term_string"}}],"inLanguage":"pt-PT"},{"@type":"Organization","@id":"https:\/\/www.okseamless.com\/pt\/#organization","name":"Custom Seamless Shapewear and Yoga Wear Manufacturer in China","url":"https:\/\/www.okseamless.com\/pt\/","logo":{"@type":"ImageObject","inLanguage":"pt-PT","@id":"https:\/\/www.okseamless.com\/pt\/#\/schema\/logo\/image\/","url":"https:\/\/okseamless.com\/wp-content\/uploads\/2025\/03\/LOGO.png","contentUrl":"https:\/\/okseamless.com\/wp-content\/uploads\/2025\/03\/LOGO.png","width":685,"height":218,"caption":"Custom Seamless Shapewear and Yoga Wear Manufacturer in China"},"image":{"@id":"https:\/\/www.okseamless.com\/pt\/#\/schema\/logo\/image\/"},"sameAs":["https:\/\/www.facebook.com\/share\/1TH24JnBgY\/?mibextid=wwXIfr"]}]}},"_links":{"self":[{"href":"https:\/\/okseamless.com\/pt\/wp-json\/wp\/v2\/product\/2473","targetHints":{"allow":["GET"]}}],"collection":[{"href":"https:\/\/okseamless.com\/pt\/wp-json\/wp\/v2\/product"}],"about":[{"href":"https:\/\/okseamless.com\/pt\/wp-json\/wp\/v2\/types\/product"}],"wp:featuredmedia":[{"embeddable":true,"href":"https:\/\/okseamless.com\/pt\/wp-json\/wp\/v2\/media\/2475"}],"wp:attachment":[{"href":"https:\/\/okseamless.com\/pt\/wp-json\/wp\/v2\/media?parent=2473"}],"wp:term":[{"taxonomy":"product_brand","embeddable":true,"href":"https:\/\/okseamless.com\/pt\/wp-json\/wp\/v2\/product_brand?post=2473"},{"taxonomy":"product_cat","embeddable":true,"href":"https:\/\/okseamless.com\/pt\/wp-json\/wp\/v2\/product_cat?post=2473"},{"taxonomy":"product_tag","embeddable":true,"href":"https:\/\/okseamless.com\/pt\/wp-json\/wp\/v2\/product_tag?post=2473"}],"curies":[{"name":"wp","href":"https:\/\/api.w.org\/{rel}","templated":true}]}}