{"id":2282,"date":"2025-04-10T05:29:13","date_gmt":"2025-04-10T05:29:13","guid":{"rendered":"https:\/\/okseamless.com\/?post_type=product&#038;p=2282"},"modified":"2025-04-10T05:29:13","modified_gmt":"2025-04-10T05:29:13","slug":"posture-corrector-chest-brace-up","status":"publish","type":"product","link":"https:\/\/okseamless.com\/pt\/produto\/posture-corrector-chest-brace-up\/","title":{"rendered":"Corretor de postura com peitoral para cima"},"content":{"rendered":"","protected":false},"excerpt":{"rendered":"<p>Modelo n.\u00ba:JS002<\/p>\n<h4><strong>Descri\u00e7\u00e3o<\/strong><\/h4>\n<p>Melhore a sua postura e o seu estilo com o Posture Corretor Chest Brace Up. Esta inovadora cinta peitoral foi concebida especificamente para mulheres, combinando conforto e apoio para a ajudar a obter uma silhueta lisonjeira.<\/p>\n<p><strong>Carater\u00edsticas<\/strong><\/p>\n<ul>\n<li>Tecido mais fino e altamente el\u00e1stico<\/li>\n<li>3 filas de ganchos na frente.<\/li>\n<li>Design com el\u00e1stico no busto.<\/li>\n<li>Design anti-queda em forma de U para recolher o seu peito, suporte de suti\u00e3.<\/li>\n<li>O fato-macaco com al\u00e7as em X proporciona apoio \u00e0s costas para corre\u00e7\u00e3o da postura.<\/li>\n<li>Combine conforto e funcionalidade, combine com qualquer roupa que desejar.<\/li>\n<\/ul>\n<p><strong>Detalhes do tecido<\/strong><strong>\u00a0: <\/strong>85% Nylon 15% Spandex<\/p>","protected":false},"featured_media":2290,"template":"","meta":[],"product_brand":[],"product_cat":[35],"product_tag":[],"class_list":{"0":"post-2282","1":"product","2":"type-product","3":"status-publish","4":"has-post-thumbnail","6":"product_cat-womens-tops","8":"first","9":"instock","10":"shipping-taxable","11":"product-type-simple"},"yoast_head":"<!-- This site is optimized with the Yoast SEO plugin v27.4 - https:\/\/yoast.com\/product\/yoast-seo-wordpress\/ -->\n<title>Posture Corrector Chest Brace Up - Custom Seamless Shapewear and Yoga Wear Manufacturer in China<\/title>\n<meta name=\"robots\" content=\"index, follow, max-snippet:-1, max-image-preview:large, max-video-preview:-1\" \/>\n<link rel=\"canonical\" href=\"https:\/\/www.okseamless.com\/de\/produkt\/posture-corrector-chest-brace-up\/\" \/>\n<meta property=\"og:locale\" content=\"pt_PT\" \/>\n<meta property=\"og:type\" content=\"article\" \/>\n<meta property=\"og:title\" content=\"Posture Corrector Chest Brace Up - Custom Seamless Shapewear and Yoga Wear Manufacturer in China\" \/>\n<meta property=\"og:description\" content=\"Model No:JS002 Description Enhance your posture and style with the Posture Corrector Chest Brace Up. This innovative chest brace is designed specifically for women, combining comfort and support to help you achieve a flattering silhouette.  Features   Thinner high elastic fabric  3 rows of hook-eyes in front.  Underbust elastic band design.  U-Type Anti-Droop Design to gather your breast, bra support.  X strap shapewear provides back support for posture correction.  Combine comfort and function, pair with any clothing you want.  Fabric Details\u00a0: 85% Nylon\u00a015% Spandex\" \/>\n<meta property=\"og:url\" content=\"https:\/\/www.okseamless.com\/de\/produkt\/posture-corrector-chest-brace-up\/\" \/>\n<meta property=\"og:site_name\" content=\"Custom Seamless Shapewear and Yoga Wear Manufacturer in China\" \/>\n<meta property=\"article:publisher\" content=\"https:\/\/www.facebook.com\/share\/1TH24JnBgY\/?mibextid=wwXIfr\" \/>\n<meta property=\"og:image\" content=\"https:\/\/www.okseamless.com\/wp-content\/uploads\/2025\/04\/DM_20250408163124_002.jpg\" \/>\n\t<meta property=\"og:image:width\" content=\"1600\" \/>\n\t<meta property=\"og:image:height\" content=\"1600\" \/>\n\t<meta property=\"og:image:type\" content=\"image\/jpeg\" \/>\n<meta name=\"twitter:card\" content=\"summary_large_image\" \/>\n<meta name=\"twitter:label1\" content=\"Tempo estimado de leitura\" \/>\n\t<meta name=\"twitter:data1\" content=\"1 minuto\" \/>\n<script type=\"application\/ld+json\" class=\"yoast-schema-graph\">{\"@context\":\"https:\\\/\\\/schema.org\",\"@graph\":[{\"@type\":\"WebPage\",\"@id\":\"https:\\\/\\\/www.okseamless.com\\\/de\\\/produkt\\\/posture-corrector-chest-brace-up\\\/\",\"url\":\"https:\\\/\\\/www.okseamless.com\\\/de\\\/produkt\\\/posture-corrector-chest-brace-up\\\/\",\"name\":\"Posture Corrector Chest Brace Up - Custom Seamless Shapewear and Yoga Wear Manufacturer in China\",\"isPartOf\":{\"@id\":\"https:\\\/\\\/www.okseamless.com\\\/pt\\\/#website\"},\"primaryImageOfPage\":{\"@id\":\"https:\\\/\\\/www.okseamless.com\\\/de\\\/produkt\\\/posture-corrector-chest-brace-up\\\/#primaryimage\"},\"image\":{\"@id\":\"https:\\\/\\\/www.okseamless.com\\\/de\\\/produkt\\\/posture-corrector-chest-brace-up\\\/#primaryimage\"},\"thumbnailUrl\":\"https:\\\/\\\/okseamless.com\\\/wp-content\\\/uploads\\\/2025\\\/04\\\/DM_20250408163124_002.jpg\",\"datePublished\":\"2025-04-10T05:29:13+00:00\",\"breadcrumb\":{\"@id\":\"https:\\\/\\\/www.okseamless.com\\\/de\\\/produkt\\\/posture-corrector-chest-brace-up\\\/#breadcrumb\"},\"inLanguage\":\"pt-PT\",\"potentialAction\":[{\"@type\":\"ReadAction\",\"target\":[\"https:\\\/\\\/www.okseamless.com\\\/de\\\/produkt\\\/posture-corrector-chest-brace-up\\\/\"]}]},{\"@type\":\"ImageObject\",\"inLanguage\":\"pt-PT\",\"@id\":\"https:\\\/\\\/www.okseamless.com\\\/de\\\/produkt\\\/posture-corrector-chest-brace-up\\\/#primaryimage\",\"url\":\"https:\\\/\\\/okseamless.com\\\/wp-content\\\/uploads\\\/2025\\\/04\\\/DM_20250408163124_002.jpg\",\"contentUrl\":\"https:\\\/\\\/okseamless.com\\\/wp-content\\\/uploads\\\/2025\\\/04\\\/DM_20250408163124_002.jpg\",\"width\":1600,\"height\":1600},{\"@type\":\"BreadcrumbList\",\"@id\":\"https:\\\/\\\/www.okseamless.com\\\/de\\\/produkt\\\/posture-corrector-chest-brace-up\\\/#breadcrumb\",\"itemListElement\":[{\"@type\":\"ListItem\",\"position\":1,\"name\":\"\u9996\u9875\",\"item\":\"https:\\\/\\\/okseamless.com\\\/\"},{\"@type\":\"ListItem\",\"position\":2,\"name\":\"Produtos\",\"item\":\"https:\\\/\\\/www.okseamless.com\\\/pt\\\/shop\\\/\"},{\"@type\":\"ListItem\",\"position\":3,\"name\":\"Posture Corrector Chest Brace Up\"}]},{\"@type\":\"WebSite\",\"@id\":\"https:\\\/\\\/www.okseamless.com\\\/pt\\\/#website\",\"url\":\"https:\\\/\\\/www.okseamless.com\\\/pt\\\/\",\"name\":\"Custom Seamless Shapewear and Yoga Wear Manufacturer in China\",\"description\":\"\",\"publisher\":{\"@id\":\"https:\\\/\\\/www.okseamless.com\\\/pt\\\/#organization\"},\"potentialAction\":[{\"@type\":\"SearchAction\",\"target\":{\"@type\":\"EntryPoint\",\"urlTemplate\":\"https:\\\/\\\/www.okseamless.com\\\/pt\\\/?s={search_term_string}\"},\"query-input\":{\"@type\":\"PropertyValueSpecification\",\"valueRequired\":true,\"valueName\":\"search_term_string\"}}],\"inLanguage\":\"pt-PT\"},{\"@type\":\"Organization\",\"@id\":\"https:\\\/\\\/www.okseamless.com\\\/pt\\\/#organization\",\"name\":\"Custom Seamless Shapewear and Yoga Wear Manufacturer in China\",\"url\":\"https:\\\/\\\/www.okseamless.com\\\/pt\\\/\",\"logo\":{\"@type\":\"ImageObject\",\"inLanguage\":\"pt-PT\",\"@id\":\"https:\\\/\\\/www.okseamless.com\\\/pt\\\/#\\\/schema\\\/logo\\\/image\\\/\",\"url\":\"https:\\\/\\\/okseamless.com\\\/wp-content\\\/uploads\\\/2025\\\/03\\\/LOGO.png\",\"contentUrl\":\"https:\\\/\\\/okseamless.com\\\/wp-content\\\/uploads\\\/2025\\\/03\\\/LOGO.png\",\"width\":685,\"height\":218,\"caption\":\"Custom Seamless Shapewear and Yoga Wear Manufacturer in China\"},\"image\":{\"@id\":\"https:\\\/\\\/www.okseamless.com\\\/pt\\\/#\\\/schema\\\/logo\\\/image\\\/\"},\"sameAs\":[\"https:\\\/\\\/www.facebook.com\\\/share\\\/1TH24JnBgY\\\/?mibextid=wwXIfr\"]}]}<\/script>\n<!-- \/ Yoast SEO plugin. -->","yoast_head_json":{"title":"Posture Corrector Chest Brace Up - Custom Seamless Shapewear and Yoga Wear Manufacturer in China","robots":{"index":"index","follow":"follow","max-snippet":"max-snippet:-1","max-image-preview":"max-image-preview:large","max-video-preview":"max-video-preview:-1"},"canonical":"https:\/\/www.okseamless.com\/de\/produkt\/posture-corrector-chest-brace-up\/","og_locale":"pt_PT","og_type":"article","og_title":"Posture Corrector Chest Brace Up - Custom Seamless Shapewear and Yoga Wear Manufacturer in China","og_description":"Model No:JS002 Description Enhance your posture and style with the Posture Corrector Chest Brace Up. This innovative chest brace is designed specifically for women, combining comfort and support to help you achieve a flattering silhouette.  Features   Thinner high elastic fabric  3 rows of hook-eyes in front.  Underbust elastic band design.  U-Type Anti-Droop Design to gather your breast, bra support.  X strap shapewear provides back support for posture correction.  Combine comfort and function, pair with any clothing you want.  Fabric Details\u00a0: 85% Nylon\u00a015% Spandex","og_url":"https:\/\/www.okseamless.com\/de\/produkt\/posture-corrector-chest-brace-up\/","og_site_name":"Custom Seamless Shapewear and Yoga Wear Manufacturer in China","article_publisher":"https:\/\/www.facebook.com\/share\/1TH24JnBgY\/?mibextid=wwXIfr","og_image":[{"width":1600,"height":1600,"url":"https:\/\/www.okseamless.com\/wp-content\/uploads\/2025\/04\/DM_20250408163124_002.jpg","type":"image\/jpeg"}],"twitter_card":"summary_large_image","twitter_misc":{"Tempo estimado de leitura":"1 minuto"},"schema":{"@context":"https:\/\/schema.org","@graph":[{"@type":"WebPage","@id":"https:\/\/www.okseamless.com\/de\/produkt\/posture-corrector-chest-brace-up\/","url":"https:\/\/www.okseamless.com\/de\/produkt\/posture-corrector-chest-brace-up\/","name":"Posture Corrector Chest Brace Up - Custom Seamless Shapewear and Yoga Wear Manufacturer in China","isPartOf":{"@id":"https:\/\/www.okseamless.com\/pt\/#website"},"primaryImageOfPage":{"@id":"https:\/\/www.okseamless.com\/de\/produkt\/posture-corrector-chest-brace-up\/#primaryimage"},"image":{"@id":"https:\/\/www.okseamless.com\/de\/produkt\/posture-corrector-chest-brace-up\/#primaryimage"},"thumbnailUrl":"https:\/\/okseamless.com\/wp-content\/uploads\/2025\/04\/DM_20250408163124_002.jpg","datePublished":"2025-04-10T05:29:13+00:00","breadcrumb":{"@id":"https:\/\/www.okseamless.com\/de\/produkt\/posture-corrector-chest-brace-up\/#breadcrumb"},"inLanguage":"pt-PT","potentialAction":[{"@type":"ReadAction","target":["https:\/\/www.okseamless.com\/de\/produkt\/posture-corrector-chest-brace-up\/"]}]},{"@type":"ImageObject","inLanguage":"pt-PT","@id":"https:\/\/www.okseamless.com\/de\/produkt\/posture-corrector-chest-brace-up\/#primaryimage","url":"https:\/\/okseamless.com\/wp-content\/uploads\/2025\/04\/DM_20250408163124_002.jpg","contentUrl":"https:\/\/okseamless.com\/wp-content\/uploads\/2025\/04\/DM_20250408163124_002.jpg","width":1600,"height":1600},{"@type":"BreadcrumbList","@id":"https:\/\/www.okseamless.com\/de\/produkt\/posture-corrector-chest-brace-up\/#breadcrumb","itemListElement":[{"@type":"ListItem","position":1,"name":"\u9996\u9875","item":"https:\/\/okseamless.com\/"},{"@type":"ListItem","position":2,"name":"Produtos","item":"https:\/\/www.okseamless.com\/pt\/shop\/"},{"@type":"ListItem","position":3,"name":"Posture Corrector Chest Brace Up"}]},{"@type":"WebSite","@id":"https:\/\/www.okseamless.com\/pt\/#website","url":"https:\/\/www.okseamless.com\/pt\/","name":"Custom Seamless Shapewear and Yoga Wear Manufacturer in China","description":"","publisher":{"@id":"https:\/\/www.okseamless.com\/pt\/#organization"},"potentialAction":[{"@type":"SearchAction","target":{"@type":"EntryPoint","urlTemplate":"https:\/\/www.okseamless.com\/pt\/?s={search_term_string}"},"query-input":{"@type":"PropertyValueSpecification","valueRequired":true,"valueName":"search_term_string"}}],"inLanguage":"pt-PT"},{"@type":"Organization","@id":"https:\/\/www.okseamless.com\/pt\/#organization","name":"Custom Seamless Shapewear and Yoga Wear Manufacturer in China","url":"https:\/\/www.okseamless.com\/pt\/","logo":{"@type":"ImageObject","inLanguage":"pt-PT","@id":"https:\/\/www.okseamless.com\/pt\/#\/schema\/logo\/image\/","url":"https:\/\/okseamless.com\/wp-content\/uploads\/2025\/03\/LOGO.png","contentUrl":"https:\/\/okseamless.com\/wp-content\/uploads\/2025\/03\/LOGO.png","width":685,"height":218,"caption":"Custom Seamless Shapewear and Yoga Wear Manufacturer in China"},"image":{"@id":"https:\/\/www.okseamless.com\/pt\/#\/schema\/logo\/image\/"},"sameAs":["https:\/\/www.facebook.com\/share\/1TH24JnBgY\/?mibextid=wwXIfr"]}]}},"_links":{"self":[{"href":"https:\/\/okseamless.com\/pt\/wp-json\/wp\/v2\/product\/2282","targetHints":{"allow":["GET"]}}],"collection":[{"href":"https:\/\/okseamless.com\/pt\/wp-json\/wp\/v2\/product"}],"about":[{"href":"https:\/\/okseamless.com\/pt\/wp-json\/wp\/v2\/types\/product"}],"wp:featuredmedia":[{"embeddable":true,"href":"https:\/\/okseamless.com\/pt\/wp-json\/wp\/v2\/media\/2290"}],"wp:attachment":[{"href":"https:\/\/okseamless.com\/pt\/wp-json\/wp\/v2\/media?parent=2282"}],"wp:term":[{"taxonomy":"product_brand","embeddable":true,"href":"https:\/\/okseamless.com\/pt\/wp-json\/wp\/v2\/product_brand?post=2282"},{"taxonomy":"product_cat","embeddable":true,"href":"https:\/\/okseamless.com\/pt\/wp-json\/wp\/v2\/product_cat?post=2282"},{"taxonomy":"product_tag","embeddable":true,"href":"https:\/\/okseamless.com\/pt\/wp-json\/wp\/v2\/product_tag?post=2282"}],"curies":[{"name":"wp","href":"https:\/\/api.w.org\/{rel}","templated":true}]}}