{"id":2212,"date":"2025-04-10T02:33:30","date_gmt":"2025-04-10T02:33:30","guid":{"rendered":"https:\/\/okseamless.com\/?post_type=product&#038;p=2212"},"modified":"2025-04-10T02:33:30","modified_gmt":"2025-04-10T02:33:30","slug":"wireless-bralette-with-support-padded-cami-bra","status":"publish","type":"product","link":"https:\/\/okseamless.com\/pt\/produto\/wireless-bralette-with-support-padded-cami-bra\/","title":{"rendered":"Bralette sem fios com suporte Cami Bra almofadado"},"content":{"rendered":"","protected":false},"excerpt":{"rendered":"<p><strong><b>Descri\u00e7\u00e3o<\/b><\/strong><\/p>\n<p>The Wireless Bralette with Support Padded Cami Bra for women is designed with comfortable high elasticity seamless fabric, smooth and delicate, soft and breathable,side support. The lower elastic weaving effectively provides chest support more in line with the chest curve, comfortable and not compressing the chest.<\/p>\n<p><strong><b>Carater\u00edsticas<\/b><\/strong><strong><b>:<\/b><\/strong><\/p>\n<ul>\n<li>Adjustable Straps: stay in place for all-day comfort without digging.<\/li>\n<li>Removable Round Pads: lift and strengthen the bust.<\/li>\n<li>Invisible Low U-Back.<\/li>\n<li>Adjustable Back Buckle: Three rows and multi-button back buckle adjustment, easy putting on and taking off.<\/li>\n<li>Silhueta cl\u00e1ssica de suti\u00e3 para o dia a dia, elegante e dur\u00e1vel, vers\u00e1til para o interior e para v\u00e1rios estilos di\u00e1rios, criando sem esfor\u00e7o v\u00e1rios estilos modernos.<\/li>\n<\/ul>\n<p><strong><b>Detalhes do tecido<\/b><\/strong><strong><b>\u00a0: <\/b><\/strong>Nylon: 90%\u00a0\u00a0Spandex: 10%<\/p>","protected":false},"featured_media":2222,"template":"","meta":[],"product_brand":[],"product_cat":[35],"product_tag":[],"class_list":{"0":"post-2212","1":"product","2":"type-product","3":"status-publish","4":"has-post-thumbnail","6":"product_cat-womens-tops","8":"first","9":"instock","10":"shipping-taxable","11":"product-type-simple"},"yoast_head":"<!-- This site is optimized with the Yoast SEO plugin v27.4 - https:\/\/yoast.com\/product\/yoast-seo-wordpress\/ -->\n<title>Wireless Bralette with Support Padded Cami Bra - Custom Seamless Shapewear and Yoga Wear Manufacturer in China<\/title>\n<meta name=\"robots\" content=\"index, follow, max-snippet:-1, max-image-preview:large, max-video-preview:-1\" \/>\n<link rel=\"canonical\" href=\"https:\/\/www.okseamless.com\/product\/wireless-bralette-with-support-padded-cami-bra\/\" \/>\n<meta property=\"og:locale\" content=\"pt_PT\" \/>\n<meta property=\"og:type\" content=\"article\" \/>\n<meta property=\"og:title\" content=\"Wireless Bralette with Support Padded Cami Bra - Custom Seamless Shapewear and Yoga Wear Manufacturer in China\" \/>\n<meta property=\"og:description\" content=\"Description  The Wireless Bralette with Support Padded Cami Bra for women is designed with comfortable high elasticity seamless fabric, smooth and delicate, soft and breathable,side support. The lower elastic weaving effectively provides chest support more in line with the chest curve, comfortable and not compressing the chest.  Features:   Adjustable Straps: stay in place for all-day comfort without digging.  Removable Round Pads: lift and strengthen the bust.  Invisible Low U-Back.  Adjustable Back Buckle: Three rows and multi-button back buckle adjustment, easy putting on and taking off.  Classic everyday bra silhouette, fashionable and durable, versatile for both inner and meeting various daily styles, effortlessly creating multiple trendy styles.  Fabric Details\u00a0: Nylon: 90%\u00a0\u00a0Spandex: 10%\" \/>\n<meta property=\"og:url\" content=\"https:\/\/www.okseamless.com\/product\/wireless-bralette-with-support-padded-cami-bra\/\" \/>\n<meta property=\"og:site_name\" content=\"Custom Seamless Shapewear and Yoga Wear Manufacturer in China\" \/>\n<meta property=\"article:publisher\" content=\"https:\/\/www.facebook.com\/share\/1TH24JnBgY\/?mibextid=wwXIfr\" \/>\n<meta property=\"og:image\" content=\"https:\/\/www.okseamless.com\/wp-content\/uploads\/2025\/04\/DM_20250408160437_002.jpg\" \/>\n\t<meta property=\"og:image:width\" content=\"1600\" \/>\n\t<meta property=\"og:image:height\" content=\"1600\" \/>\n\t<meta property=\"og:image:type\" content=\"image\/jpeg\" \/>\n<meta name=\"twitter:card\" content=\"summary_large_image\" \/>\n<meta name=\"twitter:label1\" content=\"Tempo estimado de leitura\" \/>\n\t<meta name=\"twitter:data1\" content=\"1 minuto\" \/>\n<script type=\"application\/ld+json\" class=\"yoast-schema-graph\">{\"@context\":\"https:\\\/\\\/schema.org\",\"@graph\":[{\"@type\":\"WebPage\",\"@id\":\"https:\\\/\\\/www.okseamless.com\\\/product\\\/wireless-bralette-with-support-padded-cami-bra\\\/\",\"url\":\"https:\\\/\\\/www.okseamless.com\\\/product\\\/wireless-bralette-with-support-padded-cami-bra\\\/\",\"name\":\"Wireless Bralette with Support Padded Cami Bra - Custom Seamless Shapewear and Yoga Wear Manufacturer in China\",\"isPartOf\":{\"@id\":\"https:\\\/\\\/www.okseamless.com\\\/pt\\\/#website\"},\"primaryImageOfPage\":{\"@id\":\"https:\\\/\\\/www.okseamless.com\\\/product\\\/wireless-bralette-with-support-padded-cami-bra\\\/#primaryimage\"},\"image\":{\"@id\":\"https:\\\/\\\/www.okseamless.com\\\/product\\\/wireless-bralette-with-support-padded-cami-bra\\\/#primaryimage\"},\"thumbnailUrl\":\"https:\\\/\\\/okseamless.com\\\/wp-content\\\/uploads\\\/2025\\\/04\\\/DM_20250408160437_002.jpg\",\"datePublished\":\"2025-04-10T02:33:30+00:00\",\"breadcrumb\":{\"@id\":\"https:\\\/\\\/www.okseamless.com\\\/product\\\/wireless-bralette-with-support-padded-cami-bra\\\/#breadcrumb\"},\"inLanguage\":\"pt-PT\",\"potentialAction\":[{\"@type\":\"ReadAction\",\"target\":[\"https:\\\/\\\/www.okseamless.com\\\/product\\\/wireless-bralette-with-support-padded-cami-bra\\\/\"]}]},{\"@type\":\"ImageObject\",\"inLanguage\":\"pt-PT\",\"@id\":\"https:\\\/\\\/www.okseamless.com\\\/product\\\/wireless-bralette-with-support-padded-cami-bra\\\/#primaryimage\",\"url\":\"https:\\\/\\\/okseamless.com\\\/wp-content\\\/uploads\\\/2025\\\/04\\\/DM_20250408160437_002.jpg\",\"contentUrl\":\"https:\\\/\\\/okseamless.com\\\/wp-content\\\/uploads\\\/2025\\\/04\\\/DM_20250408160437_002.jpg\",\"width\":1600,\"height\":1600},{\"@type\":\"BreadcrumbList\",\"@id\":\"https:\\\/\\\/www.okseamless.com\\\/product\\\/wireless-bralette-with-support-padded-cami-bra\\\/#breadcrumb\",\"itemListElement\":[{\"@type\":\"ListItem\",\"position\":1,\"name\":\"\u9996\u9875\",\"item\":\"https:\\\/\\\/okseamless.com\\\/\"},{\"@type\":\"ListItem\",\"position\":2,\"name\":\"Produtos\",\"item\":\"https:\\\/\\\/www.okseamless.com\\\/pt\\\/shop\\\/\"},{\"@type\":\"ListItem\",\"position\":3,\"name\":\"Wireless Bralette with Support Padded Cami Bra\"}]},{\"@type\":\"WebSite\",\"@id\":\"https:\\\/\\\/www.okseamless.com\\\/pt\\\/#website\",\"url\":\"https:\\\/\\\/www.okseamless.com\\\/pt\\\/\",\"name\":\"Custom Seamless Shapewear and Yoga Wear Manufacturer in China\",\"description\":\"\",\"publisher\":{\"@id\":\"https:\\\/\\\/www.okseamless.com\\\/pt\\\/#organization\"},\"potentialAction\":[{\"@type\":\"SearchAction\",\"target\":{\"@type\":\"EntryPoint\",\"urlTemplate\":\"https:\\\/\\\/www.okseamless.com\\\/pt\\\/?s={search_term_string}\"},\"query-input\":{\"@type\":\"PropertyValueSpecification\",\"valueRequired\":true,\"valueName\":\"search_term_string\"}}],\"inLanguage\":\"pt-PT\"},{\"@type\":\"Organization\",\"@id\":\"https:\\\/\\\/www.okseamless.com\\\/pt\\\/#organization\",\"name\":\"Custom Seamless Shapewear and Yoga Wear Manufacturer in China\",\"url\":\"https:\\\/\\\/www.okseamless.com\\\/pt\\\/\",\"logo\":{\"@type\":\"ImageObject\",\"inLanguage\":\"pt-PT\",\"@id\":\"https:\\\/\\\/www.okseamless.com\\\/pt\\\/#\\\/schema\\\/logo\\\/image\\\/\",\"url\":\"https:\\\/\\\/okseamless.com\\\/wp-content\\\/uploads\\\/2025\\\/03\\\/LOGO.png\",\"contentUrl\":\"https:\\\/\\\/okseamless.com\\\/wp-content\\\/uploads\\\/2025\\\/03\\\/LOGO.png\",\"width\":685,\"height\":218,\"caption\":\"Custom Seamless Shapewear and Yoga Wear Manufacturer in China\"},\"image\":{\"@id\":\"https:\\\/\\\/www.okseamless.com\\\/pt\\\/#\\\/schema\\\/logo\\\/image\\\/\"},\"sameAs\":[\"https:\\\/\\\/www.facebook.com\\\/share\\\/1TH24JnBgY\\\/?mibextid=wwXIfr\"]}]}<\/script>\n<!-- \/ Yoast SEO plugin. -->","yoast_head_json":{"title":"Wireless Bralette with Support Padded Cami Bra - Custom Seamless Shapewear and Yoga Wear Manufacturer in China","robots":{"index":"index","follow":"follow","max-snippet":"max-snippet:-1","max-image-preview":"max-image-preview:large","max-video-preview":"max-video-preview:-1"},"canonical":"https:\/\/www.okseamless.com\/product\/wireless-bralette-with-support-padded-cami-bra\/","og_locale":"pt_PT","og_type":"article","og_title":"Wireless Bralette with Support Padded Cami Bra - Custom Seamless Shapewear and Yoga Wear Manufacturer in China","og_description":"Description  The Wireless Bralette with Support Padded Cami Bra for women is designed with comfortable high elasticity seamless fabric, smooth and delicate, soft and breathable,side support. The lower elastic weaving effectively provides chest support more in line with the chest curve, comfortable and not compressing the chest.  Features:   Adjustable Straps: stay in place for all-day comfort without digging.  Removable Round Pads: lift and strengthen the bust.  Invisible Low U-Back.  Adjustable Back Buckle: Three rows and multi-button back buckle adjustment, easy putting on and taking off.  Classic everyday bra silhouette, fashionable and durable, versatile for both inner and meeting various daily styles, effortlessly creating multiple trendy styles.  Fabric Details\u00a0: Nylon: 90%\u00a0\u00a0Spandex: 10%","og_url":"https:\/\/www.okseamless.com\/product\/wireless-bralette-with-support-padded-cami-bra\/","og_site_name":"Custom Seamless Shapewear and Yoga Wear Manufacturer in China","article_publisher":"https:\/\/www.facebook.com\/share\/1TH24JnBgY\/?mibextid=wwXIfr","og_image":[{"width":1600,"height":1600,"url":"https:\/\/www.okseamless.com\/wp-content\/uploads\/2025\/04\/DM_20250408160437_002.jpg","type":"image\/jpeg"}],"twitter_card":"summary_large_image","twitter_misc":{"Tempo estimado de leitura":"1 minuto"},"schema":{"@context":"https:\/\/schema.org","@graph":[{"@type":"WebPage","@id":"https:\/\/www.okseamless.com\/product\/wireless-bralette-with-support-padded-cami-bra\/","url":"https:\/\/www.okseamless.com\/product\/wireless-bralette-with-support-padded-cami-bra\/","name":"Wireless Bralette with Support Padded Cami Bra - Custom Seamless Shapewear and Yoga Wear Manufacturer in China","isPartOf":{"@id":"https:\/\/www.okseamless.com\/pt\/#website"},"primaryImageOfPage":{"@id":"https:\/\/www.okseamless.com\/product\/wireless-bralette-with-support-padded-cami-bra\/#primaryimage"},"image":{"@id":"https:\/\/www.okseamless.com\/product\/wireless-bralette-with-support-padded-cami-bra\/#primaryimage"},"thumbnailUrl":"https:\/\/okseamless.com\/wp-content\/uploads\/2025\/04\/DM_20250408160437_002.jpg","datePublished":"2025-04-10T02:33:30+00:00","breadcrumb":{"@id":"https:\/\/www.okseamless.com\/product\/wireless-bralette-with-support-padded-cami-bra\/#breadcrumb"},"inLanguage":"pt-PT","potentialAction":[{"@type":"ReadAction","target":["https:\/\/www.okseamless.com\/product\/wireless-bralette-with-support-padded-cami-bra\/"]}]},{"@type":"ImageObject","inLanguage":"pt-PT","@id":"https:\/\/www.okseamless.com\/product\/wireless-bralette-with-support-padded-cami-bra\/#primaryimage","url":"https:\/\/okseamless.com\/wp-content\/uploads\/2025\/04\/DM_20250408160437_002.jpg","contentUrl":"https:\/\/okseamless.com\/wp-content\/uploads\/2025\/04\/DM_20250408160437_002.jpg","width":1600,"height":1600},{"@type":"BreadcrumbList","@id":"https:\/\/www.okseamless.com\/product\/wireless-bralette-with-support-padded-cami-bra\/#breadcrumb","itemListElement":[{"@type":"ListItem","position":1,"name":"\u9996\u9875","item":"https:\/\/okseamless.com\/"},{"@type":"ListItem","position":2,"name":"Produtos","item":"https:\/\/www.okseamless.com\/pt\/shop\/"},{"@type":"ListItem","position":3,"name":"Wireless Bralette with Support Padded Cami Bra"}]},{"@type":"WebSite","@id":"https:\/\/www.okseamless.com\/pt\/#website","url":"https:\/\/www.okseamless.com\/pt\/","name":"Custom Seamless Shapewear and Yoga Wear Manufacturer in China","description":"","publisher":{"@id":"https:\/\/www.okseamless.com\/pt\/#organization"},"potentialAction":[{"@type":"SearchAction","target":{"@type":"EntryPoint","urlTemplate":"https:\/\/www.okseamless.com\/pt\/?s={search_term_string}"},"query-input":{"@type":"PropertyValueSpecification","valueRequired":true,"valueName":"search_term_string"}}],"inLanguage":"pt-PT"},{"@type":"Organization","@id":"https:\/\/www.okseamless.com\/pt\/#organization","name":"Custom Seamless Shapewear and Yoga Wear Manufacturer in China","url":"https:\/\/www.okseamless.com\/pt\/","logo":{"@type":"ImageObject","inLanguage":"pt-PT","@id":"https:\/\/www.okseamless.com\/pt\/#\/schema\/logo\/image\/","url":"https:\/\/okseamless.com\/wp-content\/uploads\/2025\/03\/LOGO.png","contentUrl":"https:\/\/okseamless.com\/wp-content\/uploads\/2025\/03\/LOGO.png","width":685,"height":218,"caption":"Custom Seamless Shapewear and Yoga Wear Manufacturer in China"},"image":{"@id":"https:\/\/www.okseamless.com\/pt\/#\/schema\/logo\/image\/"},"sameAs":["https:\/\/www.facebook.com\/share\/1TH24JnBgY\/?mibextid=wwXIfr"]}]}},"_links":{"self":[{"href":"https:\/\/okseamless.com\/pt\/wp-json\/wp\/v2\/product\/2212","targetHints":{"allow":["GET"]}}],"collection":[{"href":"https:\/\/okseamless.com\/pt\/wp-json\/wp\/v2\/product"}],"about":[{"href":"https:\/\/okseamless.com\/pt\/wp-json\/wp\/v2\/types\/product"}],"wp:featuredmedia":[{"embeddable":true,"href":"https:\/\/okseamless.com\/pt\/wp-json\/wp\/v2\/media\/2222"}],"wp:attachment":[{"href":"https:\/\/okseamless.com\/pt\/wp-json\/wp\/v2\/media?parent=2212"}],"wp:term":[{"taxonomy":"product_brand","embeddable":true,"href":"https:\/\/okseamless.com\/pt\/wp-json\/wp\/v2\/product_brand?post=2212"},{"taxonomy":"product_cat","embeddable":true,"href":"https:\/\/okseamless.com\/pt\/wp-json\/wp\/v2\/product_cat?post=2212"},{"taxonomy":"product_tag","embeddable":true,"href":"https:\/\/okseamless.com\/pt\/wp-json\/wp\/v2\/product_tag?post=2212"}],"curies":[{"name":"wp","href":"https:\/\/api.w.org\/{rel}","templated":true}]}}