{"id":2209,"date":"2025-04-10T02:42:41","date_gmt":"2025-04-10T02:42:41","guid":{"rendered":"https:\/\/okseamless.com\/?post_type=product&#038;p=2209"},"modified":"2025-04-10T02:42:41","modified_gmt":"2025-04-10T02:42:41","slug":"strapless-bras-seamless-bandeau-bralette-tube-top-bundle","status":"publish","type":"product","link":"https:\/\/okseamless.com\/pt\/produto\/strapless-bras-seamless-bandeau-bralette-tube-top-bundle\/","title":{"rendered":"Suti\u00e3s sem al\u00e7as Bandeau sem costura Bralette Tube Top Bundle"},"content":{"rendered":"","protected":false},"excerpt":{"rendered":"<p><strong><b>Descri\u00e7\u00e3o<\/b><\/strong><\/p>\n<p>O Strapless Bras Seamless Bandeau Bralette Tube Top \u00e9 um top tubular b\u00e1sico \u00fanico que \u00e9 sempre adequado para combinar com o seu uso di\u00e1rio. O suti\u00e3 tubular de cor simples deve ser um must have no seu guarda-roupa.<\/p>\n<p><strong><b>Carater\u00edsticas<\/b><\/strong><strong><b>:<\/b><\/strong><\/p>\n<ul>\n<li>Com faixas el\u00e1sticas superior e inferior, sem etiqueta, estilo pul\u00f4ver, pode manter o suti\u00e3 no lugar e evitar que escorregue.<\/li>\n<li>Perfeita para usar no dia a dia ou como uma pe\u00e7a de sobreposi\u00e7\u00e3o confort\u00e1vel.<\/li>\n<\/ul>\n<p><strong><b>Detalhes do tecido<\/b><\/strong><strong><b>\u00a0: <\/b><\/strong>92% Nylon 8% Spandex<\/p>","protected":false},"featured_media":2234,"template":"","meta":[],"product_brand":[],"product_cat":[35],"product_tag":[],"class_list":{"0":"post-2209","1":"product","2":"type-product","3":"status-publish","4":"has-post-thumbnail","6":"product_cat-womens-tops","8":"first","9":"instock","10":"shipping-taxable","11":"product-type-simple"},"yoast_head":"<!-- This site is optimized with the Yoast SEO plugin v27.4 - https:\/\/yoast.com\/product\/yoast-seo-wordpress\/ -->\n<title>Strapless Bras Seamless Bandeau Bralette Tube Top Bundle - Custom Seamless Shapewear and Yoga Wear Manufacturer in China<\/title>\n<meta name=\"robots\" content=\"index, follow, max-snippet:-1, max-image-preview:large, max-video-preview:-1\" \/>\n<link rel=\"canonical\" href=\"https:\/\/www.okseamless.com\/product\/strapless-bras-seamless-bandeau-bralette-tube-top-bundle\/\" \/>\n<meta property=\"og:locale\" content=\"pt_PT\" \/>\n<meta property=\"og:type\" content=\"article\" \/>\n<meta property=\"og:title\" content=\"Strapless Bras Seamless Bandeau Bralette Tube Top Bundle - Custom Seamless Shapewear and Yoga Wear Manufacturer in China\" \/>\n<meta property=\"og:description\" content=\"Description  The Strapless Bras Seamless Bandeau Bralette Tube Top is a unique basic tube top which is always suitable to match your daily wearing. The simple color tube top bra should be one must have in you wardrobe.  Features:   Feature with elastic upper and lower bands, tagless, pullover style, can keep the bra in place and prevent it from slipping.  Perfect for everyday wear or as a comfortable layering piece.  Fabric Details\u00a0: 92% Nylon\u00a08% Spandex\" \/>\n<meta property=\"og:url\" content=\"https:\/\/www.okseamless.com\/product\/strapless-bras-seamless-bandeau-bralette-tube-top-bundle\/\" \/>\n<meta property=\"og:site_name\" content=\"Custom Seamless Shapewear and Yoga Wear Manufacturer in China\" \/>\n<meta property=\"article:publisher\" content=\"https:\/\/www.facebook.com\/share\/1TH24JnBgY\/?mibextid=wwXIfr\" \/>\n<meta property=\"og:image\" content=\"https:\/\/www.okseamless.com\/wp-content\/uploads\/2025\/04\/DM_20250408160614_004.jpg\" \/>\n\t<meta property=\"og:image:width\" content=\"1600\" \/>\n\t<meta property=\"og:image:height\" content=\"1600\" \/>\n\t<meta property=\"og:image:type\" content=\"image\/jpeg\" \/>\n<meta name=\"twitter:card\" content=\"summary_large_image\" \/>\n<meta name=\"twitter:label1\" content=\"Tempo estimado de leitura\" \/>\n\t<meta name=\"twitter:data1\" content=\"1 minuto\" \/>\n<script type=\"application\/ld+json\" class=\"yoast-schema-graph\">{\"@context\":\"https:\\\/\\\/schema.org\",\"@graph\":[{\"@type\":\"WebPage\",\"@id\":\"https:\\\/\\\/www.okseamless.com\\\/product\\\/strapless-bras-seamless-bandeau-bralette-tube-top-bundle\\\/\",\"url\":\"https:\\\/\\\/www.okseamless.com\\\/product\\\/strapless-bras-seamless-bandeau-bralette-tube-top-bundle\\\/\",\"name\":\"Strapless Bras Seamless Bandeau Bralette Tube Top Bundle - Custom Seamless Shapewear and Yoga Wear Manufacturer in China\",\"isPartOf\":{\"@id\":\"https:\\\/\\\/www.okseamless.com\\\/pt\\\/#website\"},\"primaryImageOfPage\":{\"@id\":\"https:\\\/\\\/www.okseamless.com\\\/product\\\/strapless-bras-seamless-bandeau-bralette-tube-top-bundle\\\/#primaryimage\"},\"image\":{\"@id\":\"https:\\\/\\\/www.okseamless.com\\\/product\\\/strapless-bras-seamless-bandeau-bralette-tube-top-bundle\\\/#primaryimage\"},\"thumbnailUrl\":\"https:\\\/\\\/okseamless.com\\\/wp-content\\\/uploads\\\/2025\\\/04\\\/DM_20250408160614_004.jpg\",\"datePublished\":\"2025-04-10T02:42:41+00:00\",\"breadcrumb\":{\"@id\":\"https:\\\/\\\/www.okseamless.com\\\/product\\\/strapless-bras-seamless-bandeau-bralette-tube-top-bundle\\\/#breadcrumb\"},\"inLanguage\":\"pt-PT\",\"potentialAction\":[{\"@type\":\"ReadAction\",\"target\":[\"https:\\\/\\\/www.okseamless.com\\\/product\\\/strapless-bras-seamless-bandeau-bralette-tube-top-bundle\\\/\"]}]},{\"@type\":\"ImageObject\",\"inLanguage\":\"pt-PT\",\"@id\":\"https:\\\/\\\/www.okseamless.com\\\/product\\\/strapless-bras-seamless-bandeau-bralette-tube-top-bundle\\\/#primaryimage\",\"url\":\"https:\\\/\\\/okseamless.com\\\/wp-content\\\/uploads\\\/2025\\\/04\\\/DM_20250408160614_004.jpg\",\"contentUrl\":\"https:\\\/\\\/okseamless.com\\\/wp-content\\\/uploads\\\/2025\\\/04\\\/DM_20250408160614_004.jpg\",\"width\":1600,\"height\":1600},{\"@type\":\"BreadcrumbList\",\"@id\":\"https:\\\/\\\/www.okseamless.com\\\/product\\\/strapless-bras-seamless-bandeau-bralette-tube-top-bundle\\\/#breadcrumb\",\"itemListElement\":[{\"@type\":\"ListItem\",\"position\":1,\"name\":\"\u9996\u9875\",\"item\":\"https:\\\/\\\/okseamless.com\\\/\"},{\"@type\":\"ListItem\",\"position\":2,\"name\":\"Produtos\",\"item\":\"https:\\\/\\\/www.okseamless.com\\\/pt\\\/shop\\\/\"},{\"@type\":\"ListItem\",\"position\":3,\"name\":\"Strapless Bras Seamless Bandeau Bralette Tube Top Bundle\"}]},{\"@type\":\"WebSite\",\"@id\":\"https:\\\/\\\/www.okseamless.com\\\/pt\\\/#website\",\"url\":\"https:\\\/\\\/www.okseamless.com\\\/pt\\\/\",\"name\":\"Custom Seamless Shapewear and Yoga Wear Manufacturer in China\",\"description\":\"\",\"publisher\":{\"@id\":\"https:\\\/\\\/www.okseamless.com\\\/pt\\\/#organization\"},\"potentialAction\":[{\"@type\":\"SearchAction\",\"target\":{\"@type\":\"EntryPoint\",\"urlTemplate\":\"https:\\\/\\\/www.okseamless.com\\\/pt\\\/?s={search_term_string}\"},\"query-input\":{\"@type\":\"PropertyValueSpecification\",\"valueRequired\":true,\"valueName\":\"search_term_string\"}}],\"inLanguage\":\"pt-PT\"},{\"@type\":\"Organization\",\"@id\":\"https:\\\/\\\/www.okseamless.com\\\/pt\\\/#organization\",\"name\":\"Custom Seamless Shapewear and Yoga Wear Manufacturer in China\",\"url\":\"https:\\\/\\\/www.okseamless.com\\\/pt\\\/\",\"logo\":{\"@type\":\"ImageObject\",\"inLanguage\":\"pt-PT\",\"@id\":\"https:\\\/\\\/www.okseamless.com\\\/pt\\\/#\\\/schema\\\/logo\\\/image\\\/\",\"url\":\"https:\\\/\\\/okseamless.com\\\/wp-content\\\/uploads\\\/2025\\\/03\\\/LOGO.png\",\"contentUrl\":\"https:\\\/\\\/okseamless.com\\\/wp-content\\\/uploads\\\/2025\\\/03\\\/LOGO.png\",\"width\":685,\"height\":218,\"caption\":\"Custom Seamless Shapewear and Yoga Wear Manufacturer in China\"},\"image\":{\"@id\":\"https:\\\/\\\/www.okseamless.com\\\/pt\\\/#\\\/schema\\\/logo\\\/image\\\/\"},\"sameAs\":[\"https:\\\/\\\/www.facebook.com\\\/share\\\/1TH24JnBgY\\\/?mibextid=wwXIfr\"]}]}<\/script>\n<!-- \/ Yoast SEO plugin. -->","yoast_head_json":{"title":"Strapless Bras Seamless Bandeau Bralette Tube Top Bundle - Custom Seamless Shapewear and Yoga Wear Manufacturer in China","robots":{"index":"index","follow":"follow","max-snippet":"max-snippet:-1","max-image-preview":"max-image-preview:large","max-video-preview":"max-video-preview:-1"},"canonical":"https:\/\/www.okseamless.com\/product\/strapless-bras-seamless-bandeau-bralette-tube-top-bundle\/","og_locale":"pt_PT","og_type":"article","og_title":"Strapless Bras Seamless Bandeau Bralette Tube Top Bundle - Custom Seamless Shapewear and Yoga Wear Manufacturer in China","og_description":"Description  The Strapless Bras Seamless Bandeau Bralette Tube Top is a unique basic tube top which is always suitable to match your daily wearing. The simple color tube top bra should be one must have in you wardrobe.  Features:   Feature with elastic upper and lower bands, tagless, pullover style, can keep the bra in place and prevent it from slipping.  Perfect for everyday wear or as a comfortable layering piece.  Fabric Details\u00a0: 92% Nylon\u00a08% Spandex","og_url":"https:\/\/www.okseamless.com\/product\/strapless-bras-seamless-bandeau-bralette-tube-top-bundle\/","og_site_name":"Custom Seamless Shapewear and Yoga Wear Manufacturer in China","article_publisher":"https:\/\/www.facebook.com\/share\/1TH24JnBgY\/?mibextid=wwXIfr","og_image":[{"width":1600,"height":1600,"url":"https:\/\/www.okseamless.com\/wp-content\/uploads\/2025\/04\/DM_20250408160614_004.jpg","type":"image\/jpeg"}],"twitter_card":"summary_large_image","twitter_misc":{"Tempo estimado de leitura":"1 minuto"},"schema":{"@context":"https:\/\/schema.org","@graph":[{"@type":"WebPage","@id":"https:\/\/www.okseamless.com\/product\/strapless-bras-seamless-bandeau-bralette-tube-top-bundle\/","url":"https:\/\/www.okseamless.com\/product\/strapless-bras-seamless-bandeau-bralette-tube-top-bundle\/","name":"Strapless Bras Seamless Bandeau Bralette Tube Top Bundle - Custom Seamless Shapewear and Yoga Wear Manufacturer in China","isPartOf":{"@id":"https:\/\/www.okseamless.com\/pt\/#website"},"primaryImageOfPage":{"@id":"https:\/\/www.okseamless.com\/product\/strapless-bras-seamless-bandeau-bralette-tube-top-bundle\/#primaryimage"},"image":{"@id":"https:\/\/www.okseamless.com\/product\/strapless-bras-seamless-bandeau-bralette-tube-top-bundle\/#primaryimage"},"thumbnailUrl":"https:\/\/okseamless.com\/wp-content\/uploads\/2025\/04\/DM_20250408160614_004.jpg","datePublished":"2025-04-10T02:42:41+00:00","breadcrumb":{"@id":"https:\/\/www.okseamless.com\/product\/strapless-bras-seamless-bandeau-bralette-tube-top-bundle\/#breadcrumb"},"inLanguage":"pt-PT","potentialAction":[{"@type":"ReadAction","target":["https:\/\/www.okseamless.com\/product\/strapless-bras-seamless-bandeau-bralette-tube-top-bundle\/"]}]},{"@type":"ImageObject","inLanguage":"pt-PT","@id":"https:\/\/www.okseamless.com\/product\/strapless-bras-seamless-bandeau-bralette-tube-top-bundle\/#primaryimage","url":"https:\/\/okseamless.com\/wp-content\/uploads\/2025\/04\/DM_20250408160614_004.jpg","contentUrl":"https:\/\/okseamless.com\/wp-content\/uploads\/2025\/04\/DM_20250408160614_004.jpg","width":1600,"height":1600},{"@type":"BreadcrumbList","@id":"https:\/\/www.okseamless.com\/product\/strapless-bras-seamless-bandeau-bralette-tube-top-bundle\/#breadcrumb","itemListElement":[{"@type":"ListItem","position":1,"name":"\u9996\u9875","item":"https:\/\/okseamless.com\/"},{"@type":"ListItem","position":2,"name":"Produtos","item":"https:\/\/www.okseamless.com\/pt\/shop\/"},{"@type":"ListItem","position":3,"name":"Strapless Bras Seamless Bandeau Bralette Tube Top Bundle"}]},{"@type":"WebSite","@id":"https:\/\/www.okseamless.com\/pt\/#website","url":"https:\/\/www.okseamless.com\/pt\/","name":"Custom Seamless Shapewear and Yoga Wear Manufacturer in China","description":"","publisher":{"@id":"https:\/\/www.okseamless.com\/pt\/#organization"},"potentialAction":[{"@type":"SearchAction","target":{"@type":"EntryPoint","urlTemplate":"https:\/\/www.okseamless.com\/pt\/?s={search_term_string}"},"query-input":{"@type":"PropertyValueSpecification","valueRequired":true,"valueName":"search_term_string"}}],"inLanguage":"pt-PT"},{"@type":"Organization","@id":"https:\/\/www.okseamless.com\/pt\/#organization","name":"Custom Seamless Shapewear and Yoga Wear Manufacturer in China","url":"https:\/\/www.okseamless.com\/pt\/","logo":{"@type":"ImageObject","inLanguage":"pt-PT","@id":"https:\/\/www.okseamless.com\/pt\/#\/schema\/logo\/image\/","url":"https:\/\/okseamless.com\/wp-content\/uploads\/2025\/03\/LOGO.png","contentUrl":"https:\/\/okseamless.com\/wp-content\/uploads\/2025\/03\/LOGO.png","width":685,"height":218,"caption":"Custom Seamless Shapewear and Yoga Wear Manufacturer in China"},"image":{"@id":"https:\/\/www.okseamless.com\/pt\/#\/schema\/logo\/image\/"},"sameAs":["https:\/\/www.facebook.com\/share\/1TH24JnBgY\/?mibextid=wwXIfr"]}]}},"_links":{"self":[{"href":"https:\/\/okseamless.com\/pt\/wp-json\/wp\/v2\/product\/2209","targetHints":{"allow":["GET"]}}],"collection":[{"href":"https:\/\/okseamless.com\/pt\/wp-json\/wp\/v2\/product"}],"about":[{"href":"https:\/\/okseamless.com\/pt\/wp-json\/wp\/v2\/types\/product"}],"wp:featuredmedia":[{"embeddable":true,"href":"https:\/\/okseamless.com\/pt\/wp-json\/wp\/v2\/media\/2234"}],"wp:attachment":[{"href":"https:\/\/okseamless.com\/pt\/wp-json\/wp\/v2\/media?parent=2209"}],"wp:term":[{"taxonomy":"product_brand","embeddable":true,"href":"https:\/\/okseamless.com\/pt\/wp-json\/wp\/v2\/product_brand?post=2209"},{"taxonomy":"product_cat","embeddable":true,"href":"https:\/\/okseamless.com\/pt\/wp-json\/wp\/v2\/product_cat?post=2209"},{"taxonomy":"product_tag","embeddable":true,"href":"https:\/\/okseamless.com\/pt\/wp-json\/wp\/v2\/product_tag?post=2209"}],"curies":[{"name":"wp","href":"https:\/\/api.w.org\/{rel}","templated":true}]}}