{"id":2075,"date":"2025-04-10T01:23:56","date_gmt":"2025-04-10T01:23:56","guid":{"rendered":"https:\/\/okseamless.com\/?post_type=product&#038;p=2075"},"modified":"2025-04-14T02:30:53","modified_gmt":"2025-04-14T02:30:53","slug":"v-neck-tank-sleeveless-bodysuit-top","status":"publish","type":"product","link":"https:\/\/okseamless.com\/pt\/produto\/v-neck-tank-sleeveless-bodysuit-top\/","title":{"rendered":"V Neck Tank Sleeveless Bodysuit Top"},"content":{"rendered":"","protected":false},"excerpt":{"rendered":"<p>Model NO: JS097<\/p>\n<p>The V Neck Tank Sleeveless Bodysuit Top is a versatile and stylish piece that can be dressed up or down for any occasion. Made from a soft and stretchy fabric. The bodysuit is also incredibly comfortable to wear, thanks to its snap closure at the crotch and thong design. This makes it easy to put on and take off, and it also prevents any unwanted wrinkles or bunching. Whether you&#8217;re dressing for a night out on the town or just running errands, the V Neck Tank Sleeveless Bodysuit Top is the perfect way to add a touch of glamour to your outfit.<\/p>\n<p><strong>Carater\u00edsticas<\/strong><\/p>\n<ul>\n<li>Sexy bodysuit designed for daily.<\/li>\n<li>Design de top de corte justo que abra\u00e7a perfeitamente as curvas e exibe uma silhueta feminina.<\/li>\n<li>Snap buttons at the crotch for easy and convenient bathroom use.<\/li>\n<li>Pe\u00e7a vers\u00e1til e elegante que pode ser vestida para cima ou para baixo, perfeita para qualquer ocasi\u00e3o<\/li>\n<\/ul>\n<p><strong>Detalhes do tecido<\/strong><\/p>\n<ul>\n<li>Viscose 92%<\/li>\n<li>Spandex 8%<\/li>\n<\/ul>","protected":false},"featured_media":2077,"template":"","meta":[],"product_brand":[],"product_cat":[37],"product_tag":[],"class_list":{"0":"post-2075","1":"product","2":"type-product","3":"status-publish","4":"has-post-thumbnail","6":"product_cat-womens-bodysuits","8":"first","9":"instock","10":"shipping-taxable","11":"product-type-simple"},"yoast_head":"<!-- This site is optimized with the Yoast SEO plugin v27.4 - https:\/\/yoast.com\/product\/yoast-seo-wordpress\/ -->\n<title>V Neck Tank Sleeveless Bodysuit Top - Custom Seamless Shapewear and Yoga Wear Manufacturer in China<\/title>\n<meta name=\"robots\" content=\"index, follow, max-snippet:-1, max-image-preview:large, max-video-preview:-1\" \/>\n<link rel=\"canonical\" href=\"https:\/\/okseamless.com\/pt\/produto\/v-neck-tank-sleeveless-bodysuit-top\/\" \/>\n<meta property=\"og:locale\" content=\"pt_PT\" \/>\n<meta property=\"og:type\" content=\"article\" \/>\n<meta property=\"og:title\" content=\"V Neck Tank Sleeveless Bodysuit Top - Custom Seamless Shapewear and Yoga Wear Manufacturer in China\" \/>\n<meta property=\"og:description\" content=\"Model NO: JS097  The V Neck Tank Sleeveless Bodysuit Top is a versatile and stylish piece that can be dressed up or down for any occasion. Made from a soft and stretchy fabric. The bodysuit is also incredibly comfortable to wear, thanks to its snap closure at the crotch and thong design. This makes it easy to put on and take off, and it also prevents any unwanted wrinkles or bunching. Whether you&#039;re dressing for a night out on the town or just running errands, the V Neck Tank Sleeveless Bodysuit Top is the perfect way to add a touch of glamour to your outfit.  Features   Sexy bodysuit designed for daily.  Slim fit top design that perfectly hugs curves and showcases a feminine silhouette.  Snap buttons at the crotch for easy and convenient bathroom use.  Versatile and stylish piece that can be dressed up or down, perfect for any occasion  Fabric Details   Viscose\u00a092%  Spandex 8%\" \/>\n<meta property=\"og:url\" content=\"https:\/\/okseamless.com\/pt\/produto\/v-neck-tank-sleeveless-bodysuit-top\/\" \/>\n<meta property=\"og:site_name\" content=\"Custom Seamless Shapewear and Yoga Wear Manufacturer in China\" \/>\n<meta property=\"article:publisher\" content=\"https:\/\/www.facebook.com\/share\/1TH24JnBgY\/?mibextid=wwXIfr\" \/>\n<meta property=\"article:modified_time\" content=\"2025-04-14T02:30:53+00:00\" \/>\n<meta property=\"og:image\" content=\"https:\/\/okseamless.com\/wp-content\/uploads\/2025\/04\/DM_20250408102419_002.jpg\" \/>\n\t<meta property=\"og:image:width\" content=\"1600\" \/>\n\t<meta property=\"og:image:height\" content=\"1600\" \/>\n\t<meta property=\"og:image:type\" content=\"image\/jpeg\" \/>\n<meta name=\"twitter:card\" content=\"summary_large_image\" \/>\n<meta name=\"twitter:label1\" content=\"Tempo estimado de leitura\" \/>\n\t<meta name=\"twitter:data1\" content=\"1 minuto\" \/>\n<script type=\"application\/ld+json\" class=\"yoast-schema-graph\">{\"@context\":\"https:\\\/\\\/schema.org\",\"@graph\":[{\"@type\":\"WebPage\",\"@id\":\"https:\\\/\\\/okseamless.com\\\/product\\\/v-neck-tank-sleeveless-bodysuit-top\\\/\",\"url\":\"https:\\\/\\\/okseamless.com\\\/product\\\/v-neck-tank-sleeveless-bodysuit-top\\\/\",\"name\":\"V Neck Tank Sleeveless Bodysuit Top - Custom Seamless Shapewear and Yoga Wear Manufacturer in China\",\"isPartOf\":{\"@id\":\"https:\\\/\\\/www.okseamless.com\\\/pt\\\/#website\"},\"primaryImageOfPage\":{\"@id\":\"https:\\\/\\\/okseamless.com\\\/product\\\/v-neck-tank-sleeveless-bodysuit-top\\\/#primaryimage\"},\"image\":{\"@id\":\"https:\\\/\\\/okseamless.com\\\/product\\\/v-neck-tank-sleeveless-bodysuit-top\\\/#primaryimage\"},\"thumbnailUrl\":\"https:\\\/\\\/okseamless.com\\\/wp-content\\\/uploads\\\/2025\\\/04\\\/DM_20250408102419_002.jpg\",\"datePublished\":\"2025-04-10T01:23:56+00:00\",\"dateModified\":\"2025-04-14T02:30:53+00:00\",\"breadcrumb\":{\"@id\":\"https:\\\/\\\/okseamless.com\\\/product\\\/v-neck-tank-sleeveless-bodysuit-top\\\/#breadcrumb\"},\"inLanguage\":\"pt-PT\",\"potentialAction\":[{\"@type\":\"ReadAction\",\"target\":[\"https:\\\/\\\/okseamless.com\\\/product\\\/v-neck-tank-sleeveless-bodysuit-top\\\/\"]}]},{\"@type\":\"ImageObject\",\"inLanguage\":\"pt-PT\",\"@id\":\"https:\\\/\\\/okseamless.com\\\/product\\\/v-neck-tank-sleeveless-bodysuit-top\\\/#primaryimage\",\"url\":\"https:\\\/\\\/okseamless.com\\\/wp-content\\\/uploads\\\/2025\\\/04\\\/DM_20250408102419_002.jpg\",\"contentUrl\":\"https:\\\/\\\/okseamless.com\\\/wp-content\\\/uploads\\\/2025\\\/04\\\/DM_20250408102419_002.jpg\",\"width\":1600,\"height\":1600},{\"@type\":\"BreadcrumbList\",\"@id\":\"https:\\\/\\\/okseamless.com\\\/product\\\/v-neck-tank-sleeveless-bodysuit-top\\\/#breadcrumb\",\"itemListElement\":[{\"@type\":\"ListItem\",\"position\":1,\"name\":\"\u9996\u9875\",\"item\":\"https:\\\/\\\/okseamless.com\\\/\"},{\"@type\":\"ListItem\",\"position\":2,\"name\":\"Produtos\",\"item\":\"https:\\\/\\\/www.okseamless.com\\\/pt\\\/shop\\\/\"},{\"@type\":\"ListItem\",\"position\":3,\"name\":\"V Neck Tank Sleeveless Bodysuit Top\"}]},{\"@type\":\"WebSite\",\"@id\":\"https:\\\/\\\/www.okseamless.com\\\/pt\\\/#website\",\"url\":\"https:\\\/\\\/www.okseamless.com\\\/pt\\\/\",\"name\":\"Custom Seamless Shapewear and Yoga Wear Manufacturer in China\",\"description\":\"\",\"publisher\":{\"@id\":\"https:\\\/\\\/www.okseamless.com\\\/pt\\\/#organization\"},\"potentialAction\":[{\"@type\":\"SearchAction\",\"target\":{\"@type\":\"EntryPoint\",\"urlTemplate\":\"https:\\\/\\\/www.okseamless.com\\\/pt\\\/?s={search_term_string}\"},\"query-input\":{\"@type\":\"PropertyValueSpecification\",\"valueRequired\":true,\"valueName\":\"search_term_string\"}}],\"inLanguage\":\"pt-PT\"},{\"@type\":\"Organization\",\"@id\":\"https:\\\/\\\/www.okseamless.com\\\/pt\\\/#organization\",\"name\":\"Custom Seamless Shapewear and Yoga Wear Manufacturer in China\",\"url\":\"https:\\\/\\\/www.okseamless.com\\\/pt\\\/\",\"logo\":{\"@type\":\"ImageObject\",\"inLanguage\":\"pt-PT\",\"@id\":\"https:\\\/\\\/www.okseamless.com\\\/pt\\\/#\\\/schema\\\/logo\\\/image\\\/\",\"url\":\"https:\\\/\\\/okseamless.com\\\/wp-content\\\/uploads\\\/2025\\\/03\\\/LOGO.png\",\"contentUrl\":\"https:\\\/\\\/okseamless.com\\\/wp-content\\\/uploads\\\/2025\\\/03\\\/LOGO.png\",\"width\":685,\"height\":218,\"caption\":\"Custom Seamless Shapewear and Yoga Wear Manufacturer in China\"},\"image\":{\"@id\":\"https:\\\/\\\/www.okseamless.com\\\/pt\\\/#\\\/schema\\\/logo\\\/image\\\/\"},\"sameAs\":[\"https:\\\/\\\/www.facebook.com\\\/share\\\/1TH24JnBgY\\\/?mibextid=wwXIfr\"]}]}<\/script>\n<!-- \/ Yoast SEO plugin. -->","yoast_head_json":{"title":"V Neck Tank Sleeveless Bodysuit Top - Custom Seamless Shapewear and Yoga Wear Manufacturer in China","robots":{"index":"index","follow":"follow","max-snippet":"max-snippet:-1","max-image-preview":"max-image-preview:large","max-video-preview":"max-video-preview:-1"},"canonical":"https:\/\/okseamless.com\/pt\/produto\/v-neck-tank-sleeveless-bodysuit-top\/","og_locale":"pt_PT","og_type":"article","og_title":"V Neck Tank Sleeveless Bodysuit Top - Custom Seamless Shapewear and Yoga Wear Manufacturer in China","og_description":"Model NO: JS097  The V Neck Tank Sleeveless Bodysuit Top is a versatile and stylish piece that can be dressed up or down for any occasion. Made from a soft and stretchy fabric. The bodysuit is also incredibly comfortable to wear, thanks to its snap closure at the crotch and thong design. This makes it easy to put on and take off, and it also prevents any unwanted wrinkles or bunching. Whether you're dressing for a night out on the town or just running errands, the V Neck Tank Sleeveless Bodysuit Top is the perfect way to add a touch of glamour to your outfit.  Features   Sexy bodysuit designed for daily.  Slim fit top design that perfectly hugs curves and showcases a feminine silhouette.  Snap buttons at the crotch for easy and convenient bathroom use.  Versatile and stylish piece that can be dressed up or down, perfect for any occasion  Fabric Details   Viscose\u00a092%  Spandex 8%","og_url":"https:\/\/okseamless.com\/pt\/produto\/v-neck-tank-sleeveless-bodysuit-top\/","og_site_name":"Custom Seamless Shapewear and Yoga Wear Manufacturer in China","article_publisher":"https:\/\/www.facebook.com\/share\/1TH24JnBgY\/?mibextid=wwXIfr","article_modified_time":"2025-04-14T02:30:53+00:00","og_image":[{"width":1600,"height":1600,"url":"https:\/\/okseamless.com\/wp-content\/uploads\/2025\/04\/DM_20250408102419_002.jpg","type":"image\/jpeg"}],"twitter_card":"summary_large_image","twitter_misc":{"Tempo estimado de leitura":"1 minuto"},"schema":{"@context":"https:\/\/schema.org","@graph":[{"@type":"WebPage","@id":"https:\/\/okseamless.com\/product\/v-neck-tank-sleeveless-bodysuit-top\/","url":"https:\/\/okseamless.com\/product\/v-neck-tank-sleeveless-bodysuit-top\/","name":"V Neck Tank Sleeveless Bodysuit Top - Custom Seamless Shapewear and Yoga Wear Manufacturer in China","isPartOf":{"@id":"https:\/\/www.okseamless.com\/pt\/#website"},"primaryImageOfPage":{"@id":"https:\/\/okseamless.com\/product\/v-neck-tank-sleeveless-bodysuit-top\/#primaryimage"},"image":{"@id":"https:\/\/okseamless.com\/product\/v-neck-tank-sleeveless-bodysuit-top\/#primaryimage"},"thumbnailUrl":"https:\/\/okseamless.com\/wp-content\/uploads\/2025\/04\/DM_20250408102419_002.jpg","datePublished":"2025-04-10T01:23:56+00:00","dateModified":"2025-04-14T02:30:53+00:00","breadcrumb":{"@id":"https:\/\/okseamless.com\/product\/v-neck-tank-sleeveless-bodysuit-top\/#breadcrumb"},"inLanguage":"pt-PT","potentialAction":[{"@type":"ReadAction","target":["https:\/\/okseamless.com\/product\/v-neck-tank-sleeveless-bodysuit-top\/"]}]},{"@type":"ImageObject","inLanguage":"pt-PT","@id":"https:\/\/okseamless.com\/product\/v-neck-tank-sleeveless-bodysuit-top\/#primaryimage","url":"https:\/\/okseamless.com\/wp-content\/uploads\/2025\/04\/DM_20250408102419_002.jpg","contentUrl":"https:\/\/okseamless.com\/wp-content\/uploads\/2025\/04\/DM_20250408102419_002.jpg","width":1600,"height":1600},{"@type":"BreadcrumbList","@id":"https:\/\/okseamless.com\/product\/v-neck-tank-sleeveless-bodysuit-top\/#breadcrumb","itemListElement":[{"@type":"ListItem","position":1,"name":"\u9996\u9875","item":"https:\/\/okseamless.com\/"},{"@type":"ListItem","position":2,"name":"Produtos","item":"https:\/\/www.okseamless.com\/pt\/shop\/"},{"@type":"ListItem","position":3,"name":"V Neck Tank Sleeveless Bodysuit Top"}]},{"@type":"WebSite","@id":"https:\/\/www.okseamless.com\/pt\/#website","url":"https:\/\/www.okseamless.com\/pt\/","name":"Custom Seamless Shapewear and Yoga Wear Manufacturer in China","description":"","publisher":{"@id":"https:\/\/www.okseamless.com\/pt\/#organization"},"potentialAction":[{"@type":"SearchAction","target":{"@type":"EntryPoint","urlTemplate":"https:\/\/www.okseamless.com\/pt\/?s={search_term_string}"},"query-input":{"@type":"PropertyValueSpecification","valueRequired":true,"valueName":"search_term_string"}}],"inLanguage":"pt-PT"},{"@type":"Organization","@id":"https:\/\/www.okseamless.com\/pt\/#organization","name":"Custom Seamless Shapewear and Yoga Wear Manufacturer in China","url":"https:\/\/www.okseamless.com\/pt\/","logo":{"@type":"ImageObject","inLanguage":"pt-PT","@id":"https:\/\/www.okseamless.com\/pt\/#\/schema\/logo\/image\/","url":"https:\/\/okseamless.com\/wp-content\/uploads\/2025\/03\/LOGO.png","contentUrl":"https:\/\/okseamless.com\/wp-content\/uploads\/2025\/03\/LOGO.png","width":685,"height":218,"caption":"Custom Seamless Shapewear and Yoga Wear Manufacturer in China"},"image":{"@id":"https:\/\/www.okseamless.com\/pt\/#\/schema\/logo\/image\/"},"sameAs":["https:\/\/www.facebook.com\/share\/1TH24JnBgY\/?mibextid=wwXIfr"]}]}},"_links":{"self":[{"href":"https:\/\/okseamless.com\/pt\/wp-json\/wp\/v2\/product\/2075","targetHints":{"allow":["GET"]}}],"collection":[{"href":"https:\/\/okseamless.com\/pt\/wp-json\/wp\/v2\/product"}],"about":[{"href":"https:\/\/okseamless.com\/pt\/wp-json\/wp\/v2\/types\/product"}],"wp:featuredmedia":[{"embeddable":true,"href":"https:\/\/okseamless.com\/pt\/wp-json\/wp\/v2\/media\/2077"}],"wp:attachment":[{"href":"https:\/\/okseamless.com\/pt\/wp-json\/wp\/v2\/media?parent=2075"}],"wp:term":[{"taxonomy":"product_brand","embeddable":true,"href":"https:\/\/okseamless.com\/pt\/wp-json\/wp\/v2\/product_brand?post=2075"},{"taxonomy":"product_cat","embeddable":true,"href":"https:\/\/okseamless.com\/pt\/wp-json\/wp\/v2\/product_cat?post=2075"},{"taxonomy":"product_tag","embeddable":true,"href":"https:\/\/okseamless.com\/pt\/wp-json\/wp\/v2\/product_tag?post=2075"}],"curies":[{"name":"wp","href":"https:\/\/api.w.org\/{rel}","templated":true}]}}