{"id":1962,"date":"2025-04-09T01:35:38","date_gmt":"2025-04-09T01:35:38","guid":{"rendered":"https:\/\/okseamless.com\/?post_type=product&#038;p=1962"},"modified":"2025-04-14T02:17:09","modified_gmt":"2025-04-14T02:17:09","slug":"turtle-neck-long-sleeve-bodysuit","status":"publish","type":"product","link":"https:\/\/okseamless.com\/pt\/produto\/turtle-neck-long-sleeve-bodysuit\/","title":{"rendered":"Bodysuit de manga comprida com gola de tartaruga"},"content":{"rendered":"","protected":false},"excerpt":{"rendered":"<p>Model NO: JS088<\/p>\n<p>The Turtle Neck Long Sleeve Bodysuit is a versatile and stylish piece that can be dressed up or down for any occasion. Made from a soft and stretchy fabric, it hugs your curves in all the right places, while the turtleneck design adds a touch of elegance.\u00a0The bodysuit is also incredibly comfortable to wear, thanks to its snap closure at the crotch and thong design. This makes it easy to put on and take off, and it also prevents any unwanted wrinkles or bunching. Whether you&#8217;re dressing for a night out on the town or just running errands, the Turtle Neck Long Sleeve Bodysuit is the perfect way to add a touch of glamour to your outfit.<\/p>\n<p><strong>Carater\u00edsticas<\/strong><\/p>\n<ul>\n<li>Long-sleeve, high-neck design, embellishing necklines, and enhancing fashion, and creates a vintage-inspired and effortlessly chic look.<\/li>\n<li>Este body com um design sexy em forma de tanga acentua perfeitamente as curvas \u00fanicas do seu rabo.<\/li>\n<li>O design do body com fecho de press\u00e3o tipo tanga facilita a combina\u00e7\u00e3o com a pe\u00e7a de vestu\u00e1rio inferior e evita rugas no casaco.<\/li>\n<li>This slim-fit turtleneck bodysuit top versatile and stylish piece that can be dressed up or down, perfect for any occasion<\/li>\n<\/ul>\n<p><strong>Detalhes do tecido<\/strong><\/p>\n<ul>\n<li>Viscose 92%<\/li>\n<li>Spandex 8%<\/li>\n<\/ul>\n<p><strong>Dimensionamento:<\/strong><\/p>\n<p>The\u00a0Turtle Neck Long Sleeve Bodysuit is available in a variety of sizes to fit all body types. Please consult the size chart for the best fit.<\/p>","protected":false},"featured_media":1964,"template":"","meta":[],"product_brand":[],"product_cat":[37],"product_tag":[],"class_list":{"0":"post-1962","1":"product","2":"type-product","3":"status-publish","4":"has-post-thumbnail","6":"product_cat-womens-bodysuits","8":"first","9":"instock","10":"shipping-taxable","11":"product-type-simple"},"yoast_head":"<!-- This site is optimized with the Yoast SEO plugin v27.4 - https:\/\/yoast.com\/product\/yoast-seo-wordpress\/ -->\n<title>Turtle Neck Long Sleeve Bodysuit - Custom Seamless Shapewear and Yoga Wear Manufacturer in China<\/title>\n<meta name=\"robots\" content=\"index, follow, max-snippet:-1, max-image-preview:large, max-video-preview:-1\" \/>\n<link rel=\"canonical\" href=\"https:\/\/www.okseamless.com\/pt\/produto\/turtle-neck-long-sleeve-bodysuit\/\" \/>\n<meta property=\"og:locale\" content=\"pt_PT\" \/>\n<meta property=\"og:type\" content=\"article\" \/>\n<meta property=\"og:title\" content=\"Turtle Neck Long Sleeve Bodysuit - Custom Seamless Shapewear and Yoga Wear Manufacturer in China\" \/>\n<meta property=\"og:description\" content=\"Model NO: JS088  The Turtle Neck Long Sleeve Bodysuit is a versatile and stylish piece that can be dressed up or down for any occasion. Made from a soft and stretchy fabric, it hugs your curves in all the right places, while the turtleneck design adds a touch of elegance.\u00a0The bodysuit is also incredibly comfortable to wear, thanks to its snap closure at the crotch and thong design. This makes it easy to put on and take off, and it also prevents any unwanted wrinkles or bunching. Whether you&#039;re dressing for a night out on the town or just running errands, the Turtle Neck Long Sleeve Bodysuit is the perfect way to add a touch of glamour to your outfit.  Features   Long-sleeve, high-neck design, embellishing necklines, and enhancing fashion, and creates a vintage-inspired and effortlessly chic look.  This bodysuit with a sexy thong design perfectly accentuates your unique butt curves.  The bodysuit with thong snap closure design makes it easier to match with the lower garment and avoids wrinkles in the jacket.  This slim-fit turtleneck bodysuit top versatile and stylish piece that can be dressed up or down, perfect for any occasion  Fabric Details   Viscose\u00a092%  Spandex 8%  Sizing:  The\u00a0Turtle Neck Long Sleeve Bodysuit is available in a variety of sizes to fit all body types. Please consult the size chart for the best fit.\" \/>\n<meta property=\"og:url\" content=\"https:\/\/www.okseamless.com\/pt\/produto\/turtle-neck-long-sleeve-bodysuit\/\" \/>\n<meta property=\"og:site_name\" content=\"Custom Seamless Shapewear and Yoga Wear Manufacturer in China\" \/>\n<meta property=\"article:publisher\" content=\"https:\/\/www.facebook.com\/share\/1TH24JnBgY\/?mibextid=wwXIfr\" \/>\n<meta property=\"article:modified_time\" content=\"2025-04-14T02:17:09+00:00\" \/>\n<meta property=\"og:image\" content=\"https:\/\/www.okseamless.com\/wp-content\/uploads\/2025\/04\/DM_20250408101100_002.png\" \/>\n\t<meta property=\"og:image:width\" content=\"1600\" \/>\n\t<meta property=\"og:image:height\" content=\"1600\" \/>\n\t<meta property=\"og:image:type\" content=\"image\/png\" \/>\n<meta name=\"twitter:card\" content=\"summary_large_image\" \/>\n<meta name=\"twitter:label1\" content=\"Tempo estimado de leitura\" \/>\n\t<meta name=\"twitter:data1\" content=\"1 minuto\" \/>\n<script type=\"application\/ld+json\" class=\"yoast-schema-graph\">{\"@context\":\"https:\\\/\\\/schema.org\",\"@graph\":[{\"@type\":\"WebPage\",\"@id\":\"https:\\\/\\\/www.okseamless.com\\\/pt\\\/produto\\\/turtle-neck-long-sleeve-bodysuit\\\/\",\"url\":\"https:\\\/\\\/www.okseamless.com\\\/pt\\\/produto\\\/turtle-neck-long-sleeve-bodysuit\\\/\",\"name\":\"Turtle Neck Long Sleeve Bodysuit - Custom Seamless Shapewear and Yoga Wear Manufacturer in China\",\"isPartOf\":{\"@id\":\"https:\\\/\\\/www.okseamless.com\\\/pt\\\/#website\"},\"primaryImageOfPage\":{\"@id\":\"https:\\\/\\\/www.okseamless.com\\\/pt\\\/produto\\\/turtle-neck-long-sleeve-bodysuit\\\/#primaryimage\"},\"image\":{\"@id\":\"https:\\\/\\\/www.okseamless.com\\\/pt\\\/produto\\\/turtle-neck-long-sleeve-bodysuit\\\/#primaryimage\"},\"thumbnailUrl\":\"https:\\\/\\\/okseamless.com\\\/wp-content\\\/uploads\\\/2025\\\/04\\\/DM_20250408101100_002.png\",\"datePublished\":\"2025-04-09T01:35:38+00:00\",\"dateModified\":\"2025-04-14T02:17:09+00:00\",\"breadcrumb\":{\"@id\":\"https:\\\/\\\/www.okseamless.com\\\/pt\\\/produto\\\/turtle-neck-long-sleeve-bodysuit\\\/#breadcrumb\"},\"inLanguage\":\"pt-PT\",\"potentialAction\":[{\"@type\":\"ReadAction\",\"target\":[\"https:\\\/\\\/www.okseamless.com\\\/pt\\\/produto\\\/turtle-neck-long-sleeve-bodysuit\\\/\"]}]},{\"@type\":\"ImageObject\",\"inLanguage\":\"pt-PT\",\"@id\":\"https:\\\/\\\/www.okseamless.com\\\/pt\\\/produto\\\/turtle-neck-long-sleeve-bodysuit\\\/#primaryimage\",\"url\":\"https:\\\/\\\/okseamless.com\\\/wp-content\\\/uploads\\\/2025\\\/04\\\/DM_20250408101100_002.png\",\"contentUrl\":\"https:\\\/\\\/okseamless.com\\\/wp-content\\\/uploads\\\/2025\\\/04\\\/DM_20250408101100_002.png\",\"width\":1600,\"height\":1600},{\"@type\":\"BreadcrumbList\",\"@id\":\"https:\\\/\\\/www.okseamless.com\\\/pt\\\/produto\\\/turtle-neck-long-sleeve-bodysuit\\\/#breadcrumb\",\"itemListElement\":[{\"@type\":\"ListItem\",\"position\":1,\"name\":\"\u9996\u9875\",\"item\":\"https:\\\/\\\/okseamless.com\\\/\"},{\"@type\":\"ListItem\",\"position\":2,\"name\":\"Produtos\",\"item\":\"https:\\\/\\\/www.okseamless.com\\\/pt\\\/shop\\\/\"},{\"@type\":\"ListItem\",\"position\":3,\"name\":\"Turtle Neck Long Sleeve Bodysuit\"}]},{\"@type\":\"WebSite\",\"@id\":\"https:\\\/\\\/www.okseamless.com\\\/pt\\\/#website\",\"url\":\"https:\\\/\\\/www.okseamless.com\\\/pt\\\/\",\"name\":\"Custom Seamless Shapewear and Yoga Wear Manufacturer in China\",\"description\":\"\",\"publisher\":{\"@id\":\"https:\\\/\\\/www.okseamless.com\\\/pt\\\/#organization\"},\"potentialAction\":[{\"@type\":\"SearchAction\",\"target\":{\"@type\":\"EntryPoint\",\"urlTemplate\":\"https:\\\/\\\/www.okseamless.com\\\/pt\\\/?s={search_term_string}\"},\"query-input\":{\"@type\":\"PropertyValueSpecification\",\"valueRequired\":true,\"valueName\":\"search_term_string\"}}],\"inLanguage\":\"pt-PT\"},{\"@type\":\"Organization\",\"@id\":\"https:\\\/\\\/www.okseamless.com\\\/pt\\\/#organization\",\"name\":\"Custom Seamless Shapewear and Yoga Wear Manufacturer in China\",\"url\":\"https:\\\/\\\/www.okseamless.com\\\/pt\\\/\",\"logo\":{\"@type\":\"ImageObject\",\"inLanguage\":\"pt-PT\",\"@id\":\"https:\\\/\\\/www.okseamless.com\\\/pt\\\/#\\\/schema\\\/logo\\\/image\\\/\",\"url\":\"https:\\\/\\\/okseamless.com\\\/wp-content\\\/uploads\\\/2025\\\/03\\\/LOGO.png\",\"contentUrl\":\"https:\\\/\\\/okseamless.com\\\/wp-content\\\/uploads\\\/2025\\\/03\\\/LOGO.png\",\"width\":685,\"height\":218,\"caption\":\"Custom Seamless Shapewear and Yoga Wear Manufacturer in China\"},\"image\":{\"@id\":\"https:\\\/\\\/www.okseamless.com\\\/pt\\\/#\\\/schema\\\/logo\\\/image\\\/\"},\"sameAs\":[\"https:\\\/\\\/www.facebook.com\\\/share\\\/1TH24JnBgY\\\/?mibextid=wwXIfr\"]}]}<\/script>\n<!-- \/ Yoast SEO plugin. -->","yoast_head_json":{"title":"Turtle Neck Long Sleeve Bodysuit - Custom Seamless Shapewear and Yoga Wear Manufacturer in China","robots":{"index":"index","follow":"follow","max-snippet":"max-snippet:-1","max-image-preview":"max-image-preview:large","max-video-preview":"max-video-preview:-1"},"canonical":"https:\/\/www.okseamless.com\/pt\/produto\/turtle-neck-long-sleeve-bodysuit\/","og_locale":"pt_PT","og_type":"article","og_title":"Turtle Neck Long Sleeve Bodysuit - Custom Seamless Shapewear and Yoga Wear Manufacturer in China","og_description":"Model NO: JS088  The Turtle Neck Long Sleeve Bodysuit is a versatile and stylish piece that can be dressed up or down for any occasion. Made from a soft and stretchy fabric, it hugs your curves in all the right places, while the turtleneck design adds a touch of elegance.\u00a0The bodysuit is also incredibly comfortable to wear, thanks to its snap closure at the crotch and thong design. This makes it easy to put on and take off, and it also prevents any unwanted wrinkles or bunching. Whether you're dressing for a night out on the town or just running errands, the Turtle Neck Long Sleeve Bodysuit is the perfect way to add a touch of glamour to your outfit.  Features   Long-sleeve, high-neck design, embellishing necklines, and enhancing fashion, and creates a vintage-inspired and effortlessly chic look.  This bodysuit with a sexy thong design perfectly accentuates your unique butt curves.  The bodysuit with thong snap closure design makes it easier to match with the lower garment and avoids wrinkles in the jacket.  This slim-fit turtleneck bodysuit top versatile and stylish piece that can be dressed up or down, perfect for any occasion  Fabric Details   Viscose\u00a092%  Spandex 8%  Sizing:  The\u00a0Turtle Neck Long Sleeve Bodysuit is available in a variety of sizes to fit all body types. Please consult the size chart for the best fit.","og_url":"https:\/\/www.okseamless.com\/pt\/produto\/turtle-neck-long-sleeve-bodysuit\/","og_site_name":"Custom Seamless Shapewear and Yoga Wear Manufacturer in China","article_publisher":"https:\/\/www.facebook.com\/share\/1TH24JnBgY\/?mibextid=wwXIfr","article_modified_time":"2025-04-14T02:17:09+00:00","og_image":[{"width":1600,"height":1600,"url":"https:\/\/www.okseamless.com\/wp-content\/uploads\/2025\/04\/DM_20250408101100_002.png","type":"image\/png"}],"twitter_card":"summary_large_image","twitter_misc":{"Tempo estimado de leitura":"1 minuto"},"schema":{"@context":"https:\/\/schema.org","@graph":[{"@type":"WebPage","@id":"https:\/\/www.okseamless.com\/pt\/produto\/turtle-neck-long-sleeve-bodysuit\/","url":"https:\/\/www.okseamless.com\/pt\/produto\/turtle-neck-long-sleeve-bodysuit\/","name":"Turtle Neck Long Sleeve Bodysuit - Custom Seamless Shapewear and Yoga Wear Manufacturer in China","isPartOf":{"@id":"https:\/\/www.okseamless.com\/pt\/#website"},"primaryImageOfPage":{"@id":"https:\/\/www.okseamless.com\/pt\/produto\/turtle-neck-long-sleeve-bodysuit\/#primaryimage"},"image":{"@id":"https:\/\/www.okseamless.com\/pt\/produto\/turtle-neck-long-sleeve-bodysuit\/#primaryimage"},"thumbnailUrl":"https:\/\/okseamless.com\/wp-content\/uploads\/2025\/04\/DM_20250408101100_002.png","datePublished":"2025-04-09T01:35:38+00:00","dateModified":"2025-04-14T02:17:09+00:00","breadcrumb":{"@id":"https:\/\/www.okseamless.com\/pt\/produto\/turtle-neck-long-sleeve-bodysuit\/#breadcrumb"},"inLanguage":"pt-PT","potentialAction":[{"@type":"ReadAction","target":["https:\/\/www.okseamless.com\/pt\/produto\/turtle-neck-long-sleeve-bodysuit\/"]}]},{"@type":"ImageObject","inLanguage":"pt-PT","@id":"https:\/\/www.okseamless.com\/pt\/produto\/turtle-neck-long-sleeve-bodysuit\/#primaryimage","url":"https:\/\/okseamless.com\/wp-content\/uploads\/2025\/04\/DM_20250408101100_002.png","contentUrl":"https:\/\/okseamless.com\/wp-content\/uploads\/2025\/04\/DM_20250408101100_002.png","width":1600,"height":1600},{"@type":"BreadcrumbList","@id":"https:\/\/www.okseamless.com\/pt\/produto\/turtle-neck-long-sleeve-bodysuit\/#breadcrumb","itemListElement":[{"@type":"ListItem","position":1,"name":"\u9996\u9875","item":"https:\/\/okseamless.com\/"},{"@type":"ListItem","position":2,"name":"Produtos","item":"https:\/\/www.okseamless.com\/pt\/shop\/"},{"@type":"ListItem","position":3,"name":"Turtle Neck Long Sleeve Bodysuit"}]},{"@type":"WebSite","@id":"https:\/\/www.okseamless.com\/pt\/#website","url":"https:\/\/www.okseamless.com\/pt\/","name":"Custom Seamless Shapewear and Yoga Wear Manufacturer in China","description":"","publisher":{"@id":"https:\/\/www.okseamless.com\/pt\/#organization"},"potentialAction":[{"@type":"SearchAction","target":{"@type":"EntryPoint","urlTemplate":"https:\/\/www.okseamless.com\/pt\/?s={search_term_string}"},"query-input":{"@type":"PropertyValueSpecification","valueRequired":true,"valueName":"search_term_string"}}],"inLanguage":"pt-PT"},{"@type":"Organization","@id":"https:\/\/www.okseamless.com\/pt\/#organization","name":"Custom Seamless Shapewear and Yoga Wear Manufacturer in China","url":"https:\/\/www.okseamless.com\/pt\/","logo":{"@type":"ImageObject","inLanguage":"pt-PT","@id":"https:\/\/www.okseamless.com\/pt\/#\/schema\/logo\/image\/","url":"https:\/\/okseamless.com\/wp-content\/uploads\/2025\/03\/LOGO.png","contentUrl":"https:\/\/okseamless.com\/wp-content\/uploads\/2025\/03\/LOGO.png","width":685,"height":218,"caption":"Custom Seamless Shapewear and Yoga Wear Manufacturer in China"},"image":{"@id":"https:\/\/www.okseamless.com\/pt\/#\/schema\/logo\/image\/"},"sameAs":["https:\/\/www.facebook.com\/share\/1TH24JnBgY\/?mibextid=wwXIfr"]}]}},"_links":{"self":[{"href":"https:\/\/okseamless.com\/pt\/wp-json\/wp\/v2\/product\/1962","targetHints":{"allow":["GET"]}}],"collection":[{"href":"https:\/\/okseamless.com\/pt\/wp-json\/wp\/v2\/product"}],"about":[{"href":"https:\/\/okseamless.com\/pt\/wp-json\/wp\/v2\/types\/product"}],"wp:featuredmedia":[{"embeddable":true,"href":"https:\/\/okseamless.com\/pt\/wp-json\/wp\/v2\/media\/1964"}],"wp:attachment":[{"href":"https:\/\/okseamless.com\/pt\/wp-json\/wp\/v2\/media?parent=1962"}],"wp:term":[{"taxonomy":"product_brand","embeddable":true,"href":"https:\/\/okseamless.com\/pt\/wp-json\/wp\/v2\/product_brand?post=1962"},{"taxonomy":"product_cat","embeddable":true,"href":"https:\/\/okseamless.com\/pt\/wp-json\/wp\/v2\/product_cat?post=1962"},{"taxonomy":"product_tag","embeddable":true,"href":"https:\/\/okseamless.com\/pt\/wp-json\/wp\/v2\/product_tag?post=1962"}],"curies":[{"name":"wp","href":"https:\/\/api.w.org\/{rel}","templated":true}]}}