{"id":1938,"date":"2025-04-09T01:30:47","date_gmt":"2025-04-09T01:30:47","guid":{"rendered":"https:\/\/okseamless.com\/?post_type=product&#038;p=1938"},"modified":"2025-04-14T02:13:35","modified_gmt":"2025-04-14T02:13:35","slug":"elegant-long-sleeve-going-out-bodysuit-top-2","status":"publish","type":"product","link":"https:\/\/okseamless.com\/pt\/produto\/elegant-long-sleeve-going-out-bodysuit-top-2\/","title":{"rendered":"Top elegante de manga comprida com body Going Out"},"content":{"rendered":"","protected":false},"excerpt":{"rendered":"<p>Modelo N.\u00ba: JS086<\/p>\n<p>O Top Elegant Long Sleeve Going Out Bodysuit \u00e9 uma pe\u00e7a vers\u00e1til e elegante que pode ser vestida para cima ou para baixo para qualquer ocasi\u00e3o. Feito de um tecido macio e el\u00e1stico, abra\u00e7a as suas curvas em todos os s\u00edtios certos, enquanto o design de emenda assim\u00e9trica acrescenta um toque de eleg\u00e2ncia. O body \u00e9 tamb\u00e9m incrivelmente confort\u00e1vel de usar, gra\u00e7as ao seu fecho de press\u00e3o nas virilhas e ao design de tanga. Isto torna-o f\u00e1cil de vestir e despir, e tamb\u00e9m evita quaisquer rugas indesejadas ou amassados. Quer esteja a vestir-se para uma sa\u00edda \u00e0 noite na cidade ou apenas para fazer recados, o Elegant Long Sleeve Going Out Bodysuit Top \u00e9 a forma perfeita de dar um toque de glamour ao seu conjunto.<\/p>\n<p><strong>Carater\u00edsticas<\/strong><\/p>\n<ul>\n<li>Manga comprida, design de emenda assim\u00e9trica, gola redonda e moda de realce, criando um visual de inspira\u00e7\u00e3o vintage e chique sem esfor\u00e7o.<\/li>\n<li>Este body com um design sexy em forma de tanga acentua perfeitamente as curvas \u00fanicas do seu rabo.<\/li>\n<li>O design do body com fecho de press\u00e3o tipo tanga facilita a combina\u00e7\u00e3o com a pe\u00e7a de vestu\u00e1rio inferior e evita rugas no casaco.<\/li>\n<li>Este body de corte justo \u00e9 uma pe\u00e7a vers\u00e1til e elegante que pode ser vestida para cima ou para baixo, perfeita para qualquer ocasi\u00e3o<\/li>\n<\/ul>\n<p><strong>Detalhes do tecido<\/strong><\/p>\n<ul>\n<li>Viscose 92%<\/li>\n<li>Spandex 8%<\/li>\n<\/ul>\n<p><strong>Dimensionamento:<\/strong><\/p>\n<p>O Top elegante de manga comprida Going Out Bodysuit est\u00e1 dispon\u00edvel numa variedade de tamanhos para se adaptar a todos os tipos de corpo. Consulte a tabela de tamanhos para obter o melhor ajuste.<\/p>","protected":false},"featured_media":1941,"template":"","meta":[],"product_brand":[],"product_cat":[37],"product_tag":[],"class_list":{"0":"post-1938","1":"product","2":"type-product","3":"status-publish","4":"has-post-thumbnail","6":"product_cat-womens-bodysuits","8":"first","9":"instock","10":"shipping-taxable","11":"product-type-simple"},"yoast_head":"<!-- This site is optimized with the Yoast SEO plugin v27.4 - https:\/\/yoast.com\/product\/yoast-seo-wordpress\/ -->\n<title>Elegant Long Sleeve Going Out Bodysuit Top - Custom Seamless Shapewear and Yoga Wear Manufacturer in China<\/title>\n<meta name=\"robots\" content=\"index, follow, max-snippet:-1, max-image-preview:large, max-video-preview:-1\" \/>\n<link rel=\"canonical\" href=\"https:\/\/okseamless.com\/pt\/produto\/elegant-long-sleeve-going-out-bodysuit-top-2\/\" \/>\n<meta property=\"og:locale\" content=\"pt_PT\" \/>\n<meta property=\"og:type\" content=\"article\" \/>\n<meta property=\"og:title\" content=\"Elegant Long Sleeve Going Out Bodysuit Top - Custom Seamless Shapewear and Yoga Wear Manufacturer in China\" \/>\n<meta property=\"og:description\" content=\"Model NO: JS086  The Elegant Long Sleeve Going Out Bodysuit Top is a versatile and stylish piece that can be dressed up or down for any occasion. Made from a soft and stretchy fabric, it hugs your curves in all the right places, while the Asymmetric Splicing Design adds a touch of elegance. The bodysuit is also incredibly comfortable to wear, thanks to its snap closure at the crotch and thong design. This makes it easy to put on and take off, and it also prevents any unwanted wrinkles or bunching. Whether you&#039;re dressing for a night out on the town or just running errands, the Elegant Long Sleeve Going Out Bodysuit Top is the perfect way to add a touch of glamour to your outfit.  Features   Long-sleeve, asymmetric splicing design, round neck, and enhancing fashion, and creates a vintage-inspired and effortlessly chic look.  This bodysuit with a sexy thong design perfectly accentuates your unique butt curves.  The bodysuit with thong snap closure design makes it easier to match with the lower garment and avoids wrinkles in the jacket.  This slim-fit bodysuit top versatile and stylish piece that can be dressed up or down, perfect for any occasion  Fabric Details   Viscose\u00a092%  Spandex 8%  Sizing:  The Elegant Long Sleeve Going Out Bodysuit Top is available in a variety of sizes to fit all body types. Please consult the size chart for the best fit.\" \/>\n<meta property=\"og:url\" content=\"https:\/\/okseamless.com\/pt\/produto\/elegant-long-sleeve-going-out-bodysuit-top-2\/\" \/>\n<meta property=\"og:site_name\" content=\"Custom Seamless Shapewear and Yoga Wear Manufacturer in China\" \/>\n<meta property=\"article:publisher\" content=\"https:\/\/www.facebook.com\/share\/1TH24JnBgY\/?mibextid=wwXIfr\" \/>\n<meta property=\"article:modified_time\" content=\"2025-04-14T02:13:35+00:00\" \/>\n<meta property=\"og:image\" content=\"https:\/\/okseamless.com\/wp-content\/uploads\/2025\/04\/DM_20250408100211_002.jpg\" \/>\n\t<meta property=\"og:image:width\" content=\"1600\" \/>\n\t<meta property=\"og:image:height\" content=\"1600\" \/>\n\t<meta property=\"og:image:type\" content=\"image\/jpeg\" \/>\n<meta name=\"twitter:card\" content=\"summary_large_image\" \/>\n<meta name=\"twitter:label1\" content=\"Tempo estimado de leitura\" \/>\n\t<meta name=\"twitter:data1\" content=\"1 minuto\" \/>\n<script type=\"application\/ld+json\" class=\"yoast-schema-graph\">{\"@context\":\"https:\\\/\\\/schema.org\",\"@graph\":[{\"@type\":\"WebPage\",\"@id\":\"https:\\\/\\\/okseamless.com\\\/product\\\/elegant-long-sleeve-going-out-bodysuit-top-2\\\/\",\"url\":\"https:\\\/\\\/okseamless.com\\\/product\\\/elegant-long-sleeve-going-out-bodysuit-top-2\\\/\",\"name\":\"Elegant Long Sleeve Going Out Bodysuit Top - Custom Seamless Shapewear and Yoga Wear Manufacturer in China\",\"isPartOf\":{\"@id\":\"https:\\\/\\\/www.okseamless.com\\\/pt\\\/#website\"},\"primaryImageOfPage\":{\"@id\":\"https:\\\/\\\/okseamless.com\\\/product\\\/elegant-long-sleeve-going-out-bodysuit-top-2\\\/#primaryimage\"},\"image\":{\"@id\":\"https:\\\/\\\/okseamless.com\\\/product\\\/elegant-long-sleeve-going-out-bodysuit-top-2\\\/#primaryimage\"},\"thumbnailUrl\":\"https:\\\/\\\/okseamless.com\\\/wp-content\\\/uploads\\\/2025\\\/04\\\/DM_20250408100211_002.jpg\",\"datePublished\":\"2025-04-09T01:30:47+00:00\",\"dateModified\":\"2025-04-14T02:13:35+00:00\",\"breadcrumb\":{\"@id\":\"https:\\\/\\\/okseamless.com\\\/product\\\/elegant-long-sleeve-going-out-bodysuit-top-2\\\/#breadcrumb\"},\"inLanguage\":\"pt-PT\",\"potentialAction\":[{\"@type\":\"ReadAction\",\"target\":[\"https:\\\/\\\/okseamless.com\\\/product\\\/elegant-long-sleeve-going-out-bodysuit-top-2\\\/\"]}]},{\"@type\":\"ImageObject\",\"inLanguage\":\"pt-PT\",\"@id\":\"https:\\\/\\\/okseamless.com\\\/product\\\/elegant-long-sleeve-going-out-bodysuit-top-2\\\/#primaryimage\",\"url\":\"https:\\\/\\\/okseamless.com\\\/wp-content\\\/uploads\\\/2025\\\/04\\\/DM_20250408100211_002.jpg\",\"contentUrl\":\"https:\\\/\\\/okseamless.com\\\/wp-content\\\/uploads\\\/2025\\\/04\\\/DM_20250408100211_002.jpg\",\"width\":1600,\"height\":1600},{\"@type\":\"BreadcrumbList\",\"@id\":\"https:\\\/\\\/okseamless.com\\\/product\\\/elegant-long-sleeve-going-out-bodysuit-top-2\\\/#breadcrumb\",\"itemListElement\":[{\"@type\":\"ListItem\",\"position\":1,\"name\":\"\u9996\u9875\",\"item\":\"https:\\\/\\\/okseamless.com\\\/\"},{\"@type\":\"ListItem\",\"position\":2,\"name\":\"Produtos\",\"item\":\"https:\\\/\\\/www.okseamless.com\\\/pt\\\/shop\\\/\"},{\"@type\":\"ListItem\",\"position\":3,\"name\":\"Elegant Long Sleeve Going Out Bodysuit Top\"}]},{\"@type\":\"WebSite\",\"@id\":\"https:\\\/\\\/www.okseamless.com\\\/pt\\\/#website\",\"url\":\"https:\\\/\\\/www.okseamless.com\\\/pt\\\/\",\"name\":\"Custom Seamless Shapewear and Yoga Wear Manufacturer in China\",\"description\":\"\",\"publisher\":{\"@id\":\"https:\\\/\\\/www.okseamless.com\\\/pt\\\/#organization\"},\"potentialAction\":[{\"@type\":\"SearchAction\",\"target\":{\"@type\":\"EntryPoint\",\"urlTemplate\":\"https:\\\/\\\/www.okseamless.com\\\/pt\\\/?s={search_term_string}\"},\"query-input\":{\"@type\":\"PropertyValueSpecification\",\"valueRequired\":true,\"valueName\":\"search_term_string\"}}],\"inLanguage\":\"pt-PT\"},{\"@type\":\"Organization\",\"@id\":\"https:\\\/\\\/www.okseamless.com\\\/pt\\\/#organization\",\"name\":\"Custom Seamless Shapewear and Yoga Wear Manufacturer in China\",\"url\":\"https:\\\/\\\/www.okseamless.com\\\/pt\\\/\",\"logo\":{\"@type\":\"ImageObject\",\"inLanguage\":\"pt-PT\",\"@id\":\"https:\\\/\\\/www.okseamless.com\\\/pt\\\/#\\\/schema\\\/logo\\\/image\\\/\",\"url\":\"https:\\\/\\\/okseamless.com\\\/wp-content\\\/uploads\\\/2025\\\/03\\\/LOGO.png\",\"contentUrl\":\"https:\\\/\\\/okseamless.com\\\/wp-content\\\/uploads\\\/2025\\\/03\\\/LOGO.png\",\"width\":685,\"height\":218,\"caption\":\"Custom Seamless Shapewear and Yoga Wear Manufacturer in China\"},\"image\":{\"@id\":\"https:\\\/\\\/www.okseamless.com\\\/pt\\\/#\\\/schema\\\/logo\\\/image\\\/\"},\"sameAs\":[\"https:\\\/\\\/www.facebook.com\\\/share\\\/1TH24JnBgY\\\/?mibextid=wwXIfr\"]}]}<\/script>\n<!-- \/ Yoast SEO plugin. -->","yoast_head_json":{"title":"Elegant Long Sleeve Going Out Bodysuit Top - Custom Seamless Shapewear and Yoga Wear Manufacturer in China","robots":{"index":"index","follow":"follow","max-snippet":"max-snippet:-1","max-image-preview":"max-image-preview:large","max-video-preview":"max-video-preview:-1"},"canonical":"https:\/\/okseamless.com\/pt\/produto\/elegant-long-sleeve-going-out-bodysuit-top-2\/","og_locale":"pt_PT","og_type":"article","og_title":"Elegant Long Sleeve Going Out Bodysuit Top - Custom Seamless Shapewear and Yoga Wear Manufacturer in China","og_description":"Model NO: JS086  The Elegant Long Sleeve Going Out Bodysuit Top is a versatile and stylish piece that can be dressed up or down for any occasion. Made from a soft and stretchy fabric, it hugs your curves in all the right places, while the Asymmetric Splicing Design adds a touch of elegance. The bodysuit is also incredibly comfortable to wear, thanks to its snap closure at the crotch and thong design. This makes it easy to put on and take off, and it also prevents any unwanted wrinkles or bunching. Whether you're dressing for a night out on the town or just running errands, the Elegant Long Sleeve Going Out Bodysuit Top is the perfect way to add a touch of glamour to your outfit.  Features   Long-sleeve, asymmetric splicing design, round neck, and enhancing fashion, and creates a vintage-inspired and effortlessly chic look.  This bodysuit with a sexy thong design perfectly accentuates your unique butt curves.  The bodysuit with thong snap closure design makes it easier to match with the lower garment and avoids wrinkles in the jacket.  This slim-fit bodysuit top versatile and stylish piece that can be dressed up or down, perfect for any occasion  Fabric Details   Viscose\u00a092%  Spandex 8%  Sizing:  The Elegant Long Sleeve Going Out Bodysuit Top is available in a variety of sizes to fit all body types. Please consult the size chart for the best fit.","og_url":"https:\/\/okseamless.com\/pt\/produto\/elegant-long-sleeve-going-out-bodysuit-top-2\/","og_site_name":"Custom Seamless Shapewear and Yoga Wear Manufacturer in China","article_publisher":"https:\/\/www.facebook.com\/share\/1TH24JnBgY\/?mibextid=wwXIfr","article_modified_time":"2025-04-14T02:13:35+00:00","og_image":[{"width":1600,"height":1600,"url":"https:\/\/okseamless.com\/wp-content\/uploads\/2025\/04\/DM_20250408100211_002.jpg","type":"image\/jpeg"}],"twitter_card":"summary_large_image","twitter_misc":{"Tempo estimado de leitura":"1 minuto"},"schema":{"@context":"https:\/\/schema.org","@graph":[{"@type":"WebPage","@id":"https:\/\/okseamless.com\/product\/elegant-long-sleeve-going-out-bodysuit-top-2\/","url":"https:\/\/okseamless.com\/product\/elegant-long-sleeve-going-out-bodysuit-top-2\/","name":"Elegant Long Sleeve Going Out Bodysuit Top - Custom Seamless Shapewear and Yoga Wear Manufacturer in China","isPartOf":{"@id":"https:\/\/www.okseamless.com\/pt\/#website"},"primaryImageOfPage":{"@id":"https:\/\/okseamless.com\/product\/elegant-long-sleeve-going-out-bodysuit-top-2\/#primaryimage"},"image":{"@id":"https:\/\/okseamless.com\/product\/elegant-long-sleeve-going-out-bodysuit-top-2\/#primaryimage"},"thumbnailUrl":"https:\/\/okseamless.com\/wp-content\/uploads\/2025\/04\/DM_20250408100211_002.jpg","datePublished":"2025-04-09T01:30:47+00:00","dateModified":"2025-04-14T02:13:35+00:00","breadcrumb":{"@id":"https:\/\/okseamless.com\/product\/elegant-long-sleeve-going-out-bodysuit-top-2\/#breadcrumb"},"inLanguage":"pt-PT","potentialAction":[{"@type":"ReadAction","target":["https:\/\/okseamless.com\/product\/elegant-long-sleeve-going-out-bodysuit-top-2\/"]}]},{"@type":"ImageObject","inLanguage":"pt-PT","@id":"https:\/\/okseamless.com\/product\/elegant-long-sleeve-going-out-bodysuit-top-2\/#primaryimage","url":"https:\/\/okseamless.com\/wp-content\/uploads\/2025\/04\/DM_20250408100211_002.jpg","contentUrl":"https:\/\/okseamless.com\/wp-content\/uploads\/2025\/04\/DM_20250408100211_002.jpg","width":1600,"height":1600},{"@type":"BreadcrumbList","@id":"https:\/\/okseamless.com\/product\/elegant-long-sleeve-going-out-bodysuit-top-2\/#breadcrumb","itemListElement":[{"@type":"ListItem","position":1,"name":"\u9996\u9875","item":"https:\/\/okseamless.com\/"},{"@type":"ListItem","position":2,"name":"Produtos","item":"https:\/\/www.okseamless.com\/pt\/shop\/"},{"@type":"ListItem","position":3,"name":"Elegant Long Sleeve Going Out Bodysuit Top"}]},{"@type":"WebSite","@id":"https:\/\/www.okseamless.com\/pt\/#website","url":"https:\/\/www.okseamless.com\/pt\/","name":"Custom Seamless Shapewear and Yoga Wear Manufacturer in China","description":"","publisher":{"@id":"https:\/\/www.okseamless.com\/pt\/#organization"},"potentialAction":[{"@type":"SearchAction","target":{"@type":"EntryPoint","urlTemplate":"https:\/\/www.okseamless.com\/pt\/?s={search_term_string}"},"query-input":{"@type":"PropertyValueSpecification","valueRequired":true,"valueName":"search_term_string"}}],"inLanguage":"pt-PT"},{"@type":"Organization","@id":"https:\/\/www.okseamless.com\/pt\/#organization","name":"Custom Seamless Shapewear and Yoga Wear Manufacturer in China","url":"https:\/\/www.okseamless.com\/pt\/","logo":{"@type":"ImageObject","inLanguage":"pt-PT","@id":"https:\/\/www.okseamless.com\/pt\/#\/schema\/logo\/image\/","url":"https:\/\/okseamless.com\/wp-content\/uploads\/2025\/03\/LOGO.png","contentUrl":"https:\/\/okseamless.com\/wp-content\/uploads\/2025\/03\/LOGO.png","width":685,"height":218,"caption":"Custom Seamless Shapewear and Yoga Wear Manufacturer in China"},"image":{"@id":"https:\/\/www.okseamless.com\/pt\/#\/schema\/logo\/image\/"},"sameAs":["https:\/\/www.facebook.com\/share\/1TH24JnBgY\/?mibextid=wwXIfr"]}]}},"_links":{"self":[{"href":"https:\/\/okseamless.com\/pt\/wp-json\/wp\/v2\/product\/1938","targetHints":{"allow":["GET"]}}],"collection":[{"href":"https:\/\/okseamless.com\/pt\/wp-json\/wp\/v2\/product"}],"about":[{"href":"https:\/\/okseamless.com\/pt\/wp-json\/wp\/v2\/types\/product"}],"wp:featuredmedia":[{"embeddable":true,"href":"https:\/\/okseamless.com\/pt\/wp-json\/wp\/v2\/media\/1941"}],"wp:attachment":[{"href":"https:\/\/okseamless.com\/pt\/wp-json\/wp\/v2\/media?parent=1938"}],"wp:term":[{"taxonomy":"product_brand","embeddable":true,"href":"https:\/\/okseamless.com\/pt\/wp-json\/wp\/v2\/product_brand?post=1938"},{"taxonomy":"product_cat","embeddable":true,"href":"https:\/\/okseamless.com\/pt\/wp-json\/wp\/v2\/product_cat?post=1938"},{"taxonomy":"product_tag","embeddable":true,"href":"https:\/\/okseamless.com\/pt\/wp-json\/wp\/v2\/product_tag?post=1938"}],"curies":[{"name":"wp","href":"https:\/\/api.w.org\/{rel}","templated":true}]}}