{"id":1875,"date":"2025-04-08T11:31:14","date_gmt":"2025-04-08T11:31:14","guid":{"rendered":"https:\/\/okseamless.com\/?post_type=product&#038;p=1875"},"modified":"2025-04-14T01:30:30","modified_gmt":"2025-04-14T01:30:30","slug":"arm-sleeve-shrink-postoperative-posture-correction-shaping-fitness-yoga-leisure-sports-arm-sleeve","status":"publish","type":"product","link":"https:\/\/okseamless.com\/pt\/produto\/arm-sleeve-shrink-postoperative-posture-correction-shaping-fitness-yoga-leisure-sports-arm-sleeve\/","title":{"rendered":"Manga para bra\u00e7o encolher corre\u00e7\u00e3o da postura p\u00f3s-operat\u00f3ria modela\u00e7\u00e3o fitness yoga lazer desporto manga para bra\u00e7o"},"content":{"rendered":"","protected":false},"excerpt":{"rendered":"<p>Modelo N.\u00ba: CY042<\/p>\n<h5><strong><b>Fun\u00e7\u00e3o:<\/b><\/strong><\/h5>\n<ul>\n<li>CORREC\u00c7\u00c3O DA POSTURA<\/li>\n<li>FORNECER UM CONTROLO FIRME DO BRA\u00c7OCORRIGIR A POSTURA EMPURRANDO O OMBRO PARA TR\u00c1S E O PEITO PARA CIMA<\/li>\n<li>REDUZIR A GORDURA DOS BRA\u00c7OS E EMAGRECER OS BRA\u00c7OS<\/li>\n<li>ESTICAR A PELE FL\u00c1CIDA<\/li>\n<li>ADEQUADO PARA QUALQUER TIPO DE CIRURGIA DO BRA\u00c7O<\/li>\n<\/ul>\n<h5><strong><b>Carater\u00edstica:<\/b><\/strong><\/h5>\n<ul>\n<li>Modelo com mangas 3\/4<\/li>\n<li>Design de uma pe\u00e7a<\/li>\n<li>Desenho de renda el\u00e1stica<\/li>\n<li>Tecido super macio e respir\u00e1vel<\/li>\n<\/ul>\n<h5><strong><b>SATISFAZER TODAS AS NECESSIDADES EM MAT\u00c9RIA DE CIRURGIA DE LIPOASPIRA\u00c7\u00c3O DO BRA\u00c7O<\/b><\/strong><\/h5>\n<ul>\n<li>REDUZIR O INCHA\u00c7O<\/li>\n<li>ALIVIAR A DOR DA FERIDA<\/li>\n<li>ACELERA O PROCESSO DE RECUPERA\u00c7\u00c3O DA CIRURGIA AO BRA\u00c7O<\/li>\n<\/ul>\n<p><strong><b>Ingredientes: <\/b><\/strong>Nylon 95% (inclusive) -100% (exclusive)<\/p>","protected":false},"featured_media":1878,"template":"","meta":[],"product_brand":[],"product_cat":[35],"product_tag":[],"class_list":{"0":"post-1875","1":"product","2":"type-product","3":"status-publish","4":"has-post-thumbnail","6":"product_cat-womens-tops","8":"first","9":"instock","10":"shipping-taxable","11":"product-type-simple"},"yoast_head":"<!-- This site is optimized with the Yoast SEO plugin v27.4 - https:\/\/yoast.com\/product\/yoast-seo-wordpress\/ -->\n<title>Arm sleeve shrink postoperative posture correction shaping fitness yoga leisure sports arm sleeve - Custom Seamless Shapewear and Yoga Wear Manufacturer in China<\/title>\n<meta name=\"robots\" content=\"index, follow, max-snippet:-1, max-image-preview:large, max-video-preview:-1\" \/>\n<link rel=\"canonical\" href=\"https:\/\/okseamless.com\/pt\/produto\/arm-sleeve-shrink-postoperative-posture-correction-shaping-fitness-yoga-leisure-sports-arm-sleeve\/\" \/>\n<meta property=\"og:locale\" content=\"pt_PT\" \/>\n<meta property=\"og:type\" content=\"article\" \/>\n<meta property=\"og:title\" content=\"Arm sleeve shrink postoperative posture correction shaping fitness yoga leisure sports arm sleeve - Custom Seamless Shapewear and Yoga Wear Manufacturer in China\" \/>\n<meta property=\"og:description\" content=\"Model NO: CY042 Function:   POSTURE CORRECTION  PROVIDE FIRM CONTROL TO THE ARMCORRECT THE POSTURE BY PUSHING YOURSHOULDER BACK AND CHEST UP  REDUCE ARM FAT &amp; SLIM ARMS  TIGHTEN THE FLABBY SKIN  SUITABLE FOR ANY KIND OFARM SURGERY  Feature:   3\/4 sleeves design  One piece design  Elastic lace design  Super soft &amp;Breathable fabric  MEET ALL NEEDS ON ARM LIPO SURGERY   REDUCE SWELLING  RELIEVE WOUND PAIN  ACCELERATES ARM SURGERYRECOVERY PROCESS  Ingredients: Nylon 95% (inclusive) -100% (exclusive)\" \/>\n<meta property=\"og:url\" content=\"https:\/\/okseamless.com\/pt\/produto\/arm-sleeve-shrink-postoperative-posture-correction-shaping-fitness-yoga-leisure-sports-arm-sleeve\/\" \/>\n<meta property=\"og:site_name\" content=\"Custom Seamless Shapewear and Yoga Wear Manufacturer in China\" \/>\n<meta property=\"article:publisher\" content=\"https:\/\/www.facebook.com\/share\/1TH24JnBgY\/?mibextid=wwXIfr\" \/>\n<meta property=\"article:modified_time\" content=\"2025-04-14T01:30:30+00:00\" \/>\n<meta property=\"og:image\" content=\"https:\/\/okseamless.com\/wp-content\/uploads\/2025\/04\/\u4e3b\u56fe_004-1.jpg\" \/>\n\t<meta property=\"og:image:width\" content=\"800\" \/>\n\t<meta property=\"og:image:height\" content=\"800\" \/>\n\t<meta property=\"og:image:type\" content=\"image\/jpeg\" \/>\n<meta name=\"twitter:card\" content=\"summary_large_image\" \/>\n<meta name=\"twitter:label1\" content=\"Tempo estimado de leitura\" \/>\n\t<meta name=\"twitter:data1\" content=\"1 minuto\" \/>\n<script type=\"application\/ld+json\" class=\"yoast-schema-graph\">{\"@context\":\"https:\\\/\\\/schema.org\",\"@graph\":[{\"@type\":\"WebPage\",\"@id\":\"https:\\\/\\\/okseamless.com\\\/product\\\/arm-sleeve-shrink-postoperative-posture-correction-shaping-fitness-yoga-leisure-sports-arm-sleeve\\\/\",\"url\":\"https:\\\/\\\/okseamless.com\\\/product\\\/arm-sleeve-shrink-postoperative-posture-correction-shaping-fitness-yoga-leisure-sports-arm-sleeve\\\/\",\"name\":\"Arm sleeve shrink postoperative posture correction shaping fitness yoga leisure sports arm sleeve - Custom Seamless Shapewear and Yoga Wear Manufacturer in China\",\"isPartOf\":{\"@id\":\"https:\\\/\\\/www.okseamless.com\\\/pt\\\/#website\"},\"primaryImageOfPage\":{\"@id\":\"https:\\\/\\\/okseamless.com\\\/product\\\/arm-sleeve-shrink-postoperative-posture-correction-shaping-fitness-yoga-leisure-sports-arm-sleeve\\\/#primaryimage\"},\"image\":{\"@id\":\"https:\\\/\\\/okseamless.com\\\/product\\\/arm-sleeve-shrink-postoperative-posture-correction-shaping-fitness-yoga-leisure-sports-arm-sleeve\\\/#primaryimage\"},\"thumbnailUrl\":\"https:\\\/\\\/okseamless.com\\\/wp-content\\\/uploads\\\/2025\\\/04\\\/\u4e3b\u56fe_004-1.jpg\",\"datePublished\":\"2025-04-08T11:31:14+00:00\",\"dateModified\":\"2025-04-14T01:30:30+00:00\",\"breadcrumb\":{\"@id\":\"https:\\\/\\\/okseamless.com\\\/product\\\/arm-sleeve-shrink-postoperative-posture-correction-shaping-fitness-yoga-leisure-sports-arm-sleeve\\\/#breadcrumb\"},\"inLanguage\":\"pt-PT\",\"potentialAction\":[{\"@type\":\"ReadAction\",\"target\":[\"https:\\\/\\\/okseamless.com\\\/product\\\/arm-sleeve-shrink-postoperative-posture-correction-shaping-fitness-yoga-leisure-sports-arm-sleeve\\\/\"]}]},{\"@type\":\"ImageObject\",\"inLanguage\":\"pt-PT\",\"@id\":\"https:\\\/\\\/okseamless.com\\\/product\\\/arm-sleeve-shrink-postoperative-posture-correction-shaping-fitness-yoga-leisure-sports-arm-sleeve\\\/#primaryimage\",\"url\":\"https:\\\/\\\/okseamless.com\\\/wp-content\\\/uploads\\\/2025\\\/04\\\/\u4e3b\u56fe_004-1.jpg\",\"contentUrl\":\"https:\\\/\\\/okseamless.com\\\/wp-content\\\/uploads\\\/2025\\\/04\\\/\u4e3b\u56fe_004-1.jpg\",\"width\":800,\"height\":800},{\"@type\":\"BreadcrumbList\",\"@id\":\"https:\\\/\\\/okseamless.com\\\/product\\\/arm-sleeve-shrink-postoperative-posture-correction-shaping-fitness-yoga-leisure-sports-arm-sleeve\\\/#breadcrumb\",\"itemListElement\":[{\"@type\":\"ListItem\",\"position\":1,\"name\":\"\u9996\u9875\",\"item\":\"https:\\\/\\\/okseamless.com\\\/\"},{\"@type\":\"ListItem\",\"position\":2,\"name\":\"Produtos\",\"item\":\"https:\\\/\\\/www.okseamless.com\\\/pt\\\/shop\\\/\"},{\"@type\":\"ListItem\",\"position\":3,\"name\":\"Arm sleeve shrink postoperative posture correction shaping fitness yoga leisure sports arm sleeve\"}]},{\"@type\":\"WebSite\",\"@id\":\"https:\\\/\\\/www.okseamless.com\\\/pt\\\/#website\",\"url\":\"https:\\\/\\\/www.okseamless.com\\\/pt\\\/\",\"name\":\"Custom Seamless Shapewear and Yoga Wear Manufacturer in China\",\"description\":\"\",\"publisher\":{\"@id\":\"https:\\\/\\\/www.okseamless.com\\\/pt\\\/#organization\"},\"potentialAction\":[{\"@type\":\"SearchAction\",\"target\":{\"@type\":\"EntryPoint\",\"urlTemplate\":\"https:\\\/\\\/www.okseamless.com\\\/pt\\\/?s={search_term_string}\"},\"query-input\":{\"@type\":\"PropertyValueSpecification\",\"valueRequired\":true,\"valueName\":\"search_term_string\"}}],\"inLanguage\":\"pt-PT\"},{\"@type\":\"Organization\",\"@id\":\"https:\\\/\\\/www.okseamless.com\\\/pt\\\/#organization\",\"name\":\"Custom Seamless Shapewear and Yoga Wear Manufacturer in China\",\"url\":\"https:\\\/\\\/www.okseamless.com\\\/pt\\\/\",\"logo\":{\"@type\":\"ImageObject\",\"inLanguage\":\"pt-PT\",\"@id\":\"https:\\\/\\\/www.okseamless.com\\\/pt\\\/#\\\/schema\\\/logo\\\/image\\\/\",\"url\":\"https:\\\/\\\/okseamless.com\\\/wp-content\\\/uploads\\\/2025\\\/03\\\/LOGO.png\",\"contentUrl\":\"https:\\\/\\\/okseamless.com\\\/wp-content\\\/uploads\\\/2025\\\/03\\\/LOGO.png\",\"width\":685,\"height\":218,\"caption\":\"Custom Seamless Shapewear and Yoga Wear Manufacturer in China\"},\"image\":{\"@id\":\"https:\\\/\\\/www.okseamless.com\\\/pt\\\/#\\\/schema\\\/logo\\\/image\\\/\"},\"sameAs\":[\"https:\\\/\\\/www.facebook.com\\\/share\\\/1TH24JnBgY\\\/?mibextid=wwXIfr\"]}]}<\/script>\n<!-- \/ Yoast SEO plugin. -->","yoast_head_json":{"title":"Arm sleeve shrink postoperative posture correction shaping fitness yoga leisure sports arm sleeve - Custom Seamless Shapewear and Yoga Wear Manufacturer in China","robots":{"index":"index","follow":"follow","max-snippet":"max-snippet:-1","max-image-preview":"max-image-preview:large","max-video-preview":"max-video-preview:-1"},"canonical":"https:\/\/okseamless.com\/pt\/produto\/arm-sleeve-shrink-postoperative-posture-correction-shaping-fitness-yoga-leisure-sports-arm-sleeve\/","og_locale":"pt_PT","og_type":"article","og_title":"Arm sleeve shrink postoperative posture correction shaping fitness yoga leisure sports arm sleeve - Custom Seamless Shapewear and Yoga Wear Manufacturer in China","og_description":"Model NO: CY042 Function:   POSTURE CORRECTION  PROVIDE FIRM CONTROL TO THE ARMCORRECT THE POSTURE BY PUSHING YOURSHOULDER BACK AND CHEST UP  REDUCE ARM FAT &amp; SLIM ARMS  TIGHTEN THE FLABBY SKIN  SUITABLE FOR ANY KIND OFARM SURGERY  Feature:   3\/4 sleeves design  One piece design  Elastic lace design  Super soft &amp;Breathable fabric  MEET ALL NEEDS ON ARM LIPO SURGERY   REDUCE SWELLING  RELIEVE WOUND PAIN  ACCELERATES ARM SURGERYRECOVERY PROCESS  Ingredients: Nylon 95% (inclusive) -100% (exclusive)","og_url":"https:\/\/okseamless.com\/pt\/produto\/arm-sleeve-shrink-postoperative-posture-correction-shaping-fitness-yoga-leisure-sports-arm-sleeve\/","og_site_name":"Custom Seamless Shapewear and Yoga Wear Manufacturer in China","article_publisher":"https:\/\/www.facebook.com\/share\/1TH24JnBgY\/?mibextid=wwXIfr","article_modified_time":"2025-04-14T01:30:30+00:00","og_image":[{"width":800,"height":800,"url":"https:\/\/okseamless.com\/wp-content\/uploads\/2025\/04\/\u4e3b\u56fe_004-1.jpg","type":"image\/jpeg"}],"twitter_card":"summary_large_image","twitter_misc":{"Tempo estimado de leitura":"1 minuto"},"schema":{"@context":"https:\/\/schema.org","@graph":[{"@type":"WebPage","@id":"https:\/\/okseamless.com\/product\/arm-sleeve-shrink-postoperative-posture-correction-shaping-fitness-yoga-leisure-sports-arm-sleeve\/","url":"https:\/\/okseamless.com\/product\/arm-sleeve-shrink-postoperative-posture-correction-shaping-fitness-yoga-leisure-sports-arm-sleeve\/","name":"Arm sleeve shrink postoperative posture correction shaping fitness yoga leisure sports arm sleeve - Custom Seamless Shapewear and Yoga Wear Manufacturer in China","isPartOf":{"@id":"https:\/\/www.okseamless.com\/pt\/#website"},"primaryImageOfPage":{"@id":"https:\/\/okseamless.com\/product\/arm-sleeve-shrink-postoperative-posture-correction-shaping-fitness-yoga-leisure-sports-arm-sleeve\/#primaryimage"},"image":{"@id":"https:\/\/okseamless.com\/product\/arm-sleeve-shrink-postoperative-posture-correction-shaping-fitness-yoga-leisure-sports-arm-sleeve\/#primaryimage"},"thumbnailUrl":"https:\/\/okseamless.com\/wp-content\/uploads\/2025\/04\/\u4e3b\u56fe_004-1.jpg","datePublished":"2025-04-08T11:31:14+00:00","dateModified":"2025-04-14T01:30:30+00:00","breadcrumb":{"@id":"https:\/\/okseamless.com\/product\/arm-sleeve-shrink-postoperative-posture-correction-shaping-fitness-yoga-leisure-sports-arm-sleeve\/#breadcrumb"},"inLanguage":"pt-PT","potentialAction":[{"@type":"ReadAction","target":["https:\/\/okseamless.com\/product\/arm-sleeve-shrink-postoperative-posture-correction-shaping-fitness-yoga-leisure-sports-arm-sleeve\/"]}]},{"@type":"ImageObject","inLanguage":"pt-PT","@id":"https:\/\/okseamless.com\/product\/arm-sleeve-shrink-postoperative-posture-correction-shaping-fitness-yoga-leisure-sports-arm-sleeve\/#primaryimage","url":"https:\/\/okseamless.com\/wp-content\/uploads\/2025\/04\/\u4e3b\u56fe_004-1.jpg","contentUrl":"https:\/\/okseamless.com\/wp-content\/uploads\/2025\/04\/\u4e3b\u56fe_004-1.jpg","width":800,"height":800},{"@type":"BreadcrumbList","@id":"https:\/\/okseamless.com\/product\/arm-sleeve-shrink-postoperative-posture-correction-shaping-fitness-yoga-leisure-sports-arm-sleeve\/#breadcrumb","itemListElement":[{"@type":"ListItem","position":1,"name":"\u9996\u9875","item":"https:\/\/okseamless.com\/"},{"@type":"ListItem","position":2,"name":"Produtos","item":"https:\/\/www.okseamless.com\/pt\/shop\/"},{"@type":"ListItem","position":3,"name":"Arm sleeve shrink postoperative posture correction shaping fitness yoga leisure sports arm sleeve"}]},{"@type":"WebSite","@id":"https:\/\/www.okseamless.com\/pt\/#website","url":"https:\/\/www.okseamless.com\/pt\/","name":"Custom Seamless Shapewear and Yoga Wear Manufacturer in China","description":"","publisher":{"@id":"https:\/\/www.okseamless.com\/pt\/#organization"},"potentialAction":[{"@type":"SearchAction","target":{"@type":"EntryPoint","urlTemplate":"https:\/\/www.okseamless.com\/pt\/?s={search_term_string}"},"query-input":{"@type":"PropertyValueSpecification","valueRequired":true,"valueName":"search_term_string"}}],"inLanguage":"pt-PT"},{"@type":"Organization","@id":"https:\/\/www.okseamless.com\/pt\/#organization","name":"Custom Seamless Shapewear and Yoga Wear Manufacturer in China","url":"https:\/\/www.okseamless.com\/pt\/","logo":{"@type":"ImageObject","inLanguage":"pt-PT","@id":"https:\/\/www.okseamless.com\/pt\/#\/schema\/logo\/image\/","url":"https:\/\/okseamless.com\/wp-content\/uploads\/2025\/03\/LOGO.png","contentUrl":"https:\/\/okseamless.com\/wp-content\/uploads\/2025\/03\/LOGO.png","width":685,"height":218,"caption":"Custom Seamless Shapewear and Yoga Wear Manufacturer in China"},"image":{"@id":"https:\/\/www.okseamless.com\/pt\/#\/schema\/logo\/image\/"},"sameAs":["https:\/\/www.facebook.com\/share\/1TH24JnBgY\/?mibextid=wwXIfr"]}]}},"_links":{"self":[{"href":"https:\/\/okseamless.com\/pt\/wp-json\/wp\/v2\/product\/1875","targetHints":{"allow":["GET"]}}],"collection":[{"href":"https:\/\/okseamless.com\/pt\/wp-json\/wp\/v2\/product"}],"about":[{"href":"https:\/\/okseamless.com\/pt\/wp-json\/wp\/v2\/types\/product"}],"wp:featuredmedia":[{"embeddable":true,"href":"https:\/\/okseamless.com\/pt\/wp-json\/wp\/v2\/media\/1878"}],"wp:attachment":[{"href":"https:\/\/okseamless.com\/pt\/wp-json\/wp\/v2\/media?parent=1875"}],"wp:term":[{"taxonomy":"product_brand","embeddable":true,"href":"https:\/\/okseamless.com\/pt\/wp-json\/wp\/v2\/product_brand?post=1875"},{"taxonomy":"product_cat","embeddable":true,"href":"https:\/\/okseamless.com\/pt\/wp-json\/wp\/v2\/product_cat?post=1875"},{"taxonomy":"product_tag","embeddable":true,"href":"https:\/\/okseamless.com\/pt\/wp-json\/wp\/v2\/product_tag?post=1875"}],"curies":[{"name":"wp","href":"https:\/\/api.w.org\/{rel}","templated":true}]}}