{"id":1836,"date":"2025-04-08T02:11:43","date_gmt":"2025-04-08T02:11:43","guid":{"rendered":"https:\/\/okseamless.com\/?post_type=product&#038;p=1836"},"modified":"2025-04-14T01:23:40","modified_gmt":"2025-04-14T01:23:40","slug":"high-waist-hip-lifting-shaping-pants-tummy-tightening-waist-fitness-yoga-legs-lace-hip-lifting-shaping-pants","status":"publish","type":"product","link":"https:\/\/okseamless.com\/pt\/produto\/high-waist-hip-lifting-shaping-pants-tummy-tightening-waist-fitness-yoga-legs-lace-hip-lifting-shaping-pants\/","title":{"rendered":"Cal\u00e7as de cintura alta para modelar a anca Cal\u00e7as de cintura alta para modelar a anca Apertar a cintura Fitness Yoga Pernas Rendas Cal\u00e7as de modelar para levantar a anca"},"content":{"rendered":"","protected":false},"excerpt":{"rendered":"<p>Modelo N.\u00ba: CY039<\/p>\n<p><strong><b>LEVANTAMENTO DE MASSA<\/b><\/strong><\/p>\n<p>O design especial de eleva\u00e7\u00e3o da cueca butt lifter ajuda a apertar o rabo e a levantar as n\u00e1degas.<\/p>\n<p><strong><b>N\u00c3O<\/b><\/strong><strong><b>\u00a0<\/b><\/strong><strong><b>ROLAR<\/b><\/strong><strong><b>\u00a0<\/b><\/strong><strong><b>DESENHO<\/b><\/strong><strong><b>\u00a0<\/b><\/strong><\/p>\n<p>Estes cal\u00e7\u00f5es de cintura alta para mulher foram concebidos com ossos de a\u00e7o, que manter\u00e3o tudo sempre no s\u00edtio certo.<\/p>\n<p><strong><b>CONTROLO DE TUMULA\u00c7\u00c3O<\/b><\/strong><\/p>\n<p>O tecido el\u00e1stico de camada dupla na cintura das cuecas de controlo de emagrecimento corporal proporciona uma compress\u00e3o moderada para engordar a barriga.<\/p>\n<p><strong><b>\u00a0<\/b><\/strong><strong><b>Ingredientes:<\/b><\/strong>\u00a0Nylon 95% (inclusive) -100% (exclusive)<\/p>","protected":false},"featured_media":1840,"template":"","meta":[],"product_brand":[],"product_cat":[36],"product_tag":[],"class_list":{"0":"post-1836","1":"product","2":"type-product","3":"status-publish","4":"has-post-thumbnail","6":"product_cat-womens-bottoms","8":"first","9":"instock","10":"shipping-taxable","11":"product-type-simple"},"yoast_head":"<!-- This site is optimized with the Yoast SEO plugin v27.4 - https:\/\/yoast.com\/product\/yoast-seo-wordpress\/ -->\n<title>High Waist Hip Lifting Shaping Pants Tummy Tightening Waist Fitness Yoga Legs Lace Hip Lifting Shaping Pants - Custom Seamless Shapewear and Yoga Wear Manufacturer in China<\/title>\n<meta name=\"robots\" content=\"index, follow, max-snippet:-1, max-image-preview:large, max-video-preview:-1\" \/>\n<link rel=\"canonical\" href=\"https:\/\/okseamless.com\/pt\/produto\/high-waist-hip-lifting-shaping-pants-tummy-tightening-waist-fitness-yoga-legs-lace-hip-lifting-shaping-pants\/\" \/>\n<meta property=\"og:locale\" content=\"pt_PT\" \/>\n<meta property=\"og:type\" content=\"article\" \/>\n<meta property=\"og:title\" content=\"High Waist Hip Lifting Shaping Pants Tummy Tightening Waist Fitness Yoga Legs Lace Hip Lifting Shaping Pants - Custom Seamless Shapewear and Yoga Wear Manufacturer in China\" \/>\n<meta property=\"og:description\" content=\"Model NO: CY039  BUTTLIFTING  Special lifting design in the butt lifter\u00a0panty helps to tighten the bottom\u00a0and lift up the buttock.  NO\u00a0ROLLING\u00a0DESIGN\u00a0  This high waisted shapewear shorts\u00a0for women is designed with steel\u00a0bones, which will keep everything\u00a0always in right place.  TUMM YCONTROL  Double layer stretch fabric in the waist\u00a0of the body slimming control panty\u00a0provide moderate compression to\u00a0fatten the tummy.  \u00a0Ingredients:\u00a0Nylon 95% (inclusive) -100% (exclusive)\" \/>\n<meta property=\"og:url\" content=\"https:\/\/okseamless.com\/pt\/produto\/high-waist-hip-lifting-shaping-pants-tummy-tightening-waist-fitness-yoga-legs-lace-hip-lifting-shaping-pants\/\" \/>\n<meta property=\"og:site_name\" content=\"Custom Seamless Shapewear and Yoga Wear Manufacturer in China\" \/>\n<meta property=\"article:publisher\" content=\"https:\/\/www.facebook.com\/share\/1TH24JnBgY\/?mibextid=wwXIfr\" \/>\n<meta property=\"article:modified_time\" content=\"2025-04-14T01:23:40+00:00\" \/>\n<meta property=\"og:image\" content=\"https:\/\/okseamless.com\/wp-content\/uploads\/2025\/04\/O1CN01ZkHVDn28oRBpSQ3bp_2218375007979-0-cib.jpg_.jpg\" \/>\n\t<meta property=\"og:image:width\" content=\"1149\" \/>\n\t<meta property=\"og:image:height\" content=\"1149\" \/>\n\t<meta property=\"og:image:type\" content=\"image\/jpeg\" \/>\n<meta name=\"twitter:card\" content=\"summary_large_image\" \/>\n<meta name=\"twitter:label1\" content=\"Tempo estimado de leitura\" \/>\n\t<meta name=\"twitter:data1\" content=\"1 minuto\" \/>\n<script type=\"application\/ld+json\" class=\"yoast-schema-graph\">{\"@context\":\"https:\\\/\\\/schema.org\",\"@graph\":[{\"@type\":\"WebPage\",\"@id\":\"https:\\\/\\\/okseamless.com\\\/product\\\/high-waist-hip-lifting-shaping-pants-tummy-tightening-waist-fitness-yoga-legs-lace-hip-lifting-shaping-pants\\\/\",\"url\":\"https:\\\/\\\/okseamless.com\\\/product\\\/high-waist-hip-lifting-shaping-pants-tummy-tightening-waist-fitness-yoga-legs-lace-hip-lifting-shaping-pants\\\/\",\"name\":\"High Waist Hip Lifting Shaping Pants Tummy Tightening Waist Fitness Yoga Legs Lace Hip Lifting Shaping Pants - Custom Seamless Shapewear and Yoga Wear Manufacturer in China\",\"isPartOf\":{\"@id\":\"https:\\\/\\\/www.okseamless.com\\\/pt\\\/#website\"},\"primaryImageOfPage\":{\"@id\":\"https:\\\/\\\/okseamless.com\\\/product\\\/high-waist-hip-lifting-shaping-pants-tummy-tightening-waist-fitness-yoga-legs-lace-hip-lifting-shaping-pants\\\/#primaryimage\"},\"image\":{\"@id\":\"https:\\\/\\\/okseamless.com\\\/product\\\/high-waist-hip-lifting-shaping-pants-tummy-tightening-waist-fitness-yoga-legs-lace-hip-lifting-shaping-pants\\\/#primaryimage\"},\"thumbnailUrl\":\"https:\\\/\\\/okseamless.com\\\/wp-content\\\/uploads\\\/2025\\\/04\\\/O1CN01ZkHVDn28oRBpSQ3bp_2218375007979-0-cib.jpg_.jpg\",\"datePublished\":\"2025-04-08T02:11:43+00:00\",\"dateModified\":\"2025-04-14T01:23:40+00:00\",\"breadcrumb\":{\"@id\":\"https:\\\/\\\/okseamless.com\\\/product\\\/high-waist-hip-lifting-shaping-pants-tummy-tightening-waist-fitness-yoga-legs-lace-hip-lifting-shaping-pants\\\/#breadcrumb\"},\"inLanguage\":\"pt-PT\",\"potentialAction\":[{\"@type\":\"ReadAction\",\"target\":[\"https:\\\/\\\/okseamless.com\\\/product\\\/high-waist-hip-lifting-shaping-pants-tummy-tightening-waist-fitness-yoga-legs-lace-hip-lifting-shaping-pants\\\/\"]}]},{\"@type\":\"ImageObject\",\"inLanguage\":\"pt-PT\",\"@id\":\"https:\\\/\\\/okseamless.com\\\/product\\\/high-waist-hip-lifting-shaping-pants-tummy-tightening-waist-fitness-yoga-legs-lace-hip-lifting-shaping-pants\\\/#primaryimage\",\"url\":\"https:\\\/\\\/okseamless.com\\\/wp-content\\\/uploads\\\/2025\\\/04\\\/O1CN01ZkHVDn28oRBpSQ3bp_2218375007979-0-cib.jpg_.jpg\",\"contentUrl\":\"https:\\\/\\\/okseamless.com\\\/wp-content\\\/uploads\\\/2025\\\/04\\\/O1CN01ZkHVDn28oRBpSQ3bp_2218375007979-0-cib.jpg_.jpg\",\"width\":1149,\"height\":1149},{\"@type\":\"BreadcrumbList\",\"@id\":\"https:\\\/\\\/okseamless.com\\\/product\\\/high-waist-hip-lifting-shaping-pants-tummy-tightening-waist-fitness-yoga-legs-lace-hip-lifting-shaping-pants\\\/#breadcrumb\",\"itemListElement\":[{\"@type\":\"ListItem\",\"position\":1,\"name\":\"\u9996\u9875\",\"item\":\"https:\\\/\\\/okseamless.com\\\/\"},{\"@type\":\"ListItem\",\"position\":2,\"name\":\"Produtos\",\"item\":\"https:\\\/\\\/www.okseamless.com\\\/pt\\\/shop\\\/\"},{\"@type\":\"ListItem\",\"position\":3,\"name\":\"High Waist Hip Lifting Shaping Pants Tummy Tightening Waist Fitness Yoga Legs Lace Hip Lifting Shaping Pants\"}]},{\"@type\":\"WebSite\",\"@id\":\"https:\\\/\\\/www.okseamless.com\\\/pt\\\/#website\",\"url\":\"https:\\\/\\\/www.okseamless.com\\\/pt\\\/\",\"name\":\"Custom Seamless Shapewear and Yoga Wear Manufacturer in China\",\"description\":\"\",\"publisher\":{\"@id\":\"https:\\\/\\\/www.okseamless.com\\\/pt\\\/#organization\"},\"potentialAction\":[{\"@type\":\"SearchAction\",\"target\":{\"@type\":\"EntryPoint\",\"urlTemplate\":\"https:\\\/\\\/www.okseamless.com\\\/pt\\\/?s={search_term_string}\"},\"query-input\":{\"@type\":\"PropertyValueSpecification\",\"valueRequired\":true,\"valueName\":\"search_term_string\"}}],\"inLanguage\":\"pt-PT\"},{\"@type\":\"Organization\",\"@id\":\"https:\\\/\\\/www.okseamless.com\\\/pt\\\/#organization\",\"name\":\"Custom Seamless Shapewear and Yoga Wear Manufacturer in China\",\"url\":\"https:\\\/\\\/www.okseamless.com\\\/pt\\\/\",\"logo\":{\"@type\":\"ImageObject\",\"inLanguage\":\"pt-PT\",\"@id\":\"https:\\\/\\\/www.okseamless.com\\\/pt\\\/#\\\/schema\\\/logo\\\/image\\\/\",\"url\":\"https:\\\/\\\/okseamless.com\\\/wp-content\\\/uploads\\\/2025\\\/03\\\/LOGO.png\",\"contentUrl\":\"https:\\\/\\\/okseamless.com\\\/wp-content\\\/uploads\\\/2025\\\/03\\\/LOGO.png\",\"width\":685,\"height\":218,\"caption\":\"Custom Seamless Shapewear and Yoga Wear Manufacturer in China\"},\"image\":{\"@id\":\"https:\\\/\\\/www.okseamless.com\\\/pt\\\/#\\\/schema\\\/logo\\\/image\\\/\"},\"sameAs\":[\"https:\\\/\\\/www.facebook.com\\\/share\\\/1TH24JnBgY\\\/?mibextid=wwXIfr\"]}]}<\/script>\n<!-- \/ Yoast SEO plugin. -->","yoast_head_json":{"title":"High Waist Hip Lifting Shaping Pants Tummy Tightening Waist Fitness Yoga Legs Lace Hip Lifting Shaping Pants - Custom Seamless Shapewear and Yoga Wear Manufacturer in China","robots":{"index":"index","follow":"follow","max-snippet":"max-snippet:-1","max-image-preview":"max-image-preview:large","max-video-preview":"max-video-preview:-1"},"canonical":"https:\/\/okseamless.com\/pt\/produto\/high-waist-hip-lifting-shaping-pants-tummy-tightening-waist-fitness-yoga-legs-lace-hip-lifting-shaping-pants\/","og_locale":"pt_PT","og_type":"article","og_title":"High Waist Hip Lifting Shaping Pants Tummy Tightening Waist Fitness Yoga Legs Lace Hip Lifting Shaping Pants - Custom Seamless Shapewear and Yoga Wear Manufacturer in China","og_description":"Model NO: CY039  BUTTLIFTING  Special lifting design in the butt lifter\u00a0panty helps to tighten the bottom\u00a0and lift up the buttock.  NO\u00a0ROLLING\u00a0DESIGN\u00a0  This high waisted shapewear shorts\u00a0for women is designed with steel\u00a0bones, which will keep everything\u00a0always in right place.  TUMM YCONTROL  Double layer stretch fabric in the waist\u00a0of the body slimming control panty\u00a0provide moderate compression to\u00a0fatten the tummy.  \u00a0Ingredients:\u00a0Nylon 95% (inclusive) -100% (exclusive)","og_url":"https:\/\/okseamless.com\/pt\/produto\/high-waist-hip-lifting-shaping-pants-tummy-tightening-waist-fitness-yoga-legs-lace-hip-lifting-shaping-pants\/","og_site_name":"Custom Seamless Shapewear and Yoga Wear Manufacturer in China","article_publisher":"https:\/\/www.facebook.com\/share\/1TH24JnBgY\/?mibextid=wwXIfr","article_modified_time":"2025-04-14T01:23:40+00:00","og_image":[{"width":1149,"height":1149,"url":"https:\/\/okseamless.com\/wp-content\/uploads\/2025\/04\/O1CN01ZkHVDn28oRBpSQ3bp_2218375007979-0-cib.jpg_.jpg","type":"image\/jpeg"}],"twitter_card":"summary_large_image","twitter_misc":{"Tempo estimado de leitura":"1 minuto"},"schema":{"@context":"https:\/\/schema.org","@graph":[{"@type":"WebPage","@id":"https:\/\/okseamless.com\/product\/high-waist-hip-lifting-shaping-pants-tummy-tightening-waist-fitness-yoga-legs-lace-hip-lifting-shaping-pants\/","url":"https:\/\/okseamless.com\/product\/high-waist-hip-lifting-shaping-pants-tummy-tightening-waist-fitness-yoga-legs-lace-hip-lifting-shaping-pants\/","name":"High Waist Hip Lifting Shaping Pants Tummy Tightening Waist Fitness Yoga Legs Lace Hip Lifting Shaping Pants - Custom Seamless Shapewear and Yoga Wear Manufacturer in China","isPartOf":{"@id":"https:\/\/www.okseamless.com\/pt\/#website"},"primaryImageOfPage":{"@id":"https:\/\/okseamless.com\/product\/high-waist-hip-lifting-shaping-pants-tummy-tightening-waist-fitness-yoga-legs-lace-hip-lifting-shaping-pants\/#primaryimage"},"image":{"@id":"https:\/\/okseamless.com\/product\/high-waist-hip-lifting-shaping-pants-tummy-tightening-waist-fitness-yoga-legs-lace-hip-lifting-shaping-pants\/#primaryimage"},"thumbnailUrl":"https:\/\/okseamless.com\/wp-content\/uploads\/2025\/04\/O1CN01ZkHVDn28oRBpSQ3bp_2218375007979-0-cib.jpg_.jpg","datePublished":"2025-04-08T02:11:43+00:00","dateModified":"2025-04-14T01:23:40+00:00","breadcrumb":{"@id":"https:\/\/okseamless.com\/product\/high-waist-hip-lifting-shaping-pants-tummy-tightening-waist-fitness-yoga-legs-lace-hip-lifting-shaping-pants\/#breadcrumb"},"inLanguage":"pt-PT","potentialAction":[{"@type":"ReadAction","target":["https:\/\/okseamless.com\/product\/high-waist-hip-lifting-shaping-pants-tummy-tightening-waist-fitness-yoga-legs-lace-hip-lifting-shaping-pants\/"]}]},{"@type":"ImageObject","inLanguage":"pt-PT","@id":"https:\/\/okseamless.com\/product\/high-waist-hip-lifting-shaping-pants-tummy-tightening-waist-fitness-yoga-legs-lace-hip-lifting-shaping-pants\/#primaryimage","url":"https:\/\/okseamless.com\/wp-content\/uploads\/2025\/04\/O1CN01ZkHVDn28oRBpSQ3bp_2218375007979-0-cib.jpg_.jpg","contentUrl":"https:\/\/okseamless.com\/wp-content\/uploads\/2025\/04\/O1CN01ZkHVDn28oRBpSQ3bp_2218375007979-0-cib.jpg_.jpg","width":1149,"height":1149},{"@type":"BreadcrumbList","@id":"https:\/\/okseamless.com\/product\/high-waist-hip-lifting-shaping-pants-tummy-tightening-waist-fitness-yoga-legs-lace-hip-lifting-shaping-pants\/#breadcrumb","itemListElement":[{"@type":"ListItem","position":1,"name":"\u9996\u9875","item":"https:\/\/okseamless.com\/"},{"@type":"ListItem","position":2,"name":"Produtos","item":"https:\/\/www.okseamless.com\/pt\/shop\/"},{"@type":"ListItem","position":3,"name":"High Waist Hip Lifting Shaping Pants Tummy Tightening Waist Fitness Yoga Legs Lace Hip Lifting Shaping Pants"}]},{"@type":"WebSite","@id":"https:\/\/www.okseamless.com\/pt\/#website","url":"https:\/\/www.okseamless.com\/pt\/","name":"Custom Seamless Shapewear and Yoga Wear Manufacturer in China","description":"","publisher":{"@id":"https:\/\/www.okseamless.com\/pt\/#organization"},"potentialAction":[{"@type":"SearchAction","target":{"@type":"EntryPoint","urlTemplate":"https:\/\/www.okseamless.com\/pt\/?s={search_term_string}"},"query-input":{"@type":"PropertyValueSpecification","valueRequired":true,"valueName":"search_term_string"}}],"inLanguage":"pt-PT"},{"@type":"Organization","@id":"https:\/\/www.okseamless.com\/pt\/#organization","name":"Custom Seamless Shapewear and Yoga Wear Manufacturer in China","url":"https:\/\/www.okseamless.com\/pt\/","logo":{"@type":"ImageObject","inLanguage":"pt-PT","@id":"https:\/\/www.okseamless.com\/pt\/#\/schema\/logo\/image\/","url":"https:\/\/okseamless.com\/wp-content\/uploads\/2025\/03\/LOGO.png","contentUrl":"https:\/\/okseamless.com\/wp-content\/uploads\/2025\/03\/LOGO.png","width":685,"height":218,"caption":"Custom Seamless Shapewear and Yoga Wear Manufacturer in China"},"image":{"@id":"https:\/\/www.okseamless.com\/pt\/#\/schema\/logo\/image\/"},"sameAs":["https:\/\/www.facebook.com\/share\/1TH24JnBgY\/?mibextid=wwXIfr"]}]}},"_links":{"self":[{"href":"https:\/\/okseamless.com\/pt\/wp-json\/wp\/v2\/product\/1836","targetHints":{"allow":["GET"]}}],"collection":[{"href":"https:\/\/okseamless.com\/pt\/wp-json\/wp\/v2\/product"}],"about":[{"href":"https:\/\/okseamless.com\/pt\/wp-json\/wp\/v2\/types\/product"}],"wp:featuredmedia":[{"embeddable":true,"href":"https:\/\/okseamless.com\/pt\/wp-json\/wp\/v2\/media\/1840"}],"wp:attachment":[{"href":"https:\/\/okseamless.com\/pt\/wp-json\/wp\/v2\/media?parent=1836"}],"wp:term":[{"taxonomy":"product_brand","embeddable":true,"href":"https:\/\/okseamless.com\/pt\/wp-json\/wp\/v2\/product_brand?post=1836"},{"taxonomy":"product_cat","embeddable":true,"href":"https:\/\/okseamless.com\/pt\/wp-json\/wp\/v2\/product_cat?post=1836"},{"taxonomy":"product_tag","embeddable":true,"href":"https:\/\/okseamless.com\/pt\/wp-json\/wp\/v2\/product_tag?post=1836"}],"curies":[{"name":"wp","href":"https:\/\/api.w.org\/{rel}","templated":true}]}}