{"id":1824,"date":"2025-04-08T02:11:43","date_gmt":"2025-04-08T02:11:43","guid":{"rendered":"https:\/\/okseamless.com\/?post_type=product&#038;p=1824"},"modified":"2025-07-09T08:10:36","modified_gmt":"2025-07-09T08:10:36","slug":"body-shaping-maternity-pants-high-end-elastic-waist-and-abdomen-slimming-thigh-slimming-high-waist-body-shaping-maternity-pants","status":"publish","type":"product","link":"https:\/\/okseamless.com\/pt\/produto\/body-shaping-maternity-pants-high-end-elastic-waist-and-abdomen-slimming-thigh-slimming-high-waist-body-shaping-maternity-pants\/","title":{"rendered":"High Stretch Women Mid Thighs Breathable High Waist Belly Abdominal Support Seamless Maternity Shapewear Pregnancy Underwear"},"content":{"rendered":"","protected":false},"excerpt":{"rendered":"<p>Modelo n.\u00ba:CY019<\/p>\n<p><strong><b>LANCS MATERNITYUNDERWEAR SHAPEWEAR<\/b><\/strong><\/p>\n<ul>\n<li><b><\/b><strong><b>Banda el\u00e1stica para o ventre<\/b><\/strong><\/li>\n<\/ul>\n<p>crescimento com barriga de beb\u00e9<\/p>\n<ul>\n<li><b><\/b><strong><b>Apoiar as costas<\/b><\/strong><\/li>\n<\/ul>\n<p>conce\u00e7\u00e3o de edif\u00edcios altos<\/p>\n<ul>\n<li><b><\/b><strong><b>Forma Bela barriga de beb\u00e9<\/b><\/strong><\/li>\n<\/ul>\n<p>N\u00e3o \u00e9 demasiado apertado, n\u00e3o aperta o beb\u00e9<\/p>\n<ul>\n<li><b><\/b><strong><b>Prevenir a irrita\u00e7\u00e3o das coxas<\/b><\/strong><\/li>\n<\/ul>\n<p>a bainha nunca se enrola<\/p>\n<p><strong><b>Ingrediente principal : <\/b><\/strong>92%NYLON 8%SPANDEX<\/p>","protected":false},"featured_media":1831,"template":"","meta":[],"product_brand":[],"product_cat":[55],"product_tag":[],"class_list":{"0":"post-1824","1":"product","2":"type-product","3":"status-publish","4":"has-post-thumbnail","6":"product_cat-maternity-clothes","8":"first","9":"instock","10":"shipping-taxable","11":"product-type-simple"},"yoast_head":"<!-- This site is optimized with the Yoast SEO plugin v27.4 - https:\/\/yoast.com\/product\/yoast-seo-wordpress\/ -->\n<title>High Stretch Women Mid Thighs Breathable High Waist Belly Abdominal Support Seamless Maternity Shapewear Pregnancy Underwear - Custom Seamless Shapewear and Yoga Wear Manufacturer in China<\/title>\n<meta name=\"robots\" content=\"index, follow, max-snippet:-1, max-image-preview:large, max-video-preview:-1\" \/>\n<link rel=\"canonical\" href=\"https:\/\/okseamless.com\/pt\/produto\/body-shaping-maternity-pants-high-end-elastic-waist-and-abdomen-slimming-thigh-slimming-high-waist-body-shaping-maternity-pants\/\" \/>\n<meta property=\"og:locale\" content=\"pt_PT\" \/>\n<meta property=\"og:type\" content=\"article\" \/>\n<meta property=\"og:title\" content=\"High Stretch Women Mid Thighs Breathable High Waist Belly Abdominal Support Seamless Maternity Shapewear Pregnancy Underwear - Custom Seamless Shapewear and Yoga Wear Manufacturer in China\" \/>\n<meta property=\"og:description\" content=\"Model No:CY019  LANCS MATERNITYUNDERWEAR SHAPEWEAR   Stretchy Belly Band  growth with baby bump   Support the Back  hight wasit design   Shape Nice Baby Bump  not too tight,doesn&#039;t squeeze the baby   Prevent Thigh Chaffing  hem never roll up  Main ingredient : 92%NYLON 8%SPANDEX\" \/>\n<meta property=\"og:url\" content=\"https:\/\/okseamless.com\/pt\/produto\/body-shaping-maternity-pants-high-end-elastic-waist-and-abdomen-slimming-thigh-slimming-high-waist-body-shaping-maternity-pants\/\" \/>\n<meta property=\"og:site_name\" content=\"Custom Seamless Shapewear and Yoga Wear Manufacturer in China\" \/>\n<meta property=\"article:publisher\" content=\"https:\/\/www.facebook.com\/share\/1TH24JnBgY\/?mibextid=wwXIfr\" \/>\n<meta property=\"article:modified_time\" content=\"2025-07-09T08:10:36+00:00\" \/>\n<meta property=\"og:image\" content=\"https:\/\/okseamless.com\/wp-content\/uploads\/2025\/04\/O1CN01FcVqHg28oRBowjuiG_2218375007979-0-cib.jpg_.jpg\" \/>\n\t<meta property=\"og:image:width\" content=\"1645\" \/>\n\t<meta property=\"og:image:height\" content=\"1920\" \/>\n\t<meta property=\"og:image:type\" content=\"image\/jpeg\" \/>\n<meta name=\"twitter:card\" content=\"summary_large_image\" \/>\n<meta name=\"twitter:label1\" content=\"Tempo estimado de leitura\" \/>\n\t<meta name=\"twitter:data1\" content=\"1 minuto\" \/>\n<script type=\"application\/ld+json\" class=\"yoast-schema-graph\">{\"@context\":\"https:\\\/\\\/schema.org\",\"@graph\":[{\"@type\":\"WebPage\",\"@id\":\"https:\\\/\\\/okseamless.com\\\/product\\\/body-shaping-maternity-pants-high-end-elastic-waist-and-abdomen-slimming-thigh-slimming-high-waist-body-shaping-maternity-pants\\\/\",\"url\":\"https:\\\/\\\/okseamless.com\\\/product\\\/body-shaping-maternity-pants-high-end-elastic-waist-and-abdomen-slimming-thigh-slimming-high-waist-body-shaping-maternity-pants\\\/\",\"name\":\"High Stretch Women Mid Thighs Breathable High Waist Belly Abdominal Support Seamless Maternity Shapewear Pregnancy Underwear - Custom Seamless Shapewear and Yoga Wear Manufacturer in China\",\"isPartOf\":{\"@id\":\"https:\\\/\\\/www.okseamless.com\\\/pt\\\/#website\"},\"primaryImageOfPage\":{\"@id\":\"https:\\\/\\\/okseamless.com\\\/product\\\/body-shaping-maternity-pants-high-end-elastic-waist-and-abdomen-slimming-thigh-slimming-high-waist-body-shaping-maternity-pants\\\/#primaryimage\"},\"image\":{\"@id\":\"https:\\\/\\\/okseamless.com\\\/product\\\/body-shaping-maternity-pants-high-end-elastic-waist-and-abdomen-slimming-thigh-slimming-high-waist-body-shaping-maternity-pants\\\/#primaryimage\"},\"thumbnailUrl\":\"https:\\\/\\\/okseamless.com\\\/wp-content\\\/uploads\\\/2025\\\/04\\\/O1CN01FcVqHg28oRBowjuiG_2218375007979-0-cib.jpg_.jpg\",\"datePublished\":\"2025-04-08T02:11:43+00:00\",\"dateModified\":\"2025-07-09T08:10:36+00:00\",\"breadcrumb\":{\"@id\":\"https:\\\/\\\/okseamless.com\\\/product\\\/body-shaping-maternity-pants-high-end-elastic-waist-and-abdomen-slimming-thigh-slimming-high-waist-body-shaping-maternity-pants\\\/#breadcrumb\"},\"inLanguage\":\"pt-PT\",\"potentialAction\":[{\"@type\":\"ReadAction\",\"target\":[\"https:\\\/\\\/okseamless.com\\\/product\\\/body-shaping-maternity-pants-high-end-elastic-waist-and-abdomen-slimming-thigh-slimming-high-waist-body-shaping-maternity-pants\\\/\"]}]},{\"@type\":\"ImageObject\",\"inLanguage\":\"pt-PT\",\"@id\":\"https:\\\/\\\/okseamless.com\\\/product\\\/body-shaping-maternity-pants-high-end-elastic-waist-and-abdomen-slimming-thigh-slimming-high-waist-body-shaping-maternity-pants\\\/#primaryimage\",\"url\":\"https:\\\/\\\/okseamless.com\\\/wp-content\\\/uploads\\\/2025\\\/04\\\/O1CN01FcVqHg28oRBowjuiG_2218375007979-0-cib.jpg_.jpg\",\"contentUrl\":\"https:\\\/\\\/okseamless.com\\\/wp-content\\\/uploads\\\/2025\\\/04\\\/O1CN01FcVqHg28oRBowjuiG_2218375007979-0-cib.jpg_.jpg\",\"width\":1645,\"height\":1920},{\"@type\":\"BreadcrumbList\",\"@id\":\"https:\\\/\\\/okseamless.com\\\/product\\\/body-shaping-maternity-pants-high-end-elastic-waist-and-abdomen-slimming-thigh-slimming-high-waist-body-shaping-maternity-pants\\\/#breadcrumb\",\"itemListElement\":[{\"@type\":\"ListItem\",\"position\":1,\"name\":\"\u9996\u9875\",\"item\":\"https:\\\/\\\/okseamless.com\\\/\"},{\"@type\":\"ListItem\",\"position\":2,\"name\":\"Produtos\",\"item\":\"https:\\\/\\\/www.okseamless.com\\\/pt\\\/shop\\\/\"},{\"@type\":\"ListItem\",\"position\":3,\"name\":\"High Stretch Women Mid Thighs Breathable High Waist Belly Abdominal Support Seamless Maternity Shapewear Pregnancy Underwear\"}]},{\"@type\":\"WebSite\",\"@id\":\"https:\\\/\\\/www.okseamless.com\\\/pt\\\/#website\",\"url\":\"https:\\\/\\\/www.okseamless.com\\\/pt\\\/\",\"name\":\"Custom Seamless Shapewear and Yoga Wear Manufacturer in China\",\"description\":\"\",\"publisher\":{\"@id\":\"https:\\\/\\\/www.okseamless.com\\\/pt\\\/#organization\"},\"potentialAction\":[{\"@type\":\"SearchAction\",\"target\":{\"@type\":\"EntryPoint\",\"urlTemplate\":\"https:\\\/\\\/www.okseamless.com\\\/pt\\\/?s={search_term_string}\"},\"query-input\":{\"@type\":\"PropertyValueSpecification\",\"valueRequired\":true,\"valueName\":\"search_term_string\"}}],\"inLanguage\":\"pt-PT\"},{\"@type\":\"Organization\",\"@id\":\"https:\\\/\\\/www.okseamless.com\\\/pt\\\/#organization\",\"name\":\"Custom Seamless Shapewear and Yoga Wear Manufacturer in China\",\"url\":\"https:\\\/\\\/www.okseamless.com\\\/pt\\\/\",\"logo\":{\"@type\":\"ImageObject\",\"inLanguage\":\"pt-PT\",\"@id\":\"https:\\\/\\\/www.okseamless.com\\\/pt\\\/#\\\/schema\\\/logo\\\/image\\\/\",\"url\":\"https:\\\/\\\/okseamless.com\\\/wp-content\\\/uploads\\\/2025\\\/03\\\/LOGO.png\",\"contentUrl\":\"https:\\\/\\\/okseamless.com\\\/wp-content\\\/uploads\\\/2025\\\/03\\\/LOGO.png\",\"width\":685,\"height\":218,\"caption\":\"Custom Seamless Shapewear and Yoga Wear Manufacturer in China\"},\"image\":{\"@id\":\"https:\\\/\\\/www.okseamless.com\\\/pt\\\/#\\\/schema\\\/logo\\\/image\\\/\"},\"sameAs\":[\"https:\\\/\\\/www.facebook.com\\\/share\\\/1TH24JnBgY\\\/?mibextid=wwXIfr\"]}]}<\/script>\n<!-- \/ Yoast SEO plugin. -->","yoast_head_json":{"title":"High Stretch Women Mid Thighs Breathable High Waist Belly Abdominal Support Seamless Maternity Shapewear Pregnancy Underwear - Custom Seamless Shapewear and Yoga Wear Manufacturer in China","robots":{"index":"index","follow":"follow","max-snippet":"max-snippet:-1","max-image-preview":"max-image-preview:large","max-video-preview":"max-video-preview:-1"},"canonical":"https:\/\/okseamless.com\/pt\/produto\/body-shaping-maternity-pants-high-end-elastic-waist-and-abdomen-slimming-thigh-slimming-high-waist-body-shaping-maternity-pants\/","og_locale":"pt_PT","og_type":"article","og_title":"High Stretch Women Mid Thighs Breathable High Waist Belly Abdominal Support Seamless Maternity Shapewear Pregnancy Underwear - Custom Seamless Shapewear and Yoga Wear Manufacturer in China","og_description":"Model No:CY019  LANCS MATERNITYUNDERWEAR SHAPEWEAR   Stretchy Belly Band  growth with baby bump   Support the Back  hight wasit design   Shape Nice Baby Bump  not too tight,doesn't squeeze the baby   Prevent Thigh Chaffing  hem never roll up  Main ingredient : 92%NYLON 8%SPANDEX","og_url":"https:\/\/okseamless.com\/pt\/produto\/body-shaping-maternity-pants-high-end-elastic-waist-and-abdomen-slimming-thigh-slimming-high-waist-body-shaping-maternity-pants\/","og_site_name":"Custom Seamless Shapewear and Yoga Wear Manufacturer in China","article_publisher":"https:\/\/www.facebook.com\/share\/1TH24JnBgY\/?mibextid=wwXIfr","article_modified_time":"2025-07-09T08:10:36+00:00","og_image":[{"width":1645,"height":1920,"url":"https:\/\/okseamless.com\/wp-content\/uploads\/2025\/04\/O1CN01FcVqHg28oRBowjuiG_2218375007979-0-cib.jpg_.jpg","type":"image\/jpeg"}],"twitter_card":"summary_large_image","twitter_misc":{"Tempo estimado de leitura":"1 minuto"},"schema":{"@context":"https:\/\/schema.org","@graph":[{"@type":"WebPage","@id":"https:\/\/okseamless.com\/product\/body-shaping-maternity-pants-high-end-elastic-waist-and-abdomen-slimming-thigh-slimming-high-waist-body-shaping-maternity-pants\/","url":"https:\/\/okseamless.com\/product\/body-shaping-maternity-pants-high-end-elastic-waist-and-abdomen-slimming-thigh-slimming-high-waist-body-shaping-maternity-pants\/","name":"High Stretch Women Mid Thighs Breathable High Waist Belly Abdominal Support Seamless Maternity Shapewear Pregnancy Underwear - Custom Seamless Shapewear and Yoga Wear Manufacturer in China","isPartOf":{"@id":"https:\/\/www.okseamless.com\/pt\/#website"},"primaryImageOfPage":{"@id":"https:\/\/okseamless.com\/product\/body-shaping-maternity-pants-high-end-elastic-waist-and-abdomen-slimming-thigh-slimming-high-waist-body-shaping-maternity-pants\/#primaryimage"},"image":{"@id":"https:\/\/okseamless.com\/product\/body-shaping-maternity-pants-high-end-elastic-waist-and-abdomen-slimming-thigh-slimming-high-waist-body-shaping-maternity-pants\/#primaryimage"},"thumbnailUrl":"https:\/\/okseamless.com\/wp-content\/uploads\/2025\/04\/O1CN01FcVqHg28oRBowjuiG_2218375007979-0-cib.jpg_.jpg","datePublished":"2025-04-08T02:11:43+00:00","dateModified":"2025-07-09T08:10:36+00:00","breadcrumb":{"@id":"https:\/\/okseamless.com\/product\/body-shaping-maternity-pants-high-end-elastic-waist-and-abdomen-slimming-thigh-slimming-high-waist-body-shaping-maternity-pants\/#breadcrumb"},"inLanguage":"pt-PT","potentialAction":[{"@type":"ReadAction","target":["https:\/\/okseamless.com\/product\/body-shaping-maternity-pants-high-end-elastic-waist-and-abdomen-slimming-thigh-slimming-high-waist-body-shaping-maternity-pants\/"]}]},{"@type":"ImageObject","inLanguage":"pt-PT","@id":"https:\/\/okseamless.com\/product\/body-shaping-maternity-pants-high-end-elastic-waist-and-abdomen-slimming-thigh-slimming-high-waist-body-shaping-maternity-pants\/#primaryimage","url":"https:\/\/okseamless.com\/wp-content\/uploads\/2025\/04\/O1CN01FcVqHg28oRBowjuiG_2218375007979-0-cib.jpg_.jpg","contentUrl":"https:\/\/okseamless.com\/wp-content\/uploads\/2025\/04\/O1CN01FcVqHg28oRBowjuiG_2218375007979-0-cib.jpg_.jpg","width":1645,"height":1920},{"@type":"BreadcrumbList","@id":"https:\/\/okseamless.com\/product\/body-shaping-maternity-pants-high-end-elastic-waist-and-abdomen-slimming-thigh-slimming-high-waist-body-shaping-maternity-pants\/#breadcrumb","itemListElement":[{"@type":"ListItem","position":1,"name":"\u9996\u9875","item":"https:\/\/okseamless.com\/"},{"@type":"ListItem","position":2,"name":"Produtos","item":"https:\/\/www.okseamless.com\/pt\/shop\/"},{"@type":"ListItem","position":3,"name":"High Stretch Women Mid Thighs Breathable High Waist Belly Abdominal Support Seamless Maternity Shapewear Pregnancy Underwear"}]},{"@type":"WebSite","@id":"https:\/\/www.okseamless.com\/pt\/#website","url":"https:\/\/www.okseamless.com\/pt\/","name":"Custom Seamless Shapewear and Yoga Wear Manufacturer in China","description":"","publisher":{"@id":"https:\/\/www.okseamless.com\/pt\/#organization"},"potentialAction":[{"@type":"SearchAction","target":{"@type":"EntryPoint","urlTemplate":"https:\/\/www.okseamless.com\/pt\/?s={search_term_string}"},"query-input":{"@type":"PropertyValueSpecification","valueRequired":true,"valueName":"search_term_string"}}],"inLanguage":"pt-PT"},{"@type":"Organization","@id":"https:\/\/www.okseamless.com\/pt\/#organization","name":"Custom Seamless Shapewear and Yoga Wear Manufacturer in China","url":"https:\/\/www.okseamless.com\/pt\/","logo":{"@type":"ImageObject","inLanguage":"pt-PT","@id":"https:\/\/www.okseamless.com\/pt\/#\/schema\/logo\/image\/","url":"https:\/\/okseamless.com\/wp-content\/uploads\/2025\/03\/LOGO.png","contentUrl":"https:\/\/okseamless.com\/wp-content\/uploads\/2025\/03\/LOGO.png","width":685,"height":218,"caption":"Custom Seamless Shapewear and Yoga Wear Manufacturer in China"},"image":{"@id":"https:\/\/www.okseamless.com\/pt\/#\/schema\/logo\/image\/"},"sameAs":["https:\/\/www.facebook.com\/share\/1TH24JnBgY\/?mibextid=wwXIfr"]}]}},"_links":{"self":[{"href":"https:\/\/okseamless.com\/pt\/wp-json\/wp\/v2\/product\/1824","targetHints":{"allow":["GET"]}}],"collection":[{"href":"https:\/\/okseamless.com\/pt\/wp-json\/wp\/v2\/product"}],"about":[{"href":"https:\/\/okseamless.com\/pt\/wp-json\/wp\/v2\/types\/product"}],"wp:featuredmedia":[{"embeddable":true,"href":"https:\/\/okseamless.com\/pt\/wp-json\/wp\/v2\/media\/1831"}],"wp:attachment":[{"href":"https:\/\/okseamless.com\/pt\/wp-json\/wp\/v2\/media?parent=1824"}],"wp:term":[{"taxonomy":"product_brand","embeddable":true,"href":"https:\/\/okseamless.com\/pt\/wp-json\/wp\/v2\/product_brand?post=1824"},{"taxonomy":"product_cat","embeddable":true,"href":"https:\/\/okseamless.com\/pt\/wp-json\/wp\/v2\/product_cat?post=1824"},{"taxonomy":"product_tag","embeddable":true,"href":"https:\/\/okseamless.com\/pt\/wp-json\/wp\/v2\/product_tag?post=1824"}],"curies":[{"name":"wp","href":"https:\/\/api.w.org\/{rel}","templated":true}]}}