{"id":1647,"date":"2025-04-08T02:11:44","date_gmt":"2025-04-08T02:11:44","guid":{"rendered":"https:\/\/okseamless.com\/?post_type=product&#038;p=1647"},"modified":"2025-04-11T01:50:02","modified_gmt":"2025-04-11T01:50:02","slug":"adjustable-bra-comfortable-front-buckle-design-can-adjust-the-support-underwear-to-shape-the-bra-2","status":"publish","type":"product","link":"https:\/\/okseamless.com\/pt\/produto\/adjustable-bra-comfortable-front-buckle-design-can-adjust-the-support-underwear-to-shape-the-bra-2\/","title":{"rendered":"Suti\u00e3 ajust\u00e1vel O design confort\u00e1vel da fivela frontal pode ajustar a roupa interior de apoio para moldar o suti\u00e3"},"content":{"rendered":"","protected":false},"excerpt":{"rendered":"<p>Modelo n.\u00ba:CY010<\/p>\n<p><strong><b>FECHAMENTO FRONTAL<\/b><\/strong><strong><b>\u00a0<\/b><\/strong><strong><b>Suti\u00e3 desportivo de cobertura total<\/b><\/strong><\/p>\n<ul>\n<li>O tecido que absorve a humidade melhora a capacidade de respira\u00e7\u00e3o e mant\u00e9m-no seco<\/li>\n<li>Corrida, ioga, treino ou outras actividades de impacto m\u00e9dio-alto<\/li>\n<\/ul>\n<p><strong><b>O SEU AJUSTE PERFEITO<\/b><\/strong><\/p>\n<ul>\n<li>Ganchos ajust\u00e1veis de 3 filas na frente com a op\u00e7\u00e3o de obter facilmente o ajuste perfeito de acordo com o seu conforto<\/li>\n<li>Sem fios para aliviar a press\u00e3o no peito de forma saud\u00e1vel.<\/li>\n<\/ul>\n<p><strong><b>Componente: <\/b><\/strong>Nylon 95% (inclu\u00eddo) -100% (n\u00e3o inclu\u00eddo)<\/p>","protected":false},"featured_media":2426,"template":"","meta":[],"product_brand":[],"product_cat":[35],"product_tag":[],"class_list":{"0":"post-1647","1":"product","2":"type-product","3":"status-publish","4":"has-post-thumbnail","6":"product_cat-womens-tops","8":"first","9":"instock","10":"shipping-taxable","11":"product-type-simple"},"yoast_head":"<!-- This site is optimized with the Yoast SEO plugin v27.4 - https:\/\/yoast.com\/product\/yoast-seo-wordpress\/ -->\n<title>Adjustable bra Comfortable front buckle design can adjust the support underwear to shape the bra - Custom Seamless Shapewear and Yoga Wear Manufacturer in China<\/title>\n<meta name=\"robots\" content=\"index, follow, max-snippet:-1, max-image-preview:large, max-video-preview:-1\" \/>\n<link rel=\"canonical\" href=\"https:\/\/okseamless.com\/pt\/produto\/adjustable-bra-comfortable-front-buckle-design-can-adjust-the-support-underwear-to-shape-the-bra-2\/\" \/>\n<meta property=\"og:locale\" content=\"pt_PT\" \/>\n<meta property=\"og:type\" content=\"article\" \/>\n<meta property=\"og:title\" content=\"Adjustable bra Comfortable front buckle design can adjust the support underwear to shape the bra - Custom Seamless Shapewear and Yoga Wear Manufacturer in China\" \/>\n<meta property=\"og:description\" content=\"Model No:CY010  FRONT CLOSURE\u00a0Full Coverage SPORTS BRA   Moisture wickingfabric\u00a0improves\u00a0breath\u00a0ability and keep you dry  Running,Yoga,Training orother Mid-High impact activities  FINE YOUR PERFECT FIT   Adjustable 3 rows hooks on the frontwith the opition to easy to get the\u00a0perfect fit according your comfort  Wirefree to relieve chest pressurefree and healthy.  Component: Nylon 95% (included) -100% (not included)\" \/>\n<meta property=\"og:url\" content=\"https:\/\/okseamless.com\/pt\/produto\/adjustable-bra-comfortable-front-buckle-design-can-adjust-the-support-underwear-to-shape-the-bra-2\/\" \/>\n<meta property=\"og:site_name\" content=\"Custom Seamless Shapewear and Yoga Wear Manufacturer in China\" \/>\n<meta property=\"article:publisher\" content=\"https:\/\/www.facebook.com\/share\/1TH24JnBgY\/?mibextid=wwXIfr\" \/>\n<meta property=\"article:modified_time\" content=\"2025-04-11T01:50:02+00:00\" \/>\n<meta property=\"og:image\" content=\"https:\/\/okseamless.com\/wp-content\/uploads\/2025\/04\/\u4e3b\u56fe_002-1.jpg\" \/>\n\t<meta property=\"og:image:width\" content=\"800\" \/>\n\t<meta property=\"og:image:height\" content=\"800\" \/>\n\t<meta property=\"og:image:type\" content=\"image\/jpeg\" \/>\n<meta name=\"twitter:card\" content=\"summary_large_image\" \/>\n<meta name=\"twitter:label1\" content=\"Tempo estimado de leitura\" \/>\n\t<meta name=\"twitter:data1\" content=\"1 minuto\" \/>\n<script type=\"application\/ld+json\" class=\"yoast-schema-graph\">{\"@context\":\"https:\\\/\\\/schema.org\",\"@graph\":[{\"@type\":\"WebPage\",\"@id\":\"https:\\\/\\\/okseamless.com\\\/product\\\/adjustable-bra-comfortable-front-buckle-design-can-adjust-the-support-underwear-to-shape-the-bra-2\\\/\",\"url\":\"https:\\\/\\\/okseamless.com\\\/product\\\/adjustable-bra-comfortable-front-buckle-design-can-adjust-the-support-underwear-to-shape-the-bra-2\\\/\",\"name\":\"Adjustable bra Comfortable front buckle design can adjust the support underwear to shape the bra - Custom Seamless Shapewear and Yoga Wear Manufacturer in China\",\"isPartOf\":{\"@id\":\"https:\\\/\\\/www.okseamless.com\\\/pt\\\/#website\"},\"primaryImageOfPage\":{\"@id\":\"https:\\\/\\\/okseamless.com\\\/product\\\/adjustable-bra-comfortable-front-buckle-design-can-adjust-the-support-underwear-to-shape-the-bra-2\\\/#primaryimage\"},\"image\":{\"@id\":\"https:\\\/\\\/okseamless.com\\\/product\\\/adjustable-bra-comfortable-front-buckle-design-can-adjust-the-support-underwear-to-shape-the-bra-2\\\/#primaryimage\"},\"thumbnailUrl\":\"https:\\\/\\\/okseamless.com\\\/wp-content\\\/uploads\\\/2025\\\/04\\\/\u4e3b\u56fe_002-1.jpg\",\"datePublished\":\"2025-04-08T02:11:44+00:00\",\"dateModified\":\"2025-04-11T01:50:02+00:00\",\"breadcrumb\":{\"@id\":\"https:\\\/\\\/okseamless.com\\\/product\\\/adjustable-bra-comfortable-front-buckle-design-can-adjust-the-support-underwear-to-shape-the-bra-2\\\/#breadcrumb\"},\"inLanguage\":\"pt-PT\",\"potentialAction\":[{\"@type\":\"ReadAction\",\"target\":[\"https:\\\/\\\/okseamless.com\\\/product\\\/adjustable-bra-comfortable-front-buckle-design-can-adjust-the-support-underwear-to-shape-the-bra-2\\\/\"]}]},{\"@type\":\"ImageObject\",\"inLanguage\":\"pt-PT\",\"@id\":\"https:\\\/\\\/okseamless.com\\\/product\\\/adjustable-bra-comfortable-front-buckle-design-can-adjust-the-support-underwear-to-shape-the-bra-2\\\/#primaryimage\",\"url\":\"https:\\\/\\\/okseamless.com\\\/wp-content\\\/uploads\\\/2025\\\/04\\\/\u4e3b\u56fe_002-1.jpg\",\"contentUrl\":\"https:\\\/\\\/okseamless.com\\\/wp-content\\\/uploads\\\/2025\\\/04\\\/\u4e3b\u56fe_002-1.jpg\",\"width\":800,\"height\":800},{\"@type\":\"BreadcrumbList\",\"@id\":\"https:\\\/\\\/okseamless.com\\\/product\\\/adjustable-bra-comfortable-front-buckle-design-can-adjust-the-support-underwear-to-shape-the-bra-2\\\/#breadcrumb\",\"itemListElement\":[{\"@type\":\"ListItem\",\"position\":1,\"name\":\"\u9996\u9875\",\"item\":\"https:\\\/\\\/okseamless.com\\\/\"},{\"@type\":\"ListItem\",\"position\":2,\"name\":\"Produtos\",\"item\":\"https:\\\/\\\/www.okseamless.com\\\/pt\\\/shop\\\/\"},{\"@type\":\"ListItem\",\"position\":3,\"name\":\"Adjustable bra Comfortable front buckle design can adjust the support underwear to shape the bra\"}]},{\"@type\":\"WebSite\",\"@id\":\"https:\\\/\\\/www.okseamless.com\\\/pt\\\/#website\",\"url\":\"https:\\\/\\\/www.okseamless.com\\\/pt\\\/\",\"name\":\"Custom Seamless Shapewear and Yoga Wear Manufacturer in China\",\"description\":\"\",\"publisher\":{\"@id\":\"https:\\\/\\\/www.okseamless.com\\\/pt\\\/#organization\"},\"potentialAction\":[{\"@type\":\"SearchAction\",\"target\":{\"@type\":\"EntryPoint\",\"urlTemplate\":\"https:\\\/\\\/www.okseamless.com\\\/pt\\\/?s={search_term_string}\"},\"query-input\":{\"@type\":\"PropertyValueSpecification\",\"valueRequired\":true,\"valueName\":\"search_term_string\"}}],\"inLanguage\":\"pt-PT\"},{\"@type\":\"Organization\",\"@id\":\"https:\\\/\\\/www.okseamless.com\\\/pt\\\/#organization\",\"name\":\"Custom Seamless Shapewear and Yoga Wear Manufacturer in China\",\"url\":\"https:\\\/\\\/www.okseamless.com\\\/pt\\\/\",\"logo\":{\"@type\":\"ImageObject\",\"inLanguage\":\"pt-PT\",\"@id\":\"https:\\\/\\\/www.okseamless.com\\\/pt\\\/#\\\/schema\\\/logo\\\/image\\\/\",\"url\":\"https:\\\/\\\/okseamless.com\\\/wp-content\\\/uploads\\\/2025\\\/03\\\/LOGO.png\",\"contentUrl\":\"https:\\\/\\\/okseamless.com\\\/wp-content\\\/uploads\\\/2025\\\/03\\\/LOGO.png\",\"width\":685,\"height\":218,\"caption\":\"Custom Seamless Shapewear and Yoga Wear Manufacturer in China\"},\"image\":{\"@id\":\"https:\\\/\\\/www.okseamless.com\\\/pt\\\/#\\\/schema\\\/logo\\\/image\\\/\"},\"sameAs\":[\"https:\\\/\\\/www.facebook.com\\\/share\\\/1TH24JnBgY\\\/?mibextid=wwXIfr\"]}]}<\/script>\n<!-- \/ Yoast SEO plugin. -->","yoast_head_json":{"title":"Adjustable bra Comfortable front buckle design can adjust the support underwear to shape the bra - Custom Seamless Shapewear and Yoga Wear Manufacturer in China","robots":{"index":"index","follow":"follow","max-snippet":"max-snippet:-1","max-image-preview":"max-image-preview:large","max-video-preview":"max-video-preview:-1"},"canonical":"https:\/\/okseamless.com\/pt\/produto\/adjustable-bra-comfortable-front-buckle-design-can-adjust-the-support-underwear-to-shape-the-bra-2\/","og_locale":"pt_PT","og_type":"article","og_title":"Adjustable bra Comfortable front buckle design can adjust the support underwear to shape the bra - Custom Seamless Shapewear and Yoga Wear Manufacturer in China","og_description":"Model No:CY010  FRONT CLOSURE\u00a0Full Coverage SPORTS BRA   Moisture wickingfabric\u00a0improves\u00a0breath\u00a0ability and keep you dry  Running,Yoga,Training orother Mid-High impact activities  FINE YOUR PERFECT FIT   Adjustable 3 rows hooks on the frontwith the opition to easy to get the\u00a0perfect fit according your comfort  Wirefree to relieve chest pressurefree and healthy.  Component: Nylon 95% (included) -100% (not included)","og_url":"https:\/\/okseamless.com\/pt\/produto\/adjustable-bra-comfortable-front-buckle-design-can-adjust-the-support-underwear-to-shape-the-bra-2\/","og_site_name":"Custom Seamless Shapewear and Yoga Wear Manufacturer in China","article_publisher":"https:\/\/www.facebook.com\/share\/1TH24JnBgY\/?mibextid=wwXIfr","article_modified_time":"2025-04-11T01:50:02+00:00","og_image":[{"width":800,"height":800,"url":"https:\/\/okseamless.com\/wp-content\/uploads\/2025\/04\/\u4e3b\u56fe_002-1.jpg","type":"image\/jpeg"}],"twitter_card":"summary_large_image","twitter_misc":{"Tempo estimado de leitura":"1 minuto"},"schema":{"@context":"https:\/\/schema.org","@graph":[{"@type":"WebPage","@id":"https:\/\/okseamless.com\/product\/adjustable-bra-comfortable-front-buckle-design-can-adjust-the-support-underwear-to-shape-the-bra-2\/","url":"https:\/\/okseamless.com\/product\/adjustable-bra-comfortable-front-buckle-design-can-adjust-the-support-underwear-to-shape-the-bra-2\/","name":"Adjustable bra Comfortable front buckle design can adjust the support underwear to shape the bra - Custom Seamless Shapewear and Yoga Wear Manufacturer in China","isPartOf":{"@id":"https:\/\/www.okseamless.com\/pt\/#website"},"primaryImageOfPage":{"@id":"https:\/\/okseamless.com\/product\/adjustable-bra-comfortable-front-buckle-design-can-adjust-the-support-underwear-to-shape-the-bra-2\/#primaryimage"},"image":{"@id":"https:\/\/okseamless.com\/product\/adjustable-bra-comfortable-front-buckle-design-can-adjust-the-support-underwear-to-shape-the-bra-2\/#primaryimage"},"thumbnailUrl":"https:\/\/okseamless.com\/wp-content\/uploads\/2025\/04\/\u4e3b\u56fe_002-1.jpg","datePublished":"2025-04-08T02:11:44+00:00","dateModified":"2025-04-11T01:50:02+00:00","breadcrumb":{"@id":"https:\/\/okseamless.com\/product\/adjustable-bra-comfortable-front-buckle-design-can-adjust-the-support-underwear-to-shape-the-bra-2\/#breadcrumb"},"inLanguage":"pt-PT","potentialAction":[{"@type":"ReadAction","target":["https:\/\/okseamless.com\/product\/adjustable-bra-comfortable-front-buckle-design-can-adjust-the-support-underwear-to-shape-the-bra-2\/"]}]},{"@type":"ImageObject","inLanguage":"pt-PT","@id":"https:\/\/okseamless.com\/product\/adjustable-bra-comfortable-front-buckle-design-can-adjust-the-support-underwear-to-shape-the-bra-2\/#primaryimage","url":"https:\/\/okseamless.com\/wp-content\/uploads\/2025\/04\/\u4e3b\u56fe_002-1.jpg","contentUrl":"https:\/\/okseamless.com\/wp-content\/uploads\/2025\/04\/\u4e3b\u56fe_002-1.jpg","width":800,"height":800},{"@type":"BreadcrumbList","@id":"https:\/\/okseamless.com\/product\/adjustable-bra-comfortable-front-buckle-design-can-adjust-the-support-underwear-to-shape-the-bra-2\/#breadcrumb","itemListElement":[{"@type":"ListItem","position":1,"name":"\u9996\u9875","item":"https:\/\/okseamless.com\/"},{"@type":"ListItem","position":2,"name":"Produtos","item":"https:\/\/www.okseamless.com\/pt\/shop\/"},{"@type":"ListItem","position":3,"name":"Adjustable bra Comfortable front buckle design can adjust the support underwear to shape the bra"}]},{"@type":"WebSite","@id":"https:\/\/www.okseamless.com\/pt\/#website","url":"https:\/\/www.okseamless.com\/pt\/","name":"Custom Seamless Shapewear and Yoga Wear Manufacturer in China","description":"","publisher":{"@id":"https:\/\/www.okseamless.com\/pt\/#organization"},"potentialAction":[{"@type":"SearchAction","target":{"@type":"EntryPoint","urlTemplate":"https:\/\/www.okseamless.com\/pt\/?s={search_term_string}"},"query-input":{"@type":"PropertyValueSpecification","valueRequired":true,"valueName":"search_term_string"}}],"inLanguage":"pt-PT"},{"@type":"Organization","@id":"https:\/\/www.okseamless.com\/pt\/#organization","name":"Custom Seamless Shapewear and Yoga Wear Manufacturer in China","url":"https:\/\/www.okseamless.com\/pt\/","logo":{"@type":"ImageObject","inLanguage":"pt-PT","@id":"https:\/\/www.okseamless.com\/pt\/#\/schema\/logo\/image\/","url":"https:\/\/okseamless.com\/wp-content\/uploads\/2025\/03\/LOGO.png","contentUrl":"https:\/\/okseamless.com\/wp-content\/uploads\/2025\/03\/LOGO.png","width":685,"height":218,"caption":"Custom Seamless Shapewear and Yoga Wear Manufacturer in China"},"image":{"@id":"https:\/\/www.okseamless.com\/pt\/#\/schema\/logo\/image\/"},"sameAs":["https:\/\/www.facebook.com\/share\/1TH24JnBgY\/?mibextid=wwXIfr"]}]}},"_links":{"self":[{"href":"https:\/\/okseamless.com\/pt\/wp-json\/wp\/v2\/product\/1647","targetHints":{"allow":["GET"]}}],"collection":[{"href":"https:\/\/okseamless.com\/pt\/wp-json\/wp\/v2\/product"}],"about":[{"href":"https:\/\/okseamless.com\/pt\/wp-json\/wp\/v2\/types\/product"}],"wp:featuredmedia":[{"embeddable":true,"href":"https:\/\/okseamless.com\/pt\/wp-json\/wp\/v2\/media\/2426"}],"wp:attachment":[{"href":"https:\/\/okseamless.com\/pt\/wp-json\/wp\/v2\/media?parent=1647"}],"wp:term":[{"taxonomy":"product_brand","embeddable":true,"href":"https:\/\/okseamless.com\/pt\/wp-json\/wp\/v2\/product_brand?post=1647"},{"taxonomy":"product_cat","embeddable":true,"href":"https:\/\/okseamless.com\/pt\/wp-json\/wp\/v2\/product_cat?post=1647"},{"taxonomy":"product_tag","embeddable":true,"href":"https:\/\/okseamless.com\/pt\/wp-json\/wp\/v2\/product_tag?post=1647"}],"curies":[{"name":"wp","href":"https:\/\/api.w.org\/{rel}","templated":true}]}}