{"id":1636,"date":"2025-04-08T02:11:44","date_gmt":"2025-04-08T02:11:44","guid":{"rendered":"https:\/\/okseamless.com\/?post_type=product&#038;p=1636"},"modified":"2025-04-11T01:43:20","modified_gmt":"2025-04-11T01:43:20","slug":"corset-jumpsuit-open-crotch-free-seamless-shapewear-waist-waist-slimming-jumpsuit-shapewear","status":"publish","type":"product","link":"https:\/\/okseamless.com\/pt\/produto\/corset-jumpsuit-open-crotch-free-seamless-shapewear-waist-waist-slimming-jumpsuit-shapewear\/","title":{"rendered":"Macac\u00e3o com espartilho macac\u00e3o com abertura entrepernas sem costuras macac\u00e3o de emagrecimento para a cintura"},"content":{"rendered":"","protected":false},"excerpt":{"rendered":"<p>Modelo n.\u00ba:CY009<\/p>\n<p><strong><b>BODY MODELADOR MULTIFUN\u00c7\u00d5ES<\/b><\/strong><\/p>\n<ul>\n<li>Proporciona-lhe uma cintura mais fina e um aspeto suave Confort\u00e1vel e respir\u00e1vel para usar durante todo o dia<\/li>\n<li>alisa as protuber\u00e2ncias do ventre<\/li>\n<li>diminui a cintura<\/li>\n<li>levanta o rabo e melhora as ancas<\/li>\n<li>reduzir a gordura das coxas<\/li>\n<li>O design de virilha aberta \u00e9 conveniente para a casa de banho<\/li>\n<\/ul>\n<p><strong><b>Componente:<\/b><\/strong>Fibra de poli\u00e9ster (poli\u00e9ster) 50% (inclu\u00eddo) -70% (n\u00e3o inclu\u00eddo)<\/p>","protected":false},"featured_media":2408,"template":"","meta":[],"product_brand":[],"product_cat":[37],"product_tag":[],"class_list":{"0":"post-1636","1":"product","2":"type-product","3":"status-publish","4":"has-post-thumbnail","6":"product_cat-womens-bodysuits","8":"first","9":"instock","10":"shipping-taxable","11":"product-type-simple"},"yoast_head":"<!-- This site is optimized with the Yoast SEO plugin v27.4 - https:\/\/yoast.com\/product\/yoast-seo-wordpress\/ -->\n<title>Corset jumpsuit open crotch free seamless shapewear waist waist slimming jumpsuit shapewear - Custom Seamless Shapewear and Yoga Wear Manufacturer in China<\/title>\n<meta name=\"robots\" content=\"index, follow, max-snippet:-1, max-image-preview:large, max-video-preview:-1\" \/>\n<link rel=\"canonical\" href=\"https:\/\/okseamless.com\/pt\/produto\/corset-jumpsuit-open-crotch-free-seamless-shapewear-waist-waist-slimming-jumpsuit-shapewear\/\" \/>\n<meta property=\"og:locale\" content=\"pt_PT\" \/>\n<meta property=\"og:type\" content=\"article\" \/>\n<meta property=\"og:title\" content=\"Corset jumpsuit open crotch free seamless shapewear waist waist slimming jumpsuit shapewear - Custom Seamless Shapewear and Yoga Wear Manufacturer in China\" \/>\n<meta property=\"og:description\" content=\"Model No:CY009  MULTIFUNCTIONAL SHAPEWEAR BODYSUIT   Give You A Slimmer Waist And Smooth Look Comfortable andbreathable to wear all day  smooths belly bulges  shrinks waistline  lifts butt &amp; enhances hips  tighten thighs fat  open crotch designis convenient for\u00a0bathroom  Component:Polyester fiber (Polyester) 50% (included) -70% (not included)\" \/>\n<meta property=\"og:url\" content=\"https:\/\/okseamless.com\/pt\/produto\/corset-jumpsuit-open-crotch-free-seamless-shapewear-waist-waist-slimming-jumpsuit-shapewear\/\" \/>\n<meta property=\"og:site_name\" content=\"Custom Seamless Shapewear and Yoga Wear Manufacturer in China\" \/>\n<meta property=\"article:publisher\" content=\"https:\/\/www.facebook.com\/share\/1TH24JnBgY\/?mibextid=wwXIfr\" \/>\n<meta property=\"article:modified_time\" content=\"2025-04-11T01:43:20+00:00\" \/>\n<meta property=\"og:image\" content=\"https:\/\/okseamless.com\/wp-content\/uploads\/2025\/04\/\u4e3b\u56fe_004-4.jpg\" \/>\n\t<meta property=\"og:image:width\" content=\"750\" \/>\n\t<meta property=\"og:image:height\" content=\"750\" \/>\n\t<meta property=\"og:image:type\" content=\"image\/jpeg\" \/>\n<meta name=\"twitter:card\" content=\"summary_large_image\" \/>\n<meta name=\"twitter:label1\" content=\"Tempo estimado de leitura\" \/>\n\t<meta name=\"twitter:data1\" content=\"1 minuto\" \/>\n<script type=\"application\/ld+json\" class=\"yoast-schema-graph\">{\"@context\":\"https:\\\/\\\/schema.org\",\"@graph\":[{\"@type\":\"WebPage\",\"@id\":\"https:\\\/\\\/okseamless.com\\\/product\\\/corset-jumpsuit-open-crotch-free-seamless-shapewear-waist-waist-slimming-jumpsuit-shapewear\\\/\",\"url\":\"https:\\\/\\\/okseamless.com\\\/product\\\/corset-jumpsuit-open-crotch-free-seamless-shapewear-waist-waist-slimming-jumpsuit-shapewear\\\/\",\"name\":\"Corset jumpsuit open crotch free seamless shapewear waist waist slimming jumpsuit shapewear - Custom Seamless Shapewear and Yoga Wear Manufacturer in China\",\"isPartOf\":{\"@id\":\"https:\\\/\\\/www.okseamless.com\\\/pt\\\/#website\"},\"primaryImageOfPage\":{\"@id\":\"https:\\\/\\\/okseamless.com\\\/product\\\/corset-jumpsuit-open-crotch-free-seamless-shapewear-waist-waist-slimming-jumpsuit-shapewear\\\/#primaryimage\"},\"image\":{\"@id\":\"https:\\\/\\\/okseamless.com\\\/product\\\/corset-jumpsuit-open-crotch-free-seamless-shapewear-waist-waist-slimming-jumpsuit-shapewear\\\/#primaryimage\"},\"thumbnailUrl\":\"https:\\\/\\\/okseamless.com\\\/wp-content\\\/uploads\\\/2025\\\/04\\\/\u4e3b\u56fe_004-4.jpg\",\"datePublished\":\"2025-04-08T02:11:44+00:00\",\"dateModified\":\"2025-04-11T01:43:20+00:00\",\"breadcrumb\":{\"@id\":\"https:\\\/\\\/okseamless.com\\\/product\\\/corset-jumpsuit-open-crotch-free-seamless-shapewear-waist-waist-slimming-jumpsuit-shapewear\\\/#breadcrumb\"},\"inLanguage\":\"pt-PT\",\"potentialAction\":[{\"@type\":\"ReadAction\",\"target\":[\"https:\\\/\\\/okseamless.com\\\/product\\\/corset-jumpsuit-open-crotch-free-seamless-shapewear-waist-waist-slimming-jumpsuit-shapewear\\\/\"]}]},{\"@type\":\"ImageObject\",\"inLanguage\":\"pt-PT\",\"@id\":\"https:\\\/\\\/okseamless.com\\\/product\\\/corset-jumpsuit-open-crotch-free-seamless-shapewear-waist-waist-slimming-jumpsuit-shapewear\\\/#primaryimage\",\"url\":\"https:\\\/\\\/okseamless.com\\\/wp-content\\\/uploads\\\/2025\\\/04\\\/\u4e3b\u56fe_004-4.jpg\",\"contentUrl\":\"https:\\\/\\\/okseamless.com\\\/wp-content\\\/uploads\\\/2025\\\/04\\\/\u4e3b\u56fe_004-4.jpg\",\"width\":750,\"height\":750},{\"@type\":\"BreadcrumbList\",\"@id\":\"https:\\\/\\\/okseamless.com\\\/product\\\/corset-jumpsuit-open-crotch-free-seamless-shapewear-waist-waist-slimming-jumpsuit-shapewear\\\/#breadcrumb\",\"itemListElement\":[{\"@type\":\"ListItem\",\"position\":1,\"name\":\"\u9996\u9875\",\"item\":\"https:\\\/\\\/okseamless.com\\\/\"},{\"@type\":\"ListItem\",\"position\":2,\"name\":\"Produtos\",\"item\":\"https:\\\/\\\/www.okseamless.com\\\/pt\\\/shop\\\/\"},{\"@type\":\"ListItem\",\"position\":3,\"name\":\"Corset jumpsuit open crotch free seamless shapewear waist waist slimming jumpsuit shapewear\"}]},{\"@type\":\"WebSite\",\"@id\":\"https:\\\/\\\/www.okseamless.com\\\/pt\\\/#website\",\"url\":\"https:\\\/\\\/www.okseamless.com\\\/pt\\\/\",\"name\":\"Custom Seamless Shapewear and Yoga Wear Manufacturer in China\",\"description\":\"\",\"publisher\":{\"@id\":\"https:\\\/\\\/www.okseamless.com\\\/pt\\\/#organization\"},\"potentialAction\":[{\"@type\":\"SearchAction\",\"target\":{\"@type\":\"EntryPoint\",\"urlTemplate\":\"https:\\\/\\\/www.okseamless.com\\\/pt\\\/?s={search_term_string}\"},\"query-input\":{\"@type\":\"PropertyValueSpecification\",\"valueRequired\":true,\"valueName\":\"search_term_string\"}}],\"inLanguage\":\"pt-PT\"},{\"@type\":\"Organization\",\"@id\":\"https:\\\/\\\/www.okseamless.com\\\/pt\\\/#organization\",\"name\":\"Custom Seamless Shapewear and Yoga Wear Manufacturer in China\",\"url\":\"https:\\\/\\\/www.okseamless.com\\\/pt\\\/\",\"logo\":{\"@type\":\"ImageObject\",\"inLanguage\":\"pt-PT\",\"@id\":\"https:\\\/\\\/www.okseamless.com\\\/pt\\\/#\\\/schema\\\/logo\\\/image\\\/\",\"url\":\"https:\\\/\\\/okseamless.com\\\/wp-content\\\/uploads\\\/2025\\\/03\\\/LOGO.png\",\"contentUrl\":\"https:\\\/\\\/okseamless.com\\\/wp-content\\\/uploads\\\/2025\\\/03\\\/LOGO.png\",\"width\":685,\"height\":218,\"caption\":\"Custom Seamless Shapewear and Yoga Wear Manufacturer in China\"},\"image\":{\"@id\":\"https:\\\/\\\/www.okseamless.com\\\/pt\\\/#\\\/schema\\\/logo\\\/image\\\/\"},\"sameAs\":[\"https:\\\/\\\/www.facebook.com\\\/share\\\/1TH24JnBgY\\\/?mibextid=wwXIfr\"]}]}<\/script>\n<!-- \/ Yoast SEO plugin. -->","yoast_head_json":{"title":"Corset jumpsuit open crotch free seamless shapewear waist waist slimming jumpsuit shapewear - Custom Seamless Shapewear and Yoga Wear Manufacturer in China","robots":{"index":"index","follow":"follow","max-snippet":"max-snippet:-1","max-image-preview":"max-image-preview:large","max-video-preview":"max-video-preview:-1"},"canonical":"https:\/\/okseamless.com\/pt\/produto\/corset-jumpsuit-open-crotch-free-seamless-shapewear-waist-waist-slimming-jumpsuit-shapewear\/","og_locale":"pt_PT","og_type":"article","og_title":"Corset jumpsuit open crotch free seamless shapewear waist waist slimming jumpsuit shapewear - Custom Seamless Shapewear and Yoga Wear Manufacturer in China","og_description":"Model No:CY009  MULTIFUNCTIONAL SHAPEWEAR BODYSUIT   Give You A Slimmer Waist And Smooth Look Comfortable andbreathable to wear all day  smooths belly bulges  shrinks waistline  lifts butt &amp; enhances hips  tighten thighs fat  open crotch designis convenient for\u00a0bathroom  Component:Polyester fiber (Polyester) 50% (included) -70% (not included)","og_url":"https:\/\/okseamless.com\/pt\/produto\/corset-jumpsuit-open-crotch-free-seamless-shapewear-waist-waist-slimming-jumpsuit-shapewear\/","og_site_name":"Custom Seamless Shapewear and Yoga Wear Manufacturer in China","article_publisher":"https:\/\/www.facebook.com\/share\/1TH24JnBgY\/?mibextid=wwXIfr","article_modified_time":"2025-04-11T01:43:20+00:00","og_image":[{"width":750,"height":750,"url":"https:\/\/okseamless.com\/wp-content\/uploads\/2025\/04\/\u4e3b\u56fe_004-4.jpg","type":"image\/jpeg"}],"twitter_card":"summary_large_image","twitter_misc":{"Tempo estimado de leitura":"1 minuto"},"schema":{"@context":"https:\/\/schema.org","@graph":[{"@type":"WebPage","@id":"https:\/\/okseamless.com\/product\/corset-jumpsuit-open-crotch-free-seamless-shapewear-waist-waist-slimming-jumpsuit-shapewear\/","url":"https:\/\/okseamless.com\/product\/corset-jumpsuit-open-crotch-free-seamless-shapewear-waist-waist-slimming-jumpsuit-shapewear\/","name":"Corset jumpsuit open crotch free seamless shapewear waist waist slimming jumpsuit shapewear - Custom Seamless Shapewear and Yoga Wear Manufacturer in China","isPartOf":{"@id":"https:\/\/www.okseamless.com\/pt\/#website"},"primaryImageOfPage":{"@id":"https:\/\/okseamless.com\/product\/corset-jumpsuit-open-crotch-free-seamless-shapewear-waist-waist-slimming-jumpsuit-shapewear\/#primaryimage"},"image":{"@id":"https:\/\/okseamless.com\/product\/corset-jumpsuit-open-crotch-free-seamless-shapewear-waist-waist-slimming-jumpsuit-shapewear\/#primaryimage"},"thumbnailUrl":"https:\/\/okseamless.com\/wp-content\/uploads\/2025\/04\/\u4e3b\u56fe_004-4.jpg","datePublished":"2025-04-08T02:11:44+00:00","dateModified":"2025-04-11T01:43:20+00:00","breadcrumb":{"@id":"https:\/\/okseamless.com\/product\/corset-jumpsuit-open-crotch-free-seamless-shapewear-waist-waist-slimming-jumpsuit-shapewear\/#breadcrumb"},"inLanguage":"pt-PT","potentialAction":[{"@type":"ReadAction","target":["https:\/\/okseamless.com\/product\/corset-jumpsuit-open-crotch-free-seamless-shapewear-waist-waist-slimming-jumpsuit-shapewear\/"]}]},{"@type":"ImageObject","inLanguage":"pt-PT","@id":"https:\/\/okseamless.com\/product\/corset-jumpsuit-open-crotch-free-seamless-shapewear-waist-waist-slimming-jumpsuit-shapewear\/#primaryimage","url":"https:\/\/okseamless.com\/wp-content\/uploads\/2025\/04\/\u4e3b\u56fe_004-4.jpg","contentUrl":"https:\/\/okseamless.com\/wp-content\/uploads\/2025\/04\/\u4e3b\u56fe_004-4.jpg","width":750,"height":750},{"@type":"BreadcrumbList","@id":"https:\/\/okseamless.com\/product\/corset-jumpsuit-open-crotch-free-seamless-shapewear-waist-waist-slimming-jumpsuit-shapewear\/#breadcrumb","itemListElement":[{"@type":"ListItem","position":1,"name":"\u9996\u9875","item":"https:\/\/okseamless.com\/"},{"@type":"ListItem","position":2,"name":"Produtos","item":"https:\/\/www.okseamless.com\/pt\/shop\/"},{"@type":"ListItem","position":3,"name":"Corset jumpsuit open crotch free seamless shapewear waist waist slimming jumpsuit shapewear"}]},{"@type":"WebSite","@id":"https:\/\/www.okseamless.com\/pt\/#website","url":"https:\/\/www.okseamless.com\/pt\/","name":"Custom Seamless Shapewear and Yoga Wear Manufacturer in China","description":"","publisher":{"@id":"https:\/\/www.okseamless.com\/pt\/#organization"},"potentialAction":[{"@type":"SearchAction","target":{"@type":"EntryPoint","urlTemplate":"https:\/\/www.okseamless.com\/pt\/?s={search_term_string}"},"query-input":{"@type":"PropertyValueSpecification","valueRequired":true,"valueName":"search_term_string"}}],"inLanguage":"pt-PT"},{"@type":"Organization","@id":"https:\/\/www.okseamless.com\/pt\/#organization","name":"Custom Seamless Shapewear and Yoga Wear Manufacturer in China","url":"https:\/\/www.okseamless.com\/pt\/","logo":{"@type":"ImageObject","inLanguage":"pt-PT","@id":"https:\/\/www.okseamless.com\/pt\/#\/schema\/logo\/image\/","url":"https:\/\/okseamless.com\/wp-content\/uploads\/2025\/03\/LOGO.png","contentUrl":"https:\/\/okseamless.com\/wp-content\/uploads\/2025\/03\/LOGO.png","width":685,"height":218,"caption":"Custom Seamless Shapewear and Yoga Wear Manufacturer in China"},"image":{"@id":"https:\/\/www.okseamless.com\/pt\/#\/schema\/logo\/image\/"},"sameAs":["https:\/\/www.facebook.com\/share\/1TH24JnBgY\/?mibextid=wwXIfr"]}]}},"_links":{"self":[{"href":"https:\/\/okseamless.com\/pt\/wp-json\/wp\/v2\/product\/1636","targetHints":{"allow":["GET"]}}],"collection":[{"href":"https:\/\/okseamless.com\/pt\/wp-json\/wp\/v2\/product"}],"about":[{"href":"https:\/\/okseamless.com\/pt\/wp-json\/wp\/v2\/types\/product"}],"wp:featuredmedia":[{"embeddable":true,"href":"https:\/\/okseamless.com\/pt\/wp-json\/wp\/v2\/media\/2408"}],"wp:attachment":[{"href":"https:\/\/okseamless.com\/pt\/wp-json\/wp\/v2\/media?parent=1636"}],"wp:term":[{"taxonomy":"product_brand","embeddable":true,"href":"https:\/\/okseamless.com\/pt\/wp-json\/wp\/v2\/product_brand?post=1636"},{"taxonomy":"product_cat","embeddable":true,"href":"https:\/\/okseamless.com\/pt\/wp-json\/wp\/v2\/product_cat?post=1636"},{"taxonomy":"product_tag","embeddable":true,"href":"https:\/\/okseamless.com\/pt\/wp-json\/wp\/v2\/product_tag?post=1636"}],"curies":[{"name":"wp","href":"https:\/\/api.w.org\/{rel}","templated":true}]}}