{"id":1466,"date":"2025-04-08T02:11:44","date_gmt":"2025-04-08T02:11:44","guid":{"rendered":"https:\/\/okseamless.com\/?post_type=product&#038;p=1466"},"modified":"2025-04-12T06:30:09","modified_gmt":"2025-04-12T06:30:09","slug":"body-shaper-adjustable-support-chest-hunchback-posture-corrector-long-sleeve-shaper-body-shaper","status":"publish","type":"product","link":"https:\/\/okseamless.com\/pt\/produto\/body-shaper-adjustable-support-chest-hunchback-posture-corrector-long-sleeve-shaper-body-shaper\/","title":{"rendered":"Modelador de corpo Suporte ajust\u00e1vel para o peito Corretor de postura corcunda Modelador de corpo de manga comprida"},"content":{"rendered":"","protected":false},"excerpt":{"rendered":"<p>Modelo n.\u00ba:CY025<\/p>\n<p><b><\/b><strong><b>MODELADOR DE COMPRESS\u00c3O DE BRA\u00c7OS<\/b><\/strong><\/p>\n<p>Manga comprida com controlo firme<\/p>\n<p>Envolver e apertar totalmente a pele fl\u00e1cida<\/p>\n<p><b><\/b><strong><b>T\u00d3RAX DE APOIO EM FORMA DE U<\/b><\/strong><\/p>\n<p>Levantar e recolher o peito<\/p>\n<p>Banda estabilizadora ajust\u00e1vel<\/p>\n<p><b><\/b><strong><b>ALISAR N\u00d3DULOS E BORBULHAS<\/b><\/strong><\/p>\n<p>Apoio para as costas e al\u00edvio da dor<\/p>\n<p>Melhorar a postura e acabar com a corcunda<\/p>\n<p><strong><b>BANDA ESTABILIZADORA DO T\u00d3RAX AMOV\u00cdVELAJUST\u00c1VEL PARA A PARTE SUPERIOR DO CORPO<\/b><\/strong><\/p>\n<ul>\n<li>Apertar e emagrecer os bra\u00e7os<\/li>\n<li>Prevenir a queda do peito<\/li>\n<li>Reduzir o peito de acess\u00f3rios<\/li>\n<li>Costas lisas e postura correta<\/li>\n<\/ul>\n<p><strong><b>DETALHES<\/b><\/strong><\/p>\n<p><b><\/b><strong><b>linha Hook &amp; Eye<\/b><\/strong><\/p>\n<p>Aperto ajust\u00e1vel<\/p>\n<p><strong><b>El\u00e1stico e dur\u00e1vel<\/b><\/strong><\/p>\n<p>El\u00e1stico e confort\u00e1vel<\/p>\n<p><strong><b>REDUZIR A FLACIDEZ E A GORDURA DOS BRA\u00c7OS<\/b><\/strong><\/p>\n<ul>\n<li>Tonificar a pele solta e emagrecer os bra\u00e7os instantaneamente<\/li>\n<li>Quantidade certa de compress\u00e3o para a recupera\u00e7\u00e3o p\u00f3s-operat\u00f3ria<\/li>\n<\/ul>\n<p><strong><b>Ingredientes: <\/b><\/strong>Nylon 95% (inclusive) -100% (exclusive)<\/p>","protected":false},"featured_media":3117,"template":"","meta":[],"product_brand":[],"product_cat":[35],"product_tag":[],"class_list":{"0":"post-1466","1":"product","2":"type-product","3":"status-publish","4":"has-post-thumbnail","6":"product_cat-womens-tops","8":"first","9":"instock","10":"shipping-taxable","11":"product-type-simple"},"yoast_head":"<!-- This site is optimized with the Yoast SEO plugin v27.4 - https:\/\/yoast.com\/product\/yoast-seo-wordpress\/ -->\n<title>Body Shaper Adjustable Support Chest Hunchback Posture Corrector Long Sleeve Shaper Body Shaper - Custom Seamless Shapewear and Yoga Wear Manufacturer in China<\/title>\n<meta name=\"robots\" content=\"index, follow, max-snippet:-1, max-image-preview:large, max-video-preview:-1\" \/>\n<link rel=\"canonical\" href=\"https:\/\/okseamless.com\/pt\/produto\/body-shaper-adjustable-support-chest-hunchback-posture-corrector-long-sleeve-shaper-body-shaper\/\" \/>\n<meta property=\"og:locale\" content=\"pt_PT\" \/>\n<meta property=\"og:type\" content=\"article\" \/>\n<meta property=\"og:title\" content=\"Body Shaper Adjustable Support Chest Hunchback Posture Corrector Long Sleeve Shaper Body Shaper - Custom Seamless Shapewear and Yoga Wear Manufacturer in China\" \/>\n<meta property=\"og:description\" content=\"Model NO:CY025  ARM COMPRESSION SHAPER  Long Sleeve With Firm Control  Fully Wrap &amp; Tighten Flabby Skin  U-SHAPE SUPPORT CHEST  Lift &amp; Gather Breast  Adjustable Stabilizer Band  SMOOTH BACK LUMPS &amp; BUMPS  Support Back &amp; Relieve Pain  Improve\u00a0Posture &amp; Stop Hunchback  DETACHABLE CHEST STABILIZER BANDADJUSTABLE UPPER BODY SHAPEWEAR   Tighten &amp; Slim Arms  Prevent Chest Drooping  Reduce Accessory Breast  Smooth Back &amp; Correct Posture  DETAILS  row Hook &amp; Eye  Adjustable Tightness  Elastic &amp; Durable  Stretchy &amp; Comfortable  TIGHTEN ARM FLAB &amp; REDUCE ARM FAT   Tone Up Loose Skin &amp; Slim Arms Instantly  Right Amount Of Compression For Post-Op Recovery  Ingredients: Nylon\u00a095% (inclusive) -100% (exclusive)\" \/>\n<meta property=\"og:url\" content=\"https:\/\/okseamless.com\/pt\/produto\/body-shaper-adjustable-support-chest-hunchback-posture-corrector-long-sleeve-shaper-body-shaper\/\" \/>\n<meta property=\"og:site_name\" content=\"Custom Seamless Shapewear and Yoga Wear Manufacturer in China\" \/>\n<meta property=\"article:publisher\" content=\"https:\/\/www.facebook.com\/share\/1TH24JnBgY\/?mibextid=wwXIfr\" \/>\n<meta property=\"article:modified_time\" content=\"2025-04-12T06:30:09+00:00\" \/>\n<meta property=\"og:image\" content=\"https:\/\/okseamless.com\/wp-content\/uploads\/2025\/04\/O1CN01CiAw6k28oRBr867v9_2218375007979-0-cib-1.jpg_-1.jpg\" \/>\n\t<meta property=\"og:image:width\" content=\"1000\" \/>\n\t<meta property=\"og:image:height\" content=\"1000\" \/>\n\t<meta property=\"og:image:type\" content=\"image\/jpeg\" \/>\n<meta name=\"twitter:card\" content=\"summary_large_image\" \/>\n<meta name=\"twitter:label1\" content=\"Tempo estimado de leitura\" \/>\n\t<meta name=\"twitter:data1\" content=\"1 minuto\" \/>\n<script type=\"application\/ld+json\" class=\"yoast-schema-graph\">{\"@context\":\"https:\\\/\\\/schema.org\",\"@graph\":[{\"@type\":\"WebPage\",\"@id\":\"https:\\\/\\\/okseamless.com\\\/ko\\\/product\\\/body-shaper-adjustable-support-chest-hunchback-posture-corrector-long-sleeve-shaper-body-shaper\\\/\",\"url\":\"https:\\\/\\\/okseamless.com\\\/ko\\\/product\\\/body-shaper-adjustable-support-chest-hunchback-posture-corrector-long-sleeve-shaper-body-shaper\\\/\",\"name\":\"Body Shaper Adjustable Support Chest Hunchback Posture Corrector Long Sleeve Shaper Body Shaper - Custom Seamless Shapewear and Yoga Wear Manufacturer in China\",\"isPartOf\":{\"@id\":\"https:\\\/\\\/www.okseamless.com\\\/pt\\\/#website\"},\"primaryImageOfPage\":{\"@id\":\"https:\\\/\\\/okseamless.com\\\/ko\\\/product\\\/body-shaper-adjustable-support-chest-hunchback-posture-corrector-long-sleeve-shaper-body-shaper\\\/#primaryimage\"},\"image\":{\"@id\":\"https:\\\/\\\/okseamless.com\\\/ko\\\/product\\\/body-shaper-adjustable-support-chest-hunchback-posture-corrector-long-sleeve-shaper-body-shaper\\\/#primaryimage\"},\"thumbnailUrl\":\"https:\\\/\\\/okseamless.com\\\/wp-content\\\/uploads\\\/2025\\\/04\\\/O1CN01CiAw6k28oRBr867v9_2218375007979-0-cib-1.jpg_-1.jpg\",\"datePublished\":\"2025-04-08T02:11:44+00:00\",\"dateModified\":\"2025-04-12T06:30:09+00:00\",\"breadcrumb\":{\"@id\":\"https:\\\/\\\/okseamless.com\\\/ko\\\/product\\\/body-shaper-adjustable-support-chest-hunchback-posture-corrector-long-sleeve-shaper-body-shaper\\\/#breadcrumb\"},\"inLanguage\":\"pt-PT\",\"potentialAction\":[{\"@type\":\"ReadAction\",\"target\":[\"https:\\\/\\\/okseamless.com\\\/ko\\\/product\\\/body-shaper-adjustable-support-chest-hunchback-posture-corrector-long-sleeve-shaper-body-shaper\\\/\"]}]},{\"@type\":\"ImageObject\",\"inLanguage\":\"pt-PT\",\"@id\":\"https:\\\/\\\/okseamless.com\\\/ko\\\/product\\\/body-shaper-adjustable-support-chest-hunchback-posture-corrector-long-sleeve-shaper-body-shaper\\\/#primaryimage\",\"url\":\"https:\\\/\\\/okseamless.com\\\/wp-content\\\/uploads\\\/2025\\\/04\\\/O1CN01CiAw6k28oRBr867v9_2218375007979-0-cib-1.jpg_-1.jpg\",\"contentUrl\":\"https:\\\/\\\/okseamless.com\\\/wp-content\\\/uploads\\\/2025\\\/04\\\/O1CN01CiAw6k28oRBr867v9_2218375007979-0-cib-1.jpg_-1.jpg\",\"width\":1000,\"height\":1000},{\"@type\":\"BreadcrumbList\",\"@id\":\"https:\\\/\\\/okseamless.com\\\/ko\\\/product\\\/body-shaper-adjustable-support-chest-hunchback-posture-corrector-long-sleeve-shaper-body-shaper\\\/#breadcrumb\",\"itemListElement\":[{\"@type\":\"ListItem\",\"position\":1,\"name\":\"\u9996\u9875\",\"item\":\"https:\\\/\\\/okseamless.com\\\/\"},{\"@type\":\"ListItem\",\"position\":2,\"name\":\"Produtos\",\"item\":\"https:\\\/\\\/www.okseamless.com\\\/pt\\\/shop\\\/\"},{\"@type\":\"ListItem\",\"position\":3,\"name\":\"Body Shaper Adjustable Support Chest Hunchback Posture Corrector Long Sleeve Shaper Body Shaper\"}]},{\"@type\":\"WebSite\",\"@id\":\"https:\\\/\\\/www.okseamless.com\\\/pt\\\/#website\",\"url\":\"https:\\\/\\\/www.okseamless.com\\\/pt\\\/\",\"name\":\"Custom Seamless Shapewear and Yoga Wear Manufacturer in China\",\"description\":\"\",\"publisher\":{\"@id\":\"https:\\\/\\\/www.okseamless.com\\\/pt\\\/#organization\"},\"potentialAction\":[{\"@type\":\"SearchAction\",\"target\":{\"@type\":\"EntryPoint\",\"urlTemplate\":\"https:\\\/\\\/www.okseamless.com\\\/pt\\\/?s={search_term_string}\"},\"query-input\":{\"@type\":\"PropertyValueSpecification\",\"valueRequired\":true,\"valueName\":\"search_term_string\"}}],\"inLanguage\":\"pt-PT\"},{\"@type\":\"Organization\",\"@id\":\"https:\\\/\\\/www.okseamless.com\\\/pt\\\/#organization\",\"name\":\"Custom Seamless Shapewear and Yoga Wear Manufacturer in China\",\"url\":\"https:\\\/\\\/www.okseamless.com\\\/pt\\\/\",\"logo\":{\"@type\":\"ImageObject\",\"inLanguage\":\"pt-PT\",\"@id\":\"https:\\\/\\\/www.okseamless.com\\\/pt\\\/#\\\/schema\\\/logo\\\/image\\\/\",\"url\":\"https:\\\/\\\/okseamless.com\\\/wp-content\\\/uploads\\\/2025\\\/03\\\/LOGO.png\",\"contentUrl\":\"https:\\\/\\\/okseamless.com\\\/wp-content\\\/uploads\\\/2025\\\/03\\\/LOGO.png\",\"width\":685,\"height\":218,\"caption\":\"Custom Seamless Shapewear and Yoga Wear Manufacturer in China\"},\"image\":{\"@id\":\"https:\\\/\\\/www.okseamless.com\\\/pt\\\/#\\\/schema\\\/logo\\\/image\\\/\"},\"sameAs\":[\"https:\\\/\\\/www.facebook.com\\\/share\\\/1TH24JnBgY\\\/?mibextid=wwXIfr\"]}]}<\/script>\n<!-- \/ Yoast SEO plugin. -->","yoast_head_json":{"title":"Body Shaper Adjustable Support Chest Hunchback Posture Corrector Long Sleeve Shaper Body Shaper - Custom Seamless Shapewear and Yoga Wear Manufacturer in China","robots":{"index":"index","follow":"follow","max-snippet":"max-snippet:-1","max-image-preview":"max-image-preview:large","max-video-preview":"max-video-preview:-1"},"canonical":"https:\/\/okseamless.com\/pt\/produto\/body-shaper-adjustable-support-chest-hunchback-posture-corrector-long-sleeve-shaper-body-shaper\/","og_locale":"pt_PT","og_type":"article","og_title":"Body Shaper Adjustable Support Chest Hunchback Posture Corrector Long Sleeve Shaper Body Shaper - Custom Seamless Shapewear and Yoga Wear Manufacturer in China","og_description":"Model NO:CY025  ARM COMPRESSION SHAPER  Long Sleeve With Firm Control  Fully Wrap &amp; Tighten Flabby Skin  U-SHAPE SUPPORT CHEST  Lift &amp; Gather Breast  Adjustable Stabilizer Band  SMOOTH BACK LUMPS &amp; BUMPS  Support Back &amp; Relieve Pain  Improve\u00a0Posture &amp; Stop Hunchback  DETACHABLE CHEST STABILIZER BANDADJUSTABLE UPPER BODY SHAPEWEAR   Tighten &amp; Slim Arms  Prevent Chest Drooping  Reduce Accessory Breast  Smooth Back &amp; Correct Posture  DETAILS  row Hook &amp; Eye  Adjustable Tightness  Elastic &amp; Durable  Stretchy &amp; Comfortable  TIGHTEN ARM FLAB &amp; REDUCE ARM FAT   Tone Up Loose Skin &amp; Slim Arms Instantly  Right Amount Of Compression For Post-Op Recovery  Ingredients: Nylon\u00a095% (inclusive) -100% (exclusive)","og_url":"https:\/\/okseamless.com\/pt\/produto\/body-shaper-adjustable-support-chest-hunchback-posture-corrector-long-sleeve-shaper-body-shaper\/","og_site_name":"Custom Seamless Shapewear and Yoga Wear Manufacturer in China","article_publisher":"https:\/\/www.facebook.com\/share\/1TH24JnBgY\/?mibextid=wwXIfr","article_modified_time":"2025-04-12T06:30:09+00:00","og_image":[{"width":1000,"height":1000,"url":"https:\/\/okseamless.com\/wp-content\/uploads\/2025\/04\/O1CN01CiAw6k28oRBr867v9_2218375007979-0-cib-1.jpg_-1.jpg","type":"image\/jpeg"}],"twitter_card":"summary_large_image","twitter_misc":{"Tempo estimado de leitura":"1 minuto"},"schema":{"@context":"https:\/\/schema.org","@graph":[{"@type":"WebPage","@id":"https:\/\/okseamless.com\/ko\/product\/body-shaper-adjustable-support-chest-hunchback-posture-corrector-long-sleeve-shaper-body-shaper\/","url":"https:\/\/okseamless.com\/ko\/product\/body-shaper-adjustable-support-chest-hunchback-posture-corrector-long-sleeve-shaper-body-shaper\/","name":"Body Shaper Adjustable Support Chest Hunchback Posture Corrector Long Sleeve Shaper Body Shaper - Custom Seamless Shapewear and Yoga Wear Manufacturer in China","isPartOf":{"@id":"https:\/\/www.okseamless.com\/pt\/#website"},"primaryImageOfPage":{"@id":"https:\/\/okseamless.com\/ko\/product\/body-shaper-adjustable-support-chest-hunchback-posture-corrector-long-sleeve-shaper-body-shaper\/#primaryimage"},"image":{"@id":"https:\/\/okseamless.com\/ko\/product\/body-shaper-adjustable-support-chest-hunchback-posture-corrector-long-sleeve-shaper-body-shaper\/#primaryimage"},"thumbnailUrl":"https:\/\/okseamless.com\/wp-content\/uploads\/2025\/04\/O1CN01CiAw6k28oRBr867v9_2218375007979-0-cib-1.jpg_-1.jpg","datePublished":"2025-04-08T02:11:44+00:00","dateModified":"2025-04-12T06:30:09+00:00","breadcrumb":{"@id":"https:\/\/okseamless.com\/ko\/product\/body-shaper-adjustable-support-chest-hunchback-posture-corrector-long-sleeve-shaper-body-shaper\/#breadcrumb"},"inLanguage":"pt-PT","potentialAction":[{"@type":"ReadAction","target":["https:\/\/okseamless.com\/ko\/product\/body-shaper-adjustable-support-chest-hunchback-posture-corrector-long-sleeve-shaper-body-shaper\/"]}]},{"@type":"ImageObject","inLanguage":"pt-PT","@id":"https:\/\/okseamless.com\/ko\/product\/body-shaper-adjustable-support-chest-hunchback-posture-corrector-long-sleeve-shaper-body-shaper\/#primaryimage","url":"https:\/\/okseamless.com\/wp-content\/uploads\/2025\/04\/O1CN01CiAw6k28oRBr867v9_2218375007979-0-cib-1.jpg_-1.jpg","contentUrl":"https:\/\/okseamless.com\/wp-content\/uploads\/2025\/04\/O1CN01CiAw6k28oRBr867v9_2218375007979-0-cib-1.jpg_-1.jpg","width":1000,"height":1000},{"@type":"BreadcrumbList","@id":"https:\/\/okseamless.com\/ko\/product\/body-shaper-adjustable-support-chest-hunchback-posture-corrector-long-sleeve-shaper-body-shaper\/#breadcrumb","itemListElement":[{"@type":"ListItem","position":1,"name":"\u9996\u9875","item":"https:\/\/okseamless.com\/"},{"@type":"ListItem","position":2,"name":"Produtos","item":"https:\/\/www.okseamless.com\/pt\/shop\/"},{"@type":"ListItem","position":3,"name":"Body Shaper Adjustable Support Chest Hunchback Posture Corrector Long Sleeve Shaper Body Shaper"}]},{"@type":"WebSite","@id":"https:\/\/www.okseamless.com\/pt\/#website","url":"https:\/\/www.okseamless.com\/pt\/","name":"Custom Seamless Shapewear and Yoga Wear Manufacturer in China","description":"","publisher":{"@id":"https:\/\/www.okseamless.com\/pt\/#organization"},"potentialAction":[{"@type":"SearchAction","target":{"@type":"EntryPoint","urlTemplate":"https:\/\/www.okseamless.com\/pt\/?s={search_term_string}"},"query-input":{"@type":"PropertyValueSpecification","valueRequired":true,"valueName":"search_term_string"}}],"inLanguage":"pt-PT"},{"@type":"Organization","@id":"https:\/\/www.okseamless.com\/pt\/#organization","name":"Custom Seamless Shapewear and Yoga Wear Manufacturer in China","url":"https:\/\/www.okseamless.com\/pt\/","logo":{"@type":"ImageObject","inLanguage":"pt-PT","@id":"https:\/\/www.okseamless.com\/pt\/#\/schema\/logo\/image\/","url":"https:\/\/okseamless.com\/wp-content\/uploads\/2025\/03\/LOGO.png","contentUrl":"https:\/\/okseamless.com\/wp-content\/uploads\/2025\/03\/LOGO.png","width":685,"height":218,"caption":"Custom Seamless Shapewear and Yoga Wear Manufacturer in China"},"image":{"@id":"https:\/\/www.okseamless.com\/pt\/#\/schema\/logo\/image\/"},"sameAs":["https:\/\/www.facebook.com\/share\/1TH24JnBgY\/?mibextid=wwXIfr"]}]}},"_links":{"self":[{"href":"https:\/\/okseamless.com\/pt\/wp-json\/wp\/v2\/product\/1466","targetHints":{"allow":["GET"]}}],"collection":[{"href":"https:\/\/okseamless.com\/pt\/wp-json\/wp\/v2\/product"}],"about":[{"href":"https:\/\/okseamless.com\/pt\/wp-json\/wp\/v2\/types\/product"}],"wp:featuredmedia":[{"embeddable":true,"href":"https:\/\/okseamless.com\/pt\/wp-json\/wp\/v2\/media\/3117"}],"wp:attachment":[{"href":"https:\/\/okseamless.com\/pt\/wp-json\/wp\/v2\/media?parent=1466"}],"wp:term":[{"taxonomy":"product_brand","embeddable":true,"href":"https:\/\/okseamless.com\/pt\/wp-json\/wp\/v2\/product_brand?post=1466"},{"taxonomy":"product_cat","embeddable":true,"href":"https:\/\/okseamless.com\/pt\/wp-json\/wp\/v2\/product_cat?post=1466"},{"taxonomy":"product_tag","embeddable":true,"href":"https:\/\/okseamless.com\/pt\/wp-json\/wp\/v2\/product_tag?post=1466"}],"curies":[{"name":"wp","href":"https:\/\/api.w.org\/{rel}","templated":true}]}}