{"id":611,"date":"2025-03-17T01:53:03","date_gmt":"2025-03-17T01:53:03","guid":{"rendered":"https:\/\/okseamless.com\/?page_id=611"},"modified":"2025-03-28T11:16:53","modified_gmt":"2025-03-28T11:16:53","slug":"oem","status":"publish","type":"page","link":"https:\/\/okseamless.com\/pt\/oem\/","title":{"rendered":"OEM"},"content":{"rendered":"<div data-elementor-type=\"wp-page\" data-elementor-id=\"611\" class=\"elementor elementor-611\" data-elementor-post-type=\"page\">\n\t\t\t\t<div class=\"elementor-element elementor-element-e0abfd1 e-flex e-con-boxed e-con e-parent\" data-id=\"e0abfd1\" data-element_type=\"container\" data-e-type=\"container\">\n\t\t\t\t\t<div class=\"e-con-inner\">\n\t\t<div class=\"elementor-element elementor-element-1a5b841 e-con-full e-flex e-con e-child\" data-id=\"1a5b841\" data-element_type=\"container\" data-e-type=\"container\">\n\t\t\t\t<div class=\"elementor-element elementor-element-02e573b elementor-widget elementor-widget-image\" data-id=\"02e573b\" data-element_type=\"widget\" data-e-type=\"widget\" data-widget_type=\"image.default\">\n\t\t\t\t<div class=\"elementor-widget-container\">\n\t\t\t\t\t\t\t\t\t\t\t\t\t\t\t<img fetchpriority=\"high\" decoding=\"async\" width=\"750\" height=\"1158\" src=\"https:\/\/okseamless.com\/wp-content\/uploads\/2025\/03\/WechatIMG485.jpg\" class=\"attachment-full size-full wp-image-1166\" alt=\"\" srcset=\"https:\/\/okseamless.com\/wp-content\/uploads\/2025\/03\/WechatIMG485.jpg 750w, https:\/\/okseamless.com\/wp-content\/uploads\/2025\/03\/WechatIMG485-600x926.jpg 600w, https:\/\/okseamless.com\/wp-content\/uploads\/2025\/03\/WechatIMG485-194x300.jpg 194w, https:\/\/okseamless.com\/wp-content\/uploads\/2025\/03\/WechatIMG485-663x1024.jpg 663w, https:\/\/okseamless.com\/wp-content\/uploads\/2025\/03\/WechatIMG485-8x12.jpg 8w\" sizes=\"(max-width: 750px) 100vw, 750px\" \/>\t\t\t\t\t\t\t\t\t\t\t\t\t\t\t<\/div>\n\t\t\t\t<\/div>\n\t\t\t\t<div class=\"elementor-element elementor-element-d5eabe3 elementor-widget elementor-widget-image\" data-id=\"d5eabe3\" data-element_type=\"widget\" data-e-type=\"widget\" data-widget_type=\"image.default\">\n\t\t\t\t<div class=\"elementor-widget-container\">\n\t\t\t\t\t\t\t\t\t\t\t\t\t\t\t<img decoding=\"async\" width=\"750\" height=\"1108\" src=\"https:\/\/okseamless.com\/wp-content\/uploads\/2025\/03\/0328101921.jpg\" class=\"attachment-full size-full wp-image-1181\" alt=\"\" srcset=\"https:\/\/okseamless.com\/wp-content\/uploads\/2025\/03\/0328101921.jpg 750w, https:\/\/okseamless.com\/wp-content\/uploads\/2025\/03\/0328101921-600x886.jpg 600w, https:\/\/okseamless.com\/wp-content\/uploads\/2025\/03\/0328101921-203x300.jpg 203w, https:\/\/okseamless.com\/wp-content\/uploads\/2025\/03\/0328101921-693x1024.jpg 693w, https:\/\/okseamless.com\/wp-content\/uploads\/2025\/03\/0328101921-8x12.jpg 8w\" sizes=\"(max-width: 750px) 100vw, 750px\" \/>\t\t\t\t\t\t\t\t\t\t\t\t\t\t\t<\/div>\n\t\t\t\t<\/div>\n\t\t\t\t<div class=\"elementor-element elementor-element-6437a9e elementor-widget elementor-widget-image\" data-id=\"6437a9e\" data-element_type=\"widget\" data-e-type=\"widget\" data-widget_type=\"image.default\">\n\t\t\t\t<div class=\"elementor-widget-container\">\n\t\t\t\t\t\t\t\t\t\t\t\t\t\t\t<img decoding=\"async\" width=\"750\" height=\"1646\" src=\"https:\/\/okseamless.com\/wp-content\/uploads\/2025\/03\/WechatIMG483.jpg\" class=\"attachment-full size-full wp-image-1167\" alt=\"\" srcset=\"https:\/\/okseamless.com\/wp-content\/uploads\/2025\/03\/WechatIMG483.jpg 750w, https:\/\/okseamless.com\/wp-content\/uploads\/2025\/03\/WechatIMG483-600x1317.jpg 600w, https:\/\/okseamless.com\/wp-content\/uploads\/2025\/03\/WechatIMG483-137x300.jpg 137w, https:\/\/okseamless.com\/wp-content\/uploads\/2025\/03\/WechatIMG483-467x1024.jpg 467w, https:\/\/okseamless.com\/wp-content\/uploads\/2025\/03\/WechatIMG483-700x1536.jpg 700w, https:\/\/okseamless.com\/wp-content\/uploads\/2025\/03\/WechatIMG483-5x12.jpg 5w\" sizes=\"(max-width: 750px) 100vw, 750px\" \/>\t\t\t\t\t\t\t\t\t\t\t\t\t\t\t<\/div>\n\t\t\t\t<\/div>\n\t\t\t\t<\/div>\n\t\t\t\t\t<\/div>\n\t\t\t\t<\/div>\n\t\t<div class=\"elementor-element elementor-element-ad15445 e-flex e-con-boxed e-con e-parent\" data-id=\"ad15445\" data-element_type=\"container\" data-e-type=\"container\">\n\t\t\t\t\t<div class=\"e-con-inner\">\n\t\t\t\t<div class=\"elementor-element elementor-element-cf79280 elementor-widget elementor-widget-text-editor\" data-id=\"cf79280\" data-element_type=\"widget\" data-e-type=\"widget\" data-widget_type=\"text-editor.default\">\n\t\t\t\t<div class=\"elementor-widget-container\">\n\t\t\t\t\t\t\t\t\t<p>Yiwu Ruiyou Clothing Co., Ltd. \u00e9 uma f\u00e1brica que pode apoiar ODM e OEM.<br \/>Servi\u00e7o ODM : <br \/>Fornecemos sempre o servi\u00e7o ODM quando os clientes nos pedem para produzir com o seu pr\u00f3prio design, como mudar as cores, o tamanho, os estilos ou novos designs, temos o nosso pr\u00f3prio designer e f\u00e1brica, por isso podemos produzir.<\/p><p>1. impress\u00e3o do log\u00f3tipo personalizado no shapewear, como no exterior, ou impress\u00e3o interior.<br \/>Etiquetas de papel com o log\u00f3tipo do cliente, o MOQ \u00e9 de 1000 unidades que podem ser utilizadas em v\u00e1rias encomendas<\/p><p>2. etiqueta de lavagem com a marca dos clientes, MOQ \u00e9 1000 pcs que pode ser usado em v\u00e1rias ordens para o servi\u00e7o OEM, podemos imprimir o logotipo com v\u00e1rias maneiras de construir a marca dos clientes. O seguinte que pode mostrar a marca dos clientes.<\/p><p>3. etiqueta tecida bordada com o log\u00f3tipo do cliente, MOQ \u00e9 1000 pcs que pode ser usado em v\u00e1rias ordens.<\/p>\t\t\t\t\t\t\t\t<\/div>\n\t\t\t\t<\/div>\n\t\t\t\t\t<\/div>\n\t\t\t\t<\/div>\n\t\t\t\t<\/div>","protected":false},"excerpt":{"rendered":"<p>Yiwu Ruiyou Clothing Co., Ltd. is a factory that can support ODM and OEM.ODM Service : We always provide the ODM service when customers request us to produce with their own design, as change the colors, the size, the styles or new designs, we have our own designer and factory, so we can produce. 1.Custom [&hellip;]<\/p>","protected":false},"author":1,"featured_media":0,"parent":0,"menu_order":0,"comment_status":"closed","ping_status":"closed","template":"elementor_header_footer","meta":{"footnotes":""},"class_list":["post-611","page","type-page","status-publish","hentry"],"blocksy_meta":[],"yoast_head":"<!-- This site is optimized with the Yoast SEO plugin v27.4 - https:\/\/yoast.com\/product\/yoast-seo-wordpress\/ -->\n<title>OEM - Custom Seamless Shapewear and Yoga Wear Manufacturer in China<\/title>\n<meta name=\"robots\" content=\"index, follow, max-snippet:-1, max-image-preview:large, max-video-preview:-1\" \/>\n<link rel=\"canonical\" href=\"https:\/\/okseamless.com\/pt\/oem\/\" \/>\n<meta property=\"og:locale\" content=\"pt_PT\" \/>\n<meta property=\"og:type\" content=\"article\" \/>\n<meta property=\"og:title\" content=\"OEM - Custom Seamless Shapewear and Yoga Wear Manufacturer in China\" \/>\n<meta property=\"og:description\" content=\"Yiwu Ruiyou Clothing Co., Ltd. is a factory that can support ODM and OEM.ODM Service : We always provide the ODM service when customers request us to produce with their own design, as change the colors, the size, the styles or new designs, we have our own designer and factory, so we can produce. 1.Custom [&hellip;]\" \/>\n<meta property=\"og:url\" content=\"https:\/\/okseamless.com\/pt\/oem\/\" \/>\n<meta property=\"og:site_name\" content=\"Custom Seamless Shapewear and Yoga Wear Manufacturer in China\" \/>\n<meta property=\"article:publisher\" content=\"https:\/\/www.facebook.com\/share\/1TH24JnBgY\/?mibextid=wwXIfr\" \/>\n<meta property=\"article:modified_time\" content=\"2025-03-28T11:16:53+00:00\" \/>\n<meta property=\"og:image\" content=\"https:\/\/okseamless.com\/wp-content\/uploads\/2025\/03\/WechatIMG485.jpg\" \/>\n<meta name=\"twitter:card\" content=\"summary_large_image\" \/>\n<meta name=\"twitter:label1\" content=\"Tempo estimado de leitura\" \/>\n\t<meta name=\"twitter:data1\" content=\"2 minutos\" \/>\n<script type=\"application\/ld+json\" class=\"yoast-schema-graph\">{\"@context\":\"https:\\\/\\\/schema.org\",\"@graph\":[{\"@type\":\"WebPage\",\"@id\":\"https:\\\/\\\/okseamless.com\\\/ja\\\/oem\\\/\",\"url\":\"https:\\\/\\\/okseamless.com\\\/ja\\\/oem\\\/\",\"name\":\"OEM - Custom Seamless Shapewear and Yoga Wear Manufacturer in China\",\"isPartOf\":{\"@id\":\"https:\\\/\\\/www.okseamless.com\\\/pt\\\/#website\"},\"primaryImageOfPage\":{\"@id\":\"https:\\\/\\\/okseamless.com\\\/ja\\\/oem\\\/#primaryimage\"},\"image\":{\"@id\":\"https:\\\/\\\/okseamless.com\\\/ja\\\/oem\\\/#primaryimage\"},\"thumbnailUrl\":\"https:\\\/\\\/okseamless.com\\\/wp-content\\\/uploads\\\/2025\\\/03\\\/WechatIMG485.jpg\",\"datePublished\":\"2025-03-17T01:53:03+00:00\",\"dateModified\":\"2025-03-28T11:16:53+00:00\",\"breadcrumb\":{\"@id\":\"https:\\\/\\\/okseamless.com\\\/ja\\\/oem\\\/#breadcrumb\"},\"inLanguage\":\"pt-PT\",\"potentialAction\":[{\"@type\":\"ReadAction\",\"target\":[\"https:\\\/\\\/okseamless.com\\\/ja\\\/oem\\\/\"]}]},{\"@type\":\"ImageObject\",\"inLanguage\":\"pt-PT\",\"@id\":\"https:\\\/\\\/okseamless.com\\\/ja\\\/oem\\\/#primaryimage\",\"url\":\"https:\\\/\\\/okseamless.com\\\/wp-content\\\/uploads\\\/2025\\\/03\\\/WechatIMG485.jpg\",\"contentUrl\":\"https:\\\/\\\/okseamless.com\\\/wp-content\\\/uploads\\\/2025\\\/03\\\/WechatIMG485.jpg\"},{\"@type\":\"BreadcrumbList\",\"@id\":\"https:\\\/\\\/okseamless.com\\\/ja\\\/oem\\\/#breadcrumb\",\"itemListElement\":[{\"@type\":\"ListItem\",\"position\":1,\"name\":\"\u9996\u9875\",\"item\":\"https:\\\/\\\/okseamless.com\\\/\"},{\"@type\":\"ListItem\",\"position\":2,\"name\":\"OEM\"}]},{\"@type\":\"WebSite\",\"@id\":\"https:\\\/\\\/www.okseamless.com\\\/pt\\\/#website\",\"url\":\"https:\\\/\\\/www.okseamless.com\\\/pt\\\/\",\"name\":\"Custom Seamless Shapewear and Yoga Wear Manufacturer in China\",\"description\":\"\",\"publisher\":{\"@id\":\"https:\\\/\\\/www.okseamless.com\\\/pt\\\/#organization\"},\"potentialAction\":[{\"@type\":\"SearchAction\",\"target\":{\"@type\":\"EntryPoint\",\"urlTemplate\":\"https:\\\/\\\/www.okseamless.com\\\/pt\\\/?s={search_term_string}\"},\"query-input\":{\"@type\":\"PropertyValueSpecification\",\"valueRequired\":true,\"valueName\":\"search_term_string\"}}],\"inLanguage\":\"pt-PT\"},{\"@type\":\"Organization\",\"@id\":\"https:\\\/\\\/www.okseamless.com\\\/pt\\\/#organization\",\"name\":\"Custom Seamless Shapewear and Yoga Wear Manufacturer in China\",\"url\":\"https:\\\/\\\/www.okseamless.com\\\/pt\\\/\",\"logo\":{\"@type\":\"ImageObject\",\"inLanguage\":\"pt-PT\",\"@id\":\"https:\\\/\\\/www.okseamless.com\\\/pt\\\/#\\\/schema\\\/logo\\\/image\\\/\",\"url\":\"https:\\\/\\\/okseamless.com\\\/wp-content\\\/uploads\\\/2025\\\/03\\\/LOGO.png\",\"contentUrl\":\"https:\\\/\\\/okseamless.com\\\/wp-content\\\/uploads\\\/2025\\\/03\\\/LOGO.png\",\"width\":685,\"height\":218,\"caption\":\"Custom Seamless Shapewear and Yoga Wear Manufacturer in China\"},\"image\":{\"@id\":\"https:\\\/\\\/www.okseamless.com\\\/pt\\\/#\\\/schema\\\/logo\\\/image\\\/\"},\"sameAs\":[\"https:\\\/\\\/www.facebook.com\\\/share\\\/1TH24JnBgY\\\/?mibextid=wwXIfr\"]}]}<\/script>\n<!-- \/ Yoast SEO plugin. -->","yoast_head_json":{"title":"OEM - Custom Seamless Shapewear and Yoga Wear Manufacturer in China","robots":{"index":"index","follow":"follow","max-snippet":"max-snippet:-1","max-image-preview":"max-image-preview:large","max-video-preview":"max-video-preview:-1"},"canonical":"https:\/\/okseamless.com\/pt\/oem\/","og_locale":"pt_PT","og_type":"article","og_title":"OEM - Custom Seamless Shapewear and Yoga Wear Manufacturer in China","og_description":"Yiwu Ruiyou Clothing Co., Ltd. is a factory that can support ODM and OEM.ODM Service : We always provide the ODM service when customers request us to produce with their own design, as change the colors, the size, the styles or new designs, we have our own designer and factory, so we can produce. 1.Custom [&hellip;]","og_url":"https:\/\/okseamless.com\/pt\/oem\/","og_site_name":"Custom Seamless Shapewear and Yoga Wear Manufacturer in China","article_publisher":"https:\/\/www.facebook.com\/share\/1TH24JnBgY\/?mibextid=wwXIfr","article_modified_time":"2025-03-28T11:16:53+00:00","og_image":[{"url":"https:\/\/okseamless.com\/wp-content\/uploads\/2025\/03\/WechatIMG485.jpg","type":"","width":"","height":""}],"twitter_card":"summary_large_image","twitter_misc":{"Tempo estimado de leitura":"2 minutos"},"schema":{"@context":"https:\/\/schema.org","@graph":[{"@type":"WebPage","@id":"https:\/\/okseamless.com\/ja\/oem\/","url":"https:\/\/okseamless.com\/ja\/oem\/","name":"OEM - Custom Seamless Shapewear and Yoga Wear Manufacturer in China","isPartOf":{"@id":"https:\/\/www.okseamless.com\/pt\/#website"},"primaryImageOfPage":{"@id":"https:\/\/okseamless.com\/ja\/oem\/#primaryimage"},"image":{"@id":"https:\/\/okseamless.com\/ja\/oem\/#primaryimage"},"thumbnailUrl":"https:\/\/okseamless.com\/wp-content\/uploads\/2025\/03\/WechatIMG485.jpg","datePublished":"2025-03-17T01:53:03+00:00","dateModified":"2025-03-28T11:16:53+00:00","breadcrumb":{"@id":"https:\/\/okseamless.com\/ja\/oem\/#breadcrumb"},"inLanguage":"pt-PT","potentialAction":[{"@type":"ReadAction","target":["https:\/\/okseamless.com\/ja\/oem\/"]}]},{"@type":"ImageObject","inLanguage":"pt-PT","@id":"https:\/\/okseamless.com\/ja\/oem\/#primaryimage","url":"https:\/\/okseamless.com\/wp-content\/uploads\/2025\/03\/WechatIMG485.jpg","contentUrl":"https:\/\/okseamless.com\/wp-content\/uploads\/2025\/03\/WechatIMG485.jpg"},{"@type":"BreadcrumbList","@id":"https:\/\/okseamless.com\/ja\/oem\/#breadcrumb","itemListElement":[{"@type":"ListItem","position":1,"name":"\u9996\u9875","item":"https:\/\/okseamless.com\/"},{"@type":"ListItem","position":2,"name":"OEM"}]},{"@type":"WebSite","@id":"https:\/\/www.okseamless.com\/pt\/#website","url":"https:\/\/www.okseamless.com\/pt\/","name":"Custom Seamless Shapewear and Yoga Wear Manufacturer in China","description":"","publisher":{"@id":"https:\/\/www.okseamless.com\/pt\/#organization"},"potentialAction":[{"@type":"SearchAction","target":{"@type":"EntryPoint","urlTemplate":"https:\/\/www.okseamless.com\/pt\/?s={search_term_string}"},"query-input":{"@type":"PropertyValueSpecification","valueRequired":true,"valueName":"search_term_string"}}],"inLanguage":"pt-PT"},{"@type":"Organization","@id":"https:\/\/www.okseamless.com\/pt\/#organization","name":"Custom Seamless Shapewear and Yoga Wear Manufacturer in China","url":"https:\/\/www.okseamless.com\/pt\/","logo":{"@type":"ImageObject","inLanguage":"pt-PT","@id":"https:\/\/www.okseamless.com\/pt\/#\/schema\/logo\/image\/","url":"https:\/\/okseamless.com\/wp-content\/uploads\/2025\/03\/LOGO.png","contentUrl":"https:\/\/okseamless.com\/wp-content\/uploads\/2025\/03\/LOGO.png","width":685,"height":218,"caption":"Custom Seamless Shapewear and Yoga Wear Manufacturer in China"},"image":{"@id":"https:\/\/www.okseamless.com\/pt\/#\/schema\/logo\/image\/"},"sameAs":["https:\/\/www.facebook.com\/share\/1TH24JnBgY\/?mibextid=wwXIfr"]}]}},"_links":{"self":[{"href":"https:\/\/okseamless.com\/pt\/wp-json\/wp\/v2\/pages\/611","targetHints":{"allow":["GET"]}}],"collection":[{"href":"https:\/\/okseamless.com\/pt\/wp-json\/wp\/v2\/pages"}],"about":[{"href":"https:\/\/okseamless.com\/pt\/wp-json\/wp\/v2\/types\/page"}],"author":[{"embeddable":true,"href":"https:\/\/okseamless.com\/pt\/wp-json\/wp\/v2\/users\/1"}],"replies":[{"embeddable":true,"href":"https:\/\/okseamless.com\/pt\/wp-json\/wp\/v2\/comments?post=611"}],"version-history":[{"count":28,"href":"https:\/\/okseamless.com\/pt\/wp-json\/wp\/v2\/pages\/611\/revisions"}],"predecessor-version":[{"id":1185,"href":"https:\/\/okseamless.com\/pt\/wp-json\/wp\/v2\/pages\/611\/revisions\/1185"}],"wp:attachment":[{"href":"https:\/\/okseamless.com\/pt\/wp-json\/wp\/v2\/media?parent=611"}],"curies":[{"name":"wp","href":"https:\/\/api.w.org\/{rel}","templated":true}]}}