{"id":6215,"date":"2025-04-25T07:14:14","date_gmt":"2025-04-25T07:14:14","guid":{"rendered":"https:\/\/okseamless.com\/?post_type=product&#038;p=6215"},"modified":"2025-04-25T07:14:14","modified_gmt":"2025-04-25T07:14:14","slug":"mens-shapewear-abdominal-waist-beautiful-body-without-traces-of-underwear-corset-corset-one-piece-suit-corset-shaping-slimming-clothes","status":"publish","type":"product","link":"https:\/\/okseamless.com\/fr\/produit\/mens-shapewear-abdominal-waist-beautiful-body-without-traces-of-underwear-corset-corset-one-piece-suit-corset-shaping-slimming-clothes\/","title":{"rendered":"V\u00eatements de forme pour hommes taille abdominale beau corps sans traces de sous-v\u00eatements corset corset combinaison une pi\u00e8ce corset modelant v\u00eatements amincissants"},"content":{"rendered":"","protected":false},"excerpt":{"rendered":"<p>Model NO: TP033<\/p>\n<p><strong><b>Fonctionnalit\u00e9<\/b><\/strong><\/p>\n<ul>\n<li>S\u00e9chage rapide, thermique, antibact\u00e9rien, respirant, antistatique<\/li>\n<li>M\u00e9thode de tricotage : tricotage<\/li>\n<li>Service : Service ODM OEM<\/li>\n<li>Logo : impression de logo personnalis\u00e9<\/li>\n<li>Couleur : couleur personnalis\u00e9e<\/li>\n<li>Taille : taille personnalis\u00e9e<\/li>\n<li>\u00c9chantillons : \u00e9chantillons disponibles<\/li>\n<\/ul>\n<p><strong><b>Mat\u00e9riau :<\/b><\/strong>\u00a0Polyester\/Nylon<\/p>","protected":false},"featured_media":6218,"template":"","meta":[],"product_brand":[],"product_cat":[46],"product_tag":[],"class_list":{"0":"post-6215","1":"product","2":"type-product","3":"status-publish","4":"has-post-thumbnail","6":"product_cat-mens-active-bodysuits","8":"first","9":"instock","10":"shipping-taxable","11":"product-type-simple"},"yoast_head":"<!-- This site is optimized with the Yoast SEO plugin v27.4 - https:\/\/yoast.com\/product\/yoast-seo-wordpress\/ -->\n<title>Men&#039;s shapewear abdominal waist beautiful body without traces of underwear corset corset one-piece suit corset shaping slimming clothes - Custom Seamless Shapewear and Yoga Wear Manufacturer in China<\/title>\n<meta name=\"robots\" content=\"index, follow, max-snippet:-1, max-image-preview:large, max-video-preview:-1\" \/>\n<link rel=\"canonical\" href=\"https:\/\/okseamless.com\/fr\/produit\/mens-shapewear-abdominal-waist-beautiful-body-without-traces-of-underwear-corset-corset-one-piece-suit-corset-shaping-slimming-clothes\/\" \/>\n<meta property=\"og:locale\" content=\"fr_FR\" \/>\n<meta property=\"og:type\" content=\"article\" \/>\n<meta property=\"og:title\" content=\"Men&#039;s shapewear abdominal waist beautiful body without traces of underwear corset corset one-piece suit corset shaping slimming clothes - Custom Seamless Shapewear and Yoga Wear Manufacturer in China\" \/>\n<meta property=\"og:description\" content=\"Model NO: TP033  Feature   Quick Dry, Thermal, Anti-Bacterial, Breathable, Anti-static  Knitting method: knitting  Service: ODM OEM service  Logo: custom logo printing  Color: custom color  Size: custom size  Samples: samples available  Material:\u00a0Polyester\/Nylon\" \/>\n<meta property=\"og:url\" content=\"https:\/\/okseamless.com\/fr\/produit\/mens-shapewear-abdominal-waist-beautiful-body-without-traces-of-underwear-corset-corset-one-piece-suit-corset-shaping-slimming-clothes\/\" \/>\n<meta property=\"og:site_name\" content=\"Custom Seamless Shapewear and Yoga Wear Manufacturer in China\" \/>\n<meta property=\"article:publisher\" content=\"https:\/\/www.facebook.com\/share\/1TH24JnBgY\/?mibextid=wwXIfr\" \/>\n<meta property=\"og:image\" content=\"https:\/\/okseamless.com\/wp-content\/uploads\/2025\/04\/O1CN01jdbqn020Pgtk9tNBR_2208181806842.jpg\" \/>\n\t<meta property=\"og:image:width\" content=\"800\" \/>\n\t<meta property=\"og:image:height\" content=\"800\" \/>\n\t<meta property=\"og:image:type\" content=\"image\/jpeg\" \/>\n<meta name=\"twitter:card\" content=\"summary_large_image\" \/>\n<meta name=\"twitter:label1\" content=\"Dur\u00e9e de lecture estim\u00e9e\" \/>\n\t<meta name=\"twitter:data1\" content=\"1 minute\" \/>\n<script type=\"application\/ld+json\" class=\"yoast-schema-graph\">{\"@context\":\"https:\\\/\\\/schema.org\",\"@graph\":[{\"@type\":\"WebPage\",\"@id\":\"https:\\\/\\\/okseamless.com\\\/product\\\/mens-shapewear-abdominal-waist-beautiful-body-without-traces-of-underwear-corset-corset-one-piece-suit-corset-shaping-slimming-clothes\\\/\",\"url\":\"https:\\\/\\\/okseamless.com\\\/product\\\/mens-shapewear-abdominal-waist-beautiful-body-without-traces-of-underwear-corset-corset-one-piece-suit-corset-shaping-slimming-clothes\\\/\",\"name\":\"Men's shapewear abdominal waist beautiful body without traces of underwear corset corset one-piece suit corset shaping slimming clothes - Custom Seamless Shapewear and Yoga Wear Manufacturer in China\",\"isPartOf\":{\"@id\":\"https:\\\/\\\/www.okseamless.com\\\/pt\\\/#website\"},\"primaryImageOfPage\":{\"@id\":\"https:\\\/\\\/okseamless.com\\\/product\\\/mens-shapewear-abdominal-waist-beautiful-body-without-traces-of-underwear-corset-corset-one-piece-suit-corset-shaping-slimming-clothes\\\/#primaryimage\"},\"image\":{\"@id\":\"https:\\\/\\\/okseamless.com\\\/product\\\/mens-shapewear-abdominal-waist-beautiful-body-without-traces-of-underwear-corset-corset-one-piece-suit-corset-shaping-slimming-clothes\\\/#primaryimage\"},\"thumbnailUrl\":\"https:\\\/\\\/okseamless.com\\\/wp-content\\\/uploads\\\/2025\\\/04\\\/O1CN01jdbqn020Pgtk9tNBR_2208181806842.jpg\",\"datePublished\":\"2025-04-25T07:14:14+00:00\",\"breadcrumb\":{\"@id\":\"https:\\\/\\\/okseamless.com\\\/product\\\/mens-shapewear-abdominal-waist-beautiful-body-without-traces-of-underwear-corset-corset-one-piece-suit-corset-shaping-slimming-clothes\\\/#breadcrumb\"},\"inLanguage\":\"fr-FR\",\"potentialAction\":[{\"@type\":\"ReadAction\",\"target\":[\"https:\\\/\\\/okseamless.com\\\/product\\\/mens-shapewear-abdominal-waist-beautiful-body-without-traces-of-underwear-corset-corset-one-piece-suit-corset-shaping-slimming-clothes\\\/\"]}]},{\"@type\":\"ImageObject\",\"inLanguage\":\"fr-FR\",\"@id\":\"https:\\\/\\\/okseamless.com\\\/product\\\/mens-shapewear-abdominal-waist-beautiful-body-without-traces-of-underwear-corset-corset-one-piece-suit-corset-shaping-slimming-clothes\\\/#primaryimage\",\"url\":\"https:\\\/\\\/okseamless.com\\\/wp-content\\\/uploads\\\/2025\\\/04\\\/O1CN01jdbqn020Pgtk9tNBR_2208181806842.jpg\",\"contentUrl\":\"https:\\\/\\\/okseamless.com\\\/wp-content\\\/uploads\\\/2025\\\/04\\\/O1CN01jdbqn020Pgtk9tNBR_2208181806842.jpg\",\"width\":800,\"height\":800},{\"@type\":\"BreadcrumbList\",\"@id\":\"https:\\\/\\\/okseamless.com\\\/product\\\/mens-shapewear-abdominal-waist-beautiful-body-without-traces-of-underwear-corset-corset-one-piece-suit-corset-shaping-slimming-clothes\\\/#breadcrumb\",\"itemListElement\":[{\"@type\":\"ListItem\",\"position\":1,\"name\":\"\u9996\u9875\",\"item\":\"https:\\\/\\\/okseamless.com\\\/\"},{\"@type\":\"ListItem\",\"position\":2,\"name\":\"Produtos\",\"item\":\"https:\\\/\\\/www.okseamless.com\\\/pt\\\/shop\\\/\"},{\"@type\":\"ListItem\",\"position\":3,\"name\":\"Men&#8217;s shapewear abdominal waist beautiful body without traces of underwear corset corset one-piece suit corset shaping slimming clothes\"}]},{\"@type\":\"WebSite\",\"@id\":\"https:\\\/\\\/www.okseamless.com\\\/pt\\\/#website\",\"url\":\"https:\\\/\\\/www.okseamless.com\\\/pt\\\/\",\"name\":\"Custom Seamless Shapewear and Yoga Wear Manufacturer in China\",\"description\":\"\",\"publisher\":{\"@id\":\"https:\\\/\\\/www.okseamless.com\\\/pt\\\/#organization\"},\"potentialAction\":[{\"@type\":\"SearchAction\",\"target\":{\"@type\":\"EntryPoint\",\"urlTemplate\":\"https:\\\/\\\/www.okseamless.com\\\/pt\\\/?s={search_term_string}\"},\"query-input\":{\"@type\":\"PropertyValueSpecification\",\"valueRequired\":true,\"valueName\":\"search_term_string\"}}],\"inLanguage\":\"fr-FR\"},{\"@type\":\"Organization\",\"@id\":\"https:\\\/\\\/www.okseamless.com\\\/pt\\\/#organization\",\"name\":\"Custom Seamless Shapewear and Yoga Wear Manufacturer in China\",\"url\":\"https:\\\/\\\/www.okseamless.com\\\/pt\\\/\",\"logo\":{\"@type\":\"ImageObject\",\"inLanguage\":\"fr-FR\",\"@id\":\"https:\\\/\\\/www.okseamless.com\\\/pt\\\/#\\\/schema\\\/logo\\\/image\\\/\",\"url\":\"https:\\\/\\\/okseamless.com\\\/wp-content\\\/uploads\\\/2025\\\/03\\\/LOGO.png\",\"contentUrl\":\"https:\\\/\\\/okseamless.com\\\/wp-content\\\/uploads\\\/2025\\\/03\\\/LOGO.png\",\"width\":685,\"height\":218,\"caption\":\"Custom Seamless Shapewear and Yoga Wear Manufacturer in China\"},\"image\":{\"@id\":\"https:\\\/\\\/www.okseamless.com\\\/pt\\\/#\\\/schema\\\/logo\\\/image\\\/\"},\"sameAs\":[\"https:\\\/\\\/www.facebook.com\\\/share\\\/1TH24JnBgY\\\/?mibextid=wwXIfr\"]}]}<\/script>\n<!-- \/ Yoast SEO plugin. -->","yoast_head_json":{"title":"Men's shapewear abdominal waist beautiful body without traces of underwear corset corset one-piece suit corset shaping slimming clothes - Custom Seamless Shapewear and Yoga Wear Manufacturer in China","robots":{"index":"index","follow":"follow","max-snippet":"max-snippet:-1","max-image-preview":"max-image-preview:large","max-video-preview":"max-video-preview:-1"},"canonical":"https:\/\/okseamless.com\/fr\/produit\/mens-shapewear-abdominal-waist-beautiful-body-without-traces-of-underwear-corset-corset-one-piece-suit-corset-shaping-slimming-clothes\/","og_locale":"fr_FR","og_type":"article","og_title":"Men's shapewear abdominal waist beautiful body without traces of underwear corset corset one-piece suit corset shaping slimming clothes - Custom Seamless Shapewear and Yoga Wear Manufacturer in China","og_description":"Model NO: TP033  Feature   Quick Dry, Thermal, Anti-Bacterial, Breathable, Anti-static  Knitting method: knitting  Service: ODM OEM service  Logo: custom logo printing  Color: custom color  Size: custom size  Samples: samples available  Material:\u00a0Polyester\/Nylon","og_url":"https:\/\/okseamless.com\/fr\/produit\/mens-shapewear-abdominal-waist-beautiful-body-without-traces-of-underwear-corset-corset-one-piece-suit-corset-shaping-slimming-clothes\/","og_site_name":"Custom Seamless Shapewear and Yoga Wear Manufacturer in China","article_publisher":"https:\/\/www.facebook.com\/share\/1TH24JnBgY\/?mibextid=wwXIfr","og_image":[{"width":800,"height":800,"url":"https:\/\/okseamless.com\/wp-content\/uploads\/2025\/04\/O1CN01jdbqn020Pgtk9tNBR_2208181806842.jpg","type":"image\/jpeg"}],"twitter_card":"summary_large_image","twitter_misc":{"Dur\u00e9e de lecture estim\u00e9e":"1 minute"},"schema":{"@context":"https:\/\/schema.org","@graph":[{"@type":"WebPage","@id":"https:\/\/okseamless.com\/product\/mens-shapewear-abdominal-waist-beautiful-body-without-traces-of-underwear-corset-corset-one-piece-suit-corset-shaping-slimming-clothes\/","url":"https:\/\/okseamless.com\/product\/mens-shapewear-abdominal-waist-beautiful-body-without-traces-of-underwear-corset-corset-one-piece-suit-corset-shaping-slimming-clothes\/","name":"Men's shapewear abdominal waist beautiful body without traces of underwear corset corset one-piece suit corset shaping slimming clothes - Custom Seamless Shapewear and Yoga Wear Manufacturer in China","isPartOf":{"@id":"https:\/\/www.okseamless.com\/pt\/#website"},"primaryImageOfPage":{"@id":"https:\/\/okseamless.com\/product\/mens-shapewear-abdominal-waist-beautiful-body-without-traces-of-underwear-corset-corset-one-piece-suit-corset-shaping-slimming-clothes\/#primaryimage"},"image":{"@id":"https:\/\/okseamless.com\/product\/mens-shapewear-abdominal-waist-beautiful-body-without-traces-of-underwear-corset-corset-one-piece-suit-corset-shaping-slimming-clothes\/#primaryimage"},"thumbnailUrl":"https:\/\/okseamless.com\/wp-content\/uploads\/2025\/04\/O1CN01jdbqn020Pgtk9tNBR_2208181806842.jpg","datePublished":"2025-04-25T07:14:14+00:00","breadcrumb":{"@id":"https:\/\/okseamless.com\/product\/mens-shapewear-abdominal-waist-beautiful-body-without-traces-of-underwear-corset-corset-one-piece-suit-corset-shaping-slimming-clothes\/#breadcrumb"},"inLanguage":"fr-FR","potentialAction":[{"@type":"ReadAction","target":["https:\/\/okseamless.com\/product\/mens-shapewear-abdominal-waist-beautiful-body-without-traces-of-underwear-corset-corset-one-piece-suit-corset-shaping-slimming-clothes\/"]}]},{"@type":"ImageObject","inLanguage":"fr-FR","@id":"https:\/\/okseamless.com\/product\/mens-shapewear-abdominal-waist-beautiful-body-without-traces-of-underwear-corset-corset-one-piece-suit-corset-shaping-slimming-clothes\/#primaryimage","url":"https:\/\/okseamless.com\/wp-content\/uploads\/2025\/04\/O1CN01jdbqn020Pgtk9tNBR_2208181806842.jpg","contentUrl":"https:\/\/okseamless.com\/wp-content\/uploads\/2025\/04\/O1CN01jdbqn020Pgtk9tNBR_2208181806842.jpg","width":800,"height":800},{"@type":"BreadcrumbList","@id":"https:\/\/okseamless.com\/product\/mens-shapewear-abdominal-waist-beautiful-body-without-traces-of-underwear-corset-corset-one-piece-suit-corset-shaping-slimming-clothes\/#breadcrumb","itemListElement":[{"@type":"ListItem","position":1,"name":"\u9996\u9875","item":"https:\/\/okseamless.com\/"},{"@type":"ListItem","position":2,"name":"Produtos","item":"https:\/\/www.okseamless.com\/pt\/shop\/"},{"@type":"ListItem","position":3,"name":"Men&#8217;s shapewear abdominal waist beautiful body without traces of underwear corset corset one-piece suit corset shaping slimming clothes"}]},{"@type":"WebSite","@id":"https:\/\/www.okseamless.com\/pt\/#website","url":"https:\/\/www.okseamless.com\/pt\/","name":"Fabricant de v\u00eatements de forme sans couture et de v\u00eatements de yoga en Chine","description":"","publisher":{"@id":"https:\/\/www.okseamless.com\/pt\/#organization"},"potentialAction":[{"@type":"SearchAction","target":{"@type":"EntryPoint","urlTemplate":"https:\/\/www.okseamless.com\/pt\/?s={search_term_string}"},"query-input":{"@type":"PropertyValueSpecification","valueRequired":true,"valueName":"search_term_string"}}],"inLanguage":"fr-FR"},{"@type":"Organization","@id":"https:\/\/www.okseamless.com\/pt\/#organization","name":"Fabricant de v\u00eatements de forme sans couture et de v\u00eatements de yoga en Chine","url":"https:\/\/www.okseamless.com\/pt\/","logo":{"@type":"ImageObject","inLanguage":"fr-FR","@id":"https:\/\/www.okseamless.com\/pt\/#\/schema\/logo\/image\/","url":"https:\/\/okseamless.com\/wp-content\/uploads\/2025\/03\/LOGO.png","contentUrl":"https:\/\/okseamless.com\/wp-content\/uploads\/2025\/03\/LOGO.png","width":685,"height":218,"caption":"Custom Seamless Shapewear and Yoga Wear Manufacturer in China"},"image":{"@id":"https:\/\/www.okseamless.com\/pt\/#\/schema\/logo\/image\/"},"sameAs":["https:\/\/www.facebook.com\/share\/1TH24JnBgY\/?mibextid=wwXIfr"]}]}},"_links":{"self":[{"href":"https:\/\/okseamless.com\/fr\/wp-json\/wp\/v2\/product\/6215","targetHints":{"allow":["GET"]}}],"collection":[{"href":"https:\/\/okseamless.com\/fr\/wp-json\/wp\/v2\/product"}],"about":[{"href":"https:\/\/okseamless.com\/fr\/wp-json\/wp\/v2\/types\/product"}],"wp:featuredmedia":[{"embeddable":true,"href":"https:\/\/okseamless.com\/fr\/wp-json\/wp\/v2\/media\/6218"}],"wp:attachment":[{"href":"https:\/\/okseamless.com\/fr\/wp-json\/wp\/v2\/media?parent=6215"}],"wp:term":[{"taxonomy":"product_brand","embeddable":true,"href":"https:\/\/okseamless.com\/fr\/wp-json\/wp\/v2\/product_brand?post=6215"},{"taxonomy":"product_cat","embeddable":true,"href":"https:\/\/okseamless.com\/fr\/wp-json\/wp\/v2\/product_cat?post=6215"},{"taxonomy":"product_tag","embeddable":true,"href":"https:\/\/okseamless.com\/fr\/wp-json\/wp\/v2\/product_tag?post=6215"}],"curies":[{"name":"wp","href":"https:\/\/api.w.org\/{rel}","templated":true}]}}