{"id":6028,"date":"2025-04-24T05:54:36","date_gmt":"2025-04-24T05:54:36","guid":{"rendered":"https:\/\/okseamless.com\/?post_type=product&#038;p=6028"},"modified":"2025-04-24T05:54:36","modified_gmt":"2025-04-24T05:54:36","slug":"non-marking-body-shaping-corset-tummy-tuck-ice-silk-underwear-bottoming-fitness-tank-top-sports-sweat-cedar","status":"publish","type":"product","link":"https:\/\/okseamless.com\/fr\/produit\/non-marking-body-shaping-corset-tummy-tuck-ice-silk-underwear-bottoming-fitness-tank-top-sports-sweat-cedar\/","title":{"rendered":"Sous-v\u00eatements en soie non marquants corset modelant pour le ventre sous-v\u00eatements de fitness d\u00e9bardeur sport sueur c\u00e8dre"},"content":{"rendered":"","protected":false},"excerpt":{"rendered":"<p>Model No:HT004<\/p>\n<p><strong><b>Fonctionnalit\u00e9<\/b><\/strong><\/p>\n<ul>\n<li>S\u00e9chage rapide, thermique, antibact\u00e9rien, respirant<\/li>\n<li>Genre:Hommes<\/li>\n<li>Service:ODM Service OEM<\/li>\n<li>Logo:Impression de logos personnalis\u00e9s<\/li>\n<li>Couleur:Couleur personnalis\u00e9e<\/li>\n<li>Taille : sur mesure<\/li>\n<li>\u00c9chantillon:Fournir un \u00e9chantillon<\/li>\n<\/ul>\n<p><strong><b>Mat\u00e9riau :<\/b><\/strong>Spandex \/ Nylon<\/p>","protected":false},"featured_media":6030,"template":"","meta":[],"product_brand":[],"product_cat":[41],"product_tag":[],"class_list":{"0":"post-6028","1":"product","2":"type-product","3":"status-publish","4":"has-post-thumbnail","6":"product_cat-mens-tops","8":"first","9":"instock","10":"shipping-taxable","11":"product-type-simple"},"yoast_head":"<!-- This site is optimized with the Yoast SEO plugin v24.6 - https:\/\/yoast.com\/wordpress\/plugins\/seo\/ -->\n<title>Non-marking body shaping corset tummy tuck ice silk underwear bottoming fitness tank top sports sweat cedar - Custom Seamless Shapewear and Yoga Wear Manufacturer in China<\/title>\n<meta name=\"robots\" content=\"index, follow, max-snippet:-1, max-image-preview:large, max-video-preview:-1\" \/>\n<link rel=\"canonical\" href=\"https:\/\/okseamless.com\/fr\/produit\/non-marking-body-shaping-corset-tummy-tuck-ice-silk-underwear-bottoming-fitness-tank-top-sports-sweat-cedar\/\" \/>\n<meta property=\"og:locale\" content=\"fr_FR\" \/>\n<meta property=\"og:type\" content=\"article\" \/>\n<meta property=\"og:title\" content=\"Non-marking body shaping corset tummy tuck ice silk underwear bottoming fitness tank top sports sweat cedar - Custom Seamless Shapewear and Yoga Wear Manufacturer in China\" \/>\n<meta property=\"og:description\" content=\"Model No:HT004  Feature   Quick Dry, Thermal, Anti-Bacterial, Breathable  Gender:Men  Service:ODM OEM Service  Logo:Customized Logo Printing  Color:Customized Color  Size:Custom Size  Sample:Provide Sample  Material:Spandex \/ Nylon\" \/>\n<meta property=\"og:url\" content=\"https:\/\/okseamless.com\/fr\/produit\/non-marking-body-shaping-corset-tummy-tuck-ice-silk-underwear-bottoming-fitness-tank-top-sports-sweat-cedar\/\" \/>\n<meta property=\"og:site_name\" content=\"Custom Seamless Shapewear and Yoga Wear Manufacturer in China\" \/>\n<meta property=\"article:publisher\" content=\"https:\/\/www.facebook.com\/share\/1TH24JnBgY\/?mibextid=wwXIfr\" \/>\n<meta property=\"og:image\" content=\"https:\/\/okseamless.com\/wp-content\/uploads\/2025\/04\/SKU_2227\u767d\u8272_002.jpg\" \/>\n\t<meta property=\"og:image:width\" content=\"602\" \/>\n\t<meta property=\"og:image:height\" content=\"602\" \/>\n\t<meta property=\"og:image:type\" content=\"image\/jpeg\" \/>\n<meta name=\"twitter:card\" content=\"summary_large_image\" \/>\n<meta name=\"twitter:label1\" content=\"Dur\u00e9e de lecture estim\u00e9e\" \/>\n\t<meta name=\"twitter:data1\" content=\"1 minute\" \/>\n<script type=\"application\/ld+json\" class=\"yoast-schema-graph\">{\"@context\":\"https:\/\/schema.org\",\"@graph\":[{\"@type\":\"WebPage\",\"@id\":\"https:\/\/okseamless.com\/product\/non-marking-body-shaping-corset-tummy-tuck-ice-silk-underwear-bottoming-fitness-tank-top-sports-sweat-cedar\/\",\"url\":\"https:\/\/okseamless.com\/product\/non-marking-body-shaping-corset-tummy-tuck-ice-silk-underwear-bottoming-fitness-tank-top-sports-sweat-cedar\/\",\"name\":\"Non-marking body shaping corset tummy tuck ice silk underwear bottoming fitness tank top sports sweat cedar - Custom Seamless Shapewear and Yoga Wear Manufacturer in China\",\"isPartOf\":{\"@id\":\"https:\/\/www.okseamless.com\/pt\/#website\"},\"primaryImageOfPage\":{\"@id\":\"https:\/\/okseamless.com\/product\/non-marking-body-shaping-corset-tummy-tuck-ice-silk-underwear-bottoming-fitness-tank-top-sports-sweat-cedar\/#primaryimage\"},\"image\":{\"@id\":\"https:\/\/okseamless.com\/product\/non-marking-body-shaping-corset-tummy-tuck-ice-silk-underwear-bottoming-fitness-tank-top-sports-sweat-cedar\/#primaryimage\"},\"thumbnailUrl\":\"https:\/\/okseamless.com\/wp-content\/uploads\/2025\/04\/SKU_2227\u767d\u8272_002.jpg\",\"datePublished\":\"2025-04-24T05:54:36+00:00\",\"breadcrumb\":{\"@id\":\"https:\/\/okseamless.com\/product\/non-marking-body-shaping-corset-tummy-tuck-ice-silk-underwear-bottoming-fitness-tank-top-sports-sweat-cedar\/#breadcrumb\"},\"inLanguage\":\"fr-FR\",\"potentialAction\":[{\"@type\":\"ReadAction\",\"target\":[\"https:\/\/okseamless.com\/product\/non-marking-body-shaping-corset-tummy-tuck-ice-silk-underwear-bottoming-fitness-tank-top-sports-sweat-cedar\/\"]}]},{\"@type\":\"ImageObject\",\"inLanguage\":\"fr-FR\",\"@id\":\"https:\/\/okseamless.com\/product\/non-marking-body-shaping-corset-tummy-tuck-ice-silk-underwear-bottoming-fitness-tank-top-sports-sweat-cedar\/#primaryimage\",\"url\":\"https:\/\/okseamless.com\/wp-content\/uploads\/2025\/04\/SKU_2227\u767d\u8272_002.jpg\",\"contentUrl\":\"https:\/\/okseamless.com\/wp-content\/uploads\/2025\/04\/SKU_2227\u767d\u8272_002.jpg\",\"width\":602,\"height\":602},{\"@type\":\"BreadcrumbList\",\"@id\":\"https:\/\/okseamless.com\/product\/non-marking-body-shaping-corset-tummy-tuck-ice-silk-underwear-bottoming-fitness-tank-top-sports-sweat-cedar\/#breadcrumb\",\"itemListElement\":[{\"@type\":\"ListItem\",\"position\":1,\"name\":\"\u9996\u9875\",\"item\":\"https:\/\/okseamless.com\/\"},{\"@type\":\"ListItem\",\"position\":2,\"name\":\"Produtos\",\"item\":\"https:\/\/www.okseamless.com\/pt\/shop\/\"},{\"@type\":\"ListItem\",\"position\":3,\"name\":\"Non-marking body shaping corset tummy tuck ice silk underwear bottoming fitness tank top sports sweat cedar\"}]},{\"@type\":\"WebSite\",\"@id\":\"https:\/\/www.okseamless.com\/pt\/#website\",\"url\":\"https:\/\/www.okseamless.com\/pt\/\",\"name\":\"Custom Seamless Shapewear and Yoga Wear Manufacturer in China\",\"description\":\"\",\"publisher\":{\"@id\":\"https:\/\/www.okseamless.com\/pt\/#organization\"},\"potentialAction\":[{\"@type\":\"SearchAction\",\"target\":{\"@type\":\"EntryPoint\",\"urlTemplate\":\"https:\/\/www.okseamless.com\/pt\/?s={search_term_string}\"},\"query-input\":{\"@type\":\"PropertyValueSpecification\",\"valueRequired\":true,\"valueName\":\"search_term_string\"}}],\"inLanguage\":\"fr-FR\"},{\"@type\":\"Organization\",\"@id\":\"https:\/\/www.okseamless.com\/pt\/#organization\",\"name\":\"Custom Seamless Shapewear and Yoga Wear Manufacturer in China\",\"url\":\"https:\/\/www.okseamless.com\/pt\/\",\"logo\":{\"@type\":\"ImageObject\",\"inLanguage\":\"fr-FR\",\"@id\":\"https:\/\/www.okseamless.com\/pt\/#\/schema\/logo\/image\/\",\"url\":\"https:\/\/okseamless.com\/wp-content\/uploads\/2025\/03\/LOGO.png\",\"contentUrl\":\"https:\/\/okseamless.com\/wp-content\/uploads\/2025\/03\/LOGO.png\",\"width\":685,\"height\":218,\"caption\":\"Custom Seamless Shapewear and Yoga Wear Manufacturer in China\"},\"image\":{\"@id\":\"https:\/\/www.okseamless.com\/pt\/#\/schema\/logo\/image\/\"},\"sameAs\":[\"https:\/\/www.facebook.com\/share\/1TH24JnBgY\/?mibextid=wwXIfr\"]}]}<\/script>\n<!-- \/ Yoast SEO plugin. -->","yoast_head_json":{"title":"Non-marking body shaping corset tummy tuck ice silk underwear bottoming fitness tank top sports sweat cedar - Custom Seamless Shapewear and Yoga Wear Manufacturer in China","robots":{"index":"index","follow":"follow","max-snippet":"max-snippet:-1","max-image-preview":"max-image-preview:large","max-video-preview":"max-video-preview:-1"},"canonical":"https:\/\/okseamless.com\/fr\/produit\/non-marking-body-shaping-corset-tummy-tuck-ice-silk-underwear-bottoming-fitness-tank-top-sports-sweat-cedar\/","og_locale":"fr_FR","og_type":"article","og_title":"Non-marking body shaping corset tummy tuck ice silk underwear bottoming fitness tank top sports sweat cedar - Custom Seamless Shapewear and Yoga Wear Manufacturer in China","og_description":"Model No:HT004  Feature   Quick Dry, Thermal, Anti-Bacterial, Breathable  Gender:Men  Service:ODM OEM Service  Logo:Customized Logo Printing  Color:Customized Color  Size:Custom Size  Sample:Provide Sample  Material:Spandex \/ Nylon","og_url":"https:\/\/okseamless.com\/fr\/produit\/non-marking-body-shaping-corset-tummy-tuck-ice-silk-underwear-bottoming-fitness-tank-top-sports-sweat-cedar\/","og_site_name":"Custom Seamless Shapewear and Yoga Wear Manufacturer in China","article_publisher":"https:\/\/www.facebook.com\/share\/1TH24JnBgY\/?mibextid=wwXIfr","og_image":[{"width":602,"height":602,"url":"https:\/\/okseamless.com\/wp-content\/uploads\/2025\/04\/SKU_2227\u767d\u8272_002.jpg","type":"image\/jpeg"}],"twitter_card":"summary_large_image","twitter_misc":{"Dur\u00e9e de lecture estim\u00e9e":"1 minute"},"schema":{"@context":"https:\/\/schema.org","@graph":[{"@type":"WebPage","@id":"https:\/\/okseamless.com\/product\/non-marking-body-shaping-corset-tummy-tuck-ice-silk-underwear-bottoming-fitness-tank-top-sports-sweat-cedar\/","url":"https:\/\/okseamless.com\/product\/non-marking-body-shaping-corset-tummy-tuck-ice-silk-underwear-bottoming-fitness-tank-top-sports-sweat-cedar\/","name":"Non-marking body shaping corset tummy tuck ice silk underwear bottoming fitness tank top sports sweat cedar - Custom Seamless Shapewear and Yoga Wear Manufacturer in China","isPartOf":{"@id":"https:\/\/www.okseamless.com\/pt\/#website"},"primaryImageOfPage":{"@id":"https:\/\/okseamless.com\/product\/non-marking-body-shaping-corset-tummy-tuck-ice-silk-underwear-bottoming-fitness-tank-top-sports-sweat-cedar\/#primaryimage"},"image":{"@id":"https:\/\/okseamless.com\/product\/non-marking-body-shaping-corset-tummy-tuck-ice-silk-underwear-bottoming-fitness-tank-top-sports-sweat-cedar\/#primaryimage"},"thumbnailUrl":"https:\/\/okseamless.com\/wp-content\/uploads\/2025\/04\/SKU_2227\u767d\u8272_002.jpg","datePublished":"2025-04-24T05:54:36+00:00","breadcrumb":{"@id":"https:\/\/okseamless.com\/product\/non-marking-body-shaping-corset-tummy-tuck-ice-silk-underwear-bottoming-fitness-tank-top-sports-sweat-cedar\/#breadcrumb"},"inLanguage":"fr-FR","potentialAction":[{"@type":"ReadAction","target":["https:\/\/okseamless.com\/product\/non-marking-body-shaping-corset-tummy-tuck-ice-silk-underwear-bottoming-fitness-tank-top-sports-sweat-cedar\/"]}]},{"@type":"ImageObject","inLanguage":"fr-FR","@id":"https:\/\/okseamless.com\/product\/non-marking-body-shaping-corset-tummy-tuck-ice-silk-underwear-bottoming-fitness-tank-top-sports-sweat-cedar\/#primaryimage","url":"https:\/\/okseamless.com\/wp-content\/uploads\/2025\/04\/SKU_2227\u767d\u8272_002.jpg","contentUrl":"https:\/\/okseamless.com\/wp-content\/uploads\/2025\/04\/SKU_2227\u767d\u8272_002.jpg","width":602,"height":602},{"@type":"BreadcrumbList","@id":"https:\/\/okseamless.com\/product\/non-marking-body-shaping-corset-tummy-tuck-ice-silk-underwear-bottoming-fitness-tank-top-sports-sweat-cedar\/#breadcrumb","itemListElement":[{"@type":"ListItem","position":1,"name":"\u9996\u9875","item":"https:\/\/okseamless.com\/"},{"@type":"ListItem","position":2,"name":"Produtos","item":"https:\/\/www.okseamless.com\/pt\/shop\/"},{"@type":"ListItem","position":3,"name":"Non-marking body shaping corset tummy tuck ice silk underwear bottoming fitness tank top sports sweat cedar"}]},{"@type":"WebSite","@id":"https:\/\/www.okseamless.com\/pt\/#website","url":"https:\/\/www.okseamless.com\/pt\/","name":"Fabricant de v\u00eatements de forme sans couture et de v\u00eatements de yoga en Chine","description":"","publisher":{"@id":"https:\/\/www.okseamless.com\/pt\/#organization"},"potentialAction":[{"@type":"SearchAction","target":{"@type":"EntryPoint","urlTemplate":"https:\/\/www.okseamless.com\/pt\/?s={search_term_string}"},"query-input":{"@type":"PropertyValueSpecification","valueRequired":true,"valueName":"search_term_string"}}],"inLanguage":"fr-FR"},{"@type":"Organization","@id":"https:\/\/www.okseamless.com\/pt\/#organization","name":"Fabricant de v\u00eatements de forme sans couture et de v\u00eatements de yoga en Chine","url":"https:\/\/www.okseamless.com\/pt\/","logo":{"@type":"ImageObject","inLanguage":"fr-FR","@id":"https:\/\/www.okseamless.com\/pt\/#\/schema\/logo\/image\/","url":"https:\/\/okseamless.com\/wp-content\/uploads\/2025\/03\/LOGO.png","contentUrl":"https:\/\/okseamless.com\/wp-content\/uploads\/2025\/03\/LOGO.png","width":685,"height":218,"caption":"Custom Seamless Shapewear and Yoga Wear Manufacturer in China"},"image":{"@id":"https:\/\/www.okseamless.com\/pt\/#\/schema\/logo\/image\/"},"sameAs":["https:\/\/www.facebook.com\/share\/1TH24JnBgY\/?mibextid=wwXIfr"]}]}},"_links":{"self":[{"href":"https:\/\/okseamless.com\/fr\/wp-json\/wp\/v2\/product\/6028","targetHints":{"allow":["GET"]}}],"collection":[{"href":"https:\/\/okseamless.com\/fr\/wp-json\/wp\/v2\/product"}],"about":[{"href":"https:\/\/okseamless.com\/fr\/wp-json\/wp\/v2\/types\/product"}],"wp:featuredmedia":[{"embeddable":true,"href":"https:\/\/okseamless.com\/fr\/wp-json\/wp\/v2\/media\/6030"}],"wp:attachment":[{"href":"https:\/\/okseamless.com\/fr\/wp-json\/wp\/v2\/media?parent=6028"}],"wp:term":[{"taxonomy":"product_brand","embeddable":true,"href":"https:\/\/okseamless.com\/fr\/wp-json\/wp\/v2\/product_brand?post=6028"},{"taxonomy":"product_cat","embeddable":true,"href":"https:\/\/okseamless.com\/fr\/wp-json\/wp\/v2\/product_cat?post=6028"},{"taxonomy":"product_tag","embeddable":true,"href":"https:\/\/okseamless.com\/fr\/wp-json\/wp\/v2\/product_tag?post=6028"}],"curies":[{"name":"wp","href":"https:\/\/api.w.org\/{rel}","templated":true}]}}