{"id":3346,"date":"2025-04-15T06:23:11","date_gmt":"2025-04-15T06:23:11","guid":{"rendered":"https:\/\/okseamless.com\/?post_type=product&#038;p=3346"},"modified":"2025-04-15T06:23:11","modified_gmt":"2025-04-15T06:23:11","slug":"seamless-knit-solid-color-v-waist-tight-high-elastic-hip-lifting-yoga-wear-sports-running-fitness-yoga-pants","status":"publish","type":"product","link":"https:\/\/okseamless.com\/fr\/produit\/seamless-knit-solid-color-v-waist-tight-high-elastic-hip-lifting-yoga-wear-sports-running-fitness-yoga-pants\/","title":{"rendered":"Pantalon de yoga en tricot sans couture, couleur unie, taille en V, serr\u00e9 et \u00e9lastique, pour les hanches, v\u00eatements de yoga pour le sport, la course \u00e0 pied et le fitness"},"content":{"rendered":"","protected":false},"excerpt":{"rendered":"<p>Model No:YK015<\/p>\n<p><strong><b>Fonctionnalit\u00e9<\/b><\/strong><\/p>\n<ul>\n<li>Respirant, \u00e9cologique, r\u00e9versible<\/li>\n<li>Longueur : pleine longueur<\/li>\n<li>Type de taille:Haute<\/li>\n<li>Type de fermeture : Taille \u00e9lastique<\/li>\n<li>M\u00e9thodes d'impression : impression par transfert thermique<\/li>\n<li>Type de motif:Solide<\/li>\n<li>Logo:Nous acceptons les logos personnalis\u00e9s<\/li>\n<li>Service:Personnalis\u00e9 OEM ODM<\/li>\n<\/ul>\n<p><strong><b>Mat\u00e9riau<\/b><\/strong><strong><b>:<\/b><\/strong>Spandex \/ Nylon<\/p>","protected":false},"featured_media":3347,"template":"","meta":[],"product_brand":[],"product_cat":[39],"product_tag":[],"class_list":{"0":"post-3346","1":"product","2":"type-product","3":"status-publish","4":"has-post-thumbnail","6":"product_cat-womens-active-bottoms","8":"first","9":"instock","10":"shipping-taxable","11":"product-type-simple"},"yoast_head":"<!-- This site is optimized with the Yoast SEO plugin v27.4 - https:\/\/yoast.com\/product\/yoast-seo-wordpress\/ -->\n<title>Seamless knit solid color V waist tight high elastic hip lifting yoga wear sports running fitness yoga pants - Custom Seamless Shapewear and Yoga Wear Manufacturer in China<\/title>\n<meta name=\"robots\" content=\"index, follow, max-snippet:-1, max-image-preview:large, max-video-preview:-1\" \/>\n<link rel=\"canonical\" href=\"https:\/\/www.okseamless.com\/product\/seamless-knit-solid-color-v-waist-tight-high-elastic-hip-lifting-yoga-wear-sports-running-fitness-yoga-pants\/\" \/>\n<meta property=\"og:locale\" content=\"fr_FR\" \/>\n<meta property=\"og:type\" content=\"article\" \/>\n<meta property=\"og:title\" content=\"Seamless knit solid color V waist tight high elastic hip lifting yoga wear sports running fitness yoga pants - Custom Seamless Shapewear and Yoga Wear Manufacturer in China\" \/>\n<meta property=\"og:description\" content=\"Model No:YK015  Feature   Breathable, Eco-Friendly, Reversible  Length:Full Length  Waist Type:High  Closure Type:Elastic Waist  Printing Methods:Heat-transfer Printing  Pattern Type:Solid  Logo:Customized Logo Accept  Service:Custom OEM ODM  Material:Spandex \/ Nylon\" \/>\n<meta property=\"og:url\" content=\"https:\/\/www.okseamless.com\/product\/seamless-knit-solid-color-v-waist-tight-high-elastic-hip-lifting-yoga-wear-sports-running-fitness-yoga-pants\/\" \/>\n<meta property=\"og:site_name\" content=\"Custom Seamless Shapewear and Yoga Wear Manufacturer in China\" \/>\n<meta property=\"article:publisher\" content=\"https:\/\/www.facebook.com\/share\/1TH24JnBgY\/?mibextid=wwXIfr\" \/>\n<meta property=\"og:image\" content=\"https:\/\/okseamless.com\/wp-content\/uploads\/2025\/04\/\u4e3b\u56fe_005-13.jpg\" \/>\n\t<meta property=\"og:image:width\" content=\"1200\" \/>\n\t<meta property=\"og:image:height\" content=\"1200\" \/>\n\t<meta property=\"og:image:type\" content=\"image\/jpeg\" \/>\n<meta name=\"twitter:card\" content=\"summary_large_image\" \/>\n<meta name=\"twitter:label1\" content=\"Dur\u00e9e de lecture estim\u00e9e\" \/>\n\t<meta name=\"twitter:data1\" content=\"1 minute\" \/>\n<script type=\"application\/ld+json\" class=\"yoast-schema-graph\">{\"@context\":\"https:\\\/\\\/schema.org\",\"@graph\":[{\"@type\":\"WebPage\",\"@id\":\"https:\\\/\\\/www.okseamless.com\\\/product\\\/seamless-knit-solid-color-v-waist-tight-high-elastic-hip-lifting-yoga-wear-sports-running-fitness-yoga-pants\\\/\",\"url\":\"https:\\\/\\\/www.okseamless.com\\\/product\\\/seamless-knit-solid-color-v-waist-tight-high-elastic-hip-lifting-yoga-wear-sports-running-fitness-yoga-pants\\\/\",\"name\":\"Seamless knit solid color V waist tight high elastic hip lifting yoga wear sports running fitness yoga pants - Custom Seamless Shapewear and Yoga Wear Manufacturer in China\",\"isPartOf\":{\"@id\":\"https:\\\/\\\/www.okseamless.com\\\/pt\\\/#website\"},\"primaryImageOfPage\":{\"@id\":\"https:\\\/\\\/www.okseamless.com\\\/product\\\/seamless-knit-solid-color-v-waist-tight-high-elastic-hip-lifting-yoga-wear-sports-running-fitness-yoga-pants\\\/#primaryimage\"},\"image\":{\"@id\":\"https:\\\/\\\/www.okseamless.com\\\/product\\\/seamless-knit-solid-color-v-waist-tight-high-elastic-hip-lifting-yoga-wear-sports-running-fitness-yoga-pants\\\/#primaryimage\"},\"thumbnailUrl\":\"https:\\\/\\\/okseamless.com\\\/wp-content\\\/uploads\\\/2025\\\/04\\\/\u4e3b\u56fe_005-13.jpg\",\"datePublished\":\"2025-04-15T06:23:11+00:00\",\"breadcrumb\":{\"@id\":\"https:\\\/\\\/www.okseamless.com\\\/product\\\/seamless-knit-solid-color-v-waist-tight-high-elastic-hip-lifting-yoga-wear-sports-running-fitness-yoga-pants\\\/#breadcrumb\"},\"inLanguage\":\"fr-FR\",\"potentialAction\":[{\"@type\":\"ReadAction\",\"target\":[\"https:\\\/\\\/www.okseamless.com\\\/product\\\/seamless-knit-solid-color-v-waist-tight-high-elastic-hip-lifting-yoga-wear-sports-running-fitness-yoga-pants\\\/\"]}]},{\"@type\":\"ImageObject\",\"inLanguage\":\"fr-FR\",\"@id\":\"https:\\\/\\\/www.okseamless.com\\\/product\\\/seamless-knit-solid-color-v-waist-tight-high-elastic-hip-lifting-yoga-wear-sports-running-fitness-yoga-pants\\\/#primaryimage\",\"url\":\"https:\\\/\\\/okseamless.com\\\/wp-content\\\/uploads\\\/2025\\\/04\\\/\u4e3b\u56fe_005-13.jpg\",\"contentUrl\":\"https:\\\/\\\/okseamless.com\\\/wp-content\\\/uploads\\\/2025\\\/04\\\/\u4e3b\u56fe_005-13.jpg\",\"width\":1200,\"height\":1200},{\"@type\":\"BreadcrumbList\",\"@id\":\"https:\\\/\\\/www.okseamless.com\\\/product\\\/seamless-knit-solid-color-v-waist-tight-high-elastic-hip-lifting-yoga-wear-sports-running-fitness-yoga-pants\\\/#breadcrumb\",\"itemListElement\":[{\"@type\":\"ListItem\",\"position\":1,\"name\":\"\u9996\u9875\",\"item\":\"https:\\\/\\\/okseamless.com\\\/\"},{\"@type\":\"ListItem\",\"position\":2,\"name\":\"Produtos\",\"item\":\"https:\\\/\\\/www.okseamless.com\\\/pt\\\/shop\\\/\"},{\"@type\":\"ListItem\",\"position\":3,\"name\":\"Seamless knit solid color V waist tight high elastic hip lifting yoga wear sports running fitness yoga pants\"}]},{\"@type\":\"WebSite\",\"@id\":\"https:\\\/\\\/www.okseamless.com\\\/pt\\\/#website\",\"url\":\"https:\\\/\\\/www.okseamless.com\\\/pt\\\/\",\"name\":\"Custom Seamless Shapewear and Yoga Wear Manufacturer in China\",\"description\":\"\",\"publisher\":{\"@id\":\"https:\\\/\\\/www.okseamless.com\\\/pt\\\/#organization\"},\"potentialAction\":[{\"@type\":\"SearchAction\",\"target\":{\"@type\":\"EntryPoint\",\"urlTemplate\":\"https:\\\/\\\/www.okseamless.com\\\/pt\\\/?s={search_term_string}\"},\"query-input\":{\"@type\":\"PropertyValueSpecification\",\"valueRequired\":true,\"valueName\":\"search_term_string\"}}],\"inLanguage\":\"fr-FR\"},{\"@type\":\"Organization\",\"@id\":\"https:\\\/\\\/www.okseamless.com\\\/pt\\\/#organization\",\"name\":\"Custom Seamless Shapewear and Yoga Wear Manufacturer in China\",\"url\":\"https:\\\/\\\/www.okseamless.com\\\/pt\\\/\",\"logo\":{\"@type\":\"ImageObject\",\"inLanguage\":\"fr-FR\",\"@id\":\"https:\\\/\\\/www.okseamless.com\\\/pt\\\/#\\\/schema\\\/logo\\\/image\\\/\",\"url\":\"https:\\\/\\\/okseamless.com\\\/wp-content\\\/uploads\\\/2025\\\/03\\\/LOGO.png\",\"contentUrl\":\"https:\\\/\\\/okseamless.com\\\/wp-content\\\/uploads\\\/2025\\\/03\\\/LOGO.png\",\"width\":685,\"height\":218,\"caption\":\"Custom Seamless Shapewear and Yoga Wear Manufacturer in China\"},\"image\":{\"@id\":\"https:\\\/\\\/www.okseamless.com\\\/pt\\\/#\\\/schema\\\/logo\\\/image\\\/\"},\"sameAs\":[\"https:\\\/\\\/www.facebook.com\\\/share\\\/1TH24JnBgY\\\/?mibextid=wwXIfr\"]}]}<\/script>\n<!-- \/ Yoast SEO plugin. -->","yoast_head_json":{"title":"Seamless knit solid color V waist tight high elastic hip lifting yoga wear sports running fitness yoga pants - Custom Seamless Shapewear and Yoga Wear Manufacturer in China","robots":{"index":"index","follow":"follow","max-snippet":"max-snippet:-1","max-image-preview":"max-image-preview:large","max-video-preview":"max-video-preview:-1"},"canonical":"https:\/\/www.okseamless.com\/product\/seamless-knit-solid-color-v-waist-tight-high-elastic-hip-lifting-yoga-wear-sports-running-fitness-yoga-pants\/","og_locale":"fr_FR","og_type":"article","og_title":"Seamless knit solid color V waist tight high elastic hip lifting yoga wear sports running fitness yoga pants - Custom Seamless Shapewear and Yoga Wear Manufacturer in China","og_description":"Model No:YK015  Feature   Breathable, Eco-Friendly, Reversible  Length:Full Length  Waist Type:High  Closure Type:Elastic Waist  Printing Methods:Heat-transfer Printing  Pattern Type:Solid  Logo:Customized Logo Accept  Service:Custom OEM ODM  Material:Spandex \/ Nylon","og_url":"https:\/\/www.okseamless.com\/product\/seamless-knit-solid-color-v-waist-tight-high-elastic-hip-lifting-yoga-wear-sports-running-fitness-yoga-pants\/","og_site_name":"Custom Seamless Shapewear and Yoga Wear Manufacturer in China","article_publisher":"https:\/\/www.facebook.com\/share\/1TH24JnBgY\/?mibextid=wwXIfr","og_image":[{"width":1200,"height":1200,"url":"https:\/\/okseamless.com\/wp-content\/uploads\/2025\/04\/\u4e3b\u56fe_005-13.jpg","type":"image\/jpeg"}],"twitter_card":"summary_large_image","twitter_misc":{"Dur\u00e9e de lecture estim\u00e9e":"1 minute"},"schema":{"@context":"https:\/\/schema.org","@graph":[{"@type":"WebPage","@id":"https:\/\/www.okseamless.com\/product\/seamless-knit-solid-color-v-waist-tight-high-elastic-hip-lifting-yoga-wear-sports-running-fitness-yoga-pants\/","url":"https:\/\/www.okseamless.com\/product\/seamless-knit-solid-color-v-waist-tight-high-elastic-hip-lifting-yoga-wear-sports-running-fitness-yoga-pants\/","name":"Seamless knit solid color V waist tight high elastic hip lifting yoga wear sports running fitness yoga pants - Custom Seamless Shapewear and Yoga Wear Manufacturer in China","isPartOf":{"@id":"https:\/\/www.okseamless.com\/pt\/#website"},"primaryImageOfPage":{"@id":"https:\/\/www.okseamless.com\/product\/seamless-knit-solid-color-v-waist-tight-high-elastic-hip-lifting-yoga-wear-sports-running-fitness-yoga-pants\/#primaryimage"},"image":{"@id":"https:\/\/www.okseamless.com\/product\/seamless-knit-solid-color-v-waist-tight-high-elastic-hip-lifting-yoga-wear-sports-running-fitness-yoga-pants\/#primaryimage"},"thumbnailUrl":"https:\/\/okseamless.com\/wp-content\/uploads\/2025\/04\/\u4e3b\u56fe_005-13.jpg","datePublished":"2025-04-15T06:23:11+00:00","breadcrumb":{"@id":"https:\/\/www.okseamless.com\/product\/seamless-knit-solid-color-v-waist-tight-high-elastic-hip-lifting-yoga-wear-sports-running-fitness-yoga-pants\/#breadcrumb"},"inLanguage":"fr-FR","potentialAction":[{"@type":"ReadAction","target":["https:\/\/www.okseamless.com\/product\/seamless-knit-solid-color-v-waist-tight-high-elastic-hip-lifting-yoga-wear-sports-running-fitness-yoga-pants\/"]}]},{"@type":"ImageObject","inLanguage":"fr-FR","@id":"https:\/\/www.okseamless.com\/product\/seamless-knit-solid-color-v-waist-tight-high-elastic-hip-lifting-yoga-wear-sports-running-fitness-yoga-pants\/#primaryimage","url":"https:\/\/okseamless.com\/wp-content\/uploads\/2025\/04\/\u4e3b\u56fe_005-13.jpg","contentUrl":"https:\/\/okseamless.com\/wp-content\/uploads\/2025\/04\/\u4e3b\u56fe_005-13.jpg","width":1200,"height":1200},{"@type":"BreadcrumbList","@id":"https:\/\/www.okseamless.com\/product\/seamless-knit-solid-color-v-waist-tight-high-elastic-hip-lifting-yoga-wear-sports-running-fitness-yoga-pants\/#breadcrumb","itemListElement":[{"@type":"ListItem","position":1,"name":"\u9996\u9875","item":"https:\/\/okseamless.com\/"},{"@type":"ListItem","position":2,"name":"Produtos","item":"https:\/\/www.okseamless.com\/pt\/shop\/"},{"@type":"ListItem","position":3,"name":"Seamless knit solid color V waist tight high elastic hip lifting yoga wear sports running fitness yoga pants"}]},{"@type":"WebSite","@id":"https:\/\/www.okseamless.com\/pt\/#website","url":"https:\/\/www.okseamless.com\/pt\/","name":"Fabricant de v\u00eatements de forme sans couture et de v\u00eatements de yoga en Chine","description":"","publisher":{"@id":"https:\/\/www.okseamless.com\/pt\/#organization"},"potentialAction":[{"@type":"SearchAction","target":{"@type":"EntryPoint","urlTemplate":"https:\/\/www.okseamless.com\/pt\/?s={search_term_string}"},"query-input":{"@type":"PropertyValueSpecification","valueRequired":true,"valueName":"search_term_string"}}],"inLanguage":"fr-FR"},{"@type":"Organization","@id":"https:\/\/www.okseamless.com\/pt\/#organization","name":"Fabricant de v\u00eatements de forme sans couture et de v\u00eatements de yoga en Chine","url":"https:\/\/www.okseamless.com\/pt\/","logo":{"@type":"ImageObject","inLanguage":"fr-FR","@id":"https:\/\/www.okseamless.com\/pt\/#\/schema\/logo\/image\/","url":"https:\/\/okseamless.com\/wp-content\/uploads\/2025\/03\/LOGO.png","contentUrl":"https:\/\/okseamless.com\/wp-content\/uploads\/2025\/03\/LOGO.png","width":685,"height":218,"caption":"Custom Seamless Shapewear and Yoga Wear Manufacturer in China"},"image":{"@id":"https:\/\/www.okseamless.com\/pt\/#\/schema\/logo\/image\/"},"sameAs":["https:\/\/www.facebook.com\/share\/1TH24JnBgY\/?mibextid=wwXIfr"]}]}},"_links":{"self":[{"href":"https:\/\/okseamless.com\/fr\/wp-json\/wp\/v2\/product\/3346","targetHints":{"allow":["GET"]}}],"collection":[{"href":"https:\/\/okseamless.com\/fr\/wp-json\/wp\/v2\/product"}],"about":[{"href":"https:\/\/okseamless.com\/fr\/wp-json\/wp\/v2\/types\/product"}],"wp:featuredmedia":[{"embeddable":true,"href":"https:\/\/okseamless.com\/fr\/wp-json\/wp\/v2\/media\/3347"}],"wp:attachment":[{"href":"https:\/\/okseamless.com\/fr\/wp-json\/wp\/v2\/media?parent=3346"}],"wp:term":[{"taxonomy":"product_brand","embeddable":true,"href":"https:\/\/okseamless.com\/fr\/wp-json\/wp\/v2\/product_brand?post=3346"},{"taxonomy":"product_cat","embeddable":true,"href":"https:\/\/okseamless.com\/fr\/wp-json\/wp\/v2\/product_cat?post=3346"},{"taxonomy":"product_tag","embeddable":true,"href":"https:\/\/okseamless.com\/fr\/wp-json\/wp\/v2\/product_tag?post=3346"}],"curies":[{"name":"wp","href":"https:\/\/api.w.org\/{rel}","templated":true}]}}