{"id":2950,"date":"2025-04-12T04:47:42","date_gmt":"2025-04-12T04:47:42","guid":{"rendered":"https:\/\/okseamless.com\/?post_type=product&#038;p=2950"},"modified":"2025-04-12T04:47:42","modified_gmt":"2025-04-12T04:47:42","slug":"padded-butt-lifter-panties","status":"publish","type":"product","link":"https:\/\/okseamless.com\/fr\/produit\/padded-butt-lifter-panties\/","title":{"rendered":"Padded Butt Lifter Panties"},"content":{"rendered":"","protected":false},"excerpt":{"rendered":"<p>Model No:JS079<\/p>\n<p>Vous voulez vous sentir soutenue et mise en valeur en quelques secondes ? Il s'agit en fin de compte du meilleur sous-v\u00eatement modelant pour le ventre et la taille que vous n'aurez jamais poss\u00e9d\u00e9. La conception sans couture vous permet non seulement d'\u00eatre \u00e0 votre avantage dans vos v\u00eatements, mais aussi de vous sentir \u00e0 votre avantage en dessous. Le String Amincissant de Tous les Jours apporte juste assez de galbe pour que vous restiez confiante et ma\u00eetresse de votre corps toute la journ\u00e9e.<\/p>\n<p><strong>Caract\u00e9ristiques<\/strong><\/p>\n<ul>\n<li>Feature with butt lifter design, built-in 2 removable foam pads. Helps lift the butt and gives you a natural shaped bottom.<\/li>\n<li>Avec un contr\u00f4le cibl\u00e9 du ventre, il est dot\u00e9 d'un tissu doux et extensible pour un joli look de lingerie.<\/li>\n<li>Les tissus extensibles sont parfaits pour couvrir la graisse sans \u00eatre inconfortables.<\/li>\n<li>Sous-v\u00eatements sans couture Le style du string se combine avec juste ce qu'il faut de galbe.<\/li>\n<li>Deux ar\u00eates en acier de chaque c\u00f4t\u00e9 de la taille emp\u00eachent l'enroulement.<\/li>\n<\/ul>\n<p><strong>D\u00e9tails du tissu<\/strong><strong>\u00a0: <\/strong>83% Nylon 17% Spandex<\/p>","protected":false},"featured_media":2957,"template":"","meta":[],"product_brand":[],"product_cat":[36],"product_tag":[],"class_list":{"0":"post-2950","1":"product","2":"type-product","3":"status-publish","4":"has-post-thumbnail","6":"product_cat-womens-bottoms","8":"first","9":"instock","10":"shipping-taxable","11":"product-type-simple"},"yoast_head":"<!-- This site is optimized with the Yoast SEO plugin v27.4 - https:\/\/yoast.com\/product\/yoast-seo-wordpress\/ -->\n<title>Padded Butt Lifter Panties - Custom Seamless Shapewear and Yoga Wear Manufacturer in China<\/title>\n<meta name=\"robots\" content=\"index, follow, max-snippet:-1, max-image-preview:large, max-video-preview:-1\" \/>\n<link rel=\"canonical\" href=\"https:\/\/okseamless.com\/fr\/produit\/padded-butt-lifter-panties\/\" \/>\n<meta property=\"og:locale\" content=\"fr_FR\" \/>\n<meta property=\"og:type\" content=\"article\" \/>\n<meta property=\"og:title\" content=\"Padded Butt Lifter Panties - Custom Seamless Shapewear and Yoga Wear Manufacturer in China\" \/>\n<meta property=\"og:description\" content=\"Model No:JS079  Wanna feel supported &amp; enhanced in seconds? This is ultimately the best shaping underwear for tummy and waist you\u2019ll ever own. Seamless design ensures you not only look your best in clothing but feel your best underneath.\u00a0Everyday Shaping Thong provide just enough shaping to keep you confident and in control all day.  Features   Feature with butt lifter design, built-in 2 removable foam pads. Helps lift the butt and gives you a natural shaped bottom.  With targeted tummy control features soft, stretch fabric for a pretty lingerie look.  The great-stretch fabrics are great for covering fat without being uncomfortable.  Seamless Underwear Thong styling combines with just the right amount of shaping.  Two steel bones on each side of the waist prevent curling.  Fabric Details\u00a0: 83% Nylon\u00a017%\u00a0Spandex\" \/>\n<meta property=\"og:url\" content=\"https:\/\/okseamless.com\/fr\/produit\/padded-butt-lifter-panties\/\" \/>\n<meta property=\"og:site_name\" content=\"Custom Seamless Shapewear and Yoga Wear Manufacturer in China\" \/>\n<meta property=\"article:publisher\" content=\"https:\/\/www.facebook.com\/share\/1TH24JnBgY\/?mibextid=wwXIfr\" \/>\n<meta property=\"og:image\" content=\"https:\/\/okseamless.com\/wp-content\/uploads\/2025\/04\/DM_20250408165846_003.png\" \/>\n\t<meta property=\"og:image:width\" content=\"416\" \/>\n\t<meta property=\"og:image:height\" content=\"416\" \/>\n\t<meta property=\"og:image:type\" content=\"image\/png\" \/>\n<meta name=\"twitter:card\" content=\"summary_large_image\" \/>\n<meta name=\"twitter:label1\" content=\"Dur\u00e9e de lecture estim\u00e9e\" \/>\n\t<meta name=\"twitter:data1\" content=\"1 minute\" \/>\n<script type=\"application\/ld+json\" class=\"yoast-schema-graph\">{\"@context\":\"https:\\\/\\\/schema.org\",\"@graph\":[{\"@type\":\"WebPage\",\"@id\":\"https:\\\/\\\/okseamless.com\\\/product\\\/padded-butt-lifter-panties\\\/\",\"url\":\"https:\\\/\\\/okseamless.com\\\/product\\\/padded-butt-lifter-panties\\\/\",\"name\":\"Padded Butt Lifter Panties - Custom Seamless Shapewear and Yoga Wear Manufacturer in China\",\"isPartOf\":{\"@id\":\"https:\\\/\\\/www.okseamless.com\\\/pt\\\/#website\"},\"primaryImageOfPage\":{\"@id\":\"https:\\\/\\\/okseamless.com\\\/product\\\/padded-butt-lifter-panties\\\/#primaryimage\"},\"image\":{\"@id\":\"https:\\\/\\\/okseamless.com\\\/product\\\/padded-butt-lifter-panties\\\/#primaryimage\"},\"thumbnailUrl\":\"https:\\\/\\\/okseamless.com\\\/wp-content\\\/uploads\\\/2025\\\/04\\\/DM_20250408165846_003.png\",\"datePublished\":\"2025-04-12T04:47:42+00:00\",\"breadcrumb\":{\"@id\":\"https:\\\/\\\/okseamless.com\\\/product\\\/padded-butt-lifter-panties\\\/#breadcrumb\"},\"inLanguage\":\"fr-FR\",\"potentialAction\":[{\"@type\":\"ReadAction\",\"target\":[\"https:\\\/\\\/okseamless.com\\\/product\\\/padded-butt-lifter-panties\\\/\"]}]},{\"@type\":\"ImageObject\",\"inLanguage\":\"fr-FR\",\"@id\":\"https:\\\/\\\/okseamless.com\\\/product\\\/padded-butt-lifter-panties\\\/#primaryimage\",\"url\":\"https:\\\/\\\/okseamless.com\\\/wp-content\\\/uploads\\\/2025\\\/04\\\/DM_20250408165846_003.png\",\"contentUrl\":\"https:\\\/\\\/okseamless.com\\\/wp-content\\\/uploads\\\/2025\\\/04\\\/DM_20250408165846_003.png\",\"width\":416,\"height\":416},{\"@type\":\"BreadcrumbList\",\"@id\":\"https:\\\/\\\/okseamless.com\\\/product\\\/padded-butt-lifter-panties\\\/#breadcrumb\",\"itemListElement\":[{\"@type\":\"ListItem\",\"position\":1,\"name\":\"\u9996\u9875\",\"item\":\"https:\\\/\\\/okseamless.com\\\/\"},{\"@type\":\"ListItem\",\"position\":2,\"name\":\"Produtos\",\"item\":\"https:\\\/\\\/www.okseamless.com\\\/pt\\\/shop\\\/\"},{\"@type\":\"ListItem\",\"position\":3,\"name\":\"Padded Butt Lifter Panties\"}]},{\"@type\":\"WebSite\",\"@id\":\"https:\\\/\\\/www.okseamless.com\\\/pt\\\/#website\",\"url\":\"https:\\\/\\\/www.okseamless.com\\\/pt\\\/\",\"name\":\"Custom Seamless Shapewear and Yoga Wear Manufacturer in China\",\"description\":\"\",\"publisher\":{\"@id\":\"https:\\\/\\\/www.okseamless.com\\\/pt\\\/#organization\"},\"potentialAction\":[{\"@type\":\"SearchAction\",\"target\":{\"@type\":\"EntryPoint\",\"urlTemplate\":\"https:\\\/\\\/www.okseamless.com\\\/pt\\\/?s={search_term_string}\"},\"query-input\":{\"@type\":\"PropertyValueSpecification\",\"valueRequired\":true,\"valueName\":\"search_term_string\"}}],\"inLanguage\":\"fr-FR\"},{\"@type\":\"Organization\",\"@id\":\"https:\\\/\\\/www.okseamless.com\\\/pt\\\/#organization\",\"name\":\"Custom Seamless Shapewear and Yoga Wear Manufacturer in China\",\"url\":\"https:\\\/\\\/www.okseamless.com\\\/pt\\\/\",\"logo\":{\"@type\":\"ImageObject\",\"inLanguage\":\"fr-FR\",\"@id\":\"https:\\\/\\\/www.okseamless.com\\\/pt\\\/#\\\/schema\\\/logo\\\/image\\\/\",\"url\":\"https:\\\/\\\/okseamless.com\\\/wp-content\\\/uploads\\\/2025\\\/03\\\/LOGO.png\",\"contentUrl\":\"https:\\\/\\\/okseamless.com\\\/wp-content\\\/uploads\\\/2025\\\/03\\\/LOGO.png\",\"width\":685,\"height\":218,\"caption\":\"Custom Seamless Shapewear and Yoga Wear Manufacturer in China\"},\"image\":{\"@id\":\"https:\\\/\\\/www.okseamless.com\\\/pt\\\/#\\\/schema\\\/logo\\\/image\\\/\"},\"sameAs\":[\"https:\\\/\\\/www.facebook.com\\\/share\\\/1TH24JnBgY\\\/?mibextid=wwXIfr\"]}]}<\/script>\n<!-- \/ Yoast SEO plugin. -->","yoast_head_json":{"title":"Padded Butt Lifter Panties - Custom Seamless Shapewear and Yoga Wear Manufacturer in China","robots":{"index":"index","follow":"follow","max-snippet":"max-snippet:-1","max-image-preview":"max-image-preview:large","max-video-preview":"max-video-preview:-1"},"canonical":"https:\/\/okseamless.com\/fr\/produit\/padded-butt-lifter-panties\/","og_locale":"fr_FR","og_type":"article","og_title":"Padded Butt Lifter Panties - Custom Seamless Shapewear and Yoga Wear Manufacturer in China","og_description":"Model No:JS079  Wanna feel supported &amp; enhanced in seconds? This is ultimately the best shaping underwear for tummy and waist you\u2019ll ever own. Seamless design ensures you not only look your best in clothing but feel your best underneath.\u00a0Everyday Shaping Thong provide just enough shaping to keep you confident and in control all day.  Features   Feature with butt lifter design, built-in 2 removable foam pads. Helps lift the butt and gives you a natural shaped bottom.  With targeted tummy control features soft, stretch fabric for a pretty lingerie look.  The great-stretch fabrics are great for covering fat without being uncomfortable.  Seamless Underwear Thong styling combines with just the right amount of shaping.  Two steel bones on each side of the waist prevent curling.  Fabric Details\u00a0: 83% Nylon\u00a017%\u00a0Spandex","og_url":"https:\/\/okseamless.com\/fr\/produit\/padded-butt-lifter-panties\/","og_site_name":"Custom Seamless Shapewear and Yoga Wear Manufacturer in China","article_publisher":"https:\/\/www.facebook.com\/share\/1TH24JnBgY\/?mibextid=wwXIfr","og_image":[{"width":416,"height":416,"url":"https:\/\/okseamless.com\/wp-content\/uploads\/2025\/04\/DM_20250408165846_003.png","type":"image\/png"}],"twitter_card":"summary_large_image","twitter_misc":{"Dur\u00e9e de lecture estim\u00e9e":"1 minute"},"schema":{"@context":"https:\/\/schema.org","@graph":[{"@type":"WebPage","@id":"https:\/\/okseamless.com\/product\/padded-butt-lifter-panties\/","url":"https:\/\/okseamless.com\/product\/padded-butt-lifter-panties\/","name":"Padded Butt Lifter Panties - Custom Seamless Shapewear and Yoga Wear Manufacturer in China","isPartOf":{"@id":"https:\/\/www.okseamless.com\/pt\/#website"},"primaryImageOfPage":{"@id":"https:\/\/okseamless.com\/product\/padded-butt-lifter-panties\/#primaryimage"},"image":{"@id":"https:\/\/okseamless.com\/product\/padded-butt-lifter-panties\/#primaryimage"},"thumbnailUrl":"https:\/\/okseamless.com\/wp-content\/uploads\/2025\/04\/DM_20250408165846_003.png","datePublished":"2025-04-12T04:47:42+00:00","breadcrumb":{"@id":"https:\/\/okseamless.com\/product\/padded-butt-lifter-panties\/#breadcrumb"},"inLanguage":"fr-FR","potentialAction":[{"@type":"ReadAction","target":["https:\/\/okseamless.com\/product\/padded-butt-lifter-panties\/"]}]},{"@type":"ImageObject","inLanguage":"fr-FR","@id":"https:\/\/okseamless.com\/product\/padded-butt-lifter-panties\/#primaryimage","url":"https:\/\/okseamless.com\/wp-content\/uploads\/2025\/04\/DM_20250408165846_003.png","contentUrl":"https:\/\/okseamless.com\/wp-content\/uploads\/2025\/04\/DM_20250408165846_003.png","width":416,"height":416},{"@type":"BreadcrumbList","@id":"https:\/\/okseamless.com\/product\/padded-butt-lifter-panties\/#breadcrumb","itemListElement":[{"@type":"ListItem","position":1,"name":"\u9996\u9875","item":"https:\/\/okseamless.com\/"},{"@type":"ListItem","position":2,"name":"Produtos","item":"https:\/\/www.okseamless.com\/pt\/shop\/"},{"@type":"ListItem","position":3,"name":"Padded Butt Lifter Panties"}]},{"@type":"WebSite","@id":"https:\/\/www.okseamless.com\/pt\/#website","url":"https:\/\/www.okseamless.com\/pt\/","name":"Fabricant de v\u00eatements de forme sans couture et de v\u00eatements de yoga en Chine","description":"","publisher":{"@id":"https:\/\/www.okseamless.com\/pt\/#organization"},"potentialAction":[{"@type":"SearchAction","target":{"@type":"EntryPoint","urlTemplate":"https:\/\/www.okseamless.com\/pt\/?s={search_term_string}"},"query-input":{"@type":"PropertyValueSpecification","valueRequired":true,"valueName":"search_term_string"}}],"inLanguage":"fr-FR"},{"@type":"Organization","@id":"https:\/\/www.okseamless.com\/pt\/#organization","name":"Fabricant de v\u00eatements de forme sans couture et de v\u00eatements de yoga en Chine","url":"https:\/\/www.okseamless.com\/pt\/","logo":{"@type":"ImageObject","inLanguage":"fr-FR","@id":"https:\/\/www.okseamless.com\/pt\/#\/schema\/logo\/image\/","url":"https:\/\/okseamless.com\/wp-content\/uploads\/2025\/03\/LOGO.png","contentUrl":"https:\/\/okseamless.com\/wp-content\/uploads\/2025\/03\/LOGO.png","width":685,"height":218,"caption":"Custom Seamless Shapewear and Yoga Wear Manufacturer in China"},"image":{"@id":"https:\/\/www.okseamless.com\/pt\/#\/schema\/logo\/image\/"},"sameAs":["https:\/\/www.facebook.com\/share\/1TH24JnBgY\/?mibextid=wwXIfr"]}]}},"_links":{"self":[{"href":"https:\/\/okseamless.com\/fr\/wp-json\/wp\/v2\/product\/2950","targetHints":{"allow":["GET"]}}],"collection":[{"href":"https:\/\/okseamless.com\/fr\/wp-json\/wp\/v2\/product"}],"about":[{"href":"https:\/\/okseamless.com\/fr\/wp-json\/wp\/v2\/types\/product"}],"wp:featuredmedia":[{"embeddable":true,"href":"https:\/\/okseamless.com\/fr\/wp-json\/wp\/v2\/media\/2957"}],"wp:attachment":[{"href":"https:\/\/okseamless.com\/fr\/wp-json\/wp\/v2\/media?parent=2950"}],"wp:term":[{"taxonomy":"product_brand","embeddable":true,"href":"https:\/\/okseamless.com\/fr\/wp-json\/wp\/v2\/product_brand?post=2950"},{"taxonomy":"product_cat","embeddable":true,"href":"https:\/\/okseamless.com\/fr\/wp-json\/wp\/v2\/product_cat?post=2950"},{"taxonomy":"product_tag","embeddable":true,"href":"https:\/\/okseamless.com\/fr\/wp-json\/wp\/v2\/product_tag?post=2950"}],"curies":[{"name":"wp","href":"https:\/\/api.w.org\/{rel}","templated":true}]}}