{"id":2625,"date":"2025-04-11T04:54:06","date_gmt":"2025-04-11T04:54:06","guid":{"rendered":"https:\/\/okseamless.com\/?post_type=product&#038;p=2625"},"modified":"2025-04-11T04:54:06","modified_gmt":"2025-04-11T04:54:06","slug":"strapless-shapewear-bodysuit-with-built-in-bra","status":"publish","type":"product","link":"https:\/\/okseamless.com\/fr\/produit\/strapless-shapewear-bodysuit-with-built-in-bra\/","title":{"rendered":"Body Shapewear sans bretelles avec soutien-gorge int\u00e9gr\u00e9"},"content":{"rendered":"","protected":false},"excerpt":{"rendered":"<p>Model No:JS035<\/p>\n<p><strong><b>Description<\/b><\/strong><\/p>\n<p>D\u00e9couvrez la transformation corporelle ultime gr\u00e2ce \u00e0 notre body tout-en-un. Con\u00e7u avec une longueur flatteuse \u00e0 mi-cuisse, il fait des merveilles sur votre silhouette en raffermissant votre c\u0153ur, en soulevant et en modelant vos fesses et votre poitrine, et en lissant le haut de vos cuisses. La construction sans couture et ultra-douce garantit un ajustement confortable et met en valeur les formes naturelles de votre corps.<\/p>\n<p><strong><b>Caract\u00e9ristiques<\/b><\/strong><strong><b>:<\/b><\/strong><\/p>\n<ul>\n<li>Features with removable chest pads to allow you to customize the level of support and shape of your bust.<\/li>\n<li>Features with open crotch design, which makes it convenient to go to the bathroom without taking off the body shaper.<\/li>\n<li>Offer light compression to control your tummy and shape your waist, smooth your curve without squeezing or bunching.<\/li>\n<li>This seamless bodysuit for women with a built-in bra can be used as an under-dress shapewear.<\/li>\n<\/ul>\n<p><strong><b>D\u00e9tails du tissu<\/b><\/strong><strong><b>\u00a0:<\/b><\/strong>80% Nylon 20% Spandex<\/p>","protected":false},"featured_media":2635,"template":"","meta":[],"product_brand":[],"product_cat":[37],"product_tag":[],"class_list":{"0":"post-2625","1":"product","2":"type-product","3":"status-publish","4":"has-post-thumbnail","6":"product_cat-womens-bodysuits","8":"first","9":"instock","10":"shipping-taxable","11":"product-type-simple"},"yoast_head":"<!-- This site is optimized with the Yoast SEO plugin v27.4 - https:\/\/yoast.com\/product\/yoast-seo-wordpress\/ -->\n<title>Strapless Shapewear Bodysuit with Built in Bra - Custom Seamless Shapewear and Yoga Wear Manufacturer in China<\/title>\n<meta name=\"robots\" content=\"index, follow, max-snippet:-1, max-image-preview:large, max-video-preview:-1\" \/>\n<link rel=\"canonical\" href=\"https:\/\/okseamless.com\/fr\/produit\/strapless-shapewear-bodysuit-with-built-in-bra\/\" \/>\n<meta property=\"og:locale\" content=\"fr_FR\" \/>\n<meta property=\"og:type\" content=\"article\" \/>\n<meta property=\"og:title\" content=\"Strapless Shapewear Bodysuit with Built in Bra - Custom Seamless Shapewear and Yoga Wear Manufacturer in China\" \/>\n<meta property=\"og:description\" content=\"Model No:JS035  Description  Discover the ultimate body transformation with our all-in-one shapewear bodysuit. Designed with a flattering mid-thigh length, it works wonders on your figure by cinching your core, lifting and shaping your buttocks and chest, and smoothing your upper thighs. The whisper-soft and seamless construction ensures a comfortable fit and enhances your body&#039;s natural shape.  Features:   Features with removable chest pads to allow you to customize the level of support and shape of your bust.  Features with open crotch design, which makes it convenient to go to the bathroom without taking off the body shaper.  Offer light compression to control your tummy and shape your waist, smooth your curve without squeezing or bunching.  This seamless bodysuit for women with a built-in bra can be used as an under-dress shapewear.  Fabric Details\u00a0:80% Nylon\u00a020% Spandex\" \/>\n<meta property=\"og:url\" content=\"https:\/\/okseamless.com\/fr\/produit\/strapless-shapewear-bodysuit-with-built-in-bra\/\" \/>\n<meta property=\"og:site_name\" content=\"Custom Seamless Shapewear and Yoga Wear Manufacturer in China\" \/>\n<meta property=\"article:publisher\" content=\"https:\/\/www.facebook.com\/share\/1TH24JnBgY\/?mibextid=wwXIfr\" \/>\n<meta property=\"og:image\" content=\"https:\/\/okseamless.com\/wp-content\/uploads\/2025\/04\/DM_20250408104416_002.jpg\" \/>\n\t<meta property=\"og:image:width\" content=\"1600\" \/>\n\t<meta property=\"og:image:height\" content=\"1600\" \/>\n\t<meta property=\"og:image:type\" content=\"image\/jpeg\" \/>\n<meta name=\"twitter:card\" content=\"summary_large_image\" \/>\n<meta name=\"twitter:label1\" content=\"Dur\u00e9e de lecture estim\u00e9e\" \/>\n\t<meta name=\"twitter:data1\" content=\"1 minute\" \/>\n<script type=\"application\/ld+json\" class=\"yoast-schema-graph\">{\"@context\":\"https:\\\/\\\/schema.org\",\"@graph\":[{\"@type\":\"WebPage\",\"@id\":\"https:\\\/\\\/okseamless.com\\\/product\\\/strapless-shapewear-bodysuit-with-built-in-bra\\\/\",\"url\":\"https:\\\/\\\/okseamless.com\\\/product\\\/strapless-shapewear-bodysuit-with-built-in-bra\\\/\",\"name\":\"Strapless Shapewear Bodysuit with Built in Bra - Custom Seamless Shapewear and Yoga Wear Manufacturer in China\",\"isPartOf\":{\"@id\":\"https:\\\/\\\/www.okseamless.com\\\/pt\\\/#website\"},\"primaryImageOfPage\":{\"@id\":\"https:\\\/\\\/okseamless.com\\\/product\\\/strapless-shapewear-bodysuit-with-built-in-bra\\\/#primaryimage\"},\"image\":{\"@id\":\"https:\\\/\\\/okseamless.com\\\/product\\\/strapless-shapewear-bodysuit-with-built-in-bra\\\/#primaryimage\"},\"thumbnailUrl\":\"https:\\\/\\\/okseamless.com\\\/wp-content\\\/uploads\\\/2025\\\/04\\\/DM_20250408104416_002.jpg\",\"datePublished\":\"2025-04-11T04:54:06+00:00\",\"breadcrumb\":{\"@id\":\"https:\\\/\\\/okseamless.com\\\/product\\\/strapless-shapewear-bodysuit-with-built-in-bra\\\/#breadcrumb\"},\"inLanguage\":\"fr-FR\",\"potentialAction\":[{\"@type\":\"ReadAction\",\"target\":[\"https:\\\/\\\/okseamless.com\\\/product\\\/strapless-shapewear-bodysuit-with-built-in-bra\\\/\"]}]},{\"@type\":\"ImageObject\",\"inLanguage\":\"fr-FR\",\"@id\":\"https:\\\/\\\/okseamless.com\\\/product\\\/strapless-shapewear-bodysuit-with-built-in-bra\\\/#primaryimage\",\"url\":\"https:\\\/\\\/okseamless.com\\\/wp-content\\\/uploads\\\/2025\\\/04\\\/DM_20250408104416_002.jpg\",\"contentUrl\":\"https:\\\/\\\/okseamless.com\\\/wp-content\\\/uploads\\\/2025\\\/04\\\/DM_20250408104416_002.jpg\",\"width\":1600,\"height\":1600},{\"@type\":\"BreadcrumbList\",\"@id\":\"https:\\\/\\\/okseamless.com\\\/product\\\/strapless-shapewear-bodysuit-with-built-in-bra\\\/#breadcrumb\",\"itemListElement\":[{\"@type\":\"ListItem\",\"position\":1,\"name\":\"\u9996\u9875\",\"item\":\"https:\\\/\\\/okseamless.com\\\/\"},{\"@type\":\"ListItem\",\"position\":2,\"name\":\"Produtos\",\"item\":\"https:\\\/\\\/www.okseamless.com\\\/pt\\\/shop\\\/\"},{\"@type\":\"ListItem\",\"position\":3,\"name\":\"Strapless Shapewear Bodysuit with Built in Bra\"}]},{\"@type\":\"WebSite\",\"@id\":\"https:\\\/\\\/www.okseamless.com\\\/pt\\\/#website\",\"url\":\"https:\\\/\\\/www.okseamless.com\\\/pt\\\/\",\"name\":\"Custom Seamless Shapewear and Yoga Wear Manufacturer in China\",\"description\":\"\",\"publisher\":{\"@id\":\"https:\\\/\\\/www.okseamless.com\\\/pt\\\/#organization\"},\"potentialAction\":[{\"@type\":\"SearchAction\",\"target\":{\"@type\":\"EntryPoint\",\"urlTemplate\":\"https:\\\/\\\/www.okseamless.com\\\/pt\\\/?s={search_term_string}\"},\"query-input\":{\"@type\":\"PropertyValueSpecification\",\"valueRequired\":true,\"valueName\":\"search_term_string\"}}],\"inLanguage\":\"fr-FR\"},{\"@type\":\"Organization\",\"@id\":\"https:\\\/\\\/www.okseamless.com\\\/pt\\\/#organization\",\"name\":\"Custom Seamless Shapewear and Yoga Wear Manufacturer in China\",\"url\":\"https:\\\/\\\/www.okseamless.com\\\/pt\\\/\",\"logo\":{\"@type\":\"ImageObject\",\"inLanguage\":\"fr-FR\",\"@id\":\"https:\\\/\\\/www.okseamless.com\\\/pt\\\/#\\\/schema\\\/logo\\\/image\\\/\",\"url\":\"https:\\\/\\\/okseamless.com\\\/wp-content\\\/uploads\\\/2025\\\/03\\\/LOGO.png\",\"contentUrl\":\"https:\\\/\\\/okseamless.com\\\/wp-content\\\/uploads\\\/2025\\\/03\\\/LOGO.png\",\"width\":685,\"height\":218,\"caption\":\"Custom Seamless Shapewear and Yoga Wear Manufacturer in China\"},\"image\":{\"@id\":\"https:\\\/\\\/www.okseamless.com\\\/pt\\\/#\\\/schema\\\/logo\\\/image\\\/\"},\"sameAs\":[\"https:\\\/\\\/www.facebook.com\\\/share\\\/1TH24JnBgY\\\/?mibextid=wwXIfr\"]}]}<\/script>\n<!-- \/ Yoast SEO plugin. -->","yoast_head_json":{"title":"Strapless Shapewear Bodysuit with Built in Bra - Custom Seamless Shapewear and Yoga Wear Manufacturer in China","robots":{"index":"index","follow":"follow","max-snippet":"max-snippet:-1","max-image-preview":"max-image-preview:large","max-video-preview":"max-video-preview:-1"},"canonical":"https:\/\/okseamless.com\/fr\/produit\/strapless-shapewear-bodysuit-with-built-in-bra\/","og_locale":"fr_FR","og_type":"article","og_title":"Strapless Shapewear Bodysuit with Built in Bra - Custom Seamless Shapewear and Yoga Wear Manufacturer in China","og_description":"Model No:JS035  Description  Discover the ultimate body transformation with our all-in-one shapewear bodysuit. Designed with a flattering mid-thigh length, it works wonders on your figure by cinching your core, lifting and shaping your buttocks and chest, and smoothing your upper thighs. The whisper-soft and seamless construction ensures a comfortable fit and enhances your body's natural shape.  Features:   Features with removable chest pads to allow you to customize the level of support and shape of your bust.  Features with open crotch design, which makes it convenient to go to the bathroom without taking off the body shaper.  Offer light compression to control your tummy and shape your waist, smooth your curve without squeezing or bunching.  This seamless bodysuit for women with a built-in bra can be used as an under-dress shapewear.  Fabric Details\u00a0:80% Nylon\u00a020% Spandex","og_url":"https:\/\/okseamless.com\/fr\/produit\/strapless-shapewear-bodysuit-with-built-in-bra\/","og_site_name":"Custom Seamless Shapewear and Yoga Wear Manufacturer in China","article_publisher":"https:\/\/www.facebook.com\/share\/1TH24JnBgY\/?mibextid=wwXIfr","og_image":[{"width":1600,"height":1600,"url":"https:\/\/okseamless.com\/wp-content\/uploads\/2025\/04\/DM_20250408104416_002.jpg","type":"image\/jpeg"}],"twitter_card":"summary_large_image","twitter_misc":{"Dur\u00e9e de lecture estim\u00e9e":"1 minute"},"schema":{"@context":"https:\/\/schema.org","@graph":[{"@type":"WebPage","@id":"https:\/\/okseamless.com\/product\/strapless-shapewear-bodysuit-with-built-in-bra\/","url":"https:\/\/okseamless.com\/product\/strapless-shapewear-bodysuit-with-built-in-bra\/","name":"Strapless Shapewear Bodysuit with Built in Bra - Custom Seamless Shapewear and Yoga Wear Manufacturer in China","isPartOf":{"@id":"https:\/\/www.okseamless.com\/pt\/#website"},"primaryImageOfPage":{"@id":"https:\/\/okseamless.com\/product\/strapless-shapewear-bodysuit-with-built-in-bra\/#primaryimage"},"image":{"@id":"https:\/\/okseamless.com\/product\/strapless-shapewear-bodysuit-with-built-in-bra\/#primaryimage"},"thumbnailUrl":"https:\/\/okseamless.com\/wp-content\/uploads\/2025\/04\/DM_20250408104416_002.jpg","datePublished":"2025-04-11T04:54:06+00:00","breadcrumb":{"@id":"https:\/\/okseamless.com\/product\/strapless-shapewear-bodysuit-with-built-in-bra\/#breadcrumb"},"inLanguage":"fr-FR","potentialAction":[{"@type":"ReadAction","target":["https:\/\/okseamless.com\/product\/strapless-shapewear-bodysuit-with-built-in-bra\/"]}]},{"@type":"ImageObject","inLanguage":"fr-FR","@id":"https:\/\/okseamless.com\/product\/strapless-shapewear-bodysuit-with-built-in-bra\/#primaryimage","url":"https:\/\/okseamless.com\/wp-content\/uploads\/2025\/04\/DM_20250408104416_002.jpg","contentUrl":"https:\/\/okseamless.com\/wp-content\/uploads\/2025\/04\/DM_20250408104416_002.jpg","width":1600,"height":1600},{"@type":"BreadcrumbList","@id":"https:\/\/okseamless.com\/product\/strapless-shapewear-bodysuit-with-built-in-bra\/#breadcrumb","itemListElement":[{"@type":"ListItem","position":1,"name":"\u9996\u9875","item":"https:\/\/okseamless.com\/"},{"@type":"ListItem","position":2,"name":"Produtos","item":"https:\/\/www.okseamless.com\/pt\/shop\/"},{"@type":"ListItem","position":3,"name":"Strapless Shapewear Bodysuit with Built in Bra"}]},{"@type":"WebSite","@id":"https:\/\/www.okseamless.com\/pt\/#website","url":"https:\/\/www.okseamless.com\/pt\/","name":"Fabricant de v\u00eatements de forme sans couture et de v\u00eatements de yoga en Chine","description":"","publisher":{"@id":"https:\/\/www.okseamless.com\/pt\/#organization"},"potentialAction":[{"@type":"SearchAction","target":{"@type":"EntryPoint","urlTemplate":"https:\/\/www.okseamless.com\/pt\/?s={search_term_string}"},"query-input":{"@type":"PropertyValueSpecification","valueRequired":true,"valueName":"search_term_string"}}],"inLanguage":"fr-FR"},{"@type":"Organization","@id":"https:\/\/www.okseamless.com\/pt\/#organization","name":"Fabricant de v\u00eatements de forme sans couture et de v\u00eatements de yoga en Chine","url":"https:\/\/www.okseamless.com\/pt\/","logo":{"@type":"ImageObject","inLanguage":"fr-FR","@id":"https:\/\/www.okseamless.com\/pt\/#\/schema\/logo\/image\/","url":"https:\/\/okseamless.com\/wp-content\/uploads\/2025\/03\/LOGO.png","contentUrl":"https:\/\/okseamless.com\/wp-content\/uploads\/2025\/03\/LOGO.png","width":685,"height":218,"caption":"Custom Seamless Shapewear and Yoga Wear Manufacturer in China"},"image":{"@id":"https:\/\/www.okseamless.com\/pt\/#\/schema\/logo\/image\/"},"sameAs":["https:\/\/www.facebook.com\/share\/1TH24JnBgY\/?mibextid=wwXIfr"]}]}},"_links":{"self":[{"href":"https:\/\/okseamless.com\/fr\/wp-json\/wp\/v2\/product\/2625","targetHints":{"allow":["GET"]}}],"collection":[{"href":"https:\/\/okseamless.com\/fr\/wp-json\/wp\/v2\/product"}],"about":[{"href":"https:\/\/okseamless.com\/fr\/wp-json\/wp\/v2\/types\/product"}],"wp:featuredmedia":[{"embeddable":true,"href":"https:\/\/okseamless.com\/fr\/wp-json\/wp\/v2\/media\/2635"}],"wp:attachment":[{"href":"https:\/\/okseamless.com\/fr\/wp-json\/wp\/v2\/media?parent=2625"}],"wp:term":[{"taxonomy":"product_brand","embeddable":true,"href":"https:\/\/okseamless.com\/fr\/wp-json\/wp\/v2\/product_brand?post=2625"},{"taxonomy":"product_cat","embeddable":true,"href":"https:\/\/okseamless.com\/fr\/wp-json\/wp\/v2\/product_cat?post=2625"},{"taxonomy":"product_tag","embeddable":true,"href":"https:\/\/okseamless.com\/fr\/wp-json\/wp\/v2\/product_tag?post=2625"}],"curies":[{"name":"wp","href":"https:\/\/api.w.org\/{rel}","templated":true}]}}