{"id":2617,"date":"2025-04-11T04:49:01","date_gmt":"2025-04-11T04:49:01","guid":{"rendered":"https:\/\/okseamless.com\/?post_type=product&#038;p=2617"},"modified":"2025-04-11T04:49:01","modified_gmt":"2025-04-11T04:49:01","slug":"front-zipper-lace-shorts","status":"publish","type":"product","link":"https:\/\/okseamless.com\/fr\/produit\/front-zipper-lace-shorts\/","title":{"rendered":"Short en dentelle \u00e0 fermeture \u00e9clair sur le devant"},"content":{"rendered":"","protected":false},"excerpt":{"rendered":"<p>Mod\u00e8le n\u00b0:JS034<\/p>\n<p><strong><b>Description<\/b><\/strong><\/p>\n<p>Une silhouette ultra-l\u00e9g\u00e8re, digne des c\u00e9l\u00e9brit\u00e9s, n'est plus qu'\u00e0 un pas. Un modelage tout-en-un, avec des pouvoirs sculptants et lissants pour le corps. Sans bretelles et magnifique. Le Short Amincissant avec Butt Lifter vous donne instantan\u00e9ment l'impression d'\u00eatre soutenue et amincie \u00e0 tous les bons endroits. Con\u00e7u pour affiner votre ventre et vos cuisses sans effort. La fermet\u00e9 et l'\u00e9tanch\u00e9it\u00e9 de nos shorts vous permettent de vous sentir parfaite.<\/p>\n<p><strong><b>Caract\u00e9ristiques<\/b><\/strong><strong><b>:<\/b><\/strong><\/p>\n<ul>\n<li>La conception de la fermeture \u00e0 glissi\u00e8re et des crochets permet de mieux comprimer l'abdomen, tout en facilitant l'enfilage et le retrait.<\/li>\n<li>Pas de silhouette \u00e0 la baisse des hanches. Le magic padded les structure et les arrondit.<\/li>\n<li>Le tissu respirant et confortable convient aux v\u00eatements de tous les jours, au yoga, au jogging, \u00e0 la course \u00e0 pied, au fitness, au cyclisme, etc.<\/li>\n<li>Gr\u00e2ce \u00e0 la construction avanc\u00e9e du tissu, notre serre-taille offre une respirabilit\u00e9 sup\u00e9rieure et une sensation de seconde peau, ce qui permet d'obtenir une silhouette parfaite sans faire de compromis sur le confort.<\/li>\n<\/ul>\n<p><strong><b>D\u00e9tails du tissu<\/b><\/strong><strong><b>\u00a0:<\/b><\/strong>84% Nylon 16% Spandex<\/p>","protected":false},"featured_media":2619,"template":"","meta":[],"product_brand":[],"product_cat":[36],"product_tag":[],"class_list":{"0":"post-2617","1":"product","2":"type-product","3":"status-publish","4":"has-post-thumbnail","6":"product_cat-womens-bottoms","8":"first","9":"instock","10":"shipping-taxable","11":"product-type-simple"},"yoast_head":"<!-- This site is optimized with the Yoast SEO plugin v27.4 - https:\/\/yoast.com\/product\/yoast-seo-wordpress\/ -->\n<title>Front Zipper Lace Shorts - Custom Seamless Shapewear and Yoga Wear Manufacturer in China<\/title>\n<meta name=\"robots\" content=\"index, follow, max-snippet:-1, max-image-preview:large, max-video-preview:-1\" \/>\n<link rel=\"canonical\" href=\"https:\/\/www.okseamless.com\/fr\/produit\/front-zipper-lace-shorts\/\" \/>\n<meta property=\"og:locale\" content=\"fr_FR\" \/>\n<meta property=\"og:type\" content=\"article\" \/>\n<meta property=\"og:title\" content=\"Front Zipper Lace Shorts - Custom Seamless Shapewear and Yoga Wear Manufacturer in China\" \/>\n<meta property=\"og:description\" content=\"Model No:JS034  Description  A super sleek, celebrity like silhouette is one step away. An all-in-one shaper, with body smoothing sculpting powers. Go strapless &amp; gorgeous. Shaper Shorts with Butt Lifter makes you instantly feel supported and slimmed in all the right places. Designed to effortlessly tuck your tummy and slim your thighs. The firmness and tightness of our shorts make you feel perfect.  Features:   The design of the zipper &amp; hooks feel even more compression of the abdomen, at the same time, it is easier and more comfortable to put on and take off.  No hip dips silhouette. The padded magic will structure and round them up.  Breathable and comfortable fabric is suitable for everyday wear, yoga, jogging, running, fitness, cycling, and more.  With the advanced fabric construction, our waist trainer provides superior breathability and a second-skin feel, providing the perfect silhouette without compromising on comfort.  Fabric Details\u00a0:84% Nylon\u00a016% Spandex\" \/>\n<meta property=\"og:url\" content=\"https:\/\/www.okseamless.com\/fr\/produit\/front-zipper-lace-shorts\/\" \/>\n<meta property=\"og:site_name\" content=\"Custom Seamless Shapewear and Yoga Wear Manufacturer in China\" \/>\n<meta property=\"article:publisher\" content=\"https:\/\/www.facebook.com\/share\/1TH24JnBgY\/?mibextid=wwXIfr\" \/>\n<meta property=\"og:image\" content=\"https:\/\/www.okseamless.com\/wp-content\/uploads\/2025\/04\/DM_20250408184319_003.jpg\" \/>\n\t<meta property=\"og:image:width\" content=\"1600\" \/>\n\t<meta property=\"og:image:height\" content=\"1600\" \/>\n\t<meta property=\"og:image:type\" content=\"image\/jpeg\" \/>\n<meta name=\"twitter:card\" content=\"summary_large_image\" \/>\n<meta name=\"twitter:label1\" content=\"Dur\u00e9e de lecture estim\u00e9e\" \/>\n\t<meta name=\"twitter:data1\" content=\"1 minute\" \/>\n<script type=\"application\/ld+json\" class=\"yoast-schema-graph\">{\"@context\":\"https:\\\/\\\/schema.org\",\"@graph\":[{\"@type\":\"WebPage\",\"@id\":\"https:\\\/\\\/www.okseamless.com\\\/fr\\\/produit\\\/front-zipper-lace-shorts\\\/\",\"url\":\"https:\\\/\\\/www.okseamless.com\\\/fr\\\/produit\\\/front-zipper-lace-shorts\\\/\",\"name\":\"Front Zipper Lace Shorts - Custom Seamless Shapewear and Yoga Wear Manufacturer in China\",\"isPartOf\":{\"@id\":\"https:\\\/\\\/www.okseamless.com\\\/pt\\\/#website\"},\"primaryImageOfPage\":{\"@id\":\"https:\\\/\\\/www.okseamless.com\\\/fr\\\/produit\\\/front-zipper-lace-shorts\\\/#primaryimage\"},\"image\":{\"@id\":\"https:\\\/\\\/www.okseamless.com\\\/fr\\\/produit\\\/front-zipper-lace-shorts\\\/#primaryimage\"},\"thumbnailUrl\":\"https:\\\/\\\/okseamless.com\\\/wp-content\\\/uploads\\\/2025\\\/04\\\/DM_20250408184319_003.jpg\",\"datePublished\":\"2025-04-11T04:49:01+00:00\",\"breadcrumb\":{\"@id\":\"https:\\\/\\\/www.okseamless.com\\\/fr\\\/produit\\\/front-zipper-lace-shorts\\\/#breadcrumb\"},\"inLanguage\":\"fr-FR\",\"potentialAction\":[{\"@type\":\"ReadAction\",\"target\":[\"https:\\\/\\\/www.okseamless.com\\\/fr\\\/produit\\\/front-zipper-lace-shorts\\\/\"]}]},{\"@type\":\"ImageObject\",\"inLanguage\":\"fr-FR\",\"@id\":\"https:\\\/\\\/www.okseamless.com\\\/fr\\\/produit\\\/front-zipper-lace-shorts\\\/#primaryimage\",\"url\":\"https:\\\/\\\/okseamless.com\\\/wp-content\\\/uploads\\\/2025\\\/04\\\/DM_20250408184319_003.jpg\",\"contentUrl\":\"https:\\\/\\\/okseamless.com\\\/wp-content\\\/uploads\\\/2025\\\/04\\\/DM_20250408184319_003.jpg\",\"width\":1600,\"height\":1600},{\"@type\":\"BreadcrumbList\",\"@id\":\"https:\\\/\\\/www.okseamless.com\\\/fr\\\/produit\\\/front-zipper-lace-shorts\\\/#breadcrumb\",\"itemListElement\":[{\"@type\":\"ListItem\",\"position\":1,\"name\":\"\u9996\u9875\",\"item\":\"https:\\\/\\\/okseamless.com\\\/\"},{\"@type\":\"ListItem\",\"position\":2,\"name\":\"Produtos\",\"item\":\"https:\\\/\\\/www.okseamless.com\\\/pt\\\/shop\\\/\"},{\"@type\":\"ListItem\",\"position\":3,\"name\":\"Front Zipper Lace Shorts\"}]},{\"@type\":\"WebSite\",\"@id\":\"https:\\\/\\\/www.okseamless.com\\\/pt\\\/#website\",\"url\":\"https:\\\/\\\/www.okseamless.com\\\/pt\\\/\",\"name\":\"Custom Seamless Shapewear and Yoga Wear Manufacturer in China\",\"description\":\"\",\"publisher\":{\"@id\":\"https:\\\/\\\/www.okseamless.com\\\/pt\\\/#organization\"},\"potentialAction\":[{\"@type\":\"SearchAction\",\"target\":{\"@type\":\"EntryPoint\",\"urlTemplate\":\"https:\\\/\\\/www.okseamless.com\\\/pt\\\/?s={search_term_string}\"},\"query-input\":{\"@type\":\"PropertyValueSpecification\",\"valueRequired\":true,\"valueName\":\"search_term_string\"}}],\"inLanguage\":\"fr-FR\"},{\"@type\":\"Organization\",\"@id\":\"https:\\\/\\\/www.okseamless.com\\\/pt\\\/#organization\",\"name\":\"Custom Seamless Shapewear and Yoga Wear Manufacturer in China\",\"url\":\"https:\\\/\\\/www.okseamless.com\\\/pt\\\/\",\"logo\":{\"@type\":\"ImageObject\",\"inLanguage\":\"fr-FR\",\"@id\":\"https:\\\/\\\/www.okseamless.com\\\/pt\\\/#\\\/schema\\\/logo\\\/image\\\/\",\"url\":\"https:\\\/\\\/okseamless.com\\\/wp-content\\\/uploads\\\/2025\\\/03\\\/LOGO.png\",\"contentUrl\":\"https:\\\/\\\/okseamless.com\\\/wp-content\\\/uploads\\\/2025\\\/03\\\/LOGO.png\",\"width\":685,\"height\":218,\"caption\":\"Custom Seamless Shapewear and Yoga Wear Manufacturer in China\"},\"image\":{\"@id\":\"https:\\\/\\\/www.okseamless.com\\\/pt\\\/#\\\/schema\\\/logo\\\/image\\\/\"},\"sameAs\":[\"https:\\\/\\\/www.facebook.com\\\/share\\\/1TH24JnBgY\\\/?mibextid=wwXIfr\"]}]}<\/script>\n<!-- \/ Yoast SEO plugin. -->","yoast_head_json":{"title":"Front Zipper Lace Shorts - Custom Seamless Shapewear and Yoga Wear Manufacturer in China","robots":{"index":"index","follow":"follow","max-snippet":"max-snippet:-1","max-image-preview":"max-image-preview:large","max-video-preview":"max-video-preview:-1"},"canonical":"https:\/\/www.okseamless.com\/fr\/produit\/front-zipper-lace-shorts\/","og_locale":"fr_FR","og_type":"article","og_title":"Front Zipper Lace Shorts - Custom Seamless Shapewear and Yoga Wear Manufacturer in China","og_description":"Model No:JS034  Description  A super sleek, celebrity like silhouette is one step away. An all-in-one shaper, with body smoothing sculpting powers. Go strapless &amp; gorgeous. Shaper Shorts with Butt Lifter makes you instantly feel supported and slimmed in all the right places. Designed to effortlessly tuck your tummy and slim your thighs. The firmness and tightness of our shorts make you feel perfect.  Features:   The design of the zipper &amp; hooks feel even more compression of the abdomen, at the same time, it is easier and more comfortable to put on and take off.  No hip dips silhouette. The padded magic will structure and round them up.  Breathable and comfortable fabric is suitable for everyday wear, yoga, jogging, running, fitness, cycling, and more.  With the advanced fabric construction, our waist trainer provides superior breathability and a second-skin feel, providing the perfect silhouette without compromising on comfort.  Fabric Details\u00a0:84% Nylon\u00a016% Spandex","og_url":"https:\/\/www.okseamless.com\/fr\/produit\/front-zipper-lace-shorts\/","og_site_name":"Custom Seamless Shapewear and Yoga Wear Manufacturer in China","article_publisher":"https:\/\/www.facebook.com\/share\/1TH24JnBgY\/?mibextid=wwXIfr","og_image":[{"width":1600,"height":1600,"url":"https:\/\/www.okseamless.com\/wp-content\/uploads\/2025\/04\/DM_20250408184319_003.jpg","type":"image\/jpeg"}],"twitter_card":"summary_large_image","twitter_misc":{"Dur\u00e9e de lecture estim\u00e9e":"1 minute"},"schema":{"@context":"https:\/\/schema.org","@graph":[{"@type":"WebPage","@id":"https:\/\/www.okseamless.com\/fr\/produit\/front-zipper-lace-shorts\/","url":"https:\/\/www.okseamless.com\/fr\/produit\/front-zipper-lace-shorts\/","name":"Front Zipper Lace Shorts - Custom Seamless Shapewear and Yoga Wear Manufacturer in China","isPartOf":{"@id":"https:\/\/www.okseamless.com\/pt\/#website"},"primaryImageOfPage":{"@id":"https:\/\/www.okseamless.com\/fr\/produit\/front-zipper-lace-shorts\/#primaryimage"},"image":{"@id":"https:\/\/www.okseamless.com\/fr\/produit\/front-zipper-lace-shorts\/#primaryimage"},"thumbnailUrl":"https:\/\/okseamless.com\/wp-content\/uploads\/2025\/04\/DM_20250408184319_003.jpg","datePublished":"2025-04-11T04:49:01+00:00","breadcrumb":{"@id":"https:\/\/www.okseamless.com\/fr\/produit\/front-zipper-lace-shorts\/#breadcrumb"},"inLanguage":"fr-FR","potentialAction":[{"@type":"ReadAction","target":["https:\/\/www.okseamless.com\/fr\/produit\/front-zipper-lace-shorts\/"]}]},{"@type":"ImageObject","inLanguage":"fr-FR","@id":"https:\/\/www.okseamless.com\/fr\/produit\/front-zipper-lace-shorts\/#primaryimage","url":"https:\/\/okseamless.com\/wp-content\/uploads\/2025\/04\/DM_20250408184319_003.jpg","contentUrl":"https:\/\/okseamless.com\/wp-content\/uploads\/2025\/04\/DM_20250408184319_003.jpg","width":1600,"height":1600},{"@type":"BreadcrumbList","@id":"https:\/\/www.okseamless.com\/fr\/produit\/front-zipper-lace-shorts\/#breadcrumb","itemListElement":[{"@type":"ListItem","position":1,"name":"\u9996\u9875","item":"https:\/\/okseamless.com\/"},{"@type":"ListItem","position":2,"name":"Produtos","item":"https:\/\/www.okseamless.com\/pt\/shop\/"},{"@type":"ListItem","position":3,"name":"Front Zipper Lace Shorts"}]},{"@type":"WebSite","@id":"https:\/\/www.okseamless.com\/pt\/#website","url":"https:\/\/www.okseamless.com\/pt\/","name":"Fabricant de v\u00eatements de forme sans couture et de v\u00eatements de yoga en Chine","description":"","publisher":{"@id":"https:\/\/www.okseamless.com\/pt\/#organization"},"potentialAction":[{"@type":"SearchAction","target":{"@type":"EntryPoint","urlTemplate":"https:\/\/www.okseamless.com\/pt\/?s={search_term_string}"},"query-input":{"@type":"PropertyValueSpecification","valueRequired":true,"valueName":"search_term_string"}}],"inLanguage":"fr-FR"},{"@type":"Organization","@id":"https:\/\/www.okseamless.com\/pt\/#organization","name":"Fabricant de v\u00eatements de forme sans couture et de v\u00eatements de yoga en Chine","url":"https:\/\/www.okseamless.com\/pt\/","logo":{"@type":"ImageObject","inLanguage":"fr-FR","@id":"https:\/\/www.okseamless.com\/pt\/#\/schema\/logo\/image\/","url":"https:\/\/okseamless.com\/wp-content\/uploads\/2025\/03\/LOGO.png","contentUrl":"https:\/\/okseamless.com\/wp-content\/uploads\/2025\/03\/LOGO.png","width":685,"height":218,"caption":"Custom Seamless Shapewear and Yoga Wear Manufacturer in China"},"image":{"@id":"https:\/\/www.okseamless.com\/pt\/#\/schema\/logo\/image\/"},"sameAs":["https:\/\/www.facebook.com\/share\/1TH24JnBgY\/?mibextid=wwXIfr"]}]}},"_links":{"self":[{"href":"https:\/\/okseamless.com\/fr\/wp-json\/wp\/v2\/product\/2617","targetHints":{"allow":["GET"]}}],"collection":[{"href":"https:\/\/okseamless.com\/fr\/wp-json\/wp\/v2\/product"}],"about":[{"href":"https:\/\/okseamless.com\/fr\/wp-json\/wp\/v2\/types\/product"}],"wp:featuredmedia":[{"embeddable":true,"href":"https:\/\/okseamless.com\/fr\/wp-json\/wp\/v2\/media\/2619"}],"wp:attachment":[{"href":"https:\/\/okseamless.com\/fr\/wp-json\/wp\/v2\/media?parent=2617"}],"wp:term":[{"taxonomy":"product_brand","embeddable":true,"href":"https:\/\/okseamless.com\/fr\/wp-json\/wp\/v2\/product_brand?post=2617"},{"taxonomy":"product_cat","embeddable":true,"href":"https:\/\/okseamless.com\/fr\/wp-json\/wp\/v2\/product_cat?post=2617"},{"taxonomy":"product_tag","embeddable":true,"href":"https:\/\/okseamless.com\/fr\/wp-json\/wp\/v2\/product_tag?post=2617"}],"curies":[{"name":"wp","href":"https:\/\/api.w.org\/{rel}","templated":true}]}}