{"id":2355,"date":"2025-04-11T01:26:35","date_gmt":"2025-04-11T01:26:35","guid":{"rendered":"https:\/\/okseamless.com\/?post_type=product&#038;p=2355"},"modified":"2025-04-11T01:26:35","modified_gmt":"2025-04-11T01:26:35","slug":"strapless-shapewear-cami-slimming-tube-top","status":"publish","type":"product","link":"https:\/\/okseamless.com\/fr\/produit\/strapless-shapewear-cami-slimming-tube-top\/","title":{"rendered":"Cami Shapewear sans bretelles Top tube amincissant"},"content":{"rendered":"","protected":false},"excerpt":{"rendered":"<p>Model NO:JS008<\/p>\n<p>Enfilez ce d\u00e9bardeur Essentials Shaping Tank et soyez \u00e0 votre avantage en quelques secondes.  Dot\u00e9 d'un panneau de contr\u00f4le \u00e0 360 degr\u00e9s, ce d\u00e9bardeur affine la taille tout en lissant les poign\u00e9es d'amour, en contr\u00f4lant les bourrelets et en rehaussant le buste.  Portez-le avec un jean, un pantalon de d\u00e9tente ou associez-le \u00e0 un legging et un blazer. Un basique que vous pouvez toujours utiliser !<\/p>\n<p><strong><b>Caract\u00e9ristiques<\/b><\/strong><\/p>\n<ul>\n<li>Double layered fabric at the chest: provides cover like regular bra.<\/li>\n<li>Double track wavy drip glue on the chest collar effectively<br \/>\nreduces slippage.<\/li>\n<li>Widened and lengthening hem design for more<br \/>\ncomfortable wearing and preventing slipping or digging.<\/li>\n<li>Meilleur mat\u00e9riau pour une meilleure flexibilit\u00e9 et une sensation de l\u00e9g\u00e8ret\u00e9.<\/li>\n<li>Parfait pour une tenue de tous les jours ou comme pi\u00e8ce de superposition confortable.<\/li>\n<\/ul>\n<p><strong><b>D\u00e9tails du tissu<\/b><\/strong><\/p>\n<ul>\n<li>96% Nylon<\/li>\n<li>4% Spandex<\/li>\n<\/ul>","protected":false},"featured_media":2359,"template":"","meta":[],"product_brand":[],"product_cat":[35],"product_tag":[],"class_list":{"0":"post-2355","1":"product","2":"type-product","3":"status-publish","4":"has-post-thumbnail","6":"product_cat-womens-tops","8":"first","9":"instock","10":"shipping-taxable","11":"product-type-simple"},"yoast_head":"<!-- This site is optimized with the Yoast SEO plugin v27.4 - https:\/\/yoast.com\/product\/yoast-seo-wordpress\/ -->\n<title>Strapless Shapewear Cami Slimming Tube Top - Custom Seamless Shapewear and Yoga Wear Manufacturer in China<\/title>\n<meta name=\"robots\" content=\"index, follow, max-snippet:-1, max-image-preview:large, max-video-preview:-1\" \/>\n<link rel=\"canonical\" href=\"https:\/\/www.okseamless.com\/product\/strapless-shapewear-cami-slimming-tube-top\/\" \/>\n<meta property=\"og:locale\" content=\"fr_FR\" \/>\n<meta property=\"og:type\" content=\"article\" \/>\n<meta property=\"og:title\" content=\"Strapless Shapewear Cami Slimming Tube Top - Custom Seamless Shapewear and Yoga Wear Manufacturer in China\" \/>\n<meta property=\"og:description\" content=\"Model NO:JS008  Slip into this Essentials Shaping Tank and look your best in seconds.\u00a0 Made with a 360-degree control panel, this tank top slims the waist while smoothing love handles, controlling muffin tops, and giving the bust a lift.\u00a0 Wear it with jeans, lounge pants or pair it with leggings and a blazer. A basic you can always use!  Features   Double layered fabric at the chest: provides cover like regular bra.  Double track wavy drip glue on the chest collar effectively reduces slippage.  Widened and lengthening hem design for more comfortable wearing and preventing slipping or digging.  Best material for better flexibility and the most lightweight feel.  Perfect for everyday wear or as a comfortable layering piece.  Fabric Details   96% Nylon  4% Spandex\" \/>\n<meta property=\"og:url\" content=\"https:\/\/www.okseamless.com\/product\/strapless-shapewear-cami-slimming-tube-top\/\" \/>\n<meta property=\"og:site_name\" content=\"Custom Seamless Shapewear and Yoga Wear Manufacturer in China\" \/>\n<meta property=\"article:publisher\" content=\"https:\/\/www.facebook.com\/share\/1TH24JnBgY\/?mibextid=wwXIfr\" \/>\n<meta property=\"og:image\" content=\"https:\/\/www.okseamless.com\/wp-content\/uploads\/2025\/04\/DM_20250408163824_004.jpg\" \/>\n\t<meta property=\"og:image:width\" content=\"1600\" \/>\n\t<meta property=\"og:image:height\" content=\"1600\" \/>\n\t<meta property=\"og:image:type\" content=\"image\/jpeg\" \/>\n<meta name=\"twitter:card\" content=\"summary_large_image\" \/>\n<meta name=\"twitter:label1\" content=\"Dur\u00e9e de lecture estim\u00e9e\" \/>\n\t<meta name=\"twitter:data1\" content=\"1 minute\" \/>\n<script type=\"application\/ld+json\" class=\"yoast-schema-graph\">{\"@context\":\"https:\\\/\\\/schema.org\",\"@graph\":[{\"@type\":\"WebPage\",\"@id\":\"https:\\\/\\\/www.okseamless.com\\\/product\\\/strapless-shapewear-cami-slimming-tube-top\\\/\",\"url\":\"https:\\\/\\\/www.okseamless.com\\\/product\\\/strapless-shapewear-cami-slimming-tube-top\\\/\",\"name\":\"Strapless Shapewear Cami Slimming Tube Top - Custom Seamless Shapewear and Yoga Wear Manufacturer in China\",\"isPartOf\":{\"@id\":\"https:\\\/\\\/www.okseamless.com\\\/pt\\\/#website\"},\"primaryImageOfPage\":{\"@id\":\"https:\\\/\\\/www.okseamless.com\\\/product\\\/strapless-shapewear-cami-slimming-tube-top\\\/#primaryimage\"},\"image\":{\"@id\":\"https:\\\/\\\/www.okseamless.com\\\/product\\\/strapless-shapewear-cami-slimming-tube-top\\\/#primaryimage\"},\"thumbnailUrl\":\"https:\\\/\\\/okseamless.com\\\/wp-content\\\/uploads\\\/2025\\\/04\\\/DM_20250408163824_004.jpg\",\"datePublished\":\"2025-04-11T01:26:35+00:00\",\"breadcrumb\":{\"@id\":\"https:\\\/\\\/www.okseamless.com\\\/product\\\/strapless-shapewear-cami-slimming-tube-top\\\/#breadcrumb\"},\"inLanguage\":\"fr-FR\",\"potentialAction\":[{\"@type\":\"ReadAction\",\"target\":[\"https:\\\/\\\/www.okseamless.com\\\/product\\\/strapless-shapewear-cami-slimming-tube-top\\\/\"]}]},{\"@type\":\"ImageObject\",\"inLanguage\":\"fr-FR\",\"@id\":\"https:\\\/\\\/www.okseamless.com\\\/product\\\/strapless-shapewear-cami-slimming-tube-top\\\/#primaryimage\",\"url\":\"https:\\\/\\\/okseamless.com\\\/wp-content\\\/uploads\\\/2025\\\/04\\\/DM_20250408163824_004.jpg\",\"contentUrl\":\"https:\\\/\\\/okseamless.com\\\/wp-content\\\/uploads\\\/2025\\\/04\\\/DM_20250408163824_004.jpg\",\"width\":1600,\"height\":1600},{\"@type\":\"BreadcrumbList\",\"@id\":\"https:\\\/\\\/www.okseamless.com\\\/product\\\/strapless-shapewear-cami-slimming-tube-top\\\/#breadcrumb\",\"itemListElement\":[{\"@type\":\"ListItem\",\"position\":1,\"name\":\"\u9996\u9875\",\"item\":\"https:\\\/\\\/okseamless.com\\\/\"},{\"@type\":\"ListItem\",\"position\":2,\"name\":\"Produtos\",\"item\":\"https:\\\/\\\/www.okseamless.com\\\/pt\\\/shop\\\/\"},{\"@type\":\"ListItem\",\"position\":3,\"name\":\"Strapless Shapewear Cami Slimming Tube Top\"}]},{\"@type\":\"WebSite\",\"@id\":\"https:\\\/\\\/www.okseamless.com\\\/pt\\\/#website\",\"url\":\"https:\\\/\\\/www.okseamless.com\\\/pt\\\/\",\"name\":\"Custom Seamless Shapewear and Yoga Wear Manufacturer in China\",\"description\":\"\",\"publisher\":{\"@id\":\"https:\\\/\\\/www.okseamless.com\\\/pt\\\/#organization\"},\"potentialAction\":[{\"@type\":\"SearchAction\",\"target\":{\"@type\":\"EntryPoint\",\"urlTemplate\":\"https:\\\/\\\/www.okseamless.com\\\/pt\\\/?s={search_term_string}\"},\"query-input\":{\"@type\":\"PropertyValueSpecification\",\"valueRequired\":true,\"valueName\":\"search_term_string\"}}],\"inLanguage\":\"fr-FR\"},{\"@type\":\"Organization\",\"@id\":\"https:\\\/\\\/www.okseamless.com\\\/pt\\\/#organization\",\"name\":\"Custom Seamless Shapewear and Yoga Wear Manufacturer in China\",\"url\":\"https:\\\/\\\/www.okseamless.com\\\/pt\\\/\",\"logo\":{\"@type\":\"ImageObject\",\"inLanguage\":\"fr-FR\",\"@id\":\"https:\\\/\\\/www.okseamless.com\\\/pt\\\/#\\\/schema\\\/logo\\\/image\\\/\",\"url\":\"https:\\\/\\\/okseamless.com\\\/wp-content\\\/uploads\\\/2025\\\/03\\\/LOGO.png\",\"contentUrl\":\"https:\\\/\\\/okseamless.com\\\/wp-content\\\/uploads\\\/2025\\\/03\\\/LOGO.png\",\"width\":685,\"height\":218,\"caption\":\"Custom Seamless Shapewear and Yoga Wear Manufacturer in China\"},\"image\":{\"@id\":\"https:\\\/\\\/www.okseamless.com\\\/pt\\\/#\\\/schema\\\/logo\\\/image\\\/\"},\"sameAs\":[\"https:\\\/\\\/www.facebook.com\\\/share\\\/1TH24JnBgY\\\/?mibextid=wwXIfr\"]}]}<\/script>\n<!-- \/ Yoast SEO plugin. -->","yoast_head_json":{"title":"Strapless Shapewear Cami Slimming Tube Top - Custom Seamless Shapewear and Yoga Wear Manufacturer in China","robots":{"index":"index","follow":"follow","max-snippet":"max-snippet:-1","max-image-preview":"max-image-preview:large","max-video-preview":"max-video-preview:-1"},"canonical":"https:\/\/www.okseamless.com\/product\/strapless-shapewear-cami-slimming-tube-top\/","og_locale":"fr_FR","og_type":"article","og_title":"Strapless Shapewear Cami Slimming Tube Top - Custom Seamless Shapewear and Yoga Wear Manufacturer in China","og_description":"Model NO:JS008  Slip into this Essentials Shaping Tank and look your best in seconds.\u00a0 Made with a 360-degree control panel, this tank top slims the waist while smoothing love handles, controlling muffin tops, and giving the bust a lift.\u00a0 Wear it with jeans, lounge pants or pair it with leggings and a blazer. A basic you can always use!  Features   Double layered fabric at the chest: provides cover like regular bra.  Double track wavy drip glue on the chest collar effectively reduces slippage.  Widened and lengthening hem design for more comfortable wearing and preventing slipping or digging.  Best material for better flexibility and the most lightweight feel.  Perfect for everyday wear or as a comfortable layering piece.  Fabric Details   96% Nylon  4% Spandex","og_url":"https:\/\/www.okseamless.com\/product\/strapless-shapewear-cami-slimming-tube-top\/","og_site_name":"Custom Seamless Shapewear and Yoga Wear Manufacturer in China","article_publisher":"https:\/\/www.facebook.com\/share\/1TH24JnBgY\/?mibextid=wwXIfr","og_image":[{"width":1600,"height":1600,"url":"https:\/\/www.okseamless.com\/wp-content\/uploads\/2025\/04\/DM_20250408163824_004.jpg","type":"image\/jpeg"}],"twitter_card":"summary_large_image","twitter_misc":{"Dur\u00e9e de lecture estim\u00e9e":"1 minute"},"schema":{"@context":"https:\/\/schema.org","@graph":[{"@type":"WebPage","@id":"https:\/\/www.okseamless.com\/product\/strapless-shapewear-cami-slimming-tube-top\/","url":"https:\/\/www.okseamless.com\/product\/strapless-shapewear-cami-slimming-tube-top\/","name":"Strapless Shapewear Cami Slimming Tube Top - Custom Seamless Shapewear and Yoga Wear Manufacturer in China","isPartOf":{"@id":"https:\/\/www.okseamless.com\/pt\/#website"},"primaryImageOfPage":{"@id":"https:\/\/www.okseamless.com\/product\/strapless-shapewear-cami-slimming-tube-top\/#primaryimage"},"image":{"@id":"https:\/\/www.okseamless.com\/product\/strapless-shapewear-cami-slimming-tube-top\/#primaryimage"},"thumbnailUrl":"https:\/\/okseamless.com\/wp-content\/uploads\/2025\/04\/DM_20250408163824_004.jpg","datePublished":"2025-04-11T01:26:35+00:00","breadcrumb":{"@id":"https:\/\/www.okseamless.com\/product\/strapless-shapewear-cami-slimming-tube-top\/#breadcrumb"},"inLanguage":"fr-FR","potentialAction":[{"@type":"ReadAction","target":["https:\/\/www.okseamless.com\/product\/strapless-shapewear-cami-slimming-tube-top\/"]}]},{"@type":"ImageObject","inLanguage":"fr-FR","@id":"https:\/\/www.okseamless.com\/product\/strapless-shapewear-cami-slimming-tube-top\/#primaryimage","url":"https:\/\/okseamless.com\/wp-content\/uploads\/2025\/04\/DM_20250408163824_004.jpg","contentUrl":"https:\/\/okseamless.com\/wp-content\/uploads\/2025\/04\/DM_20250408163824_004.jpg","width":1600,"height":1600},{"@type":"BreadcrumbList","@id":"https:\/\/www.okseamless.com\/product\/strapless-shapewear-cami-slimming-tube-top\/#breadcrumb","itemListElement":[{"@type":"ListItem","position":1,"name":"\u9996\u9875","item":"https:\/\/okseamless.com\/"},{"@type":"ListItem","position":2,"name":"Produtos","item":"https:\/\/www.okseamless.com\/pt\/shop\/"},{"@type":"ListItem","position":3,"name":"Strapless Shapewear Cami Slimming Tube Top"}]},{"@type":"WebSite","@id":"https:\/\/www.okseamless.com\/pt\/#website","url":"https:\/\/www.okseamless.com\/pt\/","name":"Fabricant de v\u00eatements de forme sans couture et de v\u00eatements de yoga en Chine","description":"","publisher":{"@id":"https:\/\/www.okseamless.com\/pt\/#organization"},"potentialAction":[{"@type":"SearchAction","target":{"@type":"EntryPoint","urlTemplate":"https:\/\/www.okseamless.com\/pt\/?s={search_term_string}"},"query-input":{"@type":"PropertyValueSpecification","valueRequired":true,"valueName":"search_term_string"}}],"inLanguage":"fr-FR"},{"@type":"Organization","@id":"https:\/\/www.okseamless.com\/pt\/#organization","name":"Fabricant de v\u00eatements de forme sans couture et de v\u00eatements de yoga en Chine","url":"https:\/\/www.okseamless.com\/pt\/","logo":{"@type":"ImageObject","inLanguage":"fr-FR","@id":"https:\/\/www.okseamless.com\/pt\/#\/schema\/logo\/image\/","url":"https:\/\/okseamless.com\/wp-content\/uploads\/2025\/03\/LOGO.png","contentUrl":"https:\/\/okseamless.com\/wp-content\/uploads\/2025\/03\/LOGO.png","width":685,"height":218,"caption":"Custom Seamless Shapewear and Yoga Wear Manufacturer in China"},"image":{"@id":"https:\/\/www.okseamless.com\/pt\/#\/schema\/logo\/image\/"},"sameAs":["https:\/\/www.facebook.com\/share\/1TH24JnBgY\/?mibextid=wwXIfr"]}]}},"_links":{"self":[{"href":"https:\/\/okseamless.com\/fr\/wp-json\/wp\/v2\/product\/2355","targetHints":{"allow":["GET"]}}],"collection":[{"href":"https:\/\/okseamless.com\/fr\/wp-json\/wp\/v2\/product"}],"about":[{"href":"https:\/\/okseamless.com\/fr\/wp-json\/wp\/v2\/types\/product"}],"wp:featuredmedia":[{"embeddable":true,"href":"https:\/\/okseamless.com\/fr\/wp-json\/wp\/v2\/media\/2359"}],"wp:attachment":[{"href":"https:\/\/okseamless.com\/fr\/wp-json\/wp\/v2\/media?parent=2355"}],"wp:term":[{"taxonomy":"product_brand","embeddable":true,"href":"https:\/\/okseamless.com\/fr\/wp-json\/wp\/v2\/product_brand?post=2355"},{"taxonomy":"product_cat","embeddable":true,"href":"https:\/\/okseamless.com\/fr\/wp-json\/wp\/v2\/product_cat?post=2355"},{"taxonomy":"product_tag","embeddable":true,"href":"https:\/\/okseamless.com\/fr\/wp-json\/wp\/v2\/product_tag?post=2355"}],"curies":[{"name":"wp","href":"https:\/\/api.w.org\/{rel}","templated":true}]}}