{"id":2315,"date":"2025-04-10T05:44:18","date_gmt":"2025-04-10T05:44:18","guid":{"rendered":"https:\/\/okseamless.com\/?post_type=product&#038;p=2315"},"modified":"2025-04-10T05:44:18","modified_gmt":"2025-04-10T05:44:18","slug":"seamless-lace-shapewear-tank-with-padded-bra","status":"publish","type":"product","link":"https:\/\/okseamless.com\/fr\/produit\/seamless-lace-shapewear-tank-with-padded-bra\/","title":{"rendered":"D\u00e9bardeur Shapewear en dentelle sans couture avec soutien-gorge rembourr\u00e9"},"content":{"rendered":"","protected":false},"excerpt":{"rendered":"<p>Model No:JS005<\/p>\n<h4><strong>Description<\/strong><\/h4>\n<p>Enfilez ce d\u00e9bardeur Essentials Shaping Tank et soyez \u00e0 votre avantage en quelques secondes.  Dot\u00e9 d'un panneau de contr\u00f4le \u00e0 360 degr\u00e9s, ce d\u00e9bardeur affine la taille tout en lissant les poign\u00e9es d'amour, en contr\u00f4lant les bourrelets et en rehaussant le buste.  Portez-le avec un jean, un pantalon de d\u00e9tente ou associez-le \u00e0 un legging et un blazer. Un basique que vous pouvez toujours utiliser !<\/p>\n<p><strong>Caract\u00e9ristiques<\/strong><\/p>\n<ul>\n<li>Taille \u00e9largie et c\u00f4tel\u00e9e sur les c\u00f4t\u00e9s, tissu plus \u00e9lastique et plus confortable, pour une meilleure compression.<\/li>\n<li>Comprend des coussinets amovibles pour rehausser et renforcer le buste.<\/li>\n<li>Anti-Chaing wide straps help your lovely tank tops stay in the right place.<\/li>\n<li>Meilleur mat\u00e9riau pour une meilleure flexibilit\u00e9 et une sensation de l\u00e9g\u00e8ret\u00e9.<\/li>\n<li>Parfait pour une tenue de tous les jours ou comme pi\u00e8ce de superposition confortable.<\/li>\n<\/ul>\n<p><strong>D\u00e9tails du tissu<\/strong><strong>\u00a0: <\/strong>96% Nylon 4% Spandex<\/p>","protected":false},"featured_media":2319,"template":"","meta":[],"product_brand":[],"product_cat":[35],"product_tag":[],"class_list":{"0":"post-2315","1":"product","2":"type-product","3":"status-publish","4":"has-post-thumbnail","6":"product_cat-womens-tops","8":"first","9":"instock","10":"shipping-taxable","11":"product-type-simple"},"yoast_head":"<!-- This site is optimized with the Yoast SEO plugin v27.4 - https:\/\/yoast.com\/product\/yoast-seo-wordpress\/ -->\n<title>Seamless Lace Shapewear Tank With Padded Bra - Custom Seamless Shapewear and Yoga Wear Manufacturer in China<\/title>\n<meta name=\"robots\" content=\"index, follow, max-snippet:-1, max-image-preview:large, max-video-preview:-1\" \/>\n<link rel=\"canonical\" href=\"https:\/\/www.okseamless.com\/product\/seamless-lace-shapewear-tank-with-padded-bra\/\" \/>\n<meta property=\"og:locale\" content=\"fr_FR\" \/>\n<meta property=\"og:type\" content=\"article\" \/>\n<meta property=\"og:title\" content=\"Seamless Lace Shapewear Tank With Padded Bra - Custom Seamless Shapewear and Yoga Wear Manufacturer in China\" \/>\n<meta property=\"og:description\" content=\"Model No:JS005 Description Slip into this Essentials Shaping Tank and look your best in seconds.\u00a0 Made with a 360-degree control panel, this tank top slims the waist while smoothing love handles, controlling muffin tops, and giving the bust a lift.\u00a0 Wear it with jeans, lounge pants or pair it with leggings and a blazer. A basic you can always use!  Features   Features widening Ribbed Side Waist and higher elastic &amp; comfy fabric, which provides more compression.  Features with removable pads to lift and strengthen the bust.  Anti-Chaing wide straps help your lovely tank tops stay in the right place.  Best material for better flexibility and the most lightweight feel.  Perfect for everyday wear or as a comfortable layering piece.  Fabric Details\u00a0: 96% Nylon\u00a04% Spandex\" \/>\n<meta property=\"og:url\" content=\"https:\/\/www.okseamless.com\/product\/seamless-lace-shapewear-tank-with-padded-bra\/\" \/>\n<meta property=\"og:site_name\" content=\"Custom Seamless Shapewear and Yoga Wear Manufacturer in China\" \/>\n<meta property=\"article:publisher\" content=\"https:\/\/www.facebook.com\/share\/1TH24JnBgY\/?mibextid=wwXIfr\" \/>\n<meta property=\"og:image\" content=\"https:\/\/www.okseamless.com\/wp-content\/uploads\/2025\/04\/DM_20250408163508_004.jpg\" \/>\n\t<meta property=\"og:image:width\" content=\"1600\" \/>\n\t<meta property=\"og:image:height\" content=\"1600\" \/>\n\t<meta property=\"og:image:type\" content=\"image\/jpeg\" \/>\n<meta name=\"twitter:card\" content=\"summary_large_image\" \/>\n<meta name=\"twitter:label1\" content=\"Dur\u00e9e de lecture estim\u00e9e\" \/>\n\t<meta name=\"twitter:data1\" content=\"1 minute\" \/>\n<script type=\"application\/ld+json\" class=\"yoast-schema-graph\">{\"@context\":\"https:\\\/\\\/schema.org\",\"@graph\":[{\"@type\":\"WebPage\",\"@id\":\"https:\\\/\\\/www.okseamless.com\\\/product\\\/seamless-lace-shapewear-tank-with-padded-bra\\\/\",\"url\":\"https:\\\/\\\/www.okseamless.com\\\/product\\\/seamless-lace-shapewear-tank-with-padded-bra\\\/\",\"name\":\"Seamless Lace Shapewear Tank With Padded Bra - Custom Seamless Shapewear and Yoga Wear Manufacturer in China\",\"isPartOf\":{\"@id\":\"https:\\\/\\\/www.okseamless.com\\\/pt\\\/#website\"},\"primaryImageOfPage\":{\"@id\":\"https:\\\/\\\/www.okseamless.com\\\/product\\\/seamless-lace-shapewear-tank-with-padded-bra\\\/#primaryimage\"},\"image\":{\"@id\":\"https:\\\/\\\/www.okseamless.com\\\/product\\\/seamless-lace-shapewear-tank-with-padded-bra\\\/#primaryimage\"},\"thumbnailUrl\":\"https:\\\/\\\/okseamless.com\\\/wp-content\\\/uploads\\\/2025\\\/04\\\/DM_20250408163508_004.jpg\",\"datePublished\":\"2025-04-10T05:44:18+00:00\",\"breadcrumb\":{\"@id\":\"https:\\\/\\\/www.okseamless.com\\\/product\\\/seamless-lace-shapewear-tank-with-padded-bra\\\/#breadcrumb\"},\"inLanguage\":\"fr-FR\",\"potentialAction\":[{\"@type\":\"ReadAction\",\"target\":[\"https:\\\/\\\/www.okseamless.com\\\/product\\\/seamless-lace-shapewear-tank-with-padded-bra\\\/\"]}]},{\"@type\":\"ImageObject\",\"inLanguage\":\"fr-FR\",\"@id\":\"https:\\\/\\\/www.okseamless.com\\\/product\\\/seamless-lace-shapewear-tank-with-padded-bra\\\/#primaryimage\",\"url\":\"https:\\\/\\\/okseamless.com\\\/wp-content\\\/uploads\\\/2025\\\/04\\\/DM_20250408163508_004.jpg\",\"contentUrl\":\"https:\\\/\\\/okseamless.com\\\/wp-content\\\/uploads\\\/2025\\\/04\\\/DM_20250408163508_004.jpg\",\"width\":1600,\"height\":1600},{\"@type\":\"BreadcrumbList\",\"@id\":\"https:\\\/\\\/www.okseamless.com\\\/product\\\/seamless-lace-shapewear-tank-with-padded-bra\\\/#breadcrumb\",\"itemListElement\":[{\"@type\":\"ListItem\",\"position\":1,\"name\":\"\u9996\u9875\",\"item\":\"https:\\\/\\\/okseamless.com\\\/\"},{\"@type\":\"ListItem\",\"position\":2,\"name\":\"Produtos\",\"item\":\"https:\\\/\\\/www.okseamless.com\\\/pt\\\/shop\\\/\"},{\"@type\":\"ListItem\",\"position\":3,\"name\":\"Seamless Lace Shapewear Tank With Padded Bra\"}]},{\"@type\":\"WebSite\",\"@id\":\"https:\\\/\\\/www.okseamless.com\\\/pt\\\/#website\",\"url\":\"https:\\\/\\\/www.okseamless.com\\\/pt\\\/\",\"name\":\"Custom Seamless Shapewear and Yoga Wear Manufacturer in China\",\"description\":\"\",\"publisher\":{\"@id\":\"https:\\\/\\\/www.okseamless.com\\\/pt\\\/#organization\"},\"potentialAction\":[{\"@type\":\"SearchAction\",\"target\":{\"@type\":\"EntryPoint\",\"urlTemplate\":\"https:\\\/\\\/www.okseamless.com\\\/pt\\\/?s={search_term_string}\"},\"query-input\":{\"@type\":\"PropertyValueSpecification\",\"valueRequired\":true,\"valueName\":\"search_term_string\"}}],\"inLanguage\":\"fr-FR\"},{\"@type\":\"Organization\",\"@id\":\"https:\\\/\\\/www.okseamless.com\\\/pt\\\/#organization\",\"name\":\"Custom Seamless Shapewear and Yoga Wear Manufacturer in China\",\"url\":\"https:\\\/\\\/www.okseamless.com\\\/pt\\\/\",\"logo\":{\"@type\":\"ImageObject\",\"inLanguage\":\"fr-FR\",\"@id\":\"https:\\\/\\\/www.okseamless.com\\\/pt\\\/#\\\/schema\\\/logo\\\/image\\\/\",\"url\":\"https:\\\/\\\/okseamless.com\\\/wp-content\\\/uploads\\\/2025\\\/03\\\/LOGO.png\",\"contentUrl\":\"https:\\\/\\\/okseamless.com\\\/wp-content\\\/uploads\\\/2025\\\/03\\\/LOGO.png\",\"width\":685,\"height\":218,\"caption\":\"Custom Seamless Shapewear and Yoga Wear Manufacturer in China\"},\"image\":{\"@id\":\"https:\\\/\\\/www.okseamless.com\\\/pt\\\/#\\\/schema\\\/logo\\\/image\\\/\"},\"sameAs\":[\"https:\\\/\\\/www.facebook.com\\\/share\\\/1TH24JnBgY\\\/?mibextid=wwXIfr\"]}]}<\/script>\n<!-- \/ Yoast SEO plugin. -->","yoast_head_json":{"title":"Seamless Lace Shapewear Tank With Padded Bra - Custom Seamless Shapewear and Yoga Wear Manufacturer in China","robots":{"index":"index","follow":"follow","max-snippet":"max-snippet:-1","max-image-preview":"max-image-preview:large","max-video-preview":"max-video-preview:-1"},"canonical":"https:\/\/www.okseamless.com\/product\/seamless-lace-shapewear-tank-with-padded-bra\/","og_locale":"fr_FR","og_type":"article","og_title":"Seamless Lace Shapewear Tank With Padded Bra - Custom Seamless Shapewear and Yoga Wear Manufacturer in China","og_description":"Model No:JS005 Description Slip into this Essentials Shaping Tank and look your best in seconds.\u00a0 Made with a 360-degree control panel, this tank top slims the waist while smoothing love handles, controlling muffin tops, and giving the bust a lift.\u00a0 Wear it with jeans, lounge pants or pair it with leggings and a blazer. A basic you can always use!  Features   Features widening Ribbed Side Waist and higher elastic &amp; comfy fabric, which provides more compression.  Features with removable pads to lift and strengthen the bust.  Anti-Chaing wide straps help your lovely tank tops stay in the right place.  Best material for better flexibility and the most lightweight feel.  Perfect for everyday wear or as a comfortable layering piece.  Fabric Details\u00a0: 96% Nylon\u00a04% Spandex","og_url":"https:\/\/www.okseamless.com\/product\/seamless-lace-shapewear-tank-with-padded-bra\/","og_site_name":"Custom Seamless Shapewear and Yoga Wear Manufacturer in China","article_publisher":"https:\/\/www.facebook.com\/share\/1TH24JnBgY\/?mibextid=wwXIfr","og_image":[{"width":1600,"height":1600,"url":"https:\/\/www.okseamless.com\/wp-content\/uploads\/2025\/04\/DM_20250408163508_004.jpg","type":"image\/jpeg"}],"twitter_card":"summary_large_image","twitter_misc":{"Dur\u00e9e de lecture estim\u00e9e":"1 minute"},"schema":{"@context":"https:\/\/schema.org","@graph":[{"@type":"WebPage","@id":"https:\/\/www.okseamless.com\/product\/seamless-lace-shapewear-tank-with-padded-bra\/","url":"https:\/\/www.okseamless.com\/product\/seamless-lace-shapewear-tank-with-padded-bra\/","name":"Seamless Lace Shapewear Tank With Padded Bra - Custom Seamless Shapewear and Yoga Wear Manufacturer in China","isPartOf":{"@id":"https:\/\/www.okseamless.com\/pt\/#website"},"primaryImageOfPage":{"@id":"https:\/\/www.okseamless.com\/product\/seamless-lace-shapewear-tank-with-padded-bra\/#primaryimage"},"image":{"@id":"https:\/\/www.okseamless.com\/product\/seamless-lace-shapewear-tank-with-padded-bra\/#primaryimage"},"thumbnailUrl":"https:\/\/okseamless.com\/wp-content\/uploads\/2025\/04\/DM_20250408163508_004.jpg","datePublished":"2025-04-10T05:44:18+00:00","breadcrumb":{"@id":"https:\/\/www.okseamless.com\/product\/seamless-lace-shapewear-tank-with-padded-bra\/#breadcrumb"},"inLanguage":"fr-FR","potentialAction":[{"@type":"ReadAction","target":["https:\/\/www.okseamless.com\/product\/seamless-lace-shapewear-tank-with-padded-bra\/"]}]},{"@type":"ImageObject","inLanguage":"fr-FR","@id":"https:\/\/www.okseamless.com\/product\/seamless-lace-shapewear-tank-with-padded-bra\/#primaryimage","url":"https:\/\/okseamless.com\/wp-content\/uploads\/2025\/04\/DM_20250408163508_004.jpg","contentUrl":"https:\/\/okseamless.com\/wp-content\/uploads\/2025\/04\/DM_20250408163508_004.jpg","width":1600,"height":1600},{"@type":"BreadcrumbList","@id":"https:\/\/www.okseamless.com\/product\/seamless-lace-shapewear-tank-with-padded-bra\/#breadcrumb","itemListElement":[{"@type":"ListItem","position":1,"name":"\u9996\u9875","item":"https:\/\/okseamless.com\/"},{"@type":"ListItem","position":2,"name":"Produtos","item":"https:\/\/www.okseamless.com\/pt\/shop\/"},{"@type":"ListItem","position":3,"name":"Seamless Lace Shapewear Tank With Padded Bra"}]},{"@type":"WebSite","@id":"https:\/\/www.okseamless.com\/pt\/#website","url":"https:\/\/www.okseamless.com\/pt\/","name":"Fabricant de v\u00eatements de forme sans couture et de v\u00eatements de yoga en Chine","description":"","publisher":{"@id":"https:\/\/www.okseamless.com\/pt\/#organization"},"potentialAction":[{"@type":"SearchAction","target":{"@type":"EntryPoint","urlTemplate":"https:\/\/www.okseamless.com\/pt\/?s={search_term_string}"},"query-input":{"@type":"PropertyValueSpecification","valueRequired":true,"valueName":"search_term_string"}}],"inLanguage":"fr-FR"},{"@type":"Organization","@id":"https:\/\/www.okseamless.com\/pt\/#organization","name":"Fabricant de v\u00eatements de forme sans couture et de v\u00eatements de yoga en Chine","url":"https:\/\/www.okseamless.com\/pt\/","logo":{"@type":"ImageObject","inLanguage":"fr-FR","@id":"https:\/\/www.okseamless.com\/pt\/#\/schema\/logo\/image\/","url":"https:\/\/okseamless.com\/wp-content\/uploads\/2025\/03\/LOGO.png","contentUrl":"https:\/\/okseamless.com\/wp-content\/uploads\/2025\/03\/LOGO.png","width":685,"height":218,"caption":"Custom Seamless Shapewear and Yoga Wear Manufacturer in China"},"image":{"@id":"https:\/\/www.okseamless.com\/pt\/#\/schema\/logo\/image\/"},"sameAs":["https:\/\/www.facebook.com\/share\/1TH24JnBgY\/?mibextid=wwXIfr"]}]}},"_links":{"self":[{"href":"https:\/\/okseamless.com\/fr\/wp-json\/wp\/v2\/product\/2315","targetHints":{"allow":["GET"]}}],"collection":[{"href":"https:\/\/okseamless.com\/fr\/wp-json\/wp\/v2\/product"}],"about":[{"href":"https:\/\/okseamless.com\/fr\/wp-json\/wp\/v2\/types\/product"}],"wp:featuredmedia":[{"embeddable":true,"href":"https:\/\/okseamless.com\/fr\/wp-json\/wp\/v2\/media\/2319"}],"wp:attachment":[{"href":"https:\/\/okseamless.com\/fr\/wp-json\/wp\/v2\/media?parent=2315"}],"wp:term":[{"taxonomy":"product_brand","embeddable":true,"href":"https:\/\/okseamless.com\/fr\/wp-json\/wp\/v2\/product_brand?post=2315"},{"taxonomy":"product_cat","embeddable":true,"href":"https:\/\/okseamless.com\/fr\/wp-json\/wp\/v2\/product_cat?post=2315"},{"taxonomy":"product_tag","embeddable":true,"href":"https:\/\/okseamless.com\/fr\/wp-json\/wp\/v2\/product_tag?post=2315"}],"curies":[{"name":"wp","href":"https:\/\/api.w.org\/{rel}","templated":true}]}}