{"id":2237,"date":"2025-04-10T03:06:41","date_gmt":"2025-04-10T03:06:41","guid":{"rendered":"https:\/\/okseamless.com\/?post_type=product&#038;p=2237"},"modified":"2025-04-11T02:50:19","modified_gmt":"2025-04-11T02:50:19","slug":"thin-section-high-waisted-panties-female-tummy-tightening-ladies-panties","status":"publish","type":"product","link":"https:\/\/okseamless.com\/fr\/produit\/thin-section-high-waisted-panties-female-tummy-tightening-ladies-panties\/","title":{"rendered":"Culotte \u00e0 taille haute \u00e0 section fine Culotte f\u00e9minine moulante pour femmes"},"content":{"rendered":"","protected":false},"excerpt":{"rendered":"<p>Model No:JS027<\/p>\n<p><strong><b>Description<\/b><\/strong><\/p>\n<p>Wanna feel supported &amp; enhanced in seconds? This is ultimately the best shaping underwear for tummy and waist you\u2019ll ever own. Seamless design ensures you not only look your best in clothing but feel your best underneath.<\/p>\n<p><strong><b>Caract\u00e9ristiques<\/b><\/strong><strong><b>:<\/b><\/strong><\/p>\n<ul>\n<li>24\/7 comfort with soft seamless fabric<\/li>\n<li>Stay in place with an anti-roll silicone strip<\/li>\n<li>Two-ply materials offer firm control around the waist and back sections<\/li>\n<li>Easy to pull on and take off<\/li>\n<li>Basic bottom for daily outfit<\/li>\n<\/ul>\n<p><strong><b>D\u00e9tails du tissu<\/b><\/strong><strong><b>\u00a0: <\/b><\/strong>83% Nylon\u00a017% Spandex<\/p>","protected":false},"featured_media":2247,"template":"","meta":[],"product_brand":[],"product_cat":[36],"product_tag":[],"class_list":{"0":"post-2237","1":"product","2":"type-product","3":"status-publish","4":"has-post-thumbnail","6":"product_cat-womens-bottoms","8":"first","9":"instock","10":"shipping-taxable","11":"product-type-simple"},"yoast_head":"<!-- This site is optimized with the Yoast SEO plugin v27.4 - https:\/\/yoast.com\/product\/yoast-seo-wordpress\/ -->\n<title>Thin section high-waisted panties female tummy-tightening ladies panties - Custom Seamless Shapewear and Yoga Wear Manufacturer in China<\/title>\n<meta name=\"robots\" content=\"index, follow, max-snippet:-1, max-image-preview:large, max-video-preview:-1\" \/>\n<link rel=\"canonical\" href=\"https:\/\/www.okseamless.com\/product\/thin-section-high-waisted-panties-female-tummy-tightening-ladies-panties\/\" \/>\n<meta property=\"og:locale\" content=\"fr_FR\" \/>\n<meta property=\"og:type\" content=\"article\" \/>\n<meta property=\"og:title\" content=\"Thin section high-waisted panties female tummy-tightening ladies panties - Custom Seamless Shapewear and Yoga Wear Manufacturer in China\" \/>\n<meta property=\"og:description\" content=\"Model No:JS027  Description  Wanna feel supported &amp; enhanced in seconds? This is ultimately the best shaping underwear for tummy and waist you\u2019ll ever own. Seamless design ensures you not only look your best in clothing but feel your best underneath.  Features:   24\/7 comfort with soft seamless fabric  Stay in place with an anti-roll silicone strip  Two-ply materials offer firm control around the waist and back sections  Easy to pull on and take off  Basic bottom for daily outfit  Fabric Details\u00a0: 83% Nylon\u00a017% Spandex\" \/>\n<meta property=\"og:url\" content=\"https:\/\/www.okseamless.com\/product\/thin-section-high-waisted-panties-female-tummy-tightening-ladies-panties\/\" \/>\n<meta property=\"og:site_name\" content=\"Custom Seamless Shapewear and Yoga Wear Manufacturer in China\" \/>\n<meta property=\"article:publisher\" content=\"https:\/\/www.facebook.com\/share\/1TH24JnBgY\/?mibextid=wwXIfr\" \/>\n<meta property=\"article:modified_time\" content=\"2025-04-11T02:50:19+00:00\" \/>\n<meta property=\"og:image\" content=\"https:\/\/www.okseamless.com\/wp-content\/uploads\/2025\/04\/DM_20250410104856_001.jpg\" \/>\n\t<meta property=\"og:image:width\" content=\"533\" \/>\n\t<meta property=\"og:image:height\" content=\"533\" \/>\n\t<meta property=\"og:image:type\" content=\"image\/jpeg\" \/>\n<meta name=\"twitter:card\" content=\"summary_large_image\" \/>\n<meta name=\"twitter:label1\" content=\"Dur\u00e9e de lecture estim\u00e9e\" \/>\n\t<meta name=\"twitter:data1\" content=\"1 minute\" \/>\n<script type=\"application\/ld+json\" class=\"yoast-schema-graph\">{\"@context\":\"https:\\\/\\\/schema.org\",\"@graph\":[{\"@type\":\"WebPage\",\"@id\":\"https:\\\/\\\/www.okseamless.com\\\/product\\\/thin-section-high-waisted-panties-female-tummy-tightening-ladies-panties\\\/\",\"url\":\"https:\\\/\\\/www.okseamless.com\\\/product\\\/thin-section-high-waisted-panties-female-tummy-tightening-ladies-panties\\\/\",\"name\":\"Thin section high-waisted panties female tummy-tightening ladies panties - Custom Seamless Shapewear and Yoga Wear Manufacturer in China\",\"isPartOf\":{\"@id\":\"https:\\\/\\\/www.okseamless.com\\\/pt\\\/#website\"},\"primaryImageOfPage\":{\"@id\":\"https:\\\/\\\/www.okseamless.com\\\/product\\\/thin-section-high-waisted-panties-female-tummy-tightening-ladies-panties\\\/#primaryimage\"},\"image\":{\"@id\":\"https:\\\/\\\/www.okseamless.com\\\/product\\\/thin-section-high-waisted-panties-female-tummy-tightening-ladies-panties\\\/#primaryimage\"},\"thumbnailUrl\":\"https:\\\/\\\/okseamless.com\\\/wp-content\\\/uploads\\\/2025\\\/04\\\/DM_20250410104856_001.jpg\",\"datePublished\":\"2025-04-10T03:06:41+00:00\",\"dateModified\":\"2025-04-11T02:50:19+00:00\",\"breadcrumb\":{\"@id\":\"https:\\\/\\\/www.okseamless.com\\\/product\\\/thin-section-high-waisted-panties-female-tummy-tightening-ladies-panties\\\/#breadcrumb\"},\"inLanguage\":\"fr-FR\",\"potentialAction\":[{\"@type\":\"ReadAction\",\"target\":[\"https:\\\/\\\/www.okseamless.com\\\/product\\\/thin-section-high-waisted-panties-female-tummy-tightening-ladies-panties\\\/\"]}]},{\"@type\":\"ImageObject\",\"inLanguage\":\"fr-FR\",\"@id\":\"https:\\\/\\\/www.okseamless.com\\\/product\\\/thin-section-high-waisted-panties-female-tummy-tightening-ladies-panties\\\/#primaryimage\",\"url\":\"https:\\\/\\\/okseamless.com\\\/wp-content\\\/uploads\\\/2025\\\/04\\\/DM_20250410104856_001.jpg\",\"contentUrl\":\"https:\\\/\\\/okseamless.com\\\/wp-content\\\/uploads\\\/2025\\\/04\\\/DM_20250410104856_001.jpg\",\"width\":533,\"height\":533},{\"@type\":\"BreadcrumbList\",\"@id\":\"https:\\\/\\\/www.okseamless.com\\\/product\\\/thin-section-high-waisted-panties-female-tummy-tightening-ladies-panties\\\/#breadcrumb\",\"itemListElement\":[{\"@type\":\"ListItem\",\"position\":1,\"name\":\"\u9996\u9875\",\"item\":\"https:\\\/\\\/okseamless.com\\\/\"},{\"@type\":\"ListItem\",\"position\":2,\"name\":\"Produtos\",\"item\":\"https:\\\/\\\/www.okseamless.com\\\/pt\\\/shop\\\/\"},{\"@type\":\"ListItem\",\"position\":3,\"name\":\"Thin section high-waisted panties female tummy-tightening ladies panties\"}]},{\"@type\":\"WebSite\",\"@id\":\"https:\\\/\\\/www.okseamless.com\\\/pt\\\/#website\",\"url\":\"https:\\\/\\\/www.okseamless.com\\\/pt\\\/\",\"name\":\"Custom Seamless Shapewear and Yoga Wear Manufacturer in China\",\"description\":\"\",\"publisher\":{\"@id\":\"https:\\\/\\\/www.okseamless.com\\\/pt\\\/#organization\"},\"potentialAction\":[{\"@type\":\"SearchAction\",\"target\":{\"@type\":\"EntryPoint\",\"urlTemplate\":\"https:\\\/\\\/www.okseamless.com\\\/pt\\\/?s={search_term_string}\"},\"query-input\":{\"@type\":\"PropertyValueSpecification\",\"valueRequired\":true,\"valueName\":\"search_term_string\"}}],\"inLanguage\":\"fr-FR\"},{\"@type\":\"Organization\",\"@id\":\"https:\\\/\\\/www.okseamless.com\\\/pt\\\/#organization\",\"name\":\"Custom Seamless Shapewear and Yoga Wear Manufacturer in China\",\"url\":\"https:\\\/\\\/www.okseamless.com\\\/pt\\\/\",\"logo\":{\"@type\":\"ImageObject\",\"inLanguage\":\"fr-FR\",\"@id\":\"https:\\\/\\\/www.okseamless.com\\\/pt\\\/#\\\/schema\\\/logo\\\/image\\\/\",\"url\":\"https:\\\/\\\/okseamless.com\\\/wp-content\\\/uploads\\\/2025\\\/03\\\/LOGO.png\",\"contentUrl\":\"https:\\\/\\\/okseamless.com\\\/wp-content\\\/uploads\\\/2025\\\/03\\\/LOGO.png\",\"width\":685,\"height\":218,\"caption\":\"Custom Seamless Shapewear and Yoga Wear Manufacturer in China\"},\"image\":{\"@id\":\"https:\\\/\\\/www.okseamless.com\\\/pt\\\/#\\\/schema\\\/logo\\\/image\\\/\"},\"sameAs\":[\"https:\\\/\\\/www.facebook.com\\\/share\\\/1TH24JnBgY\\\/?mibextid=wwXIfr\"]}]}<\/script>\n<!-- \/ Yoast SEO plugin. -->","yoast_head_json":{"title":"Thin section high-waisted panties female tummy-tightening ladies panties - Custom Seamless Shapewear and Yoga Wear Manufacturer in China","robots":{"index":"index","follow":"follow","max-snippet":"max-snippet:-1","max-image-preview":"max-image-preview:large","max-video-preview":"max-video-preview:-1"},"canonical":"https:\/\/www.okseamless.com\/product\/thin-section-high-waisted-panties-female-tummy-tightening-ladies-panties\/","og_locale":"fr_FR","og_type":"article","og_title":"Thin section high-waisted panties female tummy-tightening ladies panties - Custom Seamless Shapewear and Yoga Wear Manufacturer in China","og_description":"Model No:JS027  Description  Wanna feel supported &amp; enhanced in seconds? This is ultimately the best shaping underwear for tummy and waist you\u2019ll ever own. Seamless design ensures you not only look your best in clothing but feel your best underneath.  Features:   24\/7 comfort with soft seamless fabric  Stay in place with an anti-roll silicone strip  Two-ply materials offer firm control around the waist and back sections  Easy to pull on and take off  Basic bottom for daily outfit  Fabric Details\u00a0: 83% Nylon\u00a017% Spandex","og_url":"https:\/\/www.okseamless.com\/product\/thin-section-high-waisted-panties-female-tummy-tightening-ladies-panties\/","og_site_name":"Custom Seamless Shapewear and Yoga Wear Manufacturer in China","article_publisher":"https:\/\/www.facebook.com\/share\/1TH24JnBgY\/?mibextid=wwXIfr","article_modified_time":"2025-04-11T02:50:19+00:00","og_image":[{"width":533,"height":533,"url":"https:\/\/www.okseamless.com\/wp-content\/uploads\/2025\/04\/DM_20250410104856_001.jpg","type":"image\/jpeg"}],"twitter_card":"summary_large_image","twitter_misc":{"Dur\u00e9e de lecture estim\u00e9e":"1 minute"},"schema":{"@context":"https:\/\/schema.org","@graph":[{"@type":"WebPage","@id":"https:\/\/www.okseamless.com\/product\/thin-section-high-waisted-panties-female-tummy-tightening-ladies-panties\/","url":"https:\/\/www.okseamless.com\/product\/thin-section-high-waisted-panties-female-tummy-tightening-ladies-panties\/","name":"Thin section high-waisted panties female tummy-tightening ladies panties - Custom Seamless Shapewear and Yoga Wear Manufacturer in China","isPartOf":{"@id":"https:\/\/www.okseamless.com\/pt\/#website"},"primaryImageOfPage":{"@id":"https:\/\/www.okseamless.com\/product\/thin-section-high-waisted-panties-female-tummy-tightening-ladies-panties\/#primaryimage"},"image":{"@id":"https:\/\/www.okseamless.com\/product\/thin-section-high-waisted-panties-female-tummy-tightening-ladies-panties\/#primaryimage"},"thumbnailUrl":"https:\/\/okseamless.com\/wp-content\/uploads\/2025\/04\/DM_20250410104856_001.jpg","datePublished":"2025-04-10T03:06:41+00:00","dateModified":"2025-04-11T02:50:19+00:00","breadcrumb":{"@id":"https:\/\/www.okseamless.com\/product\/thin-section-high-waisted-panties-female-tummy-tightening-ladies-panties\/#breadcrumb"},"inLanguage":"fr-FR","potentialAction":[{"@type":"ReadAction","target":["https:\/\/www.okseamless.com\/product\/thin-section-high-waisted-panties-female-tummy-tightening-ladies-panties\/"]}]},{"@type":"ImageObject","inLanguage":"fr-FR","@id":"https:\/\/www.okseamless.com\/product\/thin-section-high-waisted-panties-female-tummy-tightening-ladies-panties\/#primaryimage","url":"https:\/\/okseamless.com\/wp-content\/uploads\/2025\/04\/DM_20250410104856_001.jpg","contentUrl":"https:\/\/okseamless.com\/wp-content\/uploads\/2025\/04\/DM_20250410104856_001.jpg","width":533,"height":533},{"@type":"BreadcrumbList","@id":"https:\/\/www.okseamless.com\/product\/thin-section-high-waisted-panties-female-tummy-tightening-ladies-panties\/#breadcrumb","itemListElement":[{"@type":"ListItem","position":1,"name":"\u9996\u9875","item":"https:\/\/okseamless.com\/"},{"@type":"ListItem","position":2,"name":"Produtos","item":"https:\/\/www.okseamless.com\/pt\/shop\/"},{"@type":"ListItem","position":3,"name":"Thin section high-waisted panties female tummy-tightening ladies panties"}]},{"@type":"WebSite","@id":"https:\/\/www.okseamless.com\/pt\/#website","url":"https:\/\/www.okseamless.com\/pt\/","name":"Fabricant de v\u00eatements de forme sans couture et de v\u00eatements de yoga en Chine","description":"","publisher":{"@id":"https:\/\/www.okseamless.com\/pt\/#organization"},"potentialAction":[{"@type":"SearchAction","target":{"@type":"EntryPoint","urlTemplate":"https:\/\/www.okseamless.com\/pt\/?s={search_term_string}"},"query-input":{"@type":"PropertyValueSpecification","valueRequired":true,"valueName":"search_term_string"}}],"inLanguage":"fr-FR"},{"@type":"Organization","@id":"https:\/\/www.okseamless.com\/pt\/#organization","name":"Fabricant de v\u00eatements de forme sans couture et de v\u00eatements de yoga en Chine","url":"https:\/\/www.okseamless.com\/pt\/","logo":{"@type":"ImageObject","inLanguage":"fr-FR","@id":"https:\/\/www.okseamless.com\/pt\/#\/schema\/logo\/image\/","url":"https:\/\/okseamless.com\/wp-content\/uploads\/2025\/03\/LOGO.png","contentUrl":"https:\/\/okseamless.com\/wp-content\/uploads\/2025\/03\/LOGO.png","width":685,"height":218,"caption":"Custom Seamless Shapewear and Yoga Wear Manufacturer in China"},"image":{"@id":"https:\/\/www.okseamless.com\/pt\/#\/schema\/logo\/image\/"},"sameAs":["https:\/\/www.facebook.com\/share\/1TH24JnBgY\/?mibextid=wwXIfr"]}]}},"_links":{"self":[{"href":"https:\/\/okseamless.com\/fr\/wp-json\/wp\/v2\/product\/2237","targetHints":{"allow":["GET"]}}],"collection":[{"href":"https:\/\/okseamless.com\/fr\/wp-json\/wp\/v2\/product"}],"about":[{"href":"https:\/\/okseamless.com\/fr\/wp-json\/wp\/v2\/types\/product"}],"wp:featuredmedia":[{"embeddable":true,"href":"https:\/\/okseamless.com\/fr\/wp-json\/wp\/v2\/media\/2247"}],"wp:attachment":[{"href":"https:\/\/okseamless.com\/fr\/wp-json\/wp\/v2\/media?parent=2237"}],"wp:term":[{"taxonomy":"product_brand","embeddable":true,"href":"https:\/\/okseamless.com\/fr\/wp-json\/wp\/v2\/product_brand?post=2237"},{"taxonomy":"product_cat","embeddable":true,"href":"https:\/\/okseamless.com\/fr\/wp-json\/wp\/v2\/product_cat?post=2237"},{"taxonomy":"product_tag","embeddable":true,"href":"https:\/\/okseamless.com\/fr\/wp-json\/wp\/v2\/product_tag?post=2237"}],"curies":[{"name":"wp","href":"https:\/\/api.w.org\/{rel}","templated":true}]}}