{"id":2177,"date":"2025-04-10T02:06:07","date_gmt":"2025-04-10T02:06:07","guid":{"rendered":"https:\/\/okseamless.com\/?post_type=product&#038;p=2177"},"modified":"2025-04-10T05:04:33","modified_gmt":"2025-04-10T05:04:33","slug":"seamless-adjustable-underwire-free-smoothing-bra","status":"publish","type":"product","link":"https:\/\/okseamless.com\/fr\/produit\/seamless-adjustable-underwire-free-smoothing-bra\/","title":{"rendered":"Soutien-gorge de lissage sans couture \u00e0 armature ajustable"},"content":{"rendered":"","protected":false},"excerpt":{"rendered":"<p>Mod\u00e8le n\u00b0:JS083<\/p>\n<p><strong><b>Description<\/b><\/strong><\/p>\n<p>Le soutien-gorge lissant sans armature Seamless Adjustable Underwire-Free est dot\u00e9 d'une encolure en V am\u00e9lior\u00e9e et d'un bord festonn\u00e9, ce qui permet une transition en douceur et r\u00e9duit les lignes visibles sous les v\u00eatements. Fabriqu\u00e9s dans un tissu ultra-doux, d\u00e9licat, lisse et soutenant, ces soutiens-gorge offrent une sensation de luxe sur la peau. Ce soutien-gorge de tous les jours offre une couverture et un soutien complets pour tous les types de corps. Le soutien-gorge confort \u00e0 bonnets relevables est invisible sous diff\u00e9rents styles de v\u00eatements, ce qui vous assure un soutien parfait en toute occasion.<\/p>\n<p><strong><b>Caract\u00e9ristiques<\/b><\/strong><strong><b>:<\/b><\/strong><\/p>\n<ul>\n<li>Bretelles r\u00e9glables : restent en place pour un confort tout au long de la journ\u00e9e sans creuser.<\/li>\n<li>Les coussinets semi-fixes push-up : rendent vos seins plus galb\u00e9s et alignent la ligne des seins.<\/li>\n<li>Boucle arri\u00e8re r\u00e9glable : Boucle arri\u00e8re \u00e0 quatre rang\u00e9es de boutons, facile \u00e0 mettre et \u00e0 enlever.<\/li>\n<li>Bande de soutien en gel\u00e9e : Bord ondul\u00e9 sans couture, enveloppant tout le tour pour soutenir la poitrine.<\/li>\n<li>Silhouette classique de soutien-gorge de tous les jours, \u00e0 la mode et durable, polyvalente pour l'int\u00e9rieur et pour r\u00e9pondre \u00e0 divers styles quotidiens, cr\u00e9ant sans effort de multiples styles \u00e0 la mode.<\/li>\n<\/ul>\n<p><strong><b>D\u00e9tails du tissu \uff1a<\/b><\/strong>Nylon : 80% Spandex : 20%<\/p>","protected":false},"featured_media":2196,"template":"","meta":[],"product_brand":[],"product_cat":[35],"product_tag":[],"class_list":{"0":"post-2177","1":"product","2":"type-product","3":"status-publish","4":"has-post-thumbnail","6":"product_cat-womens-tops","8":"first","9":"instock","10":"shipping-taxable","11":"product-type-simple"},"yoast_head":"<!-- This site is optimized with the Yoast SEO plugin v27.4 - https:\/\/yoast.com\/product\/yoast-seo-wordpress\/ -->\n<title>Seamless Adjustable Underwire-Free Smoothing Bra - Custom Seamless Shapewear and Yoga Wear Manufacturer in China<\/title>\n<meta name=\"robots\" content=\"index, follow, max-snippet:-1, max-image-preview:large, max-video-preview:-1\" \/>\n<link rel=\"canonical\" href=\"https:\/\/www.okseamless.com\/ja\/product\/seamless-adjustable-underwire-free-smoothing-bra\/\" \/>\n<meta property=\"og:locale\" content=\"fr_FR\" \/>\n<meta property=\"og:type\" content=\"article\" \/>\n<meta property=\"og:title\" content=\"Seamless Adjustable Underwire-Free Smoothing Bra - Custom Seamless Shapewear and Yoga Wear Manufacturer in China\" \/>\n<meta property=\"og:description\" content=\"Model No:JS083  Description  The Seamless Adjustable Underwire-Free Smoothing Bra features an upgraded V-neck and scalloped edge design, providing a smooth transition and reducing visible lines under clothing. Made with ultra-soft, delicate, smooth, and supportive fabric, these bras feel luxurious against your skin. This everyday bras offer full coverage and support for all body types. The comfort lift cup bras is invisible under different styles of clothing, ensuring you get perfect support no matter the occasion.  Features:   Adjustable Straps: stay in place for all-day comfort without digging.  Push-up Semi-Fixed Pads: makes your breasts more gathers and line the breast line.  Adjustable Back Buckle: Four rows and multi-button back buckle adjustment, easy putting on and taking off.  Jelly Support Strip: Seamless wavy edge, all-round wrap to support the chest.  Classic everyday bra silhouette, fashionable and durable, versatile for both inner and meeting various daily styles, effortlessly creating multiple trendy styles.  Fabric Details \uff1aNylon: 80%\u00a0 Spandex: 20%\" \/>\n<meta property=\"og:url\" content=\"https:\/\/www.okseamless.com\/ja\/product\/seamless-adjustable-underwire-free-smoothing-bra\/\" \/>\n<meta property=\"og:site_name\" content=\"Custom Seamless Shapewear and Yoga Wear Manufacturer in China\" \/>\n<meta property=\"article:publisher\" content=\"https:\/\/www.facebook.com\/share\/1TH24JnBgY\/?mibextid=wwXIfr\" \/>\n<meta property=\"article:modified_time\" content=\"2025-04-10T05:04:33+00:00\" \/>\n<meta property=\"og:image\" content=\"https:\/\/www.okseamless.com\/wp-content\/uploads\/2025\/04\/DM_20250408160051_007.jpg\" \/>\n\t<meta property=\"og:image:width\" content=\"1600\" \/>\n\t<meta property=\"og:image:height\" content=\"1600\" \/>\n\t<meta property=\"og:image:type\" content=\"image\/jpeg\" \/>\n<meta name=\"twitter:card\" content=\"summary_large_image\" \/>\n<meta name=\"twitter:label1\" content=\"Dur\u00e9e de lecture estim\u00e9e\" \/>\n\t<meta name=\"twitter:data1\" content=\"1 minute\" \/>\n<script type=\"application\/ld+json\" class=\"yoast-schema-graph\">{\"@context\":\"https:\\\/\\\/schema.org\",\"@graph\":[{\"@type\":\"WebPage\",\"@id\":\"https:\\\/\\\/www.okseamless.com\\\/ja\\\/product\\\/seamless-adjustable-underwire-free-smoothing-bra\\\/\",\"url\":\"https:\\\/\\\/www.okseamless.com\\\/ja\\\/product\\\/seamless-adjustable-underwire-free-smoothing-bra\\\/\",\"name\":\"Seamless Adjustable Underwire-Free Smoothing Bra - Custom Seamless Shapewear and Yoga Wear Manufacturer in China\",\"isPartOf\":{\"@id\":\"https:\\\/\\\/www.okseamless.com\\\/pt\\\/#website\"},\"primaryImageOfPage\":{\"@id\":\"https:\\\/\\\/www.okseamless.com\\\/ja\\\/product\\\/seamless-adjustable-underwire-free-smoothing-bra\\\/#primaryimage\"},\"image\":{\"@id\":\"https:\\\/\\\/www.okseamless.com\\\/ja\\\/product\\\/seamless-adjustable-underwire-free-smoothing-bra\\\/#primaryimage\"},\"thumbnailUrl\":\"https:\\\/\\\/okseamless.com\\\/wp-content\\\/uploads\\\/2025\\\/04\\\/DM_20250408160051_007.jpg\",\"datePublished\":\"2025-04-10T02:06:07+00:00\",\"dateModified\":\"2025-04-10T05:04:33+00:00\",\"breadcrumb\":{\"@id\":\"https:\\\/\\\/www.okseamless.com\\\/ja\\\/product\\\/seamless-adjustable-underwire-free-smoothing-bra\\\/#breadcrumb\"},\"inLanguage\":\"fr-FR\",\"potentialAction\":[{\"@type\":\"ReadAction\",\"target\":[\"https:\\\/\\\/www.okseamless.com\\\/ja\\\/product\\\/seamless-adjustable-underwire-free-smoothing-bra\\\/\"]}]},{\"@type\":\"ImageObject\",\"inLanguage\":\"fr-FR\",\"@id\":\"https:\\\/\\\/www.okseamless.com\\\/ja\\\/product\\\/seamless-adjustable-underwire-free-smoothing-bra\\\/#primaryimage\",\"url\":\"https:\\\/\\\/okseamless.com\\\/wp-content\\\/uploads\\\/2025\\\/04\\\/DM_20250408160051_007.jpg\",\"contentUrl\":\"https:\\\/\\\/okseamless.com\\\/wp-content\\\/uploads\\\/2025\\\/04\\\/DM_20250408160051_007.jpg\",\"width\":1600,\"height\":1600},{\"@type\":\"BreadcrumbList\",\"@id\":\"https:\\\/\\\/www.okseamless.com\\\/ja\\\/product\\\/seamless-adjustable-underwire-free-smoothing-bra\\\/#breadcrumb\",\"itemListElement\":[{\"@type\":\"ListItem\",\"position\":1,\"name\":\"\u9996\u9875\",\"item\":\"https:\\\/\\\/okseamless.com\\\/\"},{\"@type\":\"ListItem\",\"position\":2,\"name\":\"Produtos\",\"item\":\"https:\\\/\\\/www.okseamless.com\\\/pt\\\/shop\\\/\"},{\"@type\":\"ListItem\",\"position\":3,\"name\":\"Seamless Adjustable Underwire-Free Smoothing Bra\"}]},{\"@type\":\"WebSite\",\"@id\":\"https:\\\/\\\/www.okseamless.com\\\/pt\\\/#website\",\"url\":\"https:\\\/\\\/www.okseamless.com\\\/pt\\\/\",\"name\":\"Custom Seamless Shapewear and Yoga Wear Manufacturer in China\",\"description\":\"\",\"publisher\":{\"@id\":\"https:\\\/\\\/www.okseamless.com\\\/pt\\\/#organization\"},\"potentialAction\":[{\"@type\":\"SearchAction\",\"target\":{\"@type\":\"EntryPoint\",\"urlTemplate\":\"https:\\\/\\\/www.okseamless.com\\\/pt\\\/?s={search_term_string}\"},\"query-input\":{\"@type\":\"PropertyValueSpecification\",\"valueRequired\":true,\"valueName\":\"search_term_string\"}}],\"inLanguage\":\"fr-FR\"},{\"@type\":\"Organization\",\"@id\":\"https:\\\/\\\/www.okseamless.com\\\/pt\\\/#organization\",\"name\":\"Custom Seamless Shapewear and Yoga Wear Manufacturer in China\",\"url\":\"https:\\\/\\\/www.okseamless.com\\\/pt\\\/\",\"logo\":{\"@type\":\"ImageObject\",\"inLanguage\":\"fr-FR\",\"@id\":\"https:\\\/\\\/www.okseamless.com\\\/pt\\\/#\\\/schema\\\/logo\\\/image\\\/\",\"url\":\"https:\\\/\\\/okseamless.com\\\/wp-content\\\/uploads\\\/2025\\\/03\\\/LOGO.png\",\"contentUrl\":\"https:\\\/\\\/okseamless.com\\\/wp-content\\\/uploads\\\/2025\\\/03\\\/LOGO.png\",\"width\":685,\"height\":218,\"caption\":\"Custom Seamless Shapewear and Yoga Wear Manufacturer in China\"},\"image\":{\"@id\":\"https:\\\/\\\/www.okseamless.com\\\/pt\\\/#\\\/schema\\\/logo\\\/image\\\/\"},\"sameAs\":[\"https:\\\/\\\/www.facebook.com\\\/share\\\/1TH24JnBgY\\\/?mibextid=wwXIfr\"]}]}<\/script>\n<!-- \/ Yoast SEO plugin. -->","yoast_head_json":{"title":"Seamless Adjustable Underwire-Free Smoothing Bra - Custom Seamless Shapewear and Yoga Wear Manufacturer in China","robots":{"index":"index","follow":"follow","max-snippet":"max-snippet:-1","max-image-preview":"max-image-preview:large","max-video-preview":"max-video-preview:-1"},"canonical":"https:\/\/www.okseamless.com\/ja\/product\/seamless-adjustable-underwire-free-smoothing-bra\/","og_locale":"fr_FR","og_type":"article","og_title":"Seamless Adjustable Underwire-Free Smoothing Bra - Custom Seamless Shapewear and Yoga Wear Manufacturer in China","og_description":"Model No:JS083  Description  The Seamless Adjustable Underwire-Free Smoothing Bra features an upgraded V-neck and scalloped edge design, providing a smooth transition and reducing visible lines under clothing. Made with ultra-soft, delicate, smooth, and supportive fabric, these bras feel luxurious against your skin. This everyday bras offer full coverage and support for all body types. The comfort lift cup bras is invisible under different styles of clothing, ensuring you get perfect support no matter the occasion.  Features:   Adjustable Straps: stay in place for all-day comfort without digging.  Push-up Semi-Fixed Pads: makes your breasts more gathers and line the breast line.  Adjustable Back Buckle: Four rows and multi-button back buckle adjustment, easy putting on and taking off.  Jelly Support Strip: Seamless wavy edge, all-round wrap to support the chest.  Classic everyday bra silhouette, fashionable and durable, versatile for both inner and meeting various daily styles, effortlessly creating multiple trendy styles.  Fabric Details \uff1aNylon: 80%\u00a0 Spandex: 20%","og_url":"https:\/\/www.okseamless.com\/ja\/product\/seamless-adjustable-underwire-free-smoothing-bra\/","og_site_name":"Custom Seamless Shapewear and Yoga Wear Manufacturer in China","article_publisher":"https:\/\/www.facebook.com\/share\/1TH24JnBgY\/?mibextid=wwXIfr","article_modified_time":"2025-04-10T05:04:33+00:00","og_image":[{"width":1600,"height":1600,"url":"https:\/\/www.okseamless.com\/wp-content\/uploads\/2025\/04\/DM_20250408160051_007.jpg","type":"image\/jpeg"}],"twitter_card":"summary_large_image","twitter_misc":{"Dur\u00e9e de lecture estim\u00e9e":"1 minute"},"schema":{"@context":"https:\/\/schema.org","@graph":[{"@type":"WebPage","@id":"https:\/\/www.okseamless.com\/ja\/product\/seamless-adjustable-underwire-free-smoothing-bra\/","url":"https:\/\/www.okseamless.com\/ja\/product\/seamless-adjustable-underwire-free-smoothing-bra\/","name":"Seamless Adjustable Underwire-Free Smoothing Bra - Custom Seamless Shapewear and Yoga Wear Manufacturer in China","isPartOf":{"@id":"https:\/\/www.okseamless.com\/pt\/#website"},"primaryImageOfPage":{"@id":"https:\/\/www.okseamless.com\/ja\/product\/seamless-adjustable-underwire-free-smoothing-bra\/#primaryimage"},"image":{"@id":"https:\/\/www.okseamless.com\/ja\/product\/seamless-adjustable-underwire-free-smoothing-bra\/#primaryimage"},"thumbnailUrl":"https:\/\/okseamless.com\/wp-content\/uploads\/2025\/04\/DM_20250408160051_007.jpg","datePublished":"2025-04-10T02:06:07+00:00","dateModified":"2025-04-10T05:04:33+00:00","breadcrumb":{"@id":"https:\/\/www.okseamless.com\/ja\/product\/seamless-adjustable-underwire-free-smoothing-bra\/#breadcrumb"},"inLanguage":"fr-FR","potentialAction":[{"@type":"ReadAction","target":["https:\/\/www.okseamless.com\/ja\/product\/seamless-adjustable-underwire-free-smoothing-bra\/"]}]},{"@type":"ImageObject","inLanguage":"fr-FR","@id":"https:\/\/www.okseamless.com\/ja\/product\/seamless-adjustable-underwire-free-smoothing-bra\/#primaryimage","url":"https:\/\/okseamless.com\/wp-content\/uploads\/2025\/04\/DM_20250408160051_007.jpg","contentUrl":"https:\/\/okseamless.com\/wp-content\/uploads\/2025\/04\/DM_20250408160051_007.jpg","width":1600,"height":1600},{"@type":"BreadcrumbList","@id":"https:\/\/www.okseamless.com\/ja\/product\/seamless-adjustable-underwire-free-smoothing-bra\/#breadcrumb","itemListElement":[{"@type":"ListItem","position":1,"name":"\u9996\u9875","item":"https:\/\/okseamless.com\/"},{"@type":"ListItem","position":2,"name":"Produtos","item":"https:\/\/www.okseamless.com\/pt\/shop\/"},{"@type":"ListItem","position":3,"name":"Seamless Adjustable Underwire-Free Smoothing Bra"}]},{"@type":"WebSite","@id":"https:\/\/www.okseamless.com\/pt\/#website","url":"https:\/\/www.okseamless.com\/pt\/","name":"Fabricant de v\u00eatements de forme sans couture et de v\u00eatements de yoga en Chine","description":"","publisher":{"@id":"https:\/\/www.okseamless.com\/pt\/#organization"},"potentialAction":[{"@type":"SearchAction","target":{"@type":"EntryPoint","urlTemplate":"https:\/\/www.okseamless.com\/pt\/?s={search_term_string}"},"query-input":{"@type":"PropertyValueSpecification","valueRequired":true,"valueName":"search_term_string"}}],"inLanguage":"fr-FR"},{"@type":"Organization","@id":"https:\/\/www.okseamless.com\/pt\/#organization","name":"Fabricant de v\u00eatements de forme sans couture et de v\u00eatements de yoga en Chine","url":"https:\/\/www.okseamless.com\/pt\/","logo":{"@type":"ImageObject","inLanguage":"fr-FR","@id":"https:\/\/www.okseamless.com\/pt\/#\/schema\/logo\/image\/","url":"https:\/\/okseamless.com\/wp-content\/uploads\/2025\/03\/LOGO.png","contentUrl":"https:\/\/okseamless.com\/wp-content\/uploads\/2025\/03\/LOGO.png","width":685,"height":218,"caption":"Custom Seamless Shapewear and Yoga Wear Manufacturer in China"},"image":{"@id":"https:\/\/www.okseamless.com\/pt\/#\/schema\/logo\/image\/"},"sameAs":["https:\/\/www.facebook.com\/share\/1TH24JnBgY\/?mibextid=wwXIfr"]}]}},"_links":{"self":[{"href":"https:\/\/okseamless.com\/fr\/wp-json\/wp\/v2\/product\/2177","targetHints":{"allow":["GET"]}}],"collection":[{"href":"https:\/\/okseamless.com\/fr\/wp-json\/wp\/v2\/product"}],"about":[{"href":"https:\/\/okseamless.com\/fr\/wp-json\/wp\/v2\/types\/product"}],"wp:featuredmedia":[{"embeddable":true,"href":"https:\/\/okseamless.com\/fr\/wp-json\/wp\/v2\/media\/2196"}],"wp:attachment":[{"href":"https:\/\/okseamless.com\/fr\/wp-json\/wp\/v2\/media?parent=2177"}],"wp:term":[{"taxonomy":"product_brand","embeddable":true,"href":"https:\/\/okseamless.com\/fr\/wp-json\/wp\/v2\/product_brand?post=2177"},{"taxonomy":"product_cat","embeddable":true,"href":"https:\/\/okseamless.com\/fr\/wp-json\/wp\/v2\/product_cat?post=2177"},{"taxonomy":"product_tag","embeddable":true,"href":"https:\/\/okseamless.com\/fr\/wp-json\/wp\/v2\/product_tag?post=2177"}],"curies":[{"name":"wp","href":"https:\/\/api.w.org\/{rel}","templated":true}]}}