{"id":2140,"date":"2025-04-10T01:47:35","date_gmt":"2025-04-10T01:47:35","guid":{"rendered":"https:\/\/okseamless.com\/?post_type=product&#038;p=2140"},"modified":"2025-04-14T02:37:19","modified_gmt":"2025-04-14T02:37:19","slug":"round-neck-short-sleeveless-bodysuit-top","status":"publish","type":"product","link":"https:\/\/okseamless.com\/fr\/produit\/round-neck-short-sleeveless-bodysuit-top\/","title":{"rendered":"Round Neck Short Sleeveless Bodysuit Top"},"content":{"rendered":"","protected":false},"excerpt":{"rendered":"<p>Model NO: JS102<\/p>\n<p><strong><b>Description<\/b><\/strong><\/p>\n<p>The Round Neck Short Sleeveless Bodysuit Top is a versatile and stylish piece that can be dressed up or down for any occasion. Made from a soft and stretchy fabric. The bodysuit is also incredibly comfortable to wear, thanks to its snap closure at the crotch and thong design. This makes it easy to put on and take off, and it also prevents any unwanted wrinkles or bunching. Whether you&#8217;re dressing for a night out on the town or just running errands, the Round Neck Short Sleeveless Bodysuit Top is the perfect way to add a touch of glamour to your outfit.<\/p>\n<p><strong><b>Caract\u00e9ristiques<\/b><\/strong><strong><b>:<\/b><\/strong><\/p>\n<ul>\n<li>Sexy bodysuit designed for daily.<\/li>\n<li>Top \u00e0 la coupe ajust\u00e9e qui \u00e9pouse parfaitement les courbes et met en valeur la silhouette f\u00e9minine.<\/li>\n<li>Snap buttons at the crotch for easy and convenient bathroom use.<\/li>\n<li>Pi\u00e8ce polyvalente et \u00e9l\u00e9gante qui peut \u00eatre habill\u00e9e ou d\u00e9contract\u00e9e, parfaite pour toute occasion.<\/li>\n<\/ul>\n<p><strong><b>D\u00e9tails du tissu<\/b><\/strong><\/p>\n<p>Viscose 92%<\/p>\n<p>Spandex 8%<\/p>","protected":false},"featured_media":2142,"template":"","meta":[],"product_brand":[],"product_cat":[37],"product_tag":[],"class_list":{"0":"post-2140","1":"product","2":"type-product","3":"status-publish","4":"has-post-thumbnail","6":"product_cat-womens-bodysuits","8":"first","9":"instock","10":"shipping-taxable","11":"product-type-simple"},"yoast_head":"<!-- This site is optimized with the Yoast SEO plugin v27.4 - https:\/\/yoast.com\/product\/yoast-seo-wordpress\/ -->\n<title>Round Neck Short Sleeveless Bodysuit Top - Custom Seamless Shapewear and Yoga Wear Manufacturer in China<\/title>\n<meta name=\"robots\" content=\"index, follow, max-snippet:-1, max-image-preview:large, max-video-preview:-1\" \/>\n<link rel=\"canonical\" href=\"https:\/\/www.okseamless.com\/product\/round-neck-short-sleeveless-bodysuit-top\/\" \/>\n<meta property=\"og:locale\" content=\"fr_FR\" \/>\n<meta property=\"og:type\" content=\"article\" \/>\n<meta property=\"og:title\" content=\"Round Neck Short Sleeveless Bodysuit Top - Custom Seamless Shapewear and Yoga Wear Manufacturer in China\" \/>\n<meta property=\"og:description\" content=\"Model NO: JS102  Description  The Round Neck Short Sleeveless Bodysuit Top is a versatile and stylish piece that can be dressed up or down for any occasion. Made from a soft and stretchy fabric. The bodysuit is also incredibly comfortable to wear, thanks to its snap closure at the crotch and thong design. This makes it easy to put on and take off, and it also prevents any unwanted wrinkles or bunching. Whether you&#039;re dressing for a night out on the town or just running errands, the Round Neck Short Sleeveless Bodysuit Top is the perfect way to add a touch of glamour to your outfit.  Features:   Sexy bodysuit designed for daily.  Slim fit top design that perfectly hugs curves and showcases a feminine silhouette.  Snap buttons at the crotch for easy and convenient bathroom use.  Versatile and stylish piece that can be dressed up or down, perfect for any occasion.  Fabric Details  Viscose 92%  Spandex 8%\" \/>\n<meta property=\"og:url\" content=\"https:\/\/www.okseamless.com\/product\/round-neck-short-sleeveless-bodysuit-top\/\" \/>\n<meta property=\"og:site_name\" content=\"Custom Seamless Shapewear and Yoga Wear Manufacturer in China\" \/>\n<meta property=\"article:publisher\" content=\"https:\/\/www.facebook.com\/share\/1TH24JnBgY\/?mibextid=wwXIfr\" \/>\n<meta property=\"article:modified_time\" content=\"2025-04-14T02:37:19+00:00\" \/>\n<meta property=\"og:image\" content=\"https:\/\/www.okseamless.com\/wp-content\/uploads\/2025\/04\/DM_20250408103117_002.jpg\" \/>\n\t<meta property=\"og:image:width\" content=\"1600\" \/>\n\t<meta property=\"og:image:height\" content=\"1600\" \/>\n\t<meta property=\"og:image:type\" content=\"image\/jpeg\" \/>\n<meta name=\"twitter:card\" content=\"summary_large_image\" \/>\n<meta name=\"twitter:label1\" content=\"Dur\u00e9e de lecture estim\u00e9e\" \/>\n\t<meta name=\"twitter:data1\" content=\"1 minute\" \/>\n<script type=\"application\/ld+json\" class=\"yoast-schema-graph\">{\"@context\":\"https:\\\/\\\/schema.org\",\"@graph\":[{\"@type\":\"WebPage\",\"@id\":\"https:\\\/\\\/www.okseamless.com\\\/product\\\/round-neck-short-sleeveless-bodysuit-top\\\/\",\"url\":\"https:\\\/\\\/www.okseamless.com\\\/product\\\/round-neck-short-sleeveless-bodysuit-top\\\/\",\"name\":\"Round Neck Short Sleeveless Bodysuit Top - Custom Seamless Shapewear and Yoga Wear Manufacturer in China\",\"isPartOf\":{\"@id\":\"https:\\\/\\\/www.okseamless.com\\\/pt\\\/#website\"},\"primaryImageOfPage\":{\"@id\":\"https:\\\/\\\/www.okseamless.com\\\/product\\\/round-neck-short-sleeveless-bodysuit-top\\\/#primaryimage\"},\"image\":{\"@id\":\"https:\\\/\\\/www.okseamless.com\\\/product\\\/round-neck-short-sleeveless-bodysuit-top\\\/#primaryimage\"},\"thumbnailUrl\":\"https:\\\/\\\/okseamless.com\\\/wp-content\\\/uploads\\\/2025\\\/04\\\/DM_20250408103117_002.jpg\",\"datePublished\":\"2025-04-10T01:47:35+00:00\",\"dateModified\":\"2025-04-14T02:37:19+00:00\",\"breadcrumb\":{\"@id\":\"https:\\\/\\\/www.okseamless.com\\\/product\\\/round-neck-short-sleeveless-bodysuit-top\\\/#breadcrumb\"},\"inLanguage\":\"fr-FR\",\"potentialAction\":[{\"@type\":\"ReadAction\",\"target\":[\"https:\\\/\\\/www.okseamless.com\\\/product\\\/round-neck-short-sleeveless-bodysuit-top\\\/\"]}]},{\"@type\":\"ImageObject\",\"inLanguage\":\"fr-FR\",\"@id\":\"https:\\\/\\\/www.okseamless.com\\\/product\\\/round-neck-short-sleeveless-bodysuit-top\\\/#primaryimage\",\"url\":\"https:\\\/\\\/okseamless.com\\\/wp-content\\\/uploads\\\/2025\\\/04\\\/DM_20250408103117_002.jpg\",\"contentUrl\":\"https:\\\/\\\/okseamless.com\\\/wp-content\\\/uploads\\\/2025\\\/04\\\/DM_20250408103117_002.jpg\",\"width\":1600,\"height\":1600},{\"@type\":\"BreadcrumbList\",\"@id\":\"https:\\\/\\\/www.okseamless.com\\\/product\\\/round-neck-short-sleeveless-bodysuit-top\\\/#breadcrumb\",\"itemListElement\":[{\"@type\":\"ListItem\",\"position\":1,\"name\":\"\u9996\u9875\",\"item\":\"https:\\\/\\\/okseamless.com\\\/\"},{\"@type\":\"ListItem\",\"position\":2,\"name\":\"Produtos\",\"item\":\"https:\\\/\\\/www.okseamless.com\\\/pt\\\/shop\\\/\"},{\"@type\":\"ListItem\",\"position\":3,\"name\":\"Round Neck Short Sleeveless Bodysuit Top\"}]},{\"@type\":\"WebSite\",\"@id\":\"https:\\\/\\\/www.okseamless.com\\\/pt\\\/#website\",\"url\":\"https:\\\/\\\/www.okseamless.com\\\/pt\\\/\",\"name\":\"Custom Seamless Shapewear and Yoga Wear Manufacturer in China\",\"description\":\"\",\"publisher\":{\"@id\":\"https:\\\/\\\/www.okseamless.com\\\/pt\\\/#organization\"},\"potentialAction\":[{\"@type\":\"SearchAction\",\"target\":{\"@type\":\"EntryPoint\",\"urlTemplate\":\"https:\\\/\\\/www.okseamless.com\\\/pt\\\/?s={search_term_string}\"},\"query-input\":{\"@type\":\"PropertyValueSpecification\",\"valueRequired\":true,\"valueName\":\"search_term_string\"}}],\"inLanguage\":\"fr-FR\"},{\"@type\":\"Organization\",\"@id\":\"https:\\\/\\\/www.okseamless.com\\\/pt\\\/#organization\",\"name\":\"Custom Seamless Shapewear and Yoga Wear Manufacturer in China\",\"url\":\"https:\\\/\\\/www.okseamless.com\\\/pt\\\/\",\"logo\":{\"@type\":\"ImageObject\",\"inLanguage\":\"fr-FR\",\"@id\":\"https:\\\/\\\/www.okseamless.com\\\/pt\\\/#\\\/schema\\\/logo\\\/image\\\/\",\"url\":\"https:\\\/\\\/okseamless.com\\\/wp-content\\\/uploads\\\/2025\\\/03\\\/LOGO.png\",\"contentUrl\":\"https:\\\/\\\/okseamless.com\\\/wp-content\\\/uploads\\\/2025\\\/03\\\/LOGO.png\",\"width\":685,\"height\":218,\"caption\":\"Custom Seamless Shapewear and Yoga Wear Manufacturer in China\"},\"image\":{\"@id\":\"https:\\\/\\\/www.okseamless.com\\\/pt\\\/#\\\/schema\\\/logo\\\/image\\\/\"},\"sameAs\":[\"https:\\\/\\\/www.facebook.com\\\/share\\\/1TH24JnBgY\\\/?mibextid=wwXIfr\"]}]}<\/script>\n<!-- \/ Yoast SEO plugin. -->","yoast_head_json":{"title":"Round Neck Short Sleeveless Bodysuit Top - Custom Seamless Shapewear and Yoga Wear Manufacturer in China","robots":{"index":"index","follow":"follow","max-snippet":"max-snippet:-1","max-image-preview":"max-image-preview:large","max-video-preview":"max-video-preview:-1"},"canonical":"https:\/\/www.okseamless.com\/product\/round-neck-short-sleeveless-bodysuit-top\/","og_locale":"fr_FR","og_type":"article","og_title":"Round Neck Short Sleeveless Bodysuit Top - Custom Seamless Shapewear and Yoga Wear Manufacturer in China","og_description":"Model NO: JS102  Description  The Round Neck Short Sleeveless Bodysuit Top is a versatile and stylish piece that can be dressed up or down for any occasion. Made from a soft and stretchy fabric. The bodysuit is also incredibly comfortable to wear, thanks to its snap closure at the crotch and thong design. This makes it easy to put on and take off, and it also prevents any unwanted wrinkles or bunching. Whether you're dressing for a night out on the town or just running errands, the Round Neck Short Sleeveless Bodysuit Top is the perfect way to add a touch of glamour to your outfit.  Features:   Sexy bodysuit designed for daily.  Slim fit top design that perfectly hugs curves and showcases a feminine silhouette.  Snap buttons at the crotch for easy and convenient bathroom use.  Versatile and stylish piece that can be dressed up or down, perfect for any occasion.  Fabric Details  Viscose 92%  Spandex 8%","og_url":"https:\/\/www.okseamless.com\/product\/round-neck-short-sleeveless-bodysuit-top\/","og_site_name":"Custom Seamless Shapewear and Yoga Wear Manufacturer in China","article_publisher":"https:\/\/www.facebook.com\/share\/1TH24JnBgY\/?mibextid=wwXIfr","article_modified_time":"2025-04-14T02:37:19+00:00","og_image":[{"width":1600,"height":1600,"url":"https:\/\/www.okseamless.com\/wp-content\/uploads\/2025\/04\/DM_20250408103117_002.jpg","type":"image\/jpeg"}],"twitter_card":"summary_large_image","twitter_misc":{"Dur\u00e9e de lecture estim\u00e9e":"1 minute"},"schema":{"@context":"https:\/\/schema.org","@graph":[{"@type":"WebPage","@id":"https:\/\/www.okseamless.com\/product\/round-neck-short-sleeveless-bodysuit-top\/","url":"https:\/\/www.okseamless.com\/product\/round-neck-short-sleeveless-bodysuit-top\/","name":"Round Neck Short Sleeveless Bodysuit Top - Custom Seamless Shapewear and Yoga Wear Manufacturer in China","isPartOf":{"@id":"https:\/\/www.okseamless.com\/pt\/#website"},"primaryImageOfPage":{"@id":"https:\/\/www.okseamless.com\/product\/round-neck-short-sleeveless-bodysuit-top\/#primaryimage"},"image":{"@id":"https:\/\/www.okseamless.com\/product\/round-neck-short-sleeveless-bodysuit-top\/#primaryimage"},"thumbnailUrl":"https:\/\/okseamless.com\/wp-content\/uploads\/2025\/04\/DM_20250408103117_002.jpg","datePublished":"2025-04-10T01:47:35+00:00","dateModified":"2025-04-14T02:37:19+00:00","breadcrumb":{"@id":"https:\/\/www.okseamless.com\/product\/round-neck-short-sleeveless-bodysuit-top\/#breadcrumb"},"inLanguage":"fr-FR","potentialAction":[{"@type":"ReadAction","target":["https:\/\/www.okseamless.com\/product\/round-neck-short-sleeveless-bodysuit-top\/"]}]},{"@type":"ImageObject","inLanguage":"fr-FR","@id":"https:\/\/www.okseamless.com\/product\/round-neck-short-sleeveless-bodysuit-top\/#primaryimage","url":"https:\/\/okseamless.com\/wp-content\/uploads\/2025\/04\/DM_20250408103117_002.jpg","contentUrl":"https:\/\/okseamless.com\/wp-content\/uploads\/2025\/04\/DM_20250408103117_002.jpg","width":1600,"height":1600},{"@type":"BreadcrumbList","@id":"https:\/\/www.okseamless.com\/product\/round-neck-short-sleeveless-bodysuit-top\/#breadcrumb","itemListElement":[{"@type":"ListItem","position":1,"name":"\u9996\u9875","item":"https:\/\/okseamless.com\/"},{"@type":"ListItem","position":2,"name":"Produtos","item":"https:\/\/www.okseamless.com\/pt\/shop\/"},{"@type":"ListItem","position":3,"name":"Round Neck Short Sleeveless Bodysuit Top"}]},{"@type":"WebSite","@id":"https:\/\/www.okseamless.com\/pt\/#website","url":"https:\/\/www.okseamless.com\/pt\/","name":"Fabricant de v\u00eatements de forme sans couture et de v\u00eatements de yoga en Chine","description":"","publisher":{"@id":"https:\/\/www.okseamless.com\/pt\/#organization"},"potentialAction":[{"@type":"SearchAction","target":{"@type":"EntryPoint","urlTemplate":"https:\/\/www.okseamless.com\/pt\/?s={search_term_string}"},"query-input":{"@type":"PropertyValueSpecification","valueRequired":true,"valueName":"search_term_string"}}],"inLanguage":"fr-FR"},{"@type":"Organization","@id":"https:\/\/www.okseamless.com\/pt\/#organization","name":"Fabricant de v\u00eatements de forme sans couture et de v\u00eatements de yoga en Chine","url":"https:\/\/www.okseamless.com\/pt\/","logo":{"@type":"ImageObject","inLanguage":"fr-FR","@id":"https:\/\/www.okseamless.com\/pt\/#\/schema\/logo\/image\/","url":"https:\/\/okseamless.com\/wp-content\/uploads\/2025\/03\/LOGO.png","contentUrl":"https:\/\/okseamless.com\/wp-content\/uploads\/2025\/03\/LOGO.png","width":685,"height":218,"caption":"Custom Seamless Shapewear and Yoga Wear Manufacturer in China"},"image":{"@id":"https:\/\/www.okseamless.com\/pt\/#\/schema\/logo\/image\/"},"sameAs":["https:\/\/www.facebook.com\/share\/1TH24JnBgY\/?mibextid=wwXIfr"]}]}},"_links":{"self":[{"href":"https:\/\/okseamless.com\/fr\/wp-json\/wp\/v2\/product\/2140","targetHints":{"allow":["GET"]}}],"collection":[{"href":"https:\/\/okseamless.com\/fr\/wp-json\/wp\/v2\/product"}],"about":[{"href":"https:\/\/okseamless.com\/fr\/wp-json\/wp\/v2\/types\/product"}],"wp:featuredmedia":[{"embeddable":true,"href":"https:\/\/okseamless.com\/fr\/wp-json\/wp\/v2\/media\/2142"}],"wp:attachment":[{"href":"https:\/\/okseamless.com\/fr\/wp-json\/wp\/v2\/media?parent=2140"}],"wp:term":[{"taxonomy":"product_brand","embeddable":true,"href":"https:\/\/okseamless.com\/fr\/wp-json\/wp\/v2\/product_brand?post=2140"},{"taxonomy":"product_cat","embeddable":true,"href":"https:\/\/okseamless.com\/fr\/wp-json\/wp\/v2\/product_cat?post=2140"},{"taxonomy":"product_tag","embeddable":true,"href":"https:\/\/okseamless.com\/fr\/wp-json\/wp\/v2\/product_tag?post=2140"}],"curies":[{"name":"wp","href":"https:\/\/api.w.org\/{rel}","templated":true}]}}