{"id":2044,"date":"2025-04-09T02:05:20","date_gmt":"2025-04-09T02:05:20","guid":{"rendered":"https:\/\/okseamless.com\/?post_type=product&#038;p=2044"},"modified":"2025-04-14T02:27:38","modified_gmt":"2025-04-14T02:27:38","slug":"front-cutout-long-sleeve-bodysuit","status":"publish","type":"product","link":"https:\/\/okseamless.com\/fr\/produit\/front-cutout-long-sleeve-bodysuit\/","title":{"rendered":"Body \u00e0 manches longues avec d\u00e9coupes sur le devant"},"content":{"rendered":"","protected":false},"excerpt":{"rendered":"<p>Model NO: JS095<\/p>\n<p>The Front Cutout Long Sleeve Bodysuit is a versatile and stylish piece that can be dressed up or down for any occasion. Made from a soft and stretchy fabric, it hugs your curves in all the right places, while the turtleneck design adds a touch of elegance.\u00a0The bodysuit is also incredibly comfortable to wear, thanks to its snap closure at the crotch and thong design. This makes it easy to put on and take off, and it also prevents any unwanted wrinkles or bunching. Whether you&#8217;re dressing for a night out on the town or just running errands, the Turtle Neck Long Sleeve Bodysuit is the perfect way to add a touch of glamour to your outfit.<\/p>\n<p><strong>Caract\u00e9ristiques<\/strong><\/p>\n<ul>\n<li>Long-sleeve, Front Cutout design, embellishing necklines, and enhancing fashion, and creates a vintage-inspired and effortlessly chic look.<\/li>\n<li>Ce body avec un string sexy met parfaitement en valeur les courbes uniques de vos fesses.<\/li>\n<li>La conception du body avec fermeture \u00e0 bouton-pression \u00e0 lani\u00e8re permet de l'assortir plus facilement au v\u00eatement inf\u00e9rieur et d'\u00e9viter les plis dans la veste.<\/li>\n<li>This Square Collar bodysuit top versatile and stylish piece that can be dressed up or down, perfect for any occasion<\/li>\n<\/ul>\n<p><strong>D\u00e9tails du tissu<\/strong><\/p>\n<ul>\n<li>Viscose\u00a092%<\/li>\n<li>Spandex 8%<\/li>\n<\/ul>\n<p><strong>Taille :<\/strong><\/p>\n<p>The Front Cutout Long Sleeve Bodysuit is available in a variety of sizes to fit all body types. Please consult the size chart for the best fit.<\/p>","protected":false},"featured_media":2046,"template":"","meta":[],"product_brand":[],"product_cat":[37],"product_tag":[],"class_list":{"0":"post-2044","1":"product","2":"type-product","3":"status-publish","4":"has-post-thumbnail","6":"product_cat-womens-bodysuits","8":"first","9":"instock","10":"shipping-taxable","11":"product-type-simple"},"yoast_head":"<!-- This site is optimized with the Yoast SEO plugin v27.4 - https:\/\/yoast.com\/product\/yoast-seo-wordpress\/ -->\n<title>Front Cutout Long Sleeve Bodysuit - Custom Seamless Shapewear and Yoga Wear Manufacturer in China<\/title>\n<meta name=\"robots\" content=\"index, follow, max-snippet:-1, max-image-preview:large, max-video-preview:-1\" \/>\n<link rel=\"canonical\" href=\"https:\/\/okseamless.com\/fr\/produit\/front-cutout-long-sleeve-bodysuit\/\" \/>\n<meta property=\"og:locale\" content=\"fr_FR\" \/>\n<meta property=\"og:type\" content=\"article\" \/>\n<meta property=\"og:title\" content=\"Front Cutout Long Sleeve Bodysuit - Custom Seamless Shapewear and Yoga Wear Manufacturer in China\" \/>\n<meta property=\"og:description\" content=\"Model NO: JS095  The Front Cutout Long Sleeve Bodysuit is a versatile and stylish piece that can be dressed up or down for any occasion. Made from a soft and stretchy fabric, it hugs your curves in all the right places, while the turtleneck design adds a touch of elegance.\u00a0The bodysuit is also incredibly comfortable to wear, thanks to its snap closure at the crotch and thong design. This makes it easy to put on and take off, and it also prevents any unwanted wrinkles or bunching. Whether you&#039;re dressing for a night out on the town or just running errands, the Turtle Neck Long Sleeve Bodysuit is the perfect way to add a touch of glamour to your outfit.  Features   Long-sleeve, Front Cutout design, embellishing necklines, and enhancing fashion, and creates a vintage-inspired and effortlessly chic look.  This bodysuit with a sexy thong design perfectly accentuates your unique butt curves.  The bodysuit with thong snap closure design makes it easier to match with the lower garment and avoids wrinkles in the jacket.  This Square Collar bodysuit top versatile and stylish piece that can be dressed up or down, perfect for any occasion  Fabric Details   Viscose\u00a092%  Spandex 8%  Sizing:  The Front Cutout Long Sleeve Bodysuit is available in a variety of sizes to fit all body types. Please consult the size chart for the best fit.\" \/>\n<meta property=\"og:url\" content=\"https:\/\/okseamless.com\/fr\/produit\/front-cutout-long-sleeve-bodysuit\/\" \/>\n<meta property=\"og:site_name\" content=\"Custom Seamless Shapewear and Yoga Wear Manufacturer in China\" \/>\n<meta property=\"article:publisher\" content=\"https:\/\/www.facebook.com\/share\/1TH24JnBgY\/?mibextid=wwXIfr\" \/>\n<meta property=\"article:modified_time\" content=\"2025-04-14T02:27:38+00:00\" \/>\n<meta property=\"og:image\" content=\"https:\/\/okseamless.com\/wp-content\/uploads\/2025\/04\/DM_20250408102203_002.png\" \/>\n\t<meta property=\"og:image:width\" content=\"1600\" \/>\n\t<meta property=\"og:image:height\" content=\"1600\" \/>\n\t<meta property=\"og:image:type\" content=\"image\/png\" \/>\n<meta name=\"twitter:card\" content=\"summary_large_image\" \/>\n<meta name=\"twitter:label1\" content=\"Dur\u00e9e de lecture estim\u00e9e\" \/>\n\t<meta name=\"twitter:data1\" content=\"1 minute\" \/>\n<script type=\"application\/ld+json\" class=\"yoast-schema-graph\">{\"@context\":\"https:\\\/\\\/schema.org\",\"@graph\":[{\"@type\":\"WebPage\",\"@id\":\"https:\\\/\\\/okseamless.com\\\/product\\\/front-cutout-long-sleeve-bodysuit\\\/\",\"url\":\"https:\\\/\\\/okseamless.com\\\/product\\\/front-cutout-long-sleeve-bodysuit\\\/\",\"name\":\"Front Cutout Long Sleeve Bodysuit - Custom Seamless Shapewear and Yoga Wear Manufacturer in China\",\"isPartOf\":{\"@id\":\"https:\\\/\\\/www.okseamless.com\\\/pt\\\/#website\"},\"primaryImageOfPage\":{\"@id\":\"https:\\\/\\\/okseamless.com\\\/product\\\/front-cutout-long-sleeve-bodysuit\\\/#primaryimage\"},\"image\":{\"@id\":\"https:\\\/\\\/okseamless.com\\\/product\\\/front-cutout-long-sleeve-bodysuit\\\/#primaryimage\"},\"thumbnailUrl\":\"https:\\\/\\\/okseamless.com\\\/wp-content\\\/uploads\\\/2025\\\/04\\\/DM_20250408102203_002.png\",\"datePublished\":\"2025-04-09T02:05:20+00:00\",\"dateModified\":\"2025-04-14T02:27:38+00:00\",\"breadcrumb\":{\"@id\":\"https:\\\/\\\/okseamless.com\\\/product\\\/front-cutout-long-sleeve-bodysuit\\\/#breadcrumb\"},\"inLanguage\":\"fr-FR\",\"potentialAction\":[{\"@type\":\"ReadAction\",\"target\":[\"https:\\\/\\\/okseamless.com\\\/product\\\/front-cutout-long-sleeve-bodysuit\\\/\"]}]},{\"@type\":\"ImageObject\",\"inLanguage\":\"fr-FR\",\"@id\":\"https:\\\/\\\/okseamless.com\\\/product\\\/front-cutout-long-sleeve-bodysuit\\\/#primaryimage\",\"url\":\"https:\\\/\\\/okseamless.com\\\/wp-content\\\/uploads\\\/2025\\\/04\\\/DM_20250408102203_002.png\",\"contentUrl\":\"https:\\\/\\\/okseamless.com\\\/wp-content\\\/uploads\\\/2025\\\/04\\\/DM_20250408102203_002.png\",\"width\":1600,\"height\":1600},{\"@type\":\"BreadcrumbList\",\"@id\":\"https:\\\/\\\/okseamless.com\\\/product\\\/front-cutout-long-sleeve-bodysuit\\\/#breadcrumb\",\"itemListElement\":[{\"@type\":\"ListItem\",\"position\":1,\"name\":\"\u9996\u9875\",\"item\":\"https:\\\/\\\/okseamless.com\\\/\"},{\"@type\":\"ListItem\",\"position\":2,\"name\":\"Produtos\",\"item\":\"https:\\\/\\\/www.okseamless.com\\\/pt\\\/shop\\\/\"},{\"@type\":\"ListItem\",\"position\":3,\"name\":\"Front Cutout Long Sleeve Bodysuit\"}]},{\"@type\":\"WebSite\",\"@id\":\"https:\\\/\\\/www.okseamless.com\\\/pt\\\/#website\",\"url\":\"https:\\\/\\\/www.okseamless.com\\\/pt\\\/\",\"name\":\"Custom Seamless Shapewear and Yoga Wear Manufacturer in China\",\"description\":\"\",\"publisher\":{\"@id\":\"https:\\\/\\\/www.okseamless.com\\\/pt\\\/#organization\"},\"potentialAction\":[{\"@type\":\"SearchAction\",\"target\":{\"@type\":\"EntryPoint\",\"urlTemplate\":\"https:\\\/\\\/www.okseamless.com\\\/pt\\\/?s={search_term_string}\"},\"query-input\":{\"@type\":\"PropertyValueSpecification\",\"valueRequired\":true,\"valueName\":\"search_term_string\"}}],\"inLanguage\":\"fr-FR\"},{\"@type\":\"Organization\",\"@id\":\"https:\\\/\\\/www.okseamless.com\\\/pt\\\/#organization\",\"name\":\"Custom Seamless Shapewear and Yoga Wear Manufacturer in China\",\"url\":\"https:\\\/\\\/www.okseamless.com\\\/pt\\\/\",\"logo\":{\"@type\":\"ImageObject\",\"inLanguage\":\"fr-FR\",\"@id\":\"https:\\\/\\\/www.okseamless.com\\\/pt\\\/#\\\/schema\\\/logo\\\/image\\\/\",\"url\":\"https:\\\/\\\/okseamless.com\\\/wp-content\\\/uploads\\\/2025\\\/03\\\/LOGO.png\",\"contentUrl\":\"https:\\\/\\\/okseamless.com\\\/wp-content\\\/uploads\\\/2025\\\/03\\\/LOGO.png\",\"width\":685,\"height\":218,\"caption\":\"Custom Seamless Shapewear and Yoga Wear Manufacturer in China\"},\"image\":{\"@id\":\"https:\\\/\\\/www.okseamless.com\\\/pt\\\/#\\\/schema\\\/logo\\\/image\\\/\"},\"sameAs\":[\"https:\\\/\\\/www.facebook.com\\\/share\\\/1TH24JnBgY\\\/?mibextid=wwXIfr\"]}]}<\/script>\n<!-- \/ Yoast SEO plugin. -->","yoast_head_json":{"title":"Front Cutout Long Sleeve Bodysuit - Custom Seamless Shapewear and Yoga Wear Manufacturer in China","robots":{"index":"index","follow":"follow","max-snippet":"max-snippet:-1","max-image-preview":"max-image-preview:large","max-video-preview":"max-video-preview:-1"},"canonical":"https:\/\/okseamless.com\/fr\/produit\/front-cutout-long-sleeve-bodysuit\/","og_locale":"fr_FR","og_type":"article","og_title":"Front Cutout Long Sleeve Bodysuit - Custom Seamless Shapewear and Yoga Wear Manufacturer in China","og_description":"Model NO: JS095  The Front Cutout Long Sleeve Bodysuit is a versatile and stylish piece that can be dressed up or down for any occasion. Made from a soft and stretchy fabric, it hugs your curves in all the right places, while the turtleneck design adds a touch of elegance.\u00a0The bodysuit is also incredibly comfortable to wear, thanks to its snap closure at the crotch and thong design. This makes it easy to put on and take off, and it also prevents any unwanted wrinkles or bunching. Whether you're dressing for a night out on the town or just running errands, the Turtle Neck Long Sleeve Bodysuit is the perfect way to add a touch of glamour to your outfit.  Features   Long-sleeve, Front Cutout design, embellishing necklines, and enhancing fashion, and creates a vintage-inspired and effortlessly chic look.  This bodysuit with a sexy thong design perfectly accentuates your unique butt curves.  The bodysuit with thong snap closure design makes it easier to match with the lower garment and avoids wrinkles in the jacket.  This Square Collar bodysuit top versatile and stylish piece that can be dressed up or down, perfect for any occasion  Fabric Details   Viscose\u00a092%  Spandex 8%  Sizing:  The Front Cutout Long Sleeve Bodysuit is available in a variety of sizes to fit all body types. Please consult the size chart for the best fit.","og_url":"https:\/\/okseamless.com\/fr\/produit\/front-cutout-long-sleeve-bodysuit\/","og_site_name":"Custom Seamless Shapewear and Yoga Wear Manufacturer in China","article_publisher":"https:\/\/www.facebook.com\/share\/1TH24JnBgY\/?mibextid=wwXIfr","article_modified_time":"2025-04-14T02:27:38+00:00","og_image":[{"width":1600,"height":1600,"url":"https:\/\/okseamless.com\/wp-content\/uploads\/2025\/04\/DM_20250408102203_002.png","type":"image\/png"}],"twitter_card":"summary_large_image","twitter_misc":{"Dur\u00e9e de lecture estim\u00e9e":"1 minute"},"schema":{"@context":"https:\/\/schema.org","@graph":[{"@type":"WebPage","@id":"https:\/\/okseamless.com\/product\/front-cutout-long-sleeve-bodysuit\/","url":"https:\/\/okseamless.com\/product\/front-cutout-long-sleeve-bodysuit\/","name":"Front Cutout Long Sleeve Bodysuit - Custom Seamless Shapewear and Yoga Wear Manufacturer in China","isPartOf":{"@id":"https:\/\/www.okseamless.com\/pt\/#website"},"primaryImageOfPage":{"@id":"https:\/\/okseamless.com\/product\/front-cutout-long-sleeve-bodysuit\/#primaryimage"},"image":{"@id":"https:\/\/okseamless.com\/product\/front-cutout-long-sleeve-bodysuit\/#primaryimage"},"thumbnailUrl":"https:\/\/okseamless.com\/wp-content\/uploads\/2025\/04\/DM_20250408102203_002.png","datePublished":"2025-04-09T02:05:20+00:00","dateModified":"2025-04-14T02:27:38+00:00","breadcrumb":{"@id":"https:\/\/okseamless.com\/product\/front-cutout-long-sleeve-bodysuit\/#breadcrumb"},"inLanguage":"fr-FR","potentialAction":[{"@type":"ReadAction","target":["https:\/\/okseamless.com\/product\/front-cutout-long-sleeve-bodysuit\/"]}]},{"@type":"ImageObject","inLanguage":"fr-FR","@id":"https:\/\/okseamless.com\/product\/front-cutout-long-sleeve-bodysuit\/#primaryimage","url":"https:\/\/okseamless.com\/wp-content\/uploads\/2025\/04\/DM_20250408102203_002.png","contentUrl":"https:\/\/okseamless.com\/wp-content\/uploads\/2025\/04\/DM_20250408102203_002.png","width":1600,"height":1600},{"@type":"BreadcrumbList","@id":"https:\/\/okseamless.com\/product\/front-cutout-long-sleeve-bodysuit\/#breadcrumb","itemListElement":[{"@type":"ListItem","position":1,"name":"\u9996\u9875","item":"https:\/\/okseamless.com\/"},{"@type":"ListItem","position":2,"name":"Produtos","item":"https:\/\/www.okseamless.com\/pt\/shop\/"},{"@type":"ListItem","position":3,"name":"Front Cutout Long Sleeve Bodysuit"}]},{"@type":"WebSite","@id":"https:\/\/www.okseamless.com\/pt\/#website","url":"https:\/\/www.okseamless.com\/pt\/","name":"Fabricant de v\u00eatements de forme sans couture et de v\u00eatements de yoga en Chine","description":"","publisher":{"@id":"https:\/\/www.okseamless.com\/pt\/#organization"},"potentialAction":[{"@type":"SearchAction","target":{"@type":"EntryPoint","urlTemplate":"https:\/\/www.okseamless.com\/pt\/?s={search_term_string}"},"query-input":{"@type":"PropertyValueSpecification","valueRequired":true,"valueName":"search_term_string"}}],"inLanguage":"fr-FR"},{"@type":"Organization","@id":"https:\/\/www.okseamless.com\/pt\/#organization","name":"Fabricant de v\u00eatements de forme sans couture et de v\u00eatements de yoga en Chine","url":"https:\/\/www.okseamless.com\/pt\/","logo":{"@type":"ImageObject","inLanguage":"fr-FR","@id":"https:\/\/www.okseamless.com\/pt\/#\/schema\/logo\/image\/","url":"https:\/\/okseamless.com\/wp-content\/uploads\/2025\/03\/LOGO.png","contentUrl":"https:\/\/okseamless.com\/wp-content\/uploads\/2025\/03\/LOGO.png","width":685,"height":218,"caption":"Custom Seamless Shapewear and Yoga Wear Manufacturer in China"},"image":{"@id":"https:\/\/www.okseamless.com\/pt\/#\/schema\/logo\/image\/"},"sameAs":["https:\/\/www.facebook.com\/share\/1TH24JnBgY\/?mibextid=wwXIfr"]}]}},"_links":{"self":[{"href":"https:\/\/okseamless.com\/fr\/wp-json\/wp\/v2\/product\/2044","targetHints":{"allow":["GET"]}}],"collection":[{"href":"https:\/\/okseamless.com\/fr\/wp-json\/wp\/v2\/product"}],"about":[{"href":"https:\/\/okseamless.com\/fr\/wp-json\/wp\/v2\/types\/product"}],"wp:featuredmedia":[{"embeddable":true,"href":"https:\/\/okseamless.com\/fr\/wp-json\/wp\/v2\/media\/2046"}],"wp:attachment":[{"href":"https:\/\/okseamless.com\/fr\/wp-json\/wp\/v2\/media?parent=2044"}],"wp:term":[{"taxonomy":"product_brand","embeddable":true,"href":"https:\/\/okseamless.com\/fr\/wp-json\/wp\/v2\/product_brand?post=2044"},{"taxonomy":"product_cat","embeddable":true,"href":"https:\/\/okseamless.com\/fr\/wp-json\/wp\/v2\/product_cat?post=2044"},{"taxonomy":"product_tag","embeddable":true,"href":"https:\/\/okseamless.com\/fr\/wp-json\/wp\/v2\/product_tag?post=2044"}],"curies":[{"name":"wp","href":"https:\/\/api.w.org\/{rel}","templated":true}]}}