{"id":1883,"date":"2025-04-08T11:34:10","date_gmt":"2025-04-08T11:34:10","guid":{"rendered":"https:\/\/okseamless.com\/?post_type=product&#038;p=1883"},"modified":"2025-04-14T01:35:45","modified_gmt":"2025-04-14T01:35:45","slug":"bodysuit-breathable-tights-slim-fit-tummy-control-seamless-short-sleeved-outerwear-bodysuit","status":"publish","type":"product","link":"https:\/\/okseamless.com\/fr\/produit\/bodysuit-breathable-tights-slim-fit-tummy-control-seamless-short-sleeved-outerwear-bodysuit\/","title":{"rendered":"Body minceur respirant Shapewear for Tummy Control Seamless Short Sleeve Tank Tops Body Shaper"},"content":{"rendered":"","protected":false},"excerpt":{"rendered":"<p>Mod\u00e8le n\u00b0 : CY043<\/p>\n<h5><strong><b>Description :<\/b><\/strong><\/h5>\n<p>Convient \u00e0 tout le monde et au quotidien, s'adapte \u00e0 toutes les tenues. Suivez toutes les tendances Collants \u00e0 la pointe de la mode.<\/p>\n<h5><strong><b>Fonctionnalit\u00e9 :<\/b><\/strong><\/h5>\n<ul>\n<li>Combinaisons de corps \u00e0 col ras du cou<\/li>\n<li>Tissu super extensible<\/li>\n<li>Soutien-gorge sans compression<\/li>\n<li>3 crochets r\u00e9glables<\/li>\n<\/ul>\n<p><strong><b>Ingr\u00e9dients :<\/b><\/strong>\u00a0Fibre de polyester (polyester) 50% (inclus) -70% (exclusif)<\/p>","protected":false},"featured_media":1888,"template":"","meta":[],"product_brand":[],"product_cat":[37],"product_tag":[],"class_list":{"0":"post-1883","1":"product","2":"type-product","3":"status-publish","4":"has-post-thumbnail","6":"product_cat-womens-bodysuits","8":"first","9":"instock","10":"shipping-taxable","11":"product-type-simple"},"yoast_head":"<!-- This site is optimized with the Yoast SEO plugin v27.4 - https:\/\/yoast.com\/product\/yoast-seo-wordpress\/ -->\n<title>Breathable Slimming Bodysuit Shapewear for Tummy Control Seamless Short Sleeve Tank Tops Body Shaper - Custom Seamless Shapewear and Yoga Wear Manufacturer in China<\/title>\n<meta name=\"robots\" content=\"index, follow, max-snippet:-1, max-image-preview:large, max-video-preview:-1\" \/>\n<link rel=\"canonical\" href=\"https:\/\/okseamless.com\/fr\/produit\/bodysuit-breathable-tights-slim-fit-tummy-control-seamless-short-sleeved-outerwear-bodysuit\/\" \/>\n<meta property=\"og:locale\" content=\"fr_FR\" \/>\n<meta property=\"og:type\" content=\"article\" \/>\n<meta property=\"og:title\" content=\"Breathable Slimming Bodysuit Shapewear for Tummy Control Seamless Short Sleeve Tank Tops Body Shaper - Custom Seamless Shapewear and Yoga Wear Manufacturer in China\" \/>\n<meta property=\"og:description\" content=\"Model NO: CY043 Description: Suitable for everyone and daily wear, matches all outfits. Keep up with all trends\u00a0Fashion-forward tights. Feature:   Soft Crew Neck Body Suits  Super Stretchy Fabric  No Compression Bra Design  3 Adjustable Hooks  Ingredients:\u00a0Polyester fiber (polyester) 50% (inclusive) -70% (exclusive)\" \/>\n<meta property=\"og:url\" content=\"https:\/\/okseamless.com\/fr\/produit\/bodysuit-breathable-tights-slim-fit-tummy-control-seamless-short-sleeved-outerwear-bodysuit\/\" \/>\n<meta property=\"og:site_name\" content=\"Custom Seamless Shapewear and Yoga Wear Manufacturer in China\" \/>\n<meta property=\"article:publisher\" content=\"https:\/\/www.facebook.com\/share\/1TH24JnBgY\/?mibextid=wwXIfr\" \/>\n<meta property=\"article:modified_time\" content=\"2025-04-14T01:35:45+00:00\" \/>\n<meta property=\"og:image\" content=\"https:\/\/okseamless.com\/wp-content\/uploads\/2025\/04\/O1CN01I0BZsg28oRBkCjVWp_2218375007979-0-cib.jpg_.webp\" \/>\n\t<meta property=\"og:image:width\" content=\"1645\" \/>\n\t<meta property=\"og:image:height\" content=\"1920\" \/>\n\t<meta property=\"og:image:type\" content=\"image\/webp\" \/>\n<meta name=\"twitter:card\" content=\"summary_large_image\" \/>\n<meta name=\"twitter:label1\" content=\"Dur\u00e9e de lecture estim\u00e9e\" \/>\n\t<meta name=\"twitter:data1\" content=\"1 minute\" \/>\n<script type=\"application\/ld+json\" class=\"yoast-schema-graph\">{\"@context\":\"https:\\\/\\\/schema.org\",\"@graph\":[{\"@type\":\"WebPage\",\"@id\":\"https:\\\/\\\/okseamless.com\\\/product\\\/bodysuit-breathable-tights-slim-fit-tummy-control-seamless-short-sleeved-outerwear-bodysuit\\\/\",\"url\":\"https:\\\/\\\/okseamless.com\\\/product\\\/bodysuit-breathable-tights-slim-fit-tummy-control-seamless-short-sleeved-outerwear-bodysuit\\\/\",\"name\":\"Breathable Slimming Bodysuit Shapewear for Tummy Control Seamless Short Sleeve Tank Tops Body Shaper - Custom Seamless Shapewear and Yoga Wear Manufacturer in China\",\"isPartOf\":{\"@id\":\"https:\\\/\\\/www.okseamless.com\\\/pt\\\/#website\"},\"primaryImageOfPage\":{\"@id\":\"https:\\\/\\\/okseamless.com\\\/product\\\/bodysuit-breathable-tights-slim-fit-tummy-control-seamless-short-sleeved-outerwear-bodysuit\\\/#primaryimage\"},\"image\":{\"@id\":\"https:\\\/\\\/okseamless.com\\\/product\\\/bodysuit-breathable-tights-slim-fit-tummy-control-seamless-short-sleeved-outerwear-bodysuit\\\/#primaryimage\"},\"thumbnailUrl\":\"https:\\\/\\\/okseamless.com\\\/wp-content\\\/uploads\\\/2025\\\/04\\\/O1CN01I0BZsg28oRBkCjVWp_2218375007979-0-cib.jpg_.webp\",\"datePublished\":\"2025-04-08T11:34:10+00:00\",\"dateModified\":\"2025-04-14T01:35:45+00:00\",\"breadcrumb\":{\"@id\":\"https:\\\/\\\/okseamless.com\\\/product\\\/bodysuit-breathable-tights-slim-fit-tummy-control-seamless-short-sleeved-outerwear-bodysuit\\\/#breadcrumb\"},\"inLanguage\":\"fr-FR\",\"potentialAction\":[{\"@type\":\"ReadAction\",\"target\":[\"https:\\\/\\\/okseamless.com\\\/product\\\/bodysuit-breathable-tights-slim-fit-tummy-control-seamless-short-sleeved-outerwear-bodysuit\\\/\"]}]},{\"@type\":\"ImageObject\",\"inLanguage\":\"fr-FR\",\"@id\":\"https:\\\/\\\/okseamless.com\\\/product\\\/bodysuit-breathable-tights-slim-fit-tummy-control-seamless-short-sleeved-outerwear-bodysuit\\\/#primaryimage\",\"url\":\"https:\\\/\\\/okseamless.com\\\/wp-content\\\/uploads\\\/2025\\\/04\\\/O1CN01I0BZsg28oRBkCjVWp_2218375007979-0-cib.jpg_.webp\",\"contentUrl\":\"https:\\\/\\\/okseamless.com\\\/wp-content\\\/uploads\\\/2025\\\/04\\\/O1CN01I0BZsg28oRBkCjVWp_2218375007979-0-cib.jpg_.webp\",\"width\":1645,\"height\":1920},{\"@type\":\"BreadcrumbList\",\"@id\":\"https:\\\/\\\/okseamless.com\\\/product\\\/bodysuit-breathable-tights-slim-fit-tummy-control-seamless-short-sleeved-outerwear-bodysuit\\\/#breadcrumb\",\"itemListElement\":[{\"@type\":\"ListItem\",\"position\":1,\"name\":\"\u9996\u9875\",\"item\":\"https:\\\/\\\/okseamless.com\\\/\"},{\"@type\":\"ListItem\",\"position\":2,\"name\":\"Produtos\",\"item\":\"https:\\\/\\\/www.okseamless.com\\\/pt\\\/shop\\\/\"},{\"@type\":\"ListItem\",\"position\":3,\"name\":\"Breathable Slimming Bodysuit Shapewear for Tummy Control Seamless Short Sleeve Tank Tops Body Shaper\"}]},{\"@type\":\"WebSite\",\"@id\":\"https:\\\/\\\/www.okseamless.com\\\/pt\\\/#website\",\"url\":\"https:\\\/\\\/www.okseamless.com\\\/pt\\\/\",\"name\":\"Custom Seamless Shapewear and Yoga Wear Manufacturer in China\",\"description\":\"\",\"publisher\":{\"@id\":\"https:\\\/\\\/www.okseamless.com\\\/pt\\\/#organization\"},\"potentialAction\":[{\"@type\":\"SearchAction\",\"target\":{\"@type\":\"EntryPoint\",\"urlTemplate\":\"https:\\\/\\\/www.okseamless.com\\\/pt\\\/?s={search_term_string}\"},\"query-input\":{\"@type\":\"PropertyValueSpecification\",\"valueRequired\":true,\"valueName\":\"search_term_string\"}}],\"inLanguage\":\"fr-FR\"},{\"@type\":\"Organization\",\"@id\":\"https:\\\/\\\/www.okseamless.com\\\/pt\\\/#organization\",\"name\":\"Custom Seamless Shapewear and Yoga Wear Manufacturer in China\",\"url\":\"https:\\\/\\\/www.okseamless.com\\\/pt\\\/\",\"logo\":{\"@type\":\"ImageObject\",\"inLanguage\":\"fr-FR\",\"@id\":\"https:\\\/\\\/www.okseamless.com\\\/pt\\\/#\\\/schema\\\/logo\\\/image\\\/\",\"url\":\"https:\\\/\\\/okseamless.com\\\/wp-content\\\/uploads\\\/2025\\\/03\\\/LOGO.png\",\"contentUrl\":\"https:\\\/\\\/okseamless.com\\\/wp-content\\\/uploads\\\/2025\\\/03\\\/LOGO.png\",\"width\":685,\"height\":218,\"caption\":\"Custom Seamless Shapewear and Yoga Wear Manufacturer in China\"},\"image\":{\"@id\":\"https:\\\/\\\/www.okseamless.com\\\/pt\\\/#\\\/schema\\\/logo\\\/image\\\/\"},\"sameAs\":[\"https:\\\/\\\/www.facebook.com\\\/share\\\/1TH24JnBgY\\\/?mibextid=wwXIfr\"]}]}<\/script>\n<!-- \/ Yoast SEO plugin. -->","yoast_head_json":{"title":"Breathable Slimming Bodysuit Shapewear for Tummy Control Seamless Short Sleeve Tank Tops Body Shaper - Custom Seamless Shapewear and Yoga Wear Manufacturer in China","robots":{"index":"index","follow":"follow","max-snippet":"max-snippet:-1","max-image-preview":"max-image-preview:large","max-video-preview":"max-video-preview:-1"},"canonical":"https:\/\/okseamless.com\/fr\/produit\/bodysuit-breathable-tights-slim-fit-tummy-control-seamless-short-sleeved-outerwear-bodysuit\/","og_locale":"fr_FR","og_type":"article","og_title":"Breathable Slimming Bodysuit Shapewear for Tummy Control Seamless Short Sleeve Tank Tops Body Shaper - Custom Seamless Shapewear and Yoga Wear Manufacturer in China","og_description":"Model NO: CY043 Description: Suitable for everyone and daily wear, matches all outfits. Keep up with all trends\u00a0Fashion-forward tights. Feature:   Soft Crew Neck Body Suits  Super Stretchy Fabric  No Compression Bra Design  3 Adjustable Hooks  Ingredients:\u00a0Polyester fiber (polyester) 50% (inclusive) -70% (exclusive)","og_url":"https:\/\/okseamless.com\/fr\/produit\/bodysuit-breathable-tights-slim-fit-tummy-control-seamless-short-sleeved-outerwear-bodysuit\/","og_site_name":"Custom Seamless Shapewear and Yoga Wear Manufacturer in China","article_publisher":"https:\/\/www.facebook.com\/share\/1TH24JnBgY\/?mibextid=wwXIfr","article_modified_time":"2025-04-14T01:35:45+00:00","og_image":[{"width":1645,"height":1920,"url":"https:\/\/okseamless.com\/wp-content\/uploads\/2025\/04\/O1CN01I0BZsg28oRBkCjVWp_2218375007979-0-cib.jpg_.webp","type":"image\/webp"}],"twitter_card":"summary_large_image","twitter_misc":{"Dur\u00e9e de lecture estim\u00e9e":"1 minute"},"schema":{"@context":"https:\/\/schema.org","@graph":[{"@type":"WebPage","@id":"https:\/\/okseamless.com\/product\/bodysuit-breathable-tights-slim-fit-tummy-control-seamless-short-sleeved-outerwear-bodysuit\/","url":"https:\/\/okseamless.com\/product\/bodysuit-breathable-tights-slim-fit-tummy-control-seamless-short-sleeved-outerwear-bodysuit\/","name":"Breathable Slimming Bodysuit Shapewear for Tummy Control Seamless Short Sleeve Tank Tops Body Shaper - Custom Seamless Shapewear and Yoga Wear Manufacturer in China","isPartOf":{"@id":"https:\/\/www.okseamless.com\/pt\/#website"},"primaryImageOfPage":{"@id":"https:\/\/okseamless.com\/product\/bodysuit-breathable-tights-slim-fit-tummy-control-seamless-short-sleeved-outerwear-bodysuit\/#primaryimage"},"image":{"@id":"https:\/\/okseamless.com\/product\/bodysuit-breathable-tights-slim-fit-tummy-control-seamless-short-sleeved-outerwear-bodysuit\/#primaryimage"},"thumbnailUrl":"https:\/\/okseamless.com\/wp-content\/uploads\/2025\/04\/O1CN01I0BZsg28oRBkCjVWp_2218375007979-0-cib.jpg_.webp","datePublished":"2025-04-08T11:34:10+00:00","dateModified":"2025-04-14T01:35:45+00:00","breadcrumb":{"@id":"https:\/\/okseamless.com\/product\/bodysuit-breathable-tights-slim-fit-tummy-control-seamless-short-sleeved-outerwear-bodysuit\/#breadcrumb"},"inLanguage":"fr-FR","potentialAction":[{"@type":"ReadAction","target":["https:\/\/okseamless.com\/product\/bodysuit-breathable-tights-slim-fit-tummy-control-seamless-short-sleeved-outerwear-bodysuit\/"]}]},{"@type":"ImageObject","inLanguage":"fr-FR","@id":"https:\/\/okseamless.com\/product\/bodysuit-breathable-tights-slim-fit-tummy-control-seamless-short-sleeved-outerwear-bodysuit\/#primaryimage","url":"https:\/\/okseamless.com\/wp-content\/uploads\/2025\/04\/O1CN01I0BZsg28oRBkCjVWp_2218375007979-0-cib.jpg_.webp","contentUrl":"https:\/\/okseamless.com\/wp-content\/uploads\/2025\/04\/O1CN01I0BZsg28oRBkCjVWp_2218375007979-0-cib.jpg_.webp","width":1645,"height":1920},{"@type":"BreadcrumbList","@id":"https:\/\/okseamless.com\/product\/bodysuit-breathable-tights-slim-fit-tummy-control-seamless-short-sleeved-outerwear-bodysuit\/#breadcrumb","itemListElement":[{"@type":"ListItem","position":1,"name":"\u9996\u9875","item":"https:\/\/okseamless.com\/"},{"@type":"ListItem","position":2,"name":"Produtos","item":"https:\/\/www.okseamless.com\/pt\/shop\/"},{"@type":"ListItem","position":3,"name":"Breathable Slimming Bodysuit Shapewear for Tummy Control Seamless Short Sleeve Tank Tops Body Shaper"}]},{"@type":"WebSite","@id":"https:\/\/www.okseamless.com\/pt\/#website","url":"https:\/\/www.okseamless.com\/pt\/","name":"Fabricant de v\u00eatements de forme sans couture et de v\u00eatements de yoga en Chine","description":"","publisher":{"@id":"https:\/\/www.okseamless.com\/pt\/#organization"},"potentialAction":[{"@type":"SearchAction","target":{"@type":"EntryPoint","urlTemplate":"https:\/\/www.okseamless.com\/pt\/?s={search_term_string}"},"query-input":{"@type":"PropertyValueSpecification","valueRequired":true,"valueName":"search_term_string"}}],"inLanguage":"fr-FR"},{"@type":"Organization","@id":"https:\/\/www.okseamless.com\/pt\/#organization","name":"Fabricant de v\u00eatements de forme sans couture et de v\u00eatements de yoga en Chine","url":"https:\/\/www.okseamless.com\/pt\/","logo":{"@type":"ImageObject","inLanguage":"fr-FR","@id":"https:\/\/www.okseamless.com\/pt\/#\/schema\/logo\/image\/","url":"https:\/\/okseamless.com\/wp-content\/uploads\/2025\/03\/LOGO.png","contentUrl":"https:\/\/okseamless.com\/wp-content\/uploads\/2025\/03\/LOGO.png","width":685,"height":218,"caption":"Custom Seamless Shapewear and Yoga Wear Manufacturer in China"},"image":{"@id":"https:\/\/www.okseamless.com\/pt\/#\/schema\/logo\/image\/"},"sameAs":["https:\/\/www.facebook.com\/share\/1TH24JnBgY\/?mibextid=wwXIfr"]}]}},"_links":{"self":[{"href":"https:\/\/okseamless.com\/fr\/wp-json\/wp\/v2\/product\/1883","targetHints":{"allow":["GET"]}}],"collection":[{"href":"https:\/\/okseamless.com\/fr\/wp-json\/wp\/v2\/product"}],"about":[{"href":"https:\/\/okseamless.com\/fr\/wp-json\/wp\/v2\/types\/product"}],"wp:featuredmedia":[{"embeddable":true,"href":"https:\/\/okseamless.com\/fr\/wp-json\/wp\/v2\/media\/1888"}],"wp:attachment":[{"href":"https:\/\/okseamless.com\/fr\/wp-json\/wp\/v2\/media?parent=1883"}],"wp:term":[{"taxonomy":"product_brand","embeddable":true,"href":"https:\/\/okseamless.com\/fr\/wp-json\/wp\/v2\/product_brand?post=1883"},{"taxonomy":"product_cat","embeddable":true,"href":"https:\/\/okseamless.com\/fr\/wp-json\/wp\/v2\/product_cat?post=1883"},{"taxonomy":"product_tag","embeddable":true,"href":"https:\/\/okseamless.com\/fr\/wp-json\/wp\/v2\/product_tag?post=1883"}],"curies":[{"name":"wp","href":"https:\/\/api.w.org\/{rel}","templated":true}]}}