{"id":1692,"date":"2025-04-08T02:10:50","date_gmt":"2025-04-08T02:10:50","guid":{"rendered":"https:\/\/okseamless.com\/?post_type=product&#038;p=1692"},"modified":"2025-04-12T01:19:22","modified_gmt":"2025-04-12T01:19:22","slug":"shapewear-rompers-can-be-worn-outside-waist-waist-lift-hip-slimming-sports-shapewear-jumpsuit","status":"publish","type":"product","link":"https:\/\/okseamless.com\/fr\/produit\/shapewear-rompers-can-be-worn-outside-waist-waist-lift-hip-slimming-sports-shapewear-jumpsuit\/","title":{"rendered":"La grenouill\u00e8re Shapewear peut \u00eatre port\u00e9e \u00e0 l'ext\u00e9rieur de la taille, sur les hanches, pour amincir la silhouette."},"content":{"rendered":"","protected":false},"excerpt":{"rendered":"<p>Model NO: CY013<\/p>\n<p><strong><b>Slimming Bodysuit Shaper<\/b><\/strong><\/p>\n<ul>\n<li>Smooth Belly Fat<\/li>\n<li>Control Thigh Bulges<\/li>\n<li>Reduce Waistline<\/li>\n<li>Lift Saggy Hips<\/li>\n<\/ul>\n<p><strong><b>D\u00c9TAILS<\/b><\/strong><\/p>\n<ul>\n<li>Adjustable &amp;Detachable shoulder straps<\/li>\n<li>With Bra Cups for lifting breast<\/li>\n<li>Adjustable back hooks for snug fit<\/li>\n<li>Crotchless for easy bathroom<\/li>\n<\/ul>\n<p><strong><b>Warm Tips:<\/b><\/strong>\u00a0Measure your waist, chest before choosingyour suitable size from Rdsiane size chart please<\/p>\n<p><strong><b>Component<\/b><\/strong>: Polyester fiber (Polyester) 50% (included) -70% (not included)<\/p>","protected":false},"featured_media":1693,"template":"","meta":[],"product_brand":[],"product_cat":[37],"product_tag":[],"class_list":{"0":"post-1692","1":"product","2":"type-product","3":"status-publish","4":"has-post-thumbnail","6":"product_cat-womens-bodysuits","8":"first","9":"instock","10":"shipping-taxable","11":"product-type-simple"},"yoast_head":"<!-- This site is optimized with the Yoast SEO plugin v27.4 - https:\/\/yoast.com\/product\/yoast-seo-wordpress\/ -->\n<title>Shapewear rompers can be worn outside waist waist lift hip slimming sports shapewear jumpsuit - Custom Seamless Shapewear and Yoga Wear Manufacturer in China<\/title>\n<meta name=\"robots\" content=\"index, follow, max-snippet:-1, max-image-preview:large, max-video-preview:-1\" \/>\n<link rel=\"canonical\" href=\"https:\/\/www.okseamless.com\/de\/produkt\/shapewear-rompers-can-be-worn-outside-waist-waist-lift-hip-slimming-sports-shapewear-jumpsuit\/\" \/>\n<meta property=\"og:locale\" content=\"fr_FR\" \/>\n<meta property=\"og:type\" content=\"article\" \/>\n<meta property=\"og:title\" content=\"Shapewear rompers can be worn outside waist waist lift hip slimming sports shapewear jumpsuit - Custom Seamless Shapewear and Yoga Wear Manufacturer in China\" \/>\n<meta property=\"og:description\" content=\"Model NO: CY013  Slimming Bodysuit Shaper   Smooth Belly Fat  Control Thigh Bulges  Reduce Waistline  Lift Saggy Hips  DETAILS   Adjustable &amp;Detachable shoulder straps  With Bra Cups for lifting breast  Adjustable back hooks for snug fit  Crotchless for easy bathroom  Warm Tips:\u00a0Measure your waist, chest before choosingyour suitable size from Rdsiane size chart please  Component: Polyester fiber (Polyester) 50% (included) -70% (not included)\" \/>\n<meta property=\"og:url\" content=\"https:\/\/www.okseamless.com\/de\/produkt\/shapewear-rompers-can-be-worn-outside-waist-waist-lift-hip-slimming-sports-shapewear-jumpsuit\/\" \/>\n<meta property=\"og:site_name\" content=\"Custom Seamless Shapewear and Yoga Wear Manufacturer in China\" \/>\n<meta property=\"article:publisher\" content=\"https:\/\/www.facebook.com\/share\/1TH24JnBgY\/?mibextid=wwXIfr\" \/>\n<meta property=\"article:modified_time\" content=\"2025-04-12T01:19:22+00:00\" \/>\n<meta property=\"og:image\" content=\"https:\/\/www.okseamless.com\/wp-content\/uploads\/2025\/04\/O1CN01fY2PCO28oRBtkc4gl_2218375007979-0-cib.jpg_.jpg\" \/>\n\t<meta property=\"og:image:width\" content=\"800\" \/>\n\t<meta property=\"og:image:height\" content=\"800\" \/>\n\t<meta property=\"og:image:type\" content=\"image\/jpeg\" \/>\n<meta name=\"twitter:card\" content=\"summary_large_image\" \/>\n<meta name=\"twitter:label1\" content=\"Dur\u00e9e de lecture estim\u00e9e\" \/>\n\t<meta name=\"twitter:data1\" content=\"1 minute\" \/>\n<script type=\"application\/ld+json\" class=\"yoast-schema-graph\">{\"@context\":\"https:\\\/\\\/schema.org\",\"@graph\":[{\"@type\":\"WebPage\",\"@id\":\"https:\\\/\\\/www.okseamless.com\\\/de\\\/produkt\\\/shapewear-rompers-can-be-worn-outside-waist-waist-lift-hip-slimming-sports-shapewear-jumpsuit\\\/\",\"url\":\"https:\\\/\\\/www.okseamless.com\\\/de\\\/produkt\\\/shapewear-rompers-can-be-worn-outside-waist-waist-lift-hip-slimming-sports-shapewear-jumpsuit\\\/\",\"name\":\"Shapewear rompers can be worn outside waist waist lift hip slimming sports shapewear jumpsuit - Custom Seamless Shapewear and Yoga Wear Manufacturer in China\",\"isPartOf\":{\"@id\":\"https:\\\/\\\/www.okseamless.com\\\/pt\\\/#website\"},\"primaryImageOfPage\":{\"@id\":\"https:\\\/\\\/www.okseamless.com\\\/de\\\/produkt\\\/shapewear-rompers-can-be-worn-outside-waist-waist-lift-hip-slimming-sports-shapewear-jumpsuit\\\/#primaryimage\"},\"image\":{\"@id\":\"https:\\\/\\\/www.okseamless.com\\\/de\\\/produkt\\\/shapewear-rompers-can-be-worn-outside-waist-waist-lift-hip-slimming-sports-shapewear-jumpsuit\\\/#primaryimage\"},\"thumbnailUrl\":\"https:\\\/\\\/okseamless.com\\\/wp-content\\\/uploads\\\/2025\\\/04\\\/O1CN01fY2PCO28oRBtkc4gl_2218375007979-0-cib.jpg_.jpg\",\"datePublished\":\"2025-04-08T02:10:50+00:00\",\"dateModified\":\"2025-04-12T01:19:22+00:00\",\"breadcrumb\":{\"@id\":\"https:\\\/\\\/www.okseamless.com\\\/de\\\/produkt\\\/shapewear-rompers-can-be-worn-outside-waist-waist-lift-hip-slimming-sports-shapewear-jumpsuit\\\/#breadcrumb\"},\"inLanguage\":\"fr-FR\",\"potentialAction\":[{\"@type\":\"ReadAction\",\"target\":[\"https:\\\/\\\/www.okseamless.com\\\/de\\\/produkt\\\/shapewear-rompers-can-be-worn-outside-waist-waist-lift-hip-slimming-sports-shapewear-jumpsuit\\\/\"]}]},{\"@type\":\"ImageObject\",\"inLanguage\":\"fr-FR\",\"@id\":\"https:\\\/\\\/www.okseamless.com\\\/de\\\/produkt\\\/shapewear-rompers-can-be-worn-outside-waist-waist-lift-hip-slimming-sports-shapewear-jumpsuit\\\/#primaryimage\",\"url\":\"https:\\\/\\\/okseamless.com\\\/wp-content\\\/uploads\\\/2025\\\/04\\\/O1CN01fY2PCO28oRBtkc4gl_2218375007979-0-cib.jpg_.jpg\",\"contentUrl\":\"https:\\\/\\\/okseamless.com\\\/wp-content\\\/uploads\\\/2025\\\/04\\\/O1CN01fY2PCO28oRBtkc4gl_2218375007979-0-cib.jpg_.jpg\",\"width\":800,\"height\":800},{\"@type\":\"BreadcrumbList\",\"@id\":\"https:\\\/\\\/www.okseamless.com\\\/de\\\/produkt\\\/shapewear-rompers-can-be-worn-outside-waist-waist-lift-hip-slimming-sports-shapewear-jumpsuit\\\/#breadcrumb\",\"itemListElement\":[{\"@type\":\"ListItem\",\"position\":1,\"name\":\"\u9996\u9875\",\"item\":\"https:\\\/\\\/okseamless.com\\\/\"},{\"@type\":\"ListItem\",\"position\":2,\"name\":\"Produtos\",\"item\":\"https:\\\/\\\/www.okseamless.com\\\/pt\\\/shop\\\/\"},{\"@type\":\"ListItem\",\"position\":3,\"name\":\"Shapewear rompers can be worn outside waist waist lift hip slimming sports shapewear jumpsuit\"}]},{\"@type\":\"WebSite\",\"@id\":\"https:\\\/\\\/www.okseamless.com\\\/pt\\\/#website\",\"url\":\"https:\\\/\\\/www.okseamless.com\\\/pt\\\/\",\"name\":\"Custom Seamless Shapewear and Yoga Wear Manufacturer in China\",\"description\":\"\",\"publisher\":{\"@id\":\"https:\\\/\\\/www.okseamless.com\\\/pt\\\/#organization\"},\"potentialAction\":[{\"@type\":\"SearchAction\",\"target\":{\"@type\":\"EntryPoint\",\"urlTemplate\":\"https:\\\/\\\/www.okseamless.com\\\/pt\\\/?s={search_term_string}\"},\"query-input\":{\"@type\":\"PropertyValueSpecification\",\"valueRequired\":true,\"valueName\":\"search_term_string\"}}],\"inLanguage\":\"fr-FR\"},{\"@type\":\"Organization\",\"@id\":\"https:\\\/\\\/www.okseamless.com\\\/pt\\\/#organization\",\"name\":\"Custom Seamless Shapewear and Yoga Wear Manufacturer in China\",\"url\":\"https:\\\/\\\/www.okseamless.com\\\/pt\\\/\",\"logo\":{\"@type\":\"ImageObject\",\"inLanguage\":\"fr-FR\",\"@id\":\"https:\\\/\\\/www.okseamless.com\\\/pt\\\/#\\\/schema\\\/logo\\\/image\\\/\",\"url\":\"https:\\\/\\\/okseamless.com\\\/wp-content\\\/uploads\\\/2025\\\/03\\\/LOGO.png\",\"contentUrl\":\"https:\\\/\\\/okseamless.com\\\/wp-content\\\/uploads\\\/2025\\\/03\\\/LOGO.png\",\"width\":685,\"height\":218,\"caption\":\"Custom Seamless Shapewear and Yoga Wear Manufacturer in China\"},\"image\":{\"@id\":\"https:\\\/\\\/www.okseamless.com\\\/pt\\\/#\\\/schema\\\/logo\\\/image\\\/\"},\"sameAs\":[\"https:\\\/\\\/www.facebook.com\\\/share\\\/1TH24JnBgY\\\/?mibextid=wwXIfr\"]}]}<\/script>\n<!-- \/ Yoast SEO plugin. -->","yoast_head_json":{"title":"Shapewear rompers can be worn outside waist waist lift hip slimming sports shapewear jumpsuit - Custom Seamless Shapewear and Yoga Wear Manufacturer in China","robots":{"index":"index","follow":"follow","max-snippet":"max-snippet:-1","max-image-preview":"max-image-preview:large","max-video-preview":"max-video-preview:-1"},"canonical":"https:\/\/www.okseamless.com\/de\/produkt\/shapewear-rompers-can-be-worn-outside-waist-waist-lift-hip-slimming-sports-shapewear-jumpsuit\/","og_locale":"fr_FR","og_type":"article","og_title":"Shapewear rompers can be worn outside waist waist lift hip slimming sports shapewear jumpsuit - Custom Seamless Shapewear and Yoga Wear Manufacturer in China","og_description":"Model NO: CY013  Slimming Bodysuit Shaper   Smooth Belly Fat  Control Thigh Bulges  Reduce Waistline  Lift Saggy Hips  DETAILS   Adjustable &amp;Detachable shoulder straps  With Bra Cups for lifting breast  Adjustable back hooks for snug fit  Crotchless for easy bathroom  Warm Tips:\u00a0Measure your waist, chest before choosingyour suitable size from Rdsiane size chart please  Component: Polyester fiber (Polyester) 50% (included) -70% (not included)","og_url":"https:\/\/www.okseamless.com\/de\/produkt\/shapewear-rompers-can-be-worn-outside-waist-waist-lift-hip-slimming-sports-shapewear-jumpsuit\/","og_site_name":"Custom Seamless Shapewear and Yoga Wear Manufacturer in China","article_publisher":"https:\/\/www.facebook.com\/share\/1TH24JnBgY\/?mibextid=wwXIfr","article_modified_time":"2025-04-12T01:19:22+00:00","og_image":[{"width":800,"height":800,"url":"https:\/\/www.okseamless.com\/wp-content\/uploads\/2025\/04\/O1CN01fY2PCO28oRBtkc4gl_2218375007979-0-cib.jpg_.jpg","type":"image\/jpeg"}],"twitter_card":"summary_large_image","twitter_misc":{"Dur\u00e9e de lecture estim\u00e9e":"1 minute"},"schema":{"@context":"https:\/\/schema.org","@graph":[{"@type":"WebPage","@id":"https:\/\/www.okseamless.com\/de\/produkt\/shapewear-rompers-can-be-worn-outside-waist-waist-lift-hip-slimming-sports-shapewear-jumpsuit\/","url":"https:\/\/www.okseamless.com\/de\/produkt\/shapewear-rompers-can-be-worn-outside-waist-waist-lift-hip-slimming-sports-shapewear-jumpsuit\/","name":"Shapewear rompers can be worn outside waist waist lift hip slimming sports shapewear jumpsuit - Custom Seamless Shapewear and Yoga Wear Manufacturer in China","isPartOf":{"@id":"https:\/\/www.okseamless.com\/pt\/#website"},"primaryImageOfPage":{"@id":"https:\/\/www.okseamless.com\/de\/produkt\/shapewear-rompers-can-be-worn-outside-waist-waist-lift-hip-slimming-sports-shapewear-jumpsuit\/#primaryimage"},"image":{"@id":"https:\/\/www.okseamless.com\/de\/produkt\/shapewear-rompers-can-be-worn-outside-waist-waist-lift-hip-slimming-sports-shapewear-jumpsuit\/#primaryimage"},"thumbnailUrl":"https:\/\/okseamless.com\/wp-content\/uploads\/2025\/04\/O1CN01fY2PCO28oRBtkc4gl_2218375007979-0-cib.jpg_.jpg","datePublished":"2025-04-08T02:10:50+00:00","dateModified":"2025-04-12T01:19:22+00:00","breadcrumb":{"@id":"https:\/\/www.okseamless.com\/de\/produkt\/shapewear-rompers-can-be-worn-outside-waist-waist-lift-hip-slimming-sports-shapewear-jumpsuit\/#breadcrumb"},"inLanguage":"fr-FR","potentialAction":[{"@type":"ReadAction","target":["https:\/\/www.okseamless.com\/de\/produkt\/shapewear-rompers-can-be-worn-outside-waist-waist-lift-hip-slimming-sports-shapewear-jumpsuit\/"]}]},{"@type":"ImageObject","inLanguage":"fr-FR","@id":"https:\/\/www.okseamless.com\/de\/produkt\/shapewear-rompers-can-be-worn-outside-waist-waist-lift-hip-slimming-sports-shapewear-jumpsuit\/#primaryimage","url":"https:\/\/okseamless.com\/wp-content\/uploads\/2025\/04\/O1CN01fY2PCO28oRBtkc4gl_2218375007979-0-cib.jpg_.jpg","contentUrl":"https:\/\/okseamless.com\/wp-content\/uploads\/2025\/04\/O1CN01fY2PCO28oRBtkc4gl_2218375007979-0-cib.jpg_.jpg","width":800,"height":800},{"@type":"BreadcrumbList","@id":"https:\/\/www.okseamless.com\/de\/produkt\/shapewear-rompers-can-be-worn-outside-waist-waist-lift-hip-slimming-sports-shapewear-jumpsuit\/#breadcrumb","itemListElement":[{"@type":"ListItem","position":1,"name":"\u9996\u9875","item":"https:\/\/okseamless.com\/"},{"@type":"ListItem","position":2,"name":"Produtos","item":"https:\/\/www.okseamless.com\/pt\/shop\/"},{"@type":"ListItem","position":3,"name":"Shapewear rompers can be worn outside waist waist lift hip slimming sports shapewear jumpsuit"}]},{"@type":"WebSite","@id":"https:\/\/www.okseamless.com\/pt\/#website","url":"https:\/\/www.okseamless.com\/pt\/","name":"Fabricant de v\u00eatements de forme sans couture et de v\u00eatements de yoga en Chine","description":"","publisher":{"@id":"https:\/\/www.okseamless.com\/pt\/#organization"},"potentialAction":[{"@type":"SearchAction","target":{"@type":"EntryPoint","urlTemplate":"https:\/\/www.okseamless.com\/pt\/?s={search_term_string}"},"query-input":{"@type":"PropertyValueSpecification","valueRequired":true,"valueName":"search_term_string"}}],"inLanguage":"fr-FR"},{"@type":"Organization","@id":"https:\/\/www.okseamless.com\/pt\/#organization","name":"Fabricant de v\u00eatements de forme sans couture et de v\u00eatements de yoga en Chine","url":"https:\/\/www.okseamless.com\/pt\/","logo":{"@type":"ImageObject","inLanguage":"fr-FR","@id":"https:\/\/www.okseamless.com\/pt\/#\/schema\/logo\/image\/","url":"https:\/\/okseamless.com\/wp-content\/uploads\/2025\/03\/LOGO.png","contentUrl":"https:\/\/okseamless.com\/wp-content\/uploads\/2025\/03\/LOGO.png","width":685,"height":218,"caption":"Custom Seamless Shapewear and Yoga Wear Manufacturer in China"},"image":{"@id":"https:\/\/www.okseamless.com\/pt\/#\/schema\/logo\/image\/"},"sameAs":["https:\/\/www.facebook.com\/share\/1TH24JnBgY\/?mibextid=wwXIfr"]}]}},"_links":{"self":[{"href":"https:\/\/okseamless.com\/fr\/wp-json\/wp\/v2\/product\/1692","targetHints":{"allow":["GET"]}}],"collection":[{"href":"https:\/\/okseamless.com\/fr\/wp-json\/wp\/v2\/product"}],"about":[{"href":"https:\/\/okseamless.com\/fr\/wp-json\/wp\/v2\/types\/product"}],"wp:featuredmedia":[{"embeddable":true,"href":"https:\/\/okseamless.com\/fr\/wp-json\/wp\/v2\/media\/1693"}],"wp:attachment":[{"href":"https:\/\/okseamless.com\/fr\/wp-json\/wp\/v2\/media?parent=1692"}],"wp:term":[{"taxonomy":"product_brand","embeddable":true,"href":"https:\/\/okseamless.com\/fr\/wp-json\/wp\/v2\/product_brand?post=1692"},{"taxonomy":"product_cat","embeddable":true,"href":"https:\/\/okseamless.com\/fr\/wp-json\/wp\/v2\/product_cat?post=1692"},{"taxonomy":"product_tag","embeddable":true,"href":"https:\/\/okseamless.com\/fr\/wp-json\/wp\/v2\/product_tag?post=1692"}],"curies":[{"name":"wp","href":"https:\/\/api.w.org\/{rel}","templated":true}]}}