{"id":1673,"date":"2025-04-08T02:11:44","date_gmt":"2025-04-08T02:11:44","guid":{"rendered":"https:\/\/okseamless.com\/?post_type=product&#038;p=1673"},"modified":"2025-04-12T01:17:13","modified_gmt":"2025-04-12T01:17:13","slug":"toning-one-piece-top-high-end-slim-fit-tight-waist-waist-lift-hip-halter-toning-one-piece-top","status":"publish","type":"product","link":"https:\/\/okseamless.com\/fr\/produit\/toning-one-piece-top-high-end-slim-fit-tight-waist-waist-lift-hip-halter-toning-one-piece-top\/","title":{"rendered":"Top une pi\u00e8ce tonique Top une pi\u00e8ce tonique haut de gamme, ajust\u00e9 et moulant \u00e0 la taille, liftant la taille et les hanches, dos nu tonique"},"content":{"rendered":"","protected":false},"excerpt":{"rendered":"<p>Model No:CY012<\/p>\n<p><strong><b>DOUBLE CONTROLINVISIBLE SHAPEWEAR<\/b><\/strong><strong><b>\u00a0<\/b><\/strong><strong><b>Control flabby tummy<\/b><\/strong><\/p>\n<ul>\n<li>Am\u00e9liorer la posture du dos<\/li>\n<li>Reduce extra waistline<\/li>\n<li>Sexy full butt shape<\/li>\n<li>Shape hourglass figure<\/li>\n<\/ul>\n<p><strong><b>Fonctionnalit\u00e9<\/b><\/strong><\/p>\n<ul>\n<li>Underwire Bra Push Up Breast<\/li>\n<li>Open Crotch Designfor Bathroom<\/li>\n<li>Lift Butt Up &amp; Reduce Waistline<\/li>\n<li>Adjustable Shoulder Straps<\/li>\n<li>Comfortable Underwire Bra<\/li>\n<li>Healthy &amp; Breathable Cotton Fabric<\/li>\n<\/ul>\n<p><strong><b>Composant :<\/b><\/strong>\u00a0Fibre de polyester (Polyester) 90% (inclus) -95% (non inclus)<\/p>","protected":false},"featured_media":1684,"template":"","meta":[],"product_brand":[],"product_cat":[37],"product_tag":[],"class_list":{"0":"post-1673","1":"product","2":"type-product","3":"status-publish","4":"has-post-thumbnail","6":"product_cat-womens-bodysuits","8":"first","9":"instock","10":"shipping-taxable","11":"product-type-simple"},"yoast_head":"<!-- This site is optimized with the Yoast SEO plugin v27.4 - https:\/\/yoast.com\/product\/yoast-seo-wordpress\/ -->\n<title>Toning one-piece top High-end slim-fit tight waist waist lift hip halter toning one-piece top - Custom Seamless Shapewear and Yoga Wear Manufacturer in China<\/title>\n<meta name=\"robots\" content=\"index, follow, max-snippet:-1, max-image-preview:large, max-video-preview:-1\" \/>\n<link rel=\"canonical\" href=\"https:\/\/www.okseamless.com\/es\/producto\/toning-one-piece-top-high-end-slim-fit-tight-waist-waist-lift-hip-halter-toning-one-piece-top\/\" \/>\n<meta property=\"og:locale\" content=\"fr_FR\" \/>\n<meta property=\"og:type\" content=\"article\" \/>\n<meta property=\"og:title\" content=\"Toning one-piece top High-end slim-fit tight waist waist lift hip halter toning one-piece top - Custom Seamless Shapewear and Yoga Wear Manufacturer in China\" \/>\n<meta property=\"og:description\" content=\"Model No:CY012  DOUBLE CONTROLINVISIBLE SHAPEWEAR\u00a0Control flabby tummy   Improve back posture  Reduce extra waistline  Sexy full butt shape  Shape hourglass figure  Feature   Underwire Bra Push Up Breast  Open Crotch Designfor Bathroom  Lift Butt Up &amp; Reduce Waistline  Adjustable Shoulder Straps  Comfortable Underwire Bra  Healthy &amp; Breathable Cotton Fabric  Component:\u00a0Polyester fiber (Polyester) 90% (included) -95% (not included)\" \/>\n<meta property=\"og:url\" content=\"https:\/\/www.okseamless.com\/es\/producto\/toning-one-piece-top-high-end-slim-fit-tight-waist-waist-lift-hip-halter-toning-one-piece-top\/\" \/>\n<meta property=\"og:site_name\" content=\"Custom Seamless Shapewear and Yoga Wear Manufacturer in China\" \/>\n<meta property=\"article:publisher\" content=\"https:\/\/www.facebook.com\/share\/1TH24JnBgY\/?mibextid=wwXIfr\" \/>\n<meta property=\"article:modified_time\" content=\"2025-04-12T01:17:13+00:00\" \/>\n<meta property=\"og:image\" content=\"https:\/\/www.okseamless.com\/wp-content\/uploads\/2025\/04\/O1CN01vvavUz28oRBv6QI1M_2218375007979-0-cib.jpg_.jpg\" \/>\n\t<meta property=\"og:image:width\" content=\"800\" \/>\n\t<meta property=\"og:image:height\" content=\"800\" \/>\n\t<meta property=\"og:image:type\" content=\"image\/jpeg\" \/>\n<meta name=\"twitter:card\" content=\"summary_large_image\" \/>\n<meta name=\"twitter:label1\" content=\"Dur\u00e9e de lecture estim\u00e9e\" \/>\n\t<meta name=\"twitter:data1\" content=\"1 minute\" \/>\n<script type=\"application\/ld+json\" class=\"yoast-schema-graph\">{\"@context\":\"https:\\\/\\\/schema.org\",\"@graph\":[{\"@type\":\"WebPage\",\"@id\":\"https:\\\/\\\/www.okseamless.com\\\/es\\\/producto\\\/toning-one-piece-top-high-end-slim-fit-tight-waist-waist-lift-hip-halter-toning-one-piece-top\\\/\",\"url\":\"https:\\\/\\\/www.okseamless.com\\\/es\\\/producto\\\/toning-one-piece-top-high-end-slim-fit-tight-waist-waist-lift-hip-halter-toning-one-piece-top\\\/\",\"name\":\"Toning one-piece top High-end slim-fit tight waist waist lift hip halter toning one-piece top - Custom Seamless Shapewear and Yoga Wear Manufacturer in China\",\"isPartOf\":{\"@id\":\"https:\\\/\\\/www.okseamless.com\\\/pt\\\/#website\"},\"primaryImageOfPage\":{\"@id\":\"https:\\\/\\\/www.okseamless.com\\\/es\\\/producto\\\/toning-one-piece-top-high-end-slim-fit-tight-waist-waist-lift-hip-halter-toning-one-piece-top\\\/#primaryimage\"},\"image\":{\"@id\":\"https:\\\/\\\/www.okseamless.com\\\/es\\\/producto\\\/toning-one-piece-top-high-end-slim-fit-tight-waist-waist-lift-hip-halter-toning-one-piece-top\\\/#primaryimage\"},\"thumbnailUrl\":\"https:\\\/\\\/okseamless.com\\\/wp-content\\\/uploads\\\/2025\\\/04\\\/O1CN01vvavUz28oRBv6QI1M_2218375007979-0-cib.jpg_.jpg\",\"datePublished\":\"2025-04-08T02:11:44+00:00\",\"dateModified\":\"2025-04-12T01:17:13+00:00\",\"breadcrumb\":{\"@id\":\"https:\\\/\\\/www.okseamless.com\\\/es\\\/producto\\\/toning-one-piece-top-high-end-slim-fit-tight-waist-waist-lift-hip-halter-toning-one-piece-top\\\/#breadcrumb\"},\"inLanguage\":\"fr-FR\",\"potentialAction\":[{\"@type\":\"ReadAction\",\"target\":[\"https:\\\/\\\/www.okseamless.com\\\/es\\\/producto\\\/toning-one-piece-top-high-end-slim-fit-tight-waist-waist-lift-hip-halter-toning-one-piece-top\\\/\"]}]},{\"@type\":\"ImageObject\",\"inLanguage\":\"fr-FR\",\"@id\":\"https:\\\/\\\/www.okseamless.com\\\/es\\\/producto\\\/toning-one-piece-top-high-end-slim-fit-tight-waist-waist-lift-hip-halter-toning-one-piece-top\\\/#primaryimage\",\"url\":\"https:\\\/\\\/okseamless.com\\\/wp-content\\\/uploads\\\/2025\\\/04\\\/O1CN01vvavUz28oRBv6QI1M_2218375007979-0-cib.jpg_.jpg\",\"contentUrl\":\"https:\\\/\\\/okseamless.com\\\/wp-content\\\/uploads\\\/2025\\\/04\\\/O1CN01vvavUz28oRBv6QI1M_2218375007979-0-cib.jpg_.jpg\",\"width\":800,\"height\":800},{\"@type\":\"BreadcrumbList\",\"@id\":\"https:\\\/\\\/www.okseamless.com\\\/es\\\/producto\\\/toning-one-piece-top-high-end-slim-fit-tight-waist-waist-lift-hip-halter-toning-one-piece-top\\\/#breadcrumb\",\"itemListElement\":[{\"@type\":\"ListItem\",\"position\":1,\"name\":\"\u9996\u9875\",\"item\":\"https:\\\/\\\/okseamless.com\\\/\"},{\"@type\":\"ListItem\",\"position\":2,\"name\":\"Produtos\",\"item\":\"https:\\\/\\\/www.okseamless.com\\\/pt\\\/shop\\\/\"},{\"@type\":\"ListItem\",\"position\":3,\"name\":\"Toning one-piece top High-end slim-fit tight waist waist lift hip halter toning one-piece top\"}]},{\"@type\":\"WebSite\",\"@id\":\"https:\\\/\\\/www.okseamless.com\\\/pt\\\/#website\",\"url\":\"https:\\\/\\\/www.okseamless.com\\\/pt\\\/\",\"name\":\"Custom Seamless Shapewear and Yoga Wear Manufacturer in China\",\"description\":\"\",\"publisher\":{\"@id\":\"https:\\\/\\\/www.okseamless.com\\\/pt\\\/#organization\"},\"potentialAction\":[{\"@type\":\"SearchAction\",\"target\":{\"@type\":\"EntryPoint\",\"urlTemplate\":\"https:\\\/\\\/www.okseamless.com\\\/pt\\\/?s={search_term_string}\"},\"query-input\":{\"@type\":\"PropertyValueSpecification\",\"valueRequired\":true,\"valueName\":\"search_term_string\"}}],\"inLanguage\":\"fr-FR\"},{\"@type\":\"Organization\",\"@id\":\"https:\\\/\\\/www.okseamless.com\\\/pt\\\/#organization\",\"name\":\"Custom Seamless Shapewear and Yoga Wear Manufacturer in China\",\"url\":\"https:\\\/\\\/www.okseamless.com\\\/pt\\\/\",\"logo\":{\"@type\":\"ImageObject\",\"inLanguage\":\"fr-FR\",\"@id\":\"https:\\\/\\\/www.okseamless.com\\\/pt\\\/#\\\/schema\\\/logo\\\/image\\\/\",\"url\":\"https:\\\/\\\/okseamless.com\\\/wp-content\\\/uploads\\\/2025\\\/03\\\/LOGO.png\",\"contentUrl\":\"https:\\\/\\\/okseamless.com\\\/wp-content\\\/uploads\\\/2025\\\/03\\\/LOGO.png\",\"width\":685,\"height\":218,\"caption\":\"Custom Seamless Shapewear and Yoga Wear Manufacturer in China\"},\"image\":{\"@id\":\"https:\\\/\\\/www.okseamless.com\\\/pt\\\/#\\\/schema\\\/logo\\\/image\\\/\"},\"sameAs\":[\"https:\\\/\\\/www.facebook.com\\\/share\\\/1TH24JnBgY\\\/?mibextid=wwXIfr\"]}]}<\/script>\n<!-- \/ Yoast SEO plugin. -->","yoast_head_json":{"title":"Toning one-piece top High-end slim-fit tight waist waist lift hip halter toning one-piece top - Custom Seamless Shapewear and Yoga Wear Manufacturer in China","robots":{"index":"index","follow":"follow","max-snippet":"max-snippet:-1","max-image-preview":"max-image-preview:large","max-video-preview":"max-video-preview:-1"},"canonical":"https:\/\/www.okseamless.com\/es\/producto\/toning-one-piece-top-high-end-slim-fit-tight-waist-waist-lift-hip-halter-toning-one-piece-top\/","og_locale":"fr_FR","og_type":"article","og_title":"Toning one-piece top High-end slim-fit tight waist waist lift hip halter toning one-piece top - Custom Seamless Shapewear and Yoga Wear Manufacturer in China","og_description":"Model No:CY012  DOUBLE CONTROLINVISIBLE SHAPEWEAR\u00a0Control flabby tummy   Improve back posture  Reduce extra waistline  Sexy full butt shape  Shape hourglass figure  Feature   Underwire Bra Push Up Breast  Open Crotch Designfor Bathroom  Lift Butt Up &amp; Reduce Waistline  Adjustable Shoulder Straps  Comfortable Underwire Bra  Healthy &amp; Breathable Cotton Fabric  Component:\u00a0Polyester fiber (Polyester) 90% (included) -95% (not included)","og_url":"https:\/\/www.okseamless.com\/es\/producto\/toning-one-piece-top-high-end-slim-fit-tight-waist-waist-lift-hip-halter-toning-one-piece-top\/","og_site_name":"Custom Seamless Shapewear and Yoga Wear Manufacturer in China","article_publisher":"https:\/\/www.facebook.com\/share\/1TH24JnBgY\/?mibextid=wwXIfr","article_modified_time":"2025-04-12T01:17:13+00:00","og_image":[{"width":800,"height":800,"url":"https:\/\/www.okseamless.com\/wp-content\/uploads\/2025\/04\/O1CN01vvavUz28oRBv6QI1M_2218375007979-0-cib.jpg_.jpg","type":"image\/jpeg"}],"twitter_card":"summary_large_image","twitter_misc":{"Dur\u00e9e de lecture estim\u00e9e":"1 minute"},"schema":{"@context":"https:\/\/schema.org","@graph":[{"@type":"WebPage","@id":"https:\/\/www.okseamless.com\/es\/producto\/toning-one-piece-top-high-end-slim-fit-tight-waist-waist-lift-hip-halter-toning-one-piece-top\/","url":"https:\/\/www.okseamless.com\/es\/producto\/toning-one-piece-top-high-end-slim-fit-tight-waist-waist-lift-hip-halter-toning-one-piece-top\/","name":"Toning one-piece top High-end slim-fit tight waist waist lift hip halter toning one-piece top - Custom Seamless Shapewear and Yoga Wear Manufacturer in China","isPartOf":{"@id":"https:\/\/www.okseamless.com\/pt\/#website"},"primaryImageOfPage":{"@id":"https:\/\/www.okseamless.com\/es\/producto\/toning-one-piece-top-high-end-slim-fit-tight-waist-waist-lift-hip-halter-toning-one-piece-top\/#primaryimage"},"image":{"@id":"https:\/\/www.okseamless.com\/es\/producto\/toning-one-piece-top-high-end-slim-fit-tight-waist-waist-lift-hip-halter-toning-one-piece-top\/#primaryimage"},"thumbnailUrl":"https:\/\/okseamless.com\/wp-content\/uploads\/2025\/04\/O1CN01vvavUz28oRBv6QI1M_2218375007979-0-cib.jpg_.jpg","datePublished":"2025-04-08T02:11:44+00:00","dateModified":"2025-04-12T01:17:13+00:00","breadcrumb":{"@id":"https:\/\/www.okseamless.com\/es\/producto\/toning-one-piece-top-high-end-slim-fit-tight-waist-waist-lift-hip-halter-toning-one-piece-top\/#breadcrumb"},"inLanguage":"fr-FR","potentialAction":[{"@type":"ReadAction","target":["https:\/\/www.okseamless.com\/es\/producto\/toning-one-piece-top-high-end-slim-fit-tight-waist-waist-lift-hip-halter-toning-one-piece-top\/"]}]},{"@type":"ImageObject","inLanguage":"fr-FR","@id":"https:\/\/www.okseamless.com\/es\/producto\/toning-one-piece-top-high-end-slim-fit-tight-waist-waist-lift-hip-halter-toning-one-piece-top\/#primaryimage","url":"https:\/\/okseamless.com\/wp-content\/uploads\/2025\/04\/O1CN01vvavUz28oRBv6QI1M_2218375007979-0-cib.jpg_.jpg","contentUrl":"https:\/\/okseamless.com\/wp-content\/uploads\/2025\/04\/O1CN01vvavUz28oRBv6QI1M_2218375007979-0-cib.jpg_.jpg","width":800,"height":800},{"@type":"BreadcrumbList","@id":"https:\/\/www.okseamless.com\/es\/producto\/toning-one-piece-top-high-end-slim-fit-tight-waist-waist-lift-hip-halter-toning-one-piece-top\/#breadcrumb","itemListElement":[{"@type":"ListItem","position":1,"name":"\u9996\u9875","item":"https:\/\/okseamless.com\/"},{"@type":"ListItem","position":2,"name":"Produtos","item":"https:\/\/www.okseamless.com\/pt\/shop\/"},{"@type":"ListItem","position":3,"name":"Toning one-piece top High-end slim-fit tight waist waist lift hip halter toning one-piece top"}]},{"@type":"WebSite","@id":"https:\/\/www.okseamless.com\/pt\/#website","url":"https:\/\/www.okseamless.com\/pt\/","name":"Fabricant de v\u00eatements de forme sans couture et de v\u00eatements de yoga en Chine","description":"","publisher":{"@id":"https:\/\/www.okseamless.com\/pt\/#organization"},"potentialAction":[{"@type":"SearchAction","target":{"@type":"EntryPoint","urlTemplate":"https:\/\/www.okseamless.com\/pt\/?s={search_term_string}"},"query-input":{"@type":"PropertyValueSpecification","valueRequired":true,"valueName":"search_term_string"}}],"inLanguage":"fr-FR"},{"@type":"Organization","@id":"https:\/\/www.okseamless.com\/pt\/#organization","name":"Fabricant de v\u00eatements de forme sans couture et de v\u00eatements de yoga en Chine","url":"https:\/\/www.okseamless.com\/pt\/","logo":{"@type":"ImageObject","inLanguage":"fr-FR","@id":"https:\/\/www.okseamless.com\/pt\/#\/schema\/logo\/image\/","url":"https:\/\/okseamless.com\/wp-content\/uploads\/2025\/03\/LOGO.png","contentUrl":"https:\/\/okseamless.com\/wp-content\/uploads\/2025\/03\/LOGO.png","width":685,"height":218,"caption":"Custom Seamless Shapewear and Yoga Wear Manufacturer in China"},"image":{"@id":"https:\/\/www.okseamless.com\/pt\/#\/schema\/logo\/image\/"},"sameAs":["https:\/\/www.facebook.com\/share\/1TH24JnBgY\/?mibextid=wwXIfr"]}]}},"_links":{"self":[{"href":"https:\/\/okseamless.com\/fr\/wp-json\/wp\/v2\/product\/1673","targetHints":{"allow":["GET"]}}],"collection":[{"href":"https:\/\/okseamless.com\/fr\/wp-json\/wp\/v2\/product"}],"about":[{"href":"https:\/\/okseamless.com\/fr\/wp-json\/wp\/v2\/types\/product"}],"wp:featuredmedia":[{"embeddable":true,"href":"https:\/\/okseamless.com\/fr\/wp-json\/wp\/v2\/media\/1684"}],"wp:attachment":[{"href":"https:\/\/okseamless.com\/fr\/wp-json\/wp\/v2\/media?parent=1673"}],"wp:term":[{"taxonomy":"product_brand","embeddable":true,"href":"https:\/\/okseamless.com\/fr\/wp-json\/wp\/v2\/product_brand?post=1673"},{"taxonomy":"product_cat","embeddable":true,"href":"https:\/\/okseamless.com\/fr\/wp-json\/wp\/v2\/product_cat?post=1673"},{"taxonomy":"product_tag","embeddable":true,"href":"https:\/\/okseamless.com\/fr\/wp-json\/wp\/v2\/product_tag?post=1673"}],"curies":[{"name":"wp","href":"https:\/\/api.w.org\/{rel}","templated":true}]}}