{"id":1598,"date":"2025-04-08T02:10:50","date_gmt":"2025-04-08T02:10:50","guid":{"rendered":"https:\/\/okseamless.com\/?post_type=product&#038;p=1598"},"modified":"2025-04-12T07:54:14","modified_gmt":"2025-04-12T07:54:14","slug":"post-operation-bra-high-end-vest-front-chest-breasted-design-of-the-push-up-adjustment-type-post-operation-bra","status":"publish","type":"product","link":"https:\/\/okseamless.com\/fr\/produit\/post-operation-bra-high-end-vest-front-chest-breasted-design-of-the-push-up-adjustment-type-post-operation-bra\/","title":{"rendered":"Soutien-gorge postop\u00e9ratoire ajustable avec bouton de poitrine sur le devant Soutien-gorge postop\u00e9ratoire pour femmes"},"content":{"rendered":"","protected":false},"excerpt":{"rendered":"<p>Mod\u00e8le n\u00b0:CY007<\/p>\n<p><strong><b>SOUTIEN-GORGE DE MAINTIEN CONFORTABLE ET RESPIRANT<\/b><\/strong><\/p>\n<ul>\n<li>Les bandes les plus larges, confortables et r\u00e9glables, permettent de soulager la pression sur les \u00e9paules, ce qui est pr\u00e9f\u00e9rable pour la r\u00e9cup\u00e9ration apr\u00e8s une mastectomie.<\/li>\n<li>Fermeture frontale \u00e0 4 crochets, facile \u00e0 porter, con\u00e7ue pour assurer la s\u00e9curit\u00e9 post-chirurgicale.<\/li>\n<li>Le tissu blanc sans couture s'adapte au corps et est plus sain.<\/li>\n<li>Des bretelles r\u00e9glables permettent d'ajuster son degr\u00e9 d'\u00e9tanch\u00e9it\u00e9.<\/li>\n<li>Avec une bande \u00e9lastique souple sous la poitrine, il apporte un soutien solide \u00e0 la poitrine, sans mouvement ni trop serr\u00e9, mais tr\u00e8s confortable.<\/li>\n<\/ul>\n<p><strong><b>Large application<\/b><\/strong><\/p>\n<ul>\n<li>Le soutien-gorge BRABlC assure une l\u00e9g\u00e8re compression,<\/li>\n<li>parfait pour la vie de tous les jours, toutes les proc\u00e9dures mammaires soutiennent\/r<\/li>\n<li>post-partum, sommeil et yoga.<\/li>\n<\/ul>\n<p><strong><b>Composant :<\/b><\/strong>\u00a0Nylon 95% (inclus) -100% (non inclus)<\/p>\n<p>&nbsp;<\/p>","protected":false},"featured_media":1601,"template":"","meta":[],"product_brand":[],"product_cat":[35],"product_tag":[],"class_list":{"0":"post-1598","1":"product","2":"type-product","3":"status-publish","4":"has-post-thumbnail","6":"product_cat-womens-tops","8":"first","9":"instock","10":"shipping-taxable","11":"product-type-simple"},"yoast_head":"<!-- This site is optimized with the Yoast SEO plugin v27.4 - https:\/\/yoast.com\/product\/yoast-seo-wordpress\/ -->\n<title>Hot-Selling Adjustable Push-Up Postoperative Bra Front Chest Button Post-Surgery Bra for Women - Custom Seamless Shapewear and Yoga Wear Manufacturer in China<\/title>\n<meta name=\"robots\" content=\"index, follow, max-snippet:-1, max-image-preview:large, max-video-preview:-1\" \/>\n<link rel=\"canonical\" href=\"https:\/\/okseamless.com\/fr\/produit\/post-operation-bra-high-end-vest-front-chest-breasted-design-of-the-push-up-adjustment-type-post-operation-bra\/\" \/>\n<meta property=\"og:locale\" content=\"fr_FR\" \/>\n<meta property=\"og:type\" content=\"article\" \/>\n<meta property=\"og:title\" content=\"Hot-Selling Adjustable Push-Up Postoperative Bra Front Chest Button Post-Surgery Bra for Women - Custom Seamless Shapewear and Yoga Wear Manufacturer in China\" \/>\n<meta property=\"og:description\" content=\"Model No:CY007  COMFORTABLE &amp; BREATHABLESOFT SUPPORT BRA   Comfortable and adjustable widest raps help relieve shoulder pressure,better for mastectomy recovery  Front 4 hook closure, easy to wear,designed to provide the post-surgical  White Seamless fabric fitsthe body,and is more healthy.  Adjustable straps help toadjust its degree of tightness.  With soft and elastic band underthe bust, it provides strong support for the breast,not movement or too tight, but very comfortable.  Wide Application   BRABlC Bra provides a gentle compression,  perfect for everyday wear, all breast procedures support\/r  postpartum, sleeping and yoga.  Component:\u00a0Nylon 95% (included) -100% (not included)  &nbsp;\" \/>\n<meta property=\"og:url\" content=\"https:\/\/okseamless.com\/fr\/produit\/post-operation-bra-high-end-vest-front-chest-breasted-design-of-the-push-up-adjustment-type-post-operation-bra\/\" \/>\n<meta property=\"og:site_name\" content=\"Custom Seamless Shapewear and Yoga Wear Manufacturer in China\" \/>\n<meta property=\"article:publisher\" content=\"https:\/\/www.facebook.com\/share\/1TH24JnBgY\/?mibextid=wwXIfr\" \/>\n<meta property=\"article:modified_time\" content=\"2025-04-12T07:54:14+00:00\" \/>\n<meta property=\"og:image\" content=\"https:\/\/okseamless.com\/wp-content\/uploads\/2025\/04\/O1CN01W8364e28oRBoOtdWB_2218375007979-0-cib.jpg_.jpg\" \/>\n\t<meta property=\"og:image:width\" content=\"1802\" \/>\n\t<meta property=\"og:image:height\" content=\"1802\" \/>\n\t<meta property=\"og:image:type\" content=\"image\/jpeg\" \/>\n<meta name=\"twitter:card\" content=\"summary_large_image\" \/>\n<meta name=\"twitter:label1\" content=\"Dur\u00e9e de lecture estim\u00e9e\" \/>\n\t<meta name=\"twitter:data1\" content=\"1 minute\" \/>\n<script type=\"application\/ld+json\" class=\"yoast-schema-graph\">{\"@context\":\"https:\\\/\\\/schema.org\",\"@graph\":[{\"@type\":\"WebPage\",\"@id\":\"https:\\\/\\\/okseamless.com\\\/ru\\\/product\\\/post-operation-bra-high-end-vest-front-chest-breasted-design-of-the-push-up-adjustment-type-post-operation-bra\\\/\",\"url\":\"https:\\\/\\\/okseamless.com\\\/ru\\\/product\\\/post-operation-bra-high-end-vest-front-chest-breasted-design-of-the-push-up-adjustment-type-post-operation-bra\\\/\",\"name\":\"Hot-Selling Adjustable Push-Up Postoperative Bra Front Chest Button Post-Surgery Bra for Women - Custom Seamless Shapewear and Yoga Wear Manufacturer in China\",\"isPartOf\":{\"@id\":\"https:\\\/\\\/www.okseamless.com\\\/pt\\\/#website\"},\"primaryImageOfPage\":{\"@id\":\"https:\\\/\\\/okseamless.com\\\/ru\\\/product\\\/post-operation-bra-high-end-vest-front-chest-breasted-design-of-the-push-up-adjustment-type-post-operation-bra\\\/#primaryimage\"},\"image\":{\"@id\":\"https:\\\/\\\/okseamless.com\\\/ru\\\/product\\\/post-operation-bra-high-end-vest-front-chest-breasted-design-of-the-push-up-adjustment-type-post-operation-bra\\\/#primaryimage\"},\"thumbnailUrl\":\"https:\\\/\\\/okseamless.com\\\/wp-content\\\/uploads\\\/2025\\\/04\\\/O1CN01W8364e28oRBoOtdWB_2218375007979-0-cib.jpg_.jpg\",\"datePublished\":\"2025-04-08T02:10:50+00:00\",\"dateModified\":\"2025-04-12T07:54:14+00:00\",\"breadcrumb\":{\"@id\":\"https:\\\/\\\/okseamless.com\\\/ru\\\/product\\\/post-operation-bra-high-end-vest-front-chest-breasted-design-of-the-push-up-adjustment-type-post-operation-bra\\\/#breadcrumb\"},\"inLanguage\":\"fr-FR\",\"potentialAction\":[{\"@type\":\"ReadAction\",\"target\":[\"https:\\\/\\\/okseamless.com\\\/ru\\\/product\\\/post-operation-bra-high-end-vest-front-chest-breasted-design-of-the-push-up-adjustment-type-post-operation-bra\\\/\"]}]},{\"@type\":\"ImageObject\",\"inLanguage\":\"fr-FR\",\"@id\":\"https:\\\/\\\/okseamless.com\\\/ru\\\/product\\\/post-operation-bra-high-end-vest-front-chest-breasted-design-of-the-push-up-adjustment-type-post-operation-bra\\\/#primaryimage\",\"url\":\"https:\\\/\\\/okseamless.com\\\/wp-content\\\/uploads\\\/2025\\\/04\\\/O1CN01W8364e28oRBoOtdWB_2218375007979-0-cib.jpg_.jpg\",\"contentUrl\":\"https:\\\/\\\/okseamless.com\\\/wp-content\\\/uploads\\\/2025\\\/04\\\/O1CN01W8364e28oRBoOtdWB_2218375007979-0-cib.jpg_.jpg\",\"width\":1802,\"height\":1802},{\"@type\":\"BreadcrumbList\",\"@id\":\"https:\\\/\\\/okseamless.com\\\/ru\\\/product\\\/post-operation-bra-high-end-vest-front-chest-breasted-design-of-the-push-up-adjustment-type-post-operation-bra\\\/#breadcrumb\",\"itemListElement\":[{\"@type\":\"ListItem\",\"position\":1,\"name\":\"\u9996\u9875\",\"item\":\"https:\\\/\\\/okseamless.com\\\/\"},{\"@type\":\"ListItem\",\"position\":2,\"name\":\"Produtos\",\"item\":\"https:\\\/\\\/www.okseamless.com\\\/pt\\\/shop\\\/\"},{\"@type\":\"ListItem\",\"position\":3,\"name\":\"Hot-Selling Adjustable Push-Up Postoperative Bra Front Chest Button Post-Surgery Bra for Women\"}]},{\"@type\":\"WebSite\",\"@id\":\"https:\\\/\\\/www.okseamless.com\\\/pt\\\/#website\",\"url\":\"https:\\\/\\\/www.okseamless.com\\\/pt\\\/\",\"name\":\"Custom Seamless Shapewear and Yoga Wear Manufacturer in China\",\"description\":\"\",\"publisher\":{\"@id\":\"https:\\\/\\\/www.okseamless.com\\\/pt\\\/#organization\"},\"potentialAction\":[{\"@type\":\"SearchAction\",\"target\":{\"@type\":\"EntryPoint\",\"urlTemplate\":\"https:\\\/\\\/www.okseamless.com\\\/pt\\\/?s={search_term_string}\"},\"query-input\":{\"@type\":\"PropertyValueSpecification\",\"valueRequired\":true,\"valueName\":\"search_term_string\"}}],\"inLanguage\":\"fr-FR\"},{\"@type\":\"Organization\",\"@id\":\"https:\\\/\\\/www.okseamless.com\\\/pt\\\/#organization\",\"name\":\"Custom Seamless Shapewear and Yoga Wear Manufacturer in China\",\"url\":\"https:\\\/\\\/www.okseamless.com\\\/pt\\\/\",\"logo\":{\"@type\":\"ImageObject\",\"inLanguage\":\"fr-FR\",\"@id\":\"https:\\\/\\\/www.okseamless.com\\\/pt\\\/#\\\/schema\\\/logo\\\/image\\\/\",\"url\":\"https:\\\/\\\/okseamless.com\\\/wp-content\\\/uploads\\\/2025\\\/03\\\/LOGO.png\",\"contentUrl\":\"https:\\\/\\\/okseamless.com\\\/wp-content\\\/uploads\\\/2025\\\/03\\\/LOGO.png\",\"width\":685,\"height\":218,\"caption\":\"Custom Seamless Shapewear and Yoga Wear Manufacturer in China\"},\"image\":{\"@id\":\"https:\\\/\\\/www.okseamless.com\\\/pt\\\/#\\\/schema\\\/logo\\\/image\\\/\"},\"sameAs\":[\"https:\\\/\\\/www.facebook.com\\\/share\\\/1TH24JnBgY\\\/?mibextid=wwXIfr\"]}]}<\/script>\n<!-- \/ Yoast SEO plugin. -->","yoast_head_json":{"title":"Hot-Selling Adjustable Push-Up Postoperative Bra Front Chest Button Post-Surgery Bra for Women - Custom Seamless Shapewear and Yoga Wear Manufacturer in China","robots":{"index":"index","follow":"follow","max-snippet":"max-snippet:-1","max-image-preview":"max-image-preview:large","max-video-preview":"max-video-preview:-1"},"canonical":"https:\/\/okseamless.com\/fr\/produit\/post-operation-bra-high-end-vest-front-chest-breasted-design-of-the-push-up-adjustment-type-post-operation-bra\/","og_locale":"fr_FR","og_type":"article","og_title":"Hot-Selling Adjustable Push-Up Postoperative Bra Front Chest Button Post-Surgery Bra for Women - Custom Seamless Shapewear and Yoga Wear Manufacturer in China","og_description":"Model No:CY007  COMFORTABLE &amp; BREATHABLESOFT SUPPORT BRA   Comfortable and adjustable widest raps help relieve shoulder pressure,better for mastectomy recovery  Front 4 hook closure, easy to wear,designed to provide the post-surgical  White Seamless fabric fitsthe body,and is more healthy.  Adjustable straps help toadjust its degree of tightness.  With soft and elastic band underthe bust, it provides strong support for the breast,not movement or too tight, but very comfortable.  Wide Application   BRABlC Bra provides a gentle compression,  perfect for everyday wear, all breast procedures support\/r  postpartum, sleeping and yoga.  Component:\u00a0Nylon 95% (included) -100% (not included)  &nbsp;","og_url":"https:\/\/okseamless.com\/fr\/produit\/post-operation-bra-high-end-vest-front-chest-breasted-design-of-the-push-up-adjustment-type-post-operation-bra\/","og_site_name":"Custom Seamless Shapewear and Yoga Wear Manufacturer in China","article_publisher":"https:\/\/www.facebook.com\/share\/1TH24JnBgY\/?mibextid=wwXIfr","article_modified_time":"2025-04-12T07:54:14+00:00","og_image":[{"width":1802,"height":1802,"url":"https:\/\/okseamless.com\/wp-content\/uploads\/2025\/04\/O1CN01W8364e28oRBoOtdWB_2218375007979-0-cib.jpg_.jpg","type":"image\/jpeg"}],"twitter_card":"summary_large_image","twitter_misc":{"Dur\u00e9e de lecture estim\u00e9e":"1 minute"},"schema":{"@context":"https:\/\/schema.org","@graph":[{"@type":"WebPage","@id":"https:\/\/okseamless.com\/ru\/product\/post-operation-bra-high-end-vest-front-chest-breasted-design-of-the-push-up-adjustment-type-post-operation-bra\/","url":"https:\/\/okseamless.com\/ru\/product\/post-operation-bra-high-end-vest-front-chest-breasted-design-of-the-push-up-adjustment-type-post-operation-bra\/","name":"Hot-Selling Adjustable Push-Up Postoperative Bra Front Chest Button Post-Surgery Bra for Women - Custom Seamless Shapewear and Yoga Wear Manufacturer in China","isPartOf":{"@id":"https:\/\/www.okseamless.com\/pt\/#website"},"primaryImageOfPage":{"@id":"https:\/\/okseamless.com\/ru\/product\/post-operation-bra-high-end-vest-front-chest-breasted-design-of-the-push-up-adjustment-type-post-operation-bra\/#primaryimage"},"image":{"@id":"https:\/\/okseamless.com\/ru\/product\/post-operation-bra-high-end-vest-front-chest-breasted-design-of-the-push-up-adjustment-type-post-operation-bra\/#primaryimage"},"thumbnailUrl":"https:\/\/okseamless.com\/wp-content\/uploads\/2025\/04\/O1CN01W8364e28oRBoOtdWB_2218375007979-0-cib.jpg_.jpg","datePublished":"2025-04-08T02:10:50+00:00","dateModified":"2025-04-12T07:54:14+00:00","breadcrumb":{"@id":"https:\/\/okseamless.com\/ru\/product\/post-operation-bra-high-end-vest-front-chest-breasted-design-of-the-push-up-adjustment-type-post-operation-bra\/#breadcrumb"},"inLanguage":"fr-FR","potentialAction":[{"@type":"ReadAction","target":["https:\/\/okseamless.com\/ru\/product\/post-operation-bra-high-end-vest-front-chest-breasted-design-of-the-push-up-adjustment-type-post-operation-bra\/"]}]},{"@type":"ImageObject","inLanguage":"fr-FR","@id":"https:\/\/okseamless.com\/ru\/product\/post-operation-bra-high-end-vest-front-chest-breasted-design-of-the-push-up-adjustment-type-post-operation-bra\/#primaryimage","url":"https:\/\/okseamless.com\/wp-content\/uploads\/2025\/04\/O1CN01W8364e28oRBoOtdWB_2218375007979-0-cib.jpg_.jpg","contentUrl":"https:\/\/okseamless.com\/wp-content\/uploads\/2025\/04\/O1CN01W8364e28oRBoOtdWB_2218375007979-0-cib.jpg_.jpg","width":1802,"height":1802},{"@type":"BreadcrumbList","@id":"https:\/\/okseamless.com\/ru\/product\/post-operation-bra-high-end-vest-front-chest-breasted-design-of-the-push-up-adjustment-type-post-operation-bra\/#breadcrumb","itemListElement":[{"@type":"ListItem","position":1,"name":"\u9996\u9875","item":"https:\/\/okseamless.com\/"},{"@type":"ListItem","position":2,"name":"Produtos","item":"https:\/\/www.okseamless.com\/pt\/shop\/"},{"@type":"ListItem","position":3,"name":"Hot-Selling Adjustable Push-Up Postoperative Bra Front Chest Button Post-Surgery Bra for Women"}]},{"@type":"WebSite","@id":"https:\/\/www.okseamless.com\/pt\/#website","url":"https:\/\/www.okseamless.com\/pt\/","name":"Fabricant de v\u00eatements de forme sans couture et de v\u00eatements de yoga en Chine","description":"","publisher":{"@id":"https:\/\/www.okseamless.com\/pt\/#organization"},"potentialAction":[{"@type":"SearchAction","target":{"@type":"EntryPoint","urlTemplate":"https:\/\/www.okseamless.com\/pt\/?s={search_term_string}"},"query-input":{"@type":"PropertyValueSpecification","valueRequired":true,"valueName":"search_term_string"}}],"inLanguage":"fr-FR"},{"@type":"Organization","@id":"https:\/\/www.okseamless.com\/pt\/#organization","name":"Fabricant de v\u00eatements de forme sans couture et de v\u00eatements de yoga en Chine","url":"https:\/\/www.okseamless.com\/pt\/","logo":{"@type":"ImageObject","inLanguage":"fr-FR","@id":"https:\/\/www.okseamless.com\/pt\/#\/schema\/logo\/image\/","url":"https:\/\/okseamless.com\/wp-content\/uploads\/2025\/03\/LOGO.png","contentUrl":"https:\/\/okseamless.com\/wp-content\/uploads\/2025\/03\/LOGO.png","width":685,"height":218,"caption":"Custom Seamless Shapewear and Yoga Wear Manufacturer in China"},"image":{"@id":"https:\/\/www.okseamless.com\/pt\/#\/schema\/logo\/image\/"},"sameAs":["https:\/\/www.facebook.com\/share\/1TH24JnBgY\/?mibextid=wwXIfr"]}]}},"_links":{"self":[{"href":"https:\/\/okseamless.com\/fr\/wp-json\/wp\/v2\/product\/1598","targetHints":{"allow":["GET"]}}],"collection":[{"href":"https:\/\/okseamless.com\/fr\/wp-json\/wp\/v2\/product"}],"about":[{"href":"https:\/\/okseamless.com\/fr\/wp-json\/wp\/v2\/types\/product"}],"wp:featuredmedia":[{"embeddable":true,"href":"https:\/\/okseamless.com\/fr\/wp-json\/wp\/v2\/media\/1601"}],"wp:attachment":[{"href":"https:\/\/okseamless.com\/fr\/wp-json\/wp\/v2\/media?parent=1598"}],"wp:term":[{"taxonomy":"product_brand","embeddable":true,"href":"https:\/\/okseamless.com\/fr\/wp-json\/wp\/v2\/product_brand?post=1598"},{"taxonomy":"product_cat","embeddable":true,"href":"https:\/\/okseamless.com\/fr\/wp-json\/wp\/v2\/product_cat?post=1598"},{"taxonomy":"product_tag","embeddable":true,"href":"https:\/\/okseamless.com\/fr\/wp-json\/wp\/v2\/product_tag?post=1598"}],"curies":[{"name":"wp","href":"https:\/\/api.w.org\/{rel}","templated":true}]}}