{"id":1589,"date":"2025-04-08T02:11:44","date_gmt":"2025-04-08T02:11:44","guid":{"rendered":"https:\/\/okseamless.com\/?post_type=product&#038;p=1589"},"modified":"2025-04-12T06:42:51","modified_gmt":"2025-04-12T06:42:51","slug":"body-shaper-slimming-tummy-control-tights-high-elastic-womens-seamless-waist-and-hip-lifting-sports-shapewear","status":"publish","type":"product","link":"https:\/\/okseamless.com\/fr\/produit\/body-shaper-slimming-tummy-control-tights-high-elastic-womens-seamless-waist-and-hip-lifting-sports-shapewear\/","title":{"rendered":"Collant amincissant de contr\u00f4le du ventre \u00e0 haute \u00e9lasticit\u00e9 pour femmes, sans couture, pour la taille et les hanches."},"content":{"rendered":"","protected":false},"excerpt":{"rendered":"<p>Mod\u00e8le NO:CY029<\/p>\n<h6><strong><b>UN BODY SHAPER CONFORTABLE<\/b><\/strong><\/h6>\n<ul>\n<li>Rehausse les seins, am\u00e9liore l'affaissement de la poitrine<\/li>\n<li>Aplatir l'abdomen, affiner la taille<\/li>\n<li>Relever les fesses, donner de l'ampleur aux hanches<\/li>\n<\/ul>\n<h6><strong><b>GOTOLY UPCRADE NEWBODYSUIT VS AUTRES MARQUES<\/b><\/strong><\/h6>\n<ul>\n<li>Haute compression, lisse la graisse du ventre et du dos<\/li>\n<li>Relever instantan\u00e9ment les fesses<\/li>\n<li>Pas d'\u00e9lasticit\u00e9, ne peut pas r\u00e9duire la graisse du ventre<\/li>\n<li>Affaissement des fesses et fesses rel\u00e2ch\u00e9es<\/li>\n<\/ul>\n<h6><strong><b>2 ADJUSTABLE<\/b><\/strong><strong><b>\u00a0<\/b><\/strong><strong><b>BANDES \u00c9LASTIQUES<\/b><\/strong><\/h6>\n<p>R\u00e9duit la pression sur les \u00e9paules et vous permet de vous sentir plus \u00e0 l'aise<\/p>\n<h6><strong><b>TISSU DE QUALIT\u00c9 \u00c0 HAUTE \u00c9LASTICIT\u00c9<\/b><\/strong><\/h6>\n<p>La conception sp\u00e9ciale de la compression permet d'\u00e9pouser parfaitement la forme du corps.<\/p>\n<h6><strong><b>3 CROCHETS R\u00c9GLABLES \u00c0 L'ENTREJAMBE<\/b><\/strong><\/h6>\n<p>L'entrejambe r\u00e9glable avec des crochets est facile \u00e0 utiliser dans la salle de bain, facile \u00e0 mettre et \u00e0 enlever.<\/p>\n<p><strong><b>Ingr\u00e9dients :<\/b><\/strong>\u00a0Fibre de polyester (polyester) 50% (inclus) -70% (exclusif)<\/p>","protected":false},"featured_media":3125,"template":"","meta":[],"product_brand":[],"product_cat":[37],"product_tag":[],"class_list":{"0":"post-1589","1":"product","2":"type-product","3":"status-publish","4":"has-post-thumbnail","6":"product_cat-womens-bodysuits","8":"first","9":"instock","10":"shipping-taxable","11":"product-type-simple"},"yoast_head":"<!-- This site is optimized with the Yoast SEO plugin v27.4 - https:\/\/yoast.com\/product\/yoast-seo-wordpress\/ -->\n<title>Body shaper slimming tummy control tights high elastic women&#039;s seamless waist and hip lifting sports shapewear - Custom Seamless Shapewear and Yoga Wear Manufacturer in China<\/title>\n<meta name=\"robots\" content=\"index, follow, max-snippet:-1, max-image-preview:large, max-video-preview:-1\" \/>\n<link rel=\"canonical\" href=\"https:\/\/www.okseamless.com\/de\/produkt\/body-shaper-slimming-tummy-control-tights-high-elastic-womens-seamless-waist-and-hip-lifting-sports-shapewear\/\" \/>\n<meta property=\"og:locale\" content=\"fr_FR\" \/>\n<meta property=\"og:type\" content=\"article\" \/>\n<meta property=\"og:title\" content=\"Body shaper slimming tummy control tights high elastic women&#039;s seamless waist and hip lifting sports shapewear - Custom Seamless Shapewear and Yoga Wear Manufacturer in China\" \/>\n<meta property=\"og:description\" content=\"Model NO:CY029 COMFORTABLE BODY SHAPER   Push up breast,improve sagging breasts  Flatten abdomen,slim waist  Lift up the butt,add hip dimension  GOTOLY UPCRADE NEWBODYSUIT VS OTHER BRANDS   High compression,smooths belly and back fat  Instantly lift thebuttocks  No stretch, can&#039;treduce belly fat  Butt sagging andloose butt  2 ADJUSTABLE\u00a0ELASTIC BANDS Reduce shoulder pressure\u00a0and make you feel more\u00a0comfortable OUALITY HIGH.ELASTISOFT FABRIC Adopt special compression\u00a0designs helps fits tightly\u00a0to your body 3 ADJUSTABLE HOOKSIN CROTCH Adjustable crotch design\u00a0with hooks is easy for\u00a0bathroom,easy to put\u00a0on and take off  Ingredients:\u00a0Polyester fiber (polyester) 50% (inclusive) -70% (exclusive)\" \/>\n<meta property=\"og:url\" content=\"https:\/\/www.okseamless.com\/de\/produkt\/body-shaper-slimming-tummy-control-tights-high-elastic-womens-seamless-waist-and-hip-lifting-sports-shapewear\/\" \/>\n<meta property=\"og:site_name\" content=\"Custom Seamless Shapewear and Yoga Wear Manufacturer in China\" \/>\n<meta property=\"article:publisher\" content=\"https:\/\/www.facebook.com\/share\/1TH24JnBgY\/?mibextid=wwXIfr\" \/>\n<meta property=\"article:modified_time\" content=\"2025-04-12T06:42:51+00:00\" \/>\n<meta property=\"og:image\" content=\"https:\/\/www.okseamless.com\/wp-content\/uploads\/2025\/04\/O1CN01sJGxps28oRBrtzVeX_2218375007979-0-cib-1.jpg_-1-1.jpg\" \/>\n\t<meta property=\"og:image:width\" content=\"1586\" \/>\n\t<meta property=\"og:image:height\" content=\"1920\" \/>\n\t<meta property=\"og:image:type\" content=\"image\/jpeg\" \/>\n<meta name=\"twitter:card\" content=\"summary_large_image\" \/>\n<meta name=\"twitter:label1\" content=\"Dur\u00e9e de lecture estim\u00e9e\" \/>\n\t<meta name=\"twitter:data1\" content=\"1 minute\" \/>\n<script type=\"application\/ld+json\" class=\"yoast-schema-graph\">{\"@context\":\"https:\\\/\\\/schema.org\",\"@graph\":[{\"@type\":\"WebPage\",\"@id\":\"https:\\\/\\\/www.okseamless.com\\\/de\\\/produkt\\\/body-shaper-slimming-tummy-control-tights-high-elastic-womens-seamless-waist-and-hip-lifting-sports-shapewear\\\/\",\"url\":\"https:\\\/\\\/www.okseamless.com\\\/de\\\/produkt\\\/body-shaper-slimming-tummy-control-tights-high-elastic-womens-seamless-waist-and-hip-lifting-sports-shapewear\\\/\",\"name\":\"Body shaper slimming tummy control tights high elastic women's seamless waist and hip lifting sports shapewear - Custom Seamless Shapewear and Yoga Wear Manufacturer in China\",\"isPartOf\":{\"@id\":\"https:\\\/\\\/www.okseamless.com\\\/pt\\\/#website\"},\"primaryImageOfPage\":{\"@id\":\"https:\\\/\\\/www.okseamless.com\\\/de\\\/produkt\\\/body-shaper-slimming-tummy-control-tights-high-elastic-womens-seamless-waist-and-hip-lifting-sports-shapewear\\\/#primaryimage\"},\"image\":{\"@id\":\"https:\\\/\\\/www.okseamless.com\\\/de\\\/produkt\\\/body-shaper-slimming-tummy-control-tights-high-elastic-womens-seamless-waist-and-hip-lifting-sports-shapewear\\\/#primaryimage\"},\"thumbnailUrl\":\"https:\\\/\\\/okseamless.com\\\/wp-content\\\/uploads\\\/2025\\\/04\\\/O1CN01sJGxps28oRBrtzVeX_2218375007979-0-cib-1.jpg_-1-1.jpg\",\"datePublished\":\"2025-04-08T02:11:44+00:00\",\"dateModified\":\"2025-04-12T06:42:51+00:00\",\"breadcrumb\":{\"@id\":\"https:\\\/\\\/www.okseamless.com\\\/de\\\/produkt\\\/body-shaper-slimming-tummy-control-tights-high-elastic-womens-seamless-waist-and-hip-lifting-sports-shapewear\\\/#breadcrumb\"},\"inLanguage\":\"fr-FR\",\"potentialAction\":[{\"@type\":\"ReadAction\",\"target\":[\"https:\\\/\\\/www.okseamless.com\\\/de\\\/produkt\\\/body-shaper-slimming-tummy-control-tights-high-elastic-womens-seamless-waist-and-hip-lifting-sports-shapewear\\\/\"]}]},{\"@type\":\"ImageObject\",\"inLanguage\":\"fr-FR\",\"@id\":\"https:\\\/\\\/www.okseamless.com\\\/de\\\/produkt\\\/body-shaper-slimming-tummy-control-tights-high-elastic-womens-seamless-waist-and-hip-lifting-sports-shapewear\\\/#primaryimage\",\"url\":\"https:\\\/\\\/okseamless.com\\\/wp-content\\\/uploads\\\/2025\\\/04\\\/O1CN01sJGxps28oRBrtzVeX_2218375007979-0-cib-1.jpg_-1-1.jpg\",\"contentUrl\":\"https:\\\/\\\/okseamless.com\\\/wp-content\\\/uploads\\\/2025\\\/04\\\/O1CN01sJGxps28oRBrtzVeX_2218375007979-0-cib-1.jpg_-1-1.jpg\",\"width\":1586,\"height\":1920},{\"@type\":\"BreadcrumbList\",\"@id\":\"https:\\\/\\\/www.okseamless.com\\\/de\\\/produkt\\\/body-shaper-slimming-tummy-control-tights-high-elastic-womens-seamless-waist-and-hip-lifting-sports-shapewear\\\/#breadcrumb\",\"itemListElement\":[{\"@type\":\"ListItem\",\"position\":1,\"name\":\"\u9996\u9875\",\"item\":\"https:\\\/\\\/okseamless.com\\\/\"},{\"@type\":\"ListItem\",\"position\":2,\"name\":\"Produtos\",\"item\":\"https:\\\/\\\/www.okseamless.com\\\/pt\\\/shop\\\/\"},{\"@type\":\"ListItem\",\"position\":3,\"name\":\"Body shaper slimming tummy control tights high elastic women&#8217;s seamless waist and hip lifting sports shapewear\"}]},{\"@type\":\"WebSite\",\"@id\":\"https:\\\/\\\/www.okseamless.com\\\/pt\\\/#website\",\"url\":\"https:\\\/\\\/www.okseamless.com\\\/pt\\\/\",\"name\":\"Custom Seamless Shapewear and Yoga Wear Manufacturer in China\",\"description\":\"\",\"publisher\":{\"@id\":\"https:\\\/\\\/www.okseamless.com\\\/pt\\\/#organization\"},\"potentialAction\":[{\"@type\":\"SearchAction\",\"target\":{\"@type\":\"EntryPoint\",\"urlTemplate\":\"https:\\\/\\\/www.okseamless.com\\\/pt\\\/?s={search_term_string}\"},\"query-input\":{\"@type\":\"PropertyValueSpecification\",\"valueRequired\":true,\"valueName\":\"search_term_string\"}}],\"inLanguage\":\"fr-FR\"},{\"@type\":\"Organization\",\"@id\":\"https:\\\/\\\/www.okseamless.com\\\/pt\\\/#organization\",\"name\":\"Custom Seamless Shapewear and Yoga Wear Manufacturer in China\",\"url\":\"https:\\\/\\\/www.okseamless.com\\\/pt\\\/\",\"logo\":{\"@type\":\"ImageObject\",\"inLanguage\":\"fr-FR\",\"@id\":\"https:\\\/\\\/www.okseamless.com\\\/pt\\\/#\\\/schema\\\/logo\\\/image\\\/\",\"url\":\"https:\\\/\\\/okseamless.com\\\/wp-content\\\/uploads\\\/2025\\\/03\\\/LOGO.png\",\"contentUrl\":\"https:\\\/\\\/okseamless.com\\\/wp-content\\\/uploads\\\/2025\\\/03\\\/LOGO.png\",\"width\":685,\"height\":218,\"caption\":\"Custom Seamless Shapewear and Yoga Wear Manufacturer in China\"},\"image\":{\"@id\":\"https:\\\/\\\/www.okseamless.com\\\/pt\\\/#\\\/schema\\\/logo\\\/image\\\/\"},\"sameAs\":[\"https:\\\/\\\/www.facebook.com\\\/share\\\/1TH24JnBgY\\\/?mibextid=wwXIfr\"]}]}<\/script>\n<!-- \/ Yoast SEO plugin. -->","yoast_head_json":{"title":"Body shaper slimming tummy control tights high elastic women's seamless waist and hip lifting sports shapewear - Custom Seamless Shapewear and Yoga Wear Manufacturer in China","robots":{"index":"index","follow":"follow","max-snippet":"max-snippet:-1","max-image-preview":"max-image-preview:large","max-video-preview":"max-video-preview:-1"},"canonical":"https:\/\/www.okseamless.com\/de\/produkt\/body-shaper-slimming-tummy-control-tights-high-elastic-womens-seamless-waist-and-hip-lifting-sports-shapewear\/","og_locale":"fr_FR","og_type":"article","og_title":"Body shaper slimming tummy control tights high elastic women's seamless waist and hip lifting sports shapewear - Custom Seamless Shapewear and Yoga Wear Manufacturer in China","og_description":"Model NO:CY029 COMFORTABLE BODY SHAPER   Push up breast,improve sagging breasts  Flatten abdomen,slim waist  Lift up the butt,add hip dimension  GOTOLY UPCRADE NEWBODYSUIT VS OTHER BRANDS   High compression,smooths belly and back fat  Instantly lift thebuttocks  No stretch, can'treduce belly fat  Butt sagging andloose butt  2 ADJUSTABLE\u00a0ELASTIC BANDS Reduce shoulder pressure\u00a0and make you feel more\u00a0comfortable OUALITY HIGH.ELASTISOFT FABRIC Adopt special compression\u00a0designs helps fits tightly\u00a0to your body 3 ADJUSTABLE HOOKSIN CROTCH Adjustable crotch design\u00a0with hooks is easy for\u00a0bathroom,easy to put\u00a0on and take off  Ingredients:\u00a0Polyester fiber (polyester) 50% (inclusive) -70% (exclusive)","og_url":"https:\/\/www.okseamless.com\/de\/produkt\/body-shaper-slimming-tummy-control-tights-high-elastic-womens-seamless-waist-and-hip-lifting-sports-shapewear\/","og_site_name":"Custom Seamless Shapewear and Yoga Wear Manufacturer in China","article_publisher":"https:\/\/www.facebook.com\/share\/1TH24JnBgY\/?mibextid=wwXIfr","article_modified_time":"2025-04-12T06:42:51+00:00","og_image":[{"width":1586,"height":1920,"url":"https:\/\/www.okseamless.com\/wp-content\/uploads\/2025\/04\/O1CN01sJGxps28oRBrtzVeX_2218375007979-0-cib-1.jpg_-1-1.jpg","type":"image\/jpeg"}],"twitter_card":"summary_large_image","twitter_misc":{"Dur\u00e9e de lecture estim\u00e9e":"1 minute"},"schema":{"@context":"https:\/\/schema.org","@graph":[{"@type":"WebPage","@id":"https:\/\/www.okseamless.com\/de\/produkt\/body-shaper-slimming-tummy-control-tights-high-elastic-womens-seamless-waist-and-hip-lifting-sports-shapewear\/","url":"https:\/\/www.okseamless.com\/de\/produkt\/body-shaper-slimming-tummy-control-tights-high-elastic-womens-seamless-waist-and-hip-lifting-sports-shapewear\/","name":"Body shaper slimming tummy control tights high elastic women's seamless waist and hip lifting sports shapewear - Custom Seamless Shapewear and Yoga Wear Manufacturer in China","isPartOf":{"@id":"https:\/\/www.okseamless.com\/pt\/#website"},"primaryImageOfPage":{"@id":"https:\/\/www.okseamless.com\/de\/produkt\/body-shaper-slimming-tummy-control-tights-high-elastic-womens-seamless-waist-and-hip-lifting-sports-shapewear\/#primaryimage"},"image":{"@id":"https:\/\/www.okseamless.com\/de\/produkt\/body-shaper-slimming-tummy-control-tights-high-elastic-womens-seamless-waist-and-hip-lifting-sports-shapewear\/#primaryimage"},"thumbnailUrl":"https:\/\/okseamless.com\/wp-content\/uploads\/2025\/04\/O1CN01sJGxps28oRBrtzVeX_2218375007979-0-cib-1.jpg_-1-1.jpg","datePublished":"2025-04-08T02:11:44+00:00","dateModified":"2025-04-12T06:42:51+00:00","breadcrumb":{"@id":"https:\/\/www.okseamless.com\/de\/produkt\/body-shaper-slimming-tummy-control-tights-high-elastic-womens-seamless-waist-and-hip-lifting-sports-shapewear\/#breadcrumb"},"inLanguage":"fr-FR","potentialAction":[{"@type":"ReadAction","target":["https:\/\/www.okseamless.com\/de\/produkt\/body-shaper-slimming-tummy-control-tights-high-elastic-womens-seamless-waist-and-hip-lifting-sports-shapewear\/"]}]},{"@type":"ImageObject","inLanguage":"fr-FR","@id":"https:\/\/www.okseamless.com\/de\/produkt\/body-shaper-slimming-tummy-control-tights-high-elastic-womens-seamless-waist-and-hip-lifting-sports-shapewear\/#primaryimage","url":"https:\/\/okseamless.com\/wp-content\/uploads\/2025\/04\/O1CN01sJGxps28oRBrtzVeX_2218375007979-0-cib-1.jpg_-1-1.jpg","contentUrl":"https:\/\/okseamless.com\/wp-content\/uploads\/2025\/04\/O1CN01sJGxps28oRBrtzVeX_2218375007979-0-cib-1.jpg_-1-1.jpg","width":1586,"height":1920},{"@type":"BreadcrumbList","@id":"https:\/\/www.okseamless.com\/de\/produkt\/body-shaper-slimming-tummy-control-tights-high-elastic-womens-seamless-waist-and-hip-lifting-sports-shapewear\/#breadcrumb","itemListElement":[{"@type":"ListItem","position":1,"name":"\u9996\u9875","item":"https:\/\/okseamless.com\/"},{"@type":"ListItem","position":2,"name":"Produtos","item":"https:\/\/www.okseamless.com\/pt\/shop\/"},{"@type":"ListItem","position":3,"name":"Body shaper slimming tummy control tights high elastic women&#8217;s seamless waist and hip lifting sports shapewear"}]},{"@type":"WebSite","@id":"https:\/\/www.okseamless.com\/pt\/#website","url":"https:\/\/www.okseamless.com\/pt\/","name":"Fabricant de v\u00eatements de forme sans couture et de v\u00eatements de yoga en Chine","description":"","publisher":{"@id":"https:\/\/www.okseamless.com\/pt\/#organization"},"potentialAction":[{"@type":"SearchAction","target":{"@type":"EntryPoint","urlTemplate":"https:\/\/www.okseamless.com\/pt\/?s={search_term_string}"},"query-input":{"@type":"PropertyValueSpecification","valueRequired":true,"valueName":"search_term_string"}}],"inLanguage":"fr-FR"},{"@type":"Organization","@id":"https:\/\/www.okseamless.com\/pt\/#organization","name":"Fabricant de v\u00eatements de forme sans couture et de v\u00eatements de yoga en Chine","url":"https:\/\/www.okseamless.com\/pt\/","logo":{"@type":"ImageObject","inLanguage":"fr-FR","@id":"https:\/\/www.okseamless.com\/pt\/#\/schema\/logo\/image\/","url":"https:\/\/okseamless.com\/wp-content\/uploads\/2025\/03\/LOGO.png","contentUrl":"https:\/\/okseamless.com\/wp-content\/uploads\/2025\/03\/LOGO.png","width":685,"height":218,"caption":"Custom Seamless Shapewear and Yoga Wear Manufacturer in China"},"image":{"@id":"https:\/\/www.okseamless.com\/pt\/#\/schema\/logo\/image\/"},"sameAs":["https:\/\/www.facebook.com\/share\/1TH24JnBgY\/?mibextid=wwXIfr"]}]}},"_links":{"self":[{"href":"https:\/\/okseamless.com\/fr\/wp-json\/wp\/v2\/product\/1589","targetHints":{"allow":["GET"]}}],"collection":[{"href":"https:\/\/okseamless.com\/fr\/wp-json\/wp\/v2\/product"}],"about":[{"href":"https:\/\/okseamless.com\/fr\/wp-json\/wp\/v2\/types\/product"}],"wp:featuredmedia":[{"embeddable":true,"href":"https:\/\/okseamless.com\/fr\/wp-json\/wp\/v2\/media\/3125"}],"wp:attachment":[{"href":"https:\/\/okseamless.com\/fr\/wp-json\/wp\/v2\/media?parent=1589"}],"wp:term":[{"taxonomy":"product_brand","embeddable":true,"href":"https:\/\/okseamless.com\/fr\/wp-json\/wp\/v2\/product_brand?post=1589"},{"taxonomy":"product_cat","embeddable":true,"href":"https:\/\/okseamless.com\/fr\/wp-json\/wp\/v2\/product_cat?post=1589"},{"taxonomy":"product_tag","embeddable":true,"href":"https:\/\/okseamless.com\/fr\/wp-json\/wp\/v2\/product_tag?post=1589"}],"curies":[{"name":"wp","href":"https:\/\/api.w.org\/{rel}","templated":true}]}}