{"id":1482,"date":"2025-04-08T02:11:44","date_gmt":"2025-04-08T02:11:44","guid":{"rendered":"https:\/\/okseamless.com\/?post_type=product&#038;p=1482"},"modified":"2025-04-11T02:26:30","modified_gmt":"2025-04-11T02:26:30","slug":"body-shaping-bodysuit-womens-seamless-trousers-tummy-tuck-thigh-butt-lift-body-shaping-body-shaping-bodysuit","status":"publish","type":"product","link":"https:\/\/okseamless.com\/fr\/produit\/body-shaping-bodysuit-womens-seamless-trousers-tummy-tuck-thigh-butt-lift-body-shaping-body-shaping-bodysuit\/","title":{"rendered":"Body de remise en forme pantalon sans couture femme ventre ventre cuisses fesses body de remise en forme body de remise en forme body de remise en forme"},"content":{"rendered":"","protected":false},"excerpt":{"rendered":"<p>Mod\u00e8le NO:CY026<\/p>\n<h5>Caract\u00e9ristiques<\/h5>\n<p><strong><b>- Conception unique : <\/b><\/strong>La bretelle \u00e0 une \u00e9paule combin\u00e9e \u00e0 un design d\u00e9coup\u00e9 lui conf\u00e8re un sens aigu de la mode. Diff\u00e9rent des styles conservateurs des v\u00eatements de forme traditionnels, il n'a pas l'air d\u00e9plac\u00e9 lorsqu'il est port\u00e9 pour des sports de plein air.<\/p>\n<p><strong><b>- Excellent effet de mise en forme : <\/b><\/strong>Gr\u00e2ce \u00e0 sa conception moulante, il peut s'adapter \u00e9troitement aux courbes du corps. Il a un certain effet modelant sur la taille, l'abdomen, les hanches et les jambes, ce qui contribue \u00e0 modifier les lignes du corps.<\/p>\n<p><strong><b>- Confortable \u00e0 porter : <\/b><\/strong>\u00c0 en juger par l'effet de port du mod\u00e8le, le tissu pr\u00e9sente une bonne \u00e9lasticit\u00e9, ce qui lui permet de s'adapter aux diff\u00e9rents mouvements du corps. En outre, le mat\u00e9riau semble l\u00e9ger et respirant, de sorte qu'il devrait \u00eatre assez confortable \u00e0 porter, convenant \u00e0 la fois \u00e0 la vie quotidienne et au sport.<\/p>\n<p><strong><b>Ingr\u00e9dients :<\/b><\/strong>\u00a0Fibre de polyester (polyester) 90% (inclus) - 95% (inclus)<\/p>","protected":false},"featured_media":1491,"template":"","meta":[],"product_brand":[],"product_cat":[37],"product_tag":[],"class_list":{"0":"post-1482","1":"product","2":"type-product","3":"status-publish","4":"has-post-thumbnail","6":"product_cat-womens-bodysuits","8":"first","9":"instock","10":"shipping-taxable","11":"product-type-simple"},"yoast_head":"<!-- This site is optimized with the Yoast SEO plugin v27.4 - https:\/\/yoast.com\/product\/yoast-seo-wordpress\/ -->\n<title>Body shaping bodysuit women&#039;s seamless trousers tummy tuck thigh butt lift body shaping body shaping bodysuit - Custom Seamless Shapewear and Yoga Wear Manufacturer in China<\/title>\n<meta name=\"robots\" content=\"index, follow, max-snippet:-1, max-image-preview:large, max-video-preview:-1\" \/>\n<link rel=\"canonical\" href=\"https:\/\/okseamless.com\/fr\/produit\/body-shaping-bodysuit-womens-seamless-trousers-tummy-tuck-thigh-butt-lift-body-shaping-body-shaping-bodysuit\/\" \/>\n<meta property=\"og:locale\" content=\"fr_FR\" \/>\n<meta property=\"og:type\" content=\"article\" \/>\n<meta property=\"og:title\" content=\"Body shaping bodysuit women&#039;s seamless trousers tummy tuck thigh butt lift body shaping body shaping bodysuit - Custom Seamless Shapewear and Yoga Wear Manufacturer in China\" \/>\n<meta property=\"og:description\" content=\"Model NO:CY026 Features - Unique design: The one - shoulder strap combined with a cut - out design gives it a strong sense of fashion. Different from the conservative styles of traditional shapewear, it doesn&#039;t look out of place when worn for outdoor sports.  - Excellent shaping effect: With an overall tight - fitting design, it can closely conform to the body curves. It has a certain shaping effect on the waist, abdomen, hips and legs, helping to modify the body lines.  - Comfortable to wear: Judging from the model&#039;s wearing effect, the fabric has good elasticity, allowing it to adapt to various body movements. Moreover, the material appears to be lightweight and breathable, so it should be quite comfortable to wear, suitable for both daily wear and sports.  Ingredients:\u00a0Polyester fiber (polyester) 90% (inclusive) - 95% (exclusive)\" \/>\n<meta property=\"og:url\" content=\"https:\/\/okseamless.com\/fr\/produit\/body-shaping-bodysuit-womens-seamless-trousers-tummy-tuck-thigh-butt-lift-body-shaping-body-shaping-bodysuit\/\" \/>\n<meta property=\"og:site_name\" content=\"Custom Seamless Shapewear and Yoga Wear Manufacturer in China\" \/>\n<meta property=\"article:publisher\" content=\"https:\/\/www.facebook.com\/share\/1TH24JnBgY\/?mibextid=wwXIfr\" \/>\n<meta property=\"article:modified_time\" content=\"2025-04-11T02:26:30+00:00\" \/>\n<meta property=\"og:image\" content=\"https:\/\/okseamless.com\/wp-content\/uploads\/2025\/04\/O1CN01uW8NJV28oRBpSVh6d_2218375007979-0-cib.jpg_.jpg\" \/>\n\t<meta property=\"og:image:width\" content=\"800\" \/>\n\t<meta property=\"og:image:height\" content=\"800\" \/>\n\t<meta property=\"og:image:type\" content=\"image\/jpeg\" \/>\n<meta name=\"twitter:card\" content=\"summary_large_image\" \/>\n<meta name=\"twitter:label1\" content=\"Dur\u00e9e de lecture estim\u00e9e\" \/>\n\t<meta name=\"twitter:data1\" content=\"1 minute\" \/>\n<script type=\"application\/ld+json\" class=\"yoast-schema-graph\">{\"@context\":\"https:\\\/\\\/schema.org\",\"@graph\":[{\"@type\":\"WebPage\",\"@id\":\"https:\\\/\\\/okseamless.com\\\/product\\\/body-shaping-bodysuit-womens-seamless-trousers-tummy-tuck-thigh-butt-lift-body-shaping-body-shaping-bodysuit\\\/\",\"url\":\"https:\\\/\\\/okseamless.com\\\/product\\\/body-shaping-bodysuit-womens-seamless-trousers-tummy-tuck-thigh-butt-lift-body-shaping-body-shaping-bodysuit\\\/\",\"name\":\"Body shaping bodysuit women's seamless trousers tummy tuck thigh butt lift body shaping body shaping bodysuit - Custom Seamless Shapewear and Yoga Wear Manufacturer in China\",\"isPartOf\":{\"@id\":\"https:\\\/\\\/www.okseamless.com\\\/pt\\\/#website\"},\"primaryImageOfPage\":{\"@id\":\"https:\\\/\\\/okseamless.com\\\/product\\\/body-shaping-bodysuit-womens-seamless-trousers-tummy-tuck-thigh-butt-lift-body-shaping-body-shaping-bodysuit\\\/#primaryimage\"},\"image\":{\"@id\":\"https:\\\/\\\/okseamless.com\\\/product\\\/body-shaping-bodysuit-womens-seamless-trousers-tummy-tuck-thigh-butt-lift-body-shaping-body-shaping-bodysuit\\\/#primaryimage\"},\"thumbnailUrl\":\"https:\\\/\\\/okseamless.com\\\/wp-content\\\/uploads\\\/2025\\\/04\\\/O1CN01uW8NJV28oRBpSVh6d_2218375007979-0-cib.jpg_.jpg\",\"datePublished\":\"2025-04-08T02:11:44+00:00\",\"dateModified\":\"2025-04-11T02:26:30+00:00\",\"breadcrumb\":{\"@id\":\"https:\\\/\\\/okseamless.com\\\/product\\\/body-shaping-bodysuit-womens-seamless-trousers-tummy-tuck-thigh-butt-lift-body-shaping-body-shaping-bodysuit\\\/#breadcrumb\"},\"inLanguage\":\"fr-FR\",\"potentialAction\":[{\"@type\":\"ReadAction\",\"target\":[\"https:\\\/\\\/okseamless.com\\\/product\\\/body-shaping-bodysuit-womens-seamless-trousers-tummy-tuck-thigh-butt-lift-body-shaping-body-shaping-bodysuit\\\/\"]}]},{\"@type\":\"ImageObject\",\"inLanguage\":\"fr-FR\",\"@id\":\"https:\\\/\\\/okseamless.com\\\/product\\\/body-shaping-bodysuit-womens-seamless-trousers-tummy-tuck-thigh-butt-lift-body-shaping-body-shaping-bodysuit\\\/#primaryimage\",\"url\":\"https:\\\/\\\/okseamless.com\\\/wp-content\\\/uploads\\\/2025\\\/04\\\/O1CN01uW8NJV28oRBpSVh6d_2218375007979-0-cib.jpg_.jpg\",\"contentUrl\":\"https:\\\/\\\/okseamless.com\\\/wp-content\\\/uploads\\\/2025\\\/04\\\/O1CN01uW8NJV28oRBpSVh6d_2218375007979-0-cib.jpg_.jpg\",\"width\":800,\"height\":800},{\"@type\":\"BreadcrumbList\",\"@id\":\"https:\\\/\\\/okseamless.com\\\/product\\\/body-shaping-bodysuit-womens-seamless-trousers-tummy-tuck-thigh-butt-lift-body-shaping-body-shaping-bodysuit\\\/#breadcrumb\",\"itemListElement\":[{\"@type\":\"ListItem\",\"position\":1,\"name\":\"\u9996\u9875\",\"item\":\"https:\\\/\\\/okseamless.com\\\/\"},{\"@type\":\"ListItem\",\"position\":2,\"name\":\"Produtos\",\"item\":\"https:\\\/\\\/www.okseamless.com\\\/pt\\\/shop\\\/\"},{\"@type\":\"ListItem\",\"position\":3,\"name\":\"Body shaping bodysuit women&#8217;s seamless trousers tummy tuck thigh butt lift body shaping body shaping bodysuit\"}]},{\"@type\":\"WebSite\",\"@id\":\"https:\\\/\\\/www.okseamless.com\\\/pt\\\/#website\",\"url\":\"https:\\\/\\\/www.okseamless.com\\\/pt\\\/\",\"name\":\"Custom Seamless Shapewear and Yoga Wear Manufacturer in China\",\"description\":\"\",\"publisher\":{\"@id\":\"https:\\\/\\\/www.okseamless.com\\\/pt\\\/#organization\"},\"potentialAction\":[{\"@type\":\"SearchAction\",\"target\":{\"@type\":\"EntryPoint\",\"urlTemplate\":\"https:\\\/\\\/www.okseamless.com\\\/pt\\\/?s={search_term_string}\"},\"query-input\":{\"@type\":\"PropertyValueSpecification\",\"valueRequired\":true,\"valueName\":\"search_term_string\"}}],\"inLanguage\":\"fr-FR\"},{\"@type\":\"Organization\",\"@id\":\"https:\\\/\\\/www.okseamless.com\\\/pt\\\/#organization\",\"name\":\"Custom Seamless Shapewear and Yoga Wear Manufacturer in China\",\"url\":\"https:\\\/\\\/www.okseamless.com\\\/pt\\\/\",\"logo\":{\"@type\":\"ImageObject\",\"inLanguage\":\"fr-FR\",\"@id\":\"https:\\\/\\\/www.okseamless.com\\\/pt\\\/#\\\/schema\\\/logo\\\/image\\\/\",\"url\":\"https:\\\/\\\/okseamless.com\\\/wp-content\\\/uploads\\\/2025\\\/03\\\/LOGO.png\",\"contentUrl\":\"https:\\\/\\\/okseamless.com\\\/wp-content\\\/uploads\\\/2025\\\/03\\\/LOGO.png\",\"width\":685,\"height\":218,\"caption\":\"Custom Seamless Shapewear and Yoga Wear Manufacturer in China\"},\"image\":{\"@id\":\"https:\\\/\\\/www.okseamless.com\\\/pt\\\/#\\\/schema\\\/logo\\\/image\\\/\"},\"sameAs\":[\"https:\\\/\\\/www.facebook.com\\\/share\\\/1TH24JnBgY\\\/?mibextid=wwXIfr\"]}]}<\/script>\n<!-- \/ Yoast SEO plugin. -->","yoast_head_json":{"title":"Body shaping bodysuit women's seamless trousers tummy tuck thigh butt lift body shaping body shaping bodysuit - Custom Seamless Shapewear and Yoga Wear Manufacturer in China","robots":{"index":"index","follow":"follow","max-snippet":"max-snippet:-1","max-image-preview":"max-image-preview:large","max-video-preview":"max-video-preview:-1"},"canonical":"https:\/\/okseamless.com\/fr\/produit\/body-shaping-bodysuit-womens-seamless-trousers-tummy-tuck-thigh-butt-lift-body-shaping-body-shaping-bodysuit\/","og_locale":"fr_FR","og_type":"article","og_title":"Body shaping bodysuit women's seamless trousers tummy tuck thigh butt lift body shaping body shaping bodysuit - Custom Seamless Shapewear and Yoga Wear Manufacturer in China","og_description":"Model NO:CY026 Features - Unique design: The one - shoulder strap combined with a cut - out design gives it a strong sense of fashion. Different from the conservative styles of traditional shapewear, it doesn't look out of place when worn for outdoor sports.  - Excellent shaping effect: With an overall tight - fitting design, it can closely conform to the body curves. It has a certain shaping effect on the waist, abdomen, hips and legs, helping to modify the body lines.  - Comfortable to wear: Judging from the model's wearing effect, the fabric has good elasticity, allowing it to adapt to various body movements. Moreover, the material appears to be lightweight and breathable, so it should be quite comfortable to wear, suitable for both daily wear and sports.  Ingredients:\u00a0Polyester fiber (polyester) 90% (inclusive) - 95% (exclusive)","og_url":"https:\/\/okseamless.com\/fr\/produit\/body-shaping-bodysuit-womens-seamless-trousers-tummy-tuck-thigh-butt-lift-body-shaping-body-shaping-bodysuit\/","og_site_name":"Custom Seamless Shapewear and Yoga Wear Manufacturer in China","article_publisher":"https:\/\/www.facebook.com\/share\/1TH24JnBgY\/?mibextid=wwXIfr","article_modified_time":"2025-04-11T02:26:30+00:00","og_image":[{"width":800,"height":800,"url":"https:\/\/okseamless.com\/wp-content\/uploads\/2025\/04\/O1CN01uW8NJV28oRBpSVh6d_2218375007979-0-cib.jpg_.jpg","type":"image\/jpeg"}],"twitter_card":"summary_large_image","twitter_misc":{"Dur\u00e9e de lecture estim\u00e9e":"1 minute"},"schema":{"@context":"https:\/\/schema.org","@graph":[{"@type":"WebPage","@id":"https:\/\/okseamless.com\/product\/body-shaping-bodysuit-womens-seamless-trousers-tummy-tuck-thigh-butt-lift-body-shaping-body-shaping-bodysuit\/","url":"https:\/\/okseamless.com\/product\/body-shaping-bodysuit-womens-seamless-trousers-tummy-tuck-thigh-butt-lift-body-shaping-body-shaping-bodysuit\/","name":"Body shaping bodysuit women's seamless trousers tummy tuck thigh butt lift body shaping body shaping bodysuit - Custom Seamless Shapewear and Yoga Wear Manufacturer in China","isPartOf":{"@id":"https:\/\/www.okseamless.com\/pt\/#website"},"primaryImageOfPage":{"@id":"https:\/\/okseamless.com\/product\/body-shaping-bodysuit-womens-seamless-trousers-tummy-tuck-thigh-butt-lift-body-shaping-body-shaping-bodysuit\/#primaryimage"},"image":{"@id":"https:\/\/okseamless.com\/product\/body-shaping-bodysuit-womens-seamless-trousers-tummy-tuck-thigh-butt-lift-body-shaping-body-shaping-bodysuit\/#primaryimage"},"thumbnailUrl":"https:\/\/okseamless.com\/wp-content\/uploads\/2025\/04\/O1CN01uW8NJV28oRBpSVh6d_2218375007979-0-cib.jpg_.jpg","datePublished":"2025-04-08T02:11:44+00:00","dateModified":"2025-04-11T02:26:30+00:00","breadcrumb":{"@id":"https:\/\/okseamless.com\/product\/body-shaping-bodysuit-womens-seamless-trousers-tummy-tuck-thigh-butt-lift-body-shaping-body-shaping-bodysuit\/#breadcrumb"},"inLanguage":"fr-FR","potentialAction":[{"@type":"ReadAction","target":["https:\/\/okseamless.com\/product\/body-shaping-bodysuit-womens-seamless-trousers-tummy-tuck-thigh-butt-lift-body-shaping-body-shaping-bodysuit\/"]}]},{"@type":"ImageObject","inLanguage":"fr-FR","@id":"https:\/\/okseamless.com\/product\/body-shaping-bodysuit-womens-seamless-trousers-tummy-tuck-thigh-butt-lift-body-shaping-body-shaping-bodysuit\/#primaryimage","url":"https:\/\/okseamless.com\/wp-content\/uploads\/2025\/04\/O1CN01uW8NJV28oRBpSVh6d_2218375007979-0-cib.jpg_.jpg","contentUrl":"https:\/\/okseamless.com\/wp-content\/uploads\/2025\/04\/O1CN01uW8NJV28oRBpSVh6d_2218375007979-0-cib.jpg_.jpg","width":800,"height":800},{"@type":"BreadcrumbList","@id":"https:\/\/okseamless.com\/product\/body-shaping-bodysuit-womens-seamless-trousers-tummy-tuck-thigh-butt-lift-body-shaping-body-shaping-bodysuit\/#breadcrumb","itemListElement":[{"@type":"ListItem","position":1,"name":"\u9996\u9875","item":"https:\/\/okseamless.com\/"},{"@type":"ListItem","position":2,"name":"Produtos","item":"https:\/\/www.okseamless.com\/pt\/shop\/"},{"@type":"ListItem","position":3,"name":"Body shaping bodysuit women&#8217;s seamless trousers tummy tuck thigh butt lift body shaping body shaping bodysuit"}]},{"@type":"WebSite","@id":"https:\/\/www.okseamless.com\/pt\/#website","url":"https:\/\/www.okseamless.com\/pt\/","name":"Fabricant de v\u00eatements de forme sans couture et de v\u00eatements de yoga en Chine","description":"","publisher":{"@id":"https:\/\/www.okseamless.com\/pt\/#organization"},"potentialAction":[{"@type":"SearchAction","target":{"@type":"EntryPoint","urlTemplate":"https:\/\/www.okseamless.com\/pt\/?s={search_term_string}"},"query-input":{"@type":"PropertyValueSpecification","valueRequired":true,"valueName":"search_term_string"}}],"inLanguage":"fr-FR"},{"@type":"Organization","@id":"https:\/\/www.okseamless.com\/pt\/#organization","name":"Fabricant de v\u00eatements de forme sans couture et de v\u00eatements de yoga en Chine","url":"https:\/\/www.okseamless.com\/pt\/","logo":{"@type":"ImageObject","inLanguage":"fr-FR","@id":"https:\/\/www.okseamless.com\/pt\/#\/schema\/logo\/image\/","url":"https:\/\/okseamless.com\/wp-content\/uploads\/2025\/03\/LOGO.png","contentUrl":"https:\/\/okseamless.com\/wp-content\/uploads\/2025\/03\/LOGO.png","width":685,"height":218,"caption":"Custom Seamless Shapewear and Yoga Wear Manufacturer in China"},"image":{"@id":"https:\/\/www.okseamless.com\/pt\/#\/schema\/logo\/image\/"},"sameAs":["https:\/\/www.facebook.com\/share\/1TH24JnBgY\/?mibextid=wwXIfr"]}]}},"_links":{"self":[{"href":"https:\/\/okseamless.com\/fr\/wp-json\/wp\/v2\/product\/1482","targetHints":{"allow":["GET"]}}],"collection":[{"href":"https:\/\/okseamless.com\/fr\/wp-json\/wp\/v2\/product"}],"about":[{"href":"https:\/\/okseamless.com\/fr\/wp-json\/wp\/v2\/types\/product"}],"wp:featuredmedia":[{"embeddable":true,"href":"https:\/\/okseamless.com\/fr\/wp-json\/wp\/v2\/media\/1491"}],"wp:attachment":[{"href":"https:\/\/okseamless.com\/fr\/wp-json\/wp\/v2\/media?parent=1482"}],"wp:term":[{"taxonomy":"product_brand","embeddable":true,"href":"https:\/\/okseamless.com\/fr\/wp-json\/wp\/v2\/product_brand?post=1482"},{"taxonomy":"product_cat","embeddable":true,"href":"https:\/\/okseamless.com\/fr\/wp-json\/wp\/v2\/product_cat?post=1482"},{"taxonomy":"product_tag","embeddable":true,"href":"https:\/\/okseamless.com\/fr\/wp-json\/wp\/v2\/product_tag?post=1482"}],"curies":[{"name":"wp","href":"https:\/\/api.w.org\/{rel}","templated":true}]}}