{"id":1424,"date":"2025-04-08T02:10:50","date_gmt":"2025-04-08T02:10:50","guid":{"rendered":"https:\/\/okseamless.com\/?post_type=product&#038;p=1424"},"modified":"2025-04-18T07:32:29","modified_gmt":"2025-04-18T07:32:29","slug":"slimming-belt-for-waist-and-abdomen-exercise-yoga-fitness-figure-enhancing-high-end-slimming-belt","status":"publish","type":"product","link":"https:\/\/okseamless.com\/fr\/produit\/slimming-belt-for-waist-and-abdomen-exercise-yoga-fitness-figure-enhancing-high-end-slimming-belt\/","title":{"rendered":"Chalecos Corrector De Postura Women Tummy Control Body Shaper Vest for Spinal Shoulder and Upper Posture Corrector"},"content":{"rendered":"","protected":false},"excerpt":{"rendered":"<p>Mod\u00e8le n\u00b0:CY020<\/p>\n<p><strong><b>Fonctionnalit\u00e9 :<\/b><\/strong><\/p>\n<ul>\n<li>Os d'acier et non<\/li>\n<li>S\u00e9curit\u00e9 des fermetures \u00e0 glissi\u00e8re et des crochets<\/li>\n<li>Bretelles larges et confortables de la dorsale<\/li>\n<li>Dos en double maille Tissu respirant<\/li>\n<\/ul>\n<p><strong><b>RELIEVE<\/b><\/strong><\/p>\n<ul>\n<li>Mal de dos<\/li>\n<li>Douleur \u00e0 la taille<\/li>\n<li>Douleur vert\u00e9brale<\/li>\n<li>Douleurs au niveau du cou et des \u00e9paules<\/li>\n<\/ul>\n<p><strong><b>Entra\u00eeneur de posture multifonctionnel<\/b><\/strong><strong><b>\u00a0<\/b><\/strong><strong><b>V\u00eatements de forme<\/b><\/strong><\/p>\n<ul>\n<li>Aplatir le ventre flasque<\/li>\n<li>IShape sablier<\/li>\n<li>Am\u00e9liorer la posture du dos<\/li>\n<li>R\u00e9duire le tour de taille<\/li>\n<\/ul>\n<p><strong><b>Ingr\u00e9dients : <\/b><\/strong>Nylon 95% (inclus) - 100% (inclus)<\/p>\n<p>&nbsp;<\/p>","protected":false},"featured_media":4555,"template":"","meta":[],"product_brand":[],"product_cat":[35],"product_tag":[],"class_list":{"0":"post-1424","1":"product","2":"type-product","3":"status-publish","4":"has-post-thumbnail","6":"product_cat-womens-tops","8":"first","9":"instock","10":"shipping-taxable","11":"product-type-simple"},"yoast_head":"<!-- This site is optimized with the Yoast SEO plugin v27.4 - https:\/\/yoast.com\/product\/yoast-seo-wordpress\/ -->\n<title>Chalecos Corrector De Postura Women Tummy Control Body Shaper Vest for Spinal Shoulder and Upper Posture Corrector - Custom Seamless Shapewear and Yoga Wear Manufacturer in China<\/title>\n<meta name=\"robots\" content=\"index, follow, max-snippet:-1, max-image-preview:large, max-video-preview:-1\" \/>\n<link rel=\"canonical\" href=\"https:\/\/okseamless.com\/fr\/produit\/slimming-belt-for-waist-and-abdomen-exercise-yoga-fitness-figure-enhancing-high-end-slimming-belt\/\" \/>\n<meta property=\"og:locale\" content=\"fr_FR\" \/>\n<meta property=\"og:type\" content=\"article\" \/>\n<meta property=\"og:title\" content=\"Chalecos Corrector De Postura Women Tummy Control Body Shaper Vest for Spinal Shoulder and Upper Posture Corrector - Custom Seamless Shapewear and Yoga Wear Manufacturer in China\" \/>\n<meta property=\"og:description\" content=\"Model No:CY020  Feature:   Steel Bones &amp; No  Zipper &amp; Hook Security  Wide Comfortable BackBrace Straps  Back Double MeshBreathable Fabric  RELIEVE   Back pain  Waist pain  Spinal pain  Neck and shoulder pain  Multifunctional Posture Trainer\u00a0Shapewear   Flatten flabby tummy  IShape hourglass shape  Improve back posture  Reduce extral waistline  Ingredients: Nylon 95% (inclusive) - 100% (exclusive)  &nbsp;\" \/>\n<meta property=\"og:url\" content=\"https:\/\/okseamless.com\/fr\/produit\/slimming-belt-for-waist-and-abdomen-exercise-yoga-fitness-figure-enhancing-high-end-slimming-belt\/\" \/>\n<meta property=\"og:site_name\" content=\"Custom Seamless Shapewear and Yoga Wear Manufacturer in China\" \/>\n<meta property=\"article:publisher\" content=\"https:\/\/www.facebook.com\/share\/1TH24JnBgY\/?mibextid=wwXIfr\" \/>\n<meta property=\"article:modified_time\" content=\"2025-04-18T07:32:29+00:00\" \/>\n<meta property=\"og:image\" content=\"https:\/\/okseamless.com\/wp-content\/uploads\/2025\/04\/O1CN01BVgGB928oRBpHbieB_2218375007979-0-cib-1.jpg_-1.jpg\" \/>\n\t<meta property=\"og:image:width\" content=\"1000\" \/>\n\t<meta property=\"og:image:height\" content=\"1000\" \/>\n\t<meta property=\"og:image:type\" content=\"image\/jpeg\" \/>\n<meta name=\"twitter:card\" content=\"summary_large_image\" \/>\n<meta name=\"twitter:label1\" content=\"Dur\u00e9e de lecture estim\u00e9e\" \/>\n\t<meta name=\"twitter:data1\" content=\"1 minute\" \/>\n<script type=\"application\/ld+json\" class=\"yoast-schema-graph\">{\"@context\":\"https:\\\/\\\/schema.org\",\"@graph\":[{\"@type\":\"WebPage\",\"@id\":\"https:\\\/\\\/okseamless.com\\\/product\\\/slimming-belt-for-waist-and-abdomen-exercise-yoga-fitness-figure-enhancing-high-end-slimming-belt\\\/\",\"url\":\"https:\\\/\\\/okseamless.com\\\/product\\\/slimming-belt-for-waist-and-abdomen-exercise-yoga-fitness-figure-enhancing-high-end-slimming-belt\\\/\",\"name\":\"Chalecos Corrector De Postura Women Tummy Control Body Shaper Vest for Spinal Shoulder and Upper Posture Corrector - Custom Seamless Shapewear and Yoga Wear Manufacturer in China\",\"isPartOf\":{\"@id\":\"https:\\\/\\\/www.okseamless.com\\\/pt\\\/#website\"},\"primaryImageOfPage\":{\"@id\":\"https:\\\/\\\/okseamless.com\\\/product\\\/slimming-belt-for-waist-and-abdomen-exercise-yoga-fitness-figure-enhancing-high-end-slimming-belt\\\/#primaryimage\"},\"image\":{\"@id\":\"https:\\\/\\\/okseamless.com\\\/product\\\/slimming-belt-for-waist-and-abdomen-exercise-yoga-fitness-figure-enhancing-high-end-slimming-belt\\\/#primaryimage\"},\"thumbnailUrl\":\"https:\\\/\\\/okseamless.com\\\/wp-content\\\/uploads\\\/2025\\\/04\\\/O1CN01BVgGB928oRBpHbieB_2218375007979-0-cib-1.jpg_-1.jpg\",\"datePublished\":\"2025-04-08T02:10:50+00:00\",\"dateModified\":\"2025-04-18T07:32:29+00:00\",\"breadcrumb\":{\"@id\":\"https:\\\/\\\/okseamless.com\\\/product\\\/slimming-belt-for-waist-and-abdomen-exercise-yoga-fitness-figure-enhancing-high-end-slimming-belt\\\/#breadcrumb\"},\"inLanguage\":\"fr-FR\",\"potentialAction\":[{\"@type\":\"ReadAction\",\"target\":[\"https:\\\/\\\/okseamless.com\\\/product\\\/slimming-belt-for-waist-and-abdomen-exercise-yoga-fitness-figure-enhancing-high-end-slimming-belt\\\/\"]}]},{\"@type\":\"ImageObject\",\"inLanguage\":\"fr-FR\",\"@id\":\"https:\\\/\\\/okseamless.com\\\/product\\\/slimming-belt-for-waist-and-abdomen-exercise-yoga-fitness-figure-enhancing-high-end-slimming-belt\\\/#primaryimage\",\"url\":\"https:\\\/\\\/okseamless.com\\\/wp-content\\\/uploads\\\/2025\\\/04\\\/O1CN01BVgGB928oRBpHbieB_2218375007979-0-cib-1.jpg_-1.jpg\",\"contentUrl\":\"https:\\\/\\\/okseamless.com\\\/wp-content\\\/uploads\\\/2025\\\/04\\\/O1CN01BVgGB928oRBpHbieB_2218375007979-0-cib-1.jpg_-1.jpg\",\"width\":1000,\"height\":1000},{\"@type\":\"BreadcrumbList\",\"@id\":\"https:\\\/\\\/okseamless.com\\\/product\\\/slimming-belt-for-waist-and-abdomen-exercise-yoga-fitness-figure-enhancing-high-end-slimming-belt\\\/#breadcrumb\",\"itemListElement\":[{\"@type\":\"ListItem\",\"position\":1,\"name\":\"\u9996\u9875\",\"item\":\"https:\\\/\\\/okseamless.com\\\/\"},{\"@type\":\"ListItem\",\"position\":2,\"name\":\"Produtos\",\"item\":\"https:\\\/\\\/www.okseamless.com\\\/pt\\\/shop\\\/\"},{\"@type\":\"ListItem\",\"position\":3,\"name\":\"Chalecos Corrector De Postura Women Tummy Control Body Shaper Vest for Spinal Shoulder and Upper Posture Corrector\"}]},{\"@type\":\"WebSite\",\"@id\":\"https:\\\/\\\/www.okseamless.com\\\/pt\\\/#website\",\"url\":\"https:\\\/\\\/www.okseamless.com\\\/pt\\\/\",\"name\":\"Custom Seamless Shapewear and Yoga Wear Manufacturer in China\",\"description\":\"\",\"publisher\":{\"@id\":\"https:\\\/\\\/www.okseamless.com\\\/pt\\\/#organization\"},\"potentialAction\":[{\"@type\":\"SearchAction\",\"target\":{\"@type\":\"EntryPoint\",\"urlTemplate\":\"https:\\\/\\\/www.okseamless.com\\\/pt\\\/?s={search_term_string}\"},\"query-input\":{\"@type\":\"PropertyValueSpecification\",\"valueRequired\":true,\"valueName\":\"search_term_string\"}}],\"inLanguage\":\"fr-FR\"},{\"@type\":\"Organization\",\"@id\":\"https:\\\/\\\/www.okseamless.com\\\/pt\\\/#organization\",\"name\":\"Custom Seamless Shapewear and Yoga Wear Manufacturer in China\",\"url\":\"https:\\\/\\\/www.okseamless.com\\\/pt\\\/\",\"logo\":{\"@type\":\"ImageObject\",\"inLanguage\":\"fr-FR\",\"@id\":\"https:\\\/\\\/www.okseamless.com\\\/pt\\\/#\\\/schema\\\/logo\\\/image\\\/\",\"url\":\"https:\\\/\\\/okseamless.com\\\/wp-content\\\/uploads\\\/2025\\\/03\\\/LOGO.png\",\"contentUrl\":\"https:\\\/\\\/okseamless.com\\\/wp-content\\\/uploads\\\/2025\\\/03\\\/LOGO.png\",\"width\":685,\"height\":218,\"caption\":\"Custom Seamless Shapewear and Yoga Wear Manufacturer in China\"},\"image\":{\"@id\":\"https:\\\/\\\/www.okseamless.com\\\/pt\\\/#\\\/schema\\\/logo\\\/image\\\/\"},\"sameAs\":[\"https:\\\/\\\/www.facebook.com\\\/share\\\/1TH24JnBgY\\\/?mibextid=wwXIfr\"]}]}<\/script>\n<!-- \/ Yoast SEO plugin. -->","yoast_head_json":{"title":"Chalecos Corrector De Postura Women Tummy Control Body Shaper Vest for Spinal Shoulder and Upper Posture Corrector - Custom Seamless Shapewear and Yoga Wear Manufacturer in China","robots":{"index":"index","follow":"follow","max-snippet":"max-snippet:-1","max-image-preview":"max-image-preview:large","max-video-preview":"max-video-preview:-1"},"canonical":"https:\/\/okseamless.com\/fr\/produit\/slimming-belt-for-waist-and-abdomen-exercise-yoga-fitness-figure-enhancing-high-end-slimming-belt\/","og_locale":"fr_FR","og_type":"article","og_title":"Chalecos Corrector De Postura Women Tummy Control Body Shaper Vest for Spinal Shoulder and Upper Posture Corrector - Custom Seamless Shapewear and Yoga Wear Manufacturer in China","og_description":"Model No:CY020  Feature:   Steel Bones &amp; No  Zipper &amp; Hook Security  Wide Comfortable BackBrace Straps  Back Double MeshBreathable Fabric  RELIEVE   Back pain  Waist pain  Spinal pain  Neck and shoulder pain  Multifunctional Posture Trainer\u00a0Shapewear   Flatten flabby tummy  IShape hourglass shape  Improve back posture  Reduce extral waistline  Ingredients: Nylon 95% (inclusive) - 100% (exclusive)  &nbsp;","og_url":"https:\/\/okseamless.com\/fr\/produit\/slimming-belt-for-waist-and-abdomen-exercise-yoga-fitness-figure-enhancing-high-end-slimming-belt\/","og_site_name":"Custom Seamless Shapewear and Yoga Wear Manufacturer in China","article_publisher":"https:\/\/www.facebook.com\/share\/1TH24JnBgY\/?mibextid=wwXIfr","article_modified_time":"2025-04-18T07:32:29+00:00","og_image":[{"width":1000,"height":1000,"url":"https:\/\/okseamless.com\/wp-content\/uploads\/2025\/04\/O1CN01BVgGB928oRBpHbieB_2218375007979-0-cib-1.jpg_-1.jpg","type":"image\/jpeg"}],"twitter_card":"summary_large_image","twitter_misc":{"Dur\u00e9e de lecture estim\u00e9e":"1 minute"},"schema":{"@context":"https:\/\/schema.org","@graph":[{"@type":"WebPage","@id":"https:\/\/okseamless.com\/product\/slimming-belt-for-waist-and-abdomen-exercise-yoga-fitness-figure-enhancing-high-end-slimming-belt\/","url":"https:\/\/okseamless.com\/product\/slimming-belt-for-waist-and-abdomen-exercise-yoga-fitness-figure-enhancing-high-end-slimming-belt\/","name":"Chalecos Corrector De Postura Women Tummy Control Body Shaper Vest for Spinal Shoulder and Upper Posture Corrector - Custom Seamless Shapewear and Yoga Wear Manufacturer in China","isPartOf":{"@id":"https:\/\/www.okseamless.com\/pt\/#website"},"primaryImageOfPage":{"@id":"https:\/\/okseamless.com\/product\/slimming-belt-for-waist-and-abdomen-exercise-yoga-fitness-figure-enhancing-high-end-slimming-belt\/#primaryimage"},"image":{"@id":"https:\/\/okseamless.com\/product\/slimming-belt-for-waist-and-abdomen-exercise-yoga-fitness-figure-enhancing-high-end-slimming-belt\/#primaryimage"},"thumbnailUrl":"https:\/\/okseamless.com\/wp-content\/uploads\/2025\/04\/O1CN01BVgGB928oRBpHbieB_2218375007979-0-cib-1.jpg_-1.jpg","datePublished":"2025-04-08T02:10:50+00:00","dateModified":"2025-04-18T07:32:29+00:00","breadcrumb":{"@id":"https:\/\/okseamless.com\/product\/slimming-belt-for-waist-and-abdomen-exercise-yoga-fitness-figure-enhancing-high-end-slimming-belt\/#breadcrumb"},"inLanguage":"fr-FR","potentialAction":[{"@type":"ReadAction","target":["https:\/\/okseamless.com\/product\/slimming-belt-for-waist-and-abdomen-exercise-yoga-fitness-figure-enhancing-high-end-slimming-belt\/"]}]},{"@type":"ImageObject","inLanguage":"fr-FR","@id":"https:\/\/okseamless.com\/product\/slimming-belt-for-waist-and-abdomen-exercise-yoga-fitness-figure-enhancing-high-end-slimming-belt\/#primaryimage","url":"https:\/\/okseamless.com\/wp-content\/uploads\/2025\/04\/O1CN01BVgGB928oRBpHbieB_2218375007979-0-cib-1.jpg_-1.jpg","contentUrl":"https:\/\/okseamless.com\/wp-content\/uploads\/2025\/04\/O1CN01BVgGB928oRBpHbieB_2218375007979-0-cib-1.jpg_-1.jpg","width":1000,"height":1000},{"@type":"BreadcrumbList","@id":"https:\/\/okseamless.com\/product\/slimming-belt-for-waist-and-abdomen-exercise-yoga-fitness-figure-enhancing-high-end-slimming-belt\/#breadcrumb","itemListElement":[{"@type":"ListItem","position":1,"name":"\u9996\u9875","item":"https:\/\/okseamless.com\/"},{"@type":"ListItem","position":2,"name":"Produtos","item":"https:\/\/www.okseamless.com\/pt\/shop\/"},{"@type":"ListItem","position":3,"name":"Chalecos Corrector De Postura Women Tummy Control Body Shaper Vest for Spinal Shoulder and Upper Posture Corrector"}]},{"@type":"WebSite","@id":"https:\/\/www.okseamless.com\/pt\/#website","url":"https:\/\/www.okseamless.com\/pt\/","name":"Fabricant de v\u00eatements de forme sans couture et de v\u00eatements de yoga en Chine","description":"","publisher":{"@id":"https:\/\/www.okseamless.com\/pt\/#organization"},"potentialAction":[{"@type":"SearchAction","target":{"@type":"EntryPoint","urlTemplate":"https:\/\/www.okseamless.com\/pt\/?s={search_term_string}"},"query-input":{"@type":"PropertyValueSpecification","valueRequired":true,"valueName":"search_term_string"}}],"inLanguage":"fr-FR"},{"@type":"Organization","@id":"https:\/\/www.okseamless.com\/pt\/#organization","name":"Fabricant de v\u00eatements de forme sans couture et de v\u00eatements de yoga en Chine","url":"https:\/\/www.okseamless.com\/pt\/","logo":{"@type":"ImageObject","inLanguage":"fr-FR","@id":"https:\/\/www.okseamless.com\/pt\/#\/schema\/logo\/image\/","url":"https:\/\/okseamless.com\/wp-content\/uploads\/2025\/03\/LOGO.png","contentUrl":"https:\/\/okseamless.com\/wp-content\/uploads\/2025\/03\/LOGO.png","width":685,"height":218,"caption":"Custom Seamless Shapewear and Yoga Wear Manufacturer in China"},"image":{"@id":"https:\/\/www.okseamless.com\/pt\/#\/schema\/logo\/image\/"},"sameAs":["https:\/\/www.facebook.com\/share\/1TH24JnBgY\/?mibextid=wwXIfr"]}]}},"_links":{"self":[{"href":"https:\/\/okseamless.com\/fr\/wp-json\/wp\/v2\/product\/1424","targetHints":{"allow":["GET"]}}],"collection":[{"href":"https:\/\/okseamless.com\/fr\/wp-json\/wp\/v2\/product"}],"about":[{"href":"https:\/\/okseamless.com\/fr\/wp-json\/wp\/v2\/types\/product"}],"wp:featuredmedia":[{"embeddable":true,"href":"https:\/\/okseamless.com\/fr\/wp-json\/wp\/v2\/media\/4555"}],"wp:attachment":[{"href":"https:\/\/okseamless.com\/fr\/wp-json\/wp\/v2\/media?parent=1424"}],"wp:term":[{"taxonomy":"product_brand","embeddable":true,"href":"https:\/\/okseamless.com\/fr\/wp-json\/wp\/v2\/product_brand?post=1424"},{"taxonomy":"product_cat","embeddable":true,"href":"https:\/\/okseamless.com\/fr\/wp-json\/wp\/v2\/product_cat?post=1424"},{"taxonomy":"product_tag","embeddable":true,"href":"https:\/\/okseamless.com\/fr\/wp-json\/wp\/v2\/product_tag?post=1424"}],"curies":[{"name":"wp","href":"https:\/\/api.w.org\/{rel}","templated":true}]}}