{"id":2970,"date":"2025-04-12T05:01:49","date_gmt":"2025-04-12T05:01:49","guid":{"rendered":"https:\/\/okseamless.com\/?post_type=product&#038;p=2970"},"modified":"2025-04-12T05:01:50","modified_gmt":"2025-04-12T05:01:50","slug":"seamless-butt-lifter-padded-underwear","status":"publish","type":"product","link":"https:\/\/okseamless.com\/es\/producto\/seamless-butt-lifter-padded-underwear\/","title":{"rendered":"Seamless Butt Lifter Padded Underwear"},"content":{"rendered":"","protected":false},"excerpt":{"rendered":"<p>Model No:JS080<\/p>\n<p>Want to feel &amp; look your best in seconds?\u00a0The butt enhancer underwear are specially designed to better shape your hips and enhance your buttocks curves without being noticed, this is the little secret under your garments that gives you an amazing hourglass figure. With its comfortable fit, effective shaping features, and stylish design, it is a great addition to any wardrobe.<\/p>\n<p><strong>Caracter\u00edsticas<\/strong><\/p>\n<ul>\n<li>Relleno de gl\u00fateos incorporado. El relleno de espuma estrat\u00e9gicamente colocado a\u00f1ade volumen y realza la forma de tus gl\u00fateos, d\u00e1ndote un aspecto m\u00e1s voluminoso y redondeado.<\/li>\n<li>Seamless &amp; No Rolling Up\/Down.High waist butt lifting panties Panties adopt seamless craft and built-in bones, which effectively shape the waist curve and always make the pants stay in the right place, with no slip and slide, rolling up, or pinching.<\/li>\n<li>La parte de la cintura de este pantal\u00f3n corto moldeador para el control del vientre de la mujer llega hasta el ombligo y ejerce una compresi\u00f3n moderada para tensar la parte inferior del vientre y eliminar la parte superior de los muffins.<\/li>\n<li>Una gran opci\u00f3n para realzar sus gl\u00fateos y disfrutar al mismo tiempo de los beneficios de una ropa interior c\u00f3moda y de apoyo.<\/li>\n<\/ul>\n<p><strong>Detalles del tejido<\/strong><strong>\u00a0: <\/strong>82% Nylon\u00a018% Spandex<\/p>","protected":false},"featured_media":2982,"template":"","meta":[],"product_brand":[],"product_cat":[36],"product_tag":[],"class_list":{"0":"post-2970","1":"product","2":"type-product","3":"status-publish","4":"has-post-thumbnail","6":"product_cat-womens-bottoms","8":"first","9":"instock","10":"shipping-taxable","11":"product-type-simple"},"yoast_head":"<!-- This site is optimized with the Yoast SEO plugin v27.4 - https:\/\/yoast.com\/product\/yoast-seo-wordpress\/ -->\n<title>Seamless Butt Lifter Padded Underwear - Custom Seamless Shapewear and Yoga Wear Manufacturer in China<\/title>\n<meta name=\"robots\" content=\"index, follow, max-snippet:-1, max-image-preview:large, max-video-preview:-1\" \/>\n<link rel=\"canonical\" href=\"https:\/\/okseamless.com\/es\/producto\/seamless-butt-lifter-padded-underwear\/\" \/>\n<meta property=\"og:locale\" content=\"es_ES\" \/>\n<meta property=\"og:type\" content=\"article\" \/>\n<meta property=\"og:title\" content=\"Seamless Butt Lifter Padded Underwear - Custom Seamless Shapewear and Yoga Wear Manufacturer in China\" \/>\n<meta property=\"og:description\" content=\"Model No:JS080  Want to feel &amp; look your best in seconds?\u00a0The butt enhancer underwear are specially designed to better shape your hips and enhance your buttocks curves without being noticed, this is the little secret under your garments that gives you an amazing hourglass figure. With its comfortable fit, effective shaping features, and stylish design, it is a great addition to any wardrobe.  Features   Built-in butt padding. The strategically placed foam padding adds volume and enhances the shape of your buttocks, giving you a fuller and more rounded appearance.  Seamless &amp; No Rolling Up\/Down.High waist butt lifting panties Panties adopt seamless craft and built-in bones, which effectively shape the waist curve and always make the pants stay in the right place, with no slip and slide, rolling up, or pinching.  The waist part of this shapewear shorts for women&#039;s tummy control comes up to the belly button and moderate compression to tighten the lower belly and remove the muffin top.  A great option to enhance your buttocks while also enjoying the benefits of comfortable and supportive undergarments.  Fabric Details\u00a0: 82% Nylon\u00a018% Spandex\" \/>\n<meta property=\"og:url\" content=\"https:\/\/okseamless.com\/es\/producto\/seamless-butt-lifter-padded-underwear\/\" \/>\n<meta property=\"og:site_name\" content=\"Custom Seamless Shapewear and Yoga Wear Manufacturer in China\" \/>\n<meta property=\"article:publisher\" content=\"https:\/\/www.facebook.com\/share\/1TH24JnBgY\/?mibextid=wwXIfr\" \/>\n<meta property=\"article:modified_time\" content=\"2025-04-12T05:01:50+00:00\" \/>\n<meta property=\"og:image\" content=\"https:\/\/okseamless.com\/wp-content\/uploads\/2025\/04\/DM_20250408165954_002.png\" \/>\n\t<meta property=\"og:image:width\" content=\"1600\" \/>\n\t<meta property=\"og:image:height\" content=\"1600\" \/>\n\t<meta property=\"og:image:type\" content=\"image\/png\" \/>\n<meta name=\"twitter:card\" content=\"summary_large_image\" \/>\n<meta name=\"twitter:label1\" content=\"Tiempo de lectura\" \/>\n\t<meta name=\"twitter:data1\" content=\"1 minuto\" \/>\n<script type=\"application\/ld+json\" class=\"yoast-schema-graph\">{\"@context\":\"https:\\\/\\\/schema.org\",\"@graph\":[{\"@type\":\"WebPage\",\"@id\":\"https:\\\/\\\/okseamless.com\\\/product\\\/seamless-butt-lifter-padded-underwear\\\/\",\"url\":\"https:\\\/\\\/okseamless.com\\\/product\\\/seamless-butt-lifter-padded-underwear\\\/\",\"name\":\"Seamless Butt Lifter Padded Underwear - Custom Seamless Shapewear and Yoga Wear Manufacturer in China\",\"isPartOf\":{\"@id\":\"https:\\\/\\\/www.okseamless.com\\\/pt\\\/#website\"},\"primaryImageOfPage\":{\"@id\":\"https:\\\/\\\/okseamless.com\\\/product\\\/seamless-butt-lifter-padded-underwear\\\/#primaryimage\"},\"image\":{\"@id\":\"https:\\\/\\\/okseamless.com\\\/product\\\/seamless-butt-lifter-padded-underwear\\\/#primaryimage\"},\"thumbnailUrl\":\"https:\\\/\\\/okseamless.com\\\/wp-content\\\/uploads\\\/2025\\\/04\\\/DM_20250408165954_002.png\",\"datePublished\":\"2025-04-12T05:01:49+00:00\",\"dateModified\":\"2025-04-12T05:01:50+00:00\",\"breadcrumb\":{\"@id\":\"https:\\\/\\\/okseamless.com\\\/product\\\/seamless-butt-lifter-padded-underwear\\\/#breadcrumb\"},\"inLanguage\":\"es\",\"potentialAction\":[{\"@type\":\"ReadAction\",\"target\":[\"https:\\\/\\\/okseamless.com\\\/product\\\/seamless-butt-lifter-padded-underwear\\\/\"]}]},{\"@type\":\"ImageObject\",\"inLanguage\":\"es\",\"@id\":\"https:\\\/\\\/okseamless.com\\\/product\\\/seamless-butt-lifter-padded-underwear\\\/#primaryimage\",\"url\":\"https:\\\/\\\/okseamless.com\\\/wp-content\\\/uploads\\\/2025\\\/04\\\/DM_20250408165954_002.png\",\"contentUrl\":\"https:\\\/\\\/okseamless.com\\\/wp-content\\\/uploads\\\/2025\\\/04\\\/DM_20250408165954_002.png\",\"width\":1600,\"height\":1600},{\"@type\":\"BreadcrumbList\",\"@id\":\"https:\\\/\\\/okseamless.com\\\/product\\\/seamless-butt-lifter-padded-underwear\\\/#breadcrumb\",\"itemListElement\":[{\"@type\":\"ListItem\",\"position\":1,\"name\":\"\u9996\u9875\",\"item\":\"https:\\\/\\\/okseamless.com\\\/\"},{\"@type\":\"ListItem\",\"position\":2,\"name\":\"Produtos\",\"item\":\"https:\\\/\\\/www.okseamless.com\\\/pt\\\/shop\\\/\"},{\"@type\":\"ListItem\",\"position\":3,\"name\":\"Seamless Butt Lifter Padded Underwear\"}]},{\"@type\":\"WebSite\",\"@id\":\"https:\\\/\\\/www.okseamless.com\\\/pt\\\/#website\",\"url\":\"https:\\\/\\\/www.okseamless.com\\\/pt\\\/\",\"name\":\"Custom Seamless Shapewear and Yoga Wear Manufacturer in China\",\"description\":\"\",\"publisher\":{\"@id\":\"https:\\\/\\\/www.okseamless.com\\\/pt\\\/#organization\"},\"potentialAction\":[{\"@type\":\"SearchAction\",\"target\":{\"@type\":\"EntryPoint\",\"urlTemplate\":\"https:\\\/\\\/www.okseamless.com\\\/pt\\\/?s={search_term_string}\"},\"query-input\":{\"@type\":\"PropertyValueSpecification\",\"valueRequired\":true,\"valueName\":\"search_term_string\"}}],\"inLanguage\":\"es\"},{\"@type\":\"Organization\",\"@id\":\"https:\\\/\\\/www.okseamless.com\\\/pt\\\/#organization\",\"name\":\"Custom Seamless Shapewear and Yoga Wear Manufacturer in China\",\"url\":\"https:\\\/\\\/www.okseamless.com\\\/pt\\\/\",\"logo\":{\"@type\":\"ImageObject\",\"inLanguage\":\"es\",\"@id\":\"https:\\\/\\\/www.okseamless.com\\\/pt\\\/#\\\/schema\\\/logo\\\/image\\\/\",\"url\":\"https:\\\/\\\/okseamless.com\\\/wp-content\\\/uploads\\\/2025\\\/03\\\/LOGO.png\",\"contentUrl\":\"https:\\\/\\\/okseamless.com\\\/wp-content\\\/uploads\\\/2025\\\/03\\\/LOGO.png\",\"width\":685,\"height\":218,\"caption\":\"Custom Seamless Shapewear and Yoga Wear Manufacturer in China\"},\"image\":{\"@id\":\"https:\\\/\\\/www.okseamless.com\\\/pt\\\/#\\\/schema\\\/logo\\\/image\\\/\"},\"sameAs\":[\"https:\\\/\\\/www.facebook.com\\\/share\\\/1TH24JnBgY\\\/?mibextid=wwXIfr\"]}]}<\/script>\n<!-- \/ Yoast SEO plugin. -->","yoast_head_json":{"title":"Seamless Butt Lifter Padded Underwear - Custom Seamless Shapewear and Yoga Wear Manufacturer in China","robots":{"index":"index","follow":"follow","max-snippet":"max-snippet:-1","max-image-preview":"max-image-preview:large","max-video-preview":"max-video-preview:-1"},"canonical":"https:\/\/okseamless.com\/es\/producto\/seamless-butt-lifter-padded-underwear\/","og_locale":"es_ES","og_type":"article","og_title":"Seamless Butt Lifter Padded Underwear - Custom Seamless Shapewear and Yoga Wear Manufacturer in China","og_description":"Model No:JS080  Want to feel &amp; look your best in seconds?\u00a0The butt enhancer underwear are specially designed to better shape your hips and enhance your buttocks curves without being noticed, this is the little secret under your garments that gives you an amazing hourglass figure. With its comfortable fit, effective shaping features, and stylish design, it is a great addition to any wardrobe.  Features   Built-in butt padding. The strategically placed foam padding adds volume and enhances the shape of your buttocks, giving you a fuller and more rounded appearance.  Seamless &amp; No Rolling Up\/Down.High waist butt lifting panties Panties adopt seamless craft and built-in bones, which effectively shape the waist curve and always make the pants stay in the right place, with no slip and slide, rolling up, or pinching.  The waist part of this shapewear shorts for women's tummy control comes up to the belly button and moderate compression to tighten the lower belly and remove the muffin top.  A great option to enhance your buttocks while also enjoying the benefits of comfortable and supportive undergarments.  Fabric Details\u00a0: 82% Nylon\u00a018% Spandex","og_url":"https:\/\/okseamless.com\/es\/producto\/seamless-butt-lifter-padded-underwear\/","og_site_name":"Custom Seamless Shapewear and Yoga Wear Manufacturer in China","article_publisher":"https:\/\/www.facebook.com\/share\/1TH24JnBgY\/?mibextid=wwXIfr","article_modified_time":"2025-04-12T05:01:50+00:00","og_image":[{"width":1600,"height":1600,"url":"https:\/\/okseamless.com\/wp-content\/uploads\/2025\/04\/DM_20250408165954_002.png","type":"image\/png"}],"twitter_card":"summary_large_image","twitter_misc":{"Tiempo de lectura":"1 minuto"},"schema":{"@context":"https:\/\/schema.org","@graph":[{"@type":"WebPage","@id":"https:\/\/okseamless.com\/product\/seamless-butt-lifter-padded-underwear\/","url":"https:\/\/okseamless.com\/product\/seamless-butt-lifter-padded-underwear\/","name":"Seamless Butt Lifter Padded Underwear - Custom Seamless Shapewear and Yoga Wear Manufacturer in China","isPartOf":{"@id":"https:\/\/www.okseamless.com\/pt\/#website"},"primaryImageOfPage":{"@id":"https:\/\/okseamless.com\/product\/seamless-butt-lifter-padded-underwear\/#primaryimage"},"image":{"@id":"https:\/\/okseamless.com\/product\/seamless-butt-lifter-padded-underwear\/#primaryimage"},"thumbnailUrl":"https:\/\/okseamless.com\/wp-content\/uploads\/2025\/04\/DM_20250408165954_002.png","datePublished":"2025-04-12T05:01:49+00:00","dateModified":"2025-04-12T05:01:50+00:00","breadcrumb":{"@id":"https:\/\/okseamless.com\/product\/seamless-butt-lifter-padded-underwear\/#breadcrumb"},"inLanguage":"es","potentialAction":[{"@type":"ReadAction","target":["https:\/\/okseamless.com\/product\/seamless-butt-lifter-padded-underwear\/"]}]},{"@type":"ImageObject","inLanguage":"es","@id":"https:\/\/okseamless.com\/product\/seamless-butt-lifter-padded-underwear\/#primaryimage","url":"https:\/\/okseamless.com\/wp-content\/uploads\/2025\/04\/DM_20250408165954_002.png","contentUrl":"https:\/\/okseamless.com\/wp-content\/uploads\/2025\/04\/DM_20250408165954_002.png","width":1600,"height":1600},{"@type":"BreadcrumbList","@id":"https:\/\/okseamless.com\/product\/seamless-butt-lifter-padded-underwear\/#breadcrumb","itemListElement":[{"@type":"ListItem","position":1,"name":"\u9996\u9875","item":"https:\/\/okseamless.com\/"},{"@type":"ListItem","position":2,"name":"Produtos","item":"https:\/\/www.okseamless.com\/pt\/shop\/"},{"@type":"ListItem","position":3,"name":"Seamless Butt Lifter Padded Underwear"}]},{"@type":"WebSite","@id":"https:\/\/www.okseamless.com\/pt\/#website","url":"https:\/\/www.okseamless.com\/pt\/","name":"Custom Seamless Shapewear and Yoga Wear Manufacturer in China","description":"","publisher":{"@id":"https:\/\/www.okseamless.com\/pt\/#organization"},"potentialAction":[{"@type":"SearchAction","target":{"@type":"EntryPoint","urlTemplate":"https:\/\/www.okseamless.com\/pt\/?s={search_term_string}"},"query-input":{"@type":"PropertyValueSpecification","valueRequired":true,"valueName":"search_term_string"}}],"inLanguage":"es"},{"@type":"Organization","@id":"https:\/\/www.okseamless.com\/pt\/#organization","name":"Custom Seamless Shapewear and Yoga Wear Manufacturer in China","url":"https:\/\/www.okseamless.com\/pt\/","logo":{"@type":"ImageObject","inLanguage":"es","@id":"https:\/\/www.okseamless.com\/pt\/#\/schema\/logo\/image\/","url":"https:\/\/okseamless.com\/wp-content\/uploads\/2025\/03\/LOGO.png","contentUrl":"https:\/\/okseamless.com\/wp-content\/uploads\/2025\/03\/LOGO.png","width":685,"height":218,"caption":"Custom Seamless Shapewear and Yoga Wear Manufacturer in China"},"image":{"@id":"https:\/\/www.okseamless.com\/pt\/#\/schema\/logo\/image\/"},"sameAs":["https:\/\/www.facebook.com\/share\/1TH24JnBgY\/?mibextid=wwXIfr"]}]}},"_links":{"self":[{"href":"https:\/\/okseamless.com\/es\/wp-json\/wp\/v2\/product\/2970","targetHints":{"allow":["GET"]}}],"collection":[{"href":"https:\/\/okseamless.com\/es\/wp-json\/wp\/v2\/product"}],"about":[{"href":"https:\/\/okseamless.com\/es\/wp-json\/wp\/v2\/types\/product"}],"wp:featuredmedia":[{"embeddable":true,"href":"https:\/\/okseamless.com\/es\/wp-json\/wp\/v2\/media\/2982"}],"wp:attachment":[{"href":"https:\/\/okseamless.com\/es\/wp-json\/wp\/v2\/media?parent=2970"}],"wp:term":[{"taxonomy":"product_brand","embeddable":true,"href":"https:\/\/okseamless.com\/es\/wp-json\/wp\/v2\/product_brand?post=2970"},{"taxonomy":"product_cat","embeddable":true,"href":"https:\/\/okseamless.com\/es\/wp-json\/wp\/v2\/product_cat?post=2970"},{"taxonomy":"product_tag","embeddable":true,"href":"https:\/\/okseamless.com\/es\/wp-json\/wp\/v2\/product_tag?post=2970"}],"curies":[{"name":"wp","href":"https:\/\/api.w.org\/{rel}","templated":true}]}}