{"id":2653,"date":"2025-04-11T05:21:25","date_gmt":"2025-04-11T05:21:25","guid":{"rendered":"https:\/\/okseamless.com\/?post_type=product&#038;p=2653"},"modified":"2025-04-11T05:21:25","modified_gmt":"2025-04-11T05:21:25","slug":"shaping-mid-thigh-seamless-sculpting-shapewear-bodysuit","status":"publish","type":"product","link":"https:\/\/okseamless.com\/es\/producto\/shaping-mid-thigh-seamless-sculpting-shapewear-bodysuit\/","title":{"rendered":"Body moldeador sin costuras a medio muslo"},"content":{"rendered":"","protected":false},"excerpt":{"rendered":"<p>Modelo: JS038<\/p>\n<p><strong><b>Descripci\u00f3n<\/b><\/strong><\/p>\n<p>Si tiene un evento formal o una fiesta de trabajo pr\u00f3ximamente y quiere lucir impecable con un vestido, este body moldeador sin costuras Shaping Mid Thigh Sculpting Shapewear es justo lo que necesita. Esta prenda interior de compresi\u00f3n firme est\u00e1 confeccionada con un material sin costuras que alisa, levanta y recoge en todos los lugares adecuados. Dise\u00f1ado para suavizar la forma de su cuerpo, se ajusta perfectamente a su cuerpo y abraza bien las curvas. Disfrute de la comodidad y la versatilidad de esta prenda moldeadora sin costuras.<\/p>\n<p><strong><b>Caracter\u00edsticas<\/b><\/strong><strong><b>:<\/b><\/strong><\/p>\n<ul>\n<li>Correa ancha para los hombros: dise\u00f1ada con correas anchas para los hombros y cuello redondo, reduce eficazmente la carga sobre los hombros.<\/li>\n<li>Sin soporte acolchado: dise\u00f1ado para liberar la libertad de su pecho.<\/li>\n<li>Control de vientre: recorta y aplana tu secci\u00f3n media.<\/li>\n<li>Entrepierna abierta superpuesta: ampl\u00eda el espacio de la entrepierna y facilita el ba\u00f1o.<\/li>\n<li>3D Butt Lifting: levanta y da forma a tus gl\u00fateos redondos.<\/li>\n<\/ul>\n<p><strong><b>Materiales<\/b><\/strong><strong><b>\u00a0: <\/b><\/strong>92% Nylon 8% Spandex<\/p>","protected":false},"featured_media":2664,"template":"","meta":[],"product_brand":[],"product_cat":[37],"product_tag":[],"class_list":{"0":"post-2653","1":"product","2":"type-product","3":"status-publish","4":"has-post-thumbnail","6":"product_cat-womens-bodysuits","8":"first","9":"instock","10":"shipping-taxable","11":"product-type-simple"},"yoast_head":"<!-- This site is optimized with the Yoast SEO plugin v27.4 - https:\/\/yoast.com\/product\/yoast-seo-wordpress\/ -->\n<title>Shaping Mid Thigh Seamless Sculpting Shapewear Bodysuit - Custom Seamless Shapewear and Yoga Wear Manufacturer in China<\/title>\n<meta name=\"robots\" content=\"index, follow, max-snippet:-1, max-image-preview:large, max-video-preview:-1\" \/>\n<link rel=\"canonical\" href=\"https:\/\/okseamless.com\/es\/producto\/shaping-mid-thigh-seamless-sculpting-shapewear-bodysuit\/\" \/>\n<meta property=\"og:locale\" content=\"es_ES\" \/>\n<meta property=\"og:type\" content=\"article\" \/>\n<meta property=\"og:title\" content=\"Shaping Mid Thigh Seamless Sculpting Shapewear Bodysuit - Custom Seamless Shapewear and Yoga Wear Manufacturer in China\" \/>\n<meta property=\"og:description\" content=\"Model No:JS038  Description  If you have a formal event or work party coming up and want to look flawless in a dress, this Shaping Mid Thigh Seamless Sculpting Shapewear Bodysuit is just what you need. This firm compression undergarment is made from seamless material that smooths, lifts, and tucks in all the right places. Designed to smooth your body shape and fits snugly to your body and hugs curves well. Embrace convenience and versatility with this seamless shapewear slips dress.  Features:   Wide Shoulder Strap: designed with wide shoulder straps and scoop neck, effectively reducing shoulder burden.  No padded Support: designed to liberate your chest freedom.  Tummy Control: trim and flatten your midsection.  Overlap Open Crotch: enlarge crotch space and easy for bathroom.  3D Butt Lifting: lift and shape your round buttock.  Materials\u00a0: 92% Nylon\u00a08% Spandex\" \/>\n<meta property=\"og:url\" content=\"https:\/\/okseamless.com\/es\/producto\/shaping-mid-thigh-seamless-sculpting-shapewear-bodysuit\/\" \/>\n<meta property=\"og:site_name\" content=\"Custom Seamless Shapewear and Yoga Wear Manufacturer in China\" \/>\n<meta property=\"article:publisher\" content=\"https:\/\/www.facebook.com\/share\/1TH24JnBgY\/?mibextid=wwXIfr\" \/>\n<meta property=\"og:image\" content=\"https:\/\/okseamless.com\/wp-content\/uploads\/2025\/04\/DM_20250408105129_002.jpg\" \/>\n\t<meta property=\"og:image:width\" content=\"1600\" \/>\n\t<meta property=\"og:image:height\" content=\"1600\" \/>\n\t<meta property=\"og:image:type\" content=\"image\/jpeg\" \/>\n<meta name=\"twitter:card\" content=\"summary_large_image\" \/>\n<meta name=\"twitter:label1\" content=\"Tiempo de lectura\" \/>\n\t<meta name=\"twitter:data1\" content=\"1 minuto\" \/>\n<script type=\"application\/ld+json\" class=\"yoast-schema-graph\">{\"@context\":\"https:\\\/\\\/schema.org\",\"@graph\":[{\"@type\":\"WebPage\",\"@id\":\"https:\\\/\\\/okseamless.com\\\/product\\\/shaping-mid-thigh-seamless-sculpting-shapewear-bodysuit\\\/\",\"url\":\"https:\\\/\\\/okseamless.com\\\/product\\\/shaping-mid-thigh-seamless-sculpting-shapewear-bodysuit\\\/\",\"name\":\"Shaping Mid Thigh Seamless Sculpting Shapewear Bodysuit - Custom Seamless Shapewear and Yoga Wear Manufacturer in China\",\"isPartOf\":{\"@id\":\"https:\\\/\\\/www.okseamless.com\\\/pt\\\/#website\"},\"primaryImageOfPage\":{\"@id\":\"https:\\\/\\\/okseamless.com\\\/product\\\/shaping-mid-thigh-seamless-sculpting-shapewear-bodysuit\\\/#primaryimage\"},\"image\":{\"@id\":\"https:\\\/\\\/okseamless.com\\\/product\\\/shaping-mid-thigh-seamless-sculpting-shapewear-bodysuit\\\/#primaryimage\"},\"thumbnailUrl\":\"https:\\\/\\\/okseamless.com\\\/wp-content\\\/uploads\\\/2025\\\/04\\\/DM_20250408105129_002.jpg\",\"datePublished\":\"2025-04-11T05:21:25+00:00\",\"breadcrumb\":{\"@id\":\"https:\\\/\\\/okseamless.com\\\/product\\\/shaping-mid-thigh-seamless-sculpting-shapewear-bodysuit\\\/#breadcrumb\"},\"inLanguage\":\"es\",\"potentialAction\":[{\"@type\":\"ReadAction\",\"target\":[\"https:\\\/\\\/okseamless.com\\\/product\\\/shaping-mid-thigh-seamless-sculpting-shapewear-bodysuit\\\/\"]}]},{\"@type\":\"ImageObject\",\"inLanguage\":\"es\",\"@id\":\"https:\\\/\\\/okseamless.com\\\/product\\\/shaping-mid-thigh-seamless-sculpting-shapewear-bodysuit\\\/#primaryimage\",\"url\":\"https:\\\/\\\/okseamless.com\\\/wp-content\\\/uploads\\\/2025\\\/04\\\/DM_20250408105129_002.jpg\",\"contentUrl\":\"https:\\\/\\\/okseamless.com\\\/wp-content\\\/uploads\\\/2025\\\/04\\\/DM_20250408105129_002.jpg\",\"width\":1600,\"height\":1600},{\"@type\":\"BreadcrumbList\",\"@id\":\"https:\\\/\\\/okseamless.com\\\/product\\\/shaping-mid-thigh-seamless-sculpting-shapewear-bodysuit\\\/#breadcrumb\",\"itemListElement\":[{\"@type\":\"ListItem\",\"position\":1,\"name\":\"\u9996\u9875\",\"item\":\"https:\\\/\\\/okseamless.com\\\/\"},{\"@type\":\"ListItem\",\"position\":2,\"name\":\"Produtos\",\"item\":\"https:\\\/\\\/www.okseamless.com\\\/pt\\\/shop\\\/\"},{\"@type\":\"ListItem\",\"position\":3,\"name\":\"Shaping Mid Thigh Seamless Sculpting Shapewear Bodysuit\"}]},{\"@type\":\"WebSite\",\"@id\":\"https:\\\/\\\/www.okseamless.com\\\/pt\\\/#website\",\"url\":\"https:\\\/\\\/www.okseamless.com\\\/pt\\\/\",\"name\":\"Custom Seamless Shapewear and Yoga Wear Manufacturer in China\",\"description\":\"\",\"publisher\":{\"@id\":\"https:\\\/\\\/www.okseamless.com\\\/pt\\\/#organization\"},\"potentialAction\":[{\"@type\":\"SearchAction\",\"target\":{\"@type\":\"EntryPoint\",\"urlTemplate\":\"https:\\\/\\\/www.okseamless.com\\\/pt\\\/?s={search_term_string}\"},\"query-input\":{\"@type\":\"PropertyValueSpecification\",\"valueRequired\":true,\"valueName\":\"search_term_string\"}}],\"inLanguage\":\"es\"},{\"@type\":\"Organization\",\"@id\":\"https:\\\/\\\/www.okseamless.com\\\/pt\\\/#organization\",\"name\":\"Custom Seamless Shapewear and Yoga Wear Manufacturer in China\",\"url\":\"https:\\\/\\\/www.okseamless.com\\\/pt\\\/\",\"logo\":{\"@type\":\"ImageObject\",\"inLanguage\":\"es\",\"@id\":\"https:\\\/\\\/www.okseamless.com\\\/pt\\\/#\\\/schema\\\/logo\\\/image\\\/\",\"url\":\"https:\\\/\\\/okseamless.com\\\/wp-content\\\/uploads\\\/2025\\\/03\\\/LOGO.png\",\"contentUrl\":\"https:\\\/\\\/okseamless.com\\\/wp-content\\\/uploads\\\/2025\\\/03\\\/LOGO.png\",\"width\":685,\"height\":218,\"caption\":\"Custom Seamless Shapewear and Yoga Wear Manufacturer in China\"},\"image\":{\"@id\":\"https:\\\/\\\/www.okseamless.com\\\/pt\\\/#\\\/schema\\\/logo\\\/image\\\/\"},\"sameAs\":[\"https:\\\/\\\/www.facebook.com\\\/share\\\/1TH24JnBgY\\\/?mibextid=wwXIfr\"]}]}<\/script>\n<!-- \/ Yoast SEO plugin. -->","yoast_head_json":{"title":"Shaping Mid Thigh Seamless Sculpting Shapewear Bodysuit - Custom Seamless Shapewear and Yoga Wear Manufacturer in China","robots":{"index":"index","follow":"follow","max-snippet":"max-snippet:-1","max-image-preview":"max-image-preview:large","max-video-preview":"max-video-preview:-1"},"canonical":"https:\/\/okseamless.com\/es\/producto\/shaping-mid-thigh-seamless-sculpting-shapewear-bodysuit\/","og_locale":"es_ES","og_type":"article","og_title":"Shaping Mid Thigh Seamless Sculpting Shapewear Bodysuit - Custom Seamless Shapewear and Yoga Wear Manufacturer in China","og_description":"Model No:JS038  Description  If you have a formal event or work party coming up and want to look flawless in a dress, this Shaping Mid Thigh Seamless Sculpting Shapewear Bodysuit is just what you need. This firm compression undergarment is made from seamless material that smooths, lifts, and tucks in all the right places. Designed to smooth your body shape and fits snugly to your body and hugs curves well. Embrace convenience and versatility with this seamless shapewear slips dress.  Features:   Wide Shoulder Strap: designed with wide shoulder straps and scoop neck, effectively reducing shoulder burden.  No padded Support: designed to liberate your chest freedom.  Tummy Control: trim and flatten your midsection.  Overlap Open Crotch: enlarge crotch space and easy for bathroom.  3D Butt Lifting: lift and shape your round buttock.  Materials\u00a0: 92% Nylon\u00a08% Spandex","og_url":"https:\/\/okseamless.com\/es\/producto\/shaping-mid-thigh-seamless-sculpting-shapewear-bodysuit\/","og_site_name":"Custom Seamless Shapewear and Yoga Wear Manufacturer in China","article_publisher":"https:\/\/www.facebook.com\/share\/1TH24JnBgY\/?mibextid=wwXIfr","og_image":[{"width":1600,"height":1600,"url":"https:\/\/okseamless.com\/wp-content\/uploads\/2025\/04\/DM_20250408105129_002.jpg","type":"image\/jpeg"}],"twitter_card":"summary_large_image","twitter_misc":{"Tiempo de lectura":"1 minuto"},"schema":{"@context":"https:\/\/schema.org","@graph":[{"@type":"WebPage","@id":"https:\/\/okseamless.com\/product\/shaping-mid-thigh-seamless-sculpting-shapewear-bodysuit\/","url":"https:\/\/okseamless.com\/product\/shaping-mid-thigh-seamless-sculpting-shapewear-bodysuit\/","name":"Shaping Mid Thigh Seamless Sculpting Shapewear Bodysuit - Custom Seamless Shapewear and Yoga Wear Manufacturer in China","isPartOf":{"@id":"https:\/\/www.okseamless.com\/pt\/#website"},"primaryImageOfPage":{"@id":"https:\/\/okseamless.com\/product\/shaping-mid-thigh-seamless-sculpting-shapewear-bodysuit\/#primaryimage"},"image":{"@id":"https:\/\/okseamless.com\/product\/shaping-mid-thigh-seamless-sculpting-shapewear-bodysuit\/#primaryimage"},"thumbnailUrl":"https:\/\/okseamless.com\/wp-content\/uploads\/2025\/04\/DM_20250408105129_002.jpg","datePublished":"2025-04-11T05:21:25+00:00","breadcrumb":{"@id":"https:\/\/okseamless.com\/product\/shaping-mid-thigh-seamless-sculpting-shapewear-bodysuit\/#breadcrumb"},"inLanguage":"es","potentialAction":[{"@type":"ReadAction","target":["https:\/\/okseamless.com\/product\/shaping-mid-thigh-seamless-sculpting-shapewear-bodysuit\/"]}]},{"@type":"ImageObject","inLanguage":"es","@id":"https:\/\/okseamless.com\/product\/shaping-mid-thigh-seamless-sculpting-shapewear-bodysuit\/#primaryimage","url":"https:\/\/okseamless.com\/wp-content\/uploads\/2025\/04\/DM_20250408105129_002.jpg","contentUrl":"https:\/\/okseamless.com\/wp-content\/uploads\/2025\/04\/DM_20250408105129_002.jpg","width":1600,"height":1600},{"@type":"BreadcrumbList","@id":"https:\/\/okseamless.com\/product\/shaping-mid-thigh-seamless-sculpting-shapewear-bodysuit\/#breadcrumb","itemListElement":[{"@type":"ListItem","position":1,"name":"\u9996\u9875","item":"https:\/\/okseamless.com\/"},{"@type":"ListItem","position":2,"name":"Produtos","item":"https:\/\/www.okseamless.com\/pt\/shop\/"},{"@type":"ListItem","position":3,"name":"Shaping Mid Thigh Seamless Sculpting Shapewear Bodysuit"}]},{"@type":"WebSite","@id":"https:\/\/www.okseamless.com\/pt\/#website","url":"https:\/\/www.okseamless.com\/pt\/","name":"Custom Seamless Shapewear and Yoga Wear Manufacturer in China","description":"","publisher":{"@id":"https:\/\/www.okseamless.com\/pt\/#organization"},"potentialAction":[{"@type":"SearchAction","target":{"@type":"EntryPoint","urlTemplate":"https:\/\/www.okseamless.com\/pt\/?s={search_term_string}"},"query-input":{"@type":"PropertyValueSpecification","valueRequired":true,"valueName":"search_term_string"}}],"inLanguage":"es"},{"@type":"Organization","@id":"https:\/\/www.okseamless.com\/pt\/#organization","name":"Custom Seamless Shapewear and Yoga Wear Manufacturer in China","url":"https:\/\/www.okseamless.com\/pt\/","logo":{"@type":"ImageObject","inLanguage":"es","@id":"https:\/\/www.okseamless.com\/pt\/#\/schema\/logo\/image\/","url":"https:\/\/okseamless.com\/wp-content\/uploads\/2025\/03\/LOGO.png","contentUrl":"https:\/\/okseamless.com\/wp-content\/uploads\/2025\/03\/LOGO.png","width":685,"height":218,"caption":"Custom Seamless Shapewear and Yoga Wear Manufacturer in China"},"image":{"@id":"https:\/\/www.okseamless.com\/pt\/#\/schema\/logo\/image\/"},"sameAs":["https:\/\/www.facebook.com\/share\/1TH24JnBgY\/?mibextid=wwXIfr"]}]}},"_links":{"self":[{"href":"https:\/\/okseamless.com\/es\/wp-json\/wp\/v2\/product\/2653","targetHints":{"allow":["GET"]}}],"collection":[{"href":"https:\/\/okseamless.com\/es\/wp-json\/wp\/v2\/product"}],"about":[{"href":"https:\/\/okseamless.com\/es\/wp-json\/wp\/v2\/types\/product"}],"wp:featuredmedia":[{"embeddable":true,"href":"https:\/\/okseamless.com\/es\/wp-json\/wp\/v2\/media\/2664"}],"wp:attachment":[{"href":"https:\/\/okseamless.com\/es\/wp-json\/wp\/v2\/media?parent=2653"}],"wp:term":[{"taxonomy":"product_brand","embeddable":true,"href":"https:\/\/okseamless.com\/es\/wp-json\/wp\/v2\/product_brand?post=2653"},{"taxonomy":"product_cat","embeddable":true,"href":"https:\/\/okseamless.com\/es\/wp-json\/wp\/v2\/product_cat?post=2653"},{"taxonomy":"product_tag","embeddable":true,"href":"https:\/\/okseamless.com\/es\/wp-json\/wp\/v2\/product_tag?post=2653"}],"curies":[{"name":"wp","href":"https:\/\/api.w.org\/{rel}","templated":true}]}}