{"id":2601,"date":"2025-04-11T04:41:57","date_gmt":"2025-04-11T04:41:57","guid":{"rendered":"https:\/\/okseamless.com\/?post_type=product&#038;p=2601"},"modified":"2025-04-11T04:41:57","modified_gmt":"2025-04-11T04:41:57","slug":"high-waist-seamless-slip-shorts","status":"publish","type":"product","link":"https:\/\/okseamless.com\/es\/producto\/high-waist-seamless-slip-shorts\/","title":{"rendered":"Culotte de cintura alta sin costuras"},"content":{"rendered":"","protected":false},"excerpt":{"rendered":"<p>Modelo: JS032<\/p>\n<p><strong><b>Descripci\u00f3n<\/b><\/strong><\/p>\n<p>Estos shorts de cintura alta sin costuras son ligeros y el\u00e1sticos para estilizar la figura, transpirables y c\u00f3modos, y te permiten lucir un cuerpo liso y con curvas en todos tus \"fits\". Ofrecen una combinaci\u00f3n de comodidad, sujeci\u00f3n y moldeado, lo que los convierte en la opci\u00f3n ideal para quienes buscan realzar la silueta de la parte inferior del cuerpo.<\/p>\n<p><strong><b>Caracter\u00edsticas<\/b><\/strong><strong><b>:<\/b><\/strong><\/p>\n<ul>\n<li>El tejido de malla de una sola capa en las piernas comprime suavemente los muslos y evita las rozaduras.<\/li>\n<li>Mant\u00e9n la piel seca y evita la fricci\u00f3n entre los muslos, reduciendo la probabilidad de rozaduras e irritaciones.<\/li>\n<li>El dise\u00f1o sin costuras ayuda a evitar cualquier l\u00ednea visible, garantizando un aspecto discreto bajo la ropa.<\/li>\n<li>Malla Sheer super transpirable, lo suficientemente c\u00f3moda para llevarla todo el d\u00eda, todos los d\u00edas.<\/li>\n<\/ul>\n<p><strong><b>Detalles del tejido<\/b><\/strong><strong><b>\u00a0\uff1a<\/b><\/strong>80% Nylon 20% Spandex<\/p>","protected":false},"featured_media":2604,"template":"","meta":[],"product_brand":[],"product_cat":[36],"product_tag":[],"class_list":{"0":"post-2601","1":"product","2":"type-product","3":"status-publish","4":"has-post-thumbnail","6":"product_cat-womens-bottoms","8":"first","9":"instock","10":"shipping-taxable","11":"product-type-simple"},"yoast_head":"<!-- This site is optimized with the Yoast SEO plugin v27.4 - https:\/\/yoast.com\/product\/yoast-seo-wordpress\/ -->\n<title>High Waist Seamless Slip Shorts - Custom Seamless Shapewear and Yoga Wear Manufacturer in China<\/title>\n<meta name=\"robots\" content=\"index, follow, max-snippet:-1, max-image-preview:large, max-video-preview:-1\" \/>\n<link rel=\"canonical\" href=\"https:\/\/okseamless.com\/es\/producto\/high-waist-seamless-slip-shorts\/\" \/>\n<meta property=\"og:locale\" content=\"es_ES\" \/>\n<meta property=\"og:type\" content=\"article\" \/>\n<meta property=\"og:title\" content=\"High Waist Seamless Slip Shorts - Custom Seamless Shapewear and Yoga Wear Manufacturer in China\" \/>\n<meta property=\"og:description\" content=\"Model No:JS032  Description  This Seamless High Waisted Shorts in lightweight, figure-sculpting stretch for breathable and comfortable slimming that keeps your body looking smooth and curvy in all your &quot;fits&quot;. Offered a combination of comfort, support, and shaping, making them an ideal choice for those looking to enhance their lower body silhouette.  Features:   The single-layered mesh fabric in the legs softly compresses your thighs and prevents chafing.  Keep your skin dry and prevent friction between the thighs, reducing the likelihood of chafing and irritation.  The seamless design helps to prevent any visible lines, ensuring a discreet look under clothing.  Super Breathable Sheer mesh, comfortable enough to wear all day, every day.  Fabric Details\u00a0\uff1a80% Nylon\u00a020% Spandex\" \/>\n<meta property=\"og:url\" content=\"https:\/\/okseamless.com\/es\/producto\/high-waist-seamless-slip-shorts\/\" \/>\n<meta property=\"og:site_name\" content=\"Custom Seamless Shapewear and Yoga Wear Manufacturer in China\" \/>\n<meta property=\"article:publisher\" content=\"https:\/\/www.facebook.com\/share\/1TH24JnBgY\/?mibextid=wwXIfr\" \/>\n<meta property=\"og:image\" content=\"https:\/\/okseamless.com\/wp-content\/uploads\/2025\/04\/DM_20250408184138_002.jpg\" \/>\n\t<meta property=\"og:image:width\" content=\"1600\" \/>\n\t<meta property=\"og:image:height\" content=\"1600\" \/>\n\t<meta property=\"og:image:type\" content=\"image\/jpeg\" \/>\n<meta name=\"twitter:card\" content=\"summary_large_image\" \/>\n<meta name=\"twitter:label1\" content=\"Tiempo de lectura\" \/>\n\t<meta name=\"twitter:data1\" content=\"1 minuto\" \/>\n<script type=\"application\/ld+json\" class=\"yoast-schema-graph\">{\"@context\":\"https:\\\/\\\/schema.org\",\"@graph\":[{\"@type\":\"WebPage\",\"@id\":\"https:\\\/\\\/okseamless.com\\\/product\\\/high-waist-seamless-slip-shorts\\\/\",\"url\":\"https:\\\/\\\/okseamless.com\\\/product\\\/high-waist-seamless-slip-shorts\\\/\",\"name\":\"High Waist Seamless Slip Shorts - Custom Seamless Shapewear and Yoga Wear Manufacturer in China\",\"isPartOf\":{\"@id\":\"https:\\\/\\\/www.okseamless.com\\\/pt\\\/#website\"},\"primaryImageOfPage\":{\"@id\":\"https:\\\/\\\/okseamless.com\\\/product\\\/high-waist-seamless-slip-shorts\\\/#primaryimage\"},\"image\":{\"@id\":\"https:\\\/\\\/okseamless.com\\\/product\\\/high-waist-seamless-slip-shorts\\\/#primaryimage\"},\"thumbnailUrl\":\"https:\\\/\\\/okseamless.com\\\/wp-content\\\/uploads\\\/2025\\\/04\\\/DM_20250408184138_002.jpg\",\"datePublished\":\"2025-04-11T04:41:57+00:00\",\"breadcrumb\":{\"@id\":\"https:\\\/\\\/okseamless.com\\\/product\\\/high-waist-seamless-slip-shorts\\\/#breadcrumb\"},\"inLanguage\":\"es\",\"potentialAction\":[{\"@type\":\"ReadAction\",\"target\":[\"https:\\\/\\\/okseamless.com\\\/product\\\/high-waist-seamless-slip-shorts\\\/\"]}]},{\"@type\":\"ImageObject\",\"inLanguage\":\"es\",\"@id\":\"https:\\\/\\\/okseamless.com\\\/product\\\/high-waist-seamless-slip-shorts\\\/#primaryimage\",\"url\":\"https:\\\/\\\/okseamless.com\\\/wp-content\\\/uploads\\\/2025\\\/04\\\/DM_20250408184138_002.jpg\",\"contentUrl\":\"https:\\\/\\\/okseamless.com\\\/wp-content\\\/uploads\\\/2025\\\/04\\\/DM_20250408184138_002.jpg\",\"width\":1600,\"height\":1600},{\"@type\":\"BreadcrumbList\",\"@id\":\"https:\\\/\\\/okseamless.com\\\/product\\\/high-waist-seamless-slip-shorts\\\/#breadcrumb\",\"itemListElement\":[{\"@type\":\"ListItem\",\"position\":1,\"name\":\"\u9996\u9875\",\"item\":\"https:\\\/\\\/okseamless.com\\\/\"},{\"@type\":\"ListItem\",\"position\":2,\"name\":\"Produtos\",\"item\":\"https:\\\/\\\/www.okseamless.com\\\/pt\\\/shop\\\/\"},{\"@type\":\"ListItem\",\"position\":3,\"name\":\"High Waist Seamless Slip Shorts\"}]},{\"@type\":\"WebSite\",\"@id\":\"https:\\\/\\\/www.okseamless.com\\\/pt\\\/#website\",\"url\":\"https:\\\/\\\/www.okseamless.com\\\/pt\\\/\",\"name\":\"Custom Seamless Shapewear and Yoga Wear Manufacturer in China\",\"description\":\"\",\"publisher\":{\"@id\":\"https:\\\/\\\/www.okseamless.com\\\/pt\\\/#organization\"},\"potentialAction\":[{\"@type\":\"SearchAction\",\"target\":{\"@type\":\"EntryPoint\",\"urlTemplate\":\"https:\\\/\\\/www.okseamless.com\\\/pt\\\/?s={search_term_string}\"},\"query-input\":{\"@type\":\"PropertyValueSpecification\",\"valueRequired\":true,\"valueName\":\"search_term_string\"}}],\"inLanguage\":\"es\"},{\"@type\":\"Organization\",\"@id\":\"https:\\\/\\\/www.okseamless.com\\\/pt\\\/#organization\",\"name\":\"Custom Seamless Shapewear and Yoga Wear Manufacturer in China\",\"url\":\"https:\\\/\\\/www.okseamless.com\\\/pt\\\/\",\"logo\":{\"@type\":\"ImageObject\",\"inLanguage\":\"es\",\"@id\":\"https:\\\/\\\/www.okseamless.com\\\/pt\\\/#\\\/schema\\\/logo\\\/image\\\/\",\"url\":\"https:\\\/\\\/okseamless.com\\\/wp-content\\\/uploads\\\/2025\\\/03\\\/LOGO.png\",\"contentUrl\":\"https:\\\/\\\/okseamless.com\\\/wp-content\\\/uploads\\\/2025\\\/03\\\/LOGO.png\",\"width\":685,\"height\":218,\"caption\":\"Custom Seamless Shapewear and Yoga Wear Manufacturer in China\"},\"image\":{\"@id\":\"https:\\\/\\\/www.okseamless.com\\\/pt\\\/#\\\/schema\\\/logo\\\/image\\\/\"},\"sameAs\":[\"https:\\\/\\\/www.facebook.com\\\/share\\\/1TH24JnBgY\\\/?mibextid=wwXIfr\"]}]}<\/script>\n<!-- \/ Yoast SEO plugin. -->","yoast_head_json":{"title":"High Waist Seamless Slip Shorts - Custom Seamless Shapewear and Yoga Wear Manufacturer in China","robots":{"index":"index","follow":"follow","max-snippet":"max-snippet:-1","max-image-preview":"max-image-preview:large","max-video-preview":"max-video-preview:-1"},"canonical":"https:\/\/okseamless.com\/es\/producto\/high-waist-seamless-slip-shorts\/","og_locale":"es_ES","og_type":"article","og_title":"High Waist Seamless Slip Shorts - Custom Seamless Shapewear and Yoga Wear Manufacturer in China","og_description":"Model No:JS032  Description  This Seamless High Waisted Shorts in lightweight, figure-sculpting stretch for breathable and comfortable slimming that keeps your body looking smooth and curvy in all your \"fits\". Offered a combination of comfort, support, and shaping, making them an ideal choice for those looking to enhance their lower body silhouette.  Features:   The single-layered mesh fabric in the legs softly compresses your thighs and prevents chafing.  Keep your skin dry and prevent friction between the thighs, reducing the likelihood of chafing and irritation.  The seamless design helps to prevent any visible lines, ensuring a discreet look under clothing.  Super Breathable Sheer mesh, comfortable enough to wear all day, every day.  Fabric Details\u00a0\uff1a80% Nylon\u00a020% Spandex","og_url":"https:\/\/okseamless.com\/es\/producto\/high-waist-seamless-slip-shorts\/","og_site_name":"Custom Seamless Shapewear and Yoga Wear Manufacturer in China","article_publisher":"https:\/\/www.facebook.com\/share\/1TH24JnBgY\/?mibextid=wwXIfr","og_image":[{"width":1600,"height":1600,"url":"https:\/\/okseamless.com\/wp-content\/uploads\/2025\/04\/DM_20250408184138_002.jpg","type":"image\/jpeg"}],"twitter_card":"summary_large_image","twitter_misc":{"Tiempo de lectura":"1 minuto"},"schema":{"@context":"https:\/\/schema.org","@graph":[{"@type":"WebPage","@id":"https:\/\/okseamless.com\/product\/high-waist-seamless-slip-shorts\/","url":"https:\/\/okseamless.com\/product\/high-waist-seamless-slip-shorts\/","name":"High Waist Seamless Slip Shorts - Custom Seamless Shapewear and Yoga Wear Manufacturer in China","isPartOf":{"@id":"https:\/\/www.okseamless.com\/pt\/#website"},"primaryImageOfPage":{"@id":"https:\/\/okseamless.com\/product\/high-waist-seamless-slip-shorts\/#primaryimage"},"image":{"@id":"https:\/\/okseamless.com\/product\/high-waist-seamless-slip-shorts\/#primaryimage"},"thumbnailUrl":"https:\/\/okseamless.com\/wp-content\/uploads\/2025\/04\/DM_20250408184138_002.jpg","datePublished":"2025-04-11T04:41:57+00:00","breadcrumb":{"@id":"https:\/\/okseamless.com\/product\/high-waist-seamless-slip-shorts\/#breadcrumb"},"inLanguage":"es","potentialAction":[{"@type":"ReadAction","target":["https:\/\/okseamless.com\/product\/high-waist-seamless-slip-shorts\/"]}]},{"@type":"ImageObject","inLanguage":"es","@id":"https:\/\/okseamless.com\/product\/high-waist-seamless-slip-shorts\/#primaryimage","url":"https:\/\/okseamless.com\/wp-content\/uploads\/2025\/04\/DM_20250408184138_002.jpg","contentUrl":"https:\/\/okseamless.com\/wp-content\/uploads\/2025\/04\/DM_20250408184138_002.jpg","width":1600,"height":1600},{"@type":"BreadcrumbList","@id":"https:\/\/okseamless.com\/product\/high-waist-seamless-slip-shorts\/#breadcrumb","itemListElement":[{"@type":"ListItem","position":1,"name":"\u9996\u9875","item":"https:\/\/okseamless.com\/"},{"@type":"ListItem","position":2,"name":"Produtos","item":"https:\/\/www.okseamless.com\/pt\/shop\/"},{"@type":"ListItem","position":3,"name":"High Waist Seamless Slip Shorts"}]},{"@type":"WebSite","@id":"https:\/\/www.okseamless.com\/pt\/#website","url":"https:\/\/www.okseamless.com\/pt\/","name":"Custom Seamless Shapewear and Yoga Wear Manufacturer in China","description":"","publisher":{"@id":"https:\/\/www.okseamless.com\/pt\/#organization"},"potentialAction":[{"@type":"SearchAction","target":{"@type":"EntryPoint","urlTemplate":"https:\/\/www.okseamless.com\/pt\/?s={search_term_string}"},"query-input":{"@type":"PropertyValueSpecification","valueRequired":true,"valueName":"search_term_string"}}],"inLanguage":"es"},{"@type":"Organization","@id":"https:\/\/www.okseamless.com\/pt\/#organization","name":"Custom Seamless Shapewear and Yoga Wear Manufacturer in China","url":"https:\/\/www.okseamless.com\/pt\/","logo":{"@type":"ImageObject","inLanguage":"es","@id":"https:\/\/www.okseamless.com\/pt\/#\/schema\/logo\/image\/","url":"https:\/\/okseamless.com\/wp-content\/uploads\/2025\/03\/LOGO.png","contentUrl":"https:\/\/okseamless.com\/wp-content\/uploads\/2025\/03\/LOGO.png","width":685,"height":218,"caption":"Custom Seamless Shapewear and Yoga Wear Manufacturer in China"},"image":{"@id":"https:\/\/www.okseamless.com\/pt\/#\/schema\/logo\/image\/"},"sameAs":["https:\/\/www.facebook.com\/share\/1TH24JnBgY\/?mibextid=wwXIfr"]}]}},"_links":{"self":[{"href":"https:\/\/okseamless.com\/es\/wp-json\/wp\/v2\/product\/2601","targetHints":{"allow":["GET"]}}],"collection":[{"href":"https:\/\/okseamless.com\/es\/wp-json\/wp\/v2\/product"}],"about":[{"href":"https:\/\/okseamless.com\/es\/wp-json\/wp\/v2\/types\/product"}],"wp:featuredmedia":[{"embeddable":true,"href":"https:\/\/okseamless.com\/es\/wp-json\/wp\/v2\/media\/2604"}],"wp:attachment":[{"href":"https:\/\/okseamless.com\/es\/wp-json\/wp\/v2\/media?parent=2601"}],"wp:term":[{"taxonomy":"product_brand","embeddable":true,"href":"https:\/\/okseamless.com\/es\/wp-json\/wp\/v2\/product_brand?post=2601"},{"taxonomy":"product_cat","embeddable":true,"href":"https:\/\/okseamless.com\/es\/wp-json\/wp\/v2\/product_cat?post=2601"},{"taxonomy":"product_tag","embeddable":true,"href":"https:\/\/okseamless.com\/es\/wp-json\/wp\/v2\/product_tag?post=2601"}],"curies":[{"name":"wp","href":"https:\/\/api.w.org\/{rel}","templated":true}]}}