{"id":2532,"date":"2025-04-11T02:30:12","date_gmt":"2025-04-11T02:30:12","guid":{"rendered":"https:\/\/okseamless.com\/?post_type=product&#038;p=2532"},"modified":"2025-04-11T02:30:12","modified_gmt":"2025-04-11T02:30:12","slug":"womens-padded-butt-lifter-shorts","status":"publish","type":"product","link":"https:\/\/okseamless.com\/es\/producto\/womens-padded-butt-lifter-shorts\/","title":{"rendered":"Pantal\u00f3n corto levantador de gl\u00fateos acolchado para mujer"},"content":{"rendered":"","protected":false},"excerpt":{"rendered":"<p>Modelo: JS025<\/p>\n<p><strong><b>Descripci\u00f3n<\/b><\/strong><\/p>\n<p>\u00bfQuieres sentirte y estar perfecta en cuesti\u00f3n de segundos? Estos pantalones cortos est\u00e1n confeccionados con un tejido suave y el\u00e1stico. Ofrece una protecci\u00f3n superior contra las rozaduras en los muslos en la vida diaria, incluso en situaciones atl\u00e9ticas o activas. Gracias a su c\u00f3modo ajuste, su eficaz moldeado y su elegante dise\u00f1o, es un complemento ideal para cualquier armario.<\/p>\n<p><strong><b>Caracter\u00edsticas<\/b><\/strong><strong><b>:<\/b><\/strong><\/p>\n<ul>\n<li>Relleno de gl\u00fateos incorporado. El relleno de espuma estrat\u00e9gicamente colocado a\u00f1ade volumen y realza la forma de tus gl\u00fateos, d\u00e1ndote un aspecto m\u00e1s voluminoso y redondeado.<\/li>\n<li>El dise\u00f1o de encaje a\u00f1ade un toque de feminidad y elegancia a los pantalones cortos, convirti\u00e9ndolos en una opci\u00f3n elegante y atractiva.<\/li>\n<li>La parte de la cintura de este pantal\u00f3n corto moldeador para el control del vientre de la mujer llega hasta el ombligo y ejerce una compresi\u00f3n moderada para tensar la parte inferior del vientre y eliminar la parte superior de los muffins.<\/li>\n<li>Una gran opci\u00f3n para realzar sus gl\u00fateos y disfrutar al mismo tiempo de los beneficios de una ropa interior c\u00f3moda y de apoyo.<\/li>\n<\/ul>\n<p><strong><b>Detalles del tejido<\/b><\/strong><strong><b>\u00a0\uff1a<\/b><\/strong>85% Nylon 15% Elastano<\/p>","protected":false},"featured_media":2534,"template":"","meta":[],"product_brand":[],"product_cat":[36],"product_tag":[],"class_list":{"0":"post-2532","1":"product","2":"type-product","3":"status-publish","4":"has-post-thumbnail","6":"product_cat-womens-bottoms","8":"first","9":"instock","10":"shipping-taxable","11":"product-type-simple"},"yoast_head":"<!-- This site is optimized with the Yoast SEO plugin v27.4 - https:\/\/yoast.com\/product\/yoast-seo-wordpress\/ -->\n<title>Women&#039;s Padded Butt Lifter Shorts - Custom Seamless Shapewear and Yoga Wear Manufacturer in China<\/title>\n<meta name=\"robots\" content=\"index, follow, max-snippet:-1, max-image-preview:large, max-video-preview:-1\" \/>\n<link rel=\"canonical\" href=\"https:\/\/okseamless.com\/es\/producto\/womens-padded-butt-lifter-shorts\/\" \/>\n<meta property=\"og:locale\" content=\"es_ES\" \/>\n<meta property=\"og:type\" content=\"article\" \/>\n<meta property=\"og:title\" content=\"Women&#039;s Padded Butt Lifter Shorts - Custom Seamless Shapewear and Yoga Wear Manufacturer in China\" \/>\n<meta property=\"og:description\" content=\"Model No:JS025  Description  Want to feel &amp; look your best in seconds? These shorts are made with soft, stretchy fabric. It offers superior thigh chafing protection in daily life, even in athletic or active situations. With its comfortable fit, effective shaping features, and stylish design, it is a great addition to any wardrobe.  Features:   Built-in butt padding. The strategically placed foam padding adds volume and enhances the shape of your buttocks, giving you a fuller and more rounded appearance.  The lace design adds a touch of femininity and elegance to the shorts, making them a stylish and attractive choice.  The waist part of this shapewear shorts for women&#039;s tummy control comes up to the belly button and moderate compression to tighten the lower belly and remove the muffin top.  A great option to enhance your buttocks while also enjoying the benefits of comfortable and supportive undergarments.  Fabric Details\u00a0\uff1a85% Nylon\u00a015% Spandex\" \/>\n<meta property=\"og:url\" content=\"https:\/\/okseamless.com\/es\/producto\/womens-padded-butt-lifter-shorts\/\" \/>\n<meta property=\"og:site_name\" content=\"Custom Seamless Shapewear and Yoga Wear Manufacturer in China\" \/>\n<meta property=\"article:publisher\" content=\"https:\/\/www.facebook.com\/share\/1TH24JnBgY\/?mibextid=wwXIfr\" \/>\n<meta property=\"og:image\" content=\"https:\/\/okseamless.com\/wp-content\/uploads\/2025\/04\/DM_20250408183549_002.jpg\" \/>\n\t<meta property=\"og:image:width\" content=\"1600\" \/>\n\t<meta property=\"og:image:height\" content=\"1600\" \/>\n\t<meta property=\"og:image:type\" content=\"image\/jpeg\" \/>\n<meta name=\"twitter:card\" content=\"summary_large_image\" \/>\n<meta name=\"twitter:label1\" content=\"Tiempo de lectura\" \/>\n\t<meta name=\"twitter:data1\" content=\"1 minuto\" \/>\n<script type=\"application\/ld+json\" class=\"yoast-schema-graph\">{\"@context\":\"https:\\\/\\\/schema.org\",\"@graph\":[{\"@type\":\"WebPage\",\"@id\":\"https:\\\/\\\/okseamless.com\\\/product\\\/womens-padded-butt-lifter-shorts\\\/\",\"url\":\"https:\\\/\\\/okseamless.com\\\/product\\\/womens-padded-butt-lifter-shorts\\\/\",\"name\":\"Women's Padded Butt Lifter Shorts - Custom Seamless Shapewear and Yoga Wear Manufacturer in China\",\"isPartOf\":{\"@id\":\"https:\\\/\\\/www.okseamless.com\\\/pt\\\/#website\"},\"primaryImageOfPage\":{\"@id\":\"https:\\\/\\\/okseamless.com\\\/product\\\/womens-padded-butt-lifter-shorts\\\/#primaryimage\"},\"image\":{\"@id\":\"https:\\\/\\\/okseamless.com\\\/product\\\/womens-padded-butt-lifter-shorts\\\/#primaryimage\"},\"thumbnailUrl\":\"https:\\\/\\\/okseamless.com\\\/wp-content\\\/uploads\\\/2025\\\/04\\\/DM_20250408183549_002.jpg\",\"datePublished\":\"2025-04-11T02:30:12+00:00\",\"breadcrumb\":{\"@id\":\"https:\\\/\\\/okseamless.com\\\/product\\\/womens-padded-butt-lifter-shorts\\\/#breadcrumb\"},\"inLanguage\":\"es\",\"potentialAction\":[{\"@type\":\"ReadAction\",\"target\":[\"https:\\\/\\\/okseamless.com\\\/product\\\/womens-padded-butt-lifter-shorts\\\/\"]}]},{\"@type\":\"ImageObject\",\"inLanguage\":\"es\",\"@id\":\"https:\\\/\\\/okseamless.com\\\/product\\\/womens-padded-butt-lifter-shorts\\\/#primaryimage\",\"url\":\"https:\\\/\\\/okseamless.com\\\/wp-content\\\/uploads\\\/2025\\\/04\\\/DM_20250408183549_002.jpg\",\"contentUrl\":\"https:\\\/\\\/okseamless.com\\\/wp-content\\\/uploads\\\/2025\\\/04\\\/DM_20250408183549_002.jpg\",\"width\":1600,\"height\":1600},{\"@type\":\"BreadcrumbList\",\"@id\":\"https:\\\/\\\/okseamless.com\\\/product\\\/womens-padded-butt-lifter-shorts\\\/#breadcrumb\",\"itemListElement\":[{\"@type\":\"ListItem\",\"position\":1,\"name\":\"\u9996\u9875\",\"item\":\"https:\\\/\\\/okseamless.com\\\/\"},{\"@type\":\"ListItem\",\"position\":2,\"name\":\"Produtos\",\"item\":\"https:\\\/\\\/www.okseamless.com\\\/pt\\\/shop\\\/\"},{\"@type\":\"ListItem\",\"position\":3,\"name\":\"Women&#8217;s Padded Butt Lifter Shorts\"}]},{\"@type\":\"WebSite\",\"@id\":\"https:\\\/\\\/www.okseamless.com\\\/pt\\\/#website\",\"url\":\"https:\\\/\\\/www.okseamless.com\\\/pt\\\/\",\"name\":\"Custom Seamless Shapewear and Yoga Wear Manufacturer in China\",\"description\":\"\",\"publisher\":{\"@id\":\"https:\\\/\\\/www.okseamless.com\\\/pt\\\/#organization\"},\"potentialAction\":[{\"@type\":\"SearchAction\",\"target\":{\"@type\":\"EntryPoint\",\"urlTemplate\":\"https:\\\/\\\/www.okseamless.com\\\/pt\\\/?s={search_term_string}\"},\"query-input\":{\"@type\":\"PropertyValueSpecification\",\"valueRequired\":true,\"valueName\":\"search_term_string\"}}],\"inLanguage\":\"es\"},{\"@type\":\"Organization\",\"@id\":\"https:\\\/\\\/www.okseamless.com\\\/pt\\\/#organization\",\"name\":\"Custom Seamless Shapewear and Yoga Wear Manufacturer in China\",\"url\":\"https:\\\/\\\/www.okseamless.com\\\/pt\\\/\",\"logo\":{\"@type\":\"ImageObject\",\"inLanguage\":\"es\",\"@id\":\"https:\\\/\\\/www.okseamless.com\\\/pt\\\/#\\\/schema\\\/logo\\\/image\\\/\",\"url\":\"https:\\\/\\\/okseamless.com\\\/wp-content\\\/uploads\\\/2025\\\/03\\\/LOGO.png\",\"contentUrl\":\"https:\\\/\\\/okseamless.com\\\/wp-content\\\/uploads\\\/2025\\\/03\\\/LOGO.png\",\"width\":685,\"height\":218,\"caption\":\"Custom Seamless Shapewear and Yoga Wear Manufacturer in China\"},\"image\":{\"@id\":\"https:\\\/\\\/www.okseamless.com\\\/pt\\\/#\\\/schema\\\/logo\\\/image\\\/\"},\"sameAs\":[\"https:\\\/\\\/www.facebook.com\\\/share\\\/1TH24JnBgY\\\/?mibextid=wwXIfr\"]}]}<\/script>\n<!-- \/ Yoast SEO plugin. -->","yoast_head_json":{"title":"Women's Padded Butt Lifter Shorts - Custom Seamless Shapewear and Yoga Wear Manufacturer in China","robots":{"index":"index","follow":"follow","max-snippet":"max-snippet:-1","max-image-preview":"max-image-preview:large","max-video-preview":"max-video-preview:-1"},"canonical":"https:\/\/okseamless.com\/es\/producto\/womens-padded-butt-lifter-shorts\/","og_locale":"es_ES","og_type":"article","og_title":"Women's Padded Butt Lifter Shorts - Custom Seamless Shapewear and Yoga Wear Manufacturer in China","og_description":"Model No:JS025  Description  Want to feel &amp; look your best in seconds? These shorts are made with soft, stretchy fabric. It offers superior thigh chafing protection in daily life, even in athletic or active situations. With its comfortable fit, effective shaping features, and stylish design, it is a great addition to any wardrobe.  Features:   Built-in butt padding. The strategically placed foam padding adds volume and enhances the shape of your buttocks, giving you a fuller and more rounded appearance.  The lace design adds a touch of femininity and elegance to the shorts, making them a stylish and attractive choice.  The waist part of this shapewear shorts for women's tummy control comes up to the belly button and moderate compression to tighten the lower belly and remove the muffin top.  A great option to enhance your buttocks while also enjoying the benefits of comfortable and supportive undergarments.  Fabric Details\u00a0\uff1a85% Nylon\u00a015% Spandex","og_url":"https:\/\/okseamless.com\/es\/producto\/womens-padded-butt-lifter-shorts\/","og_site_name":"Custom Seamless Shapewear and Yoga Wear Manufacturer in China","article_publisher":"https:\/\/www.facebook.com\/share\/1TH24JnBgY\/?mibextid=wwXIfr","og_image":[{"width":1600,"height":1600,"url":"https:\/\/okseamless.com\/wp-content\/uploads\/2025\/04\/DM_20250408183549_002.jpg","type":"image\/jpeg"}],"twitter_card":"summary_large_image","twitter_misc":{"Tiempo de lectura":"1 minuto"},"schema":{"@context":"https:\/\/schema.org","@graph":[{"@type":"WebPage","@id":"https:\/\/okseamless.com\/product\/womens-padded-butt-lifter-shorts\/","url":"https:\/\/okseamless.com\/product\/womens-padded-butt-lifter-shorts\/","name":"Women's Padded Butt Lifter Shorts - Custom Seamless Shapewear and Yoga Wear Manufacturer in China","isPartOf":{"@id":"https:\/\/www.okseamless.com\/pt\/#website"},"primaryImageOfPage":{"@id":"https:\/\/okseamless.com\/product\/womens-padded-butt-lifter-shorts\/#primaryimage"},"image":{"@id":"https:\/\/okseamless.com\/product\/womens-padded-butt-lifter-shorts\/#primaryimage"},"thumbnailUrl":"https:\/\/okseamless.com\/wp-content\/uploads\/2025\/04\/DM_20250408183549_002.jpg","datePublished":"2025-04-11T02:30:12+00:00","breadcrumb":{"@id":"https:\/\/okseamless.com\/product\/womens-padded-butt-lifter-shorts\/#breadcrumb"},"inLanguage":"es","potentialAction":[{"@type":"ReadAction","target":["https:\/\/okseamless.com\/product\/womens-padded-butt-lifter-shorts\/"]}]},{"@type":"ImageObject","inLanguage":"es","@id":"https:\/\/okseamless.com\/product\/womens-padded-butt-lifter-shorts\/#primaryimage","url":"https:\/\/okseamless.com\/wp-content\/uploads\/2025\/04\/DM_20250408183549_002.jpg","contentUrl":"https:\/\/okseamless.com\/wp-content\/uploads\/2025\/04\/DM_20250408183549_002.jpg","width":1600,"height":1600},{"@type":"BreadcrumbList","@id":"https:\/\/okseamless.com\/product\/womens-padded-butt-lifter-shorts\/#breadcrumb","itemListElement":[{"@type":"ListItem","position":1,"name":"\u9996\u9875","item":"https:\/\/okseamless.com\/"},{"@type":"ListItem","position":2,"name":"Produtos","item":"https:\/\/www.okseamless.com\/pt\/shop\/"},{"@type":"ListItem","position":3,"name":"Women&#8217;s Padded Butt Lifter Shorts"}]},{"@type":"WebSite","@id":"https:\/\/www.okseamless.com\/pt\/#website","url":"https:\/\/www.okseamless.com\/pt\/","name":"Custom Seamless Shapewear and Yoga Wear Manufacturer in China","description":"","publisher":{"@id":"https:\/\/www.okseamless.com\/pt\/#organization"},"potentialAction":[{"@type":"SearchAction","target":{"@type":"EntryPoint","urlTemplate":"https:\/\/www.okseamless.com\/pt\/?s={search_term_string}"},"query-input":{"@type":"PropertyValueSpecification","valueRequired":true,"valueName":"search_term_string"}}],"inLanguage":"es"},{"@type":"Organization","@id":"https:\/\/www.okseamless.com\/pt\/#organization","name":"Custom Seamless Shapewear and Yoga Wear Manufacturer in China","url":"https:\/\/www.okseamless.com\/pt\/","logo":{"@type":"ImageObject","inLanguage":"es","@id":"https:\/\/www.okseamless.com\/pt\/#\/schema\/logo\/image\/","url":"https:\/\/okseamless.com\/wp-content\/uploads\/2025\/03\/LOGO.png","contentUrl":"https:\/\/okseamless.com\/wp-content\/uploads\/2025\/03\/LOGO.png","width":685,"height":218,"caption":"Custom Seamless Shapewear and Yoga Wear Manufacturer in China"},"image":{"@id":"https:\/\/www.okseamless.com\/pt\/#\/schema\/logo\/image\/"},"sameAs":["https:\/\/www.facebook.com\/share\/1TH24JnBgY\/?mibextid=wwXIfr"]}]}},"_links":{"self":[{"href":"https:\/\/okseamless.com\/es\/wp-json\/wp\/v2\/product\/2532","targetHints":{"allow":["GET"]}}],"collection":[{"href":"https:\/\/okseamless.com\/es\/wp-json\/wp\/v2\/product"}],"about":[{"href":"https:\/\/okseamless.com\/es\/wp-json\/wp\/v2\/types\/product"}],"wp:featuredmedia":[{"embeddable":true,"href":"https:\/\/okseamless.com\/es\/wp-json\/wp\/v2\/media\/2534"}],"wp:attachment":[{"href":"https:\/\/okseamless.com\/es\/wp-json\/wp\/v2\/media?parent=2532"}],"wp:term":[{"taxonomy":"product_brand","embeddable":true,"href":"https:\/\/okseamless.com\/es\/wp-json\/wp\/v2\/product_brand?post=2532"},{"taxonomy":"product_cat","embeddable":true,"href":"https:\/\/okseamless.com\/es\/wp-json\/wp\/v2\/product_cat?post=2532"},{"taxonomy":"product_tag","embeddable":true,"href":"https:\/\/okseamless.com\/es\/wp-json\/wp\/v2\/product_tag?post=2532"}],"curies":[{"name":"wp","href":"https:\/\/api.w.org\/{rel}","templated":true}]}}