{"id":2424,"date":"2025-04-11T01:50:59","date_gmt":"2025-04-11T01:50:59","guid":{"rendered":"https:\/\/okseamless.com\/?post_type=product&#038;p=2424"},"modified":"2025-04-11T01:50:59","modified_gmt":"2025-04-11T01:50:59","slug":"arm-shaper-crop-tops","status":"publish","type":"product","link":"https:\/\/okseamless.com\/es\/producto\/arm-shaper-crop-tops\/","title":{"rendered":"Blusas reductoras"},"content":{"rendered":"","protected":false},"excerpt":{"rendered":"<p>Modelo NO:JS014<\/p>\n<p>Este top moldeador alisa la parte superior de los brazos y la espalda. Las bandas correctoras de postura entrecruzadas en la espalda ofrecen soporte a la misma. Tiene un dise\u00f1o especial en la parte delantera para centrar ligeramente el pecho. Un cierre frontal de corchetes te permite crear el ajuste perfecto. Adem\u00e1s, nuestro tejido sin costuras no se notar\u00e1 bajo la ropa.<\/p>\n<p><strong>Caracter\u00edsticas<\/strong><\/p>\n<ul>\n<li>Su dise\u00f1o de media manga proporciona una fuerte compresi\u00f3n en brazos y espalda.<\/li>\n<li>El dise\u00f1o en forma de U te ayuda a evitar que el pecho se caiga y a recoger el pecho de forma eficaz.<\/li>\n<li>Confeccionada con tejido el\u00e1stico, tiene un suave dise\u00f1o de efecto sujetador push-up.<\/li>\n<li>El chaleco de compresi\u00f3n adelgazante para brazos, con ganchos ajustables, es f\u00e1cil de llevar y puede ajustarlo para que quede siempre bien ce\u00f1ido.<\/li>\n<\/ul>","protected":false},"featured_media":2428,"template":"","meta":[],"product_brand":[],"product_cat":[35],"product_tag":[],"class_list":{"0":"post-2424","1":"product","2":"type-product","3":"status-publish","4":"has-post-thumbnail","6":"product_cat-womens-tops","8":"first","9":"instock","10":"shipping-taxable","11":"product-type-simple"},"yoast_head":"<!-- This site is optimized with the Yoast SEO plugin v27.4 - https:\/\/yoast.com\/product\/yoast-seo-wordpress\/ -->\n<title>Arm Shaper Crop Tops - Custom Seamless Shapewear and Yoga Wear Manufacturer in China<\/title>\n<meta name=\"robots\" content=\"index, follow, max-snippet:-1, max-image-preview:large, max-video-preview:-1\" \/>\n<link rel=\"canonical\" href=\"https:\/\/www.okseamless.com\/product\/arm-shaper-crop-tops\/\" \/>\n<meta property=\"og:locale\" content=\"es_ES\" \/>\n<meta property=\"og:type\" content=\"article\" \/>\n<meta property=\"og:title\" content=\"Arm Shaper Crop Tops - Custom Seamless Shapewear and Yoga Wear Manufacturer in China\" \/>\n<meta property=\"og:description\" content=\"Model NO:JS014  This shaper top smooths out your upper arms and your back. The criss-cross posture corrector bands in the back offer back support. It has a special design in the front to lightly center the bust. A front hook-and-eye closure lets you create the perfect fit. Plus, our seamless fabric won&#039;t show under your clothes.  Features   Feature with half sleeve length design gives strong compression on your arms and back flab.  The U-shape design helps you prevent your chest from dropping and gathering the breast effectively.  Made with stretchy fabric, has a\u00a0 mild push-up bra effect design.  The slimming arm compression vest with adjustable hooks, is easy to wear and you can adjust it for a snug fit at all times.\" \/>\n<meta property=\"og:url\" content=\"https:\/\/www.okseamless.com\/product\/arm-shaper-crop-tops\/\" \/>\n<meta property=\"og:site_name\" content=\"Custom Seamless Shapewear and Yoga Wear Manufacturer in China\" \/>\n<meta property=\"article:publisher\" content=\"https:\/\/www.facebook.com\/share\/1TH24JnBgY\/?mibextid=wwXIfr\" \/>\n<meta property=\"og:image\" content=\"https:\/\/www.okseamless.com\/wp-content\/uploads\/2025\/04\/DM_20250408164441_002.jpg\" \/>\n\t<meta property=\"og:image:width\" content=\"1600\" \/>\n\t<meta property=\"og:image:height\" content=\"1600\" \/>\n\t<meta property=\"og:image:type\" content=\"image\/jpeg\" \/>\n<meta name=\"twitter:card\" content=\"summary_large_image\" \/>\n<meta name=\"twitter:label1\" content=\"Tiempo de lectura\" \/>\n\t<meta name=\"twitter:data1\" content=\"1 minuto\" \/>\n<script type=\"application\/ld+json\" class=\"yoast-schema-graph\">{\"@context\":\"https:\\\/\\\/schema.org\",\"@graph\":[{\"@type\":\"WebPage\",\"@id\":\"https:\\\/\\\/www.okseamless.com\\\/product\\\/arm-shaper-crop-tops\\\/\",\"url\":\"https:\\\/\\\/www.okseamless.com\\\/product\\\/arm-shaper-crop-tops\\\/\",\"name\":\"Arm Shaper Crop Tops - Custom Seamless Shapewear and Yoga Wear Manufacturer in China\",\"isPartOf\":{\"@id\":\"https:\\\/\\\/www.okseamless.com\\\/pt\\\/#website\"},\"primaryImageOfPage\":{\"@id\":\"https:\\\/\\\/www.okseamless.com\\\/product\\\/arm-shaper-crop-tops\\\/#primaryimage\"},\"image\":{\"@id\":\"https:\\\/\\\/www.okseamless.com\\\/product\\\/arm-shaper-crop-tops\\\/#primaryimage\"},\"thumbnailUrl\":\"https:\\\/\\\/okseamless.com\\\/wp-content\\\/uploads\\\/2025\\\/04\\\/DM_20250408164441_002.jpg\",\"datePublished\":\"2025-04-11T01:50:59+00:00\",\"breadcrumb\":{\"@id\":\"https:\\\/\\\/www.okseamless.com\\\/product\\\/arm-shaper-crop-tops\\\/#breadcrumb\"},\"inLanguage\":\"es\",\"potentialAction\":[{\"@type\":\"ReadAction\",\"target\":[\"https:\\\/\\\/www.okseamless.com\\\/product\\\/arm-shaper-crop-tops\\\/\"]}]},{\"@type\":\"ImageObject\",\"inLanguage\":\"es\",\"@id\":\"https:\\\/\\\/www.okseamless.com\\\/product\\\/arm-shaper-crop-tops\\\/#primaryimage\",\"url\":\"https:\\\/\\\/okseamless.com\\\/wp-content\\\/uploads\\\/2025\\\/04\\\/DM_20250408164441_002.jpg\",\"contentUrl\":\"https:\\\/\\\/okseamless.com\\\/wp-content\\\/uploads\\\/2025\\\/04\\\/DM_20250408164441_002.jpg\",\"width\":1600,\"height\":1600},{\"@type\":\"BreadcrumbList\",\"@id\":\"https:\\\/\\\/www.okseamless.com\\\/product\\\/arm-shaper-crop-tops\\\/#breadcrumb\",\"itemListElement\":[{\"@type\":\"ListItem\",\"position\":1,\"name\":\"\u9996\u9875\",\"item\":\"https:\\\/\\\/okseamless.com\\\/\"},{\"@type\":\"ListItem\",\"position\":2,\"name\":\"Produtos\",\"item\":\"https:\\\/\\\/www.okseamless.com\\\/pt\\\/shop\\\/\"},{\"@type\":\"ListItem\",\"position\":3,\"name\":\"Arm Shaper Crop Tops\"}]},{\"@type\":\"WebSite\",\"@id\":\"https:\\\/\\\/www.okseamless.com\\\/pt\\\/#website\",\"url\":\"https:\\\/\\\/www.okseamless.com\\\/pt\\\/\",\"name\":\"Custom Seamless Shapewear and Yoga Wear Manufacturer in China\",\"description\":\"\",\"publisher\":{\"@id\":\"https:\\\/\\\/www.okseamless.com\\\/pt\\\/#organization\"},\"potentialAction\":[{\"@type\":\"SearchAction\",\"target\":{\"@type\":\"EntryPoint\",\"urlTemplate\":\"https:\\\/\\\/www.okseamless.com\\\/pt\\\/?s={search_term_string}\"},\"query-input\":{\"@type\":\"PropertyValueSpecification\",\"valueRequired\":true,\"valueName\":\"search_term_string\"}}],\"inLanguage\":\"es\"},{\"@type\":\"Organization\",\"@id\":\"https:\\\/\\\/www.okseamless.com\\\/pt\\\/#organization\",\"name\":\"Custom Seamless Shapewear and Yoga Wear Manufacturer in China\",\"url\":\"https:\\\/\\\/www.okseamless.com\\\/pt\\\/\",\"logo\":{\"@type\":\"ImageObject\",\"inLanguage\":\"es\",\"@id\":\"https:\\\/\\\/www.okseamless.com\\\/pt\\\/#\\\/schema\\\/logo\\\/image\\\/\",\"url\":\"https:\\\/\\\/okseamless.com\\\/wp-content\\\/uploads\\\/2025\\\/03\\\/LOGO.png\",\"contentUrl\":\"https:\\\/\\\/okseamless.com\\\/wp-content\\\/uploads\\\/2025\\\/03\\\/LOGO.png\",\"width\":685,\"height\":218,\"caption\":\"Custom Seamless Shapewear and Yoga Wear Manufacturer in China\"},\"image\":{\"@id\":\"https:\\\/\\\/www.okseamless.com\\\/pt\\\/#\\\/schema\\\/logo\\\/image\\\/\"},\"sameAs\":[\"https:\\\/\\\/www.facebook.com\\\/share\\\/1TH24JnBgY\\\/?mibextid=wwXIfr\"]}]}<\/script>\n<!-- \/ Yoast SEO plugin. -->","yoast_head_json":{"title":"Arm Shaper Crop Tops - Custom Seamless Shapewear and Yoga Wear Manufacturer in China","robots":{"index":"index","follow":"follow","max-snippet":"max-snippet:-1","max-image-preview":"max-image-preview:large","max-video-preview":"max-video-preview:-1"},"canonical":"https:\/\/www.okseamless.com\/product\/arm-shaper-crop-tops\/","og_locale":"es_ES","og_type":"article","og_title":"Arm Shaper Crop Tops - Custom Seamless Shapewear and Yoga Wear Manufacturer in China","og_description":"Model NO:JS014  This shaper top smooths out your upper arms and your back. The criss-cross posture corrector bands in the back offer back support. It has a special design in the front to lightly center the bust. A front hook-and-eye closure lets you create the perfect fit. Plus, our seamless fabric won't show under your clothes.  Features   Feature with half sleeve length design gives strong compression on your arms and back flab.  The U-shape design helps you prevent your chest from dropping and gathering the breast effectively.  Made with stretchy fabric, has a\u00a0 mild push-up bra effect design.  The slimming arm compression vest with adjustable hooks, is easy to wear and you can adjust it for a snug fit at all times.","og_url":"https:\/\/www.okseamless.com\/product\/arm-shaper-crop-tops\/","og_site_name":"Custom Seamless Shapewear and Yoga Wear Manufacturer in China","article_publisher":"https:\/\/www.facebook.com\/share\/1TH24JnBgY\/?mibextid=wwXIfr","og_image":[{"width":1600,"height":1600,"url":"https:\/\/www.okseamless.com\/wp-content\/uploads\/2025\/04\/DM_20250408164441_002.jpg","type":"image\/jpeg"}],"twitter_card":"summary_large_image","twitter_misc":{"Tiempo de lectura":"1 minuto"},"schema":{"@context":"https:\/\/schema.org","@graph":[{"@type":"WebPage","@id":"https:\/\/www.okseamless.com\/product\/arm-shaper-crop-tops\/","url":"https:\/\/www.okseamless.com\/product\/arm-shaper-crop-tops\/","name":"Arm Shaper Crop Tops - Custom Seamless Shapewear and Yoga Wear Manufacturer in China","isPartOf":{"@id":"https:\/\/www.okseamless.com\/pt\/#website"},"primaryImageOfPage":{"@id":"https:\/\/www.okseamless.com\/product\/arm-shaper-crop-tops\/#primaryimage"},"image":{"@id":"https:\/\/www.okseamless.com\/product\/arm-shaper-crop-tops\/#primaryimage"},"thumbnailUrl":"https:\/\/okseamless.com\/wp-content\/uploads\/2025\/04\/DM_20250408164441_002.jpg","datePublished":"2025-04-11T01:50:59+00:00","breadcrumb":{"@id":"https:\/\/www.okseamless.com\/product\/arm-shaper-crop-tops\/#breadcrumb"},"inLanguage":"es","potentialAction":[{"@type":"ReadAction","target":["https:\/\/www.okseamless.com\/product\/arm-shaper-crop-tops\/"]}]},{"@type":"ImageObject","inLanguage":"es","@id":"https:\/\/www.okseamless.com\/product\/arm-shaper-crop-tops\/#primaryimage","url":"https:\/\/okseamless.com\/wp-content\/uploads\/2025\/04\/DM_20250408164441_002.jpg","contentUrl":"https:\/\/okseamless.com\/wp-content\/uploads\/2025\/04\/DM_20250408164441_002.jpg","width":1600,"height":1600},{"@type":"BreadcrumbList","@id":"https:\/\/www.okseamless.com\/product\/arm-shaper-crop-tops\/#breadcrumb","itemListElement":[{"@type":"ListItem","position":1,"name":"\u9996\u9875","item":"https:\/\/okseamless.com\/"},{"@type":"ListItem","position":2,"name":"Produtos","item":"https:\/\/www.okseamless.com\/pt\/shop\/"},{"@type":"ListItem","position":3,"name":"Arm Shaper Crop Tops"}]},{"@type":"WebSite","@id":"https:\/\/www.okseamless.com\/pt\/#website","url":"https:\/\/www.okseamless.com\/pt\/","name":"Custom Seamless Shapewear and Yoga Wear Manufacturer in China","description":"","publisher":{"@id":"https:\/\/www.okseamless.com\/pt\/#organization"},"potentialAction":[{"@type":"SearchAction","target":{"@type":"EntryPoint","urlTemplate":"https:\/\/www.okseamless.com\/pt\/?s={search_term_string}"},"query-input":{"@type":"PropertyValueSpecification","valueRequired":true,"valueName":"search_term_string"}}],"inLanguage":"es"},{"@type":"Organization","@id":"https:\/\/www.okseamless.com\/pt\/#organization","name":"Custom Seamless Shapewear and Yoga Wear Manufacturer in China","url":"https:\/\/www.okseamless.com\/pt\/","logo":{"@type":"ImageObject","inLanguage":"es","@id":"https:\/\/www.okseamless.com\/pt\/#\/schema\/logo\/image\/","url":"https:\/\/okseamless.com\/wp-content\/uploads\/2025\/03\/LOGO.png","contentUrl":"https:\/\/okseamless.com\/wp-content\/uploads\/2025\/03\/LOGO.png","width":685,"height":218,"caption":"Custom Seamless Shapewear and Yoga Wear Manufacturer in China"},"image":{"@id":"https:\/\/www.okseamless.com\/pt\/#\/schema\/logo\/image\/"},"sameAs":["https:\/\/www.facebook.com\/share\/1TH24JnBgY\/?mibextid=wwXIfr"]}]}},"_links":{"self":[{"href":"https:\/\/okseamless.com\/es\/wp-json\/wp\/v2\/product\/2424","targetHints":{"allow":["GET"]}}],"collection":[{"href":"https:\/\/okseamless.com\/es\/wp-json\/wp\/v2\/product"}],"about":[{"href":"https:\/\/okseamless.com\/es\/wp-json\/wp\/v2\/types\/product"}],"wp:featuredmedia":[{"embeddable":true,"href":"https:\/\/okseamless.com\/es\/wp-json\/wp\/v2\/media\/2428"}],"wp:attachment":[{"href":"https:\/\/okseamless.com\/es\/wp-json\/wp\/v2\/media?parent=2424"}],"wp:term":[{"taxonomy":"product_brand","embeddable":true,"href":"https:\/\/okseamless.com\/es\/wp-json\/wp\/v2\/product_brand?post=2424"},{"taxonomy":"product_cat","embeddable":true,"href":"https:\/\/okseamless.com\/es\/wp-json\/wp\/v2\/product_cat?post=2424"},{"taxonomy":"product_tag","embeddable":true,"href":"https:\/\/okseamless.com\/es\/wp-json\/wp\/v2\/product_tag?post=2424"}],"curies":[{"name":"wp","href":"https:\/\/api.w.org\/{rel}","templated":true}]}}