{"id":1926,"date":"2025-04-08T13:12:11","date_gmt":"2025-04-08T13:12:11","guid":{"rendered":"https:\/\/okseamless.com\/?post_type=product&#038;p=1926"},"modified":"2025-04-08T13:12:11","modified_gmt":"2025-04-08T13:12:11","slug":"everyday-seamless-wireless-push-up-bra","status":"publish","type":"product","link":"https:\/\/okseamless.com\/es\/producto\/everyday-seamless-wireless-push-up-bra\/","title":{"rendered":"Sujetador push up sin aros Everyday Seamless"},"content":{"rendered":"<p>&nbsp;<\/p>","protected":false},"excerpt":{"rendered":"<p><strong><b>Caracter\u00edsticas<\/b><\/strong><strong><b>:<\/b><\/strong><\/p>\n<ul>\n<li>Correas antideslizantes y anchas: Las correas antideslizantes alivian la presi\u00f3n sobre los hombros y a\u00f1aden comodidad.<\/li>\n<li>Almohadillas pectorales fijas: La almohadilla para el pecho se fija alrededor, fijaci\u00f3n no sensorial, no se corre la copa, tiene m\u00e1s forma y la limpieza es m\u00e1s f\u00e1cil.<\/li>\n<li>Hebilla trasera ajustable: Cuatro filas y ajuste de hebilla trasera multibot\u00f3n, f\u00e1cil de poner y quitar.<\/li>\n<li>Silueta cl\u00e1sica de sujetador de diario, a la moda y duradera, vers\u00e1til tanto para interior como para satisfacer diversos estilos diarios, creando sin esfuerzo m\u00faltiples estilos de moda.<\/li>\n<\/ul>\n<p>&nbsp;<\/p>\n<p><strong><b>Detalles del tejido<\/b><\/strong><\/p>\n<p>Nylon: 80%<\/p>\n<p>Spandex: 20%<\/p>","protected":false},"featured_media":1931,"template":"","meta":[],"product_brand":[],"product_cat":[35],"product_tag":[],"class_list":{"0":"post-1926","1":"product","2":"type-product","3":"status-publish","4":"has-post-thumbnail","6":"product_cat-womens-tops","8":"first","9":"instock","10":"shipping-taxable","11":"product-type-simple"},"yoast_head":"<!-- This site is optimized with the Yoast SEO plugin v27.4 - https:\/\/yoast.com\/product\/yoast-seo-wordpress\/ -->\n<title>Everyday Seamless Wireless Push Up Bra - Custom Seamless Shapewear and Yoga Wear Manufacturer in China<\/title>\n<meta name=\"robots\" content=\"index, follow, max-snippet:-1, max-image-preview:large, max-video-preview:-1\" \/>\n<link rel=\"canonical\" href=\"https:\/\/okseamless.com\/es\/producto\/everyday-seamless-wireless-push-up-bra\/\" \/>\n<meta property=\"og:locale\" content=\"es_ES\" \/>\n<meta property=\"og:type\" content=\"article\" \/>\n<meta property=\"og:title\" content=\"Everyday Seamless Wireless Push Up Bra - Custom Seamless Shapewear and Yoga Wear Manufacturer in China\" \/>\n<meta property=\"og:description\" content=\"Features:   Non-slip &amp; Wide Straps: Anti-slip straps relieves shoulder pressure &amp; added comfort.  Fixed Chest Pads: The chest pad is fixed around, non-sensory fixation, no cup running, more shapely and cleaning is easier.  Adjustable Back Buckle: Four rows and multi-button back buckle adjustment, easy putting on and taking off.  Classic everyday bra silhouette, fashionable and durable, versatile for both inner and meeting various daily styles, effortlessly creating multiple trendy styles.  &nbsp;  Fabric Details  Nylon: 80%  Spandex: 20%\" \/>\n<meta property=\"og:url\" content=\"https:\/\/okseamless.com\/es\/producto\/everyday-seamless-wireless-push-up-bra\/\" \/>\n<meta property=\"og:site_name\" content=\"Custom Seamless Shapewear and Yoga Wear Manufacturer in China\" \/>\n<meta property=\"article:publisher\" content=\"https:\/\/www.facebook.com\/share\/1TH24JnBgY\/?mibextid=wwXIfr\" \/>\n<meta property=\"og:image\" content=\"https:\/\/okseamless.com\/wp-content\/uploads\/2025\/04\/DM_20250408155833_002.jpg\" \/>\n\t<meta property=\"og:image:width\" content=\"1600\" \/>\n\t<meta property=\"og:image:height\" content=\"1600\" \/>\n\t<meta property=\"og:image:type\" content=\"image\/jpeg\" \/>\n<meta name=\"twitter:card\" content=\"summary_large_image\" \/>\n<meta name=\"twitter:label1\" content=\"Tiempo de lectura\" \/>\n\t<meta name=\"twitter:data1\" content=\"1 minuto\" \/>\n<script type=\"application\/ld+json\" class=\"yoast-schema-graph\">{\"@context\":\"https:\\\/\\\/schema.org\",\"@graph\":[{\"@type\":\"WebPage\",\"@id\":\"https:\\\/\\\/okseamless.com\\\/product\\\/everyday-seamless-wireless-push-up-bra\\\/\",\"url\":\"https:\\\/\\\/okseamless.com\\\/product\\\/everyday-seamless-wireless-push-up-bra\\\/\",\"name\":\"Everyday Seamless Wireless Push Up Bra - Custom Seamless Shapewear and Yoga Wear Manufacturer in China\",\"isPartOf\":{\"@id\":\"https:\\\/\\\/www.okseamless.com\\\/pt\\\/#website\"},\"primaryImageOfPage\":{\"@id\":\"https:\\\/\\\/okseamless.com\\\/product\\\/everyday-seamless-wireless-push-up-bra\\\/#primaryimage\"},\"image\":{\"@id\":\"https:\\\/\\\/okseamless.com\\\/product\\\/everyday-seamless-wireless-push-up-bra\\\/#primaryimage\"},\"thumbnailUrl\":\"https:\\\/\\\/okseamless.com\\\/wp-content\\\/uploads\\\/2025\\\/04\\\/DM_20250408155833_002.jpg\",\"datePublished\":\"2025-04-08T13:12:11+00:00\",\"breadcrumb\":{\"@id\":\"https:\\\/\\\/okseamless.com\\\/product\\\/everyday-seamless-wireless-push-up-bra\\\/#breadcrumb\"},\"inLanguage\":\"es\",\"potentialAction\":[{\"@type\":\"ReadAction\",\"target\":[\"https:\\\/\\\/okseamless.com\\\/product\\\/everyday-seamless-wireless-push-up-bra\\\/\"]}]},{\"@type\":\"ImageObject\",\"inLanguage\":\"es\",\"@id\":\"https:\\\/\\\/okseamless.com\\\/product\\\/everyday-seamless-wireless-push-up-bra\\\/#primaryimage\",\"url\":\"https:\\\/\\\/okseamless.com\\\/wp-content\\\/uploads\\\/2025\\\/04\\\/DM_20250408155833_002.jpg\",\"contentUrl\":\"https:\\\/\\\/okseamless.com\\\/wp-content\\\/uploads\\\/2025\\\/04\\\/DM_20250408155833_002.jpg\",\"width\":1600,\"height\":1600},{\"@type\":\"BreadcrumbList\",\"@id\":\"https:\\\/\\\/okseamless.com\\\/product\\\/everyday-seamless-wireless-push-up-bra\\\/#breadcrumb\",\"itemListElement\":[{\"@type\":\"ListItem\",\"position\":1,\"name\":\"\u9996\u9875\",\"item\":\"https:\\\/\\\/okseamless.com\\\/\"},{\"@type\":\"ListItem\",\"position\":2,\"name\":\"Produtos\",\"item\":\"https:\\\/\\\/www.okseamless.com\\\/pt\\\/shop\\\/\"},{\"@type\":\"ListItem\",\"position\":3,\"name\":\"Everyday Seamless Wireless Push Up Bra\"}]},{\"@type\":\"WebSite\",\"@id\":\"https:\\\/\\\/www.okseamless.com\\\/pt\\\/#website\",\"url\":\"https:\\\/\\\/www.okseamless.com\\\/pt\\\/\",\"name\":\"Custom Seamless Shapewear and Yoga Wear Manufacturer in China\",\"description\":\"\",\"publisher\":{\"@id\":\"https:\\\/\\\/www.okseamless.com\\\/pt\\\/#organization\"},\"potentialAction\":[{\"@type\":\"SearchAction\",\"target\":{\"@type\":\"EntryPoint\",\"urlTemplate\":\"https:\\\/\\\/www.okseamless.com\\\/pt\\\/?s={search_term_string}\"},\"query-input\":{\"@type\":\"PropertyValueSpecification\",\"valueRequired\":true,\"valueName\":\"search_term_string\"}}],\"inLanguage\":\"es\"},{\"@type\":\"Organization\",\"@id\":\"https:\\\/\\\/www.okseamless.com\\\/pt\\\/#organization\",\"name\":\"Custom Seamless Shapewear and Yoga Wear Manufacturer in China\",\"url\":\"https:\\\/\\\/www.okseamless.com\\\/pt\\\/\",\"logo\":{\"@type\":\"ImageObject\",\"inLanguage\":\"es\",\"@id\":\"https:\\\/\\\/www.okseamless.com\\\/pt\\\/#\\\/schema\\\/logo\\\/image\\\/\",\"url\":\"https:\\\/\\\/okseamless.com\\\/wp-content\\\/uploads\\\/2025\\\/03\\\/LOGO.png\",\"contentUrl\":\"https:\\\/\\\/okseamless.com\\\/wp-content\\\/uploads\\\/2025\\\/03\\\/LOGO.png\",\"width\":685,\"height\":218,\"caption\":\"Custom Seamless Shapewear and Yoga Wear Manufacturer in China\"},\"image\":{\"@id\":\"https:\\\/\\\/www.okseamless.com\\\/pt\\\/#\\\/schema\\\/logo\\\/image\\\/\"},\"sameAs\":[\"https:\\\/\\\/www.facebook.com\\\/share\\\/1TH24JnBgY\\\/?mibextid=wwXIfr\"]}]}<\/script>\n<!-- \/ Yoast SEO plugin. -->","yoast_head_json":{"title":"Everyday Seamless Wireless Push Up Bra - Custom Seamless Shapewear and Yoga Wear Manufacturer in China","robots":{"index":"index","follow":"follow","max-snippet":"max-snippet:-1","max-image-preview":"max-image-preview:large","max-video-preview":"max-video-preview:-1"},"canonical":"https:\/\/okseamless.com\/es\/producto\/everyday-seamless-wireless-push-up-bra\/","og_locale":"es_ES","og_type":"article","og_title":"Everyday Seamless Wireless Push Up Bra - Custom Seamless Shapewear and Yoga Wear Manufacturer in China","og_description":"Features:   Non-slip &amp; Wide Straps: Anti-slip straps relieves shoulder pressure &amp; added comfort.  Fixed Chest Pads: The chest pad is fixed around, non-sensory fixation, no cup running, more shapely and cleaning is easier.  Adjustable Back Buckle: Four rows and multi-button back buckle adjustment, easy putting on and taking off.  Classic everyday bra silhouette, fashionable and durable, versatile for both inner and meeting various daily styles, effortlessly creating multiple trendy styles.  &nbsp;  Fabric Details  Nylon: 80%  Spandex: 20%","og_url":"https:\/\/okseamless.com\/es\/producto\/everyday-seamless-wireless-push-up-bra\/","og_site_name":"Custom Seamless Shapewear and Yoga Wear Manufacturer in China","article_publisher":"https:\/\/www.facebook.com\/share\/1TH24JnBgY\/?mibextid=wwXIfr","og_image":[{"width":1600,"height":1600,"url":"https:\/\/okseamless.com\/wp-content\/uploads\/2025\/04\/DM_20250408155833_002.jpg","type":"image\/jpeg"}],"twitter_card":"summary_large_image","twitter_misc":{"Tiempo de lectura":"1 minuto"},"schema":{"@context":"https:\/\/schema.org","@graph":[{"@type":"WebPage","@id":"https:\/\/okseamless.com\/product\/everyday-seamless-wireless-push-up-bra\/","url":"https:\/\/okseamless.com\/product\/everyday-seamless-wireless-push-up-bra\/","name":"Everyday Seamless Wireless Push Up Bra - Custom Seamless Shapewear and Yoga Wear Manufacturer in China","isPartOf":{"@id":"https:\/\/www.okseamless.com\/pt\/#website"},"primaryImageOfPage":{"@id":"https:\/\/okseamless.com\/product\/everyday-seamless-wireless-push-up-bra\/#primaryimage"},"image":{"@id":"https:\/\/okseamless.com\/product\/everyday-seamless-wireless-push-up-bra\/#primaryimage"},"thumbnailUrl":"https:\/\/okseamless.com\/wp-content\/uploads\/2025\/04\/DM_20250408155833_002.jpg","datePublished":"2025-04-08T13:12:11+00:00","breadcrumb":{"@id":"https:\/\/okseamless.com\/product\/everyday-seamless-wireless-push-up-bra\/#breadcrumb"},"inLanguage":"es","potentialAction":[{"@type":"ReadAction","target":["https:\/\/okseamless.com\/product\/everyday-seamless-wireless-push-up-bra\/"]}]},{"@type":"ImageObject","inLanguage":"es","@id":"https:\/\/okseamless.com\/product\/everyday-seamless-wireless-push-up-bra\/#primaryimage","url":"https:\/\/okseamless.com\/wp-content\/uploads\/2025\/04\/DM_20250408155833_002.jpg","contentUrl":"https:\/\/okseamless.com\/wp-content\/uploads\/2025\/04\/DM_20250408155833_002.jpg","width":1600,"height":1600},{"@type":"BreadcrumbList","@id":"https:\/\/okseamless.com\/product\/everyday-seamless-wireless-push-up-bra\/#breadcrumb","itemListElement":[{"@type":"ListItem","position":1,"name":"\u9996\u9875","item":"https:\/\/okseamless.com\/"},{"@type":"ListItem","position":2,"name":"Produtos","item":"https:\/\/www.okseamless.com\/pt\/shop\/"},{"@type":"ListItem","position":3,"name":"Everyday Seamless Wireless Push Up Bra"}]},{"@type":"WebSite","@id":"https:\/\/www.okseamless.com\/pt\/#website","url":"https:\/\/www.okseamless.com\/pt\/","name":"Custom Seamless Shapewear and Yoga Wear Manufacturer in China","description":"","publisher":{"@id":"https:\/\/www.okseamless.com\/pt\/#organization"},"potentialAction":[{"@type":"SearchAction","target":{"@type":"EntryPoint","urlTemplate":"https:\/\/www.okseamless.com\/pt\/?s={search_term_string}"},"query-input":{"@type":"PropertyValueSpecification","valueRequired":true,"valueName":"search_term_string"}}],"inLanguage":"es"},{"@type":"Organization","@id":"https:\/\/www.okseamless.com\/pt\/#organization","name":"Custom Seamless Shapewear and Yoga Wear Manufacturer in China","url":"https:\/\/www.okseamless.com\/pt\/","logo":{"@type":"ImageObject","inLanguage":"es","@id":"https:\/\/www.okseamless.com\/pt\/#\/schema\/logo\/image\/","url":"https:\/\/okseamless.com\/wp-content\/uploads\/2025\/03\/LOGO.png","contentUrl":"https:\/\/okseamless.com\/wp-content\/uploads\/2025\/03\/LOGO.png","width":685,"height":218,"caption":"Custom Seamless Shapewear and Yoga Wear Manufacturer in China"},"image":{"@id":"https:\/\/www.okseamless.com\/pt\/#\/schema\/logo\/image\/"},"sameAs":["https:\/\/www.facebook.com\/share\/1TH24JnBgY\/?mibextid=wwXIfr"]}]}},"_links":{"self":[{"href":"https:\/\/okseamless.com\/es\/wp-json\/wp\/v2\/product\/1926","targetHints":{"allow":["GET"]}}],"collection":[{"href":"https:\/\/okseamless.com\/es\/wp-json\/wp\/v2\/product"}],"about":[{"href":"https:\/\/okseamless.com\/es\/wp-json\/wp\/v2\/types\/product"}],"wp:featuredmedia":[{"embeddable":true,"href":"https:\/\/okseamless.com\/es\/wp-json\/wp\/v2\/media\/1931"}],"wp:attachment":[{"href":"https:\/\/okseamless.com\/es\/wp-json\/wp\/v2\/media?parent=1926"}],"wp:term":[{"taxonomy":"product_brand","embeddable":true,"href":"https:\/\/okseamless.com\/es\/wp-json\/wp\/v2\/product_brand?post=1926"},{"taxonomy":"product_cat","embeddable":true,"href":"https:\/\/okseamless.com\/es\/wp-json\/wp\/v2\/product_cat?post=1926"},{"taxonomy":"product_tag","embeddable":true,"href":"https:\/\/okseamless.com\/es\/wp-json\/wp\/v2\/product_tag?post=1926"}],"curies":[{"name":"wp","href":"https:\/\/api.w.org\/{rel}","templated":true}]}}