{"id":1759,"date":"2025-04-08T02:10:50","date_gmt":"2025-04-08T02:10:50","guid":{"rendered":"https:\/\/okseamless.com\/?post_type=product&#038;p=1759"},"modified":"2025-04-12T06:58:14","modified_gmt":"2025-04-12T06:58:14","slug":"shapewear-jumpsuit-long-sleeve-high-waist-waist-waist-thighs-slim-fit-open-shapewear-jumpsuit","status":"publish","type":"product","link":"https:\/\/okseamless.com\/es\/producto\/shapewear-jumpsuit-long-sleeve-high-waist-waist-waist-thighs-slim-fit-open-shapewear-jumpsuit\/","title":{"rendered":"Venta al Mayor Cors\u00e9 de Manga Larga con Cremallera Control de Barriga Gluteos Body Shaper para Mujer"},"content":{"rendered":"","protected":false},"excerpt":{"rendered":"<p>Modelo: CY016<\/p>\n<p><strong><b>Caracter\u00edstica<\/b><\/strong><\/p>\n<p>Dise\u00f1ado con cord\u00f3n antideslizante, evitar theembarrassment que el cord\u00f3n de la pierna rolingup al caminar.<\/p>\n<ul>\n<li><b><\/b><strong><b>Manguito moldeador de la parte superior del brazo:<\/b><\/strong><\/li>\n<\/ul>\n<p>Controla la grasa floja de los brazos<\/p>\n<ul>\n<li><b><\/b><strong><b>Dise\u00f1o de busto abierto en forma de U:<\/b><\/strong><\/li>\n<\/ul>\n<p>Sostener y apoyar el pecho<\/p>\n<ul>\n<li><b><\/b><strong><b>Cierre de cremallera y ganchos:<\/b><\/strong><\/li>\n<\/ul>\n<p>Alise y aplane la parte superior de la magdalena<\/p>\n<ul>\n<li><b><\/b><strong><b>Dobladillo de encaje antideslizante en el muslo:<\/b><\/strong><\/li>\n<\/ul>\n<p>Reduce la grasa de las piernas y evita que se enrollen<\/p>\n<ul>\n<li><b><\/b><strong><b>Hueco en la entrepierna:<\/b><\/strong><\/li>\n<\/ul>\n<p>Dise\u00f1o de entrepierna abierta para un uso c\u00f3modo en el lavabo<\/p>\n<p><strong>Consejos:<\/strong><\/p>\n<ul>\n<li>Medida de la cintura alrededor de la parte delgada de la cintura.<\/li>\n<li>Las caderas se miden alrededor de la parte m\u00e1s ancha de las caderas.<\/li>\n<\/ul>\n<p><strong><b>Componente: <\/b><\/strong>Fibra de poli\u00e9ster (Polyester) 50% (incluido) -70% (no incluido)<\/p>","protected":false},"featured_media":1763,"template":"","meta":[],"product_brand":[],"product_cat":[37],"product_tag":[],"class_list":{"0":"post-1759","1":"product","2":"type-product","3":"status-publish","4":"has-post-thumbnail","6":"product_cat-womens-bodysuits","8":"first","9":"instock","10":"shipping-taxable","11":"product-type-simple"},"yoast_head":"<!-- This site is optimized with the Yoast SEO plugin v27.4 - https:\/\/yoast.com\/product\/yoast-seo-wordpress\/ -->\n<title>Wholesale Long Sleeve Zipper Corset Tummy Control Buttocks Body Shaper Body Shaper for Women - Custom Seamless Shapewear and Yoga Wear Manufacturer in China<\/title>\n<meta name=\"robots\" content=\"index, follow, max-snippet:-1, max-image-preview:large, max-video-preview:-1\" \/>\n<link rel=\"canonical\" href=\"https:\/\/okseamless.com\/es\/producto\/shapewear-jumpsuit-long-sleeve-high-waist-waist-waist-thighs-slim-fit-open-shapewear-jumpsuit\/\" \/>\n<meta property=\"og:locale\" content=\"es_ES\" \/>\n<meta property=\"og:type\" content=\"article\" \/>\n<meta property=\"og:title\" content=\"Wholesale Long Sleeve Zipper Corset Tummy Control Buttocks Body Shaper Body Shaper for Women - Custom Seamless Shapewear and Yoga Wear Manufacturer in China\" \/>\n<meta property=\"og:description\" content=\"Model No:CY016  Feature  Designed with non-slip lace, avoid theembarrassment that leg lace rolingup when walking.   Upper Arm Shaper Sleeve:  Control the slack fat in the arms   U Shape Open Bust Design:  Hold and support the breast   Zipper and Hooks Closure:  Smooth and flatten the muffin top   Non-Slip Lace Hem in Thigh:  Reduce leg fat and avoid rolling up   Hollow-out in Crotch:  Open-crotch design for convenient use in washroom  Tips:   Waist measure around the slender part of the waist.  Hips measure around the fullest part of your hips.  Component: Polyester fiber (Polyester) 50% (included) -70% (not included)\" \/>\n<meta property=\"og:url\" content=\"https:\/\/okseamless.com\/es\/producto\/shapewear-jumpsuit-long-sleeve-high-waist-waist-waist-thighs-slim-fit-open-shapewear-jumpsuit\/\" \/>\n<meta property=\"og:site_name\" content=\"Custom Seamless Shapewear and Yoga Wear Manufacturer in China\" \/>\n<meta property=\"article:publisher\" content=\"https:\/\/www.facebook.com\/share\/1TH24JnBgY\/?mibextid=wwXIfr\" \/>\n<meta property=\"article:modified_time\" content=\"2025-04-12T06:58:14+00:00\" \/>\n<meta property=\"og:image\" content=\"https:\/\/okseamless.com\/wp-content\/uploads\/2025\/04\/O1CN01GLnwoG28oRBty87NL_2218375007979-0-cib.jpg_-1.jpg\" \/>\n\t<meta property=\"og:image:width\" content=\"1800\" \/>\n\t<meta property=\"og:image:height\" content=\"1800\" \/>\n\t<meta property=\"og:image:type\" content=\"image\/jpeg\" \/>\n<meta name=\"twitter:card\" content=\"summary_large_image\" \/>\n<meta name=\"twitter:label1\" content=\"Tiempo de lectura\" \/>\n\t<meta name=\"twitter:data1\" content=\"1 minuto\" \/>\n<script type=\"application\/ld+json\" class=\"yoast-schema-graph\">{\"@context\":\"https:\\\/\\\/schema.org\",\"@graph\":[{\"@type\":\"WebPage\",\"@id\":\"https:\\\/\\\/okseamless.com\\\/product\\\/shapewear-jumpsuit-long-sleeve-high-waist-waist-waist-thighs-slim-fit-open-shapewear-jumpsuit\\\/\",\"url\":\"https:\\\/\\\/okseamless.com\\\/product\\\/shapewear-jumpsuit-long-sleeve-high-waist-waist-waist-thighs-slim-fit-open-shapewear-jumpsuit\\\/\",\"name\":\"Wholesale Long Sleeve Zipper Corset Tummy Control Buttocks Body Shaper Body Shaper for Women - Custom Seamless Shapewear and Yoga Wear Manufacturer in China\",\"isPartOf\":{\"@id\":\"https:\\\/\\\/www.okseamless.com\\\/pt\\\/#website\"},\"primaryImageOfPage\":{\"@id\":\"https:\\\/\\\/okseamless.com\\\/product\\\/shapewear-jumpsuit-long-sleeve-high-waist-waist-waist-thighs-slim-fit-open-shapewear-jumpsuit\\\/#primaryimage\"},\"image\":{\"@id\":\"https:\\\/\\\/okseamless.com\\\/product\\\/shapewear-jumpsuit-long-sleeve-high-waist-waist-waist-thighs-slim-fit-open-shapewear-jumpsuit\\\/#primaryimage\"},\"thumbnailUrl\":\"https:\\\/\\\/okseamless.com\\\/wp-content\\\/uploads\\\/2025\\\/04\\\/O1CN01GLnwoG28oRBty87NL_2218375007979-0-cib.jpg_-1.jpg\",\"datePublished\":\"2025-04-08T02:10:50+00:00\",\"dateModified\":\"2025-04-12T06:58:14+00:00\",\"breadcrumb\":{\"@id\":\"https:\\\/\\\/okseamless.com\\\/product\\\/shapewear-jumpsuit-long-sleeve-high-waist-waist-waist-thighs-slim-fit-open-shapewear-jumpsuit\\\/#breadcrumb\"},\"inLanguage\":\"es\",\"potentialAction\":[{\"@type\":\"ReadAction\",\"target\":[\"https:\\\/\\\/okseamless.com\\\/product\\\/shapewear-jumpsuit-long-sleeve-high-waist-waist-waist-thighs-slim-fit-open-shapewear-jumpsuit\\\/\"]}]},{\"@type\":\"ImageObject\",\"inLanguage\":\"es\",\"@id\":\"https:\\\/\\\/okseamless.com\\\/product\\\/shapewear-jumpsuit-long-sleeve-high-waist-waist-waist-thighs-slim-fit-open-shapewear-jumpsuit\\\/#primaryimage\",\"url\":\"https:\\\/\\\/okseamless.com\\\/wp-content\\\/uploads\\\/2025\\\/04\\\/O1CN01GLnwoG28oRBty87NL_2218375007979-0-cib.jpg_-1.jpg\",\"contentUrl\":\"https:\\\/\\\/okseamless.com\\\/wp-content\\\/uploads\\\/2025\\\/04\\\/O1CN01GLnwoG28oRBty87NL_2218375007979-0-cib.jpg_-1.jpg\",\"width\":1800,\"height\":1800},{\"@type\":\"BreadcrumbList\",\"@id\":\"https:\\\/\\\/okseamless.com\\\/product\\\/shapewear-jumpsuit-long-sleeve-high-waist-waist-waist-thighs-slim-fit-open-shapewear-jumpsuit\\\/#breadcrumb\",\"itemListElement\":[{\"@type\":\"ListItem\",\"position\":1,\"name\":\"\u9996\u9875\",\"item\":\"https:\\\/\\\/okseamless.com\\\/\"},{\"@type\":\"ListItem\",\"position\":2,\"name\":\"Produtos\",\"item\":\"https:\\\/\\\/www.okseamless.com\\\/pt\\\/shop\\\/\"},{\"@type\":\"ListItem\",\"position\":3,\"name\":\"Wholesale Long Sleeve Zipper Corset Tummy Control Buttocks Body Shaper Body Shaper for Women\"}]},{\"@type\":\"WebSite\",\"@id\":\"https:\\\/\\\/www.okseamless.com\\\/pt\\\/#website\",\"url\":\"https:\\\/\\\/www.okseamless.com\\\/pt\\\/\",\"name\":\"Custom Seamless Shapewear and Yoga Wear Manufacturer in China\",\"description\":\"\",\"publisher\":{\"@id\":\"https:\\\/\\\/www.okseamless.com\\\/pt\\\/#organization\"},\"potentialAction\":[{\"@type\":\"SearchAction\",\"target\":{\"@type\":\"EntryPoint\",\"urlTemplate\":\"https:\\\/\\\/www.okseamless.com\\\/pt\\\/?s={search_term_string}\"},\"query-input\":{\"@type\":\"PropertyValueSpecification\",\"valueRequired\":true,\"valueName\":\"search_term_string\"}}],\"inLanguage\":\"es\"},{\"@type\":\"Organization\",\"@id\":\"https:\\\/\\\/www.okseamless.com\\\/pt\\\/#organization\",\"name\":\"Custom Seamless Shapewear and Yoga Wear Manufacturer in China\",\"url\":\"https:\\\/\\\/www.okseamless.com\\\/pt\\\/\",\"logo\":{\"@type\":\"ImageObject\",\"inLanguage\":\"es\",\"@id\":\"https:\\\/\\\/www.okseamless.com\\\/pt\\\/#\\\/schema\\\/logo\\\/image\\\/\",\"url\":\"https:\\\/\\\/okseamless.com\\\/wp-content\\\/uploads\\\/2025\\\/03\\\/LOGO.png\",\"contentUrl\":\"https:\\\/\\\/okseamless.com\\\/wp-content\\\/uploads\\\/2025\\\/03\\\/LOGO.png\",\"width\":685,\"height\":218,\"caption\":\"Custom Seamless Shapewear and Yoga Wear Manufacturer in China\"},\"image\":{\"@id\":\"https:\\\/\\\/www.okseamless.com\\\/pt\\\/#\\\/schema\\\/logo\\\/image\\\/\"},\"sameAs\":[\"https:\\\/\\\/www.facebook.com\\\/share\\\/1TH24JnBgY\\\/?mibextid=wwXIfr\"]}]}<\/script>\n<!-- \/ Yoast SEO plugin. -->","yoast_head_json":{"title":"Wholesale Long Sleeve Zipper Corset Tummy Control Buttocks Body Shaper Body Shaper for Women - Custom Seamless Shapewear and Yoga Wear Manufacturer in China","robots":{"index":"index","follow":"follow","max-snippet":"max-snippet:-1","max-image-preview":"max-image-preview:large","max-video-preview":"max-video-preview:-1"},"canonical":"https:\/\/okseamless.com\/es\/producto\/shapewear-jumpsuit-long-sleeve-high-waist-waist-waist-thighs-slim-fit-open-shapewear-jumpsuit\/","og_locale":"es_ES","og_type":"article","og_title":"Wholesale Long Sleeve Zipper Corset Tummy Control Buttocks Body Shaper Body Shaper for Women - Custom Seamless Shapewear and Yoga Wear Manufacturer in China","og_description":"Model No:CY016  Feature  Designed with non-slip lace, avoid theembarrassment that leg lace rolingup when walking.   Upper Arm Shaper Sleeve:  Control the slack fat in the arms   U Shape Open Bust Design:  Hold and support the breast   Zipper and Hooks Closure:  Smooth and flatten the muffin top   Non-Slip Lace Hem in Thigh:  Reduce leg fat and avoid rolling up   Hollow-out in Crotch:  Open-crotch design for convenient use in washroom  Tips:   Waist measure around the slender part of the waist.  Hips measure around the fullest part of your hips.  Component: Polyester fiber (Polyester) 50% (included) -70% (not included)","og_url":"https:\/\/okseamless.com\/es\/producto\/shapewear-jumpsuit-long-sleeve-high-waist-waist-waist-thighs-slim-fit-open-shapewear-jumpsuit\/","og_site_name":"Custom Seamless Shapewear and Yoga Wear Manufacturer in China","article_publisher":"https:\/\/www.facebook.com\/share\/1TH24JnBgY\/?mibextid=wwXIfr","article_modified_time":"2025-04-12T06:58:14+00:00","og_image":[{"width":1800,"height":1800,"url":"https:\/\/okseamless.com\/wp-content\/uploads\/2025\/04\/O1CN01GLnwoG28oRBty87NL_2218375007979-0-cib.jpg_-1.jpg","type":"image\/jpeg"}],"twitter_card":"summary_large_image","twitter_misc":{"Tiempo de lectura":"1 minuto"},"schema":{"@context":"https:\/\/schema.org","@graph":[{"@type":"WebPage","@id":"https:\/\/okseamless.com\/product\/shapewear-jumpsuit-long-sleeve-high-waist-waist-waist-thighs-slim-fit-open-shapewear-jumpsuit\/","url":"https:\/\/okseamless.com\/product\/shapewear-jumpsuit-long-sleeve-high-waist-waist-waist-thighs-slim-fit-open-shapewear-jumpsuit\/","name":"Wholesale Long Sleeve Zipper Corset Tummy Control Buttocks Body Shaper Body Shaper for Women - Custom Seamless Shapewear and Yoga Wear Manufacturer in China","isPartOf":{"@id":"https:\/\/www.okseamless.com\/pt\/#website"},"primaryImageOfPage":{"@id":"https:\/\/okseamless.com\/product\/shapewear-jumpsuit-long-sleeve-high-waist-waist-waist-thighs-slim-fit-open-shapewear-jumpsuit\/#primaryimage"},"image":{"@id":"https:\/\/okseamless.com\/product\/shapewear-jumpsuit-long-sleeve-high-waist-waist-waist-thighs-slim-fit-open-shapewear-jumpsuit\/#primaryimage"},"thumbnailUrl":"https:\/\/okseamless.com\/wp-content\/uploads\/2025\/04\/O1CN01GLnwoG28oRBty87NL_2218375007979-0-cib.jpg_-1.jpg","datePublished":"2025-04-08T02:10:50+00:00","dateModified":"2025-04-12T06:58:14+00:00","breadcrumb":{"@id":"https:\/\/okseamless.com\/product\/shapewear-jumpsuit-long-sleeve-high-waist-waist-waist-thighs-slim-fit-open-shapewear-jumpsuit\/#breadcrumb"},"inLanguage":"es","potentialAction":[{"@type":"ReadAction","target":["https:\/\/okseamless.com\/product\/shapewear-jumpsuit-long-sleeve-high-waist-waist-waist-thighs-slim-fit-open-shapewear-jumpsuit\/"]}]},{"@type":"ImageObject","inLanguage":"es","@id":"https:\/\/okseamless.com\/product\/shapewear-jumpsuit-long-sleeve-high-waist-waist-waist-thighs-slim-fit-open-shapewear-jumpsuit\/#primaryimage","url":"https:\/\/okseamless.com\/wp-content\/uploads\/2025\/04\/O1CN01GLnwoG28oRBty87NL_2218375007979-0-cib.jpg_-1.jpg","contentUrl":"https:\/\/okseamless.com\/wp-content\/uploads\/2025\/04\/O1CN01GLnwoG28oRBty87NL_2218375007979-0-cib.jpg_-1.jpg","width":1800,"height":1800},{"@type":"BreadcrumbList","@id":"https:\/\/okseamless.com\/product\/shapewear-jumpsuit-long-sleeve-high-waist-waist-waist-thighs-slim-fit-open-shapewear-jumpsuit\/#breadcrumb","itemListElement":[{"@type":"ListItem","position":1,"name":"\u9996\u9875","item":"https:\/\/okseamless.com\/"},{"@type":"ListItem","position":2,"name":"Produtos","item":"https:\/\/www.okseamless.com\/pt\/shop\/"},{"@type":"ListItem","position":3,"name":"Wholesale Long Sleeve Zipper Corset Tummy Control Buttocks Body Shaper Body Shaper for Women"}]},{"@type":"WebSite","@id":"https:\/\/www.okseamless.com\/pt\/#website","url":"https:\/\/www.okseamless.com\/pt\/","name":"Custom Seamless Shapewear and Yoga Wear Manufacturer in China","description":"","publisher":{"@id":"https:\/\/www.okseamless.com\/pt\/#organization"},"potentialAction":[{"@type":"SearchAction","target":{"@type":"EntryPoint","urlTemplate":"https:\/\/www.okseamless.com\/pt\/?s={search_term_string}"},"query-input":{"@type":"PropertyValueSpecification","valueRequired":true,"valueName":"search_term_string"}}],"inLanguage":"es"},{"@type":"Organization","@id":"https:\/\/www.okseamless.com\/pt\/#organization","name":"Custom Seamless Shapewear and Yoga Wear Manufacturer in China","url":"https:\/\/www.okseamless.com\/pt\/","logo":{"@type":"ImageObject","inLanguage":"es","@id":"https:\/\/www.okseamless.com\/pt\/#\/schema\/logo\/image\/","url":"https:\/\/okseamless.com\/wp-content\/uploads\/2025\/03\/LOGO.png","contentUrl":"https:\/\/okseamless.com\/wp-content\/uploads\/2025\/03\/LOGO.png","width":685,"height":218,"caption":"Custom Seamless Shapewear and Yoga Wear Manufacturer in China"},"image":{"@id":"https:\/\/www.okseamless.com\/pt\/#\/schema\/logo\/image\/"},"sameAs":["https:\/\/www.facebook.com\/share\/1TH24JnBgY\/?mibextid=wwXIfr"]}]}},"_links":{"self":[{"href":"https:\/\/okseamless.com\/es\/wp-json\/wp\/v2\/product\/1759","targetHints":{"allow":["GET"]}}],"collection":[{"href":"https:\/\/okseamless.com\/es\/wp-json\/wp\/v2\/product"}],"about":[{"href":"https:\/\/okseamless.com\/es\/wp-json\/wp\/v2\/types\/product"}],"wp:featuredmedia":[{"embeddable":true,"href":"https:\/\/okseamless.com\/es\/wp-json\/wp\/v2\/media\/1763"}],"wp:attachment":[{"href":"https:\/\/okseamless.com\/es\/wp-json\/wp\/v2\/media?parent=1759"}],"wp:term":[{"taxonomy":"product_brand","embeddable":true,"href":"https:\/\/okseamless.com\/es\/wp-json\/wp\/v2\/product_brand?post=1759"},{"taxonomy":"product_cat","embeddable":true,"href":"https:\/\/okseamless.com\/es\/wp-json\/wp\/v2\/product_cat?post=1759"},{"taxonomy":"product_tag","embeddable":true,"href":"https:\/\/okseamless.com\/es\/wp-json\/wp\/v2\/product_tag?post=1759"}],"curies":[{"name":"wp","href":"https:\/\/api.w.org\/{rel}","templated":true}]}}