{"id":1535,"date":"2025-04-08T02:10:50","date_gmt":"2025-04-08T02:10:50","guid":{"rendered":"https:\/\/okseamless.com\/?post_type=product&#038;p=1535"},"modified":"2025-04-10T05:53:12","modified_gmt":"2025-04-10T05:53:12","slug":"shapeing-high-waist-nine-point-pants-high-elastic-waist-waist-waist-lift-hip-fitness-yoga-shapeing-pants","status":"publish","type":"product","link":"https:\/\/okseamless.com\/es\/producto\/shapeing-high-waist-nine-point-pants-high-elastic-waist-waist-waist-lift-hip-fitness-yoga-shapeing-pants\/","title":{"rendered":"Shapeing alta cintura pantalones de nueve puntos de alta el\u00e1stica de la cintura de la cintura de elevaci\u00f3n de la cadera de fitness de yoga pantalones de modelado"},"content":{"rendered":"","protected":false},"excerpt":{"rendered":"<p>Modelo: CY005<\/p>\n<p><strong><b>Control firme y soporte para la espalda<\/b><\/strong><\/p>\n<p>El dise\u00f1o de cintura alta de los leggings moldeadores proporciona cobertura y sujeci\u00f3n en la zona lumbar. Doble capa en la cintura, m\u00e1s compresiva para controlar la barriga.<\/p>\n<p><strong><b>Antirozaduras Y Elevador De Bajos<\/b><\/strong><\/p>\n<p>El dise\u00f1o de elevaci\u00f3n hecho por la tela flexible y el\u00e1stico, que puede sostener su parte inferior y dar forma a las piernas para evitar el roce del muslo.<\/p>\n<ul>\n<li>Dise\u00f1o acanalado de cintura alta<\/li>\n<li>4 huesos de acero en espiral inamovibles<\/li>\n<li>Dise\u00f1o especial de levantamiento de culata<\/li>\n<li>Tejido compresivo de alta elasticidad<\/li>\n<li>Barriga<\/li>\n<li>Controlar<\/li>\n<\/ul>\n<p><strong><b>Componente:<\/b><\/strong>\u00a0Nylon 95% (incluido) -100% (no incluido)<\/p>","protected":false},"featured_media":1553,"template":"","meta":[],"product_brand":[],"product_cat":[36],"product_tag":[],"class_list":{"0":"post-1535","1":"product","2":"type-product","3":"status-publish","4":"has-post-thumbnail","6":"product_cat-womens-bottoms","8":"first","9":"instock","10":"shipping-taxable","11":"product-type-simple"},"yoast_head":"<!-- This site is optimized with the Yoast SEO plugin v27.4 - https:\/\/yoast.com\/product\/yoast-seo-wordpress\/ -->\n<title>Shapeing high waist nine-point pants High elastic waist waist waist lift hip fitness yoga shapeing pants - Custom Seamless Shapewear and Yoga Wear Manufacturer in China<\/title>\n<meta name=\"robots\" content=\"index, follow, max-snippet:-1, max-image-preview:large, max-video-preview:-1\" \/>\n<link rel=\"canonical\" href=\"https:\/\/www.okseamless.com\/fr\/produit\/shapeing-high-waist-nine-point-pants-high-elastic-waist-waist-waist-lift-hip-fitness-yoga-shapeing-pants\/\" \/>\n<meta property=\"og:locale\" content=\"es_ES\" \/>\n<meta property=\"og:type\" content=\"article\" \/>\n<meta property=\"og:title\" content=\"Shapeing high waist nine-point pants High elastic waist waist waist lift hip fitness yoga shapeing pants - Custom Seamless Shapewear and Yoga Wear Manufacturer in China\" \/>\n<meta property=\"og:description\" content=\"Model No:CY005  Firm Control And Back Support  High-waisted design in the\u00a0shapewear leggings provides coverage and support the low\u00a0back. Double-layer in the waistis more compressive to control the tummy.  Anti Chafing And Lift Bottom  The lifting design made by\u00a0flexible and stretchy fabric,which can hold your bottom\u00a0and shape the legs to prevent\u00a0from the thigh rubbing.   High Waist Ribbed Design  4 Unremovable SpiralSteel Bones  Special Butt Lifting Design  High Elastic CompressiveFabric  Tummy  Control  Component:\u00a0Nylon 95% (included) -100% (not included)\" \/>\n<meta property=\"og:url\" content=\"https:\/\/www.okseamless.com\/fr\/produit\/shapeing-high-waist-nine-point-pants-high-elastic-waist-waist-waist-lift-hip-fitness-yoga-shapeing-pants\/\" \/>\n<meta property=\"og:site_name\" content=\"Custom Seamless Shapewear and Yoga Wear Manufacturer in China\" \/>\n<meta property=\"article:publisher\" content=\"https:\/\/www.facebook.com\/share\/1TH24JnBgY\/?mibextid=wwXIfr\" \/>\n<meta property=\"article:modified_time\" content=\"2025-04-10T05:53:12+00:00\" \/>\n<meta property=\"og:image\" content=\"https:\/\/www.okseamless.com\/wp-content\/uploads\/2025\/04\/O1CN01iA9up728oRBt4VLyW_2218375007979-0-cib.jpg_.jpg\" \/>\n\t<meta property=\"og:image:width\" content=\"1645\" \/>\n\t<meta property=\"og:image:height\" content=\"1920\" \/>\n\t<meta property=\"og:image:type\" content=\"image\/jpeg\" \/>\n<meta name=\"twitter:card\" content=\"summary_large_image\" \/>\n<meta name=\"twitter:label1\" content=\"Tiempo de lectura\" \/>\n\t<meta name=\"twitter:data1\" content=\"1 minuto\" \/>\n<script type=\"application\/ld+json\" class=\"yoast-schema-graph\">{\"@context\":\"https:\\\/\\\/schema.org\",\"@graph\":[{\"@type\":\"WebPage\",\"@id\":\"https:\\\/\\\/www.okseamless.com\\\/fr\\\/produit\\\/shapeing-high-waist-nine-point-pants-high-elastic-waist-waist-waist-lift-hip-fitness-yoga-shapeing-pants\\\/\",\"url\":\"https:\\\/\\\/www.okseamless.com\\\/fr\\\/produit\\\/shapeing-high-waist-nine-point-pants-high-elastic-waist-waist-waist-lift-hip-fitness-yoga-shapeing-pants\\\/\",\"name\":\"Shapeing high waist nine-point pants High elastic waist waist waist lift hip fitness yoga shapeing pants - Custom Seamless Shapewear and Yoga Wear Manufacturer in China\",\"isPartOf\":{\"@id\":\"https:\\\/\\\/www.okseamless.com\\\/pt\\\/#website\"},\"primaryImageOfPage\":{\"@id\":\"https:\\\/\\\/www.okseamless.com\\\/fr\\\/produit\\\/shapeing-high-waist-nine-point-pants-high-elastic-waist-waist-waist-lift-hip-fitness-yoga-shapeing-pants\\\/#primaryimage\"},\"image\":{\"@id\":\"https:\\\/\\\/www.okseamless.com\\\/fr\\\/produit\\\/shapeing-high-waist-nine-point-pants-high-elastic-waist-waist-waist-lift-hip-fitness-yoga-shapeing-pants\\\/#primaryimage\"},\"thumbnailUrl\":\"https:\\\/\\\/okseamless.com\\\/wp-content\\\/uploads\\\/2025\\\/04\\\/O1CN01iA9up728oRBt4VLyW_2218375007979-0-cib.jpg_.jpg\",\"datePublished\":\"2025-04-08T02:10:50+00:00\",\"dateModified\":\"2025-04-10T05:53:12+00:00\",\"breadcrumb\":{\"@id\":\"https:\\\/\\\/www.okseamless.com\\\/fr\\\/produit\\\/shapeing-high-waist-nine-point-pants-high-elastic-waist-waist-waist-lift-hip-fitness-yoga-shapeing-pants\\\/#breadcrumb\"},\"inLanguage\":\"es\",\"potentialAction\":[{\"@type\":\"ReadAction\",\"target\":[\"https:\\\/\\\/www.okseamless.com\\\/fr\\\/produit\\\/shapeing-high-waist-nine-point-pants-high-elastic-waist-waist-waist-lift-hip-fitness-yoga-shapeing-pants\\\/\"]}]},{\"@type\":\"ImageObject\",\"inLanguage\":\"es\",\"@id\":\"https:\\\/\\\/www.okseamless.com\\\/fr\\\/produit\\\/shapeing-high-waist-nine-point-pants-high-elastic-waist-waist-waist-lift-hip-fitness-yoga-shapeing-pants\\\/#primaryimage\",\"url\":\"https:\\\/\\\/okseamless.com\\\/wp-content\\\/uploads\\\/2025\\\/04\\\/O1CN01iA9up728oRBt4VLyW_2218375007979-0-cib.jpg_.jpg\",\"contentUrl\":\"https:\\\/\\\/okseamless.com\\\/wp-content\\\/uploads\\\/2025\\\/04\\\/O1CN01iA9up728oRBt4VLyW_2218375007979-0-cib.jpg_.jpg\",\"width\":1645,\"height\":1920},{\"@type\":\"BreadcrumbList\",\"@id\":\"https:\\\/\\\/www.okseamless.com\\\/fr\\\/produit\\\/shapeing-high-waist-nine-point-pants-high-elastic-waist-waist-waist-lift-hip-fitness-yoga-shapeing-pants\\\/#breadcrumb\",\"itemListElement\":[{\"@type\":\"ListItem\",\"position\":1,\"name\":\"\u9996\u9875\",\"item\":\"https:\\\/\\\/okseamless.com\\\/\"},{\"@type\":\"ListItem\",\"position\":2,\"name\":\"Produtos\",\"item\":\"https:\\\/\\\/www.okseamless.com\\\/pt\\\/shop\\\/\"},{\"@type\":\"ListItem\",\"position\":3,\"name\":\"Shapeing high waist nine-point pants High elastic waist waist waist lift hip fitness yoga shapeing pants\"}]},{\"@type\":\"WebSite\",\"@id\":\"https:\\\/\\\/www.okseamless.com\\\/pt\\\/#website\",\"url\":\"https:\\\/\\\/www.okseamless.com\\\/pt\\\/\",\"name\":\"Custom Seamless Shapewear and Yoga Wear Manufacturer in China\",\"description\":\"\",\"publisher\":{\"@id\":\"https:\\\/\\\/www.okseamless.com\\\/pt\\\/#organization\"},\"potentialAction\":[{\"@type\":\"SearchAction\",\"target\":{\"@type\":\"EntryPoint\",\"urlTemplate\":\"https:\\\/\\\/www.okseamless.com\\\/pt\\\/?s={search_term_string}\"},\"query-input\":{\"@type\":\"PropertyValueSpecification\",\"valueRequired\":true,\"valueName\":\"search_term_string\"}}],\"inLanguage\":\"es\"},{\"@type\":\"Organization\",\"@id\":\"https:\\\/\\\/www.okseamless.com\\\/pt\\\/#organization\",\"name\":\"Custom Seamless Shapewear and Yoga Wear Manufacturer in China\",\"url\":\"https:\\\/\\\/www.okseamless.com\\\/pt\\\/\",\"logo\":{\"@type\":\"ImageObject\",\"inLanguage\":\"es\",\"@id\":\"https:\\\/\\\/www.okseamless.com\\\/pt\\\/#\\\/schema\\\/logo\\\/image\\\/\",\"url\":\"https:\\\/\\\/okseamless.com\\\/wp-content\\\/uploads\\\/2025\\\/03\\\/LOGO.png\",\"contentUrl\":\"https:\\\/\\\/okseamless.com\\\/wp-content\\\/uploads\\\/2025\\\/03\\\/LOGO.png\",\"width\":685,\"height\":218,\"caption\":\"Custom Seamless Shapewear and Yoga Wear Manufacturer in China\"},\"image\":{\"@id\":\"https:\\\/\\\/www.okseamless.com\\\/pt\\\/#\\\/schema\\\/logo\\\/image\\\/\"},\"sameAs\":[\"https:\\\/\\\/www.facebook.com\\\/share\\\/1TH24JnBgY\\\/?mibextid=wwXIfr\"]}]}<\/script>\n<!-- \/ Yoast SEO plugin. -->","yoast_head_json":{"title":"Shapeing high waist nine-point pants High elastic waist waist waist lift hip fitness yoga shapeing pants - Custom Seamless Shapewear and Yoga Wear Manufacturer in China","robots":{"index":"index","follow":"follow","max-snippet":"max-snippet:-1","max-image-preview":"max-image-preview:large","max-video-preview":"max-video-preview:-1"},"canonical":"https:\/\/www.okseamless.com\/fr\/produit\/shapeing-high-waist-nine-point-pants-high-elastic-waist-waist-waist-lift-hip-fitness-yoga-shapeing-pants\/","og_locale":"es_ES","og_type":"article","og_title":"Shapeing high waist nine-point pants High elastic waist waist waist lift hip fitness yoga shapeing pants - Custom Seamless Shapewear and Yoga Wear Manufacturer in China","og_description":"Model No:CY005  Firm Control And Back Support  High-waisted design in the\u00a0shapewear leggings provides coverage and support the low\u00a0back. Double-layer in the waistis more compressive to control the tummy.  Anti Chafing And Lift Bottom  The lifting design made by\u00a0flexible and stretchy fabric,which can hold your bottom\u00a0and shape the legs to prevent\u00a0from the thigh rubbing.   High Waist Ribbed Design  4 Unremovable SpiralSteel Bones  Special Butt Lifting Design  High Elastic CompressiveFabric  Tummy  Control  Component:\u00a0Nylon 95% (included) -100% (not included)","og_url":"https:\/\/www.okseamless.com\/fr\/produit\/shapeing-high-waist-nine-point-pants-high-elastic-waist-waist-waist-lift-hip-fitness-yoga-shapeing-pants\/","og_site_name":"Custom Seamless Shapewear and Yoga Wear Manufacturer in China","article_publisher":"https:\/\/www.facebook.com\/share\/1TH24JnBgY\/?mibextid=wwXIfr","article_modified_time":"2025-04-10T05:53:12+00:00","og_image":[{"width":1645,"height":1920,"url":"https:\/\/www.okseamless.com\/wp-content\/uploads\/2025\/04\/O1CN01iA9up728oRBt4VLyW_2218375007979-0-cib.jpg_.jpg","type":"image\/jpeg"}],"twitter_card":"summary_large_image","twitter_misc":{"Tiempo de lectura":"1 minuto"},"schema":{"@context":"https:\/\/schema.org","@graph":[{"@type":"WebPage","@id":"https:\/\/www.okseamless.com\/fr\/produit\/shapeing-high-waist-nine-point-pants-high-elastic-waist-waist-waist-lift-hip-fitness-yoga-shapeing-pants\/","url":"https:\/\/www.okseamless.com\/fr\/produit\/shapeing-high-waist-nine-point-pants-high-elastic-waist-waist-waist-lift-hip-fitness-yoga-shapeing-pants\/","name":"Shapeing high waist nine-point pants High elastic waist waist waist lift hip fitness yoga shapeing pants - Custom Seamless Shapewear and Yoga Wear Manufacturer in China","isPartOf":{"@id":"https:\/\/www.okseamless.com\/pt\/#website"},"primaryImageOfPage":{"@id":"https:\/\/www.okseamless.com\/fr\/produit\/shapeing-high-waist-nine-point-pants-high-elastic-waist-waist-waist-lift-hip-fitness-yoga-shapeing-pants\/#primaryimage"},"image":{"@id":"https:\/\/www.okseamless.com\/fr\/produit\/shapeing-high-waist-nine-point-pants-high-elastic-waist-waist-waist-lift-hip-fitness-yoga-shapeing-pants\/#primaryimage"},"thumbnailUrl":"https:\/\/okseamless.com\/wp-content\/uploads\/2025\/04\/O1CN01iA9up728oRBt4VLyW_2218375007979-0-cib.jpg_.jpg","datePublished":"2025-04-08T02:10:50+00:00","dateModified":"2025-04-10T05:53:12+00:00","breadcrumb":{"@id":"https:\/\/www.okseamless.com\/fr\/produit\/shapeing-high-waist-nine-point-pants-high-elastic-waist-waist-waist-lift-hip-fitness-yoga-shapeing-pants\/#breadcrumb"},"inLanguage":"es","potentialAction":[{"@type":"ReadAction","target":["https:\/\/www.okseamless.com\/fr\/produit\/shapeing-high-waist-nine-point-pants-high-elastic-waist-waist-waist-lift-hip-fitness-yoga-shapeing-pants\/"]}]},{"@type":"ImageObject","inLanguage":"es","@id":"https:\/\/www.okseamless.com\/fr\/produit\/shapeing-high-waist-nine-point-pants-high-elastic-waist-waist-waist-lift-hip-fitness-yoga-shapeing-pants\/#primaryimage","url":"https:\/\/okseamless.com\/wp-content\/uploads\/2025\/04\/O1CN01iA9up728oRBt4VLyW_2218375007979-0-cib.jpg_.jpg","contentUrl":"https:\/\/okseamless.com\/wp-content\/uploads\/2025\/04\/O1CN01iA9up728oRBt4VLyW_2218375007979-0-cib.jpg_.jpg","width":1645,"height":1920},{"@type":"BreadcrumbList","@id":"https:\/\/www.okseamless.com\/fr\/produit\/shapeing-high-waist-nine-point-pants-high-elastic-waist-waist-waist-lift-hip-fitness-yoga-shapeing-pants\/#breadcrumb","itemListElement":[{"@type":"ListItem","position":1,"name":"\u9996\u9875","item":"https:\/\/okseamless.com\/"},{"@type":"ListItem","position":2,"name":"Produtos","item":"https:\/\/www.okseamless.com\/pt\/shop\/"},{"@type":"ListItem","position":3,"name":"Shapeing high waist nine-point pants High elastic waist waist waist lift hip fitness yoga shapeing pants"}]},{"@type":"WebSite","@id":"https:\/\/www.okseamless.com\/pt\/#website","url":"https:\/\/www.okseamless.com\/pt\/","name":"Custom Seamless Shapewear and Yoga Wear Manufacturer in China","description":"","publisher":{"@id":"https:\/\/www.okseamless.com\/pt\/#organization"},"potentialAction":[{"@type":"SearchAction","target":{"@type":"EntryPoint","urlTemplate":"https:\/\/www.okseamless.com\/pt\/?s={search_term_string}"},"query-input":{"@type":"PropertyValueSpecification","valueRequired":true,"valueName":"search_term_string"}}],"inLanguage":"es"},{"@type":"Organization","@id":"https:\/\/www.okseamless.com\/pt\/#organization","name":"Custom Seamless Shapewear and Yoga Wear Manufacturer in China","url":"https:\/\/www.okseamless.com\/pt\/","logo":{"@type":"ImageObject","inLanguage":"es","@id":"https:\/\/www.okseamless.com\/pt\/#\/schema\/logo\/image\/","url":"https:\/\/okseamless.com\/wp-content\/uploads\/2025\/03\/LOGO.png","contentUrl":"https:\/\/okseamless.com\/wp-content\/uploads\/2025\/03\/LOGO.png","width":685,"height":218,"caption":"Custom Seamless Shapewear and Yoga Wear Manufacturer in China"},"image":{"@id":"https:\/\/www.okseamless.com\/pt\/#\/schema\/logo\/image\/"},"sameAs":["https:\/\/www.facebook.com\/share\/1TH24JnBgY\/?mibextid=wwXIfr"]}]}},"_links":{"self":[{"href":"https:\/\/okseamless.com\/es\/wp-json\/wp\/v2\/product\/1535","targetHints":{"allow":["GET"]}}],"collection":[{"href":"https:\/\/okseamless.com\/es\/wp-json\/wp\/v2\/product"}],"about":[{"href":"https:\/\/okseamless.com\/es\/wp-json\/wp\/v2\/types\/product"}],"wp:featuredmedia":[{"embeddable":true,"href":"https:\/\/okseamless.com\/es\/wp-json\/wp\/v2\/media\/1553"}],"wp:attachment":[{"href":"https:\/\/okseamless.com\/es\/wp-json\/wp\/v2\/media?parent=1535"}],"wp:term":[{"taxonomy":"product_brand","embeddable":true,"href":"https:\/\/okseamless.com\/es\/wp-json\/wp\/v2\/product_brand?post=1535"},{"taxonomy":"product_cat","embeddable":true,"href":"https:\/\/okseamless.com\/es\/wp-json\/wp\/v2\/product_cat?post=1535"},{"taxonomy":"product_tag","embeddable":true,"href":"https:\/\/okseamless.com\/es\/wp-json\/wp\/v2\/product_tag?post=1535"}],"curies":[{"name":"wp","href":"https:\/\/api.w.org\/{rel}","templated":true}]}}