{"id":1442,"date":"2025-04-08T02:12:04","date_gmt":"2025-04-08T02:12:04","guid":{"rendered":"https:\/\/okseamless.com\/?post_type=product&#038;p=1442"},"modified":"2025-04-12T07:19:42","modified_gmt":"2025-04-12T07:19:42","slug":"wear-as-outerwear-tight-bodysuit-open-crotch-seamless-bottom-arm-and-waist-tight-bodysuit","status":"publish","type":"product","link":"https:\/\/okseamless.com\/es\/producto\/wear-as-outerwear-tight-bodysuit-open-crotch-seamless-bottom-arm-and-waist-tight-bodysuit\/","title":{"rendered":"Mujer Casual Slim Fit Manga Larga Cintura Alta Body Color S\u00f3lido Cuello Alto Parte Inferior Camisa"},"content":{"rendered":"","protected":false},"excerpt":{"rendered":"<p>Modelo: CY023<\/p>\n<p><strong><b>Bodys c\u00f3modos para mujer Shapewear<\/b><\/strong><\/p>\n<ul>\n<li>Cuello alto y manga larga<\/li>\n<li>Tejidos c\u00f3modos y transpirables<\/li>\n<li>Levantar y dar forma a los gl\u00fateos<\/li>\n<li>Moldea la curva C entre cintura y caderas<\/li>\n<\/ul>\n<p><strong><b>Bodys de control de abdomen Tops<\/b><\/strong><\/p>\n<ul>\n<li>Proporciona una gran compresi\u00f3n en la barriga y reduce la cintura al instante.<\/li>\n<li>Aprieta tu trasero y dale un buen culo lt acentuar\u00e1 todas las curvas que le da un aspecto sexy.<\/li>\n<li>El cuello alto protege tu cuello, evita que se seque la raya del cuello y te abriga.<\/li>\n<li>El dise\u00f1o de manga larga te mantiene caliente en climas fr\u00edos, hace que pases menos fr\u00edo.<\/li>\n<\/ul>\n<p><strong><b>Ingredientes: <\/b><\/strong>Fibra de poli\u00e9ster (poli\u00e9ster) 50% (inclusive) - 70% (exclusive)<\/p>","protected":false},"featured_media":1445,"template":"","meta":[],"product_brand":[],"product_cat":[37],"product_tag":[],"class_list":{"0":"post-1442","1":"product","2":"type-product","3":"status-publish","4":"has-post-thumbnail","6":"product_cat-womens-bodysuits","8":"first","9":"instock","10":"shipping-taxable","11":"product-type-simple"},"yoast_head":"<!-- This site is optimized with the Yoast SEO plugin v27.4 - https:\/\/yoast.com\/product\/yoast-seo-wordpress\/ -->\n<title>Women&#039;s Casual Slim Fit Long Sleeve High Waist Bodysuit Solid Color High Neck Bottom Shirt - Custom Seamless Shapewear and Yoga Wear Manufacturer in China<\/title>\n<meta name=\"robots\" content=\"index, follow, max-snippet:-1, max-image-preview:large, max-video-preview:-1\" \/>\n<link rel=\"canonical\" href=\"https:\/\/okseamless.com\/es\/producto\/wear-as-outerwear-tight-bodysuit-open-crotch-seamless-bottom-arm-and-waist-tight-bodysuit\/\" \/>\n<meta property=\"og:locale\" content=\"es_ES\" \/>\n<meta property=\"og:type\" content=\"article\" \/>\n<meta property=\"og:title\" content=\"Women&#039;s Casual Slim Fit Long Sleeve High Waist Bodysuit Solid Color High Neck Bottom Shirt - Custom Seamless Shapewear and Yoga Wear Manufacturer in China\" \/>\n<meta property=\"og:description\" content=\"Model No:CY023  Comfortable women Bodysuits Shapewear   High Neck &amp; Long Sleeve Design  Comfortable and breathable fabrics  Lift &amp; shape buttocks  Shape the C-curve between waistand hips  Tummy Control Bodysuits Tops   Providing super compression on tummy,andreducing waistline instantly  Tighten your bottom and give it a nice butt lt will accentuate all the curves giving\u00a0you a sexy look.  The turtleneck protect your neckprevent dry stripe on neck and makes you warm.  Long-sleeve design keeps youwarm in cold weather, makes you less getting cold.  Ingredients: Polyester fiber (polyester) 50% (inclusive) - 70% (exclusive)\" \/>\n<meta property=\"og:url\" content=\"https:\/\/okseamless.com\/es\/producto\/wear-as-outerwear-tight-bodysuit-open-crotch-seamless-bottom-arm-and-waist-tight-bodysuit\/\" \/>\n<meta property=\"og:site_name\" content=\"Custom Seamless Shapewear and Yoga Wear Manufacturer in China\" \/>\n<meta property=\"article:publisher\" content=\"https:\/\/www.facebook.com\/share\/1TH24JnBgY\/?mibextid=wwXIfr\" \/>\n<meta property=\"article:modified_time\" content=\"2025-04-12T07:19:42+00:00\" \/>\n<meta property=\"og:image\" content=\"https:\/\/okseamless.com\/wp-content\/uploads\/2025\/04\/O1CN01l8WjkK28oRBpmuVhw_2218375007979-0-cib.jpg_.jpg\" \/>\n\t<meta property=\"og:image:width\" content=\"1334\" \/>\n\t<meta property=\"og:image:height\" content=\"1334\" \/>\n\t<meta property=\"og:image:type\" content=\"image\/jpeg\" \/>\n<meta name=\"twitter:card\" content=\"summary_large_image\" \/>\n<meta name=\"twitter:label1\" content=\"Tiempo de lectura\" \/>\n\t<meta name=\"twitter:data1\" content=\"1 minuto\" \/>\n<script type=\"application\/ld+json\" class=\"yoast-schema-graph\">{\"@context\":\"https:\\\/\\\/schema.org\",\"@graph\":[{\"@type\":\"WebPage\",\"@id\":\"https:\\\/\\\/okseamless.com\\\/product\\\/wear-as-outerwear-tight-bodysuit-open-crotch-seamless-bottom-arm-and-waist-tight-bodysuit\\\/\",\"url\":\"https:\\\/\\\/okseamless.com\\\/product\\\/wear-as-outerwear-tight-bodysuit-open-crotch-seamless-bottom-arm-and-waist-tight-bodysuit\\\/\",\"name\":\"Women's Casual Slim Fit Long Sleeve High Waist Bodysuit Solid Color High Neck Bottom Shirt - Custom Seamless Shapewear and Yoga Wear Manufacturer in China\",\"isPartOf\":{\"@id\":\"https:\\\/\\\/www.okseamless.com\\\/pt\\\/#website\"},\"primaryImageOfPage\":{\"@id\":\"https:\\\/\\\/okseamless.com\\\/product\\\/wear-as-outerwear-tight-bodysuit-open-crotch-seamless-bottom-arm-and-waist-tight-bodysuit\\\/#primaryimage\"},\"image\":{\"@id\":\"https:\\\/\\\/okseamless.com\\\/product\\\/wear-as-outerwear-tight-bodysuit-open-crotch-seamless-bottom-arm-and-waist-tight-bodysuit\\\/#primaryimage\"},\"thumbnailUrl\":\"https:\\\/\\\/okseamless.com\\\/wp-content\\\/uploads\\\/2025\\\/04\\\/O1CN01l8WjkK28oRBpmuVhw_2218375007979-0-cib.jpg_.jpg\",\"datePublished\":\"2025-04-08T02:12:04+00:00\",\"dateModified\":\"2025-04-12T07:19:42+00:00\",\"breadcrumb\":{\"@id\":\"https:\\\/\\\/okseamless.com\\\/product\\\/wear-as-outerwear-tight-bodysuit-open-crotch-seamless-bottom-arm-and-waist-tight-bodysuit\\\/#breadcrumb\"},\"inLanguage\":\"es\",\"potentialAction\":[{\"@type\":\"ReadAction\",\"target\":[\"https:\\\/\\\/okseamless.com\\\/product\\\/wear-as-outerwear-tight-bodysuit-open-crotch-seamless-bottom-arm-and-waist-tight-bodysuit\\\/\"]}]},{\"@type\":\"ImageObject\",\"inLanguage\":\"es\",\"@id\":\"https:\\\/\\\/okseamless.com\\\/product\\\/wear-as-outerwear-tight-bodysuit-open-crotch-seamless-bottom-arm-and-waist-tight-bodysuit\\\/#primaryimage\",\"url\":\"https:\\\/\\\/okseamless.com\\\/wp-content\\\/uploads\\\/2025\\\/04\\\/O1CN01l8WjkK28oRBpmuVhw_2218375007979-0-cib.jpg_.jpg\",\"contentUrl\":\"https:\\\/\\\/okseamless.com\\\/wp-content\\\/uploads\\\/2025\\\/04\\\/O1CN01l8WjkK28oRBpmuVhw_2218375007979-0-cib.jpg_.jpg\",\"width\":1334,\"height\":1334},{\"@type\":\"BreadcrumbList\",\"@id\":\"https:\\\/\\\/okseamless.com\\\/product\\\/wear-as-outerwear-tight-bodysuit-open-crotch-seamless-bottom-arm-and-waist-tight-bodysuit\\\/#breadcrumb\",\"itemListElement\":[{\"@type\":\"ListItem\",\"position\":1,\"name\":\"\u9996\u9875\",\"item\":\"https:\\\/\\\/okseamless.com\\\/\"},{\"@type\":\"ListItem\",\"position\":2,\"name\":\"Produtos\",\"item\":\"https:\\\/\\\/www.okseamless.com\\\/pt\\\/shop\\\/\"},{\"@type\":\"ListItem\",\"position\":3,\"name\":\"Women&#8217;s Casual Slim Fit Long Sleeve High Waist Bodysuit Solid Color High Neck Bottom Shirt\"}]},{\"@type\":\"WebSite\",\"@id\":\"https:\\\/\\\/www.okseamless.com\\\/pt\\\/#website\",\"url\":\"https:\\\/\\\/www.okseamless.com\\\/pt\\\/\",\"name\":\"Custom Seamless Shapewear and Yoga Wear Manufacturer in China\",\"description\":\"\",\"publisher\":{\"@id\":\"https:\\\/\\\/www.okseamless.com\\\/pt\\\/#organization\"},\"potentialAction\":[{\"@type\":\"SearchAction\",\"target\":{\"@type\":\"EntryPoint\",\"urlTemplate\":\"https:\\\/\\\/www.okseamless.com\\\/pt\\\/?s={search_term_string}\"},\"query-input\":{\"@type\":\"PropertyValueSpecification\",\"valueRequired\":true,\"valueName\":\"search_term_string\"}}],\"inLanguage\":\"es\"},{\"@type\":\"Organization\",\"@id\":\"https:\\\/\\\/www.okseamless.com\\\/pt\\\/#organization\",\"name\":\"Custom Seamless Shapewear and Yoga Wear Manufacturer in China\",\"url\":\"https:\\\/\\\/www.okseamless.com\\\/pt\\\/\",\"logo\":{\"@type\":\"ImageObject\",\"inLanguage\":\"es\",\"@id\":\"https:\\\/\\\/www.okseamless.com\\\/pt\\\/#\\\/schema\\\/logo\\\/image\\\/\",\"url\":\"https:\\\/\\\/okseamless.com\\\/wp-content\\\/uploads\\\/2025\\\/03\\\/LOGO.png\",\"contentUrl\":\"https:\\\/\\\/okseamless.com\\\/wp-content\\\/uploads\\\/2025\\\/03\\\/LOGO.png\",\"width\":685,\"height\":218,\"caption\":\"Custom Seamless Shapewear and Yoga Wear Manufacturer in China\"},\"image\":{\"@id\":\"https:\\\/\\\/www.okseamless.com\\\/pt\\\/#\\\/schema\\\/logo\\\/image\\\/\"},\"sameAs\":[\"https:\\\/\\\/www.facebook.com\\\/share\\\/1TH24JnBgY\\\/?mibextid=wwXIfr\"]}]}<\/script>\n<!-- \/ Yoast SEO plugin. -->","yoast_head_json":{"title":"Women's Casual Slim Fit Long Sleeve High Waist Bodysuit Solid Color High Neck Bottom Shirt - Custom Seamless Shapewear and Yoga Wear Manufacturer in China","robots":{"index":"index","follow":"follow","max-snippet":"max-snippet:-1","max-image-preview":"max-image-preview:large","max-video-preview":"max-video-preview:-1"},"canonical":"https:\/\/okseamless.com\/es\/producto\/wear-as-outerwear-tight-bodysuit-open-crotch-seamless-bottom-arm-and-waist-tight-bodysuit\/","og_locale":"es_ES","og_type":"article","og_title":"Women's Casual Slim Fit Long Sleeve High Waist Bodysuit Solid Color High Neck Bottom Shirt - Custom Seamless Shapewear and Yoga Wear Manufacturer in China","og_description":"Model No:CY023  Comfortable women Bodysuits Shapewear   High Neck &amp; Long Sleeve Design  Comfortable and breathable fabrics  Lift &amp; shape buttocks  Shape the C-curve between waistand hips  Tummy Control Bodysuits Tops   Providing super compression on tummy,andreducing waistline instantly  Tighten your bottom and give it a nice butt lt will accentuate all the curves giving\u00a0you a sexy look.  The turtleneck protect your neckprevent dry stripe on neck and makes you warm.  Long-sleeve design keeps youwarm in cold weather, makes you less getting cold.  Ingredients: Polyester fiber (polyester) 50% (inclusive) - 70% (exclusive)","og_url":"https:\/\/okseamless.com\/es\/producto\/wear-as-outerwear-tight-bodysuit-open-crotch-seamless-bottom-arm-and-waist-tight-bodysuit\/","og_site_name":"Custom Seamless Shapewear and Yoga Wear Manufacturer in China","article_publisher":"https:\/\/www.facebook.com\/share\/1TH24JnBgY\/?mibextid=wwXIfr","article_modified_time":"2025-04-12T07:19:42+00:00","og_image":[{"width":1334,"height":1334,"url":"https:\/\/okseamless.com\/wp-content\/uploads\/2025\/04\/O1CN01l8WjkK28oRBpmuVhw_2218375007979-0-cib.jpg_.jpg","type":"image\/jpeg"}],"twitter_card":"summary_large_image","twitter_misc":{"Tiempo de lectura":"1 minuto"},"schema":{"@context":"https:\/\/schema.org","@graph":[{"@type":"WebPage","@id":"https:\/\/okseamless.com\/product\/wear-as-outerwear-tight-bodysuit-open-crotch-seamless-bottom-arm-and-waist-tight-bodysuit\/","url":"https:\/\/okseamless.com\/product\/wear-as-outerwear-tight-bodysuit-open-crotch-seamless-bottom-arm-and-waist-tight-bodysuit\/","name":"Women's Casual Slim Fit Long Sleeve High Waist Bodysuit Solid Color High Neck Bottom Shirt - Custom Seamless Shapewear and Yoga Wear Manufacturer in China","isPartOf":{"@id":"https:\/\/www.okseamless.com\/pt\/#website"},"primaryImageOfPage":{"@id":"https:\/\/okseamless.com\/product\/wear-as-outerwear-tight-bodysuit-open-crotch-seamless-bottom-arm-and-waist-tight-bodysuit\/#primaryimage"},"image":{"@id":"https:\/\/okseamless.com\/product\/wear-as-outerwear-tight-bodysuit-open-crotch-seamless-bottom-arm-and-waist-tight-bodysuit\/#primaryimage"},"thumbnailUrl":"https:\/\/okseamless.com\/wp-content\/uploads\/2025\/04\/O1CN01l8WjkK28oRBpmuVhw_2218375007979-0-cib.jpg_.jpg","datePublished":"2025-04-08T02:12:04+00:00","dateModified":"2025-04-12T07:19:42+00:00","breadcrumb":{"@id":"https:\/\/okseamless.com\/product\/wear-as-outerwear-tight-bodysuit-open-crotch-seamless-bottom-arm-and-waist-tight-bodysuit\/#breadcrumb"},"inLanguage":"es","potentialAction":[{"@type":"ReadAction","target":["https:\/\/okseamless.com\/product\/wear-as-outerwear-tight-bodysuit-open-crotch-seamless-bottom-arm-and-waist-tight-bodysuit\/"]}]},{"@type":"ImageObject","inLanguage":"es","@id":"https:\/\/okseamless.com\/product\/wear-as-outerwear-tight-bodysuit-open-crotch-seamless-bottom-arm-and-waist-tight-bodysuit\/#primaryimage","url":"https:\/\/okseamless.com\/wp-content\/uploads\/2025\/04\/O1CN01l8WjkK28oRBpmuVhw_2218375007979-0-cib.jpg_.jpg","contentUrl":"https:\/\/okseamless.com\/wp-content\/uploads\/2025\/04\/O1CN01l8WjkK28oRBpmuVhw_2218375007979-0-cib.jpg_.jpg","width":1334,"height":1334},{"@type":"BreadcrumbList","@id":"https:\/\/okseamless.com\/product\/wear-as-outerwear-tight-bodysuit-open-crotch-seamless-bottom-arm-and-waist-tight-bodysuit\/#breadcrumb","itemListElement":[{"@type":"ListItem","position":1,"name":"\u9996\u9875","item":"https:\/\/okseamless.com\/"},{"@type":"ListItem","position":2,"name":"Produtos","item":"https:\/\/www.okseamless.com\/pt\/shop\/"},{"@type":"ListItem","position":3,"name":"Women&#8217;s Casual Slim Fit Long Sleeve High Waist Bodysuit Solid Color High Neck Bottom Shirt"}]},{"@type":"WebSite","@id":"https:\/\/www.okseamless.com\/pt\/#website","url":"https:\/\/www.okseamless.com\/pt\/","name":"Custom Seamless Shapewear and Yoga Wear Manufacturer in China","description":"","publisher":{"@id":"https:\/\/www.okseamless.com\/pt\/#organization"},"potentialAction":[{"@type":"SearchAction","target":{"@type":"EntryPoint","urlTemplate":"https:\/\/www.okseamless.com\/pt\/?s={search_term_string}"},"query-input":{"@type":"PropertyValueSpecification","valueRequired":true,"valueName":"search_term_string"}}],"inLanguage":"es"},{"@type":"Organization","@id":"https:\/\/www.okseamless.com\/pt\/#organization","name":"Custom Seamless Shapewear and Yoga Wear Manufacturer in China","url":"https:\/\/www.okseamless.com\/pt\/","logo":{"@type":"ImageObject","inLanguage":"es","@id":"https:\/\/www.okseamless.com\/pt\/#\/schema\/logo\/image\/","url":"https:\/\/okseamless.com\/wp-content\/uploads\/2025\/03\/LOGO.png","contentUrl":"https:\/\/okseamless.com\/wp-content\/uploads\/2025\/03\/LOGO.png","width":685,"height":218,"caption":"Custom Seamless Shapewear and Yoga Wear Manufacturer in China"},"image":{"@id":"https:\/\/www.okseamless.com\/pt\/#\/schema\/logo\/image\/"},"sameAs":["https:\/\/www.facebook.com\/share\/1TH24JnBgY\/?mibextid=wwXIfr"]}]}},"_links":{"self":[{"href":"https:\/\/okseamless.com\/es\/wp-json\/wp\/v2\/product\/1442","targetHints":{"allow":["GET"]}}],"collection":[{"href":"https:\/\/okseamless.com\/es\/wp-json\/wp\/v2\/product"}],"about":[{"href":"https:\/\/okseamless.com\/es\/wp-json\/wp\/v2\/types\/product"}],"wp:featuredmedia":[{"embeddable":true,"href":"https:\/\/okseamless.com\/es\/wp-json\/wp\/v2\/media\/1445"}],"wp:attachment":[{"href":"https:\/\/okseamless.com\/es\/wp-json\/wp\/v2\/media?parent=1442"}],"wp:term":[{"taxonomy":"product_brand","embeddable":true,"href":"https:\/\/okseamless.com\/es\/wp-json\/wp\/v2\/product_brand?post=1442"},{"taxonomy":"product_cat","embeddable":true,"href":"https:\/\/okseamless.com\/es\/wp-json\/wp\/v2\/product_cat?post=1442"},{"taxonomy":"product_tag","embeddable":true,"href":"https:\/\/okseamless.com\/es\/wp-json\/wp\/v2\/product_tag?post=1442"}],"curies":[{"name":"wp","href":"https:\/\/api.w.org\/{rel}","templated":true}]}}