{"id":7517,"date":"2025-08-16T01:44:28","date_gmt":"2025-08-16T01:44:28","guid":{"rendered":"https:\/\/okseamless.com\/?post_type=product&#038;p=7517"},"modified":"2025-08-16T01:44:28","modified_gmt":"2025-08-16T01:44:28","slug":"women-tummy-control-shapewear-tank-tops-pleated-bustier-sweetheart-compression-tank-tops-body-shaper-camisole","status":"publish","type":"product","link":"https:\/\/okseamless.com\/de\/produkt\/women-tummy-control-shapewear-tank-tops-pleated-bustier-sweetheart-compression-tank-tops-body-shaper-camisole\/","title":{"rendered":"Women Tummy Control Shapewear Tank Tops Pleated Bustier Sweetheart Compression Tank Tops Body Shaper Camisole"},"content":{"rendered":"","protected":false},"excerpt":{"rendered":"<p>Model NO\uff1aAM054<\/p>\n<p><strong><b>Merkmal<\/b><\/strong><\/p>\n<ul>\n<li>Anti-bakteriell, nahtlos, schnell trocknend, umweltfreundlich, atmungsaktiv<\/li>\n<li>Strickmethode: Stricken<\/li>\n<li>Dienstleistung: ODM-OEM-Service<\/li>\n<li>Logo: individueller Logodruck<\/li>\n<li>Farbe: benutzerdefinierte Farbe<\/li>\n<li>Gr\u00f6\u00dfe: benutzerdefinierte Gr\u00f6\u00dfe<\/li>\n<li>Muster: Muster verf\u00fcgbar<\/li>\n<\/ul>\n<p><strong><b>Material:<\/b><\/strong><strong><b>\u00a0<\/b><\/strong>90% polyamide 10% elastane<\/p>","protected":false},"featured_media":7522,"template":"","meta":[],"product_brand":[],"product_cat":[35],"product_tag":[],"class_list":{"0":"post-7517","1":"product","2":"type-product","3":"status-publish","4":"has-post-thumbnail","6":"product_cat-womens-tops","8":"first","9":"instock","10":"shipping-taxable","11":"product-type-simple"},"yoast_head":"<!-- This site is optimized with the Yoast SEO plugin v27.4 - https:\/\/yoast.com\/product\/yoast-seo-wordpress\/ -->\n<title>Women Tummy Control Shapewear Tank Tops Pleated Bustier Sweetheart Compression Tank Tops Body Shaper Camisole - Custom Seamless Shapewear and Yoga Wear Manufacturer in China<\/title>\n<meta name=\"robots\" content=\"index, follow, max-snippet:-1, max-image-preview:large, max-video-preview:-1\" \/>\n<link rel=\"canonical\" href=\"https:\/\/okseamless.com\/de\/produkt\/women-tummy-control-shapewear-tank-tops-pleated-bustier-sweetheart-compression-tank-tops-body-shaper-camisole\/\" \/>\n<meta property=\"og:locale\" content=\"de_DE\" \/>\n<meta property=\"og:type\" content=\"article\" \/>\n<meta property=\"og:title\" content=\"Women Tummy Control Shapewear Tank Tops Pleated Bustier Sweetheart Compression Tank Tops Body Shaper Camisole - Custom Seamless Shapewear and Yoga Wear Manufacturer in China\" \/>\n<meta property=\"og:description\" content=\"Model NO\uff1aAM054  Feature   Anti-Bacterial, seamless, Quick Dry, Eco-Friendly, Breathable  Knitting method: knitting  Service: ODM OEM service  Logo: custom logo printing  Color: custom color  Size: custom size  Samples: samples available  Material:\u00a090% polyamide 10% elastane\" \/>\n<meta property=\"og:url\" content=\"https:\/\/okseamless.com\/de\/produkt\/women-tummy-control-shapewear-tank-tops-pleated-bustier-sweetheart-compression-tank-tops-body-shaper-camisole\/\" \/>\n<meta property=\"og:site_name\" content=\"Custom Seamless Shapewear and Yoga Wear Manufacturer in China\" \/>\n<meta property=\"article:publisher\" content=\"https:\/\/www.facebook.com\/share\/1TH24JnBgY\/?mibextid=wwXIfr\" \/>\n<meta property=\"og:image\" content=\"https:\/\/okseamless.com\/wp-content\/uploads\/2025\/08\/51uczf9kXVL.jpg\" \/>\n\t<meta property=\"og:image:width\" content=\"375\" \/>\n\t<meta property=\"og:image:height\" content=\"375\" \/>\n\t<meta property=\"og:image:type\" content=\"image\/jpeg\" \/>\n<meta name=\"twitter:card\" content=\"summary_large_image\" \/>\n<meta name=\"twitter:label1\" content=\"Gesch\u00e4tzte Lesezeit\" \/>\n\t<meta name=\"twitter:data1\" content=\"1\u00a0Minute\" \/>\n<script type=\"application\/ld+json\" class=\"yoast-schema-graph\">{\"@context\":\"https:\\\/\\\/schema.org\",\"@graph\":[{\"@type\":\"WebPage\",\"@id\":\"https:\\\/\\\/okseamless.com\\\/product\\\/women-tummy-control-shapewear-tank-tops-pleated-bustier-sweetheart-compression-tank-tops-body-shaper-camisole\\\/\",\"url\":\"https:\\\/\\\/okseamless.com\\\/product\\\/women-tummy-control-shapewear-tank-tops-pleated-bustier-sweetheart-compression-tank-tops-body-shaper-camisole\\\/\",\"name\":\"Women Tummy Control Shapewear Tank Tops Pleated Bustier Sweetheart Compression Tank Tops Body Shaper Camisole - Custom Seamless Shapewear and Yoga Wear Manufacturer in China\",\"isPartOf\":{\"@id\":\"https:\\\/\\\/www.okseamless.com\\\/pt\\\/#website\"},\"primaryImageOfPage\":{\"@id\":\"https:\\\/\\\/okseamless.com\\\/product\\\/women-tummy-control-shapewear-tank-tops-pleated-bustier-sweetheart-compression-tank-tops-body-shaper-camisole\\\/#primaryimage\"},\"image\":{\"@id\":\"https:\\\/\\\/okseamless.com\\\/product\\\/women-tummy-control-shapewear-tank-tops-pleated-bustier-sweetheart-compression-tank-tops-body-shaper-camisole\\\/#primaryimage\"},\"thumbnailUrl\":\"https:\\\/\\\/okseamless.com\\\/wp-content\\\/uploads\\\/2025\\\/08\\\/51uczf9kXVL.jpg\",\"datePublished\":\"2025-08-16T01:44:28+00:00\",\"breadcrumb\":{\"@id\":\"https:\\\/\\\/okseamless.com\\\/product\\\/women-tummy-control-shapewear-tank-tops-pleated-bustier-sweetheart-compression-tank-tops-body-shaper-camisole\\\/#breadcrumb\"},\"inLanguage\":\"de\",\"potentialAction\":[{\"@type\":\"ReadAction\",\"target\":[\"https:\\\/\\\/okseamless.com\\\/product\\\/women-tummy-control-shapewear-tank-tops-pleated-bustier-sweetheart-compression-tank-tops-body-shaper-camisole\\\/\"]}]},{\"@type\":\"ImageObject\",\"inLanguage\":\"de\",\"@id\":\"https:\\\/\\\/okseamless.com\\\/product\\\/women-tummy-control-shapewear-tank-tops-pleated-bustier-sweetheart-compression-tank-tops-body-shaper-camisole\\\/#primaryimage\",\"url\":\"https:\\\/\\\/okseamless.com\\\/wp-content\\\/uploads\\\/2025\\\/08\\\/51uczf9kXVL.jpg\",\"contentUrl\":\"https:\\\/\\\/okseamless.com\\\/wp-content\\\/uploads\\\/2025\\\/08\\\/51uczf9kXVL.jpg\",\"width\":375,\"height\":375},{\"@type\":\"BreadcrumbList\",\"@id\":\"https:\\\/\\\/okseamless.com\\\/product\\\/women-tummy-control-shapewear-tank-tops-pleated-bustier-sweetheart-compression-tank-tops-body-shaper-camisole\\\/#breadcrumb\",\"itemListElement\":[{\"@type\":\"ListItem\",\"position\":1,\"name\":\"\u9996\u9875\",\"item\":\"https:\\\/\\\/okseamless.com\\\/\"},{\"@type\":\"ListItem\",\"position\":2,\"name\":\"Produtos\",\"item\":\"https:\\\/\\\/www.okseamless.com\\\/pt\\\/shop\\\/\"},{\"@type\":\"ListItem\",\"position\":3,\"name\":\"Women Tummy Control Shapewear Tank Tops Pleated Bustier Sweetheart Compression Tank Tops Body Shaper Camisole\"}]},{\"@type\":\"WebSite\",\"@id\":\"https:\\\/\\\/www.okseamless.com\\\/pt\\\/#website\",\"url\":\"https:\\\/\\\/www.okseamless.com\\\/pt\\\/\",\"name\":\"Custom Seamless Shapewear and Yoga Wear Manufacturer in China\",\"description\":\"\",\"publisher\":{\"@id\":\"https:\\\/\\\/www.okseamless.com\\\/pt\\\/#organization\"},\"potentialAction\":[{\"@type\":\"SearchAction\",\"target\":{\"@type\":\"EntryPoint\",\"urlTemplate\":\"https:\\\/\\\/www.okseamless.com\\\/pt\\\/?s={search_term_string}\"},\"query-input\":{\"@type\":\"PropertyValueSpecification\",\"valueRequired\":true,\"valueName\":\"search_term_string\"}}],\"inLanguage\":\"de\"},{\"@type\":\"Organization\",\"@id\":\"https:\\\/\\\/www.okseamless.com\\\/pt\\\/#organization\",\"name\":\"Custom Seamless Shapewear and Yoga Wear Manufacturer in China\",\"url\":\"https:\\\/\\\/www.okseamless.com\\\/pt\\\/\",\"logo\":{\"@type\":\"ImageObject\",\"inLanguage\":\"de\",\"@id\":\"https:\\\/\\\/www.okseamless.com\\\/pt\\\/#\\\/schema\\\/logo\\\/image\\\/\",\"url\":\"https:\\\/\\\/okseamless.com\\\/wp-content\\\/uploads\\\/2025\\\/03\\\/LOGO.png\",\"contentUrl\":\"https:\\\/\\\/okseamless.com\\\/wp-content\\\/uploads\\\/2025\\\/03\\\/LOGO.png\",\"width\":685,\"height\":218,\"caption\":\"Custom Seamless Shapewear and Yoga Wear Manufacturer in China\"},\"image\":{\"@id\":\"https:\\\/\\\/www.okseamless.com\\\/pt\\\/#\\\/schema\\\/logo\\\/image\\\/\"},\"sameAs\":[\"https:\\\/\\\/www.facebook.com\\\/share\\\/1TH24JnBgY\\\/?mibextid=wwXIfr\"]}]}<\/script>\n<!-- \/ Yoast SEO plugin. -->","yoast_head_json":{"title":"Women Tummy Control Shapewear Tank Tops Pleated Bustier Sweetheart Compression Tank Tops Body Shaper Camisole - Custom Seamless Shapewear and Yoga Wear Manufacturer in China","robots":{"index":"index","follow":"follow","max-snippet":"max-snippet:-1","max-image-preview":"max-image-preview:large","max-video-preview":"max-video-preview:-1"},"canonical":"https:\/\/okseamless.com\/de\/produkt\/women-tummy-control-shapewear-tank-tops-pleated-bustier-sweetheart-compression-tank-tops-body-shaper-camisole\/","og_locale":"de_DE","og_type":"article","og_title":"Women Tummy Control Shapewear Tank Tops Pleated Bustier Sweetheart Compression Tank Tops Body Shaper Camisole - Custom Seamless Shapewear and Yoga Wear Manufacturer in China","og_description":"Model NO\uff1aAM054  Feature   Anti-Bacterial, seamless, Quick Dry, Eco-Friendly, Breathable  Knitting method: knitting  Service: ODM OEM service  Logo: custom logo printing  Color: custom color  Size: custom size  Samples: samples available  Material:\u00a090% polyamide 10% elastane","og_url":"https:\/\/okseamless.com\/de\/produkt\/women-tummy-control-shapewear-tank-tops-pleated-bustier-sweetheart-compression-tank-tops-body-shaper-camisole\/","og_site_name":"Custom Seamless Shapewear and Yoga Wear Manufacturer in China","article_publisher":"https:\/\/www.facebook.com\/share\/1TH24JnBgY\/?mibextid=wwXIfr","og_image":[{"width":375,"height":375,"url":"https:\/\/okseamless.com\/wp-content\/uploads\/2025\/08\/51uczf9kXVL.jpg","type":"image\/jpeg"}],"twitter_card":"summary_large_image","twitter_misc":{"Gesch\u00e4tzte Lesezeit":"1\u00a0Minute"},"schema":{"@context":"https:\/\/schema.org","@graph":[{"@type":"WebPage","@id":"https:\/\/okseamless.com\/product\/women-tummy-control-shapewear-tank-tops-pleated-bustier-sweetheart-compression-tank-tops-body-shaper-camisole\/","url":"https:\/\/okseamless.com\/product\/women-tummy-control-shapewear-tank-tops-pleated-bustier-sweetheart-compression-tank-tops-body-shaper-camisole\/","name":"Women Tummy Control Shapewear Tank Tops Pleated Bustier Sweetheart Compression Tank Tops Body Shaper Camisole - Custom Seamless Shapewear and Yoga Wear Manufacturer in China","isPartOf":{"@id":"https:\/\/www.okseamless.com\/pt\/#website"},"primaryImageOfPage":{"@id":"https:\/\/okseamless.com\/product\/women-tummy-control-shapewear-tank-tops-pleated-bustier-sweetheart-compression-tank-tops-body-shaper-camisole\/#primaryimage"},"image":{"@id":"https:\/\/okseamless.com\/product\/women-tummy-control-shapewear-tank-tops-pleated-bustier-sweetheart-compression-tank-tops-body-shaper-camisole\/#primaryimage"},"thumbnailUrl":"https:\/\/okseamless.com\/wp-content\/uploads\/2025\/08\/51uczf9kXVL.jpg","datePublished":"2025-08-16T01:44:28+00:00","breadcrumb":{"@id":"https:\/\/okseamless.com\/product\/women-tummy-control-shapewear-tank-tops-pleated-bustier-sweetheart-compression-tank-tops-body-shaper-camisole\/#breadcrumb"},"inLanguage":"de","potentialAction":[{"@type":"ReadAction","target":["https:\/\/okseamless.com\/product\/women-tummy-control-shapewear-tank-tops-pleated-bustier-sweetheart-compression-tank-tops-body-shaper-camisole\/"]}]},{"@type":"ImageObject","inLanguage":"de","@id":"https:\/\/okseamless.com\/product\/women-tummy-control-shapewear-tank-tops-pleated-bustier-sweetheart-compression-tank-tops-body-shaper-camisole\/#primaryimage","url":"https:\/\/okseamless.com\/wp-content\/uploads\/2025\/08\/51uczf9kXVL.jpg","contentUrl":"https:\/\/okseamless.com\/wp-content\/uploads\/2025\/08\/51uczf9kXVL.jpg","width":375,"height":375},{"@type":"BreadcrumbList","@id":"https:\/\/okseamless.com\/product\/women-tummy-control-shapewear-tank-tops-pleated-bustier-sweetheart-compression-tank-tops-body-shaper-camisole\/#breadcrumb","itemListElement":[{"@type":"ListItem","position":1,"name":"\u9996\u9875","item":"https:\/\/okseamless.com\/"},{"@type":"ListItem","position":2,"name":"Produtos","item":"https:\/\/www.okseamless.com\/pt\/shop\/"},{"@type":"ListItem","position":3,"name":"Women Tummy Control Shapewear Tank Tops Pleated Bustier Sweetheart Compression Tank Tops Body Shaper Camisole"}]},{"@type":"WebSite","@id":"https:\/\/www.okseamless.com\/pt\/#website","url":"https:\/\/www.okseamless.com\/pt\/","name":"Custom Seamless Shapewear and Yoga Wear Manufacturer in China","description":"","publisher":{"@id":"https:\/\/www.okseamless.com\/pt\/#organization"},"potentialAction":[{"@type":"SearchAction","target":{"@type":"EntryPoint","urlTemplate":"https:\/\/www.okseamless.com\/pt\/?s={search_term_string}"},"query-input":{"@type":"PropertyValueSpecification","valueRequired":true,"valueName":"search_term_string"}}],"inLanguage":"de"},{"@type":"Organization","@id":"https:\/\/www.okseamless.com\/pt\/#organization","name":"Custom Seamless Shapewear and Yoga Wear Manufacturer in China","url":"https:\/\/www.okseamless.com\/pt\/","logo":{"@type":"ImageObject","inLanguage":"de","@id":"https:\/\/www.okseamless.com\/pt\/#\/schema\/logo\/image\/","url":"https:\/\/okseamless.com\/wp-content\/uploads\/2025\/03\/LOGO.png","contentUrl":"https:\/\/okseamless.com\/wp-content\/uploads\/2025\/03\/LOGO.png","width":685,"height":218,"caption":"Custom Seamless Shapewear and Yoga Wear Manufacturer in China"},"image":{"@id":"https:\/\/www.okseamless.com\/pt\/#\/schema\/logo\/image\/"},"sameAs":["https:\/\/www.facebook.com\/share\/1TH24JnBgY\/?mibextid=wwXIfr"]}]}},"_links":{"self":[{"href":"https:\/\/okseamless.com\/de\/wp-json\/wp\/v2\/product\/7517","targetHints":{"allow":["GET"]}}],"collection":[{"href":"https:\/\/okseamless.com\/de\/wp-json\/wp\/v2\/product"}],"about":[{"href":"https:\/\/okseamless.com\/de\/wp-json\/wp\/v2\/types\/product"}],"wp:featuredmedia":[{"embeddable":true,"href":"https:\/\/okseamless.com\/de\/wp-json\/wp\/v2\/media\/7522"}],"wp:attachment":[{"href":"https:\/\/okseamless.com\/de\/wp-json\/wp\/v2\/media?parent=7517"}],"wp:term":[{"taxonomy":"product_brand","embeddable":true,"href":"https:\/\/okseamless.com\/de\/wp-json\/wp\/v2\/product_brand?post=7517"},{"taxonomy":"product_cat","embeddable":true,"href":"https:\/\/okseamless.com\/de\/wp-json\/wp\/v2\/product_cat?post=7517"},{"taxonomy":"product_tag","embeddable":true,"href":"https:\/\/okseamless.com\/de\/wp-json\/wp\/v2\/product_tag?post=7517"}],"curies":[{"name":"wp","href":"https:\/\/api.w.org\/{rel}","templated":true}]}}